{"id":218,"date":"2025-11-18T08:42:09","date_gmt":"2025-11-18T08:42:09","guid":{"rendered":"https:\/\/agricultural-baler.com\/?post_type=product&#038;p=218"},"modified":"2025-11-20T03:34:47","modified_gmt":"2025-11-20T03:34:47","slug":"agricultural-round-baler-9yg-2-24d-s9000-beyond-version","status":"publish","type":"product","link":"https:\/\/agricultural-baler.com\/zh\/product\/\u519c\u4e1a\u5706\u6346\u6253\u6346\u673a-9yg-2-24d-s9000-\u5347\u7ea7\u7248\/","title":{"rendered":"\u519c\u4e1a\u5706\u6346\u6253\u6346\u673a \u2013 9YG-2.24D S9000 \u5347\u7ea7\u7248"},"content":{"rendered":"<h2><strong>\u4ea7\u54c1\u4eae\u70b9<\/strong><\/h2>\n<ol>\n<li><strong>\u5feb\u901f\u63a5\u5934<\/strong>: \u5c06\u6253\u6346\u673a\u8fde\u63a5\u5230\u62d6\u62c9\u673a\u65f6\uff0c\u6c34\u5e73\u7275\u5f15\u6746\u53ef\u4ee5\u7075\u6d3b\u5730\u4e0a\u4e0b\u65cb\u8f6c\uff0c\u4f7f\u62d6\u62c9\u673a\u7684\u6302\u94a9\u9500\u80fd\u591f\u5e73\u7a33\u5730\u4e0e\u8fde\u63a5\u70b9\u63a5\u5408\u3002<\/li>\n<li><strong>\u51cf\u5c0f\u8f6c\u5f2f\u534a\u5f84<\/strong>\u53cc\u53d8\u901f\u7bb1\u53ef\u5de6\u53f3\u65cb\u8f6c 90 \u5ea6\uff0c\u663e\u8457\u63d0\u5347\u7530\u95f4\u8f6c\u5f2f\u548c\u7275\u5f15\u6253\u6346\u673a\u65f6\u7684\u65b9\u5411\u53d8\u6362\u64cd\u63a7\u6027\u3002\u8f6c\u5f2f\u65f6\u65e0\u9700\u65ad\u5f00\u52a8\u529b\uff0c\u64cd\u4f5c\u66f4\u52a0\u4fbf\u6377\uff0c\u51cf\u8f7b\u64cd\u4f5c\u5458\u75b2\u52b3\u3002\u6b64\u5916\uff0c\u901a\u8fc7\u53d8\u901f\u7bb1\u7684\u52a8\u529b\u4f20\u8f93\u4e5f\u63d0\u9ad8\u4e86\u6574\u4f53\u6548\u7387\u3002<\/li>\n<li><strong>\u9ad8\u7a33\u5b9a\u6027\u548c\u8010\u4e45\u6027<\/strong>\u53cc\u9f7f\u8f6e\u7bb1\u4e0e\u7275\u5f15\u67b6\u521a\u6027\u8fde\u63a5\uff0c\u63d0\u4f9b\u4e86\u5353\u8d8a\u7684\u7ed3\u6784\u7a33\u5b9a\u6027\u3002\u8fd9\u79cd\u8bbe\u8ba1\u53ef\u9632\u6b62\u5728\u4e0d\u5e73\u5766\u5730\u5f62\u4e0a\u884c\u9a76\u65f6\uff0c\u56e0\u626d\u8f6c\u5e94\u529b\u800c\u5bf9\u7275\u5f15\u6746\u6216\u4f20\u52a8\u8f74\u9020\u6210\u635f\u574f\u3002<\/li>\n<\/ol>\n<h3><strong data-spm-anchor-id=\"5176.28103460.0.i562.bc984fa5rlZb1k\">\u6280\u672f\u89c4\u683c<\/strong><\/h3>\n<div style=\"overflow-x: auto;\">\n<table style=\"max-width: 100%; overflow-x: auto;\" border=\"1\">\n<thead>\n<tr>\n<th>\u4e0d\u3002<\/th>\n<th>\u7269\u54c1<\/th>\n<th>\u5355\u5143<\/th>\n<th>\u89c4\u683c<\/th>\n<\/tr>\n<\/thead>\n<tbody>\n<tr>\n<td>1<\/td>\n<td>\u578b\u53f7\u540d\u79f0<\/td>\n<td>\/<\/td>\n<td>9YG-2.24D \u5706\u6346\u6253\u6346\u673a\uff08S9000 Beyond\uff09<\/td>\n<\/tr>\n<tr>\n<td>2<\/td>\n<td>\u6302\u94a9\u7c7b\u578b<\/td>\n<td>\/<\/td>\n<td>\u62d6\u62c9\u673a\u7275\u5f15\u6746\uff08\u7275\u5f15\u5f0f\uff09<\/td>\n<\/tr>\n<tr>\n<td>3<\/td>\n<td>\u62fe\u97f3\u5668\u5bbd\u5ea6<\/td>\n<td>\u6beb\u7c73<\/td>\n<td>2240<\/td>\n<\/tr>\n<tr>\n<td>4<\/td>\n<td>\u62fe\u97f3\u5668\u7ed3\u6784\u7c7b\u578b<\/td>\n<td>\/<\/td>\n<td>\u5f39\u7c27\u9f7f\u578b<\/td>\n<\/tr>\n<tr>\n<td>5<\/td>\n<td>\u8fdb\u7ed9\u673a\u6784\u7c7b\u578b<\/td>\n<td>\/<\/td>\n<td>\u68b3\u5b50+\u6eda\u8f6e\u5f0f<\/td>\n<\/tr>\n<tr>\n<td>6<\/td>\n<td>\u538b\u7f29\u5ba4\u6253\u5305\u673a\u6784<\/td>\n<td>\/<\/td>\n<td>\u6eda\u8f6e\u5f0f<\/td>\n<\/tr>\n<tr>\n<td>7<\/td>\n<td>\u538b\u7f29\u5ba4\u5bbd\u5ea6<\/td>\n<td>\u6beb\u7c73<\/td>\n<td>1400<\/td>\n<\/tr>\n<tr>\n<td>8<\/td>\n<td>\u538b\u7f29\u5ba4\u76f4\u5f84<\/td>\n<td>\u6beb\u7c73<\/td>\n<td>\u03a61200<\/td>\n<\/tr>\n<tr>\n<td>9<\/td>\n<td>\u538b\u5b9e\u90e8\u4ef6\u6570\u91cf<\/td>\n<td>\u4ef6<\/td>\n<td>18\uff08\u6eda\u8f74\uff09<\/td>\n<\/tr>\n<tr>\n<td>10<\/td>\n<td>\u538b\u5b9e\u8f8a\u76f4\u5f84<\/td>\n<td>\u6beb\u7c73<\/td>\n<td>\u03a6222<\/td>\n<\/tr>\n<tr>\n<td>11<\/td>\n<td>\u6253\u5305\u65b9\u6cd5<\/td>\n<td>\/<\/td>\n<td>\u7f51\u72b6\u5305\u88c5<\/td>\n<\/tr>\n<tr>\n<td>12<\/td>\n<td>\u6240\u9700\u529f\u7387<\/td>\n<td>\u5343\u74e6<\/td>\n<td>55\u2013100<\/td>\n<\/tr>\n<tr>\n<td>13<\/td>\n<td>\u673a\u5668\u91cd\u91cf<\/td>\n<td>\u516c\u65a4<\/td>\n<td>4570<\/td>\n<\/tr>\n<tr>\n<td>14<\/td>\n<td>PTO\u8f74\u8f6c\u901f<\/td>\n<td>\u8f6c\/\u5206\u949f<\/td>\n<td>720<\/td>\n<\/tr>\n<tr>\n<td>15<\/td>\n<td>\u6574\u4f53\u5c3a\u5bf8\uff08\u957f\u00d7\u5bbd\u00d7\u9ad8\uff09<\/td>\n<td>\u6beb\u7c73<\/td>\n<td>4600 \u00d7 3010 \u00d7 2370\uff08\u8fd0\u884c\u4e2d\uff09<\/td>\n<\/tr>\n<tr>\n<td>16<\/td>\n<td>\u6346\u5305\u5bc6\u5ea6\u63a7\u5236<\/td>\n<td>\/<\/td>\n<td>\u4f20\u611f\u5668\u63a7\u5236<\/td>\n<\/tr>\n<tr>\n<td>17<\/td>\n<td>\u6346\u5305\u5c3a\u5bf8\uff08\u76f4\u5f84\u00d7\u5bbd\u5ea6\uff09<\/td>\n<td>\u6beb\u7c73<\/td>\n<td>\u03a61300 \u00d7 1400<\/td>\n<\/tr>\n<tr>\n<td>18<\/td>\n<td>\u6346\u5305\u5bc6\u5ea6<\/td>\n<td>kg\/m\u00b3<\/td>\n<td>100\u2013200<\/td>\n<\/tr>\n<tr>\n<td>19<\/td>\n<td>\u751f\u4ea7\u7387<\/td>\n<td>\u6bcf\u5c0f\u65f6\u6346\u6570<\/td>\n<td>40\u2013100<\/td>\n<\/tr>\n<tr>\n<td>20<\/td>\n<td>\u8f74\u8ddd<\/td>\n<td>\u6beb\u7c73<\/td>\n<td>2600<\/td>\n<\/tr>\n<tr>\n<td>21<\/td>\n<td>\u8fd0\u884c\u901f\u5ea6<\/td>\n<td>\u516c\u91cc\/\u5c0f\u65f6<\/td>\n<td>5\u201335<\/td>\n<\/tr>\n<tr>\n<td>22<\/td>\n<td>\u7f51\u72b6\u5305\u88f9\u5c3a\u5bf8\uff08\u957f\u00d7\u5bbd\uff09<\/td>\n<td>\/<\/td>\n<td>\u6bcf\u5305\u5c3a\u5bf8\uff1a2000 \u00d7 1.4 \u7c73<\/td>\n<\/tr>\n<\/tbody>\n<\/table>\n<\/div>\n<h2><strong>\u5173\u952e\u521b\u65b0<\/strong><\/h2>\n<p><img loading=\"lazy\" decoding=\"async\" class=\"aligncenter wp-image-220 size-full\" src=\"https:\/\/agricultural-baler.com\/wp-content\/uploads\/2025\/11\/0-9YG-2.24D-baler-2.webp\" alt=\"9YG-2.24D\u578b\u6253\u6346\u673a \" width=\"853\" height=\"718\" srcset=\"https:\/\/agricultural-baler.com\/wp-content\/uploads\/2025\/11\/0-9YG-2.24D-baler-2.webp 853w, https:\/\/agricultural-baler.com\/wp-content\/uploads\/2025\/11\/0-9YG-2.24D-baler-2-480x404.webp 480w\" sizes=\"auto, (min-width: 0px) and (max-width: 480px) 480px, (min-width: 481px) 853px, 100vw\" \/><\/p>\n<h3>S9000\u667a\u80fd\u63a7\u5236\u7cfb\u7edf<\/h3>\n<ul>\n<li>\u89e6\u6478\u5c4f\u4eba\u673a\u754c\u9762\uff1a\u63d0\u4f9b\u76f4\u89c2\u7684\u64cd\u4f5c\u4f53\u9a8c\uff0c\u663e\u793a\u5b9e\u65f6\u8fd0\u884c\u72b6\u6001\u3001\u6346\u5305\u6570\u91cf\u548c\u6545\u969c\u4ee3\u7801\uff0c\u786e\u4fdd\u8fd0\u884c\u900f\u660e\u548c\u6613\u4e8e\u7ef4\u62a4\u3002<\/li>\n<li>\u5bc6\u5ea6\u9884\u8bbe\u548c\u81ea\u52a8\u8bb0\u5fc6\u529f\u80fd\uff1a\u652f\u6301\u4e09\u79cd\u5bc6\u5ea6\u9884\u8bbe\u9009\u9879\uff08\u8f6f\/\u4e2d\/\u786c\uff09\uff0c\u4ee5\u6ee1\u8db3\u4e0d\u540c\u4f5c\u7269\u7684\u9700\u6c42\u3002\u7cfb\u7edf\u5177\u6709\u81ea\u52a8\u8bb0\u5fc6\u529f\u80fd\uff0c\u53ef\u8bb0\u4f4f\u7528\u6237\u504f\u597d\u8bbe\u7f6e\uff0c\u7b80\u5316\u64cd\u4f5c\u6d41\u7a0b\u3002<\/li>\n<\/ul>\n<h3>\u589e\u5f3a\u578b\u62fe\u53d6\u7cfb\u7edf<\/h3>\n<ul>\n<li>\u52a0\u5f3a\u9f7f+\u9632\u7f20\u7ed5\u8f8a\uff1a\u91c7\u7528\u7279\u6b8a\u8bbe\u8ba1\u7684\u9f7f\u548c\u9632\u7f20\u7ed5\u8f8a\uff0c\u6709\u6548\u5e94\u5bf9\u6f6e\u6e7f\u548c\u9ad8\u4ea7\u4f5c\u7269\u7684\u6311\u6218\uff0c\u63d0\u9ad8\u5de5\u4f5c\u6548\u7387\u3002<\/li>\n<li>\u53ef\u8c03\u8282\u76ae\u5361\u8f66\u79bb\u5730\u95f4\u9699\uff1a\u6839\u636e\u4e0d\u540c\u7684\u5730\u5f62\u6761\u4ef6\u8c03\u8282\u76ae\u5361\u8f66\u7684\u9ad8\u5ea6\uff0c\u4ee5\u9002\u5e94\u4e0d\u540c\u7684\u5de5\u4f5c\u73af\u5883\uff0c\u786e\u4fdd\u8fde\u7eed\u7a33\u5b9a\u7684\u8fd0\u884c\u3002<\/li>\n<\/ul>\n<h3>\u8d85\u8d8a\u7248\u672c\u4f20\u8f93\u589e\u5f3a<\/h3>\n<ul>\n<li>\u5347\u7ea7\u7248\u53cc\u9f7f\u8f6e\u7bb1\uff1a\u91c7\u7528 90\u00b0 \u65cb\u8f6c\u8bbe\u8ba1\uff0c\u5b9e\u73b0\u5168\u5bc6\u5c01\u6da6\u6ed1\uff0c\u63d0\u9ad8\u673a\u68b0\u6548\u7387\u548c\u8010\u7528\u6027\u3002<\/li>\n<li>\u91cd\u578b\u4e07\u5411\u8282 + \u8fc7\u8f7d\u4fdd\u62a4\u526a\u5207\u87ba\u6813\uff1a\u914d\u5907\u66f4\u575a\u56fa\u7684\u4e07\u5411\u8282\u548c\u8fc7\u8f7d\u4fdd\u62a4\u526a\u5207\u87ba\u6813\uff0c\u4ee5\u9632\u6b62\u673a\u68b0\u635f\u574f\uff0c\u63d0\u9ad8\u7cfb\u7edf\u53ef\u9760\u6027\u548c\u5b89\u5168\u6027\u3002<\/li>\n<\/ul>\n<h3>\u5feb\u901f\u7ef4\u62a4\u8bbe\u8ba1<\/h3>\n<ul>\n<li>\u6a21\u5757\u5316\u6253\u7ed3\u5668\uff1a\u6a21\u5757\u5316\u8bbe\u8ba1\u53ef\u5728 5 \u5206\u949f\u5185\u66f4\u6362\u5200\u7247\uff0c\u4ece\u800c\u663e\u8457\u51cf\u5c11\u505c\u673a\u65f6\u95f4\u3002<\/li>\n<li>\u6613\u635f\u4ef6\u96c6\u4e2d\u5e03\u5c40\uff1a\u6613\u635f\u4ef6\u96c6\u4e2d\u5e03\u7f6e\uff0c\u4fbf\u4e8e\u68c0\u4fee\uff0c\u4f18\u5316\u7ef4\u62a4\u6d41\u7a0b\uff0c\u63d0\u9ad8\u7ef4\u62a4\u6548\u7387\u9ad8\u8fbe 40%\uff0c\u51cf\u5c11\u7ef4\u62a4\u65f6\u95f4\u548c\u6210\u672c\u3002<\/li>\n<\/ul>\n<h2><strong>\u5e94\u7528\u9886\u57df\uff1a9YG-2.24D S9000 Beyond \u5706\u6346\u6253\u6346\u673a\u5c55\u73b0\u5353\u8d8a\u6027\u80fd\u7684\u9886\u57df<\/strong><\/h2>\n<p><img loading=\"lazy\" decoding=\"async\" class=\"aligncenter wp-image-94 size-full\" src=\"https:\/\/agricultural-baler.com\/wp-content\/uploads\/2025\/11\/0-baler-application.webp\" alt=\"\u6253\u5305\u673a\u5e94\u7528\" width=\"807\" height=\"759\" srcset=\"https:\/\/agricultural-baler.com\/wp-content\/uploads\/2025\/11\/0-baler-application.webp 807w, https:\/\/agricultural-baler.com\/wp-content\/uploads\/2025\/11\/0-baler-application-480x451.webp 480w\" sizes=\"auto, (min-width: 0px) and (max-width: 480px) 480px, (min-width: 481px) 807px, 100vw\" \/><\/p>\n<ol data-spm-anchor-id=\"5176.28103460.0.i575.bc984fa5rlZb1k\">\n<li><strong>\u5976\u725b\u573a\u548c\u8089\u725b\u573a \u2013 \u4f18\u8d28\u5e72\u8349\u6253\u5305<\/strong><br \/>\n\u975e\u5e38\u9002\u5408 <strong>\u5706\u6346\u673a\u4f5c\u4e1a<\/strong> \u5728\u5927\u578b\u5976\u725b\u548c\u8089\u725b\u517b\u6b96\u573a\u4e2d\uff0c\u8fd9\u53f0\u673a\u5668\u80fd\u9ad8\u6548\u5730\u5c06\u82dc\u84ff\u3001\u4e09\u53f6\u8349\u548c\u7267\u8349\u52a0\u5de5\u6210\u9ad8\u5bc6\u5ea6\u3001\u8010\u5019\u6027\u5f3a\u7684\u9972\u6599\u3002 <strong>\u5e72\u8349\u6346<\/strong>\u2014\u786e\u4fdd\u5168\u5e74\u9972\u6599\u8d28\u91cf\u7a33\u5b9a\u3002<\/li>\n<li>\n<p data-spm-anchor-id=\"5176.28103460.0.i574.bc984fa5rlZb1k\"><strong>\u7cae\u98df\u4f5c\u7269\u6b8b\u832c\u56de\u6536\u5229\u7528\u2014\u2014\u6536\u83b7\u540e\u79f8\u79c6\u6253\u5305<\/strong><br \/>\n\u5c0f\u9ea6\u3001\u6c34\u7a3b\u6216\u7389\u7c73\u6536\u5272\u540e\uff0c <strong>S9000 Beyond \u5706\u6346\u6253\u6346\u673a<\/strong> \u5feb\u901f\u6536\u96c6\u5e76\u538b\u5b9e\u5269\u4f59\u7a3b\u8349\uff0c\u4f7f\u5176\u6210\u4e3a\u5747\u5300\u7684\u9897\u7c92\u3002 <strong>\u519c\u4e1a\u7528\u6346\u5305<\/strong>\u5c06\u5e9f\u5f03\u7269\u8f6c\u5316\u4e3a\u6709\u4ef7\u503c\u7684\u751f\u7269\u8d28\uff0c\u7528\u4e8e\u5236\u4f5c\u57ab\u6599\u3001\u751f\u7269\u71c3\u6599\u6216\u571f\u58e4\u6539\u826f\u5242\u3002<\/p>\n<\/li>\n<li><strong>\u7279\u79cd\u4f5c\u7269\u7ba1\u7406\u2014\u2014\u6253\u6346\u5904\u7406\u5177\u6709\u6311\u6218\u6027\u7684\u751f\u7269\u8d28<\/strong><br \/>\n\u4ece\u7518\u8517\u68a2\u548c\u6cb9\u83dc\u830e\u79c6\u5230\u82a6\u82c7\u548c\u8292\u8349\uff0c\u8fd9 <strong>\u91cd\u578b\u6253\u5305\u673a<\/strong> \u5b83\u80fd\u8f7b\u677e\u5904\u7406\u575a\u786c\u3001\u6f6e\u6e7f\u6216\u7f20\u7ed5\u7684\u4f5c\u7269\u6b8b\u832c\uff0c\u662f\u5904\u7406\u8fd9\u4e9b\u6b8b\u832c\u7684\u9996\u9009\u5de5\u5177\u3002 <strong>\u751f\u7269\u8d28\u6253\u5305<\/strong> \u5728\u80fd\u6e90\u548c\u5de5\u4e1a\u5e94\u7528\u9886\u57df\u3002<\/li>\n<li><strong>\u5927\u578b\u7267\u8349\u627f\u5305\u5546\u2014\u2014\u9ad8\u6548\u7530\u95f4\u4f5c\u4e1a<\/strong><br \/>\n\u4e13\u4e3a\u7ba1\u7406\u6570\u5343\u82f1\u4ea9\u571f\u5730\u7684\u627f\u5305\u5546\u800c\u8bbe\u8ba1\uff0c <strong>9YG-2.24D <a href=\"https:\/\/agricultural-baler.com\/zh\/\">\u5706\u6346\u6253\u6346\u673a<\/a><\/strong> \u5728\u9ad8\u5f3a\u5ea6\u4f5c\u4e1a\u4e2d\uff0c\u53ef\u63d0\u4f9b\u65e0\u4e0e\u4f26\u6bd4\u7684\u901f\u5ea6\uff08\u9ad8\u8fbe\u6bcf\u5c0f\u65f6 100 \u5305\uff09\u548c\u53ef\u9760\u6027\u3002 <strong>\u6253\u6346\u5b63\u8282<\/strong>\u6700\u5927\u9650\u5ea6\u5730\u51cf\u5c11\u505c\u673a\u65f6\u95f4\uff0c\u6700\u5927\u9650\u5ea6\u5730\u63d0\u9ad8\u6295\u8d44\u56de\u62a5\u7387\u3002<\/li>\n<li><strong>\u751f\u6001\u53cb\u597d\u578b\u519c\u4e1a\u548c\u78b3\u4fe1\u7528\u8ba1\u5212<\/strong><br \/>\n\u901a\u8fc7\u5b9e\u73b0\u9ad8\u6548 <strong>\u8349\u6346\u6536\u96c6<\/strong> \u800c\u4e0d\u662f\u711a\u70e7\u7530\u5730\uff0c\u8fd9\u79cd <strong>\u667a\u80fd\u5706\u6346\u673a<\/strong> \u652f\u6301\u53ef\u6301\u7eed\u519c\u4e1a\u5b9e\u8df5\uff0c\u5e76\u5e2e\u52a9\u519c\u6c11\u83b7\u5f97\u73af\u5883\u6fc0\u52b1\u548c\u78b3\u4fe1\u7528\u8ba1\u5212\u7684\u8d44\u683c\u3002<\/li>\n<li><strong>\u51fa\u53e3\u578b\u5e72\u8349\u751f\u4ea7\u5546\u2014\u2014\u7b26\u5408\u56fd\u9645\u6807\u51c6<\/strong><br \/>\n\u7cbe\u786e\u5730 <strong>\u6346\u5305\u5bc6\u5ea6\u63a7\u5236<\/strong> \u8be5\u673a\u5668\u751f\u4ea7\u7684\u7f51\u72b6\u5305\u88c5\u4e00\u81f4\u6027\u826f\u597d\uff0c\u7b26\u5408\u51fa\u53e3\u6807\u51c6\u3002 <strong>\u5706\u5f62\u5e72\u8349\u6346<\/strong> \u7b26\u5408\u65e5\u672c\u3001\u97e9\u56fd\u548c\u4e2d\u4e1c\u7b49\u5e02\u573a\u4e25\u683c\u7684\u8d28\u91cf\u8981\u6c42\u3002<\/li>\n<\/ol>\n<p>&nbsp;<\/p>\n<h2 data-spm-anchor-id=\"5176.28103460.0.i580.bc984fa5rlZb1k\"><strong>\u8ba4\u8bc1\u4e0e\u5408\u89c4<\/strong><\/h2>\n<ul>\n<li><strong>ISO 9001\u8d28\u91cf\u7ba1\u7406\u4f53\u7cfb<\/strong><br \/>\n\u7ecf\u8ba4\u8bc1\uff0c\u4ea7\u54c1\u8d28\u91cf\u7a33\u5b9a\u3001\u6d41\u7a0b\u63a7\u5236\u5230\u4f4d\uff0c\u8bbe\u8ba1\u548c\u5236\u9020\u65b9\u9762\u6301\u7eed\u6539\u8fdb\u3002<\/li>\n<li><strong>CE\u8ba4\u8bc1\uff08\u53ef\u9009\u914d\u7f6e\uff09<\/strong><br \/>\n\u53ef\u6839\u636e\u8981\u6c42\u63d0\u4f9b\u9002\u7528\u4e8e\u6b27\u6d32\u7ecf\u6d4e\u533a\u7684\u578b\u53f7\uff0c\u786e\u4fdd\u7b26\u5408\u6b27\u76df\u673a\u68b0\u6307\u4ee4 2006\/42\/EC \u7684\u5b89\u5168\u8981\u6c42\u3002<\/li>\n<li><strong>\u56fd\u5bb6\u519c\u4e1a\u673a\u68b0\u63a8\u5e7f\u8bc4\u4f30\u8bc1\u4e66<\/strong><br \/>\n\u7ecf\u4e2d\u56fd\u519c\u4e1a\u519c\u6751\u90e8\u6b63\u5f0f\u6279\u51c6\uff0c\u8be5\u6253\u6346\u673a\u7b26\u5408\u7eb3\u5165\u56fd\u5bb6\u548c\u7701\u7ea7\u8865\u8d34\u8ba1\u5212\u7684\u6761\u4ef6\u3002<\/li>\n<li>\n<p data-spm-anchor-id=\"5176.28103460.0.i581.bc984fa5rlZb1k\"><strong>\u7b26\u5408\u56fd\u5185\u548c\u56fd\u9645\u5b89\u5168\u6807\u51c6<\/strong><br \/>\n\u8bbe\u8ba1\u548c\u6d4b\u8bd5\u5747\u7b26\u5408\u4e2d\u56fdGB\u6807\u51c6\u4ee5\u53ca\u4e3b\u8981\u51fa\u53e3\u5e02\u573a\u6cd5\u89c4\uff08\u5305\u62ec\u4fc4\u7f57\u65afEAC\u3001\u8499\u53e4MNS\u548c\u519c\u4e1a\u673a\u68b0\u901a\u7528ISO\/EN\u5b89\u5168\u6307\u5357\uff09\u3002<\/p>\n<\/li>\n<\/ul>\n<p><img loading=\"lazy\" decoding=\"async\" class=\"aligncenter wp-image-73 size-full\" src=\"https:\/\/agricultural-baler.com\/wp-content\/uploads\/2025\/11\/0-certificates-1.webp\" alt=\"\u8bc1\u4e66\" width=\"1587\" height=\"607\" srcset=\"https:\/\/agricultural-baler.com\/wp-content\/uploads\/2025\/11\/0-certificates-1.webp 1587w, https:\/\/agricultural-baler.com\/wp-content\/uploads\/2025\/11\/0-certificates-1-1280x490.webp 1280w, https:\/\/agricultural-baler.com\/wp-content\/uploads\/2025\/11\/0-certificates-1-980x375.webp 980w, https:\/\/agricultural-baler.com\/wp-content\/uploads\/2025\/11\/0-certificates-1-480x184.webp 480w\" sizes=\"auto, (min-width: 0px) and (max-width: 480px) 480px, (min-width: 481px) and (max-width: 980px) 980px, (min-width: 981px) and (max-width: 1280px) 1280px, (min-width: 1281px) 1587px, 100vw\" \/><\/p>\n<p>&nbsp;<\/p>\n<h3 data-spm-anchor-id=\"5176.28103460.0.i588.bc984fa5rlZb1k\">\u00a0<strong>\u552e\u540e\u652f\u6301\u2014\u2014\u4e13\u4e3a\u5168\u7403\u53ef\u9760\u6027\u800c\u6253\u9020<\/strong><\/h3>\n<ul>\n<li>\n<p data-spm-anchor-id=\"5176.28103460.0.i587.bc984fa5rlZb1k\"><strong>\u5168\u7403\u5907\u4ef648\u5c0f\u65f6\u5185\u9001\u8fbe<\/strong><br \/>\n\u5173\u952e\u6613\u635f\u4ef6\uff08\u76ae\u5e26\u3001\u5200\u7247\u3001\u8f74\u627f\u3001\u7f51\u72b6\u5305\u8986\u8f8a\u7b49\uff09\u5728\u4e9a\u6d32\u3001\u6b27\u6d32\u548c\u7f8e\u6d32\u7684\u533a\u57df\u4ed3\u5e93\u4e2d\u5907\u6709\u5e93\u5b58\uff0c\u786e\u4fdd\u5728\u8ba2\u5355\u786e\u8ba4\u540e 48 \u5c0f\u65f6\u5185\u53d1\u8d27\u3002<\/p>\n<\/li>\n<li><strong>\u591a\u8bed\u8a00\u8fdc\u7a0b\u6280\u672f\u652f\u6301<\/strong><br \/>\n\u6211\u4eec\u7684\u4e13\u5bb6\u5de5\u7a0b\u5e08\u53ef\u901a\u8fc7\u7535\u8bdd\u3001\u7535\u5b50\u90ae\u4ef6\u6216\u5b9e\u65f6\u89c6\u9891\u901a\u8bdd\u63d0\u4f9b\u82f1\u8bed\u3001\u4fc4\u8bed\u3001\u897f\u73ed\u7259\u8bed\u3001\u8461\u8404\u7259\u8bed\u548c\u8499\u53e4\u8bed\u7684\u5b9e\u65f6\u5e2e\u52a9\uff0c\u5373\u4f7f\u5728\u73b0\u573a\u4e5f\u80fd\u5e2e\u52a9\u60a8\u5feb\u901f\u89e3\u51b3\u95ee\u9898\u3002<\/li>\n<li><strong>\u7efc\u5408\u57f9\u8bad\u8d44\u6e90<\/strong><br \/>\n\u6309\u9700\u8bbf\u95ee <strong>\u64cd\u4f5c\u6559\u7a0b\u89c6\u9891<\/strong>\u4ea4\u4e92\u5f0f\u6545\u969c\u6392\u9664\u6307\u5357\u548c\u53ef\u4e0b\u8f7d\u7684 <strong>\u6570\u5b57\u7528\u6237\u624b\u518c<\/strong> \u968f\u65f6\u53ef\u901a\u8fc7\u6211\u4eec\u7684\u5ba2\u6237\u95e8\u6237\u7f51\u7ad9\u6216\u79fb\u52a8\u5e94\u7528\u7a0b\u5e8f\u8bbf\u95ee\u3002<\/li>\n<li><strong>\u53ef\u9009\u5ef6\u957f\u4fdd\u4fee\u671f\uff081-3\u5e74\uff09<\/strong><br \/>\n\u9009\u62e9\u7075\u6d3b\u7684\u5ef6\u4fdd\u8ba1\u5212\uff0c\u5728\u6807\u51c6\u4fdd\u4fee\u671f\u4e4b\u5916\u4fdd\u62a4\u60a8\u7684\u6295\u8d44\u2014\u2014\u6db5\u76d6\u4e3b\u8981\u90e8\u4ef6\uff0c\u4e14\u65e0\u4efb\u4f55\u9690\u85cf\u8d39\u7528\u3002<\/li>\n<\/ul>\n<h2><strong data-spm-anchor-id=\"5176.28103460.0.i592.bc984fa5rlZb1k\">\u00a0\u5168\u7403\u519c\u6c11\u4fe1\u8d56S9000 Beyond\u5706\u6346\u6253\u6346\u673a<\/strong><\/h2>\n<h4 data-spm-anchor-id=\"5176.28103460.0.i594.bc984fa5rlZb1k\">1.\u00a0<strong>\u7f8e\u56fd \u2013 \u4e2d\u897f\u90e8\u5e72\u8349\u751f\u4ea7\u5546<\/strong><\/h4>\n<ul data-spm-anchor-id=\"5176.28103460.0.i593.bc984fa5rlZb1k\">\n<li><strong>\u987e\u5ba2<\/strong>\u8a79\u59c6\u65af\u00b7R\u00b7\u6c64\u666e\u68ee\uff0c\u6c64\u666e\u68ee\u5bb6\u65cf\u519c\u573a\u4e3b<\/li>\n<li><strong>\u5730\u70b9<\/strong>\u7f8e\u56fd\u7231\u8377\u534e\u5dde<\/li>\n<li><strong>\u8d2d\u4e70\u65e5\u671f<\/strong>2024\u5e745\u6708<\/li>\n<li><strong>\u5df2\u8d2d\u5355\u4f4d<\/strong>\uff1a2 \u4e2a\u5355\u4f4d<\/li>\n<li><strong>\u5e94\u7528<\/strong>\u82dc\u84ff\u548c\u68af\u7267\u8349\u6253\u6346\uff0c\u7528\u4e8e\u5976\u725b\u9972\u6599\u548c\u51fa\u53e3<\/li>\n<li><strong>\u7528\u6237\u8bc4\u4ef7<\/strong>:<br \/>\n<blockquote><p>\u201c\u591a\u5e74\u6765\u6211\u4eec\u6d4b\u8bd5\u8fc7\u4e09\u6b3e\u4e2d\u56fd\u4ea7\u6253\u6346\u673a\u2014\u2014\u8fd9\u662f\u7b2c\u4e00\u6b3e\u5728\u7b2c\u4e00\u4e2a\u5b63\u5ea6\u5c31\u5b8c\u6210\u4e861200\u591a\u4e2a\u6346\u5305\u7684\u6253\u6346\u4f5c\u4e1a\u800c\u6ca1\u6709\u51fa\u73b0\u4efb\u4f55\u6545\u969c\u7684\u673a\u5668\u3002\u7f51\u72b6\u5305\u88f9\u5747\u5300\uff0c\u89e6\u6478\u5c4f\u4f7f\u5bc6\u5ea6\u63a7\u5236\u53d8\u5f97\u8f7b\u677e\u4fbf\u6377\u3002\u5c31\u8fd9\u4e2a\u4ef7\u4f4d\u800c\u8a00\uff0c\u5b83\u7684\u6027\u80fd\u751a\u81f3\u8d85\u8fc7\u4e86\u4ef7\u683c\u662f\u5176\u4e24\u500d\u7684\u673a\u5668\u3002\u201d<\/p><\/blockquote>\n<p><img loading=\"lazy\" decoding=\"async\" class=\"aligncenter wp-image-215 size-full\" src=\"https:\/\/agricultural-baler.com\/wp-content\/uploads\/2025\/11\/0-application-baler-1.webp\" alt=\"\u5e94\u7528\u6253\u5305\u673a\" width=\"600\" height=\"400\" srcset=\"https:\/\/agricultural-baler.com\/wp-content\/uploads\/2025\/11\/0-application-baler-1.webp 600w, https:\/\/agricultural-baler.com\/wp-content\/uploads\/2025\/11\/0-application-baler-1-480x320.webp 480w\" sizes=\"auto, (min-width: 0px) and (max-width: 480px) 480px, (min-width: 481px) 600px, 100vw\" \/><\/li>\n<\/ul>\n<hr \/>\n<h4>2.\u00a0<strong>\u5df4\u897f\u2014\u2014\u5927\u578b\u5927\u8c46\u548c\u7389\u7c73\u79f8\u79c6\u627f\u5305\u5546<\/strong><\/h4>\n<ul>\n<li><strong>\u987e\u5ba2<\/strong>\uff1aAgroM\u00e1q Servi\u00e7os Agr\u00edcolas Ltda\u3002<\/li>\n<li><strong>\u5730\u70b9<\/strong>\u5df4\u897f\u9a6c\u6258\u683c\u7f57\u7d22\u5dde<\/li>\n<li><strong>\u8d2d\u4e70\u65e5\u671f<\/strong>2024\u5e743\u6708<\/li>\n<li><strong>\u5df2\u8d2d\u5355\u4f4d<\/strong>\uff1a5\u4e2a\u5355\u4f4d<\/li>\n<li><strong>\u5e94\u7528<\/strong>\u5c06\u7389\u7c73\u79f8\u79c6\u548c\u5927\u8c46\u79f8\u79c6\u6253\u6346\u7528\u4e8e\u751f\u7269\u8d28\u53d1\u7535\u5382<\/li>\n<li><strong>\u7528\u6237\u8bc4\u4ef7<\/strong>:<br \/>\n<blockquote><p>\u201c\u6211\u4eec\u4ee5\u524d\u7684\u6b27\u6d32\u6253\u6346\u673a\u5728\u6f6e\u6e7f\u73af\u5883\u4e0b\u603b\u662f\u5835\u585e\u3002S9000 \u7684\u9632\u7f20\u7ed5\u62fe\u53d6\u88c5\u7f6e\u548c\u52a0\u56fa\u6eda\u7b52\u5f7b\u5e95\u6539\u53d8\u4e86\u8fd9\u4e00\u5207\u3002\u73b0\u5728\u6211\u4eec\u5728\u6536\u5272\u671f\u95f4\u6bcf\u5929\u8fd0\u884c 14 \u5c0f\u65f6\uff0c\u505c\u673a\u65f6\u95f4\u6781\u5c11\u3002\u4e0d\u5230 8 \u4e2a\u6708\u5c31\u6536\u56de\u4e86\u6295\u8d44\u3002\u201d<\/p><\/blockquote>\n<\/li>\n<\/ul>\n<hr \/>\n<h4>3.\u00a0<strong>\u4fc4\u7f57\u65af \u2013 \u897f\u4f2f\u5229\u4e9a\u4e73\u4e1a\u5408\u4f5c\u793e<\/strong><\/h4>\n<ul>\n<li><strong>\u987e\u5ba2<\/strong>\uff1aOOO 'AgroSib Korm'\uff08\u897f\u4f2f\u5229\u4e9a\u9972\u6599\u5408\u4f5c\u793e\uff09<\/li>\n<li><strong>\u5730\u70b9<\/strong>\u4fc4\u7f57\u65af\u65b0\u897f\u4f2f\u5229\u4e9a\u5dde<\/li>\n<li><strong>\u8d2d\u4e70\u65e5\u671f<\/strong>2024\u5e746\u6708<\/li>\n<li><strong>\u5df2\u8d2d\u5355\u4f4d<\/strong>\uff1a3\u4e2a\u5355\u4f4d<\/li>\n<li><strong>\u5e94\u7528<\/strong>\uff1a\u8349\u5730\u5e72\u8349\u6253\u6346\uff0c\u7528\u4f5c\u51ac\u5b63\u725b\u9972\u6599<\/li>\n<li><strong>\u7528\u6237\u8bc4\u4ef7<\/strong>:<br \/>\n<blockquote><p>\u201c\u5373\u4f7f\u5728\u96f6\u4e0b5\u6444\u6c0f\u5ea6\u7684\u6e05\u6668\u542f\u52a8\uff0c\u53d8\u901f\u7bb1\u548c\u52a8\u529b\u8f93\u51fa\u8f74\u7cfb\u7edf\u4e5f\u80fd\u5b8c\u7f8e\u8fd0\u884c\u300290\u00b0\u8f6c\u5f2f\u529f\u80fd\u5bf9\u6211\u4eec\u7684\u5c0f\u5757\u519c\u7530\u6765\u8bf4\u7b80\u76f4\u662f\u98a0\u8986\u6027\u7684\u3002\u6211\u4eec\u5df2\u7ecf\u5411\u4e24\u5bb6\u90bb\u8fd1\u7684\u519c\u573a\u63a8\u8350\u4e86\u8fd9\u6b3e\u4ea7\u54c1\u2014\u2014\u4ed6\u4eec\u4e5f\u5df2\u7ecf\u4e0b\u4e86\u8ba2\u5355\u3002\u201d<\/p><\/blockquote>\n<h2><strong><img loading=\"lazy\" decoding=\"async\" class=\"aligncenter wp-image-222 size-full\" src=\"https:\/\/agricultural-baler.com\/wp-content\/uploads\/2025\/11\/0-9YG-2.24D-baler-3.webp\" alt=\"9YG-2.24D\u578b\u6253\u6346\u673a \" width=\"600\" height=\"400\" srcset=\"https:\/\/agricultural-baler.com\/wp-content\/uploads\/2025\/11\/0-9YG-2.24D-baler-3.webp 600w, https:\/\/agricultural-baler.com\/wp-content\/uploads\/2025\/11\/0-9YG-2.24D-baler-3-480x320.webp 480w\" sizes=\"auto, (min-width: 0px) and (max-width: 480px) 480px, (min-width: 481px) 600px, 100vw\" \/><\/strong><\/h2>\n<\/li>\n<\/ul>\n<hr \/>\n<h4>4.\u00a0<strong>\u6fb3\u5927\u5229\u4e9a \u2013 \u6df7\u5408\u79cd\u690d\u548c\u755c\u7267\u519c\u573a<\/strong><\/h4>\n<ul>\n<li><strong>\u987e\u5ba2<\/strong>\uff1aSarah &amp; Mark Jenkins\uff0c\u201cWheatridge Farm\u201d<\/li>\n<li><strong>\u5730\u70b9<\/strong>\u6fb3\u5927\u5229\u4e9a\u65b0\u5357\u5a01\u5c14\u58eb\u5dde<\/li>\n<li><strong>\u8d2d\u4e70\u65e5\u671f<\/strong>2024\u5e7410\u6708<\/li>\n<li><strong>\u5df2\u8d2d\u5355\u4f4d<\/strong>\uff1a1\u4e2a\u5355\u4f4d<\/li>\n<li><strong>\u5e94\u7528<\/strong>\uff1a\u5c06\u5c0f\u9ea6\u79f8\u79c6\u6253\u6346\u7528\u4f5c\u7f8a\u57ab\u6599\u5e76\u51fa\u53e3\u5230\u65e5\u672c<\/li>\n<li><strong>\u7528\u6237\u8bc4\u4ef7<\/strong>:<br \/>\n<blockquote><p>\u201c\u5728\u5f53\u5730\u7ecf\u9500\u5546\u6f14\u793a\u4e4b\u540e\uff0c\u6211\u4eec\u539f\u672c\u8fd8\u6709\u4e9b\u6000\u7591\u2014\u2014\u4f46\u8fd9\u6b3e\u4ea7\u54c1\u5bf9\u6346\u5305\u5bc6\u5ea6\u7684\u63a7\u5236\u975e\u5e38\u7cbe\u51c6\u3002\u65e5\u672c\u4e70\u5bb6\u5f88\u559c\u6b22\u5b83\u5747\u5300\u7684\u5f62\u72b6\u548c\u7d27\u5bc6\u7684\u7f51\u72b6\u5305\u88f9\u3002\u6b64\u5916\uff0c\u5f53\u6211\u4eec\u66f4\u6362\u5200\u7247\u65f6\uff0c\u5907\u4ef6\u4ec5\u7528\u4e86\u4e24\u5929\u5c31\u4ece\u4ed6\u4eec\u7684\u65b0\u52a0\u5761\u4ed3\u5e93\u9001\u5230\u4e86\u3002\u201d<\/p><\/blockquote>\n<p>&nbsp;<\/li>\n<\/ul>","protected":false},"excerpt":{"rendered":"<p>9YG-2.24D S9000 Beyond \u7248\u672c\u662f\u4e00\u6b3e\u4e13\u4e3a\u5168\u7403\u519c\u573a\u8bbe\u8ba1\u7684\u519c\u4e1a\u5706\u6346\u6253\u6346\u673a\uff0c\u80fd\u591f\u5728\u5404\u79cd\u6761\u4ef6\u4e0b\u5904\u7406\u5e72\u8349\u3001\u79f8\u79c6\u548c\u751f\u7269\u8d28\uff0c\u4ece\u5df4\u897f\u6f6e\u6e7f\u7684\u7530\u91ce\u5230\u897f\u4f2f\u5229\u4e9a\u5bd2\u51b7\u7684\u7267\u573a\u3002<\/p>","protected":false},"featured_media":219,"template":"","meta":{"_et_pb_use_builder":"","_et_pb_old_content":"","_et_gb_content_width":""},"product_brand":[],"product_cat":[23],"product_tag":[20,18,19,27],"class_list":{"0":"post-218","1":"product","2":"type-product","3":"status-publish","4":"has-post-thumbnail","6":"product_cat-round-baler","7":"product_tag-agricultural-baler","8":"product_tag-agricultural-round-baler","9":"product_tag-round-baler","10":"product_tag-s9000-round-baler","12":"first","13":"instock","14":"shipping-taxable","15":"product-type-simple"},"_links":{"self":[{"href":"https:\/\/agricultural-baler.com\/zh\/wp-json\/wp\/v2\/product\/218","targetHints":{"allow":["GET"]}}],"collection":[{"href":"https:\/\/agricultural-baler.com\/zh\/wp-json\/wp\/v2\/product"}],"about":[{"href":"https:\/\/agricultural-baler.com\/zh\/wp-json\/wp\/v2\/types\/product"}],"wp:featuredmedia":[{"embeddable":true,"href":"https:\/\/agricultural-baler.com\/zh\/wp-json\/wp\/v2\/media\/219"}],"wp:attachment":[{"href":"https:\/\/agricultural-baler.com\/zh\/wp-json\/wp\/v2\/media?parent=218"}],"wp:term":[{"taxonomy":"product_brand","embeddable":true,"href":"https:\/\/agricultural-baler.com\/zh\/wp-json\/wp\/v2\/product_brand?post=218"},{"taxonomy":"product_cat","embeddable":true,"href":"https:\/\/agricultural-baler.com\/zh\/wp-json\/wp\/v2\/product_cat?post=218"},{"taxonomy":"product_tag","embeddable":true,"href":"https:\/\/agricultural-baler.com\/zh\/wp-json\/wp\/v2\/product_tag?post=218"}],"curies":[{"name":"wp","href":"https:\/\/api.w.org\/{rel}","templated":true}]}}