{"id":331,"date":"2025-11-20T05:52:54","date_gmt":"2025-11-20T05:52:54","guid":{"rendered":"https:\/\/agricultural-baler.com\/?post_type=product&#038;p=331"},"modified":"2025-11-20T08:03:26","modified_gmt":"2025-11-20T08:03:26","slug":"agricultural-round-baler-9yg-1-25-with-spring-loaded-pickup","status":"publish","type":"product","link":"https:\/\/agricultural-baler.com\/tr\/urun\/yayli-toplama-sistemli-9yg-1-25-model-tarimsal-yuvarlak-balya-makinesi\/","title":{"rendered":"Tar\u0131m Ama\u00e7l\u0131 Yuvarlak Balya Makinesi \u2013 9YG-1.25 Yayl\u0131 Toplama Sistemiyle"},"content":{"rendered":"<h2 class=\"product-section-title\" style=\"background: #083762; color: white; padding: 15px 20px; border-radius: 5px; margin: 20px 0;\">\u00dcr\u00fcn Genel Bak\u0131\u015f\u0131<\/h2>\n<p>O <strong>9YG-1.25 Yayl\u0131 Toplama Sistemli Yuvarlak Balya Makinesi<\/strong> Kuru saman, yonca ve silaj hasad\u0131 yapan k\u00fc\u00e7\u00fck ve orta \u00f6l\u00e7ekli \u00e7iftlikler i\u00e7in kompakt ve y\u00fcksek verimli bir \u00e7\u00f6z\u00fcmd\u00fcr. Nazik besleme ve minimum yaprak kayb\u0131 i\u00e7in tasarlanan yayl\u0131 di\u015fli toplama mekanizmas\u0131, hayvan yemi veya ihracat pazarlar\u0131 i\u00e7in ideal olan temiz ve d\u00fczg\u00fcn balyalar sa\u011flar. Otomatik a\u011f sarma, sens\u00f6r kontroll\u00fc yo\u011funluk ve d\u00fc\u015f\u00fck g\u00fc\u00e7 gereksinimleri (\u226575 kW) ile 0'e varan verim sunar. <strong>100 balya\/saat<\/strong> 2 metre kadar dar alanlarda bile kullan\u0131labilir. Hassasiyet ve g\u00fcvenilirli\u011fin en \u00f6nemli oldu\u011fu mera y\u00f6netimi, s\u00fct \u00e7iftlikleri ve karma \u00fcr\u00fcn yeti\u015ftiricili\u011fi i\u00e7in m\u00fckemmeldir.<\/p>\n<p><img loading=\"lazy\" decoding=\"async\" class=\"aligncenter wp-image-336\" src=\"https:\/\/agricultural-baler.com\/wp-content\/uploads\/2025\/11\/0-9YG-1.25-baler-1a1.webp\" alt=\"9YG-1.25 balya makinesi tar\u0131m yuvarlak\" width=\"493\" height=\"368\" srcset=\"https:\/\/agricultural-baler.com\/wp-content\/uploads\/2025\/11\/0-9YG-1.25-baler-1a1.webp 493w, https:\/\/agricultural-baler.com\/wp-content\/uploads\/2025\/11\/0-9YG-1.25-baler-1a1-480x359.webp 480w\" sizes=\"auto, (min-width: 0px) and (max-width: 480px) 480px, (min-width: 481px) 493px, 100vw\" \/><\/p>\n<h2 class=\"product-section-title\" style=\"background: #083762; color: white; padding: 15px 20px; border-radius: 5px; margin: 20px 0;\">Ba\u015fl\u0131ca \u00d6zellikler ve Yenilikler<\/h2>\n<ul>\n<li>\u2705\u00a0<strong>Yayl\u0131 Pikap<\/strong>Nazik ama etkili; yonca ve \u00e7avdar otu gibi hassas yem bitkileri i\u00e7in ideal.<\/li>\n<li data-spm-anchor-id=\"5176.28103460.0.i926.bc984fa5rlZb1k\">\u2705\u00a0<strong>Otomatik A\u011f Sarma Sistemi<\/strong>H\u0131zl\u0131 ve g\u00fcvenli balya olu\u015fturma, balya ba\u015f\u0131na 2000x1,25 m a\u011f.<\/li>\n<li>\u2705\u00a0<strong data-spm-anchor-id=\"5176.28103460.0.i925.bc984fa5rlZb1k\">Sens\u00f6r Kontroll\u00fc Yo\u011funluk<\/strong>S\u0131k\u0131\u015ft\u0131rma i\u015flemini ger\u00e7ek zamanl\u0131 olarak ayarlayarak tutarl\u0131 balya kalitesi sa\u011flar.<\/li>\n<li>\u2705\u00a0<strong>Kompakt ve \u00c7evik Tasar\u0131m<\/strong>Engebeli veya par\u00e7al\u0131 araziler i\u00e7in dar geni\u015flik (\u22642,85 m) ve dar d\u00f6n\u00fc\u015f yar\u0131\u00e7ap\u0131.<\/li>\n<li>\u2705\u00a0<strong>D\u00fc\u015f\u00fck G\u00fc\u00e7 Gereksinimi<\/strong>: \u015eu trakt\u00f6rlerle uyumludur:\u00a0<strong>75 kW (\u2248100 HP)<\/strong><\/li>\n<li>\u2705\u00a0<strong>Y\u00fcksek \u00dcretim Oran\u0131<\/strong>: Kadar\u00a0<strong>100 balya\/saat<\/strong>\u00a0yo\u011funluklar\u0131nda\u00a0<strong>100\u2013200 kg\/m\u00b3<\/strong><\/li>\n<\/ul>\n<h2 class=\"product-section-title\" style=\"background: #083762; color: white; padding: 15px 20px; border-radius: 5px; margin: 20px 0;\">Teknik \u00d6zellikler<\/h2>\n<div style=\"overflow-x: auto;\">\n<table style=\"max-width: 100%; overflow-x: auto;\" border=\"1\">\n<thead>\n<tr>\n<th data-spm-anchor-id=\"5176.28103460.0.i929.bc984fa5rlZb1k\">HAYIR.<\/th>\n<th>\u00d6\u011fe<\/th>\n<th>Birim<\/th>\n<th>\u00d6zellikler<\/th>\n<\/tr>\n<\/thead>\n<tbody>\n<tr>\n<td>1<\/td>\n<td>Model Ad\u0131<\/td>\n<td>\/<\/td>\n<td>9YG-1.25 Yuvarlak Balya Makinesi<\/td>\n<\/tr>\n<tr>\n<td>2<\/td>\n<td>Ba\u011flant\u0131 Tipi<\/td>\n<td>\/<\/td>\n<td>\u00c7ekmeli Tip<\/td>\n<\/tr>\n<tr>\n<td>3<\/td>\n<td>Alma Geni\u015fli\u011fi<\/td>\n<td>mm<\/td>\n<td>2240<\/td>\n<\/tr>\n<tr>\n<td>4<\/td>\n<td>Pikap Yap\u0131s\u0131<\/td>\n<td>\/<\/td>\n<td>Yayl\u0131 Di\u015fli (Sabit)<\/td>\n<\/tr>\n<tr>\n<td>5<\/td>\n<td>Beslenme Mekanizmas\u0131<\/td>\n<td>\/<\/td>\n<td>Helezon + Tarakl\u0131 Silindir + Tambur<\/td>\n<\/tr>\n<tr>\n<td>6<\/td>\n<td>S\u0131k\u0131\u015ft\u0131rma Odas\u0131 Tipi<\/td>\n<td>\/<\/td>\n<td>Silindir Tipi<\/td>\n<\/tr>\n<tr>\n<td>7<\/td>\n<td>S\u0131k\u0131\u015ft\u0131rma Odas\u0131 Geni\u015fli\u011fi<\/td>\n<td>mm<\/td>\n<td>1250<\/td>\n<\/tr>\n<tr>\n<td>8<\/td>\n<td>S\u0131k\u0131\u015ft\u0131rma Odas\u0131 \u00c7ap\u0131<\/td>\n<td>mm<\/td>\n<td>\u03a61200<\/td>\n<\/tr>\n<tr>\n<td>9<\/td>\n<td>S\u0131k\u0131\u015ft\u0131rma Bile\u015fenlerinin Say\u0131s\u0131<\/td>\n<td>adet<\/td>\n<td>18<\/td>\n<\/tr>\n<tr>\n<td>10<\/td>\n<td>S\u0131k\u0131\u015ft\u0131rma Silindiri \u00c7ap\u0131<\/td>\n<td>mm<\/td>\n<td>\u03a6222<\/td>\n<\/tr>\n<tr>\n<td>11<\/td>\n<td>Balyalama Y\u00f6ntemi<\/td>\n<td>\/<\/td>\n<td>Otomatik A\u011f Sarma<\/td>\n<\/tr>\n<tr>\n<td>12<\/td>\n<td>Gerekli G\u00fc\u00e7<\/td>\n<td>kW<\/td>\n<td>\u226575 (\u2248100 HP)<\/td>\n<\/tr>\n<tr>\n<td>13<\/td>\n<td>Makine A\u011f\u0131rl\u0131\u011f\u0131<\/td>\n<td>kilogram<\/td>\n<td>4060<\/td>\n<\/tr>\n<tr>\n<td>14<\/td>\n<td>PTO \u015eaft H\u0131z\u0131<\/td>\n<td>r\/dakika<\/td>\n<td>720<\/td>\n<\/tr>\n<tr>\n<td>15<\/td>\n<td>Genel Boyutlar (Uzunluk \u00d7 Geni\u015flik \u00d7 Y\u00fckseklik)<\/td>\n<td>mm<\/td>\n<td>4400 \u00d7 2850 \u00d7 2400 (\u00e7al\u0131\u015f\u0131r durumda)<\/td>\n<\/tr>\n<tr>\n<td>16<\/td>\n<td>Balya Yo\u011funlu\u011fu Kontrol\u00fc<\/td>\n<td>\/<\/td>\n<td>Sens\u00f6r Kontroll\u00fc<\/td>\n<\/tr>\n<tr>\n<td>17<\/td>\n<td>Balya Boyutu (\u00c7ap \u00d7 Geni\u015flik)<\/td>\n<td>mm<\/td>\n<td>1300 \u00d7 1250<\/td>\n<\/tr>\n<tr>\n<td>18<\/td>\n<td>Balya Yo\u011funlu\u011fu<\/td>\n<td>kg\/m\u00b3<\/td>\n<td>100\u2013200<\/td>\n<\/tr>\n<tr>\n<td>19<\/td>\n<td>\u00dcretim Oran\u0131<\/td>\n<td>balya\/saat<\/td>\n<td>40\u2013100<\/td>\n<\/tr>\n<tr>\n<td>20<\/td>\n<td>Dingil a\u00e7\u0131kl\u0131\u011f\u0131<\/td>\n<td>mm<\/td>\n<td>2450<\/td>\n<\/tr>\n<tr>\n<td>21<\/td>\n<td>\u00c7al\u0131\u015fma H\u0131z\u0131<\/td>\n<td>km\/sa<\/td>\n<td>5\u201335<\/td>\n<\/tr>\n<tr>\n<td>22<\/td>\n<td>A\u011f Sarma Boyutu<\/td>\n<td>M<\/td>\n<td>Balya ba\u015f\u0131na 2000 \u00d7 1,25 m<\/td>\n<\/tr>\n<\/tbody>\n<\/table>\n<p>&nbsp;<\/p>\n<\/div>\n<h2 class=\"product-section-title\" style=\"background: #083762; color: white; padding: 15px 20px; border-radius: 5px; margin: 20px 0;\">Uygulamalar ve Faydalar: Birinci S\u0131n\u0131f Yem \u0130\u00e7in Hassas Balya Yap\u0131m\u0131<\/h2>\n<p data-spm-anchor-id=\"5176.28103460.0.i937.bc984fa5rlZb1k\">Mahsul art\u0131klar\u0131 veya \u0131slak saman i\u00e7in \u00fcretilmi\u015f a\u011f\u0131r hizmet tipi balya makinelerinin aksine, <strong>9YG-1.25 yayl\u0131 manyetik al\u0131c\u0131l\u0131<\/strong> \u00f6zel olarak \u015fu ama\u00e7la tasarlanm\u0131\u015ft\u0131r: <strong>y\u00fcksek de\u011ferli yem \u00fcretimi<\/strong>\u2014yaprak tutma, balya homojenli\u011fi ve yem kalitesinin en \u00f6nemli oldu\u011fu yerlerde.<\/p>\n<p data-spm-anchor-id=\"5176.28103460.0.i937.bc984fa5rlZb1k\"><img loading=\"lazy\" decoding=\"async\" class=\"aligncenter wp-image-337 size-full\" src=\"https:\/\/agricultural-baler.com\/wp-content\/uploads\/2025\/11\/0-9YG-1.25-baler-for-dry-hay.webp\" alt=\"9YG-1.25 kuru saman balyalama makinesi\" width=\"899\" height=\"489\" srcset=\"https:\/\/agricultural-baler.com\/wp-content\/uploads\/2025\/11\/0-9YG-1.25-baler-for-dry-hay.webp 899w, https:\/\/agricultural-baler.com\/wp-content\/uploads\/2025\/11\/0-9YG-1.25-baler-for-dry-hay-480x261.webp 480w\" sizes=\"auto, (min-width: 0px) and (max-width: 480px) 480px, (min-width: 481px) 899px, 100vw\" \/><\/p>\n<h4>\u2705\u00a0<strong>Hassas ve kuru bitkiler i\u00e7in idealdir.<\/strong><\/h4>\n<ul>\n<li><strong>Yonca<\/strong>,\u00a0<strong>yonca<\/strong>,\u00a0<strong>\u00e7avdar otu<\/strong>, Ve\u00a0<strong>d\u00fc\u015f\u00fck nemli saman<\/strong>\u00a0Yayl\u0131 di\u015fli toplama mekanizmas\u0131n\u0131n nazik ve esnek hareketinden faydalanarak, malzemeyi ezmeden veya y\u0131rtmadan kald\u0131r\u0131r ve 'ye varan oranda tasarruf sa\u011flar.\u00a0<strong>15% daha fazla yaprak<\/strong>\u00a0Sert veya \u00e7eki\u00e7 pen\u00e7eli sistemlerle kar\u015f\u0131la\u015ft\u0131r\u0131ld\u0131\u011f\u0131nda.<\/li>\n<li>M\u00fckemmel\u00a0<strong>s\u00fct \u00e7iftlikleri<\/strong>,\u00a0<strong>ihracat saman \u00fcreticileri<\/strong>, Ve\u00a0<strong>organik mera i\u015fletmeleri<\/strong>\u00a0Besin de\u011ferinin karl\u0131l\u0131\u011f\u0131 do\u011frudan etkiledi\u011fi yerlerde.<\/li>\n<\/ul>\n<h4>\u2705\u00a0<strong>Kalite Odakl\u0131 Operasyonlar \u0130\u00e7in Tasarlanm\u0131\u015ft\u0131r<\/strong><\/h4>\n<ul>\n<li><strong>Otomatik a\u011f sarma<\/strong>\u00a0Bu sayede, ta\u015f\u0131ma ve depolama s\u0131ras\u0131nda \u015feklini koruyan, hava ko\u015fullar\u0131na dayan\u0131kl\u0131, s\u0131k\u0131 balyalar elde edilir; bu da ihracat standartlar\u0131n\u0131 kar\u015f\u0131lamak veya uzun vadeli silaj ihtiya\u00e7lar\u0131n\u0131 kar\u015f\u0131lamak i\u00e7in kritik \u00f6neme sahiptir.<\/li>\n<li><strong>Sens\u00f6r kontroll\u00fc yo\u011funluk<\/strong>\u00a0A\u015f\u0131r\u0131 s\u0131k\u0131\u015ft\u0131rmay\u0131 \u00f6nler, hassas g\u00f6vdeleri korur ve uygun k\u00fcrleme i\u00e7in optimum g\u00f6zeneklili\u011fi sa\u011flar.<\/li>\n<\/ul>\n<h4>\u2705\u00a0<strong>Zorlu Arazide \u00c7eviklik<\/strong><\/h4>\n<ul>\n<li>Kompakt \u00e7al\u0131\u015fma geni\u015fli\u011fiyle (<strong>\u22642,85 m<\/strong>) ve d\u00fc\u015f\u00fck zemin bas\u0131nc\u0131 sayesinde, y\u00f6n\u00fcn\u00fc bulur.\u00a0<strong>dik yama\u00e7lar<\/strong>,\u00a0<strong>terasl\u0131 tarlalar<\/strong>, Ve\u00a0<strong>meyve bah\u00e7esi yollar\u0131<\/strong>\u00a0Daha b\u00fcy\u00fck Avrupa balya makinelerinin, balya boyutundan (\u03a61300\u00d71250mm) \u00f6d\u00fcn vermeden \u00e7al\u0131\u015famad\u0131\u011f\u0131 yerlerde kullan\u0131labilir.<\/li>\n<\/ul>\n<h4>?\u00a0<strong>Ekonomik Etki<\/strong><\/h4>\n<ul>\n<li>\u0130\u015f g\u00fcc\u00fcn\u00fc azalt\u0131r\u00a0<strong>30%+<\/strong>\u00a0elle t\u0131rm\u0131klama ve ba\u011flamaya kar\u015f\u0131<\/li>\n<li>Kullan\u0131labilir yem verimini art\u0131r\u0131r\u00a0<strong>daha y\u00fcksek yaprak tutma<\/strong><\/li>\n<li>Tutarl\u0131 balya kalitesi sayesinde y\u00fcksek kaliteli saman pazarlar\u0131nda ret oranlar\u0131n\u0131 d\u00fc\u015f\u00fcr\u00fcr.<\/li>\n<\/ul>\n<h2 class=\"product-section-title\" style=\"background: #083762; color: white; padding: 15px 20px; border-radius: 5px; margin: 20px 0;\">\u00c7iftli\u011finiz i\u00e7in do\u011fru yuvarlak balya makinesini nas\u0131l se\u00e7ersiniz?<\/h2>\n<p data-spm-anchor-id=\"5176.28103460.0.i946.bc984fa5rlZb1k\">T\u00fcm yuvarlak balya makineleri ayn\u0131 kalitede de\u011fildir; se\u00e7iminiz buna uygun olmal\u0131d\u0131r. <strong>balyalad\u0131\u011f\u0131n\u0131z \u015fey<\/strong>, <strong>balyalama i\u015flemini nerede yap\u0131yorsunuz?<\/strong>, Ve <strong>Balyalarla ne yapmay\u0131 planl\u0131yorsunuz?<\/strong>.<\/p>\n<p>\u2705 <strong>A\u015fa\u011f\u0131daki durumlarda yayl\u0131 pikapl\u0131 9YG-1.25 modelini tercih edin:<\/strong><\/p>\n<ul>\n<li>Siz esas olarak balya yap\u0131yorsunuz.\u00a0<strong>kuru, yaprakl\u0131 yem<\/strong>\u00a0be\u011fenmek\u00a0<strong data-spm-anchor-id=\"5176.28103460.0.i942.bc984fa5rlZb1k\">yonca, \u00fc\u00e7g\u00fcl, \u00e7im veya kurutulmu\u015f saman<\/strong><\/li>\n<li><strong>Yem kalitesi \u00f6nemlidir.<\/strong>\u2014Yaprak kayb\u0131n\u0131n minimum d\u00fczeyde olmas\u0131 ve besin de\u011ferinin y\u00fcksek olmas\u0131 gerekir (\u00f6rne\u011fin, s\u00fct inekleri veya ihracatl\u0131k saman i\u00e7in).<\/li>\n<li>Alanlar\u0131n\u0131z\u00a0<strong>k\u00fc\u00e7\u00fck, tepelik veya par\u00e7al\u0131<\/strong>, dar eri\u015fim yollar\u0131yla (&lt;3 m)<\/li>\n<li>Siz bir\u00a0<strong>100\u2013130 HP trakt\u00f6r<\/strong>\u00a0ve sorunsuz, d\u00fc\u015f\u00fck titre\u015fimli \u00e7al\u0131\u015fmaya \u00f6ncelik verin<\/li>\n<\/ul>\n<p>? <strong>A\u015fa\u011f\u0131daki durumlarda farkl\u0131 bir modeli de\u011ferlendirin:<\/strong><\/p>\n<ul>\n<li>D\u00fczenli olarak balya yap\u0131yorsunuz.\u00a0<strong>\u0131slak pirin\u00e7 saman\u0131, ayakta duran m\u0131s\u0131r saplar\u0131 veya yere yatm\u0131\u015f bu\u011fday kal\u0131nt\u0131lar\u0131<\/strong>\u00a0\u2192 bizimkine bak\u0131n\u00a0<a href=\"https:\/\/agricultural-baler.com\/tr\/urun\/degistirilebilir-yayli-veya-cekicli-pence-uclu-9yg-1-25-model-tarimsal-yuvarlak-balya-makinesi\/\"><strong data-spm-anchor-id=\"5176.28103460.0.i941.bc984fa5rlZb1k\">de\u011fi\u015ftirilebilir \u00e7eki\u00e7 pen\u00e7eli versiyon balya makinesi<\/strong><\/a><\/li>\n<li>Geni\u015f ve d\u00fcz tarlalarda ultra y\u00fcksek kapasiteye (&gt;100 balya\/saat) ihtiyac\u0131n\u0131z var \u2192 \u00fcr\u00fcnlerimizi inceleyin\u00a0<a href=\"https:\/\/agricultural-baler.com\/tr\/urun\/tarimsal-yuvarlak-balya-makinesi-9yg-2-24d-s9000-beyond-versiyonu\/\"><strong>9YG-2.24D a\u011f\u0131r hizmet serisi balya makinesi<\/strong><\/a><\/li>\n<\/ul>\n<p>? <strong>Profesyonel \u0130pucu<\/strong>E\u011fer operasyonunuz her ikisini de i\u00e7eriyorsa: <strong>ilkbaharda birinci s\u0131n\u0131f saman<\/strong> Ve <strong>sonbaharda mahsul kal\u0131nt\u0131lar\u0131<\/strong>sipari\u015f vermeyi d\u00fc\u015f\u00fcn\u00fcn <strong>her iki toplama sistemi<\/strong>\u2014H\u0131zl\u0131 ve aletsiz de\u011fi\u015ftirme i\u00e7in tasarlanm\u0131\u015flard\u0131r.<\/p>\n<h2 class=\"product-section-title\" style=\"background: #083762; color: white; padding: 15px 20px; border-radius: 5px; margin: 20px 0;\">Ger\u00e7ek \u00c7ift\u00e7iler, Ger\u00e7ek Sonu\u00e7lar<\/h2>\n<h3 data-spm-anchor-id=\"5176.28103460.0.i952.bc984fa5rlZb1k\"><\/h3>\n<h4>??\u00a0<strong data-spm-anchor-id=\"5176.28103460.0.i951.bc984fa5rlZb1k\">Amerika Birle\u015fik Devletleri \u2013 Premium S\u00fct S\u0131\u011f\u0131r\u0131 Yem \u00dcretimi<\/strong><\/h4>\n<p><strong>M\u00fc\u015fteri<\/strong>James R. Thompson<br \/>\n<strong>\u00c7iftlik<\/strong>: Ye\u015fil \u00c7ay\u0131r S\u00fct \u00dcr\u00fcnleri<br \/>\n<strong>Konum<\/strong>Wisconsin, ABD<br \/>\n<strong>Kullan\u0131m Durumu<\/strong>S\u00fct veren inekler i\u00e7in y\u00fcksek kaliteli yonca balyalama<\/p>\n<blockquote><p>\"S\u00fcr\u00fcm\u00fcz yaprak bak\u0131m\u0131ndan zengin yonca ile besleniyor ve bu balya makinesi de bunu sa\u011fl\u0131yor.\" <strong>Yayl\u0131 toplama mekanizmas\u0131, test etti\u011fimiz di\u011fer t\u00fcm makinelerden daha iyi yaprak koruma performans\u0131 sunuyor.<\/strong>G\u00fcn boyu sorunsuz \u00e7al\u0131\u015f\u0131yor ve s\u00fcrekli olarak balya yap\u0131yoruz. <strong>80'den fazla tek tip, a\u011fla sar\u0131lm\u0131\u015f tur<\/strong> En yo\u011fun sezonda. Yem kalitesi hi\u00e7 bu kadar y\u00fcksek olmam\u0131\u015ft\u0131.\u201d<\/p>\n<p>&nbsp;<\/p><\/blockquote>\n<h4>??\u00a0<strong>Vietnam \u2013 K\u00fc\u00e7\u00fck \u00d6l\u00e7ekli \u00c7ift\u00e7ilerin Saman Kullan\u0131m\u0131<\/strong><\/h4>\n<p data-spm-anchor-id=\"5176.28103460.0.i953.bc984fa5rlZb1k\"><strong>M\u00fc\u015fteri<\/strong>: Nguyen Thi Lan<br \/>\n<strong>Organizasyon<\/strong>Mekong Deltas\u0131 Tar\u0131m Kooperatifi<br \/>\n<strong>Konum<\/strong>An Giang Eyaleti, Vietnam<br \/>\n<strong>Kullan\u0131m Durumu<\/strong>: Hayvan yemi i\u00e7in kuru pirin\u00e7 sap\u0131 toplamak<\/p>\n<blockquote><p>\u201c\u00d6nceden samanlar\u0131 elle demetler halinde ba\u011fl\u0131yorduk; yava\u015f ve \u00e7ok yorucu bir i\u015fti. \u015eimdi ise, <strong>9YG-1.25<\/strong>Dakikalar i\u00e7inde temiz ve s\u0131k\u0131 balyalar elde ediyoruz. Dar pirin\u00e7 tarlalar\u0131m\u0131zda bile 100 beygir g\u00fcc\u00fcndeki bir trakt\u00f6r\u00fcn arkas\u0131nda kolayca hareket ediyor. <strong>S\u0131\u011f\u0131rlar\u0131m\u0131z daha iyi yem yiyor ve i\u015f\u00e7ilik maliyetlerimiz yar\u0131 yar\u0131ya d\u00fc\u015ft\u00fc.<\/strong>\u201d<\/p>\n<p><img loading=\"lazy\" decoding=\"async\" class=\"aligncenter wp-image-192 size-full\" src=\"https:\/\/agricultural-baler.com\/wp-content\/uploads\/2025\/11\/0-baler-Factory-Visit1.webp\" alt=\"Balya Makinesi Fabrikas\u0131 Ziyareti\" width=\"600\" height=\"400\" srcset=\"https:\/\/agricultural-baler.com\/wp-content\/uploads\/2025\/11\/0-baler-Factory-Visit1.webp 600w, https:\/\/agricultural-baler.com\/wp-content\/uploads\/2025\/11\/0-baler-Factory-Visit1-480x320.webp 480w\" sizes=\"auto, (min-width: 0px) and (max-width: 480px) 480px, (min-width: 481px) 600px, 100vw\" \/><\/p><\/blockquote>\n<h2 class=\"product-section-title\" style=\"background: #083762; color: white; padding: 15px 20px; border-radius: 5px; margin: 20px 0;\">Bizim Balya Makinelerimiz ile Tipik Avrupa\/ABD Balya Makineleri Kar\u015f\u0131la\u015ft\u0131rmas\u0131<\/h2>\n<p data-spm-anchor-id=\"5176.28103460.0.i956.bc984fa5rlZb1k\">K\u00fcresel markalar gibi markalar ise... <strong>John Deere<\/strong>, <strong>Yeni Hollanda<\/strong>, Ve <strong>KUHN<\/strong> G\u00fcvenilir a\u011f\u0131r hizmet tipi balya makineleri sunarlar, genellikle <strong>K\u00fc\u00e7\u00fck ve orta \u00f6l\u00e7ekli i\u015fletmeler i\u00e7in a\u015f\u0131r\u0131 m\u00fchendislik \u00fcr\u00fcn\u00fc ve a\u015f\u0131r\u0131 pahal\u0131.<\/strong>\u0130\u015fte bunun nas\u0131l oldu\u011fu. <strong>9YG-1.25 yayl\u0131 manyetik al\u0131c\u0131l\u0131<\/strong> Daha ak\u0131ll\u0131ca de\u011fer sunar:<\/p>\n<div style=\"overflow-x: auto;\">\n<table style=\"max-width: 100%; overflow-x: auto;\" border=\"1\">\n<thead>\n<tr>\n<th>\u00d6zellik<\/th>\n<th><strong>9YG-1.25 (Bizim Modelimiz)<\/strong><\/th>\n<th><strong data-spm-anchor-id=\"5176.28103460.0.i960.bc984fa5rlZb1k\">Tipik Avrupa\/ABD Balya Makineleri<\/strong><\/th>\n<\/tr>\n<\/thead>\n<tbody>\n<tr>\n<td><strong>Hedef Kullan\u0131m Senaryosu<\/strong><\/td>\n<td>K\u00fc\u00e7\u00fck veya engebeli \u00e7iftliklerde y\u00fcksek kaliteli kuru yem (yonca, saman)<\/td>\n<td>B\u00fcy\u00fck \u00f6l\u00e7ekli tah\u0131l art\u0131\u011f\u0131 veya d\u00fczl\u00fckte yeti\u015fen saman<\/td>\n<\/tr>\n<tr>\n<td data-spm-anchor-id=\"5176.28103460.0.i961.bc984fa5rlZb1k\"><strong>Pikap Tasar\u0131m\u0131<\/strong><\/td>\n<td>Optimize edilmi\u015f yayl\u0131 di\u015fli\u00a0<strong>minimum yaprak kayb\u0131<\/strong>\u00a0(&lt;5%)<\/td>\n<td>Genel ama\u00e7l\u0131 yem toplama makineleri; hassas yemleri ezebilir.<\/td>\n<\/tr>\n<tr>\n<td><strong>Makine Geni\u015fli\u011fi<\/strong><\/td>\n<td><strong>\u22642,85 m<\/strong>\u00a0\u2013 dar tarla yollar\u0131na, meyve bah\u00e7elerine, teraslara uygundur<\/td>\n<td>S\u0131kl\u0131kla\u00a0<strong>\u22653,2 m<\/strong>\u00a0\u2013 par\u00e7al\u0131 veya da\u011fl\u0131k arazilerdeki zorluklar<\/td>\n<\/tr>\n<tr>\n<td><strong>Trakt\u00f6r Gereksinimi<\/strong><\/td>\n<td>Verimli bir \u015fekilde \u00e7al\u0131\u015f\u0131r\u00a0<strong>100\u2013130 HP<\/strong><\/td>\n<td>Genellikle gerektirir\u00a0<strong>140+ HP<\/strong>\u00a0tam performans i\u00e7in<\/td>\n<\/tr>\n<tr>\n<td><strong>Fiyat<\/strong><\/td>\n<td><strong>30\u201340% daha d\u00fc\u015f\u00fck<\/strong>\u00a0benzer ithal modellere g\u00f6re<\/td>\n<td>Y\u00fcksek ba\u015flang\u0131\u00e7 \u200b\u200bmaliyeti + pahal\u0131 yedek par\u00e7alar<\/td>\n<\/tr>\n<tr>\n<td data-spm-anchor-id=\"5176.28103460.0.i955.bc984fa5rlZb1k\"><strong>Balya Kalitesine Odaklanma<\/strong><\/td>\n<td>Sens\u00f6r kontroll\u00fc yo\u011funluk + a\u011f sarg\u0131s\u0131 =\u00a0<strong>tek tip, ihracata haz\u0131r balyalar<\/strong><\/td>\n<td>Bir\u00e7ok temel modelde yem besin de\u011ferinden ziyade h\u0131za \u00f6ncelik veriyor.<\/td>\n<\/tr>\n<tr>\n<td><strong>Servis ve Par\u00e7alar<\/strong><\/td>\n<td>30'dan fazla \u00fclkede yerel destek; kolay onar\u0131m i\u00e7in mod\u00fcler tasar\u0131m.<\/td>\n<td>Asya\/Afrika\/Latin Amerika'da par\u00e7a tedarik s\u00fcreleri uzun.<\/td>\n<\/tr>\n<\/tbody>\n<\/table>\n<\/div>\n<h2 class=\"product-section-title\" style=\"background: #083762; color: white; padding: 15px 20px; border-radius: 5px; margin: 20px 0;\">\u2753 Sat\u0131n Alma ve Kurulum Hakk\u0131nda S\u0131k\u00e7a Sorulan Sorular<\/h2>\n<p>&nbsp;<\/p>\n<p><strong>S: Balya makinesi nas\u0131l ta\u015f\u0131n\u0131yor? S\u00f6k\u00fclmesi gerekiyor mu?<\/strong><\/p>\n<p>A: 9YG-1.25 modeli tek par\u00e7a tasar\u0131ma sahiptir ve fabrikada \u00f6nceden monte edilmi\u015ftir. Standart deniz\/kara ta\u015f\u0131mac\u0131l\u0131\u011f\u0131 i\u00e7in s\u00f6kme i\u015flemi gerekmez; sadece bir palete veya \u00e7er\u00e7eveye sabitlemeniz yeterlidir. Limana var\u0131\u015fta, forklift veya kald\u0131rma ask\u0131s\u0131 kullan\u0131larak bo\u015faltma yap\u0131labilir ve 30 dakika i\u00e7inde sahaya yerle\u015ftirilebilir.<\/p>\n<p><strong>S: Makineyi teslim ald\u0131ktan sonra kendim mi monte etmem gerekiyor?<\/strong><\/p>\n<p>A: Karma\u015f\u0131k bir montaj i\u015flemi gerekmiyor. \u00d6nceden devreye al\u0131nm\u0131\u015f, tamamen monte edilmi\u015f olarak teslimat yap\u0131yoruz. Sadece \u015funlar\u0131 yapman\u0131z gerekiyor:<\/p>\n<ol>\n<li>Connect the tractor&#8217;s three-point suspension to the PTO shaft<\/li>\n<li>\u015eanz\u0131man ya\u011f\u0131 ekleyin (ilk kullan\u0131mdan \u00f6nce).<\/li>\n<li>Balya teli rulosunu tak\u0131n. T\u00fcm i\u015flem yakla\u015f\u0131k 15-20 dakika s\u00fcrer ve resimli bir k\u0131lavuz ile video talimatlar\u0131 i\u00e7erir.<\/li>\n<\/ol>\n<p><strong>S: Kurulum rehberli\u011fi veya yerinde devreye alma hizmetleri sa\u011fl\u0131yor musunuz?<\/strong><\/p>\n<p>A: Evet! \u015eunlar\u0131 sunuyoruz:<\/p>\n<ul>\n<li>\u00dccretsiz uzaktan g\u00f6r\u00fcnt\u00fcl\u00fc rehberlik (WeChat\/WhatsApp\/Zoom)<\/li>\n<li>G\u00fcneydo\u011fu Asya, Do\u011fu Avrupa, G\u00fcney Amerika vb. b\u00f6lgelerdeki yerel servis sa\u011flay\u0131c\u0131lar, iste\u011fe ba\u011fl\u0131 \u00fccretli yerinde kurulum hizmeti sunmaktad\u0131r (ek \u00fccret uygulan\u0131r).<\/li>\n<li>G\u00f6nderiyle birlikte t\u00fcm kullan\u0131m videolar\u0131 ve elektronik k\u0131lavuzlar da g\u00f6nderilecektir.<\/li>\n<\/ul>\n<p><strong>S: \u0130lk kullan\u0131mdan \u00f6nce hangi kontroller yap\u0131lmal\u0131d\u0131r?<\/strong><\/p>\n<p>A: A\u015fa\u011f\u0131daki \u00fc\u00e7 maddeyi kontrol etmenizi \u00f6neririz:<\/p>\n<ul>\n<li>Manyetik manyetik ...<\/li>\n<li>Hidrolik debriyaj gerginli\u011fi (varsa)<\/li>\n<li>Kablo makaras\u0131 braketi sa\u011flam bir \u015fekilde yerle\u015ftirilmi\u015f mi?<\/li>\n<li>See the &#8220;First Day Start-up Checklist&#8221; (PDF included) for a detailed list.<\/li>\n<\/ul>\n<p><strong>S: Do\u011frudan trakt\u00f6r\u00fcme ba\u011flanabilir mi? De\u011fi\u015fiklik gerektiriyor mu?<\/strong><\/p>\n<p>A: The 9YG-1.25 uses a standard Category II three-point suspension interface and 540\/720 rpm PTO, compatible with over 95% of 80\u2013130 HP tractors worldwide (such as John Deere 5E, Kubota M8, Fendt 300, etc.). No modification is required; it&#8217;s ready to use immediately.<\/p>\n<p><strong>S: Garanti s\u00fcresi ne kadar? Hangi par\u00e7alar garanti kapsam\u0131ndad\u0131r?<\/strong><\/p>\n<p>A: Makinenin tamam\u0131 12 ayl\u0131k s\u0131n\u0131rl\u0131 garanti kapsam\u0131ndad\u0131r, ana bile\u015fenler (di\u015fli kutusu, mil ve toplama tahrik sistemi) ise 24 ayl\u0131k uzat\u0131lm\u0131\u015f garantiye sahiptir. A\u015f\u0131nan par\u00e7alar (yay di\u015fleri, kay\u0131\u015flar ve a\u011f sarma mekanizmas\u0131 yaylar\u0131) garanti kapsam\u0131nda de\u011fildir, ancak ucuz ve kolayca de\u011fi\u015ftirilebilirler.<\/p>","protected":false},"excerpt":{"rendered":"<p>Yayl\u0131 toplama mekanizmas\u0131na sahip bu 9YG-1.25 model tar\u0131msal yuvarlak balya makinesi, CE sertifikal\u0131d\u0131r ve saman, yonca ve silaj i\u00e7in uygundur. \u00d6zellikle yem kalitesinin \u00e7ok \u00f6nemli oldu\u011fu engebeli araziler ve terasl\u0131 \u00e7iftlikler i\u00e7in tasarlanm\u0131\u015ft\u0131r.<\/p>","protected":false},"featured_media":335,"template":"","meta":{"_et_pb_use_builder":"","_et_pb_old_content":"","_et_gb_content_width":""},"product_brand":[],"product_cat":[23],"product_tag":[28,18,19],"class_list":{"0":"post-331","1":"product","2":"type-product","3":"status-publish","4":"has-post-thumbnail","6":"product_cat-round-baler","7":"product_tag-9yg-1-25-round-baler","8":"product_tag-agricultural-round-baler","9":"product_tag-round-baler","11":"first","12":"instock","13":"shipping-taxable","14":"product-type-simple"},"_links":{"self":[{"href":"https:\/\/agricultural-baler.com\/tr\/wp-json\/wp\/v2\/product\/331","targetHints":{"allow":["GET"]}}],"collection":[{"href":"https:\/\/agricultural-baler.com\/tr\/wp-json\/wp\/v2\/product"}],"about":[{"href":"https:\/\/agricultural-baler.com\/tr\/wp-json\/wp\/v2\/types\/product"}],"wp:featuredmedia":[{"embeddable":true,"href":"https:\/\/agricultural-baler.com\/tr\/wp-json\/wp\/v2\/media\/335"}],"wp:attachment":[{"href":"https:\/\/agricultural-baler.com\/tr\/wp-json\/wp\/v2\/media?parent=331"}],"wp:term":[{"taxonomy":"product_brand","embeddable":true,"href":"https:\/\/agricultural-baler.com\/tr\/wp-json\/wp\/v2\/product_brand?post=331"},{"taxonomy":"product_cat","embeddable":true,"href":"https:\/\/agricultural-baler.com\/tr\/wp-json\/wp\/v2\/product_cat?post=331"},{"taxonomy":"product_tag","embeddable":true,"href":"https:\/\/agricultural-baler.com\/tr\/wp-json\/wp\/v2\/product_tag?post=331"}],"curies":[{"name":"wp","href":"https:\/\/api.w.org\/{rel}","templated":true}]}}