{"id":324,"date":"2025-11-20T04:01:10","date_gmt":"2025-11-20T04:01:10","guid":{"rendered":"https:\/\/agricultural-baler.com\/?post_type=product&#038;p=324"},"modified":"2025-11-20T05:50:27","modified_gmt":"2025-11-20T05:50:27","slug":"agricultural-round-baler-9yg-1-25-with-interchangeable-spring-or-hammer-claw-pickups","status":"publish","type":"product","link":"https:\/\/agricultural-baler.com\/tr\/urun\/degistirilebilir-yayli-veya-cekicli-pence-uclu-9yg-1-25-model-tarimsal-yuvarlak-balya-makinesi\/","title":{"rendered":"Tar\u0131m Ama\u00e7l\u0131 Yuvarlak Balya Makinesi \u2013 9YG-1.25 De\u011fi\u015ftirilebilir Yayl\u0131 veya \u00c7eki\u00e7li Toplay\u0131c\u0131larla"},"content":{"rendered":"<h2 class=\"product-section-title\" style=\"background: #083762; color: white; padding: 15px 20px; border-radius: 5px; margin: 20px 0;\"><strong>\u00dcr\u00fcn Genel Bak\u0131\u015f\u0131<\/strong><\/h2>\n<p data-spm-anchor-id=\"5176.28103460.0.i875.bc984fa5rlZb1k\">O <strong>9YG-1.25 Yuvarlak Balya Makinesi<\/strong> \u00e7ift\u00e7ilerin ihtiya\u00e7lar\u0131 i\u00e7in tasarlanm\u0131\u015ft\u0131r. <strong>birden fazla \u00fcr\u00fcn\u00fc i\u015flemek i\u00e7in tek bir makine<\/strong>\u2014kuru samandan m\u0131s\u0131r saplar\u0131na kadar. Bununla birlikte <strong>de\u011fi\u015ftirilebilir toplama sistemi<\/strong>Bu sayede, aralar\u0131nda sorunsuz bir \u015fekilde ge\u00e7i\u015f yapar. <strong>yay di\u015fli<\/strong> (hafif, kabar\u0131k yem i\u00e7in) ve <strong>\u00e7eki\u00e7 pen\u00e7esi<\/strong> (Yo\u011fun, dik duran kal\u0131nt\u0131lar i\u00e7in), ayr\u0131 makinelere veya \u00f6n t\u0131rm\u0131klamaya olan ihtiyac\u0131 ortadan kald\u0131r\u0131r.<\/p>\n<p>Tasarland\u0131 <strong>k\u00fc\u00e7\u00fck ve orta \u00f6l\u00e7ekli \u00e7iftlikler<\/strong>Bu \u00e7ekmeli balya makinesi \u015fu \u015fekilde \u00e7al\u0131\u015f\u0131r: <strong>40\u201380 balya\/saat<\/strong> ile <strong>115\u2013200 kg\/m\u00b3 yo\u011funluk<\/strong>, y\u00fcksek kalitede ve homojen balyalar \u00fcretiyor <strong>\u03a61200\u00d71250mm<\/strong>. Onun <strong>sens\u00f6r kontroll\u00fc yo\u011funluk<\/strong>, <strong>otomatik a\u011f sarma<\/strong>, Ve <strong>kompakt tasar\u0131m<\/strong> (2,7 m'den daha az geni\u015flik) dar tarlalar, engebeli araziler ve d\u00fc\u015f\u00fck g\u00fc\u00e7l\u00fc trakt\u00f6rler (\u22658,8 kW \/ 120 HP) i\u00e7in idealdir.<\/p>\n<p>M\u00fckemmel <strong>m\u0131s\u0131r sap\u0131 geri d\u00f6n\u00fc\u015f\u00fcm\u00fc<\/strong>, <strong>mera y\u00f6netimi<\/strong>, Ve <strong>karma \u00fcr\u00fcn yeti\u015ftirilen \u00e7iftlikler<\/strong>9YG-1.25, yenilik\u00e7ili\u011fi, verimlili\u011fi ve maliyet tasarrufunu bir araya getirerek hasat s\u00fcresini k\u0131salt\u0131yor ve i\u015fletme giderlerini 30%'ye kadar d\u00fc\u015f\u00fcr\u00fcyor.<\/p>\n<h2 class=\"product-section-title\" style=\"background: #083762; color: white; padding: 15px 20px; border-radius: 5px; margin: 20px 0;\"><strong>Teknik \u00d6zellikler<\/strong><\/h2>\n<div style=\"overflow-x: auto;\">\n<table style=\"max-width: 100%; overflow-x: auto; width: 100%; height: 600px;\" border=\"1\">\n<thead>\n<tr style=\"height: 23px;\">\n<th style=\"height: 23px;\">HAYIR.<\/th>\n<th style=\"height: 23px;\">\u00d6\u011fe<\/th>\n<th style=\"height: 23px;\">Birim<\/th>\n<th style=\"height: 23px;\">\u00d6zellikler<\/th>\n<\/tr>\n<\/thead>\n<tbody>\n<tr style=\"height: 23px;\">\n<td style=\"height: 23px;\">1<\/td>\n<td style=\"height: 23px;\">Model Ad\u0131<\/td>\n<td style=\"height: 23px;\">\/<\/td>\n<td style=\"height: 23px;\">9YG-1.25 Yuvarlak Balya Makinesi<\/td>\n<\/tr>\n<tr style=\"height: 23px;\">\n<td style=\"height: 23px;\">2<\/td>\n<td style=\"height: 23px;\">Ba\u011flant\u0131 Tipi<\/td>\n<td style=\"height: 23px;\">\/<\/td>\n<td style=\"height: 23px;\">\u00c7ekmeli Tip<\/td>\n<\/tr>\n<tr style=\"height: 23px;\">\n<td style=\"height: 23px;\">3<\/td>\n<td style=\"height: 23px;\">Alma Geni\u015fli\u011fi<\/td>\n<td style=\"height: 23px;\">mm<\/td>\n<td style=\"height: 23px;\">2240<\/td>\n<\/tr>\n<tr style=\"height: 47px;\">\n<td style=\"height: 47px;\">4<\/td>\n<td style=\"height: 47px;\">Pikap Yap\u0131 Tipi<\/td>\n<td style=\"height: 47px;\">\/<\/td>\n<td style=\"height: 47px;\">De\u011fi\u015ftirilebilir Yayl\u0131 Di\u015f ve \u00c7eki\u00e7 Pen\u00e7e<\/td>\n<\/tr>\n<tr style=\"height: 23px;\">\n<td style=\"height: 23px;\">5<\/td>\n<td style=\"height: 23px;\">Beslenme Mekanizmas\u0131 Tipi<\/td>\n<td style=\"height: 23px;\">\/<\/td>\n<td style=\"height: 23px;\">Helezon + Tarakl\u0131 Silindir + Tambur<\/td>\n<\/tr>\n<tr style=\"height: 47px;\">\n<td style=\"height: 47px;\">6<\/td>\n<td style=\"height: 47px;\">S\u0131k\u0131\u015ft\u0131rma Odas\u0131 Balya Mekanizmas\u0131<\/td>\n<td style=\"height: 47px;\">\/<\/td>\n<td style=\"height: 47px;\">Silindir Tipi<\/td>\n<\/tr>\n<tr style=\"height: 23px;\">\n<td style=\"height: 23px;\">7<\/td>\n<td style=\"height: 23px;\">S\u0131k\u0131\u015ft\u0131rma Odas\u0131 Geni\u015fli\u011fi<\/td>\n<td style=\"height: 23px;\">mm<\/td>\n<td style=\"height: 23px;\">1250<\/td>\n<\/tr>\n<tr style=\"height: 23px;\">\n<td style=\"height: 23px;\">8<\/td>\n<td style=\"height: 23px;\">S\u0131k\u0131\u015ft\u0131rma Odas\u0131 \u00c7ap\u0131<\/td>\n<td style=\"height: 23px;\">mm<\/td>\n<td style=\"height: 23px;\">\u03a61200<\/td>\n<\/tr>\n<tr style=\"height: 23px;\">\n<td style=\"height: 23px;\">9<\/td>\n<td style=\"height: 23px;\">S\u0131k\u0131\u015ft\u0131rma Bile\u015fenlerinin Say\u0131s\u0131<\/td>\n<td style=\"height: 23px;\">adet<\/td>\n<td style=\"height: 23px;\">18<\/td>\n<\/tr>\n<tr style=\"height: 23px;\">\n<td style=\"height: 23px;\">10<\/td>\n<td style=\"height: 23px;\">S\u0131k\u0131\u015ft\u0131rma Silindiri \u00c7ap\u0131<\/td>\n<td style=\"height: 23px;\">mm<\/td>\n<td style=\"height: 23px;\">\u03a6222<\/td>\n<\/tr>\n<tr style=\"height: 23px;\">\n<td style=\"height: 23px;\">11<\/td>\n<td style=\"height: 23px;\">Balyalama Y\u00f6ntemi<\/td>\n<td style=\"height: 23px;\">\/<\/td>\n<td style=\"height: 23px;\">Otomatik A\u011f Sarma<\/td>\n<\/tr>\n<tr style=\"height: 23px;\">\n<td style=\"height: 23px;\">12<\/td>\n<td style=\"height: 23px;\">Gerekli G\u00fc\u00e7<\/td>\n<td style=\"height: 23px;\">kW<\/td>\n<td style=\"height: 23px;\">\u22658,8 \/ 120 HP<\/td>\n<\/tr>\n<tr style=\"height: 23px;\">\n<td style=\"height: 23px;\">13<\/td>\n<td style=\"height: 23px;\">Makine A\u011f\u0131rl\u0131\u011f\u0131<\/td>\n<td style=\"height: 23px;\">kilogram<\/td>\n<td style=\"height: 23px;\">4558<\/td>\n<\/tr>\n<tr style=\"height: 23px;\">\n<td style=\"height: 23px;\">14<\/td>\n<td style=\"height: 23px;\">PTO \u015eaft H\u0131z\u0131<\/td>\n<td style=\"height: 23px;\">r\/dakika<\/td>\n<td style=\"height: 23px;\">720<\/td>\n<\/tr>\n<tr style=\"height: 23px;\">\n<td style=\"height: 23px;\">15<\/td>\n<td style=\"height: 23px;\">Genel Boyutlar (Uzunluk \u00d7 Geni\u015flik \u00d7 Y\u00fckseklik)<\/td>\n<td style=\"height: 23px;\">mm<\/td>\n<td style=\"height: 23px;\">5250 \u00d7 2700 \u00d7 2350 (\u00e7al\u0131\u015f\u0131r durumda)<\/td>\n<\/tr>\n<tr style=\"height: 23px;\">\n<td style=\"height: 23px;\">16<\/td>\n<td style=\"height: 23px;\">Balya Yo\u011funlu\u011fu Kontrol\u00fc<\/td>\n<td style=\"height: 23px;\">\/<\/td>\n<td style=\"height: 23px;\">Sens\u00f6r Kontroll\u00fc<\/td>\n<\/tr>\n<tr style=\"height: 23px;\">\n<td style=\"height: 23px;\">17<\/td>\n<td style=\"height: 23px;\">Balya Boyutu (\u00c7ap \u00d7 Geni\u015flik)<\/td>\n<td style=\"height: 23px;\">mm<\/td>\n<td style=\"height: 23px;\">1200 \u00d7 1250<\/td>\n<\/tr>\n<tr style=\"height: 23px;\">\n<td style=\"height: 23px;\">18<\/td>\n<td style=\"height: 23px;\">Balya Yo\u011funlu\u011fu<\/td>\n<td style=\"height: 23px;\">kg\/m\u00b3<\/td>\n<td style=\"height: 23px;\">115\u2013200<\/td>\n<\/tr>\n<tr style=\"height: 23px;\">\n<td style=\"height: 23px;\">19<\/td>\n<td style=\"height: 23px;\">\u00dcretim Oran\u0131<\/td>\n<td style=\"height: 23px;\">balya\/saat<\/td>\n<td style=\"height: 23px;\">40\u201380<\/td>\n<\/tr>\n<tr style=\"height: 23px;\">\n<td style=\"height: 23px;\">20<\/td>\n<td style=\"height: 23px;\">Dingil a\u00e7\u0131kl\u0131\u011f\u0131<\/td>\n<td style=\"height: 23px;\">mm<\/td>\n<td style=\"height: 23px;\">2450<\/td>\n<\/tr>\n<tr style=\"height: 23px;\">\n<td style=\"height: 23px;\">21<\/td>\n<td style=\"height: 23px;\">\u00c7al\u0131\u015fma H\u0131z\u0131<\/td>\n<td style=\"height: 23px;\">km\/sa<\/td>\n<td style=\"height: 23px;\">5\u201320<\/td>\n<\/tr>\n<tr style=\"height: 23px;\">\n<td style=\"height: 23px;\">22<\/td>\n<td style=\"height: 23px;\">A\u011f Sarma Boyutu<\/td>\n<td style=\"height: 23px;\">M<\/td>\n<td style=\"height: 23px;\">Balya ba\u015f\u0131na 2000 \u00d7 1,25 m<\/td>\n<\/tr>\n<tr style=\"height: 23px;\">\n<td style=\"height: 23px;\">23<\/td>\n<td style=\"height: 23px;\">\u00c7eki\u00e7 Pen\u00e7elerinin Say\u0131s\u0131<\/td>\n<td style=\"height: 23px;\">adet<\/td>\n<td style=\"height: 23px;\">18<\/td>\n<\/tr>\n<\/tbody>\n<\/table>\n<p><img loading=\"lazy\" decoding=\"async\" class=\"aligncenter wp-image-328 size-full\" src=\"https:\/\/agricultural-baler.com\/wp-content\/uploads\/2025\/11\/0-9YG-1.25-baler-2.webp\" alt=\"9YG-1.25 balya makinesi\" width=\"940\" height=\"743\" srcset=\"https:\/\/agricultural-baler.com\/wp-content\/uploads\/2025\/11\/0-9YG-1.25-baler-2.webp 940w, https:\/\/agricultural-baler.com\/wp-content\/uploads\/2025\/11\/0-9YG-1.25-baler-2-480x379.webp 480w\" sizes=\"auto, (min-width: 0px) and (max-width: 480px) 480px, (min-width: 481px) 940px, 100vw\" \/><\/p>\n<\/div>\n<h2 class=\"product-section-title\" style=\"background: #083762; color: white; padding: 15px 20px; border-radius: 5px; margin: 20px 0;\">Ba\u015fvurular ve Faydalar<\/h2>\n<h4><strong>\u00c7e\u015fitli Mahsullerde \u00c7ok Y\u00f6nl\u00fc Performans<\/strong><\/h4>\n<p>O <strong>9YG-1.25 Yuvarlak Balya Makinesi<\/strong> \u0130ki adet de\u011fi\u015ftirilebilir toplama sistemiyle mevsimsel ihtiya\u00e7lar\u0131n\u0131za uyum sa\u011flar:<\/p>\n<ul>\n<li><strong>Yayl\u0131 Di\u015fli Pikap<\/strong>Hafif ve kuru malzemeler i\u00e7in idealdir, \u00f6rne\u011fin:\u00a0<strong>yonca, \u00e7avdar otu ve d\u00fc\u015f\u00fck nemli saman<\/strong>\u2014nazik\u00e7e besleme ve minimum yaprak kayb\u0131n\u0131 sa\u011flamak.<\/li>\n<li><strong>\u00c7eki\u00e7 Pen\u00e7esi Toplama<\/strong>Zorlu kal\u0131nt\u0131lar i\u00e7in tasarlanm\u0131\u015ft\u0131r, \u00f6rne\u011fin:\u00a0<strong>Islak pirin\u00e7\/bu\u011fday saman\u0131, ayakta duran m\u0131s\u0131r saplar\u0131 ve sorgum an\u0131z\u0131<\/strong>Y\u00fcksek verimli veya nemli ko\u015fullarda bile etkili toplama ve t\u0131kanma \u00f6nleyici performans sunar.<\/li>\n<\/ul>\n<h4><strong>Operasyonel Avantajlar<\/strong><\/h4>\n<ul>\n<li>?\u00a0<strong>Tek Makine, \u0130ki Rol<\/strong>Ayr\u0131 balyalama makinelerine olan ihtiyac\u0131 ortadan kald\u0131r\u0131n\u201410 dakikadan k\u0131sa s\u00fcrede toplama \u00fcniteleri aras\u0131nda ge\u00e7i\u015f yap\u0131n.<\/li>\n<li>?\u00a0<strong>Kompakt ve \u00c7evik<\/strong>Dar ta\u015f\u0131ma geni\u015fli\u011fi (&lt;2,7 m) ve k\u00fc\u00e7\u00fck d\u00f6n\u00fc\u015f yar\u0131\u00e7ap\u0131 ile manevra yapabilir.\u00a0<strong>tepelik arazi, terasl\u0131 tarlalar, meyve bah\u00e7eleri ve k\u00fc\u00e7\u00fck parseller<\/strong>\u00a0kolayl\u0131kla.<\/li>\n<li>?\ufe0f\u00a0<strong>\u00d6nceden t\u0131rm\u0131klama gerekmez.<\/strong>\u00c7eki\u00e7 pen\u00e7e sistemi toplar\u00a0<strong>ayakta duran m\u0131s\u0131r saplar\u0131 do\u011frudan<\/strong>Bu sayede, tarlada yap\u0131lan t\u00fcm bir ge\u00e7i\u015f i\u015flemi ortadan kalkar ve yak\u0131t ile i\u015f g\u00fcc\u00fc kullan\u0131m\u0131 azal\u0131r.<\/li>\n<\/ul>\n<h4><strong>G\u00fc\u00e7l\u00fc Ekonomik De\u011fer<\/strong><\/h4>\n<ul>\n<li>?\u00a0<strong>30%+ daha d\u00fc\u015f\u00fck ekipman yat\u0131r\u0131m\u0131<\/strong>\u00a0iki ayr\u0131 makine sat\u0131n almaya k\u0131yasla<\/li>\n<li>?\u00a0<strong>Daha y\u00fcksek y\u0131ll\u0131k kullan\u0131m<\/strong>\u2014\u0130lkbahar saman\u0131 ve sonbahar saplar\u0131 i\u00e7in ayn\u0131 balya makinesini kullan\u0131n.<\/li>\n<li>\u23f1\ufe0f\u00a0<strong>\u0130\u015fletme maliyetlerinde azalma<\/strong>\u00a0Daha az ge\u00e7i\u015f, daha az ar\u0131za s\u00fcresi ve basitle\u015ftirilmi\u015f bak\u0131m sayesinde<\/li>\n<\/ul>\n<p>\u0130ster karma \u00fcr\u00fcn yeti\u015ftirilen bir \u00e7iftlik i\u015fletiyor olun, ister \u00f6zel balyalama hizmeti veriyor olun, ister devlet \u00f6nc\u00fcl\u00fc\u011f\u00fcndeki saman geri d\u00f6n\u00fc\u015f\u00fcm programlar\u0131n\u0131 destekliyor olun, 9YG-1.25 benzersiz esneklik, verimlilik ve yat\u0131r\u0131m getirisi sunar.<\/p>\n<p>&nbsp;<\/p>\n<h2 class=\"product-section-title\" style=\"background: #083762; color: white; padding: 15px 20px; border-radius: 5px; margin: 20px 0;\"><strong>Yuvarlak balya makineniz i\u00e7in do\u011fru toplama ucunu nas\u0131l se\u00e7ersiniz?<\/strong><\/h2>\n<p data-spm-anchor-id=\"5176.28103460.0.i888.bc984fa5rlZb1k\">O <strong>9YG-1.25 de\u011fi\u015ftirilebilir manyetik <a href=\"https:\/\/agricultural-baler.com\/tr\/\">yuvarlak balya makinesi<\/a><\/strong> Bu size, makinenizi \u00fcr\u00fcne g\u00f6re uyarlama esnekli\u011fi sa\u011flar; tersi de\u011fil. \u0130\u015fte en iyi konfig\u00fcrasyonu nas\u0131l se\u00e7ece\u011finiz:<\/p>\n<p data-spm-anchor-id=\"5176.28103460.0.i888.bc984fa5rlZb1k\"><img loading=\"lazy\" decoding=\"async\" class=\"aligncenter wp-image-329 size-full\" src=\"https:\/\/agricultural-baler.com\/wp-content\/uploads\/2025\/11\/0-9YG-1.25-baler-3.webp\" alt=\"9YG-1.25 balya makinesi\" width=\"978\" height=\"319\" srcset=\"https:\/\/agricultural-baler.com\/wp-content\/uploads\/2025\/11\/0-9YG-1.25-baler-3.webp 978w, https:\/\/agricultural-baler.com\/wp-content\/uploads\/2025\/11\/0-9YG-1.25-baler-3-480x157.webp 480w\" sizes=\"auto, (min-width: 0px) and (max-width: 480px) 480px, (min-width: 481px) 978px, 100vw\" \/><\/p>\n<h4>?\u00a0<strong>Yayl\u0131 di\u015fli pikab\u0131 \u015fu durumlarda tercih edin\u2026<\/strong><\/h4>\n<p>Balya yap\u0131yorsunuz <strong>kuru, kabar\u0131k yem<\/strong> Yonca, \u00e7avdar otu veya kurutulmu\u015f saman gibi. Bu nazik toplama y\u00f6ntemi yaprak kayb\u0131n\u0131 en aza indirir ve sorunsuz beslemeyi sa\u011flar; bu da ideal bir \u00e7\u00f6z\u00fcmd\u00fcr. <strong>kuru saman i\u00e7in yuvarlak balya makinesi<\/strong> Meralarda veya baklagil tarlalar\u0131nda kullan\u0131l\u0131r.<\/p>\n<h4>?\u00a0<strong>\u00c7eki\u00e7 Pen\u00e7esi Toplama Se\u00e7ene\u011fini \u015eu Durumlarda Se\u00e7in\u2026<\/strong><\/h4>\n<p>\u015eunlarla \u00e7al\u0131\u015f\u0131yorsunuz: <strong>\u0131slak, yatm\u0131\u015f veya ayakta duran mahsul kal\u0131nt\u0131lar\u0131<\/strong>\u2014\u00f6rne\u011fin ya\u011fmur sonras\u0131 pirin\u00e7 saplar\u0131, yere serilmi\u015f bu\u011fday an\u0131zlar\u0131 veya dik m\u0131s\u0131r saplar\u0131 gibi. \u00c7eki\u00e7 pen\u00e7esi tasar\u0131m\u0131, malzemeyi agresif bir \u015fekilde kald\u0131r\u0131r ve hafif\u00e7e par\u00e7alar, bu da onu bu t\u00fcr i\u015fler i\u00e7in m\u00fckemmel bir se\u00e7im haline getirir. <strong>Islak saman i\u00e7in tar\u0131msal balya makinesi<\/strong> veya y\u00fcksek yo\u011funluklu biyok\u00fctle toplama.<\/p>\n<h4>?\u00a0<strong>Profesyonel Tavsiye: \u0130kisini de Al\u0131n!<\/strong><\/h4>\n<p>\u00c7iftlikler uygulama yap\u0131yor <strong>\u00fcr\u00fcn rotasyonu<\/strong> (\u00d6rne\u011fin, ilkbaharda saman, sonbaharda m\u0131s\u0131r) sipari\u015f vermekten en \u00e7ok fayda sa\u011flayanlar <strong>her iki toplama sistemi<\/strong>Alet gerektirmeyen de\u011fi\u015ftirme \u00f6zelli\u011fi sayesinde, dakikalar i\u00e7inde ge\u00e7i\u015f yapabilir ve g\u00fcvenilir bir par\u00e7ay\u0131 kullanmaya devam edebilirsiniz. <strong>kompakt yuvarlak balya makinesi<\/strong> Y\u0131l boyunca \u00e7al\u0131\u015farak, \u00e7al\u0131\u015fma s\u00fcresini en \u00fcst d\u00fczeye \u00e7\u0131kar\u0131rken sermaye maliyetini en aza indiriyoruz.<\/p>\n<p><img loading=\"lazy\" decoding=\"async\" class=\"aligncenter wp-image-330 size-large\" src=\"https:\/\/agricultural-baler.com\/wp-content\/uploads\/2025\/11\/0-wet-or-hay-1024x362.webp\" alt=\"\u0131slak veya saman\" width=\"1024\" height=\"362\" srcset=\"https:\/\/agricultural-baler.com\/wp-content\/uploads\/2025\/11\/0-wet-or-hay-1024x362.webp 1024w, https:\/\/agricultural-baler.com\/wp-content\/uploads\/2025\/11\/0-wet-or-hay-980x346.webp 980w, https:\/\/agricultural-baler.com\/wp-content\/uploads\/2025\/11\/0-wet-or-hay-480x169.webp 480w\" sizes=\"auto, (min-width: 0px) and (max-width: 480px) 480px, (min-width: 481px) and (max-width: 980px) 980px, (min-width: 981px) 1024px, 100vw\" \/><\/p>\n<h2 class=\"product-section-title\" style=\"background: #083762; color: white; padding: 15px 20px; border-radius: 5px; margin: 20px 0;\">Ger\u00e7ek \u00c7ift\u00e7iler, Ger\u00e7ek Sonu\u00e7lar<\/h2>\n<h4 data-spm-anchor-id=\"5176.28103460.0.i894.bc984fa5rlZb1k\">??\u00a0<strong>Tayland \u2013 Ya\u011fmurlu Mevsimde Pirin\u00e7 Saman\u0131 Y\u00f6netimi<\/strong><\/h4>\n<p><strong>M\u00fc\u015fteri<\/strong>: Somchai P.<br \/>\n<strong>Konum<\/strong>Surin Eyaleti, Tayland<br \/>\n<strong>Kullan\u0131m Durumu<\/strong>: Muson mevsiminde \u0131slak pirin\u00e7 saman\u0131n\u0131n balyalanmas\u0131<\/p>\n<blockquote><p>\u201cYa\u011fmurlu mevsimde tarlalar\u0131m\u0131z \u00e7amura d\u00f6n\u00fc\u015f\u00fcyor ve eski balya makineleri t\u0131kan\u0131yor. <strong>9YG-1.25'te \u00e7eki\u00e7 pen\u00e7esi \u015feklinde manyetik pikap<\/strong>\"Hasattan hemen sonra, hatta \u0131slak ko\u015fullarda bile, do\u011frudan balyalama yap\u0131yoruz. Art\u0131k kuru g\u00fcnleri beklemeye gerek yok. Bu, Taylandl\u0131 pirin\u00e7 \u00e7ift\u00e7ileri i\u00e7in oyunun kurallar\u0131n\u0131 de\u011fi\u015ftiren bir \u015fey.\"<\/p><\/blockquote>\n<h4>??\u00a0<strong>Romanya \u2013 Karma Yem ve Tah\u0131l Tar\u0131m\u0131<\/strong><\/h4>\n<p><strong>M\u00fc\u015fteri<\/strong>Elena Muresan<br \/>\n<strong>\u00c7iftlik<\/strong>Transilvanya Mera \u015eirketi<br \/>\n<strong>Konum<\/strong>Cluj \u0130l\u00e7esi, Romanya<br \/>\n<strong>Kullan\u0131m Durumu<\/strong>\u0130lkbaharda yonca, sonbaharda bu\u011fday saman\u0131<\/p>\n<blockquote><p>\u201cEskiden iki makineye ihtiyac\u0131m\u0131z vard\u0131 veya i\u015fimizin yar\u0131s\u0131n\u0131 d\u0131\u015far\u0131dan yapt\u0131r\u0131yorduk. \u015eimdi ise tek bir makineyle, <strong>de\u011fi\u015ftirilebilir toplama yuvarlak balya makinesi<\/strong>, ge\u00e7i\u015f yap\u0131yoruz <strong>yonca i\u00e7in yay di\u015fi<\/strong> May\u0131s ay\u0131nda - <strong>bu\u011fday art\u0131\u011f\u0131 i\u00e7in \u00e7eki\u00e7 pen\u00e7esi<\/strong> A\u011fustos ay\u0131nda. Tek makine, iki sezon, tam kontrol ve b\u00fcy\u00fck tasarruf.\"<img loading=\"lazy\" decoding=\"async\" class=\"aligncenter wp-image-327 size-full\" src=\"https:\/\/agricultural-baler.com\/wp-content\/uploads\/2025\/11\/0-agricultural-round-baler-for-Romania.webp\" alt=\"Romanya i\u00e7in tar\u0131msal yuvarlak balya makinesi\" width=\"1024\" height=\"690\" srcset=\"https:\/\/agricultural-baler.com\/wp-content\/uploads\/2025\/11\/0-agricultural-round-baler-for-Romania.webp 1024w, https:\/\/agricultural-baler.com\/wp-content\/uploads\/2025\/11\/0-agricultural-round-baler-for-Romania-980x660.webp 980w, https:\/\/agricultural-baler.com\/wp-content\/uploads\/2025\/11\/0-agricultural-round-baler-for-Romania-480x323.webp 480w\" sizes=\"auto, (min-width: 0px) and (max-width: 480px) 480px, (min-width: 481px) and (max-width: 980px) 980px, (min-width: 981px) 1024px, 100vw\" \/><\/p><\/blockquote>\n<h2 class=\"product-section-title\" style=\"background: #083762; color: white; padding: 15px 20px; border-radius: 5px; margin: 20px 0;\">\u2753 S\u0131k\u00e7a Sorulan Sorular (SSS)<\/h2>\n<h4><strong data-spm-anchor-id=\"5176.28103460.0.i905.bc984fa5rlZb1k\">S: Manyetikler aras\u0131nda ge\u00e7i\u015f yapmak \u00f6zel alet gerektirir mi?<\/strong><\/h4>\n<p><strong>A:<\/strong> Hay\u0131r. Yay di\u015fli ve \u00e7eki\u00e7 pen\u00e7eli manyetik al\u0131c\u0131lar \u015fu ama\u00e7la tasarlanm\u0131\u015ft\u0131r: <strong>aletsiz de\u011fi\u015ftirilebilirlik<\/strong>\u0130ki ki\u015fiyle takas i\u015flemi \u015fu kadar s\u00fcr\u00fcyor: <strong>10 dakikadan k\u0131sa s\u00fcrede<\/strong> H\u0131zl\u0131 a\u00e7ma pimleri ve standart montaj braketleri kullan\u0131larak, anahtar veya hidrolik kald\u0131rma sistemine gerek kalmadan kurulum sa\u011flan\u0131r.<\/p>\n<h4><strong>S: 50 beygir g\u00fcc\u00fcndeki bir trakt\u00f6rle kullan\u0131labilir mi?<\/strong><\/h4>\n<p><strong>A:<\/strong> Evet, ama baz\u0131 \u015fartlarla. 9YG-1.25 \u015fu ama\u00e7lar i\u00e7in optimize edilmi\u015ftir: <strong>80\u2013130 HP trakt\u00f6rler<\/strong> (\u226560 kW) g\u00fc\u00e7, \u00f6zellikle yo\u011fun veya \u0131slak kal\u0131nt\u0131larda tam performans i\u00e7in gereklidir. Ancak, d\u00fc\u015f\u00fck h\u0131zda da \u00e7al\u0131\u015fabilir. <strong>50 HP (\u224837 kW) trakt\u00f6r<\/strong> Hafif ve kuru samanlar\u0131 yayl\u0131 di\u015fli toplama aparat\u0131 kullanarak balyalarken - k\u00fc\u00e7\u00fck \u00f6l\u00e7ekli mera y\u00f6netimi i\u00e7in idealdir.<\/p>\n<h4><strong>S: \u00c7eki\u00e7 u\u00e7lu toplama aleti topra\u011fa zarar verir mi?<\/strong><\/h4>\n<p><strong>A:<\/strong> Do\u011fru kullan\u0131ld\u0131\u011f\u0131nda hay\u0131r. \u00c7eki\u00e7 pen\u00e7esi \u015fu ama\u00e7la tasarlanm\u0131\u015ft\u0131r: <strong>ayakta duran veya gev\u015fek kal\u0131nt\u0131lar\u0131 kald\u0131r\u0131n<\/strong>Topra\u011f\u0131 kazmaz. T\u0131rm\u0131k u\u00e7lar\u0131 toprak y\u00fczeyinin hemen \u00fczerinde d\u00f6nerek s\u0131k\u0131\u015fmay\u0131 veya toprak i\u015flemesini en aza indirir. En iyi sonu\u00e7lar i\u00e7in, uygun yerden y\u00fcksekli\u011fi koruyun (\u00e7ekme \u00e7ubu\u011fu ile ayarlanabilir) ve bitki \u00f6rt\u00fcs\u00fc olmayan \u00e7\u0131plak, yumu\u015fak topraklarda kullanmaktan ka\u00e7\u0131n\u0131n.<\/p>\n<h4><strong>S: \u0130ple ba\u011flamay\u0131 destekliyor mu, yoksa sadece a\u011f sarmay\u0131 m\u0131?<\/strong><\/h4>\n<p><strong>A:<\/strong> Standart model \u015funlarla birlikte gelir: <strong>otomatik a\u011f sarma sistemi<\/strong> Daha h\u0131zl\u0131 ve daha g\u00fcvenli balyalama i\u00e7in. Ancak, bir <strong>\u0130p ba\u011flama kiti iste\u011fe ba\u011fl\u0131 bir y\u00fckseltme olarak mevcuttur.<\/strong>Bu sayede depolama, ta\u015f\u0131ma veya pazar gereksinimlerinize g\u00f6re se\u00e7im yapabilirsiniz.<\/p>","protected":false},"excerpt":{"rendered":"<p>9YG-1.25 model tar\u0131msal yuvarlak balya makinesi, de\u011fi\u015ftirilebilir yayl\u0131 di\u015flere ve \u00e7eki\u00e7 pen\u00e7eli toplama u\u00e7lar\u0131na sahiptir; \u00f6zel alet gerektirmez ve toplama modu 10 dakika i\u00e7inde de\u011fi\u015ftirilebilir. Mevsimsel \u00fcr\u00fcn rotasyonuna ihtiya\u00e7 duyan \u00e7iftlikler i\u00e7in idealdir. \u0130ster kuru saman ister nemli saman olsun, bu kompakt yuvarlak balya makinesi her iki t\u00fcr\u00fc de kolayl\u0131kla i\u015fleyebilir.<\/p>","protected":false},"featured_media":326,"template":"","meta":{"_et_pb_use_builder":"","_et_pb_old_content":"","_et_gb_content_width":""},"product_brand":[],"product_cat":[23],"product_tag":[28,18,19],"class_list":{"0":"post-324","1":"product","2":"type-product","3":"status-publish","4":"has-post-thumbnail","6":"product_cat-round-baler","7":"product_tag-9yg-1-25-round-baler","8":"product_tag-agricultural-round-baler","9":"product_tag-round-baler","11":"first","12":"instock","13":"shipping-taxable","14":"product-type-simple"},"_links":{"self":[{"href":"https:\/\/agricultural-baler.com\/tr\/wp-json\/wp\/v2\/product\/324","targetHints":{"allow":["GET"]}}],"collection":[{"href":"https:\/\/agricultural-baler.com\/tr\/wp-json\/wp\/v2\/product"}],"about":[{"href":"https:\/\/agricultural-baler.com\/tr\/wp-json\/wp\/v2\/types\/product"}],"wp:featuredmedia":[{"embeddable":true,"href":"https:\/\/agricultural-baler.com\/tr\/wp-json\/wp\/v2\/media\/326"}],"wp:attachment":[{"href":"https:\/\/agricultural-baler.com\/tr\/wp-json\/wp\/v2\/media?parent=324"}],"wp:term":[{"taxonomy":"product_brand","embeddable":true,"href":"https:\/\/agricultural-baler.com\/tr\/wp-json\/wp\/v2\/product_brand?post=324"},{"taxonomy":"product_cat","embeddable":true,"href":"https:\/\/agricultural-baler.com\/tr\/wp-json\/wp\/v2\/product_cat?post=324"},{"taxonomy":"product_tag","embeddable":true,"href":"https:\/\/agricultural-baler.com\/tr\/wp-json\/wp\/v2\/product_tag?post=324"}],"curies":[{"name":"wp","href":"https:\/\/api.w.org\/{rel}","templated":true}]}}