{"id":314,"date":"2025-11-20T01:29:04","date_gmt":"2025-11-20T01:29:04","guid":{"rendered":"https:\/\/agricultural-baler.com\/?post_type=product&#038;p=314"},"modified":"2025-11-20T03:34:46","modified_gmt":"2025-11-20T03:34:46","slug":"agricultural-round-baler-9yg-2-24d-s9000","status":"publish","type":"product","link":"https:\/\/agricultural-baler.com\/tr\/urun\/tarimsal-yuvarlak-balya-makinesi-9yg-2-24d-s9000\/","title":{"rendered":"Tar\u0131m Yuvarlak Balya Makinesi \u2013 9YG-2.24D S9000"},"content":{"rendered":"<h2 class=\"product-section-title\" style=\"background: #083762; color: white; padding: 15px 20px; border-radius: 5px; margin: 20px 0;\">\u00dcr\u00fcn Genel Bak\u0131\u015f\u0131<\/h2>\n<p>O <strong>9YG-2.24D S9000 Yuvarlak Balya Makinesi<\/strong> sa\u011flam, y\u00fcksek performansl\u0131 bir \u00fcr\u00fcnd\u00fcr. <a href=\"https:\/\/agricultural-baler.com\/tr\/\">tar\u0131m balya makinesi<\/a> Zorlu saha ko\u015fullar\u0131 i\u00e7in tasarlanm\u0131\u015f bir makine. <strong>2240 mm pikap geni\u015fli\u011fi<\/strong> Ve <strong>sens\u00f6r kontroll\u00fc balya yo\u011funlu\u011fu<\/strong>Bu sistem, saman, sap ve biyok\u00fctle uygulamalar\u0131 i\u00e7in ideal olan d\u00fczg\u00fcn, yo\u011fun balyalar (\u03a61300\u00d71400mm, 100\u2013200 kg\/m\u00b3) \u00fcretir.<\/p>\n<p>Tasarland\u0131 <strong>55\u2013100 kW trakt\u00f6rler<\/strong>Bu \u00e7ekmeli balya makinesi, k\u00fc\u00e7\u00fck veya d\u00fczensiz tarlalarda \u00fcst\u00fcn performans g\u00f6sterir, \u00e7\u00fcnk\u00fc <strong>100\u00b0 yana d\u00f6n\u00fc\u015f ve 30\u00b0 yana e\u011fim \u00f6zelli\u011fine sahip ayarlanabilir \u00e7ekme \u00e7ubu\u011fu<\/strong>Bu sayede optimum \u00e7eki\u015f ve denge sa\u011flan\u0131r. <strong>\u00e7ift \u200b\u200btarafl\u0131 20A a\u011f\u0131r hizmet tipi zincir tahrik sistemi<\/strong> S\u0131k\u0131\u015ft\u0131rma kuvvetini art\u0131rarak balyalar\u0131n a\u011f\u0131rl\u0131\u011f\u0131n\u0131 'ye kadar \u00e7\u0131kar\u0131r. <strong>1000 pound<\/strong>, oysa <strong>yay di\u015fli pikap<\/strong> Islak veya yatm\u0131\u015f mahsulleri verimli bir \u015fekilde i\u015fler.<\/p>\n<p>B\u00fcy\u00fck \u00e7iftlikler, kooperatifler ve profesyonel balyalama hizmetleri i\u00e7in ideal olan S9000, kan\u0131tlanm\u0131\u015f g\u00fcvenilirli\u011fi ak\u0131ll\u0131 m\u00fchendislikle birle\u015ftirerek \u015fu avantajlar\u0131 sunar: <strong>40\u2013100 balya\/saat<\/strong> Ger\u00e7ek d\u00fcnya ko\u015fullar\u0131nda minimum kesinti s\u00fcresi ve \u00fcst\u00fcn performans ile.<\/p>\n<p><img loading=\"lazy\" decoding=\"async\" class=\"aligncenter wp-image-222 size-full\" src=\"https:\/\/agricultural-baler.com\/wp-content\/uploads\/2025\/11\/0-9YG-2.24D-baler-3.webp\" alt=\"9YG-2.24D balya makinesi\" width=\"600\" height=\"400\" srcset=\"https:\/\/agricultural-baler.com\/wp-content\/uploads\/2025\/11\/0-9YG-2.24D-baler-3.webp 600w, https:\/\/agricultural-baler.com\/wp-content\/uploads\/2025\/11\/0-9YG-2.24D-baler-3-480x320.webp 480w\" sizes=\"auto, (min-width: 0px) and (max-width: 480px) 480px, (min-width: 481px) 600px, 100vw\" \/><\/p>\n<h2 class=\"product-section-title\" style=\"background: #083762; color: white; padding: 15px 20px; border-radius: 5px; margin: 20px 0;\">Teknik \u00d6zellikler<\/h2>\n<div style=\"overflow-x: auto;\">\n<table style=\"max-width: 100%; overflow-x: auto;\" border=\"1\">\n<thead>\n<tr>\n<th data-spm-anchor-id=\"5176.28103460.0.i815.bc984fa5rlZb1k\">HAYIR.<\/th>\n<th>\u00d6\u011fe<\/th>\n<th>Birim<\/th>\n<th>\u00d6zellikler<\/th>\n<\/tr>\n<\/thead>\n<tbody>\n<tr>\n<td>1<\/td>\n<td>Model Ad\u0131<\/td>\n<td>\/<\/td>\n<td>9YG-2.24D Yuvarlak Balya Makinesi (S9000)<\/td>\n<\/tr>\n<tr>\n<td>2<\/td>\n<td>Ba\u011flant\u0131 Tipi<\/td>\n<td>\/<\/td>\n<td>\u00c7ekmeli Tip<\/td>\n<\/tr>\n<tr>\n<td>3<\/td>\n<td>Alma Geni\u015fli\u011fi<\/td>\n<td>mm<\/td>\n<td>2240<\/td>\n<\/tr>\n<tr>\n<td>4<\/td>\n<td>Pikap Yap\u0131 Tipi<\/td>\n<td>\/<\/td>\n<td>Yayl\u0131 Di\u015f Tipi<\/td>\n<\/tr>\n<tr>\n<td>5<\/td>\n<td>Beslenme Mekanizmas\u0131 Tipi<\/td>\n<td>\/<\/td>\n<td>Tarakl\u0131 Rulo + Rulo Tipi<\/td>\n<\/tr>\n<tr>\n<td>6<\/td>\n<td>S\u0131k\u0131\u015ft\u0131rma Odas\u0131 Balya Mekanizmas\u0131<\/td>\n<td>\/<\/td>\n<td>Silindir Tipi<\/td>\n<\/tr>\n<tr>\n<td>7<\/td>\n<td>S\u0131k\u0131\u015ft\u0131rma Odas\u0131 Geni\u015fli\u011fi<\/td>\n<td>mm<\/td>\n<td>1400<\/td>\n<\/tr>\n<tr>\n<td>8<\/td>\n<td>S\u0131k\u0131\u015ft\u0131rma Odas\u0131 \u00c7ap\u0131<\/td>\n<td>mm<\/td>\n<td>\u03a61200<\/td>\n<\/tr>\n<tr>\n<td>9<\/td>\n<td data-spm-anchor-id=\"5176.28103460.0.i814.bc984fa5rlZb1k\">S\u0131k\u0131\u015ft\u0131rma Bile\u015fenlerinin Say\u0131s\u0131<\/td>\n<td>adet<\/td>\n<td>18 (Silindirler)<\/td>\n<\/tr>\n<tr>\n<td>10<\/td>\n<td>S\u0131k\u0131\u015ft\u0131rma Silindiri \u00c7ap\u0131<\/td>\n<td>mm<\/td>\n<td>\u03a6222<\/td>\n<\/tr>\n<tr>\n<td>11<\/td>\n<td>Balyalama Y\u00f6ntemi<\/td>\n<td>\/<\/td>\n<td>A\u011f Sarg\u0131s\u0131<\/td>\n<\/tr>\n<tr>\n<td>12<\/td>\n<td>Gerekli G\u00fc\u00e7<\/td>\n<td>kW<\/td>\n<td>55\u2013100<\/td>\n<\/tr>\n<tr>\n<td>13<\/td>\n<td>Makine A\u011f\u0131rl\u0131\u011f\u0131<\/td>\n<td>kilogram<\/td>\n<td>4262<\/td>\n<\/tr>\n<tr>\n<td>14<\/td>\n<td>PTO \u015eaft H\u0131z\u0131<\/td>\n<td>r\/dakika<\/td>\n<td>720<\/td>\n<\/tr>\n<tr>\n<td>15<\/td>\n<td>Genel Boyutlar (Uzunluk \u00d7 Geni\u015flik \u00d7 Y\u00fckseklik)<\/td>\n<td>mm<\/td>\n<td>4240 \u00d7 3010 \u00d7 2450 (\u00e7al\u0131\u015f\u0131r durumda)<\/td>\n<\/tr>\n<tr>\n<td>16<\/td>\n<td>Balya Yo\u011funlu\u011fu Kontrol\u00fc<\/td>\n<td>\/<\/td>\n<td>Sens\u00f6r Kontroll\u00fc<\/td>\n<\/tr>\n<tr>\n<td>17<\/td>\n<td>Balya Boyutu (\u00c7ap \u00d7 Geni\u015flik)<\/td>\n<td>mm<\/td>\n<td>\u03a61300 \u00d7 1400<\/td>\n<\/tr>\n<tr>\n<td>18<\/td>\n<td>Balya Yo\u011funlu\u011fu<\/td>\n<td>kg\/m\u00b3<\/td>\n<td>100\u2013200<\/td>\n<\/tr>\n<tr>\n<td>19<\/td>\n<td>\u00dcretim Oran\u0131<\/td>\n<td>balya\/saat<\/td>\n<td>40\u2013100<\/td>\n<\/tr>\n<tr>\n<td>20<\/td>\n<td>Dingil a\u00e7\u0131kl\u0131\u011f\u0131<\/td>\n<td>mm<\/td>\n<td>2600<\/td>\n<\/tr>\n<tr>\n<td>21<\/td>\n<td>\u00c7al\u0131\u015fma H\u0131z\u0131<\/td>\n<td>km\/sa<\/td>\n<td>5\u201335<\/td>\n<\/tr>\n<tr>\n<td>22<\/td>\n<td>A\u011f Sarma Boyutu<\/td>\n<td>M<\/td>\n<td>Balya ba\u015f\u0131na 2000 \u00d7 1,4 m<\/td>\n<\/tr>\n<\/tbody>\n<\/table>\n<\/div>\n<h3 data-spm-anchor-id=\"5176.28103460.0.i855.bc984fa5rlZb1k\"><img loading=\"lazy\" decoding=\"async\" class=\"wp-image-319 size-full aligncenter\" src=\"https:\/\/agricultural-baler.com\/wp-content\/uploads\/2025\/11\/0-9YG-2.24D-baler-2-2.webp\" alt=\"9YG-2.24D balya makinesi 2\" width=\"996\" height=\"742\" srcset=\"https:\/\/agricultural-baler.com\/wp-content\/uploads\/2025\/11\/0-9YG-2.24D-baler-2-2.webp 996w, https:\/\/agricultural-baler.com\/wp-content\/uploads\/2025\/11\/0-9YG-2.24D-baler-2-2-980x730.webp 980w, https:\/\/agricultural-baler.com\/wp-content\/uploads\/2025\/11\/0-9YG-2.24D-baler-2-2-480x358.webp 480w\" sizes=\"auto, (min-width: 0px) and (max-width: 480px) 480px, (min-width: 481px) and (max-width: 980px) 980px, (min-width: 981px) 996px, 100vw\" \/><\/h3>\n<h2 class=\"product-section-title\" style=\"background: #083762; color: white; padding: 15px 20px; border-radius: 5px; margin: 20px 0;\">\u2699\ufe0fTemel \u00d6zellikler ve Yenilikler<\/h2>\n<h4>\u2705\u00a0<strong>Geli\u015fmi\u015f \u00c7eki Demiri ve Tahrik Sistemi<\/strong><\/h4>\n<p>\u00d6zelliklerinden biri <strong>kendi geli\u015ftirdi\u011fi \u00e7ift \u00fcniversal mafsall\u0131 (\u00e7ift \u00e7apraz mafsall\u0131) tahrik mili<\/strong> ve entegre bir <strong>emniyet tork s\u0131n\u0131rlay\u0131c\u0131 \u015faft<\/strong>S9000, k\u00fc\u00e7\u00fck veya d\u00fczensiz alanlarda keskin d\u00f6n\u00fc\u015fler s\u0131ras\u0131nda bile sorunsuz g\u00fc\u00e7 aktar\u0131m\u0131 sa\u011flar. Bu tasar\u0131m, tahrik hatt\u0131 s\u0131k\u0131\u015fmas\u0131n\u0131 etkili bir \u015fekilde \u00f6nler ve kritik bile\u015fenleri burulma a\u015f\u0131r\u0131 y\u00fck\u00fcnden koruyarak \u00e7al\u0131\u015fma s\u00fcresini ve dayan\u0131kl\u0131l\u0131\u011f\u0131 en \u00fcst d\u00fczeye \u00e7\u0131kar\u0131r.<\/p>\n<h4>\u2705\u00a0<strong>Daha sorunsuz \u00e7al\u0131\u015fma i\u00e7in geli\u015ftirilmi\u015f hidrolik sistem.<\/strong><\/h4>\n<p>Y\u00fcksek bas\u0131n\u00e7la donat\u0131lm\u0131\u015f <strong>H tipi konik (\u0131s\u0131r\u0131k tipi) hidrolik ba\u011flant\u0131 par\u00e7alar\u0131<\/strong>Bu sistem, balya haznesinin a\u00e7\u0131l\u0131p kapanma d\u00f6ng\u00fclerini h\u0131zland\u0131r\u0131r. \u00d6zel bir sistem... <strong>arka b\u00f6lmedeki tampon silindiri<\/strong> Kapanma s\u0131ras\u0131nda darbeyi emer, titre\u015fimi \u00f6nemli \u00f6l\u00e7\u00fcde azalt\u0131r ve yap\u0131sal par\u00e7alardaki a\u015f\u0131nmay\u0131 en aza indirir.<\/p>\n<h4>\u2705\u00a0<strong>Geli\u015ftirilmi\u015f Balya \u0130stikrar\u0131 ve Verimlili\u011fi<\/strong><\/h4>\n<p>O <strong>a\u011f\u0131r hizmet tipi \u015fanz\u0131man<\/strong> daha y\u00fcksek iletim torku sa\u011flarken, <strong>\u00e7ift \u200b\u200btarafl\u0131 di\u015fli zincir tahrik sistemi<\/strong> S\u0131k\u0131\u015ft\u0131rma haznesinde dengeli kuvvet da\u011f\u0131l\u0131m\u0131n\u0131 sa\u011flar. Sonu\u00e7? Ola\u011fan\u00fcst\u00fc d\u00fczg\u00fcn balya olu\u015fumu, tutarl\u0131 yo\u011funluk ve a\u011f\u0131r \u00fcr\u00fcn y\u00fcklerinde veya uzun s\u00fcreli g\u00fcnl\u00fck \u00e7al\u0131\u015fmalarda bile g\u00fcvenilir performans.<\/p>\n<h4>\u2705\u00a0<strong>Ak\u0131ll\u0131 Kontrol (Sadece S9000 Beyond S\u00fcr\u00fcm\u00fc \u0130\u00e7in)<\/strong><\/h4>\n<p>O <strong>Varyant\u0131n \u00f6tesinde<\/strong> A\u015fa\u011f\u0131dakiler de dahil olmak \u00fczere ak\u0131ll\u0131 \u00f6zellikler ekler:<\/p>\n<ul>\n<li>Ger\u00e7ek zamanl\u0131\u00a0<strong>sens\u00f6r tabanl\u0131 balya yo\u011funlu\u011fu kontrol\u00fc<\/strong><\/li>\n<li><strong>\u00c7al\u0131\u015fma verisi kayd\u0131<\/strong>\u00a0(balya say\u0131s\u0131, \u00e7al\u0131\u015fma saatleri vb.)<\/li>\n<li><strong>Kendi kendine te\u015fhis uyar\u0131lar\u0131<\/strong>\u00a0proaktif bak\u0131m i\u00e7in<br \/>\nBu ak\u0131ll\u0131 fonksiyonlar, operat\u00f6rlere daha fazla kontrol, verimlilik ve \u00f6ng\u00f6r\u00fclebilir hizmet planlamas\u0131 olana\u011f\u0131 sa\u011flar.<\/li>\n<\/ul>\n<h2 class=\"product-section-title\" style=\"background: #083762; color: white; padding: 15px 20px; border-radius: 5px; margin: 20px 0;\">Ba\u015fvurular ve Avantajlar<\/h2>\n<h4><strong>\u00c7e\u015fitli Mahsuller ve Ko\u015fullar \u0130\u00e7in \u0130deal<\/strong><\/h4>\n<p>O <strong>9YG-2.24D S9000 Yuvarlak Balya Makinesi<\/strong> \u00c7ok \u00e7e\u015fitli malzeme ve arazilerde \u00fcst\u00fcn performans g\u00f6sterir:<\/p>\n<ul>\n<li><strong>Mahsuller<\/strong>: Yonca, ot saman\u0131, bu\u011fday\/pirin\u00e7 sap\u0131, m\u0131s\u0131r sap\u0131 ve enerji bitkileri (\u00f6rne\u011fin, miscanthus, sorgum)<\/li>\n<li><strong>Ortamlar<\/strong>D\u00fcz ovalar, ini\u015fli \u00e7\u0131k\u0131\u015fl\u0131 tepeler, k\u00fc\u00e7\u00fck veya par\u00e7al\u0131 tarlalar ve y\u00fcksek nemli veya y\u00fcksek verimli ko\u015fullar.<\/li>\n<\/ul>\n<p>Sa\u011flam yayl\u0131 di\u015fli toplama mekanizmas\u0131 ve t\u0131kanmay\u0131 \u00f6nleyici besleme sistemi, \u0131slak, s\u0131k\u0131\u015fm\u0131\u015f veya yo\u011fun kal\u0131nt\u0131lar\u0131 kolayl\u0131kla halleder; bu da onu ger\u00e7ek bir d\u00f6rt mevsimlik \u00fcr\u00fcn haline getirir. <strong>tar\u0131m balya makinesi<\/strong>.<\/p>\n<h4><strong>Somut Ekonomik Faydalar<\/strong><\/h4>\n<ul data-spm-anchor-id=\"5176.28103460.0.i826.bc984fa5rlZb1k\">\n<li>\u23f1\ufe0f\u00a0<strong>\u0130\u015f\u00e7ilik maliyetlerini 30%+ oran\u0131nda azalt\u0131r.<\/strong>\u00a0balyalama i\u015flemlerinin tam otomasyonu yoluyla<\/li>\n<li>?\u00a0<strong>Saman geri kazan\u0131m oranlar\u0131n\u0131 art\u0131r\u0131r.<\/strong>At\u0131klar\u0131 de\u011ferli yem, altl\u0131k veya biyok\u00fctleye d\u00f6n\u00fc\u015ft\u00fcrmek<\/li>\n<li>?\u00a0<strong>Y\u00fcksek yo\u011funluklu, homojen balyalar<\/strong>\u00a0Daha d\u00fc\u015f\u00fck nakliye ve depolama maliyetleriyle daha iyi piyasa fiyatlar\u0131 elde etmek.<\/li>\n<\/ul>\n<h4><strong>G\u00fc\u00e7l\u00fc Sosyal ve \u00c7evresel Etki<\/strong><\/h4>\n<ul>\n<li>\u267b\ufe0f\u00a0<strong>D\u00f6ng\u00fcsel tar\u0131m\u0131 destekler.<\/strong>\u00a0verimli bitki art\u0131\u011f\u0131 yeniden kullan\u0131m\u0131n\u0131 sa\u011flayarak<\/li>\n<li>?\u00a0<strong>A\u00e7\u0131k alanda yakma yasaklar\u0131na uyulmas\u0131na yard\u0131mc\u0131 olur.<\/strong>\u00a0G\u00fcneydo\u011fu Asya ve Do\u011fu Avrupa gibi b\u00f6lgelerde<\/li>\n<li>\u26a1\u00a0<strong>Biyok\u00fctle enerji zincirini besler.<\/strong>\u2014balyalar enerji santralleri veya biyogaz tesisleri i\u00e7in yak\u0131t haline geliyor.<\/li>\n<\/ul>\n<p>\u0130ster y\u00fcksek kaliteli \u00fcr\u00fcnlere ihtiya\u00e7 duyan b\u00fcy\u00fck bir s\u00fct \u00e7iftli\u011fi olun, ister ba\u015fka bir \u015fey... <strong>saman balyalar\u0131<\/strong>y\u00fcklenici firma teklifi <strong>saman balyalama hizmetleri<\/strong>\u0130ster ye\u015fil enerji projesi i\u00e7in hammadde temini olsun, ister ba\u015fka bir \u015fey, S9000 i\u015fletmenize ve gezegene fayda sa\u011flayan bir performans sunar.<\/p>\n<p><img loading=\"lazy\" decoding=\"async\" class=\"aligncenter wp-image-94 size-full\" src=\"https:\/\/agricultural-baler.com\/wp-content\/uploads\/2025\/11\/0-baler-application.webp\" alt=\"balya makinesi uygulamas\u0131\" width=\"807\" height=\"759\" srcset=\"https:\/\/agricultural-baler.com\/wp-content\/uploads\/2025\/11\/0-baler-application.webp 807w, https:\/\/agricultural-baler.com\/wp-content\/uploads\/2025\/11\/0-baler-application-480x451.webp 480w\" sizes=\"auto, (min-width: 0px) and (max-width: 480px) 480px, (min-width: 481px) 807px, 100vw\" \/><\/p>\n<h2 class=\"product-section-title\" style=\"background: #083762; color: white; padding: 15px 20px; border-radius: 5px; margin: 20px 0;\">Ger\u00e7ek \u00c7ift\u00e7iler, Ger\u00e7ek Sonu\u00e7lar<\/h2>\n<h4>1.\u00a0<strong>Amerika Birle\u015fik Devletleri \u2013 Y\u00fcksek Nemli Saman \u00dcretimi<\/strong><\/h4>\n<ul>\n<li><strong>M\u00fc\u015fteri<\/strong>James R. Thompson<\/li>\n<li><strong>\u00c7iftlik<\/strong>Thompson Ailesi Saman \u015eirketi<\/li>\n<li><strong>Konum<\/strong>Nebraska, ABD<\/li>\n<li><strong>Sat\u0131n Alma Tarihi<\/strong>May\u0131s 2024<\/li>\n<li><strong>Ba\u015fvuru<\/strong>\u0130lkbahar ya\u011fmurlu mevsiminde yonca ve kar\u0131\u015f\u0131k otun balyalanmas\u0131<\/li>\n<li><strong>Al\u0131nt\u0131<\/strong>:<br \/>\n<blockquote><p>\u201cS9000 Classic'i 18 g\u00fcn boyunca \u0131slak ko\u015fullarda aral\u0131ks\u0131z \u00e7al\u0131\u015ft\u0131rd\u0131k; hi\u00e7bir t\u0131kanma, hi\u00e7bir ar\u0131za ya\u015fanmad\u0131. 100 beygir g\u00fcc\u00fcndeki trakt\u00f6r\u00fcm\u00fczle ayn\u0131 performans\u0131 g\u00f6sterdi ve her seferinde s\u0131k\u0131, pazara haz\u0131r balyalar \u00fcretti. En yo\u011fun hasat d\u00f6neminde s\u0131f\u0131r ar\u0131za s\u00fcresi \u2013 bu nadir g\u00f6r\u00fclen bir durum.\u201d<\/p><\/blockquote>\n<\/li>\n<\/ul>\n<hr \/>\n<h4>2.\u00a0<strong>Ukrayna \u2013 B\u00fcy\u00fck \u00d6l\u00e7ekli Saman Tedarik\u00e7isi<\/strong><\/h4>\n<ul>\n<li><strong>M\u00fc\u015fteri<\/strong>: Oleksandr Kovalenko<\/li>\n<li><strong>Organizasyon<\/strong>: AgroHarvest Kooperatifi<\/li>\n<li><strong>Konum<\/strong>Ukrayna, Kharkiv B\u00f6lgesi<\/li>\n<li><strong>Sat\u0131n Alma Tarihi<\/strong>A\u011fustos 2024<\/li>\n<li><strong>Ba\u015fvuru<\/strong>: \u0130hracat ve hayvan yata\u011f\u0131 i\u00e7in bu\u011fday saman\u0131 balyalama<\/li>\n<li><strong>Al\u0131nt\u0131<\/strong>:<br \/>\n<blockquote><p>\u201cAlman balya makineleriyle ilgili tedarik zinciri sorunlar\u0131ndan sonra S9000'e ge\u00e7tik. Performans ayn\u0131, <strong>40% daha d\u00fc\u015f\u00fck maliyet<\/strong>\"Ve yedek par\u00e7alar \u00c7in'den 5 g\u00fcn i\u00e7inde geldi. O zamandan beri bu modelle iki eski makineyi daha de\u011fi\u015ftirdik.\"<\/p><\/blockquote>\n<p><img loading=\"lazy\" decoding=\"async\" class=\"aligncenter wp-image-321 size-full\" src=\"https:\/\/agricultural-baler.com\/wp-content\/uploads\/2025\/11\/0-agricultural-round-baler-for-Ukraine.webp\" alt=\"Ukrayna i\u00e7in tar\u0131msal yuvarlak balya makinesi\" width=\"1024\" height=\"690\" srcset=\"https:\/\/agricultural-baler.com\/wp-content\/uploads\/2025\/11\/0-agricultural-round-baler-for-Ukraine.webp 1024w, https:\/\/agricultural-baler.com\/wp-content\/uploads\/2025\/11\/0-agricultural-round-baler-for-Ukraine-980x660.webp 980w, https:\/\/agricultural-baler.com\/wp-content\/uploads\/2025\/11\/0-agricultural-round-baler-for-Ukraine-480x323.webp 480w\" sizes=\"auto, (min-width: 0px) and (max-width: 480px) 480px, (min-width: 481px) and (max-width: 980px) 980px, (min-width: 981px) 1024px, 100vw\" \/><\/li>\n<\/ul>\n<hr \/>\n<h4>3.\u00a0<strong>Vietnam \u2013 H\u00fck\u00fcmet Destekli Saman Geri D\u00f6n\u00fc\u015f\u00fcm Program\u0131<\/strong><\/h4>\n<ul>\n<li><strong>M\u00fc\u015fteri<\/strong>: Nguyen Van Minh<\/li>\n<li><strong>Organizasyon<\/strong>Mekong Ye\u015fil \u00c7\u00f6z\u00fcmleri<\/li>\n<li><strong>Konum<\/strong>An Giang Eyaleti, Vietnam<\/li>\n<li><strong>Sat\u0131n Alma Tarihi<\/strong>Kas\u0131m 2024<\/li>\n<li><strong>Ba\u015fvuru<\/strong>Ulusal yakma kar\u015f\u0131t\u0131 politikay\u0131 desteklemek amac\u0131yla pirin\u00e7 sap\u0131 toplama kampanyas\u0131.<\/li>\n<li><strong>Al\u0131nt\u0131<\/strong>:<br \/>\n<blockquote><p>\u201cYerel y\u00f6netim tarlalarda yakmay\u0131 yasaklad\u0131, bu y\u00fczden acilen uygun fiyatl\u0131 ve g\u00fcvenilir balya makinelerine ihtiyac\u0131m\u0131z vard\u0131. S9000 burada yayg\u0131n olan 75 HP'lik trakt\u00f6rlerde m\u00fckemmel \u00e7al\u0131\u015f\u0131yor. \u00c7ift\u00e7iler \u00e7ok memnun ve hava kalitesi de iyile\u015fiyor.\u201d<\/p><\/blockquote>\n<p><img loading=\"lazy\" decoding=\"async\" class=\"aligncenter wp-image-320 size-full\" src=\"https:\/\/agricultural-baler.com\/wp-content\/uploads\/2025\/11\/0-agricultural-round-baler-for-Vietnam.webp\" alt=\"Vietnam i\u00e7in tar\u0131msal yuvarlak balya makinesi\" width=\"1024\" height=\"690\" srcset=\"https:\/\/agricultural-baler.com\/wp-content\/uploads\/2025\/11\/0-agricultural-round-baler-for-Vietnam.webp 1024w, https:\/\/agricultural-baler.com\/wp-content\/uploads\/2025\/11\/0-agricultural-round-baler-for-Vietnam-980x660.webp 980w, https:\/\/agricultural-baler.com\/wp-content\/uploads\/2025\/11\/0-agricultural-round-baler-for-Vietnam-480x323.webp 480w\" sizes=\"auto, (min-width: 0px) and (max-width: 480px) 480px, (min-width: 481px) and (max-width: 980px) 980px, (min-width: 981px) 1024px, 100vw\" \/><\/p>\n<p>&nbsp;<\/li>\n<\/ul>\n<h2 class=\"product-section-title\" style=\"background: #083762; color: white; padding: 15px 20px; border-radius: 5px; margin: 20px 0;\">\u00c7iftli\u011finiz i\u00e7in do\u011fru yuvarlak balya makinesini nas\u0131l se\u00e7ersiniz?<\/h2>\n<p data-spm-anchor-id=\"5176.28103460.0.i846.bc984fa5rlZb1k\">\u0130deal olan\u0131 se\u00e7mek <strong>tar\u0131msal yuvarlak balya makinesi<\/strong> Bu, trakt\u00f6r\u00fcn\u00fcze, ekin t\u00fcr\u00fcne, tarla ko\u015fullar\u0131na ve operasyonel hedeflerinize ba\u011fl\u0131d\u0131r. \u0130\u015fte karar vermenize yard\u0131mc\u0131 olacak k\u0131sa bir rehber:<\/p>\n<h4>\u2705\u00a0<strong>Trakt\u00f6r G\u00fcc\u00fc \u2264 80 HP (\u226460 kW)?<\/strong><\/h4>\n<p>\u2192 Se\u00e7iniz <strong>S9000 Klasik<\/strong><br \/>\nOrta s\u0131n\u0131f trakt\u00f6rler i\u00e7in optimize edilmi\u015f bu model, kan\u0131tlanm\u0131\u015f g\u00fcvenilirlik ve m\u00fckemmel de\u011fer sunar; geli\u015fmi\u015f elektronik \u00f6zelliklerden ziyade dayan\u0131kl\u0131l\u0131\u011fa \u00f6ncelik veren, maliyet bilinci y\u00fcksek \u00e7iftlikler i\u00e7in idealdir.<\/p>\n<h4>\u2705\u00a0<strong>Ak\u0131ll\u0131 \u0130zleme ve Hassas Yo\u011funluk Kontrol\u00fcne mi \u0130htiyac\u0131n\u0131z Var?<\/strong><\/h4>\n<p>\u2192 Hedefe y\u00f6nelin <strong>S9000'in \u00d6tesinde<\/strong><br \/>\nGer\u00e7ek zamanl\u0131 sens\u00f6rler, dijital balya say\u0131m\u0131 takibi ve otomatik yo\u011funluk ayarlamas\u0131 ile donat\u0131lm\u0131\u015f Beyond versiyonu, veri odakl\u0131 verimlilik arayan m\u00fcteahhitler ve b\u00fcy\u00fck i\u015fletmeler i\u00e7in idealdir.<\/p>\n<h4>\u2705\u00a0<strong>Islak pirin\u00e7 saman\u0131 veya y\u00fcksek verimli mahsul kal\u0131nt\u0131s\u0131yla m\u0131 \u00e7al\u0131\u015f\u0131yorsunuz?<\/strong><\/h4>\n<p>\u2192 \u00d6nceliklendirin <strong>t\u0131kanmay\u0131 \u00f6nleyici \u00f6zellikler<\/strong><br \/>\nHer iki model de g\u00fc\u00e7lendirilmi\u015f \u00f6zelli\u011fe sahiptir. <strong>yayl\u0131 di\u015fli manyetikler<\/strong> Ve <strong>tarakl\u0131 silindir + tambur besleyiciler<\/strong>Ancak balya makinenizin iste\u011fe ba\u011fl\u0131 \u00f6zelli\u011fi i\u00e7erdi\u011finden emin olun. <strong>sarma \u00f6nleyici silindirler<\/strong> Yap\u0131\u015fkan veya yo\u011fun ko\u015fullarda maksimum verimlilik i\u00e7in a\u011f\u0131r hizmet tipi zincirler.<\/p>\n<h4>?\u00a0<strong>Dikkate Al\u0131nmas\u0131 Gereken Di\u011fer \u00d6nemli Fakt\u00f6rler:<\/strong><\/h4>\n<ul>\n<li><strong>Alan Boyutu<\/strong>K\u00fc\u00e7\u00fck veya d\u00fczensiz araziler, S9000'in kompakt d\u00f6n\u00fc\u015f yar\u0131\u00e7ap\u0131ndan ve ayarlanabilir \u00e7ekme \u00e7ubu\u011fundan (30\u00b0'ye kadar yana yatma) faydalan\u0131r.<\/li>\n<li><strong>Balya Kullan\u0131m\u0131<\/strong>Hayvan yemi veya ihracat i\u00e7in, S9000'den elde edilen y\u00fcksek yo\u011funluklu balyalar (100\u2013200 kg\/m\u00b3) nakliye maliyetlerini d\u00fc\u015f\u00fcr\u00fcr ve pazarlanabilirli\u011fi art\u0131r\u0131r.<\/li>\n<li><strong>Sat\u0131\u015f Sonras\u0131 Destek<\/strong>: Yerel par\u00e7a bulunabilirli\u011fini kontrol edin\u2014k\u00fcresel a\u011f\u0131m\u0131z 30'dan fazla \u00fclkeyi kapsamakta olup \u00e7o\u011fu b\u00f6lgede 7 g\u00fcnden k\u0131sa s\u00fcrede teslimat yapmaktad\u0131r.<\/li>\n<\/ul>\n<blockquote><p>? <strong>Profesyonel \u0130pucu<\/strong>Emin de\u011filseniz, yerinde g\u00f6sterim talep edin! Balya makinesinin kolunu g\u00f6rmek <em>senin<\/em> mahsulde <em>senin<\/em> Uygunlu\u011fu teyit etmenin en iyi yolu ko\u015fullard\u0131r.<\/p><\/blockquote>\n<h2 class=\"product-section-title\" style=\"background: #083762; color: white; padding: 15px 20px; border-radius: 5px; margin: 20px 0;\">\u2753S\u0131k\u00e7a Sorulan Sorular<\/h2>\n<h4><strong>S: S9000 \u0131slak pirin\u00e7 saman\u0131 i\u00e7in uygun mudur?<\/strong><\/h4>\n<p><strong>A:<\/strong> Evet. S9000, \u00f6zellikle \u0131slak veya s\u0131k\u0131\u015fm\u0131\u015f pirin\u00e7 sap\u0131 gibi zorlu ko\u015fullar i\u00e7in tasarlanm\u0131\u015ft\u0131r. \u00d6zellikleri \u015funlard\u0131r: <strong>g\u00fc\u00e7lendirilmi\u015f yay di\u015fli al\u0131c\u0131<\/strong>, <strong>tarakl\u0131 silindir + tambur besleme sistemi<\/strong>ve iste\u011fe ba\u011fl\u0131 <strong>sarma \u00f6nleyici silindirler<\/strong> T\u0131kanmay\u0131 \u00f6nlemek i\u00e7in. Saha testleri, 1'e varan nem seviyelerinde bile g\u00fcvenilir performans g\u00f6sterdi\u011fini ortaya koymaktad\u0131r.<\/p>\n<h4><strong>S: 80 beygir g\u00fcc\u00fcndeki bir trakt\u00f6rle kullan\u0131labilir mi?<\/strong><\/h4>\n<p><strong>A:<\/strong> Kesinlikle. S9000, trakt\u00f6rler i\u00e7in tasarlanm\u0131\u015ft\u0131r. <strong>55\u2013100 kW (75\u2013135 HP)<\/strong> 80 HP'lik (\u224860 kW) bir trakt\u00f6r, \u00f6nerilen g\u00fc\u00e7 aral\u0131\u011f\u0131n\u0131n olduk\u00e7a i\u00e7indedir; bu da sorunsuz \u00e7al\u0131\u015fma, verimli balya olu\u015fumu ve PTO sisteminde zorlanma olmamas\u0131n\u0131 sa\u011flar.<\/p>\n<h4><strong>S: S8000'e k\u0131yasla en \u00f6nemli geli\u015ftirmeler nelerdir?<\/strong><\/h4>\n<p><strong>A:<\/strong> S9000, bir\u00e7ok \u00f6nemli iyile\u015ftirme sunuyor:<\/p>\n<ul>\n<li><strong>Geli\u015ftirilmi\u015f aktarma organlar\u0131<\/strong>Daha iyi d\u00f6n\u00fc\u015f stabilitesi i\u00e7in \u00e7ift \u00fcniversal mafsal + emniyet tork mili<\/li>\n<li><strong>Daha g\u00fc\u00e7l\u00fc s\u0131k\u0131\u015ft\u0131rma<\/strong>\u00c7ift tarafl\u0131 20A a\u011f\u0131r hizmet tipi zincirler, balya yo\u011funlu\u011funu ~15% art\u0131r\u0131r.<\/li>\n<li><strong>Daha ak\u0131ll\u0131 hidrolik sistemler<\/strong>: Daha h\u0131zl\u0131 ve sorunsuz oda d\u00f6ng\u00fcs\u00fc i\u00e7in H tipi ba\u011flant\u0131 par\u00e7alar\u0131 + tampon silindir<\/li>\n<li><strong>\u0130ste\u011fe ba\u011fl\u0131 ak\u0131ll\u0131 kontrol<\/strong>\u00a0(Beyond s\u00fcr\u00fcm\u00fc): Sens\u00f6r tabanl\u0131 yo\u011funluk ayarlamas\u0131 ve ar\u0131za te\u015fhisi<\/li>\n<\/ul>\n<h4><strong>S: S\u00fcrekli E\u011fitim (CE) sertifikas\u0131 veriyor musunuz?<\/strong><\/h4>\n<p><strong>A:<\/strong> Evet. S9000 serisi AB makine direktiflerine uygundur ve a\u015fa\u011f\u0131daki \u00f6zelliklerle birlikte tedarik edilebilir. <strong>CE sertifikas\u0131<\/strong> Talep \u00fczerine. Ayr\u0131ca, sorunsuz g\u00fcmr\u00fck i\u015flemleri i\u00e7in EAC (Avrasya), ISO 9001 ve di\u011fer b\u00f6lgesel uyumluluk belgelerini de destekliyoruz.<\/p>","protected":false},"excerpt":{"rendered":"<p>9YG-2.24D S9000 yuvarlak balya makinesi, saatte 40-100 adet y\u00fcksek yo\u011funluklu, d\u00fczg\u00fcn balya (\u03a61300\u00d71400mm) \u00fcretir ve saman, bu\u011fday\/sap ve biyok\u00fctle i\u00e7in idealdir. 75-135 hp trakt\u00f6rlerle uyumlu olan ak\u0131ll\u0131 \u00e7eki demiri, 30\u00b0 e\u011fim ve 100\u00b0 d\u00f6n\u00fc\u015fe olanak tan\u0131yarak k\u00fc\u00e7\u00fck veya engebeli araziler i\u00e7in idealdir.<\/p>","protected":false},"featured_media":318,"template":"","meta":{"_et_pb_use_builder":"off","_et_pb_old_content":"","_et_gb_content_width":""},"product_brand":[],"product_cat":[23],"product_tag":[18,19,27],"class_list":{"0":"post-314","1":"product","2":"type-product","3":"status-publish","4":"has-post-thumbnail","6":"product_cat-round-baler","7":"product_tag-agricultural-round-baler","8":"product_tag-round-baler","9":"product_tag-s9000-round-baler","11":"first","12":"instock","13":"shipping-taxable","14":"product-type-simple"},"_links":{"self":[{"href":"https:\/\/agricultural-baler.com\/tr\/wp-json\/wp\/v2\/product\/314","targetHints":{"allow":["GET"]}}],"collection":[{"href":"https:\/\/agricultural-baler.com\/tr\/wp-json\/wp\/v2\/product"}],"about":[{"href":"https:\/\/agricultural-baler.com\/tr\/wp-json\/wp\/v2\/types\/product"}],"wp:featuredmedia":[{"embeddable":true,"href":"https:\/\/agricultural-baler.com\/tr\/wp-json\/wp\/v2\/media\/318"}],"wp:attachment":[{"href":"https:\/\/agricultural-baler.com\/tr\/wp-json\/wp\/v2\/media?parent=314"}],"wp:term":[{"taxonomy":"product_brand","embeddable":true,"href":"https:\/\/agricultural-baler.com\/tr\/wp-json\/wp\/v2\/product_brand?post=314"},{"taxonomy":"product_cat","embeddable":true,"href":"https:\/\/agricultural-baler.com\/tr\/wp-json\/wp\/v2\/product_cat?post=314"},{"taxonomy":"product_tag","embeddable":true,"href":"https:\/\/agricultural-baler.com\/tr\/wp-json\/wp\/v2\/product_tag?post=314"}],"curies":[{"name":"wp","href":"https:\/\/api.w.org\/{rel}","templated":true}]}}