{"id":287,"date":"2025-11-19T07:02:11","date_gmt":"2025-11-19T07:02:11","guid":{"rendered":"https:\/\/agricultural-baler.com\/?post_type=product&#038;p=287"},"modified":"2025-11-20T03:34:46","modified_gmt":"2025-11-20T03:34:46","slug":"agricultural-round-baler-9yg-2-24d-s9000-classic","status":"publish","type":"product","link":"https:\/\/agricultural-baler.com\/tr\/urun\/tarimsal-yuvarlak-balya-makinesi-9yg-2-24d-s9000-classic\/","title":{"rendered":"Tar\u0131m Ama\u00e7l\u0131 Yuvarlak Balya Makinesi \u2013 9YG-2.24D S9000 Classic"},"content":{"rendered":"<h2><strong data-spm-anchor-id=\"5176.28103460.0.i741.bc984fa5rlZb1k\">\u00dcr\u00fcn Genel Bak\u0131\u015f: 9YG-2.24D S9000 Klasik Yuvarlak Balya Makinesi<\/strong><\/h2>\n<p>O <strong>9YG-2.24D S9000 Klasik<\/strong> Bu, zorlu saha ko\u015fullar\u0131nda g\u00fcvenilirlik ve performans i\u00e7in tasarlanm\u0131\u015f, y\u00fcksek verimli, \u00e7ekmeli tipte bir tar\u0131msal yuvarlak balya makinesidir. 2,24 metrelik toplama geni\u015fli\u011fi, sens\u00f6r kontroll\u00fc balya yo\u011funlu\u011fu ve sa\u011flam silindir tabanl\u0131 s\u0131k\u0131\u015ft\u0131rma haznesi ile saman, sap ve biyok\u00fctle uygulamalar\u0131 i\u00e7in ideal, d\u00fczg\u00fcn, y\u00fcksek yo\u011funluklu a\u011fla sar\u0131lm\u0131\u015f balyalar \u00fcretir.<\/p>\n<p>Tasarland\u0131 <strong>b\u00fcy\u00fck \u00f6l\u00e7ekli \u00e7iftlikler, tar\u0131m kooperatifleri ve profesyonel \u00f6zel hasat hizmetleri<\/strong>S9000 Classic, kan\u0131tlanm\u0131\u015f mekanik dayan\u0131kl\u0131l\u0131\u011f\u0131 ak\u0131ll\u0131 i\u015fletim \u00f6zellikleriyle dengeleyerek, \u00fcretkenli\u011fi, bak\u0131m kolayl\u0131\u011f\u0131n\u0131 ve uzun vadeli de\u011feri \u00f6nceliklendiren b\u00f6lgeler i\u00e7in uygun maliyetli bir i\u015f makinesi haline geliyor.<\/p>\n<p>Y\u0131llarca s\u00fcren saha testlerinden ge\u00e7irilmi\u015f tasar\u0131m \u00fczerine in\u015fa edilen bu model, yuvarlak balya makinesi serimizin g\u00fcvenilir temelini olu\u015fturarak, sezonlar boyunca tutarl\u0131 sonu\u00e7lar sunmaktad\u0131r.<\/p>\n<p>&nbsp;<\/p>\n<h2><strong>\u00dcr\u00fcn Parametreleri<\/strong><\/h2>\n<div style=\"overflow-x: auto;\">\n<table style=\"max-width: 100%; overflow-x: auto;\" border=\"1\">\n<thead>\n<tr>\n<th style=\"width: 26.5625px;\">HAYIR.<\/th>\n<th style=\"width: 244.562px;\">\u00d6\u011fe<\/th>\n<th style=\"width: 65.3906px;\">Birim<\/th>\n<th style=\"width: 259.484px;\">\u00d6zellikler<\/th>\n<\/tr>\n<\/thead>\n<tbody>\n<tr>\n<td style=\"width: 26.5625px;\">1<\/td>\n<td style=\"width: 244.562px;\">Model Ad\u0131<\/td>\n<td style=\"width: 65.3906px;\">\/<\/td>\n<td style=\"width: 259.484px;\">9YG-2.24D Yuvarlak Balya Makinesi (S9000 Classic)<\/td>\n<\/tr>\n<tr>\n<td style=\"width: 26.5625px;\">2<\/td>\n<td style=\"width: 244.562px;\">Ba\u011flant\u0131 Tipi<\/td>\n<td style=\"width: 65.3906px;\">\/<\/td>\n<td style=\"width: 259.484px;\">\u00c7ekmeli Tip<\/td>\n<\/tr>\n<tr>\n<td style=\"width: 26.5625px;\">3<\/td>\n<td style=\"width: 244.562px;\">Alma Geni\u015fli\u011fi<\/td>\n<td style=\"width: 65.3906px;\">mm<\/td>\n<td style=\"width: 259.484px;\">2240<\/td>\n<\/tr>\n<tr>\n<td style=\"width: 26.5625px;\">4<\/td>\n<td style=\"width: 244.562px;\">Pikap Yap\u0131 Tipi<\/td>\n<td style=\"width: 65.3906px;\">\/<\/td>\n<td style=\"width: 259.484px;\">Yayl\u0131 Di\u015f Tipi<\/td>\n<\/tr>\n<tr>\n<td style=\"width: 26.5625px;\">5<\/td>\n<td style=\"width: 244.562px;\">Beslenme Mekanizmas\u0131 Tipi<\/td>\n<td style=\"width: 65.3906px;\">\/<\/td>\n<td style=\"width: 259.484px;\">Tarakl\u0131 Rulo + Rulo Tipi<\/td>\n<\/tr>\n<tr>\n<td style=\"width: 26.5625px;\">6<\/td>\n<td style=\"width: 244.562px;\">S\u0131k\u0131\u015ft\u0131rma Odas\u0131 Balya Mekanizmas\u0131<\/td>\n<td style=\"width: 65.3906px;\">\/<\/td>\n<td style=\"width: 259.484px;\">Silindir Tipi<\/td>\n<\/tr>\n<tr>\n<td style=\"width: 26.5625px;\">7<\/td>\n<td style=\"width: 244.562px;\">S\u0131k\u0131\u015ft\u0131rma Odas\u0131 Geni\u015fli\u011fi<\/td>\n<td style=\"width: 65.3906px;\">mm<\/td>\n<td style=\"width: 259.484px;\">1400<\/td>\n<\/tr>\n<tr>\n<td style=\"width: 26.5625px;\">8<\/td>\n<td style=\"width: 244.562px;\">S\u0131k\u0131\u015ft\u0131rma Odas\u0131 \u00c7ap\u0131<\/td>\n<td style=\"width: 65.3906px;\">mm<\/td>\n<td style=\"width: 259.484px;\">\u03a61200<\/td>\n<\/tr>\n<tr>\n<td style=\"width: 26.5625px;\">9<\/td>\n<td style=\"width: 244.562px;\">S\u0131k\u0131\u015ft\u0131rma Bile\u015fenlerinin Say\u0131s\u0131<\/td>\n<td style=\"width: 65.3906px;\">adet<\/td>\n<td style=\"width: 259.484px;\">18 (Silindirler)<\/td>\n<\/tr>\n<tr>\n<td style=\"width: 26.5625px;\">10<\/td>\n<td style=\"width: 244.562px;\">S\u0131k\u0131\u015ft\u0131rma Silindiri \u00c7ap\u0131<\/td>\n<td style=\"width: 65.3906px;\">mm<\/td>\n<td style=\"width: 259.484px;\">\u03a6222<\/td>\n<\/tr>\n<tr>\n<td style=\"width: 26.5625px;\">11<\/td>\n<td style=\"width: 244.562px;\">Balyalama Y\u00f6ntemi<\/td>\n<td style=\"width: 65.3906px;\">\/<\/td>\n<td style=\"width: 259.484px;\">A\u011f Sarg\u0131s\u0131<\/td>\n<\/tr>\n<tr>\n<td style=\"width: 26.5625px;\">12<\/td>\n<td style=\"width: 244.562px;\">Gerekli G\u00fc\u00e7<\/td>\n<td style=\"width: 65.3906px;\">kW<\/td>\n<td style=\"width: 259.484px;\">55\u2013100<\/td>\n<\/tr>\n<tr>\n<td style=\"width: 26.5625px;\">13<\/td>\n<td style=\"width: 244.562px;\">Makine A\u011f\u0131rl\u0131\u011f\u0131<\/td>\n<td style=\"width: 65.3906px;\">kilogram<\/td>\n<td style=\"width: 259.484px;\">4312<\/td>\n<\/tr>\n<tr>\n<td style=\"width: 26.5625px;\">14<\/td>\n<td style=\"width: 244.562px;\">PTO \u015eaft H\u0131z\u0131<\/td>\n<td style=\"width: 65.3906px;\">r\/dakika<\/td>\n<td style=\"width: 259.484px;\">720<\/td>\n<\/tr>\n<tr>\n<td style=\"width: 26.5625px;\">15<\/td>\n<td style=\"width: 244.562px;\">Genel Boyutlar (Uzunluk \u00d7 Geni\u015flik \u00d7 Y\u00fckseklik)<\/td>\n<td style=\"width: 65.3906px;\">mm<\/td>\n<td style=\"width: 259.484px;\">4470 \u00d7 3010 \u00d7 2370 (\u00e7al\u0131\u015f\u0131r durumda)<\/td>\n<\/tr>\n<tr>\n<td style=\"width: 26.5625px;\">16<\/td>\n<td style=\"width: 244.562px;\">Balya Yo\u011funlu\u011fu Kontrol\u00fc<\/td>\n<td style=\"width: 65.3906px;\">\/<\/td>\n<td style=\"width: 259.484px;\">Sens\u00f6r Kontroll\u00fc<\/td>\n<\/tr>\n<tr>\n<td style=\"width: 26.5625px;\">17<\/td>\n<td style=\"width: 244.562px;\">Balya Boyutu (\u00c7ap \u00d7 Geni\u015flik)<\/td>\n<td style=\"width: 65.3906px;\">mm<\/td>\n<td style=\"width: 259.484px;\">\u03a61300 \u00d7 1400<\/td>\n<\/tr>\n<tr>\n<td style=\"width: 26.5625px;\">18<\/td>\n<td style=\"width: 244.562px;\">Balya Yo\u011funlu\u011fu<\/td>\n<td style=\"width: 65.3906px;\">kg\/m\u00b3<\/td>\n<td style=\"width: 259.484px;\">100\u2013200<\/td>\n<\/tr>\n<tr>\n<td style=\"width: 26.5625px;\">19<\/td>\n<td style=\"width: 244.562px;\">\u00dcretim Oran\u0131<\/td>\n<td style=\"width: 65.3906px;\">balya\/saat<\/td>\n<td style=\"width: 259.484px;\">40\u2013100<\/td>\n<\/tr>\n<tr>\n<td style=\"width: 26.5625px;\">20<\/td>\n<td style=\"width: 244.562px;\">Dingil a\u00e7\u0131kl\u0131\u011f\u0131<\/td>\n<td style=\"width: 65.3906px;\">mm<\/td>\n<td style=\"width: 259.484px;\">2600<\/td>\n<\/tr>\n<tr>\n<td style=\"width: 26.5625px;\">21<\/td>\n<td style=\"width: 244.562px;\">\u00c7al\u0131\u015fma H\u0131z\u0131<\/td>\n<td style=\"width: 65.3906px;\">km\/sa<\/td>\n<td style=\"width: 259.484px;\">5\u201335<\/td>\n<\/tr>\n<tr>\n<td style=\"width: 26.5625px;\">22<\/td>\n<td style=\"width: 244.562px;\">File \u00d6rt\u00fc \u00d6l\u00e7\u00fcleri (Uzunluk \u00d7 Geni\u015flik)<\/td>\n<td style=\"width: 65.3906px;\">\/<\/td>\n<td style=\"width: 259.484px;\">Balya ba\u015f\u0131na 2000 \u00d7 1,4 m<\/td>\n<\/tr>\n<\/tbody>\n<\/table>\n<\/div>\n<p><img loading=\"lazy\" decoding=\"async\" class=\"aligncenter wp-image-290 size-full\" src=\"https:\/\/agricultural-baler.com\/wp-content\/uploads\/2025\/11\/0-9YG-2.24D-baler-classic-2.webp\" alt=\"9YG-2.24D balya makinesi klasik 2\" width=\"945\" height=\"714\" srcset=\"https:\/\/agricultural-baler.com\/wp-content\/uploads\/2025\/11\/0-9YG-2.24D-baler-classic-2.webp 945w, https:\/\/agricultural-baler.com\/wp-content\/uploads\/2025\/11\/0-9YG-2.24D-baler-classic-2-480x363.webp 480w\" sizes=\"auto, (min-width: 0px) and (max-width: 480px) 480px, (min-width: 481px) 945px, 100vw\" \/><\/p>\n<h2><strong data-spm-anchor-id=\"5176.28103460.0.i745.bc984fa5rlZb1k\">Ba\u015fl\u0131ca Yenilikler ve Teknik Bilgiler<\/strong><strong data-spm-anchor-id=\"5176.28103460.0.i745.bc984fa5rlZb1k\"> Avantajlar<\/strong><\/h2>\n<h3>1.\u00a0<strong>Geli\u015fmi\u015f \u00c7eki Demiri ve Tahrik Sistemi<\/strong><\/h3>\n<p>Balya makinesi \u015fu \u00f6zelliklere sahiptir: <strong>kendi geli\u015ftirdi\u011fi \u00e7ift \u00fcniversal mafsall\u0131 (\u00e7ift \u00e7apraz mafsall\u0131) tahrik mili<\/strong>entegre bir ile birlikte <strong>emniyet tork s\u0131n\u0131rlay\u0131c\u0131 \u015faft<\/strong>Bu tasar\u0131m, \u00f6zellikle k\u00fc\u00e7\u00fck veya d\u00fczensiz tarlalarda kritik \u00f6neme sahip olan keskin d\u00f6n\u00fc\u015fler s\u0131ras\u0131nda \u015fanz\u0131man bile\u015fenleri \u00fczerindeki stresi \u00f6nemli \u00f6l\u00e7\u00fcde azalt\u0131r. Tahrik hatt\u0131 s\u0131k\u0131\u015fmas\u0131n\u0131 ve burulma a\u015f\u0131r\u0131 y\u00fcklenmesini \u00f6nleyerek, makinenin \u00f6mr\u00fcn\u00fc uzat\u0131r ve zorlu arazilerde sorunsuz \u00e7al\u0131\u015fmay\u0131 sa\u011flar.<\/p>\n<h3>2.\u00a0<strong>Daha h\u0131zl\u0131 ve sorunsuz \u00e7al\u0131\u015fma i\u00e7in geli\u015ftirilmi\u015f hidrolik sistem.<\/strong><\/h3>\n<p>Donat\u0131lm\u0131\u015f <strong>H tipi konik (\u0131s\u0131r\u0131k tipi) hidrolik ba\u011flant\u0131 par\u00e7alar\u0131<\/strong>Sistem, daha y\u00fcksek \u00e7al\u0131\u015fma bas\u0131n\u00e7lar\u0131na dayanabilir ve bu da \u015funlar\u0131 sa\u011flar: <strong>daha h\u0131zl\u0131 balya haznesi a\u00e7ma ve kapama d\u00f6ng\u00fcleri<\/strong>\u00d6zel bir <strong>tampon silindir<\/strong> Arka b\u00f6lmeye, kapanma s\u0131ras\u0131nda darbeyi emmek \u00fczere bir par\u00e7a yerle\u015ftirilmi\u015ftir; bu sayede yap\u0131sal bile\u015fenlerde titre\u015fimden kaynaklanan a\u015f\u0131nma en aza indirilir ve kullan\u0131m \u00f6mr\u00fc uzat\u0131l\u0131r.<\/p>\n<h3>3.\u00a0<strong>A\u011f\u0131r Hizmet Tipi \u015eanz\u0131man ve \u00c7ift Di\u015fli Hazneli Tahrik Sistemi<\/strong><\/h3>\n<p>G\u00fc\u00e7lendirilmi\u015f <strong>a\u011f\u0131r hizmet tipi \u015fanz\u0131man<\/strong> Y\u00fcksek \u00fcr\u00fcn y\u00fckleri alt\u0131nda bile tutarl\u0131 g\u00fc\u00e7 aktar\u0131m\u0131n\u0131 sa\u011flayarak, art\u0131r\u0131lm\u0131\u015f iletim torku sunar. Bununla birlikte, <strong>\u00e7ift \u200b\u200btarafl\u0131 di\u015fli zincir tahrik sistemi<\/strong> S\u0131k\u0131\u015ft\u0131rma odas\u0131 i\u00e7in bu konfig\u00fcrasyon, dengeli kuvvet da\u011f\u0131l\u0131m\u0131 sa\u011flayarak \u015fu sonu\u00e7lara yol a\u00e7ar: <strong>Daha d\u00fczg\u00fcn balya olu\u015fumu, azalt\u0131lm\u0131\u015f mekanik gerilim ve daha y\u00fcksek operasyonel verimlilik.<\/strong>\u2014uzun s\u00fcreli g\u00fcnl\u00fck kullan\u0131mda bile.<\/p>\n<p><img loading=\"lazy\" decoding=\"async\" class=\"aligncenter wp-image-291 size-full\" src=\"https:\/\/agricultural-baler.com\/wp-content\/uploads\/2025\/11\/0-baler-working.webp\" alt=\"balya makinesi \u00e7al\u0131\u015f\u0131yor\" width=\"737\" height=\"712\" srcset=\"https:\/\/agricultural-baler.com\/wp-content\/uploads\/2025\/11\/0-baler-working.webp 737w, https:\/\/agricultural-baler.com\/wp-content\/uploads\/2025\/11\/0-baler-working-480x464.webp 480w\" sizes=\"auto, (min-width: 0px) and (max-width: 480px) 480px, (min-width: 481px) 737px, 100vw\" \/><\/p>\n<h2 data-spm-anchor-id=\"5176.28103460.0.i750.bc984fa5rlZb1k\"><strong>Ba\u015fvurular ve Faydalar<\/strong><\/h2>\n<h3><strong>\u0130deal \u00c7al\u0131\u015fma Ko\u015fullar\u0131<\/strong><\/h3>\n<p>O <strong>9YG-2.24D S9000 Klasik<\/strong> \u00e7ok y\u00f6nl\u00fcd\u00fcr <a href=\"https:\/\/agricultural-baler.com\/tr\/\"><strong>tar\u0131m balya makinesi<\/strong><\/a> Geni\u015f \u00e7apl\u0131 tah\u0131l \u00fcretim b\u00f6lgelerinden hayvanc\u0131l\u0131\u011fa odakl\u0131 meralara kadar \u00e7e\u015fitli tar\u0131m ortamlar\u0131 i\u00e7in tasarlanm\u0131\u015ft\u0131r. \u015eu alanlarda \u00fcst\u00fcn performans g\u00f6sterir:<\/p>\n<ul>\n<li><strong>Kuru veya yar\u0131 kuru otlak alanlar\u0131<\/strong>\u00a0(yonca, \u00fc\u00e7g\u00fcl, \u00e7imen) g\u00fcvenilir bir kaynak olarak\u00a0<strong>saman balyalama makinesi<\/strong><\/li>\n<li><strong>Hasat sonras\u0131 saman toplama<\/strong>\u00a0Bu\u011fday, pirin\u00e7 veya m\u0131s\u0131r hasad\u0131ndan sonra - ideal olarak \u015funlar i\u00e7in:\u00a0<strong>saman balyalama<\/strong>\u00a0operasyonlar<\/li>\n<li><strong>Biyok\u00fctle geri kazan\u0131m\u0131<\/strong>\u00a0kam\u0131\u015f, sorgum sap\u0131 veya kolza gibi mahsul kal\u0131nt\u0131lar\u0131ndan<\/li>\n<li><strong>K\u00fc\u00e7\u00fck ve orta b\u00fcy\u00fckl\u00fckteki parseller<\/strong>\u00a0S\u0131k d\u00f6n\u00fc\u015flerde, optimize edilmi\u015f aktarma organlar\u0131 ve kompakt d\u00f6n\u00fc\u015f yar\u0131\u00e7ap\u0131 sayesinde<\/li>\n<\/ul>\n<p>\u0130ster d\u00fcz ovalarda ister hafif engebeli arazilerde olsun, bu <strong>yuvarlak balya makinesi<\/strong> Ger\u00e7ek saha ko\u015fullar\u0131nda tutarl\u0131 performans sunar.<\/p>\n<h3><strong>Ekonomik Faydalar<\/strong><\/h3>\n<ul>\n<li>\u23f1\ufe0f\u00a0<strong>Verimlili\u011fi art\u0131r\u0131r<\/strong>\u00c7al\u0131\u015fma h\u0131z\u0131 5\u201335 km\/sa ve \u00e7\u0131k\u0131\u015f g\u00fcc\u00fc \u015fu \u015fekildedir:\u00a0<strong>40\u2013100 balya\/saat<\/strong>, o\u00a0<strong>yuvarlak balya makinesi<\/strong>\u00a0Manuel veya eski ekipmanlara k\u0131yasla saha \u00e7al\u0131\u015fma s\u00fcresini \u00f6nemli \u00f6l\u00e7\u00fcde azalt\u0131r.<\/li>\n<li>?\u00a0<strong>\u0130\u015fletme maliyetlerini d\u00fc\u015f\u00fcr\u00fcr<\/strong>Sa\u011flam tasar\u0131m ar\u0131zalar\u0131 en aza indirir; kolay bak\u0131m i\u015f\u00e7ilik ve yedek par\u00e7a giderlerini 1'e varan oranda azalt\u0131r.<\/li>\n<li>?\u00a0<strong>Balya kalitesini iyile\u015ftirir<\/strong>: Tekd\u00fcze, y\u00fcksek yo\u011funluklu\u00a0<strong>saman balyalar\u0131<\/strong>\u00a0(100\u2013200 kg\/m\u00b3) yem pazarlar\u0131nda daha iyi fiyatlar elde edilmesini sa\u011flar ve nakliye\/depolama kay\u0131plar\u0131n\u0131 azalt\u0131r.<\/li>\n<li>?\u00a0<strong>Orta s\u0131n\u0131f trakt\u00f6rlerle uyumludur.<\/strong>\u00a0(55\u2013100 kW), bu da verimlilikten \u00f6d\u00fcn vermeden maliyet bilinci y\u00fcksek \u00e7iftlikler i\u00e7in eri\u015filebilir hale getiriyor.<\/li>\n<\/ul>\n<h3><strong>Sosyal ve \u00c7evresel Faydalar<\/strong><\/h3>\n<ul>\n<li>\u267b\ufe0f\u00a0<strong>S\u00fcrd\u00fcr\u00fclebilir tar\u0131m\u0131 te\u015fvik eder.<\/strong>: Verimli\u00a0<strong>saman balyalama<\/strong>\u00a0Bu sayede mahsul art\u0131klar\u0131n\u0131n geri d\u00f6n\u00fc\u015f\u00fcm\u00fc sa\u011flan\u0131r; bu da a\u00e7\u0131k alanlarda yakmay\u0131 azalt\u0131r ve hava kirlili\u011fini d\u00fc\u015f\u00fcr\u00fcr.<\/li>\n<li>?\u200d?\u00a0<strong>\u0130\u015fg\u00fcc\u00fcne ba\u011f\u0131ml\u0131l\u0131\u011f\u0131 azalt\u0131r<\/strong>Geleneksel olarak yo\u011fun emek gerektiren bir g\u00f6revi otomatikle\u015ftirerek k\u0131rsal kesimdeki i\u015fg\u00fcc\u00fc k\u0131tl\u0131\u011f\u0131 \u00fczerindeki bask\u0131y\u0131 hafifletiyor.<\/li>\n<li>?\u00a0<strong>D\u00f6ng\u00fcsel tar\u0131m\u0131 destekler.<\/strong>Balya haline getirilmi\u015f saman, de\u011ferli bir yatak malzemesi, biyoyak\u0131t hammaddesi veya organik g\u00fcbreye d\u00f6n\u00fc\u015ferek kaynak d\u00f6ng\u00fcs\u00fcn\u00fc tamamlar.<\/li>\n<\/ul>\n<p><img loading=\"lazy\" decoding=\"async\" class=\"aligncenter wp-image-282 size-large\" src=\"https:\/\/agricultural-baler.com\/wp-content\/uploads\/2025\/11\/0-agricultural-baler-banner3-1024x317.webp\" alt=\"tar\u0131m balya makinesi afi\u015fi\" width=\"1024\" height=\"317\" srcset=\"https:\/\/agricultural-baler.com\/wp-content\/uploads\/2025\/11\/0-agricultural-baler-banner3-980x303.webp 980w, https:\/\/agricultural-baler.com\/wp-content\/uploads\/2025\/11\/0-agricultural-baler-banner3-480x149.webp 480w\" sizes=\"auto, (min-width: 0px) and (max-width: 480px) 480px, (min-width: 481px) and (max-width: 980px) 980px, (min-width: 981px) 1024px, 100vw\" \/><\/p>\n<h2>?\u00a0<strong>Ger\u00e7ek Hikayeler, Ger\u00e7ek Sonu\u00e7lar: \u00c7ift\u00e7iler S9000 Classic Yuvarlak Balya Makinesine G\u00fcveniyor<\/strong><\/h2>\n<hr \/>\n<h4>1.\u00a0<strong>Amerika Birle\u015fik Devletleri \u2013 Orta Bat\u0131 Saman \u00dcreticisi<\/strong><\/h4>\n<ul>\n<li><strong>M\u00fc\u015fteri<\/strong>Daniel Miller, Miller Hay Farms'\u0131n sahibi.<\/li>\n<li><strong>Konum<\/strong>Nebraska, ABD<\/li>\n<li><strong>Sat\u0131n Alma Tarihi<\/strong>Nisan 2024<\/li>\n<li><strong>Sat\u0131n Al\u0131nan Birimler<\/strong>: 3 adet<\/li>\n<li><strong>Ba\u015fvuru<\/strong>S\u00fct s\u0131\u011f\u0131rlar\u0131 i\u00e7in yem olarak kullan\u0131lan yonca ve ot saman\u0131n\u0131n balyalanmas\u0131<\/li>\n<li><strong>Referans<\/strong>:<br \/>\n<blockquote><p>\u201c90 HP'lik trakt\u00f6r\u00fcm\u00fczle uyumlu, $30K motorlu g\u00fcvenilir bir saman balyalama makinesine ihtiyac\u0131m\u0131z vard\u0131. S9000 Classic bunu sa\u011flad\u0131; \u0131slak bahar hasad\u0131m\u0131zda s\u0131f\u0131r s\u0131k\u0131\u015fmayla g\u00fcnde 100'den fazla balya \u00fcretti. A\u011f sarg\u0131s\u0131 s\u0131k\u0131 ve saman toplama sistemi, eski John Deere'imize g\u00f6re devrilmi\u015f saman\u0131 daha iyi topluyor. Fiyat\u0131na g\u00f6re rakipsiz.\u201d<\/p><\/blockquote>\n<\/li>\n<\/ul>\n<hr \/>\n<h4>2.\u00a0<strong>Ukrayna \u2013 Tah\u0131l ve Hayvanc\u0131l\u0131k Kooperatifi<\/strong><\/h4>\n<ul>\n<li><strong>M\u00fc\u015fteri<\/strong>: AgroSoyuz Tovarystvo (AgroSoyuz Kooperatifi)<\/li>\n<li><strong>Konum<\/strong>Poltava B\u00f6lgesi, Ukrayna<\/li>\n<li><strong>Sat\u0131n Alma Tarihi<\/strong>Temmuz 2024<\/li>\n<li><strong>Sat\u0131n Al\u0131nan Birimler<\/strong>: 5 adet<\/li>\n<li><strong>Ba\u015fvuru<\/strong>Bu\u011fday saman\u0131 balyalama, s\u0131\u011f\u0131r yata\u011f\u0131 ve ihracat\u0131 i\u00e7in<\/li>\n<li><strong>Referans<\/strong>:<br \/>\n<blockquote><p>\u201cYapt\u0131r\u0131mlar Avrupa makineleri i\u00e7in yedek par\u00e7a tedarikini k\u0131s\u0131tlad\u0131ktan sonra, bu \u00c7in yap\u0131m\u0131 yuvarlak balya makinesine ge\u00e7tik. 85 beygir g\u00fcc\u00fcndeki trakt\u00f6rlerle g\u00fcnde 12 saat \u00e7al\u0131\u015f\u0131yor. \u00c7ift tarafl\u0131 zincir tahrik sistemi, eski modellerimizde b\u00fcy\u00fck bir sorun olan kay\u0131\u015f kaymas\u0131n\u0131 \u00f6nl\u00fcyor. Zaten \u00fc\u00e7\u00fcnc\u00fc bir \u00fcnite daha sipari\u015f ettik.\u201d<\/p><\/blockquote>\n<p><img loading=\"lazy\" decoding=\"async\" class=\"alignnone size-medium wp-image-222\" src=\"https:\/\/agricultural-baler.com\/wp-content\/uploads\/2025\/11\/0-9YG-2.24D-baler-3-300x200.webp\" alt=\"9YG-2.24D balya makinesi\" width=\"300\" height=\"200\" \/><\/li>\n<\/ul>\n<hr \/>\n<h4>3.\u00a0<strong>Mo\u011folistan \u2013 Bozk\u0131r \u00c7oban \u00c7iftli\u011fi<\/strong><\/h4>\n<ul>\n<li><strong>M\u00fc\u015fteri<\/strong>Batbayar Enkhbold, Gobi Agro LLC M\u00fcd\u00fcr\u00fc<\/li>\n<li><strong>Konum<\/strong>: \u00d6v\u00f6rkhangai Eyaleti, Mo\u011folistan<\/li>\n<li><strong>Sat\u0131n Alma Tarihi<\/strong>Eyl\u00fcl 2024<\/li>\n<li><strong>Sat\u0131n Al\u0131nan Birimler<\/strong>: 1 adet<\/li>\n<li><strong>Ba\u015fvuru<\/strong>K\u0131\u015fl\u0131k hayvan yemi i\u00e7in do\u011fal \u00e7ay\u0131r otunun balyalanmas\u0131<\/li>\n<li><strong>Referans<\/strong>:<br \/>\n<blockquote><p>\u201cMeralar\u0131m\u0131z kayal\u0131k ve engebeli, ancak bu tar\u0131m balya makinesi bunun \u00fcstesinden iyi geliyor. Yerden y\u00fcksekli\u011fi ayarlanabilir ve emniyet tork mili, gizli ta\u015flara \u00e7arpt\u0131\u011f\u0131m\u0131zda bizi iki kez kurtard\u0131. \u00c7in'den teslimat sadece 22 g\u00fcn s\u00fcrd\u00fc - yerel bayilerden daha h\u0131zl\u0131!\u201d<\/p><\/blockquote>\n<\/li>\n<\/ul>\n<hr \/>\n<h4>4.\u00a0<strong>Arjantin \u2013 Soya Kal\u0131nt\u0131s\u0131 Y\u00fcklenicisi<\/strong><\/h4>\n<ul>\n<li><strong>M\u00fc\u015fteri<\/strong>: CampoLimpio Servicios Agr\u00edcolas<\/li>\n<li><strong>Konum<\/strong>C\u00f3rdoba, Arjantin<\/li>\n<li><strong>Sat\u0131n Alma Tarihi<\/strong>\u015eubat 2025<\/li>\n<li><strong>Sat\u0131n Al\u0131nan Birimler<\/strong>: 3 adet<\/li>\n<li><strong>Ba\u015fvuru<\/strong>Biyok\u00fctle enerji santralleri i\u00e7in soya fasulyesi ve m\u0131s\u0131r sap\u0131 balyalama<\/li>\n<li><strong>Referans<\/strong>:<br \/>\n<blockquote><p>\u201cY\u00fcksek nem oran\u0131na sahip balya art\u0131klar\u0131 i\u00e7in be\u015f balya makinesini test ettik. Sadece S9000 Classic t\u0131kanmad\u0131. Yayl\u0131 di\u015fli toplama mekanizmas\u0131 ve sar\u0131lmay\u0131 \u00f6nleyici silindir kombinasyonu harika \u00e7al\u0131\u015f\u0131yor. Yat\u0131r\u0131m\u0131n geri d\u00f6n\u00fc\u015f\u00fc 6 ay i\u00e7inde ger\u00e7ekle\u015fti; \u015fimdi t\u00fcm filomuzu de\u011fi\u015ftiriyoruz.\u201d<\/p><\/blockquote>\n<\/li>\n<\/ul>\n<hr \/>\n<h4>5.\u00a0<strong>Vietnam \u2013 Pirin\u00e7 Saman\u0131 Geri D\u00f6n\u00fc\u015f\u00fcm Giri\u015fimi<\/strong><\/h4>\n<ul>\n<li><strong>M\u00fc\u015fteri<\/strong>: Mekong Ye\u015fil Enerji \u015eirketi<\/li>\n<li><strong>Konum<\/strong>An Giang Eyaleti, Vietnam<\/li>\n<li><strong>Sat\u0131n Alma Tarihi<\/strong>Kas\u0131m 2024<\/li>\n<li><strong>Sat\u0131n Al\u0131nan Birimler<\/strong>: 8 adet (\u00e7ift\u00e7i kooperatifi program\u0131 i\u00e7in)<\/li>\n<li><strong>Ba\u015fvuru<\/strong>Pirin\u00e7 sap\u0131 toplama ve pelet fabrikalar\u0131na tedarik etme<\/li>\n<li><strong>Referans<\/strong>:<br \/>\n<blockquote>\n<p data-spm-anchor-id=\"5176.28103460.0.i754.bc984fa5rlZb1k\">\u201cH\u00fck\u00fcmet tarlalarda saman yakmay\u0131 yasaklad\u0131, bu y\u00fczden acilen uygun fiyatl\u0131 saman balyalama makinelerine ihtiyac\u0131m\u0131z vard\u0131. Bu yuvarlak balyalama makinesi burada yayg\u0131n olan 75 beygir g\u00fcc\u00fcndeki trakt\u00f6rlerle \u00e7al\u0131\u015f\u0131yor. Kullan\u0131m\u0131 basit; \u00e7ift\u00e7iler tek bir g\u00f6sterimde \u00f6\u011frendiler. Bak\u0131m\u0131 kolay ve par\u00e7alar Guangzhou'dan 3 g\u00fcnde geliyor.\u201d<\/p>\n<\/blockquote>\n<p data-spm-anchor-id=\"5176.28103460.0.i754.bc984fa5rlZb1k\">\n<\/li>\n<\/ul>\n<h2><strong>SSS<\/strong><\/h2>\n<p><em><strong>S: Bu balya makinesi hangi \u00fcr\u00fcnler i\u00e7in uygundur?<\/strong><\/em><\/p>\n<p>A: 9YG-2.24D S9000 Classic, yonca (alyon, \u00fc\u00e7g\u00fcl), bu\u011fday, pirin\u00e7 gibi saman ve sorgum sap\u0131 gibi biyok\u00fctle malzemeleri de dahil olmak \u00fczere \u00e7e\u015fitli \u00fcr\u00fcnler i\u00e7in uygundur.<\/p>\n<p><em><strong>S: Ne kadar trakt\u00f6r g\u00fcc\u00fcne ihtiya\u00e7 duyulmaktad\u0131r?<\/strong><\/em><\/p>\n<p>A: Bu yuvarlak balya makinesi, 55 ila 100 kW (75 ila 135 HP) aral\u0131\u011f\u0131ndaki trakt\u00f6rlerle verimli bir \u015fekilde \u00e7al\u0131\u015f\u0131r.<\/p>\n<p><em><strong>S: Islak saman ko\u015fullar\u0131nda verim ne kadard\u0131r?<\/strong><\/em><\/p>\n<p>A: Islak ko\u015fullar alt\u0131nda \u00fcretim miktar\u0131 de\u011fi\u015febilir, ancak i\u015flem h\u0131z\u0131n\u0131n daha yava\u015f olmas\u0131 nedeniyle genellikle saatte 40 ila 60 balya aras\u0131nda de\u011fi\u015fir.<\/p>\n<p><em><strong>S: Eski S8000 modeline k\u0131yasla ne gibi geli\u015ftirmeler yap\u0131ld\u0131?<\/strong><\/em><\/p>\n<p>A: S8000 ile kar\u015f\u0131la\u015ft\u0131r\u0131ld\u0131\u011f\u0131nda, S9000 Classic, zorlu arazilerde daha iyi performans i\u00e7in geli\u015ftirilmi\u015f aktarma organ\u0131 dayan\u0131kl\u0131l\u0131\u011f\u0131na, iyile\u015ftirilmi\u015f hidrolik sistemlere ve art\u0131r\u0131lm\u0131\u015f \u015fanz\u0131man torkuna sahiptir.<\/p>\n<p>&nbsp;<\/p>","protected":false},"excerpt":{"rendered":"<p>Bu tar\u0131msal yuvarlak balya makinesi, saman, sap ve biyok\u00fctle balyalama i\u00e7in tasarlanm\u0131\u015f g\u00fcvenilir, \u00e7ekmeli tipte bir tar\u0131msal yuvarlak balya makinesidir. 2,24 m toplama geni\u015fli\u011fi ve sens\u00f6r kontroll\u00fc yo\u011funlu\u011fu ile saatte 40-100 balya h\u0131z\u0131nda, 1,3 m \u00e7ap\u0131nda, a\u011f ile sar\u0131lm\u0131\u015f homojen balyalar \u00fcretir.<\/p>","protected":false},"featured_media":288,"template":"","meta":{"_et_pb_use_builder":"","_et_pb_old_content":"","_et_gb_content_width":""},"product_brand":[],"product_cat":[23],"product_tag":[18,19,27],"class_list":{"0":"post-287","1":"product","2":"type-product","3":"status-publish","4":"has-post-thumbnail","6":"product_cat-round-baler","7":"product_tag-agricultural-round-baler","8":"product_tag-round-baler","9":"product_tag-s9000-round-baler","11":"first","12":"instock","13":"shipping-taxable","14":"product-type-simple"},"_links":{"self":[{"href":"https:\/\/agricultural-baler.com\/tr\/wp-json\/wp\/v2\/product\/287","targetHints":{"allow":["GET"]}}],"collection":[{"href":"https:\/\/agricultural-baler.com\/tr\/wp-json\/wp\/v2\/product"}],"about":[{"href":"https:\/\/agricultural-baler.com\/tr\/wp-json\/wp\/v2\/types\/product"}],"wp:featuredmedia":[{"embeddable":true,"href":"https:\/\/agricultural-baler.com\/tr\/wp-json\/wp\/v2\/media\/288"}],"wp:attachment":[{"href":"https:\/\/agricultural-baler.com\/tr\/wp-json\/wp\/v2\/media?parent=287"}],"wp:term":[{"taxonomy":"product_brand","embeddable":true,"href":"https:\/\/agricultural-baler.com\/tr\/wp-json\/wp\/v2\/product_brand?post=287"},{"taxonomy":"product_cat","embeddable":true,"href":"https:\/\/agricultural-baler.com\/tr\/wp-json\/wp\/v2\/product_cat?post=287"},{"taxonomy":"product_tag","embeddable":true,"href":"https:\/\/agricultural-baler.com\/tr\/wp-json\/wp\/v2\/product_tag?post=287"}],"curies":[{"name":"wp","href":"https:\/\/api.w.org\/{rel}","templated":true}]}}