{"id":218,"date":"2025-11-18T08:42:09","date_gmt":"2025-11-18T08:42:09","guid":{"rendered":"https:\/\/agricultural-baler.com\/?post_type=product&#038;p=218"},"modified":"2025-11-20T03:34:47","modified_gmt":"2025-11-20T03:34:47","slug":"agricultural-round-baler-9yg-2-24d-s9000-beyond-version","status":"publish","type":"product","link":"https:\/\/agricultural-baler.com\/tr\/urun\/tarimsal-yuvarlak-balya-makinesi-9yg-2-24d-s9000-beyond-versiyonu\/","title":{"rendered":"Tar\u0131m Yuvarlak Balya Makinesi \u2013 9YG-2.24D S9000 Beyond Versiyonu"},"content":{"rendered":"<h2><strong>\u00dcr\u00fcn \u00d6zellikleri<\/strong><\/h2>\n<ol>\n<li><strong>H\u0131zl\u0131 Ba\u011flant\u0131<\/strong>Balya makinesini trakt\u00f6re ba\u011flarken, yatay \u00e7eki demiri esnek bir \u015fekilde yukar\u0131 ve a\u015fa\u011f\u0131 d\u00f6nebilir, bu da trakt\u00f6r\u00fcn ba\u011flant\u0131 piminin ba\u011flant\u0131 noktas\u0131yla sorunsuz bir \u015fekilde birle\u015fmesini sa\u011flar.<\/li>\n<li><strong>Azalt\u0131lm\u0131\u015f D\u00f6n\u00fc\u015f Yar\u0131\u00e7ap\u0131<\/strong>\u00c7ift vites kutusu, sola ve sa\u011fa 90 derece d\u00f6n\u00fc\u015fe olanak tan\u0131yarak, tarla d\u00f6n\u00fc\u015flerinde ve balya makinesini \u00e7ekerken y\u00f6n de\u011fi\u015fikliklerinde manevra kabiliyetini \u00f6nemli \u00f6l\u00e7\u00fcde art\u0131r\u0131r. D\u00f6n\u00fc\u015fler s\u0131ras\u0131nda g\u00fcc\u00fcn kesilmesine gerek kalmamas\u0131, \u00e7al\u0131\u015fmay\u0131 daha kolay hale getirir ve operat\u00f6r yorgunlu\u011funu azalt\u0131r. Ayr\u0131ca, vites kutusu arac\u0131l\u0131\u011f\u0131yla g\u00fc\u00e7 aktar\u0131m\u0131 genel verimlili\u011fi art\u0131r\u0131r.<\/li>\n<li><strong>Y\u00fcksek Stabilite ve Dayan\u0131kl\u0131l\u0131k<\/strong>\u00c7ift vites kutusu, \u00e7ekme \u00e7ubu\u011fu \u00e7er\u00e7evesine sa\u011flam bir \u015fekilde ba\u011flanarak m\u00fckemmel yap\u0131sal stabilite sa\u011flar. Bu tasar\u0131m, engebeli arazide \u00e7al\u0131\u015f\u0131rken burulma gerilimi nedeniyle \u00e7ekme \u00e7ubu\u011funa veya tahrik miline gelebilecek hasar\u0131 \u00f6nler.<\/li>\n<\/ol>\n<h3><strong data-spm-anchor-id=\"5176.28103460.0.i562.bc984fa5rlZb1k\">Teknik \u00d6zellikler<\/strong><\/h3>\n<div style=\"overflow-x: auto;\">\n<table style=\"max-width: 100%; overflow-x: auto;\" border=\"1\">\n<thead>\n<tr>\n<th>HAYIR.<\/th>\n<th>\u00d6\u011fe<\/th>\n<th>Birim<\/th>\n<th>\u00d6zellikler<\/th>\n<\/tr>\n<\/thead>\n<tbody>\n<tr>\n<td>1<\/td>\n<td>Model Ad\u0131<\/td>\n<td>\/<\/td>\n<td>9YG-2.24D Yuvarlak Balya Makinesi (S9000 Beyond)<\/td>\n<\/tr>\n<tr>\n<td>2<\/td>\n<td>Ba\u011flant\u0131 Tipi<\/td>\n<td>\/<\/td>\n<td>Trakt\u00f6r \u00c7eki Demiri (\u00c7ekmeli Tip)<\/td>\n<\/tr>\n<tr>\n<td>3<\/td>\n<td>Alma Geni\u015fli\u011fi<\/td>\n<td>mm<\/td>\n<td>2240<\/td>\n<\/tr>\n<tr>\n<td>4<\/td>\n<td>Pikap Yap\u0131 Tipi<\/td>\n<td>\/<\/td>\n<td>Yayl\u0131 Di\u015f Tipi<\/td>\n<\/tr>\n<tr>\n<td>5<\/td>\n<td>Beslenme Mekanizmas\u0131 Tipi<\/td>\n<td>\/<\/td>\n<td>Tarak + Rulo Tipi<\/td>\n<\/tr>\n<tr>\n<td>6<\/td>\n<td>S\u0131k\u0131\u015ft\u0131rma Odas\u0131 Balya Mekanizmas\u0131<\/td>\n<td>\/<\/td>\n<td>Silindir Tipi<\/td>\n<\/tr>\n<tr>\n<td>7<\/td>\n<td>S\u0131k\u0131\u015ft\u0131rma Odas\u0131 Geni\u015fli\u011fi<\/td>\n<td>mm<\/td>\n<td>1400<\/td>\n<\/tr>\n<tr>\n<td>8<\/td>\n<td>S\u0131k\u0131\u015ft\u0131rma Odas\u0131 \u00c7ap\u0131<\/td>\n<td>mm<\/td>\n<td>\u03a61200<\/td>\n<\/tr>\n<tr>\n<td>9<\/td>\n<td>S\u0131k\u0131\u015ft\u0131rma Bile\u015fenlerinin Say\u0131s\u0131<\/td>\n<td>adet<\/td>\n<td>18 (Silindirler)<\/td>\n<\/tr>\n<tr>\n<td>10<\/td>\n<td>S\u0131k\u0131\u015ft\u0131rma Silindiri \u00c7ap\u0131<\/td>\n<td>mm<\/td>\n<td>\u03a6222<\/td>\n<\/tr>\n<tr>\n<td>11<\/td>\n<td>Balyalama Y\u00f6ntemi<\/td>\n<td>\/<\/td>\n<td>A\u011f Sarg\u0131s\u0131<\/td>\n<\/tr>\n<tr>\n<td>12<\/td>\n<td>Gerekli G\u00fc\u00e7<\/td>\n<td>kW<\/td>\n<td>55\u2013100<\/td>\n<\/tr>\n<tr>\n<td>13<\/td>\n<td>Makine A\u011f\u0131rl\u0131\u011f\u0131<\/td>\n<td>kilogram<\/td>\n<td>4570<\/td>\n<\/tr>\n<tr>\n<td>14<\/td>\n<td>PTO \u015eaft H\u0131z\u0131<\/td>\n<td>r\/dakika<\/td>\n<td>720<\/td>\n<\/tr>\n<tr>\n<td>15<\/td>\n<td>Genel Boyutlar (Uzunluk \u00d7 Geni\u015flik \u00d7 Y\u00fckseklik)<\/td>\n<td>mm<\/td>\n<td>4600 \u00d7 3010 \u00d7 2370 (\u00e7al\u0131\u015f\u0131r durumda)<\/td>\n<\/tr>\n<tr>\n<td>16<\/td>\n<td>Balya Yo\u011funlu\u011fu Kontrol\u00fc<\/td>\n<td>\/<\/td>\n<td>Sens\u00f6r Kontroll\u00fc<\/td>\n<\/tr>\n<tr>\n<td>17<\/td>\n<td>Balya Boyutu (\u00c7ap \u00d7 Geni\u015flik)<\/td>\n<td>mm<\/td>\n<td>\u03a61300 \u00d7 1400<\/td>\n<\/tr>\n<tr>\n<td>18<\/td>\n<td>Balya Yo\u011funlu\u011fu<\/td>\n<td>kg\/m\u00b3<\/td>\n<td>100\u2013200<\/td>\n<\/tr>\n<tr>\n<td>19<\/td>\n<td>\u00dcretim Oran\u0131<\/td>\n<td>balya\/saat<\/td>\n<td>40\u2013100<\/td>\n<\/tr>\n<tr>\n<td>20<\/td>\n<td>Dingil a\u00e7\u0131kl\u0131\u011f\u0131<\/td>\n<td>mm<\/td>\n<td>2600<\/td>\n<\/tr>\n<tr>\n<td>21<\/td>\n<td>\u00c7al\u0131\u015fma H\u0131z\u0131<\/td>\n<td>km\/sa<\/td>\n<td>5\u201335<\/td>\n<\/tr>\n<tr>\n<td>22<\/td>\n<td>File \u00d6rt\u00fc \u00d6l\u00e7\u00fcleri (Uzunluk \u00d7 Geni\u015flik)<\/td>\n<td>\/<\/td>\n<td>Balya ba\u015f\u0131na 2000 \u00d7 1,4 m<\/td>\n<\/tr>\n<\/tbody>\n<\/table>\n<\/div>\n<h2><strong>Ba\u015fl\u0131ca Yenilikler<\/strong><\/h2>\n<p><img loading=\"lazy\" decoding=\"async\" class=\"aligncenter wp-image-220 size-full\" src=\"https:\/\/agricultural-baler.com\/wp-content\/uploads\/2025\/11\/0-9YG-2.24D-baler-2.webp\" alt=\"9YG-2.24D balya makinesi \" width=\"853\" height=\"718\" srcset=\"https:\/\/agricultural-baler.com\/wp-content\/uploads\/2025\/11\/0-9YG-2.24D-baler-2.webp 853w, https:\/\/agricultural-baler.com\/wp-content\/uploads\/2025\/11\/0-9YG-2.24D-baler-2-480x404.webp 480w\" sizes=\"auto, (min-width: 0px) and (max-width: 480px) 480px, (min-width: 481px) 853px, 100vw\" \/><\/p>\n<h3>S9000 Ak\u0131ll\u0131 Kontrol Sistemi<\/h3>\n<ul>\n<li>Dokunmatik Ekranl\u0131 \u0130nsan-Makine Aray\u00fcz\u00fc: Ger\u00e7ek zamanl\u0131 \u00e7al\u0131\u015fma durumunu, paket say\u0131s\u0131n\u0131 ve hata kodlar\u0131n\u0131 g\u00f6r\u00fcnt\u00fcleyerek sezgisel bir i\u015fletim deneyimi sunar, operasyonel \u015feffafl\u0131\u011f\u0131 ve bak\u0131m kolayl\u0131\u011f\u0131n\u0131 sa\u011flar.<\/li>\n<li>Yo\u011funluk \u00d6n Ayar\u0131 ve Otomatik Haf\u0131za Fonksiyonu: Farkl\u0131 \u00fcr\u00fcnlerin ihtiya\u00e7lar\u0131n\u0131 kar\u015f\u0131lamak i\u00e7in \u00fc\u00e7 yo\u011funluk \u00f6n ayar se\u00e7ene\u011fini (Yumu\u015fak\/Orta\/Sert) destekler. Sistem, kullan\u0131c\u0131 tercihlerini hat\u0131rlayan ve i\u015flem s\u00fcrecini basitle\u015ftiren otomatik bir haf\u0131za fonksiyonuna sahiptir.<\/li>\n<\/ul>\n<h3>Geli\u015ftirilmi\u015f Alma Sistemi<\/h3>\n<ul>\n<li>G\u00fc\u00e7lendirilmi\u015f Di\u015fler + Dola\u015fmay\u0131 \u00d6nleyici Silindir: Islak ve y\u00fcksek verimli \u00fcr\u00fcnlerin zorluklar\u0131n\u0131n \u00fcstesinden gelmek ve i\u015f verimlili\u011fini art\u0131rmak i\u00e7in \u00f6zel olarak tasarlanm\u0131\u015f di\u015fler ve dola\u015fmay\u0131 \u00f6nleyici bir silindir kullan\u0131r.<\/li>\n<li>Ayarlanabilir Y\u00fckseklik: Farkl\u0131 arazi ko\u015fullar\u0131na g\u00f6re kamyonet y\u00fcksekli\u011fini ayarlayarak, de\u011fi\u015fen \u00e7al\u0131\u015fma ortamlar\u0131na uyum sa\u011flar ve s\u00fcrekli ve istikrarl\u0131 \u00e7al\u0131\u015fma imkan\u0131 sunar.<\/li>\n<\/ul>\n<h3>S\u00fcr\u00fcm \u0130letimi G\u00fc\u00e7lendirmesinin \u00d6tesinde<\/h3>\n<ul>\n<li>Geli\u015ftirilmi\u015f \u00c7ift Di\u015fli Kutusu: 90\u00b0 d\u00f6n\u00fc\u015f tasar\u0131m\u0131na sahiptir ve tamamen s\u0131zd\u0131rmaz ya\u011flama sa\u011flayarak mekanik verimlili\u011fi ve dayan\u0131kl\u0131l\u0131\u011f\u0131 art\u0131r\u0131r.<\/li>\n<li>A\u011f\u0131r Hizmet Tipi \u00dcniversal Mafsal + A\u015f\u0131r\u0131 Y\u00fcke Kar\u015f\u0131 Korumal\u0131 Kesme C\u0131vatas\u0131: Mekanik hasar\u0131 \u00f6nlemek, sistem g\u00fcvenilirli\u011fini ve emniyetini art\u0131rmak i\u00e7in daha sa\u011flam bir \u00fcniversal mafsal ve a\u015f\u0131r\u0131 y\u00fcke kar\u015f\u0131 korumal\u0131 kesme c\u0131vatalar\u0131yla donat\u0131lm\u0131\u015ft\u0131r.<\/li>\n<\/ul>\n<h3>H\u0131zl\u0131 Bak\u0131m Tasar\u0131m\u0131<\/h3>\n<ul>\n<li>Mod\u00fcler D\u00fc\u011f\u00fcmleme Makinesi: Mod\u00fcler tasar\u0131m, b\u0131\u00e7a\u011f\u0131n 5 dakika i\u00e7inde de\u011fi\u015ftirilmesine olanak tan\u0131yarak ar\u0131za s\u00fcresini \u00f6nemli \u00f6l\u00e7\u00fcde azalt\u0131r.<\/li>\n<li>A\u015f\u0131nma Par\u00e7alar\u0131n\u0131n Merkezi Yerle\u015fimi: A\u015f\u0131nma par\u00e7alar\u0131 kolay eri\u015fim i\u00e7in merkezi olarak konumland\u0131r\u0131lm\u0131\u015ft\u0131r, bu da bak\u0131m s\u00fcrecini optimize eder, bak\u0131m verimlili\u011fini 1'e kadar art\u0131r\u0131r ve bak\u0131m s\u00fcresini ve maliyetlerini azalt\u0131r.<\/li>\n<\/ul>\n<h2><strong>Uygulama Alanlar\u0131: 9YG-2.24D S9000 Beyond Yuvarlak Balya Makinesinin Ola\u011fan\u00fcst\u00fc Performans Sergiledi\u011fi Yerler<\/strong><\/h2>\n<p><img loading=\"lazy\" decoding=\"async\" class=\"aligncenter wp-image-94 size-full\" src=\"https:\/\/agricultural-baler.com\/wp-content\/uploads\/2025\/11\/0-baler-application.webp\" alt=\"balya makinesi uygulamas\u0131\" width=\"807\" height=\"759\" srcset=\"https:\/\/agricultural-baler.com\/wp-content\/uploads\/2025\/11\/0-baler-application.webp 807w, https:\/\/agricultural-baler.com\/wp-content\/uploads\/2025\/11\/0-baler-application-480x451.webp 480w\" sizes=\"auto, (min-width: 0px) and (max-width: 480px) 480px, (min-width: 481px) 807px, 100vw\" \/><\/p>\n<ol data-spm-anchor-id=\"5176.28103460.0.i575.bc984fa5rlZb1k\">\n<li><strong>S\u00fct ve Et S\u0131\u011f\u0131r\u0131 \u00c7iftlikleri \u2013 Birinci S\u0131n\u0131f Saman Balya \u00dcretimi<\/strong><br \/>\n\u0130dealdir <strong>yuvarlak balya makinesi i\u015flemleri<\/strong> B\u00fcy\u00fck \u00f6l\u00e7ekli s\u00fct ve et i\u015fleme tesislerinde, bu makine yonca, \u00fc\u00e7g\u00fcl ve otu y\u00fcksek yo\u011funluklu, hava ko\u015fullar\u0131na dayan\u0131kl\u0131 bir g\u00fcbreye verimli bir \u015fekilde d\u00f6n\u00fc\u015ft\u00fcr\u00fcr. <strong>saman balyalar\u0131<\/strong>\u2014y\u0131l boyunca tutarl\u0131 yem kalitesinin sa\u011flanmas\u0131.<\/li>\n<li>\n<p data-spm-anchor-id=\"5176.28103460.0.i574.bc984fa5rlZb1k\"><strong>Tah\u0131l Mahsul\u00fc Kal\u0131nt\u0131lar\u0131n\u0131n Geri D\u00f6n\u00fc\u015f\u00fcm\u00fc \u2013 Hasattan Sonra Saman Balyalama<\/strong><br \/>\nBu\u011fday, pirin\u00e7 veya m\u0131s\u0131r hasad\u0131ndan sonra, <strong>S9000 Beyond yuvarlak balya makinesi<\/strong> Art\u0131k samanlar\u0131 h\u0131zla toplar ve homojen bir \u015fekilde s\u0131k\u0131\u015ft\u0131r\u0131r. <strong>tar\u0131msal balyalar<\/strong>At\u0131klar\u0131 yatak malzemesi, biyoyak\u0131t veya toprak iyile\u015ftirici olarak kullan\u0131labilecek de\u011ferli biyok\u00fctleye d\u00f6n\u00fc\u015ft\u00fcrmek.<\/p>\n<\/li>\n<li><strong>\u00d6zel Bitki Yeti\u015ftirme Y\u00f6netimi \u2013 Zorlu Biyok\u00fctle Balya \u0130\u015flemi<\/strong><br \/>\n\u015eeker kam\u0131\u015f\u0131 tepelerinden ve kolza saplar\u0131ndan kam\u0131\u015f ve miscanthus'a kadar, bu <strong>a\u011f\u0131r hizmet tipi balya makinesi<\/strong> Zorlu, nemli veya birbirine dolanm\u0131\u015f mahsul kal\u0131nt\u0131lar\u0131n\u0131 kolayl\u0131kla halleder; bu da onu en iyi se\u00e7eneklerden biri yapar. <strong>biyok\u00fctle balyalama<\/strong> Enerji ve end\u00fcstriyel uygulamalarda.<\/li>\n<li><strong>B\u00fcy\u00fck \u00d6l\u00e7ekli Yem \u00dcretimi Yapan Y\u00fckleniciler \u2013 Y\u00fcksek Verimlilikte Saha Operasyonlar\u0131<\/strong><br \/>\nBinlerce d\u00f6n\u00fcml\u00fck araziyi y\u00f6neten m\u00fcteahhitler i\u00e7in tasarlanm\u0131\u015ft\u0131r. <strong>9YG-2.24D <a href=\"https:\/\/agricultural-baler.com\/tr\/\">yuvarlak balya makinesi<\/a><\/strong> Yo\u011fun \u00e7al\u0131\u015fma d\u00f6nemlerinde e\u015fsiz h\u0131z (saatte 100 balyaya kadar) ve g\u00fcvenilirlik sunar. <strong>balyalama mevsimleri<\/strong>Bu sayede ar\u0131za s\u00fcreleri en aza indirilir ve yat\u0131r\u0131m getirisi en \u00fcst d\u00fczeye \u00e7\u0131kar\u0131l\u0131r.<\/li>\n<li><strong>\u00c7evre Dostu Tar\u0131m ve Karbon Kredisi Programlar\u0131<\/strong><br \/>\nVerimlili\u011fi sa\u011flayarak <strong>saman balyas\u0131 toplama<\/strong> tarla yakmak yerine, bu <strong>ak\u0131ll\u0131 yuvarlak balya makinesi<\/strong> S\u00fcrd\u00fcr\u00fclebilir tar\u0131m uygulamalar\u0131n\u0131 destekler ve \u00e7ift\u00e7ilerin \u00e7evresel te\u015fviklerden ve karbon kredisi programlar\u0131ndan yararlanmalar\u0131na yard\u0131mc\u0131 olur.<\/li>\n<li><strong>\u0130hracata Y\u00f6nelik Saman \u00dcreticileri \u2013 Uluslararas\u0131 Standartlar\u0131 Kar\u015f\u0131lama<\/strong><br \/>\nKesin bir \u015fekilde <strong>balya yo\u011funlu\u011fu kontrol\u00fc<\/strong> ve a\u011fla sarma tutarl\u0131l\u0131\u011f\u0131 sayesinde makine, ihracat kalitesinde \u00fcr\u00fcnler \u00fcretir. <strong>yuvarlak saman balyalar\u0131<\/strong> Japonya, G\u00fcney Kore ve Orta Do\u011fu gibi pazarlarda kat\u0131 kalite gereksinimlerini kar\u015f\u0131layan \u00fcr\u00fcnler.<\/li>\n<\/ol>\n<p>&nbsp;<\/p>\n<h2 data-spm-anchor-id=\"5176.28103460.0.i580.bc984fa5rlZb1k\"><strong>Sertifikalar ve Uyumluluk<\/strong><\/h2>\n<ul>\n<li><strong>ISO 9001 Kalite Y\u00f6netim Sistemi<\/strong><br \/>\n\u00dcr\u00fcn kalitesinde tutarl\u0131l\u0131k, s\u00fcre\u00e7 kontrol\u00fc ve tasar\u0131m ve \u00fcretimde s\u00fcrekli iyile\u015ftirme konular\u0131nda sertifikal\u0131d\u0131r.<\/li>\n<li><strong>CE Sertifikas\u0131 (\u0130ste\u011fe Ba\u011fl\u0131 Yap\u0131land\u0131rma)<\/strong><br \/>\nAvrupa Ekonomik Alan\u0131'nda kullan\u0131lmak \u00fczere tasarlanan modeller i\u00e7in talep \u00fczerine temin edilebilir ve AB Makine Direktifi 2006\/42\/EC g\u00fcvenlik gerekliliklerine uygunluk sa\u011flan\u0131r.<\/li>\n<li><strong>Ulusal Tar\u0131m Makineleri Tan\u0131t\u0131m De\u011ferlendirme Sertifikas\u0131<\/strong><br \/>\n\u00c7in Tar\u0131m ve K\u0131rsal \u0130\u015fler Bakanl\u0131\u011f\u0131 taraf\u0131ndan resmen onaylanan balya makinesi, ulusal ve eyalet d\u00fczeyindeki s\u00fcbvansiyon programlar\u0131na dahil edilmeye hak kazanm\u0131\u015ft\u0131r.<\/li>\n<li>\n<p data-spm-anchor-id=\"5176.28103460.0.i581.bc984fa5rlZb1k\"><strong>Yurti\u00e7i ve Uluslararas\u0131 G\u00fcvenlik Standartlar\u0131na Uygunluk<\/strong><br \/>\n\u00c7in GB standartlar\u0131n\u0131n yan\u0131 s\u0131ra Rusya'n\u0131n EAC'si, Mo\u011folistan'\u0131n MNS'si ve tar\u0131m makineleri i\u00e7in genel ISO\/EN g\u00fcvenlik y\u00f6nergeleri de dahil olmak \u00fczere \u00f6nemli ihracat pazar\u0131 d\u00fczenlemelerine uygun olarak tasarlanm\u0131\u015f ve test edilmi\u015ftir.<\/p>\n<\/li>\n<\/ul>\n<p><img loading=\"lazy\" decoding=\"async\" class=\"aligncenter wp-image-73 size-full\" src=\"https:\/\/agricultural-baler.com\/wp-content\/uploads\/2025\/11\/0-certificates-1.webp\" alt=\"sertifikalar\" width=\"1587\" height=\"607\" srcset=\"https:\/\/agricultural-baler.com\/wp-content\/uploads\/2025\/11\/0-certificates-1.webp 1587w, https:\/\/agricultural-baler.com\/wp-content\/uploads\/2025\/11\/0-certificates-1-1280x490.webp 1280w, https:\/\/agricultural-baler.com\/wp-content\/uploads\/2025\/11\/0-certificates-1-980x375.webp 980w, https:\/\/agricultural-baler.com\/wp-content\/uploads\/2025\/11\/0-certificates-1-480x184.webp 480w\" sizes=\"auto, (min-width: 0px) and (max-width: 480px) 480px, (min-width: 481px) and (max-width: 980px) 980px, (min-width: 981px) and (max-width: 1280px) 1280px, (min-width: 1281px) 1587px, 100vw\" \/><\/p>\n<p>&nbsp;<\/p>\n<h3 data-spm-anchor-id=\"5176.28103460.0.i588.bc984fa5rlZb1k\">\u00a0<strong>Sat\u0131\u015f Sonras\u0131 Destek \u2013 K\u00fcresel G\u00fcvenilirlik \u0130\u00e7in Tasarland\u0131<\/strong><\/h3>\n<ul>\n<li>\n<p data-spm-anchor-id=\"5176.28103460.0.i587.bc984fa5rlZb1k\"><strong>48 Saat \u0130\u00e7inde K\u00fcresel Yedek Par\u00e7a Teslimat\u0131<\/strong><br \/>\nKritik a\u015f\u0131nma par\u00e7alar\u0131 (kay\u0131\u015flar, b\u0131\u00e7aklar, rulmanlar, a\u011f sarma silindirleri vb.) Asya, Avrupa ve Amerika k\u0131talar\u0131ndaki b\u00f6lgesel depolarda stoklanmaktad\u0131r; bu da sipari\u015f onay\u0131ndan sonra 48 saat i\u00e7inde teslimat\u0131 garanti eder.<\/p>\n<\/li>\n<li><strong>\u00c7ok Dilli Uzaktan Teknik Destek<\/strong><br \/>\nUzman m\u00fchendislerimiz, \u0130ngilizce, Rus\u00e7a, \u0130spanyolca, Portekizce ve Mo\u011folca dillerinde telefon, e-posta veya canl\u0131 video g\u00f6r\u00fc\u015fmesi yoluyla ger\u00e7ek zamanl\u0131 destek sa\u011flayarak, sahada bile sorunlar\u0131n\u0131z\u0131 h\u0131zl\u0131 bir \u015fekilde \u00e7\u00f6zmenize yard\u0131mc\u0131 olur.<\/li>\n<li><strong>Kapsaml\u0131 E\u011fitim Kaynaklar\u0131<\/strong><br \/>\n\u0130ste\u011fe ba\u011fl\u0131 eri\u015fim <strong>kullan\u0131m k\u0131lavuzu videolar\u0131<\/strong>etkile\u015fimli sorun giderme k\u0131lavuzlar\u0131 ve indirilebilir dosyalar <strong>dijital kullan\u0131c\u0131 k\u0131lavuzlar\u0131<\/strong> M\u00fc\u015fteri portal\u0131m\u0131z veya mobil uygulamam\u0131z arac\u0131l\u0131\u011f\u0131yla istedi\u011finiz zaman.<\/li>\n<li><strong>\u0130ste\u011fe Ba\u011fl\u0131 Uzat\u0131lm\u0131\u015f Garanti (1-3 Y\u0131l)<\/strong><br \/>\nStandart garanti s\u00fcresinin \u00f6tesinde yat\u0131r\u0131m\u0131n\u0131z\u0131 korumak i\u00e7in esnek, geni\u015fletilmi\u015f garanti planlar\u0131n\u0131 se\u00e7in; bu planlar, gizli \u00fccretler olmadan \u00f6nemli bile\u015fenleri kapsar.<\/li>\n<\/ul>\n<h2><strong data-spm-anchor-id=\"5176.28103460.0.i592.bc984fa5rlZb1k\">\u00a0K\u00fcresel \u00c7ift\u00e7iler S9000 Beyond Yuvarlak Balya Makinesine G\u00fcveniyor<\/strong><\/h2>\n<h4 data-spm-anchor-id=\"5176.28103460.0.i594.bc984fa5rlZb1k\">1.\u00a0<strong>Amerika Birle\u015fik Devletleri \u2013 Orta Bat\u0131 Saman \u00dcreticisi<\/strong><\/h4>\n<ul data-spm-anchor-id=\"5176.28103460.0.i593.bc984fa5rlZb1k\">\n<li><strong>M\u00fc\u015fteri<\/strong>James R. Thompson, Thompson Aile \u00c7iftlikleri'nin Sahibi<\/li>\n<li><strong>Konum<\/strong>Iowa, ABD<\/li>\n<li><strong>Sat\u0131n Alma Tarihi<\/strong>May\u0131s 2024<\/li>\n<li><strong>Sat\u0131n Al\u0131nan Birimler<\/strong>: 2 adet<\/li>\n<li><strong>Ba\u015fvuru<\/strong>S\u00fct s\u0131\u011f\u0131r\u0131 yemi ve ihracat\u0131 i\u00e7in yonca ve \u00e7ay\u0131r otu balyalama<\/li>\n<li><strong>Referans<\/strong>:<br \/>\n<blockquote><p>\u201cY\u0131llar i\u00e7inde \u00fc\u00e7 \u00c7in mal\u0131 balya makinesi test ettik; bu, ilk sezonumuzda 1200'den fazla balya \u00fcretirken tek bir ar\u0131za bile g\u00f6stermeyen ilk makine. A\u011f sarg\u0131s\u0131 tutarl\u0131 ve dokunmatik ekran yo\u011funluk kontrol\u00fcn\u00fc zahmetsiz hale getiriyor. Fiyat\u0131na g\u00f6re, maliyetinin iki kat\u0131 olan makinelerden daha iyi performans g\u00f6steriyor.\u201d<\/p><\/blockquote>\n<p><img loading=\"lazy\" decoding=\"async\" class=\"aligncenter wp-image-215 size-full\" src=\"https:\/\/agricultural-baler.com\/wp-content\/uploads\/2025\/11\/0-application-baler-1.webp\" alt=\"uygulama balya makinesi\" width=\"600\" height=\"400\" srcset=\"https:\/\/agricultural-baler.com\/wp-content\/uploads\/2025\/11\/0-application-baler-1.webp 600w, https:\/\/agricultural-baler.com\/wp-content\/uploads\/2025\/11\/0-application-baler-1-480x320.webp 480w\" sizes=\"auto, (min-width: 0px) and (max-width: 480px) 480px, (min-width: 481px) 600px, 100vw\" \/><\/li>\n<\/ul>\n<hr \/>\n<h4>2.\u00a0<strong>Brezilya \u2013 B\u00fcy\u00fck \u00d6l\u00e7ekli Soya Fasulyesi ve M\u0131s\u0131r Kal\u0131nt\u0131s\u0131 Y\u00fcklenicisi<\/strong><\/h4>\n<ul>\n<li><strong>M\u00fc\u015fteri<\/strong>: AgroM\u00e1q Servi\u00e7os Agr\u00edcolas Ltda.<\/li>\n<li><strong>Konum<\/strong>Mato Grosso, Brezilya<\/li>\n<li><strong>Sat\u0131n Alma Tarihi<\/strong>Mart 2024<\/li>\n<li><strong>Sat\u0131n Al\u0131nan Birimler<\/strong>: 5 adet<\/li>\n<li><strong>Ba\u015fvuru<\/strong>: Biyok\u00fctle enerji santralleri i\u00e7in m\u0131s\u0131r sap\u0131 ve soya fasulyesi saman\u0131n\u0131n balyalanmas\u0131<\/li>\n<li><strong>Referans<\/strong>:<br \/>\n<blockquote><p>\u201cEski Avrupa yap\u0131m\u0131 balya makinelerimiz nemli ko\u015fullarda s\u00fcrekli t\u0131kan\u0131yordu. S9000'in t\u0131kanmay\u0131 \u00f6nleyici toplama sistemi ve g\u00fc\u00e7lendirilmi\u015f silindirleri her \u015feyi de\u011fi\u015ftirdi. Art\u0131k hasat d\u00f6neminde g\u00fcnde 14 saat minimum ar\u0131za s\u00fcresiyle \u00e7al\u0131\u015f\u0131yoruz. Yat\u0131r\u0131m\u0131n geri d\u00f6n\u00fc\u015f\u00fc 8 aydan k\u0131sa s\u00fcrede ger\u00e7ekle\u015fti.\u201d<\/p><\/blockquote>\n<\/li>\n<\/ul>\n<hr \/>\n<h4>3.\u00a0<strong>Rusya \u2013 Sibirya S\u00fct \u00dcr\u00fcnleri Kooperatifi<\/strong><\/h4>\n<ul>\n<li><strong>M\u00fc\u015fteri<\/strong>: OOO 'AgroSib Korm' (Sibirya Yem Kooperatifi)<\/li>\n<li><strong>Konum<\/strong>Novosibirsk B\u00f6lgesi, Rusya<\/li>\n<li><strong>Sat\u0131n Alma Tarihi<\/strong>Haziran 2024<\/li>\n<li><strong>Sat\u0131n Al\u0131nan Birimler<\/strong>: 3 adet<\/li>\n<li><strong>Ba\u015fvuru<\/strong>: K\u0131\u015fl\u0131k s\u0131\u011f\u0131r yemi i\u00e7in \u00e7ay\u0131r otu balyalama<\/li>\n<li><strong>Referans<\/strong>:<br \/>\n<blockquote><p>\u201cSabahlar\u0131 -5\u00b0C'de bile \u015fanz\u0131man ve PTO sistemi kusursuz \u00e7al\u0131\u015f\u0131yor. 90\u00b0 d\u00f6n\u00fc\u015f \u00f6zelli\u011fi, k\u00fc\u00e7\u00fck tarlalar\u0131m\u0131zda oyun de\u011fi\u015ftirici bir \u00f6zellik. Kom\u015fu iki \u00e7iftli\u011fe tavsiye ettik ve onlar da sipari\u015f verdiler bile.\u201d<\/p><\/blockquote>\n<h2><strong><img loading=\"lazy\" decoding=\"async\" class=\"aligncenter wp-image-222 size-full\" src=\"https:\/\/agricultural-baler.com\/wp-content\/uploads\/2025\/11\/0-9YG-2.24D-baler-3.webp\" alt=\"9YG-2.24D balya makinesi \" width=\"600\" height=\"400\" srcset=\"https:\/\/agricultural-baler.com\/wp-content\/uploads\/2025\/11\/0-9YG-2.24D-baler-3.webp 600w, https:\/\/agricultural-baler.com\/wp-content\/uploads\/2025\/11\/0-9YG-2.24D-baler-3-480x320.webp 480w\" sizes=\"auto, (min-width: 0px) and (max-width: 480px) 480px, (min-width: 481px) 600px, 100vw\" \/><\/strong><\/h2>\n<\/li>\n<\/ul>\n<hr \/>\n<h4>4.\u00a0<strong>Avustralya \u2013 Karma Tar\u0131m ve Hayvanc\u0131l\u0131k \u00c7iftli\u011fi<\/strong><\/h4>\n<ul>\n<li><strong>M\u00fc\u015fteri<\/strong>Sarah ve Mark Jenkins, \u201cWheatridge \u00c7iftli\u011fi\u201d<\/li>\n<li><strong>Konum<\/strong>Yeni G\u00fcney Galler, Avustralya<\/li>\n<li><strong>Sat\u0131n Alma Tarihi<\/strong>Ekim 2024<\/li>\n<li><strong>Sat\u0131n Al\u0131nan Birimler<\/strong>: 1 adet<\/li>\n<li><strong>Ba\u015fvuru<\/strong>Koyun yatakl\u0131\u011f\u0131 i\u00e7in bu\u011fday saman\u0131 balyalama ve Japonya'ya ihracat<\/li>\n<li><strong>Referans<\/strong>:<br \/>\n<blockquote><p>\u201cYerel bayimizdeki tan\u0131t\u0131mdan sonra \u015f\u00fcpheciydik, ancak balya yo\u011funlu\u011fu kontrol\u00fc m\u00fckemmel. Japon al\u0131c\u0131lar d\u00fczg\u00fcn \u015fekli ve s\u0131k\u0131 a\u011f sarg\u0131s\u0131n\u0131 \u00e7ok be\u011fendi. Ayr\u0131ca, yedek b\u0131\u00e7a\u011fa ihtiyac\u0131m\u0131z oldu\u011funda Singapur'daki merkezlerinden yedek par\u00e7alar sadece 2 g\u00fcn i\u00e7inde geldi.\u201d<\/p><\/blockquote>\n<p>&nbsp;<\/li>\n<\/ul>","protected":false},"excerpt":{"rendered":"<p>9YG-2.24D S9000 Beyond versiyonu, Brezilya'n\u0131n nemli tarlalar\u0131ndan Sibirya'n\u0131n so\u011fuk meralar\u0131na kadar \u00e7e\u015fitli ko\u015fullarda saman, sap ve biyok\u00fctle i\u015fleyebilen, d\u00fcnya \u00e7ap\u0131ndaki \u00e7iftlikler i\u00e7in tasarlanm\u0131\u015f tar\u0131msal bir yuvarlak balya makinesidir.<\/p>","protected":false},"featured_media":219,"template":"","meta":{"_et_pb_use_builder":"","_et_pb_old_content":"","_et_gb_content_width":""},"product_brand":[],"product_cat":[23],"product_tag":[20,18,19,27],"class_list":{"0":"post-218","1":"product","2":"type-product","3":"status-publish","4":"has-post-thumbnail","6":"product_cat-round-baler","7":"product_tag-agricultural-baler","8":"product_tag-agricultural-round-baler","9":"product_tag-round-baler","10":"product_tag-s9000-round-baler","12":"first","13":"instock","14":"shipping-taxable","15":"product-type-simple"},"_links":{"self":[{"href":"https:\/\/agricultural-baler.com\/tr\/wp-json\/wp\/v2\/product\/218","targetHints":{"allow":["GET"]}}],"collection":[{"href":"https:\/\/agricultural-baler.com\/tr\/wp-json\/wp\/v2\/product"}],"about":[{"href":"https:\/\/agricultural-baler.com\/tr\/wp-json\/wp\/v2\/types\/product"}],"wp:featuredmedia":[{"embeddable":true,"href":"https:\/\/agricultural-baler.com\/tr\/wp-json\/wp\/v2\/media\/219"}],"wp:attachment":[{"href":"https:\/\/agricultural-baler.com\/tr\/wp-json\/wp\/v2\/media?parent=218"}],"wp:term":[{"taxonomy":"product_brand","embeddable":true,"href":"https:\/\/agricultural-baler.com\/tr\/wp-json\/wp\/v2\/product_brand?post=218"},{"taxonomy":"product_cat","embeddable":true,"href":"https:\/\/agricultural-baler.com\/tr\/wp-json\/wp\/v2\/product_cat?post=218"},{"taxonomy":"product_tag","embeddable":true,"href":"https:\/\/agricultural-baler.com\/tr\/wp-json\/wp\/v2\/product_tag?post=218"}],"curies":[{"name":"wp","href":"https:\/\/api.w.org\/{rel}","templated":true}]}}