{"id":287,"date":"2025-11-19T07:02:11","date_gmt":"2025-11-19T07:02:11","guid":{"rendered":"https:\/\/agricultural-baler.com\/?post_type=product&#038;p=287"},"modified":"2025-11-20T03:34:46","modified_gmt":"2025-11-20T03:34:46","slug":"agricultural-round-baler-9yg-2-24d-s9000-classic","status":"publish","type":"product","link":"https:\/\/agricultural-baler.com\/sv\/produkt\/jordbruksrundbalpress-9yg-2-24d-s9000-classic\/","title":{"rendered":"Jordbruksrundbalpress \u2013 9YG-2.24D S9000 Classic"},"content":{"rendered":"<h2><strong data-spm-anchor-id=\"5176.28103460.0.i741.bc984fa5rlZb1k\">Produkt\u00f6versikt: 9YG-2.24D S9000 Classic rundbalpress<\/strong><\/h2>\n<p>De <strong>9YG-2.24D S9000 Classic<\/strong> \u00e4r en h\u00f6geffektiv, dragande rundbalspress f\u00f6r jordbruket, konstruerad f\u00f6r tillf\u00f6rlitlighet och prestanda i kr\u00e4vande f\u00e4ltf\u00f6rh\u00e5llanden. Med en pickupbredd p\u00e5 2,24 meter, sensorstyrd baldensitet och robust valsbaserad kompressionskammare levererar den j\u00e4mna, h\u00f6gdensitets n\u00e4tinlindade balar, perfekta f\u00f6r h\u00f6, halm och biomassatill\u00e4mpningar.<\/p>\n<p>Utformad f\u00f6r <strong>storskaliga g\u00e5rdar, jordbrukskooperativ och professionella skr\u00e4ddarsydda sk\u00f6rdetj\u00e4nster<\/strong>, S9000 Classic balanserar bepr\u00f6vad mekanisk h\u00e5llbarhet med smarta driftsfunktioner \u2013 vilket g\u00f6r den till en kostnadseffektiv arbetsh\u00e4st f\u00f6r regioner som prioriterar produktivitet, enkelt underh\u00e5ll och l\u00e5ngsiktigt v\u00e4rde.<\/p>\n<p>Byggd p\u00e5 \u00e5ratal av f\u00e4lttestad design, fungerar denna modell som den p\u00e5litliga grunden f\u00f6r v\u00e5r rundbalpressserie \u2013 och levererar konsekventa resultat s\u00e4song efter s\u00e4song.<\/p>\n<p>&nbsp;<\/p>\n<h2><strong>Produktparametrar<\/strong><\/h2>\n<div style=\"overflow-x: auto;\">\n<table style=\"max-width: 100%; overflow-x: auto;\" border=\"1\">\n<thead>\n<tr>\n<th style=\"width: 26.5625px;\">Inga.<\/th>\n<th style=\"width: 244.562px;\">Punkt<\/th>\n<th style=\"width: 65.3906px;\">Enhet<\/th>\n<th style=\"width: 259.484px;\">Specifikation<\/th>\n<\/tr>\n<\/thead>\n<tbody>\n<tr>\n<td style=\"width: 26.5625px;\">1<\/td>\n<td style=\"width: 244.562px;\">Modellnamn<\/td>\n<td style=\"width: 65.3906px;\">\/<\/td>\n<td style=\"width: 259.484px;\">9YG-2.24D rundbalpress (S9000 Classic)<\/td>\n<\/tr>\n<tr>\n<td style=\"width: 26.5625px;\">2<\/td>\n<td style=\"width: 244.562px;\">Dragkrokstyp<\/td>\n<td style=\"width: 65.3906px;\">\/<\/td>\n<td style=\"width: 259.484px;\">Dragtyp<\/td>\n<\/tr>\n<tr>\n<td style=\"width: 26.5625px;\">3<\/td>\n<td style=\"width: 244.562px;\">Pickupbredd<\/td>\n<td style=\"width: 65.3906px;\">mm<\/td>\n<td style=\"width: 259.484px;\">2240<\/td>\n<\/tr>\n<tr>\n<td style=\"width: 26.5625px;\">4<\/td>\n<td style=\"width: 244.562px;\">Typ av upph\u00e4mtningsstruktur<\/td>\n<td style=\"width: 65.3906px;\">\/<\/td>\n<td style=\"width: 259.484px;\">Fj\u00e4dertandstyp<\/td>\n<\/tr>\n<tr>\n<td style=\"width: 26.5625px;\">5<\/td>\n<td style=\"width: 244.562px;\">Typ av matningsmekanism<\/td>\n<td style=\"width: 65.3906px;\">\/<\/td>\n<td style=\"width: 259.484px;\">Kamrulle + Rulltyp<\/td>\n<\/tr>\n<tr>\n<td style=\"width: 26.5625px;\">6<\/td>\n<td style=\"width: 244.562px;\">Kompressionskammarens balningsmekanism<\/td>\n<td style=\"width: 65.3906px;\">\/<\/td>\n<td style=\"width: 259.484px;\">Rulltyp<\/td>\n<\/tr>\n<tr>\n<td style=\"width: 26.5625px;\">7<\/td>\n<td style=\"width: 244.562px;\">Kompressionskammarens bredd<\/td>\n<td style=\"width: 65.3906px;\">mm<\/td>\n<td style=\"width: 259.484px;\">1400<\/td>\n<\/tr>\n<tr>\n<td style=\"width: 26.5625px;\">8<\/td>\n<td style=\"width: 244.562px;\">Kompressionskammardiameter<\/td>\n<td style=\"width: 65.3906px;\">mm<\/td>\n<td style=\"width: 259.484px;\">\u03a61200<\/td>\n<\/tr>\n<tr>\n<td style=\"width: 26.5625px;\">9<\/td>\n<td style=\"width: 244.562px;\">Antal komprimeringskomponenter<\/td>\n<td style=\"width: 65.3906px;\">st<\/td>\n<td style=\"width: 259.484px;\">18 (V\u00e4ltar)<\/td>\n<\/tr>\n<tr>\n<td style=\"width: 26.5625px;\">10<\/td>\n<td style=\"width: 244.562px;\">Komprimeringsvalsens diameter<\/td>\n<td style=\"width: 65.3906px;\">mm<\/td>\n<td style=\"width: 259.484px;\">\u03a6222<\/td>\n<\/tr>\n<tr>\n<td style=\"width: 26.5625px;\">11<\/td>\n<td style=\"width: 244.562px;\">Balningsmetod<\/td>\n<td style=\"width: 65.3906px;\">\/<\/td>\n<td style=\"width: 259.484px;\">N\u00e4tlindning<\/td>\n<\/tr>\n<tr>\n<td style=\"width: 26.5625px;\">12<\/td>\n<td style=\"width: 244.562px;\">N\u00f6dv\u00e4ndig effekt<\/td>\n<td style=\"width: 65.3906px;\">kW<\/td>\n<td style=\"width: 259.484px;\">55\u2013100<\/td>\n<\/tr>\n<tr>\n<td style=\"width: 26.5625px;\">13<\/td>\n<td style=\"width: 244.562px;\">Maskinvikt<\/td>\n<td style=\"width: 65.3906px;\">kg<\/td>\n<td style=\"width: 259.484px;\">4312<\/td>\n<\/tr>\n<tr>\n<td style=\"width: 26.5625px;\">14<\/td>\n<td style=\"width: 244.562px;\">Kraftuttagsaxelns hastighet<\/td>\n<td style=\"width: 65.3906px;\">varv\/min<\/td>\n<td style=\"width: 259.484px;\">720<\/td>\n<\/tr>\n<tr>\n<td style=\"width: 26.5625px;\">15<\/td>\n<td style=\"width: 244.562px;\">Totala m\u00e5tt (L\u00d7B\u00d7H)<\/td>\n<td style=\"width: 65.3906px;\">mm<\/td>\n<td style=\"width: 259.484px;\">4470 \u00d7 3010 \u00d7 2370 (i drift)<\/td>\n<\/tr>\n<tr>\n<td style=\"width: 26.5625px;\">16<\/td>\n<td style=\"width: 244.562px;\">Kontroll av baldensitet<\/td>\n<td style=\"width: 65.3906px;\">\/<\/td>\n<td style=\"width: 259.484px;\">Sensorstyrd<\/td>\n<\/tr>\n<tr>\n<td style=\"width: 26.5625px;\">17<\/td>\n<td style=\"width: 244.562px;\">Balstorlek (diameter \u00d7 bredd)<\/td>\n<td style=\"width: 65.3906px;\">mm<\/td>\n<td style=\"width: 259.484px;\">\u03a61300 \u00d7 1400<\/td>\n<\/tr>\n<tr>\n<td style=\"width: 26.5625px;\">18<\/td>\n<td style=\"width: 244.562px;\">Baldensitet<\/td>\n<td style=\"width: 65.3906px;\">kg\/m\u00b3<\/td>\n<td style=\"width: 259.484px;\">100\u2013200<\/td>\n<\/tr>\n<tr>\n<td style=\"width: 26.5625px;\">19<\/td>\n<td style=\"width: 244.562px;\">Produktionshastighet<\/td>\n<td style=\"width: 65.3906px;\">balar\/timme<\/td>\n<td style=\"width: 259.484px;\">40\u2013100<\/td>\n<\/tr>\n<tr>\n<td style=\"width: 26.5625px;\">20<\/td>\n<td style=\"width: 244.562px;\">Hjulbas<\/td>\n<td style=\"width: 65.3906px;\">mm<\/td>\n<td style=\"width: 259.484px;\">2600<\/td>\n<\/tr>\n<tr>\n<td style=\"width: 26.5625px;\">21<\/td>\n<td style=\"width: 244.562px;\">Driftshastighet<\/td>\n<td style=\"width: 65.3906px;\">km\/h<\/td>\n<td style=\"width: 259.484px;\">5\u201335<\/td>\n<\/tr>\n<tr>\n<td style=\"width: 26.5625px;\">22<\/td>\n<td style=\"width: 244.562px;\">N\u00e4tlindningens storlek (l\u00e4ngd \u00d7 bredd)<\/td>\n<td style=\"width: 65.3906px;\">\/<\/td>\n<td style=\"width: 259.484px;\">2000 \u00d7 1,4 m per bal<\/td>\n<\/tr>\n<\/tbody>\n<\/table>\n<\/div>\n<p><img loading=\"lazy\" decoding=\"async\" class=\"aligncenter wp-image-290 size-full\" src=\"https:\/\/agricultural-baler.com\/wp-content\/uploads\/2025\/11\/0-9YG-2.24D-baler-classic-2.webp\" alt=\"9YG-2.24D balpress klassisk 2\" width=\"945\" height=\"714\" srcset=\"https:\/\/agricultural-baler.com\/wp-content\/uploads\/2025\/11\/0-9YG-2.24D-baler-classic-2.webp 945w, https:\/\/agricultural-baler.com\/wp-content\/uploads\/2025\/11\/0-9YG-2.24D-baler-classic-2-480x363.webp 480w\" sizes=\"auto, (min-width: 0px) and (max-width: 480px) 480px, (min-width: 481px) 945px, 100vw\" \/><\/p>\n<h2><strong data-spm-anchor-id=\"5176.28103460.0.i745.bc984fa5rlZb1k\">Viktiga innovationer och teknik<\/strong><strong data-spm-anchor-id=\"5176.28103460.0.i745.bc984fa5rlZb1k\"> F\u00f6rdelar<\/strong><\/h2>\n<h3>1.\u00a0<strong>Avancerat dragst\u00e5ngs- och drivlinasystem<\/strong><\/h3>\n<p>Balpressen har en <strong>egenutvecklad dubbel universalkoppling (dubbel tv\u00e4rkoppling) drivaxel<\/strong>, i kombination med en integrerad <strong>s\u00e4kerhetsmomentbegr\u00e4nsande axel<\/strong>Denna konstruktion minskar avsev\u00e4rt belastningen p\u00e5 transmissionskomponenterna vid skarpa sv\u00e4ngar \u2013 s\u00e4rskilt viktigt f\u00f6r sm\u00e5 eller oj\u00e4mna f\u00e4lt. Genom att f\u00f6rhindra att drivlinan fastnar och vridnings\u00f6verbelastning f\u00f6rb\u00e4ttras maskinens livsl\u00e4ngd och s\u00e4kerst\u00e4ller smidig drift i utmanande terr\u00e4ng.<\/p>\n<h3>2.\u00a0<strong>Uppgraderat hydraulsystem f\u00f6r snabbare och smidigare drift<\/strong><\/h3>\n<p>Utrustad med <strong>Hydrauliska H-typ flare (bite-typ) kopplingar<\/strong>, systemet klarar h\u00f6gre arbetstryck, vilket m\u00f6jligg\u00f6r <strong>snabbare \u00f6ppnings- och st\u00e4ngningscykler f\u00f6r balkammaren<\/strong>En dedikerad <strong>buffertcylinder<\/strong> \u00e4r installerad i den bakre kammaren f\u00f6r att absorbera st\u00f6tar under st\u00e4ngning, vilket effektivt minimerar vibrationsinducerat slitage p\u00e5 strukturella komponenter och f\u00f6rl\u00e4nger livsl\u00e4ngden.<\/p>\n<h3>3.\u00a0<strong>Kraftig v\u00e4xell\u00e5da och kammardrivning med dubbla kedjehjul<\/strong><\/h3>\n<p>Den f\u00f6rst\u00e4rkta <strong>kraftig v\u00e4xell\u00e5da<\/strong> levererar \u00f6kat vridmoment i transmissionen, vilket s\u00e4kerst\u00e4ller j\u00e4mn kraftleverans \u00e4ven under h\u00f6ga belastningar p\u00e5 gr\u00f6dan. Tillsammans med en <strong>dubbelsidig kedjedrivning<\/strong> F\u00f6r kompressionskammaren ger denna konfiguration en balanserad kraftf\u00f6rdelning, vilket resulterar i <strong>j\u00e4mnare balbildning, minskad mekanisk belastning och h\u00f6gre driftseffektivitet<\/strong>\u2013 \u00e4ven vid l\u00e5ngvarig daglig anv\u00e4ndning.<\/p>\n<p><img loading=\"lazy\" decoding=\"async\" class=\"aligncenter wp-image-291 size-full\" src=\"https:\/\/agricultural-baler.com\/wp-content\/uploads\/2025\/11\/0-baler-working.webp\" alt=\"balpress arbetar\" width=\"737\" height=\"712\" srcset=\"https:\/\/agricultural-baler.com\/wp-content\/uploads\/2025\/11\/0-baler-working.webp 737w, https:\/\/agricultural-baler.com\/wp-content\/uploads\/2025\/11\/0-baler-working-480x464.webp 480w\" sizes=\"auto, (min-width: 0px) and (max-width: 480px) 480px, (min-width: 481px) 737px, 100vw\" \/><\/p>\n<h2 data-spm-anchor-id=\"5176.28103460.0.i750.bc984fa5rlZb1k\"><strong>Anv\u00e4ndningsomr\u00e5den och f\u00f6rdelar<\/strong><\/h2>\n<h3><strong>Ideala driftsf\u00f6rh\u00e5llanden<\/strong><\/h3>\n<p>De <strong>9YG-2.24D S9000 Classic<\/strong> \u00e4r en m\u00e5ngsidig <a href=\"https:\/\/agricultural-baler.com\/sv\/\"><strong>jordbrukspress<\/strong><\/a> konstruerad f\u00f6r olika jordbruksmilj\u00f6er \u2013 fr\u00e5n storskaliga spannm\u00e5lsproducerande regioner till betesmarker med fokus p\u00e5 boskap. Den utm\u00e4rker sig inom:<\/p>\n<ul>\n<li><strong>Torra eller halvtorra h\u00f6f\u00e4lt<\/strong>\u00a0(alfalfa, kl\u00f6ver, gr\u00e4s) som en p\u00e5litlig\u00a0<strong>h\u00f6press<\/strong><\/li>\n<li><strong>Halmuppsamling efter sk\u00f6rd<\/strong>\u00a0efter vete-, ris- eller majssk\u00f6rd \u2013 perfekt f\u00f6r\u00a0<strong>halmbalning<\/strong>\u00a0operationer<\/li>\n<li><strong>\u00c5tervinning av biomassa<\/strong>\u00a0av gr\u00f6dorester som vass, sorghummj\u00f6l eller raps<\/li>\n<li><strong>Sm\u00e5 till medelstora tomter<\/strong>\u00a0med frekventa sv\u00e4ngar, tack vare sin optimerade drivlina och kompakta v\u00e4ndradie<\/li>\n<\/ul>\n<p>Oavsett om det g\u00e4ller plana sl\u00e4tter eller l\u00e4tt b\u00f6ljande terr\u00e4ng, detta <strong>rundbalpress<\/strong> levererar konsekvent prestanda under verkliga f\u00e4ltf\u00f6rh\u00e5llanden.<\/p>\n<h3><strong>Ekonomiska f\u00f6rdelar<\/strong><\/h3>\n<ul>\n<li>\u23f1\ufe0f\u00a0<strong>\u00d6kar produktiviteten<\/strong>Med en arbetshastighet p\u00e5 5\u201335 km\/h och en effekt p\u00e5\u00a0<strong>40\u2013100 balar\/timme<\/strong>, den\u00a0<strong>rundbalpress<\/strong>\u00a0minskar f\u00e4lttiden avsev\u00e4rt j\u00e4mf\u00f6rt med manuell eller f\u00f6r\u00e5ldrad utrustning.<\/li>\n<li>?\u00a0<strong>S\u00e4nker driftskostnaderna<\/strong>Robust design minimerar haverier; enkelt underh\u00e5ll minskar arbets- och reservdelskostnader med upp till 30%.<\/li>\n<li>?\u00a0<strong>F\u00f6rb\u00e4ttrar balkvaliteten<\/strong>: Enhetlig, h\u00f6gdensitet\u00a0<strong>h\u00f6balar<\/strong>\u00a0(100\u2013200 kg\/m\u00b3) ger b\u00e4ttre priser p\u00e5 fodermarknaderna och minskar transport-\/lagringsf\u00f6rluster.<\/li>\n<li>?\u00a0<strong>Kompatibel med traktorer i mellanklassen<\/strong>\u00a0(55\u2013100 kW), vilket g\u00f6r den tillg\u00e4nglig f\u00f6r kostnadsmedvetna g\u00e5rdar utan att offra effektiviteten.<\/li>\n<\/ul>\n<h3><strong>Sociala och milj\u00f6m\u00e4ssiga f\u00f6rdelar<\/strong><\/h3>\n<ul>\n<li>\u267b\ufe0f\u00a0<strong>Fr\u00e4mjar h\u00e5llbart jordbruk<\/strong>Effektiv\u00a0<strong>halmbalning<\/strong>\u00a0m\u00f6jligg\u00f6r \u00e5tervinning av gr\u00f6dorester \u2013 vilket minskar br\u00e4nning p\u00e5 \u00f6ppna f\u00e4lt och minskar luftf\u00f6roreningar.<\/li>\n<li>??\u200d?\u00a0<strong>Minskar arbetskraftsberoendet<\/strong>Automatiserar en traditionellt arbetsintensiv uppgift, vilket minskar trycket p\u00e5 arbetskraftsbrist p\u00e5 landsbygden.<\/li>\n<li>?\u00a0<strong>St\u00f6djer cirkul\u00e4rt jordbruk<\/strong>Balad halm blir v\u00e4rdefullt str\u00f6material, biobr\u00e4nsler\u00e5vara eller organiskt g\u00f6dningsmedel \u2013 och sluter resurscykeln.<\/li>\n<\/ul>\n<p><img loading=\"lazy\" decoding=\"async\" class=\"aligncenter wp-image-282 size-large\" src=\"https:\/\/agricultural-baler.com\/wp-content\/uploads\/2025\/11\/0-agricultural-baler-banner3-1024x317.webp\" alt=\"jordbrukspressbanderoll\" width=\"1024\" height=\"317\" srcset=\"https:\/\/agricultural-baler.com\/wp-content\/uploads\/2025\/11\/0-agricultural-baler-banner3-980x303.webp 980w, https:\/\/agricultural-baler.com\/wp-content\/uploads\/2025\/11\/0-agricultural-baler-banner3-480x149.webp 480w\" sizes=\"auto, (min-width: 0px) and (max-width: 480px) 480px, (min-width: 481px) and (max-width: 980px) 980px, (min-width: 981px) 1024px, 100vw\" \/><\/p>\n<h2>?\u00a0<strong>Verkliga ber\u00e4ttelser, verkliga resultat: Lantbrukare litar p\u00e5 S9000 Classic rundbalspress<\/strong><\/h2>\n<hr \/>\n<h4>1.\u00a0<strong>USA \u2013 h\u00f6producent i mellanv\u00e4stern<\/strong><\/h4>\n<ul>\n<li><strong>Kund<\/strong>Daniel Miller, \u00e4gare av Miller Hay Farms<\/li>\n<li><strong>Plats<\/strong>Nebraska, USA<\/li>\n<li><strong>Ink\u00f6psdatum<\/strong>april 2024<\/li>\n<li><strong>K\u00f6pta enheter<\/strong>: 3 enheter<\/li>\n<li><strong>Ans\u00f6kan<\/strong>Balning av alfalfa och gr\u00e4sh\u00f6 f\u00f6r mj\u00f6lkfoder<\/li>\n<li><strong>Rekommendation<\/strong>:<br \/>\n<blockquote><p>\u201dVi beh\u00f6vde en p\u00e5litlig h\u00f6balpress under $30K som kunde h\u00e5lla j\u00e4mna steg med v\u00e5r 90 hk traktor. S9000 Classic levererade \u2013 100+ balar\/dag utan n\u00e5gra blockeringar under v\u00e5r v\u00e5ta v\u00e5rsk\u00f6rd. N\u00e4tlindningen \u00e4r t\u00e4t och pickup-handtagen f\u00e5ngade upp h\u00f6et b\u00e4ttre \u00e4n v\u00e5r gamla John Deere. F\u00f6r priset \u00e4r den oslagbar.\u201d<\/p><\/blockquote>\n<\/li>\n<\/ul>\n<hr \/>\n<h4>2.\u00a0<strong>Ukraina \u2013 Spannm\u00e5ls- och boskapskooperativ<\/strong><\/h4>\n<ul>\n<li><strong>Kund<\/strong>: AgroSoyuz Tovarystvo (AgroSoyuz Cooperative)<\/li>\n<li><strong>Plats<\/strong>Poltavaregionen, Ukraina<\/li>\n<li><strong>Ink\u00f6psdatum<\/strong>Juli 2024<\/li>\n<li><strong>K\u00f6pta enheter<\/strong>: 5 enheter<\/li>\n<li><strong>Ans\u00f6kan<\/strong>Vetehalmbalning f\u00f6r n\u00f6tkreatursstr\u00f6 och export<\/li>\n<li><strong>Rekommendation<\/strong>:<br \/>\n<blockquote><p>\u201dEfter att sanktioner begr\u00e4nsade reservdelar till europeiska maskiner bytte vi till den h\u00e4r kinesiska rundbalspressen. Den g\u00e5r 12 timmar om dagen p\u00e5 traktorer p\u00e5 85 hk. Den dubbelsidiga kedjedriften f\u00f6rhindrar att remmen slirar \u2013 ett stort problem med v\u00e5ra gamla modeller. Vi har redan best\u00e4llt en tredje enhet.\u201d<\/p><\/blockquote>\n<p><img loading=\"lazy\" decoding=\"async\" class=\"alignnone size-medium wp-image-222\" src=\"https:\/\/agricultural-baler.com\/wp-content\/uploads\/2025\/11\/0-9YG-2.24D-baler-3-300x200.webp\" alt=\"9YG-2.24D balpress\" width=\"300\" height=\"200\" \/><\/li>\n<\/ul>\n<hr \/>\n<h4>3.\u00a0<strong>Mongoliet \u2013 Steppe Pastoral Farm<\/strong><\/h4>\n<ul>\n<li><strong>Kund<\/strong>Batbayar Enkhbold, chef f\u00f6r Gobi Agro LLC<\/li>\n<li><strong>Plats<\/strong>: \u00d6v\u00f6rkhangai-provinsen, Mongoliet<\/li>\n<li><strong>Ink\u00f6psdatum<\/strong>september 2024<\/li>\n<li><strong>K\u00f6pta enheter<\/strong>1 enhet<\/li>\n<li><strong>Ans\u00f6kan<\/strong>Naturlig \u00e4ngsh\u00f6balning f\u00f6r vinterfoder f\u00f6r boskapen<\/li>\n<li><strong>Rekommendation<\/strong>:<br \/>\n<blockquote><p>\u201dV\u00e5ra betesmarker \u00e4r steniga och oj\u00e4mna, men den h\u00e4r jordbrukspressen hanterar det bra. Markfrig\u00e5ngen \u00e4r justerbar och s\u00e4kerhetsmomentaxeln r\u00e4ddade oss tv\u00e5 g\u00e5nger n\u00e4r vi st\u00f6tte p\u00e5 dolda stenar. Leveransen fr\u00e5n Kina tog bara 22 dagar \u2013 snabbare \u00e4n lokala \u00e5terf\u00f6rs\u00e4ljare!\u201d<\/p><\/blockquote>\n<\/li>\n<\/ul>\n<hr \/>\n<h4>4.\u00a0<strong>Argentina \u2013 Entrepren\u00f6r f\u00f6r sojab\u00f6nsrester<\/strong><\/h4>\n<ul>\n<li><strong>Kund<\/strong>: CampoLimpio Servicios Agr\u00edcolas<\/li>\n<li><strong>Plats<\/strong>C\u00f3rdoba, Argentina<\/li>\n<li><strong>Ink\u00f6psdatum<\/strong>februari 2025<\/li>\n<li><strong>K\u00f6pta enheter<\/strong>3 enheter<\/li>\n<li><strong>Ans\u00f6kan<\/strong>Balning av sojab\u00f6nor och majsstj\u00e4lkar f\u00f6r biomassakraftverk<\/li>\n<li><strong>Rekommendation<\/strong>:<br \/>\n<blockquote><p>\u201dVi testade fem balpressar f\u00f6r att hitta fuktrester. Endast S9000 Classic t\u00e4pptes inte igen. Dess kombination av fj\u00e4dertandsupptagning och antilindningsvals fungerar som magi. Avkastning p\u00e5 investeringen p\u00e5 6 m\u00e5nader \u2013 nu byter vi ut hela v\u00e5r maskinpark.\u201d<\/p><\/blockquote>\n<\/li>\n<\/ul>\n<hr \/>\n<h4>5.\u00a0<strong>Vietnam \u2013 Initiativ f\u00f6r \u00e5tervinning av risstr\u00e5n<\/strong><\/h4>\n<ul>\n<li><strong>Kund<\/strong>Mekong Green Energy Co., Ltd.<\/li>\n<li><strong>Plats<\/strong>An Giang-provinsen, Vietnam<\/li>\n<li><strong>Ink\u00f6psdatum<\/strong>november 2024<\/li>\n<li><strong>K\u00f6pta enheter<\/strong>8 enheter (f\u00f6r bondekooperativprogrammet)<\/li>\n<li><strong>Ans\u00f6kan<\/strong>Insamling av rishalm f\u00f6r att f\u00f6rse pelletsfabriker<\/li>\n<li><strong>Rekommendation<\/strong>:<br \/>\n<blockquote>\n<p data-spm-anchor-id=\"5176.28103460.0.i754.bc984fa5rlZb1k\">\u201dRegeringen f\u00f6rbj\u00f6d eldning p\u00e5 \u00e5krar, s\u00e5 vi beh\u00f6vde snabbt prisv\u00e4rda halmpressar. Den h\u00e4r rundbalpressen drivs av 75 hk-traktorer som \u00e4r vanliga h\u00e4r. Enkel anv\u00e4ndning \u2013 lantbrukarna bem\u00e4strade den p\u00e5 en demonstration. Underh\u00e5llet \u00e4r enkelt och reservdelar anl\u00e4nder fr\u00e5n Guangzhou p\u00e5 3 dagar.\u201d<\/p>\n<\/blockquote>\n<p data-spm-anchor-id=\"5176.28103460.0.i754.bc984fa5rlZb1k\">\n<\/li>\n<\/ul>\n<h2><strong>Vanliga fr\u00e5gor<\/strong><\/h2>\n<p><em><strong>F: Vilka gr\u00f6dor \u00e4r denna balpress l\u00e4mplig f\u00f6r?<\/strong><\/em><\/p>\n<p>A: 9YG-2.24D S9000 Classic \u00e4r l\u00e4mplig f\u00f6r en m\u00e4ngd olika gr\u00f6dor, inklusive h\u00f6 (alfalfa, kl\u00f6ver), halm (vete, ris) och biomassamaterial som sorghummj\u00f6l.<\/p>\n<p><em><strong>F: Vilken traktorkraft kr\u00e4vs?<\/strong><\/em><\/p>\n<p>A: Denna rundbalpress fungerar effektivt med traktorer fr\u00e5n 55 till 100 kW (75 till 135 hk).<\/p>\n<p><em><strong>F: Vad \u00e4r avkastningen under v\u00e5ta halmf\u00f6rh\u00e5llanden?<\/strong><\/em><\/p>\n<p>A: Under v\u00e5ta f\u00f6rh\u00e5llanden kan produktionen variera men ligger vanligtvis mellan 40 och 60 balar per timme p\u00e5 grund av l\u00e5ngsammare bearbetningshastigheter.<\/p>\n<p><em><strong>F: Vilka \u00e4r uppgraderingarna j\u00e4mf\u00f6rt med den \u00e4ldre S8000-modellen?<\/strong><\/em><\/p>\n<p>A: J\u00e4mf\u00f6rt med S8000 har S9000 Classic f\u00f6rb\u00e4ttrad drivlinans h\u00e5llbarhet, f\u00f6rb\u00e4ttrade hydraulsystem och \u00f6kat transmissionsmoment f\u00f6r b\u00e4ttre prestanda i utmanande terr\u00e4ng.<\/p>\n<p>&nbsp;<\/p>","protected":false},"excerpt":{"rendered":"<p>Denna rundbalpress f\u00f6r jordbruket \u00e4r en p\u00e5litlig, dragande rundbalpress f\u00f6r jordbruket, byggd f\u00f6r pressning av h\u00f6, halm och biomassa. Med en pickupbredd p\u00e5 2,24 m och sensorstyrd densitet producerar den j\u00e4mna n\u00e4tinplastade balar p\u00e5 1,3 m med 40\u2013100 balar\/timme.<\/p>","protected":false},"featured_media":288,"template":"","meta":{"_et_pb_use_builder":"","_et_pb_old_content":"","_et_gb_content_width":""},"product_brand":[],"product_cat":[23],"product_tag":[18,19,27],"class_list":{"0":"post-287","1":"product","2":"type-product","3":"status-publish","4":"has-post-thumbnail","6":"product_cat-round-baler","7":"product_tag-agricultural-round-baler","8":"product_tag-round-baler","9":"product_tag-s9000-round-baler","11":"first","12":"instock","13":"shipping-taxable","14":"product-type-simple"},"_links":{"self":[{"href":"https:\/\/agricultural-baler.com\/sv\/wp-json\/wp\/v2\/product\/287","targetHints":{"allow":["GET"]}}],"collection":[{"href":"https:\/\/agricultural-baler.com\/sv\/wp-json\/wp\/v2\/product"}],"about":[{"href":"https:\/\/agricultural-baler.com\/sv\/wp-json\/wp\/v2\/types\/product"}],"wp:featuredmedia":[{"embeddable":true,"href":"https:\/\/agricultural-baler.com\/sv\/wp-json\/wp\/v2\/media\/288"}],"wp:attachment":[{"href":"https:\/\/agricultural-baler.com\/sv\/wp-json\/wp\/v2\/media?parent=287"}],"wp:term":[{"taxonomy":"product_brand","embeddable":true,"href":"https:\/\/agricultural-baler.com\/sv\/wp-json\/wp\/v2\/product_brand?post=287"},{"taxonomy":"product_cat","embeddable":true,"href":"https:\/\/agricultural-baler.com\/sv\/wp-json\/wp\/v2\/product_cat?post=287"},{"taxonomy":"product_tag","embeddable":true,"href":"https:\/\/agricultural-baler.com\/sv\/wp-json\/wp\/v2\/product_tag?post=287"}],"curies":[{"name":"wp","href":"https:\/\/api.w.org\/{rel}","templated":true}]}}