{"id":218,"date":"2025-11-18T08:42:09","date_gmt":"2025-11-18T08:42:09","guid":{"rendered":"https:\/\/agricultural-baler.com\/?post_type=product&#038;p=218"},"modified":"2025-11-20T03:34:47","modified_gmt":"2025-11-20T03:34:47","slug":"agricultural-round-baler-9yg-2-24d-s9000-beyond-version","status":"publish","type":"product","link":"https:\/\/agricultural-baler.com\/sv\/produkt\/jordbruksrundbalpress-9yg-2-24d-s9000-beyond-version\/","title":{"rendered":"Jordbruksrundbalpress \u2013 9YG-2.24D S9000 Beyond-version"},"content":{"rendered":"<h2><strong>Produkth\u00f6jdpunkter<\/strong><\/h2>\n<ol>\n<li><strong>Snabbkoppling<\/strong>N\u00e4r balpressen kopplas till traktorn kan den horisontella dragst\u00e5ngen rotera flexibelt upp och ner, vilket g\u00f6r att traktorns dragkroksstift smidigt ingriper i kopplingspunkten.<\/li>\n<li><strong>Minskad sv\u00e4ngradie<\/strong>Dubbelv\u00e4xell\u00e5dan m\u00f6jligg\u00f6r rotation p\u00e5 90 grader \u00e5t v\u00e4nster och h\u00f6ger, vilket avsev\u00e4rt f\u00f6rb\u00e4ttrar man\u00f6vrerbarheten vid sv\u00e4ngar p\u00e5 f\u00e4ltet och riktnings\u00e4ndringar vid bogsering av balpressen. Kraften beh\u00f6ver inte kopplas ur vid sv\u00e4ngar, vilket g\u00f6r driften bekv\u00e4mare och minskar f\u00f6rartr\u00f6tthet. Dessutom f\u00f6rb\u00e4ttrar kraft\u00f6verf\u00f6ringen genom v\u00e4xell\u00e5dan den totala effektiviteten.<\/li>\n<li><strong>H\u00f6g stabilitet och h\u00e5llbarhet<\/strong>Dubbelv\u00e4xell\u00e5dan \u00e4r fast ansluten till dragst\u00e5ngens ram, vilket ger utm\u00e4rkt strukturell stabilitet. Denna konstruktion f\u00f6rhindrar skador p\u00e5 dragst\u00e5ngen eller drivaxeln orsakade av vridsp\u00e4nningar vid k\u00f6rning i oj\u00e4mn terr\u00e4ng.<\/li>\n<\/ol>\n<h3><strong data-spm-anchor-id=\"5176.28103460.0.i562.bc984fa5rlZb1k\">Tekniska specifikationer<\/strong><\/h3>\n<div style=\"overflow-x: auto;\">\n<table style=\"max-width: 100%; overflow-x: auto;\" border=\"1\">\n<thead>\n<tr>\n<th>Inga.<\/th>\n<th>Punkt<\/th>\n<th>Enhet<\/th>\n<th>Specifikation<\/th>\n<\/tr>\n<\/thead>\n<tbody>\n<tr>\n<td>1<\/td>\n<td>Modellnamn<\/td>\n<td>\/<\/td>\n<td>9YG-2.24D rundbalpress (S9000 Beyond)<\/td>\n<\/tr>\n<tr>\n<td>2<\/td>\n<td>Dragkrokstyp<\/td>\n<td>\/<\/td>\n<td>Traktorns dragst\u00e5ng (dragbar)<\/td>\n<\/tr>\n<tr>\n<td>3<\/td>\n<td>Pickupbredd<\/td>\n<td>mm<\/td>\n<td>2240<\/td>\n<\/tr>\n<tr>\n<td>4<\/td>\n<td>Typ av upph\u00e4mtningsstruktur<\/td>\n<td>\/<\/td>\n<td>Fj\u00e4dertandstyp<\/td>\n<\/tr>\n<tr>\n<td>5<\/td>\n<td>Typ av matningsmekanism<\/td>\n<td>\/<\/td>\n<td>Kam + Rulletyp<\/td>\n<\/tr>\n<tr>\n<td>6<\/td>\n<td>Kompressionskammarens balningsmekanism<\/td>\n<td>\/<\/td>\n<td>Rulltyp<\/td>\n<\/tr>\n<tr>\n<td>7<\/td>\n<td>Kompressionskammarens bredd<\/td>\n<td>mm<\/td>\n<td>1400<\/td>\n<\/tr>\n<tr>\n<td>8<\/td>\n<td>Kompressionskammardiameter<\/td>\n<td>mm<\/td>\n<td>\u03a61200<\/td>\n<\/tr>\n<tr>\n<td>9<\/td>\n<td>Antal komprimeringskomponenter<\/td>\n<td>st<\/td>\n<td>18 (V\u00e4ltar)<\/td>\n<\/tr>\n<tr>\n<td>10<\/td>\n<td>Komprimeringsvalsens diameter<\/td>\n<td>mm<\/td>\n<td>\u03a6222<\/td>\n<\/tr>\n<tr>\n<td>11<\/td>\n<td>Balningsmetod<\/td>\n<td>\/<\/td>\n<td>N\u00e4tlindning<\/td>\n<\/tr>\n<tr>\n<td>12<\/td>\n<td>N\u00f6dv\u00e4ndig effekt<\/td>\n<td>kW<\/td>\n<td>55\u2013100<\/td>\n<\/tr>\n<tr>\n<td>13<\/td>\n<td>Maskinvikt<\/td>\n<td>kg<\/td>\n<td>4570<\/td>\n<\/tr>\n<tr>\n<td>14<\/td>\n<td>Kraftuttagsaxelns hastighet<\/td>\n<td>varv\/min<\/td>\n<td>720<\/td>\n<\/tr>\n<tr>\n<td>15<\/td>\n<td>Totala m\u00e5tt (L\u00d7B\u00d7H)<\/td>\n<td>mm<\/td>\n<td>4600 \u00d7 3010 \u00d7 2370 (i drift)<\/td>\n<\/tr>\n<tr>\n<td>16<\/td>\n<td>Kontroll av baldensitet<\/td>\n<td>\/<\/td>\n<td>Sensorstyrd<\/td>\n<\/tr>\n<tr>\n<td>17<\/td>\n<td>Balstorlek (diameter \u00d7 bredd)<\/td>\n<td>mm<\/td>\n<td>\u03a61300 \u00d7 1400<\/td>\n<\/tr>\n<tr>\n<td>18<\/td>\n<td>Baldensitet<\/td>\n<td>kg\/m\u00b3<\/td>\n<td>100\u2013200<\/td>\n<\/tr>\n<tr>\n<td>19<\/td>\n<td>Produktionshastighet<\/td>\n<td>balar\/timme<\/td>\n<td>40\u2013100<\/td>\n<\/tr>\n<tr>\n<td>20<\/td>\n<td>Hjulbas<\/td>\n<td>mm<\/td>\n<td>2600<\/td>\n<\/tr>\n<tr>\n<td>21<\/td>\n<td>Driftshastighet<\/td>\n<td>km\/h<\/td>\n<td>5\u201335<\/td>\n<\/tr>\n<tr>\n<td>22<\/td>\n<td>N\u00e4tlindningens storlek (l\u00e4ngd \u00d7 bredd)<\/td>\n<td>\/<\/td>\n<td>2000 \u00d7 1,4 m per bal<\/td>\n<\/tr>\n<\/tbody>\n<\/table>\n<\/div>\n<h2><strong>Viktiga innovationer<\/strong><\/h2>\n<p><img loading=\"lazy\" decoding=\"async\" class=\"aligncenter wp-image-220 size-full\" src=\"https:\/\/agricultural-baler.com\/wp-content\/uploads\/2025\/11\/0-9YG-2.24D-baler-2.webp\" alt=\"9YG-2.24D balpress \" width=\"853\" height=\"718\" srcset=\"https:\/\/agricultural-baler.com\/wp-content\/uploads\/2025\/11\/0-9YG-2.24D-baler-2.webp 853w, https:\/\/agricultural-baler.com\/wp-content\/uploads\/2025\/11\/0-9YG-2.24D-baler-2-480x404.webp 480w\" sizes=\"auto, (min-width: 0px) and (max-width: 480px) 480px, (min-width: 481px) 853px, 100vw\" \/><\/p>\n<h3>S9000 intelligent styrsystem<\/h3>\n<ul>\n<li>Peksk\u00e4rmsgr\u00e4nssnitt mellan m\u00e4nniska och maskin: Ger en intuitiv anv\u00e4ndarupplevelse som visar driftstatus, antal paket och felkoder i realtid, vilket s\u00e4kerst\u00e4ller driftstransparens och enkelt underh\u00e5ll.<\/li>\n<li>F\u00f6rinst\u00e4llning av densitet och automatisk minnesfunktion: St\u00f6der tre f\u00f6rinst\u00e4llda densitetsalternativ (mjuk\/medium\/fast) f\u00f6r att m\u00f6ta behoven hos olika gr\u00f6dor. Systemet har en automatisk minnesfunktion som kommer ih\u00e5g anv\u00e4ndarinst\u00e4llningar, vilket f\u00f6renklar driftprocessen.<\/li>\n<\/ul>\n<h3>F\u00f6rb\u00e4ttrat upptagningssystem<\/h3>\n<ul>\n<li>F\u00f6rst\u00e4rkta t\u00e4nder + trasselskyddsrulle: Anv\u00e4nder specialdesignade t\u00e4nder och en trasselskyddsrulle f\u00f6r att effektivt hantera utmaningarna med v\u00e5ta och h\u00f6gavkastande gr\u00f6dor, vilket f\u00f6rb\u00e4ttrar arbetseffektiviteten.<\/li>\n<li>Justerbar markfrig\u00e5ng f\u00f6r pickup: Justerar pickuph\u00f6jden efter olika terr\u00e4ngf\u00f6rh\u00e5llanden f\u00f6r att anpassa sig till varierande arbetsmilj\u00f6er, vilket s\u00e4kerst\u00e4ller kontinuerlig och stabil drift.<\/li>\n<\/ul>\n<h3>Beyond Version Transmissionsf\u00f6rst\u00e4rkning<\/h3>\n<ul>\n<li>Uppgraderad dubbelv\u00e4xell\u00e5da: Anv\u00e4nder en 90\u00b0 rotationsdesign och uppn\u00e5r helt t\u00e4tad sm\u00f6rjning, vilket f\u00f6rb\u00e4ttrar mekanisk effektivitet och h\u00e5llbarhet.<\/li>\n<li>Kraftig universalkoppling + \u00f6verbelastningsskyddad brytbult: Utrustad med en robustare universalkoppling och \u00f6verbelastningsskyddade brytbultar f\u00f6r att f\u00f6rhindra mekaniska skador, vilket f\u00f6rb\u00e4ttrar systemets tillf\u00f6rlitlighet och s\u00e4kerhet.<\/li>\n<\/ul>\n<h3>Snabb underh\u00e5llsdesign<\/h3>\n<ul>\n<li>Modul\u00e4r knytare: Den modul\u00e4ra designen m\u00f6jligg\u00f6r bladbyte inom 5 minuter, vilket avsev\u00e4rt minskar stillest\u00e5ndstiden.<\/li>\n<li>Centraliserad placering av slitdelar: Slitdelar \u00e4r centralt placerade f\u00f6r enkel \u00e5tkomst, vilket optimerar underh\u00e5llsprocessen, \u00f6kar underh\u00e5llseffektiviteten med upp till 40% och minskar underh\u00e5llstid och -kostnader.<\/li>\n<\/ul>\n<h2><strong>Anv\u00e4ndningsomr\u00e5den: D\u00e4r 9YG-2.24D S9000 Beyond rundbalspress levererar exceptionell prestanda<\/strong><\/h2>\n<p><img loading=\"lazy\" decoding=\"async\" class=\"aligncenter wp-image-94 size-full\" src=\"https:\/\/agricultural-baler.com\/wp-content\/uploads\/2025\/11\/0-baler-application.webp\" alt=\"balpressapplikation\" width=\"807\" height=\"759\" srcset=\"https:\/\/agricultural-baler.com\/wp-content\/uploads\/2025\/11\/0-baler-application.webp 807w, https:\/\/agricultural-baler.com\/wp-content\/uploads\/2025\/11\/0-baler-application-480x451.webp 480w\" sizes=\"auto, (min-width: 0px) and (max-width: 480px) 480px, (min-width: 481px) 807px, 100vw\" \/><\/p>\n<ol data-spm-anchor-id=\"5176.28103460.0.i575.bc984fa5rlZb1k\">\n<li><strong>Mj\u00f6lk- och n\u00f6tkreatursg\u00e5rdar \u2013 Premium h\u00f6balning<\/strong><br \/>\nIdealisk f\u00f6r <strong>rundbalpressoperationer<\/strong> I storskaliga mejeri- och n\u00f6tk\u00f6ttsf\u00f6retag bearbetar denna maskin effektivt alfalfa, kl\u00f6ver och gr\u00e4s till h\u00f6gdensitets- och v\u00e4derbest\u00e4ndiga gr\u00f6dor. <strong>h\u00f6balar<\/strong>\u2014s\u00e4kerst\u00e4ller en j\u00e4mn foderkvalitet \u00e5ret runt.<\/li>\n<li>\n<p data-spm-anchor-id=\"5176.28103460.0.i574.bc984fa5rlZb1k\"><strong>\u00c5tervinning av spannm\u00e5lsrester \u2013 Halmbalning efter sk\u00f6rd<\/strong><br \/>\nEfter sk\u00f6rden av vete, ris eller majs, <strong>S9000 Beyond rundbalpress<\/strong> samlar snabbt upp och komprimerar \u00f6verbliven halm till en j\u00e4mn <strong>jordbruksbalar<\/strong>, och omvandlar avfall till v\u00e4rdefull biomassa f\u00f6r str\u00f6, biobr\u00e4nsle eller jordf\u00f6rb\u00e4ttring.<\/p>\n<\/li>\n<li><strong>Specialodling \u2013 Balning av kr\u00e4vande biomassa<\/strong><br \/>\nFr\u00e5n sockerr\u00f6rsblad och rapsstj\u00e4lkar till vass och miscanthus, detta <strong>kraftig balpress<\/strong> hanterar enkelt tuffa, fuktiga eller trassliga gr\u00f6dorester \u2013 vilket g\u00f6r den till ett utm\u00e4rkt val f\u00f6r <strong>biomassabalning<\/strong> inom energi- och industriella till\u00e4mpningar.<\/li>\n<li><strong>Storskaliga foderentrepren\u00f6rer \u2013 H\u00f6geffektiv f\u00e4ltverksamhet<\/strong><br \/>\nUtformad f\u00f6r entrepren\u00f6rer som hanterar tusentals tunnland, <strong>9YG-2.24D <a href=\"https:\/\/agricultural-baler.com\/sv\/\">rundbalpress<\/a><\/strong> levererar o\u00f6vertr\u00e4ffad hastighet (upp till 100 balar\/timme) och tillf\u00f6rlitlighet under intensiva <strong>balningss\u00e4songer<\/strong>, vilket minimerar driftstopp och maximerar avkastningen p\u00e5 investeringen.<\/li>\n<li><strong>Milj\u00f6v\u00e4nligt jordbruk och koldioxidkreditprogram<\/strong><br \/>\nGenom att m\u00f6jligg\u00f6ra effektiv <strong>halmbalsamling<\/strong> ist\u00e4llet f\u00f6r att br\u00e4nna \u00e5kern, detta <strong>smart rundbalpress<\/strong> st\u00f6der h\u00e5llbara jordbruksmetoder och hj\u00e4lper jordbrukare att kvalificera sig f\u00f6r milj\u00f6incitament och koldioxidkreditsystem.<\/li>\n<li><strong>Exportorienterade h\u00f6producenter \u2013 Uppfyller internationella standarder<\/strong><br \/>\nMed precision <strong>kontroll av baldensitet<\/strong> och n\u00e4tlindningskonsistens, producerar maskinen exportkvalitet <strong>runda h\u00f6balar<\/strong> som uppfyller strikta kvalitetskrav p\u00e5 marknader som Japan, Sydkorea och Mellan\u00f6stern.<\/li>\n<\/ol>\n<p>&nbsp;<\/p>\n<h2 data-spm-anchor-id=\"5176.28103460.0.i580.bc984fa5rlZb1k\"><strong>Certifieringar och efterlevnad<\/strong><\/h2>\n<ul>\n<li><strong>ISO 9001 kvalitetsledningssystem<\/strong><br \/>\nCertifierad f\u00f6r konsekvent produktkvalitet, processkontroll och kontinuerlig f\u00f6rb\u00e4ttring inom design och tillverkning.<\/li>\n<li><strong>CE-certifiering (valfri konfiguration)<\/strong><br \/>\nTillg\u00e4nglig p\u00e5 beg\u00e4ran f\u00f6r modeller avsedda f\u00f6r Europeiska ekonomiska samarbetsomr\u00e5det, vilket s\u00e4kerst\u00e4ller \u00f6verensst\u00e4mmelse med s\u00e4kerhetskraven i EU:s maskindirektiv 2006\/42\/EG.<\/li>\n<li><strong>Nationellt v\u00e4rderingsintyg f\u00f6r fr\u00e4mjande av jordbruksmaskiner<\/strong><br \/>\nOfficiellt godk\u00e4nd av Kinas jordbruks- och landsbygdsministerium, vilket kvalificerar balpressen f\u00f6r inkludering i nationella och provinsiella subventionsprogram.<\/li>\n<li>\n<p data-spm-anchor-id=\"5176.28103460.0.i581.bc984fa5rlZb1k\"><strong>\u00d6verensst\u00e4mmelse med nationella och internationella s\u00e4kerhetsstandarder<\/strong><br \/>\nUtformad och testad f\u00f6r att uppfylla kinesiska GB-standarder samt viktiga exportmarknadsf\u00f6reskrifter (inklusive Rysslands EAC, Mongoliets MNS och allm\u00e4nna ISO\/EN-s\u00e4kerhetsriktlinjer f\u00f6r jordbruksmaskiner).<\/p>\n<\/li>\n<\/ul>\n<p><img loading=\"lazy\" decoding=\"async\" class=\"aligncenter wp-image-73 size-full\" src=\"https:\/\/agricultural-baler.com\/wp-content\/uploads\/2025\/11\/0-certificates-1.webp\" alt=\"certifikat\" width=\"1587\" height=\"607\" srcset=\"https:\/\/agricultural-baler.com\/wp-content\/uploads\/2025\/11\/0-certificates-1.webp 1587w, https:\/\/agricultural-baler.com\/wp-content\/uploads\/2025\/11\/0-certificates-1-1280x490.webp 1280w, https:\/\/agricultural-baler.com\/wp-content\/uploads\/2025\/11\/0-certificates-1-980x375.webp 980w, https:\/\/agricultural-baler.com\/wp-content\/uploads\/2025\/11\/0-certificates-1-480x184.webp 480w\" sizes=\"auto, (min-width: 0px) and (max-width: 480px) 480px, (min-width: 481px) and (max-width: 980px) 980px, (min-width: 981px) and (max-width: 1280px) 1280px, (min-width: 1281px) 1587px, 100vw\" \/><\/p>\n<p>&nbsp;<\/p>\n<h3 data-spm-anchor-id=\"5176.28103460.0.i588.bc984fa5rlZb1k\">\u00a0<strong>Eftermarknadssupport \u2013 Byggd f\u00f6r global tillf\u00f6rlitlighet<\/strong><\/h3>\n<ul>\n<li>\n<p data-spm-anchor-id=\"5176.28103460.0.i587.bc984fa5rlZb1k\"><strong>Global reservdelsleverans inom 48 timmar<\/strong><br \/>\nKritiska slitdelar (remmar, knivar, lager, n\u00e4tlindningsrullar etc.) lagras i regionala lager i Asien, Europa och Amerika \u2013 vilket s\u00e4kerst\u00e4ller leverans inom 48 timmar efter orderbekr\u00e4ftelse.<\/p>\n<\/li>\n<li><strong>Flerspr\u00e5kig teknisk fj\u00e4rrsupport<\/strong><br \/>\nV\u00e5ra expertingenj\u00f6rer ger hj\u00e4lp i realtid via telefon, e-post eller videosamtal p\u00e5 engelska, ryska, spanska, portugisiska och mongoliska \u2013 och hj\u00e4lper dig att l\u00f6sa problem snabbt, \u00e4ven ute p\u00e5 f\u00e4ltet.<\/li>\n<li><strong>Omfattande utbildningsresurser<\/strong><br \/>\n\u00c5tkomst p\u00e5 beg\u00e4ran <strong>instruktionsvideor f\u00f6r drift<\/strong>, interaktiva fels\u00f6kningsguider och nedladdningsbara <strong>digitala anv\u00e4ndarmanualer<\/strong> n\u00e4r som helst via v\u00e5r kundportal eller mobilapp.<\/li>\n<li><strong>F\u00f6rl\u00e4ngd garanti (1\u20133 \u00e5r) som tillval<\/strong><br \/>\nV\u00e4lj flexibla ut\u00f6kade f\u00f6rs\u00e4kringsplaner f\u00f6r att skydda din investering bortom standardgarantiperioden \u2013 och t\u00e4cker viktiga komponenter utan dolda avgifter.<\/li>\n<\/ul>\n<h2><strong data-spm-anchor-id=\"5176.28103460.0.i592.bc984fa5rlZb1k\">\u00a0Globala lantbrukare litar p\u00e5 rundbalspressen S9000 Beyond<\/strong><\/h2>\n<h4 data-spm-anchor-id=\"5176.28103460.0.i594.bc984fa5rlZb1k\">1.\u00a0<strong>USA \u2013 h\u00f6producent i mellanv\u00e4stern<\/strong><\/h4>\n<ul data-spm-anchor-id=\"5176.28103460.0.i593.bc984fa5rlZb1k\">\n<li><strong>Kund<\/strong>James R. Thompson, \u00e4gare av Thompson Family Farms<\/li>\n<li><strong>Plats<\/strong>Iowa, USA<\/li>\n<li><strong>Ink\u00f6psdatum<\/strong>maj 2024<\/li>\n<li><strong>K\u00f6pta enheter<\/strong>2 enheter<\/li>\n<li><strong>Ans\u00f6kan<\/strong>Balning av alfalfa- och timotejgr\u00e4s f\u00f6r mj\u00f6lkfoder och export<\/li>\n<li><strong>Rekommendation<\/strong>:<br \/>\n<blockquote><p>\u201dVi har testat tre kinesiska balpressar under \u00e5rens lopp \u2013 den h\u00e4r \u00e4r den f\u00f6rsta som klarade \u00f6ver 1 200 balar under v\u00e5r f\u00f6rsta s\u00e4song utan ett enda haveri. N\u00e4tlindningen \u00e4r j\u00e4mn och peksk\u00e4rmen g\u00f6r densitetskontrollen enkel. F\u00f6r priset \u00f6vertr\u00e4ffar den maskiner som \u00e4r dubbelt s\u00e5 dyra.\u201d<\/p><\/blockquote>\n<p><img loading=\"lazy\" decoding=\"async\" class=\"aligncenter wp-image-215 size-full\" src=\"https:\/\/agricultural-baler.com\/wp-content\/uploads\/2025\/11\/0-application-baler-1.webp\" alt=\"appliceringsbalpress\" width=\"600\" height=\"400\" srcset=\"https:\/\/agricultural-baler.com\/wp-content\/uploads\/2025\/11\/0-application-baler-1.webp 600w, https:\/\/agricultural-baler.com\/wp-content\/uploads\/2025\/11\/0-application-baler-1-480x320.webp 480w\" sizes=\"auto, (min-width: 0px) and (max-width: 480px) 480px, (min-width: 481px) 600px, 100vw\" \/><\/li>\n<\/ul>\n<hr \/>\n<h4>2.\u00a0<strong>Brasilien \u2013 Storskalig entrepren\u00f6r f\u00f6r sojab\u00f6nor och majsrester<\/strong><\/h4>\n<ul>\n<li><strong>Kund<\/strong>: AgroM\u00e1q Servi\u00e7os Agr\u00edcolas Ltda.<\/li>\n<li><strong>Plats<\/strong>Mato Grosso, Brasilien<\/li>\n<li><strong>Ink\u00f6psdatum<\/strong>mars 2024<\/li>\n<li><strong>K\u00f6pta enheter<\/strong>: 5 enheter<\/li>\n<li><strong>Ans\u00f6kan<\/strong>Balning av majsstj\u00e4lkar och sojab\u00f6nshalm f\u00f6r biomassakraftverk<\/li>\n<li><strong>Rekommendation<\/strong>:<br \/>\n<blockquote><p>\u201dV\u00e5ra gamla europeiska balpressar fortsatte att t\u00e4ppas till i fuktiga f\u00f6rh\u00e5llanden. S9000:ans anti-wrap-pickup och f\u00f6rst\u00e4rkta valsar f\u00f6r\u00e4ndrade allt. Vi k\u00f6r nu 14 timmar\/dag under sk\u00f6rden med minimal stillest\u00e5ndstid. Avkastning p\u00e5 investeringen p\u00e5 under 8 m\u00e5nader.\u201d<\/p><\/blockquote>\n<\/li>\n<\/ul>\n<hr \/>\n<h4>3.\u00a0<strong>Ryssland \u2013 Sibiriska mejerikooperativet<\/strong><\/h4>\n<ul>\n<li><strong>Kund<\/strong>OOO 'AgroSib Korm' (Sibiriskt foderkooperativ)<\/li>\n<li><strong>Plats<\/strong>Novosibirskregionen, Ryssland<\/li>\n<li><strong>Ink\u00f6psdatum<\/strong>juni 2024<\/li>\n<li><strong>K\u00f6pta enheter<\/strong>3 enheter<\/li>\n<li><strong>Ans\u00f6kan<\/strong>\u00c4ngsh\u00f6balning f\u00f6r vinterfoder f\u00f6r boskap<\/li>\n<li><strong>Rekommendation<\/strong>:<br \/>\n<blockquote><p>\u201d\u00c4ven vid -5\u00b0C p\u00e5 morgonen fungerar v\u00e4xell\u00e5dan och kraftuttagssystemet felfritt. 90\u00b0-sv\u00e4ngfunktionen \u00e4r revolutionerande p\u00e5 v\u00e5ra sm\u00e5 f\u00e4lt. Vi har rekommenderat den till tv\u00e5 granng\u00e5rdar \u2013 och de har redan lagt best\u00e4llningar.\u201d<\/p><\/blockquote>\n<h2><strong><img loading=\"lazy\" decoding=\"async\" class=\"aligncenter wp-image-222 size-full\" src=\"https:\/\/agricultural-baler.com\/wp-content\/uploads\/2025\/11\/0-9YG-2.24D-baler-3.webp\" alt=\"9YG-2.24D balpress \" width=\"600\" height=\"400\" srcset=\"https:\/\/agricultural-baler.com\/wp-content\/uploads\/2025\/11\/0-9YG-2.24D-baler-3.webp 600w, https:\/\/agricultural-baler.com\/wp-content\/uploads\/2025\/11\/0-9YG-2.24D-baler-3-480x320.webp 480w\" sizes=\"auto, (min-width: 0px) and (max-width: 480px) 480px, (min-width: 481px) 600px, 100vw\" \/><\/strong><\/h2>\n<\/li>\n<\/ul>\n<hr \/>\n<h4>4.\u00a0<strong>Australien \u2013 Blandodling och boskapsuppf\u00f6dning<\/strong><\/h4>\n<ul>\n<li><strong>Kund<\/strong>Sarah och Mark Jenkins, \u201cWheatridge Farm\u201d<\/li>\n<li><strong>Plats<\/strong>Nya Sydwales, Australien<\/li>\n<li><strong>Ink\u00f6psdatum<\/strong>oktober 2024<\/li>\n<li><strong>K\u00f6pta enheter<\/strong>1 enhet<\/li>\n<li><strong>Ans\u00f6kan<\/strong>Vetehalmbalning f\u00f6r f\u00e5rstr\u00f6 och export till Japan<\/li>\n<li><strong>Rekommendation<\/strong>:<br \/>\n<blockquote><p>\u201dEfter v\u00e5r lokala \u00e5terf\u00f6rs\u00e4ljardemonstration var vi skeptiska \u2013 men baldensitetskontrollen \u00e4r perfekt. Japanska k\u00f6pare \u00e4lskade den enhetliga formen och det t\u00e4ta n\u00e4tlindningen. Dessutom kom reservdelarna fr\u00e5n deras nav i Singapore p\u00e5 bara tv\u00e5 dagar n\u00e4r vi beh\u00f6vde en ers\u00e4ttningskniv.\u201d<\/p><\/blockquote>\n<p>&nbsp;<\/li>\n<\/ul>","protected":false},"excerpt":{"rendered":"<p>9YG-2.24D S9000 Beyond-versionen \u00e4r en rundbalpress f\u00f6r jordbruket, designad f\u00f6r g\u00e5rdar \u00f6ver hela v\u00e4rlden, kapabel att hantera h\u00f6, halm och biomassa under en m\u00e4ngd olika f\u00f6rh\u00e5llanden, fr\u00e5n fuktiga \u00e5krar i Brasilien till kalla betesmarker i Sibirien.<\/p>","protected":false},"featured_media":219,"template":"","meta":{"_et_pb_use_builder":"","_et_pb_old_content":"","_et_gb_content_width":""},"product_brand":[],"product_cat":[23],"product_tag":[20,18,19,27],"class_list":{"0":"post-218","1":"product","2":"type-product","3":"status-publish","4":"has-post-thumbnail","6":"product_cat-round-baler","7":"product_tag-agricultural-baler","8":"product_tag-agricultural-round-baler","9":"product_tag-round-baler","10":"product_tag-s9000-round-baler","12":"first","13":"instock","14":"shipping-taxable","15":"product-type-simple"},"_links":{"self":[{"href":"https:\/\/agricultural-baler.com\/sv\/wp-json\/wp\/v2\/product\/218","targetHints":{"allow":["GET"]}}],"collection":[{"href":"https:\/\/agricultural-baler.com\/sv\/wp-json\/wp\/v2\/product"}],"about":[{"href":"https:\/\/agricultural-baler.com\/sv\/wp-json\/wp\/v2\/types\/product"}],"wp:featuredmedia":[{"embeddable":true,"href":"https:\/\/agricultural-baler.com\/sv\/wp-json\/wp\/v2\/media\/219"}],"wp:attachment":[{"href":"https:\/\/agricultural-baler.com\/sv\/wp-json\/wp\/v2\/media?parent=218"}],"wp:term":[{"taxonomy":"product_brand","embeddable":true,"href":"https:\/\/agricultural-baler.com\/sv\/wp-json\/wp\/v2\/product_brand?post=218"},{"taxonomy":"product_cat","embeddable":true,"href":"https:\/\/agricultural-baler.com\/sv\/wp-json\/wp\/v2\/product_cat?post=218"},{"taxonomy":"product_tag","embeddable":true,"href":"https:\/\/agricultural-baler.com\/sv\/wp-json\/wp\/v2\/product_tag?post=218"}],"curies":[{"name":"wp","href":"https:\/\/api.w.org\/{rel}","templated":true}]}}