{"id":287,"date":"2025-11-19T07:02:11","date_gmt":"2025-11-19T07:02:11","guid":{"rendered":"https:\/\/agricultural-baler.com\/?post_type=product&#038;p=287"},"modified":"2025-11-20T03:34:46","modified_gmt":"2025-11-20T03:34:46","slug":"agricultural-round-baler-9yg-2-24d-s9000-classic","status":"publish","type":"product","link":"https:\/\/agricultural-baler.com\/pt\/produto\/enfardadeira-agricola-redonda-9yg-2-24d-s9000-classica\/","title":{"rendered":"Enfardadeira agr\u00edcola de fardos redondos \u2013 9YG-2.24D S9000 Classic"},"content":{"rendered":"<h2><strong data-spm-anchor-id=\"5176.28103460.0.i741.bc984fa5rlZb1k\">Vis\u00e3o geral do produto: Enfardadeira de fardos redondos cl\u00e1ssica 9YG-2.24D S9000<\/strong><\/h2>\n<p>O <strong>9YG-2.24D S9000 Cl\u00e1ssico<\/strong> \u00c9 uma enfardadeira agr\u00edcola de fardos redondos de alta efici\u00eancia, do tipo reboc\u00e1vel, projetada para oferecer confiabilidade e desempenho em condi\u00e7\u00f5es de campo exigentes. Com uma largura de recolhimento de 2,24 metros, densidade de fardos controlada por sensor e uma robusta c\u00e2mara de compress\u00e3o com rolos, ela produz fardos uniformes e de alta densidade, envoltos em rede, ideais para feno, palha e biomassa.<\/p>\n<p>Projetado para <strong>fazendas de grande escala, cooperativas agr\u00edcolas e servi\u00e7os profissionais de colheita personalizada.<\/strong>O S9000 Classic equilibra durabilidade mec\u00e2nica comprovada com recursos operacionais inteligentes, tornando-o uma m\u00e1quina robusta e econ\u00f4mica para regi\u00f5es que priorizam produtividade, facilidade de manuten\u00e7\u00e3o e valor a longo prazo.<\/p>\n<p>Constru\u00eddo com base em anos de projeto testado em campo, este modelo serve como a base confi\u00e1vel da nossa s\u00e9rie de enfardadeiras redondas, proporcionando resultados consistentes temporada ap\u00f3s temporada.<\/p>\n<p>&nbsp;<\/p>\n<h2><strong>Par\u00e2metros do produto<\/strong><\/h2>\n<div style=\"overflow-x: auto;\">\n<table style=\"max-width: 100%; overflow-x: auto;\" border=\"1\">\n<thead>\n<tr>\n<th style=\"width: 26.5625px;\">N\u00e3o.<\/th>\n<th style=\"width: 244.562px;\">Item<\/th>\n<th style=\"width: 65.3906px;\">Unidade<\/th>\n<th style=\"width: 259.484px;\">Especifica\u00e7\u00e3o<\/th>\n<\/tr>\n<\/thead>\n<tbody>\n<tr>\n<td style=\"width: 26.5625px;\">1<\/td>\n<td style=\"width: 244.562px;\">Nome do modelo<\/td>\n<td style=\"width: 65.3906px;\">\/<\/td>\n<td style=\"width: 259.484px;\">Enfardadeira redonda 9YG-2.24D (S9000 Classic)<\/td>\n<\/tr>\n<tr>\n<td style=\"width: 26.5625px;\">2<\/td>\n<td style=\"width: 244.562px;\">Tipo de engate<\/td>\n<td style=\"width: 65.3906px;\">\/<\/td>\n<td style=\"width: 259.484px;\">Tipo de puxar<\/td>\n<\/tr>\n<tr>\n<td style=\"width: 26.5625px;\">3<\/td>\n<td style=\"width: 244.562px;\">Largura de capta\u00e7\u00e3o<\/td>\n<td style=\"width: 65.3906px;\">mm<\/td>\n<td style=\"width: 259.484px;\">2240<\/td>\n<\/tr>\n<tr>\n<td style=\"width: 26.5625px;\">4<\/td>\n<td style=\"width: 244.562px;\">Tipo de estrutura de capta\u00e7\u00e3o<\/td>\n<td style=\"width: 65.3906px;\">\/<\/td>\n<td style=\"width: 259.484px;\">Tipo de dente de mola<\/td>\n<\/tr>\n<tr>\n<td style=\"width: 26.5625px;\">5<\/td>\n<td style=\"width: 244.562px;\">Tipo de mecanismo de alimenta\u00e7\u00e3o<\/td>\n<td style=\"width: 65.3906px;\">\/<\/td>\n<td style=\"width: 259.484px;\">Pente de rolo + Tipo de rolo<\/td>\n<\/tr>\n<tr>\n<td style=\"width: 26.5625px;\">6<\/td>\n<td style=\"width: 244.562px;\">Mecanismo de enfardamento com c\u00e2mara de compress\u00e3o<\/td>\n<td style=\"width: 65.3906px;\">\/<\/td>\n<td style=\"width: 259.484px;\">Tipo de rolo<\/td>\n<\/tr>\n<tr>\n<td style=\"width: 26.5625px;\">7<\/td>\n<td style=\"width: 244.562px;\">Largura da c\u00e2mara de compress\u00e3o<\/td>\n<td style=\"width: 65.3906px;\">mm<\/td>\n<td style=\"width: 259.484px;\">1400<\/td>\n<\/tr>\n<tr>\n<td style=\"width: 26.5625px;\">8<\/td>\n<td style=\"width: 244.562px;\">Di\u00e2metro da c\u00e2mara de compress\u00e3o<\/td>\n<td style=\"width: 65.3906px;\">mm<\/td>\n<td style=\"width: 259.484px;\">\u03a61200<\/td>\n<\/tr>\n<tr>\n<td style=\"width: 26.5625px;\">9<\/td>\n<td style=\"width: 244.562px;\">N\u00famero de componentes de compacta\u00e7\u00e3o<\/td>\n<td style=\"width: 65.3906px;\">pe\u00e7as<\/td>\n<td style=\"width: 259.484px;\">18 (Rolos)<\/td>\n<\/tr>\n<tr>\n<td style=\"width: 26.5625px;\">10<\/td>\n<td style=\"width: 244.562px;\">Di\u00e2metro do rolo compactador<\/td>\n<td style=\"width: 65.3906px;\">mm<\/td>\n<td style=\"width: 259.484px;\">\u03a6222<\/td>\n<\/tr>\n<tr>\n<td style=\"width: 26.5625px;\">11<\/td>\n<td style=\"width: 244.562px;\">M\u00e9todo de enfardamento<\/td>\n<td style=\"width: 65.3906px;\">\/<\/td>\n<td style=\"width: 259.484px;\">Envolt\u00f3rio de rede<\/td>\n<\/tr>\n<tr>\n<td style=\"width: 26.5625px;\">12<\/td>\n<td style=\"width: 244.562px;\">Pot\u00eancia necess\u00e1ria<\/td>\n<td style=\"width: 65.3906px;\">kW<\/td>\n<td style=\"width: 259.484px;\">55\u2013100<\/td>\n<\/tr>\n<tr>\n<td style=\"width: 26.5625px;\">13<\/td>\n<td style=\"width: 244.562px;\">Peso da m\u00e1quina<\/td>\n<td style=\"width: 65.3906px;\">kg<\/td>\n<td style=\"width: 259.484px;\">4312<\/td>\n<\/tr>\n<tr>\n<td style=\"width: 26.5625px;\">14<\/td>\n<td style=\"width: 244.562px;\">Velocidade do eixo da tomada de for\u00e7a<\/td>\n<td style=\"width: 65.3906px;\">r\/min<\/td>\n<td style=\"width: 259.484px;\">720<\/td>\n<\/tr>\n<tr>\n<td style=\"width: 26.5625px;\">15<\/td>\n<td style=\"width: 244.562px;\">Dimens\u00f5es totais (C\u00d7L\u00d7A)<\/td>\n<td style=\"width: 65.3906px;\">mm<\/td>\n<td style=\"width: 259.484px;\">4470 \u00d7 3010 \u00d7 2370 (em opera\u00e7\u00e3o)<\/td>\n<\/tr>\n<tr>\n<td style=\"width: 26.5625px;\">16<\/td>\n<td style=\"width: 244.562px;\">Controle da densidade dos fardos<\/td>\n<td style=\"width: 65.3906px;\">\/<\/td>\n<td style=\"width: 259.484px;\">Controlado por sensor<\/td>\n<\/tr>\n<tr>\n<td style=\"width: 26.5625px;\">17<\/td>\n<td style=\"width: 244.562px;\">Dimens\u00f5es do fardo (di\u00e2metro \u00d7 largura)<\/td>\n<td style=\"width: 65.3906px;\">mm<\/td>\n<td style=\"width: 259.484px;\">\u03a61300 \u00d7 1400<\/td>\n<\/tr>\n<tr>\n<td style=\"width: 26.5625px;\">18<\/td>\n<td style=\"width: 244.562px;\">Densidade do fardo<\/td>\n<td style=\"width: 65.3906px;\">kg\/m\u00b3<\/td>\n<td style=\"width: 259.484px;\">100\u2013200<\/td>\n<\/tr>\n<tr>\n<td style=\"width: 26.5625px;\">19<\/td>\n<td style=\"width: 244.562px;\">Taxa de produ\u00e7\u00e3o<\/td>\n<td style=\"width: 65.3906px;\">fardos\/hora<\/td>\n<td style=\"width: 259.484px;\">40\u2013100<\/td>\n<\/tr>\n<tr>\n<td style=\"width: 26.5625px;\">20<\/td>\n<td style=\"width: 244.562px;\">Dist\u00e2ncia entre eixos<\/td>\n<td style=\"width: 65.3906px;\">mm<\/td>\n<td style=\"width: 259.484px;\">2600<\/td>\n<\/tr>\n<tr>\n<td style=\"width: 26.5625px;\">21<\/td>\n<td style=\"width: 244.562px;\">Velocidade de opera\u00e7\u00e3o<\/td>\n<td style=\"width: 65.3906px;\">km\/h<\/td>\n<td style=\"width: 259.484px;\">5\u201335<\/td>\n<\/tr>\n<tr>\n<td style=\"width: 26.5625px;\">22<\/td>\n<td style=\"width: 244.562px;\">Dimens\u00f5es da rede de prote\u00e7\u00e3o (Comprimento \u00d7 Largura)<\/td>\n<td style=\"width: 65.3906px;\">\/<\/td>\n<td style=\"width: 259.484px;\">2000 \u00d7 1,4 m por fardo<\/td>\n<\/tr>\n<\/tbody>\n<\/table>\n<\/div>\n<p><img loading=\"lazy\" decoding=\"async\" class=\"aligncenter wp-image-290 size-full\" src=\"https:\/\/agricultural-baler.com\/wp-content\/uploads\/2025\/11\/0-9YG-2.24D-baler-classic-2.webp\" alt=\"Enfardadeira cl\u00e1ssica 9YG-2.24D 2\" width=\"945\" height=\"714\" srcset=\"https:\/\/agricultural-baler.com\/wp-content\/uploads\/2025\/11\/0-9YG-2.24D-baler-classic-2.webp 945w, https:\/\/agricultural-baler.com\/wp-content\/uploads\/2025\/11\/0-9YG-2.24D-baler-classic-2-480x363.webp 480w\" sizes=\"auto, (min-width: 0px) and (max-width: 480px) 480px, (min-width: 481px) 945px, 100vw\" \/><\/p>\n<h2><strong data-spm-anchor-id=\"5176.28103460.0.i745.bc984fa5rlZb1k\">Principais inova\u00e7\u00f5es e tecnologias<\/strong><strong data-spm-anchor-id=\"5176.28103460.0.i745.bc984fa5rlZb1k\"> Vantagens<\/strong><\/h2>\n<h3>1.\u00a0<strong>Sistema avan\u00e7ado de barra de tra\u00e7\u00e3o e transmiss\u00e3o<\/strong><\/h3>\n<p>A enfardadeira possui um <strong>eixo de transmiss\u00e3o com junta universal dupla (junta cruzada dupla) de desenvolvimento pr\u00f3prio<\/strong>, combinado com um integrado <strong>eixo limitador de torque de seguran\u00e7a<\/strong>Este projeto reduz significativamente o estresse nos componentes da transmiss\u00e3o durante curvas acentuadas \u2014 algo especialmente cr\u00edtico em terrenos pequenos ou irregulares. Ao evitar o travamento da transmiss\u00e3o e a sobrecarga torsional, ele aumenta a vida \u00fatil da m\u00e1quina e garante uma opera\u00e7\u00e3o suave em terrenos desafiadores.<\/p>\n<h3>2.\u00a0<strong>Sistema hidr\u00e1ulico aprimorado para opera\u00e7\u00e3o mais r\u00e1pida e suave.<\/strong><\/h3>\n<p>Equipado com <strong>Conex\u00f5es hidr\u00e1ulicas tipo H com encaixe tipo mordida<\/strong>, o sistema suporta press\u00f5es de trabalho mais elevadas, permitindo <strong>Ciclos de abertura e fechamento da c\u00e2mara de enfardamento mais r\u00e1pidos<\/strong>Um dedicado <strong>cilindro de amortecimento<\/strong> \u00c9 instalado na c\u00e2mara traseira para absorver o impacto durante o fechamento, minimizando efetivamente o desgaste induzido pela vibra\u00e7\u00e3o nos componentes estruturais e prolongando a vida \u00fatil.<\/p>\n<h3>3.\u00a0<strong>Caixa de engrenagens refor\u00e7ada e transmiss\u00e3o de c\u00e2mara de dupla engrenagem<\/strong><\/h3>\n<p>O refor\u00e7ado <strong>caixa de engrenagens refor\u00e7ada<\/strong> Proporciona maior torque de transmiss\u00e3o, garantindo fornecimento de pot\u00eancia consistente mesmo sob cargas elevadas de colheita. Em conjunto com um <strong>transmiss\u00e3o por corrente com engrenagem dupla<\/strong> Para a c\u00e2mara de compress\u00e3o, esta configura\u00e7\u00e3o proporciona uma distribui\u00e7\u00e3o de for\u00e7a equilibrada, resultando em <strong>Forma\u00e7\u00e3o de fardos mais uniforme, redu\u00e7\u00e3o do esfor\u00e7o mec\u00e2nico e maior efici\u00eancia operacional.<\/strong>\u2014mesmo durante o uso di\u00e1rio prolongado.<\/p>\n<p><img loading=\"lazy\" decoding=\"async\" class=\"aligncenter wp-image-291 size-full\" src=\"https:\/\/agricultural-baler.com\/wp-content\/uploads\/2025\/11\/0-baler-working.webp\" alt=\"enfardadeira em funcionamento\" width=\"737\" height=\"712\" srcset=\"https:\/\/agricultural-baler.com\/wp-content\/uploads\/2025\/11\/0-baler-working.webp 737w, https:\/\/agricultural-baler.com\/wp-content\/uploads\/2025\/11\/0-baler-working-480x464.webp 480w\" sizes=\"auto, (min-width: 0px) and (max-width: 480px) 480px, (min-width: 481px) 737px, 100vw\" \/><\/p>\n<h2 data-spm-anchor-id=\"5176.28103460.0.i750.bc984fa5rlZb1k\"><strong>Aplica\u00e7\u00f5es e benef\u00edcios<\/strong><\/h2>\n<h3><strong>Condi\u00e7\u00f5es ideais de funcionamento<\/strong><\/h3>\n<p>O <strong>9YG-2.24D S9000 Cl\u00e1ssico<\/strong> \u00e9 vers\u00e1til <a href=\"https:\/\/agricultural-baler.com\/pt\/\"><strong>enfardadeira agr\u00edcola<\/strong><\/a> Projetada para diversos ambientes agr\u00edcolas \u2014 desde regi\u00f5es produtoras de gr\u00e3os em larga escala at\u00e9 pastagens voltadas para a cria\u00e7\u00e3o de gado. Ela se destaca em:<\/p>\n<ul>\n<li><strong>Campos de feno secos ou semi-secos<\/strong>\u00a0(alfafa, trevo, grama) como uma op\u00e7\u00e3o confi\u00e1vel\u00a0<strong>enfardadeira de feno<\/strong><\/li>\n<li><strong>Coleta de palha p\u00f3s-colheita<\/strong>\u00a0ap\u00f3s a colheita de trigo, arroz ou milho \u2014 ideal para\u00a0<strong>enfardamento de palha<\/strong>\u00a0opera\u00e7\u00f5es<\/li>\n<li><strong>Recupera\u00e7\u00e3o de biomassa<\/strong>\u00a0de res\u00edduos de culturas como cana, talos de sorgo ou colza.<\/li>\n<li><strong>Terrenos de pequeno a m\u00e9dio porte<\/strong>\u00a0com curvas frequentes, gra\u00e7as \u00e0 sua transmiss\u00e3o otimizada e raio de giro compacto.<\/li>\n<\/ul>\n<p>Seja em plan\u00edcies ou em terrenos levemente ondulados, isto <strong>enfardadeira redonda<\/strong> Oferece desempenho consistente em condi\u00e7\u00f5es reais de campo.<\/p>\n<h3><strong>Benef\u00edcios econ\u00f4micos<\/strong><\/h3>\n<ul>\n<li>\u23f1\ufe0f\u00a0<strong>Aumenta a produtividade<\/strong>Com uma velocidade de trabalho de 5 a 35 km\/h e uma produ\u00e7\u00e3o de\u00a0<strong>40\u2013100 fardos\/hora<\/strong>, o\u00a0<strong>enfardadeira redonda<\/strong>\u00a0Reduz significativamente o tempo de trabalho em campo em compara\u00e7\u00e3o com m\u00e9todos manuais ou equipamentos obsoletos.<\/li>\n<li>?\u00a0<strong>Reduz os custos operacionais<\/strong>Design robusto minimiza avarias; manuten\u00e7\u00e3o facilitada reduz custos com m\u00e3o de obra e pe\u00e7as de reposi\u00e7\u00e3o em at\u00e9 30%.<\/li>\n<li>?\u00a0<strong>Melhora a qualidade dos fardos<\/strong>Uniforme, de alta densidade\u00a0<strong>fardos de feno<\/strong>\u00a0(100\u2013200 kg\/m\u00b3) alcan\u00e7am melhores pre\u00e7os nos mercados de ra\u00e7\u00e3o e reduzem as perdas de transporte\/armazenamento.<\/li>\n<li>?\u00a0<strong>Compat\u00edvel com tratores de gama m\u00e9dia<\/strong>\u00a0(55\u2013100 kW), tornando-o acess\u00edvel para fazendas preocupadas com os custos, sem sacrificar a efici\u00eancia.<\/li>\n<\/ul>\n<h3><strong>Benef\u00edcios sociais e ambientais<\/strong><\/h3>\n<ul>\n<li>\u267b\ufe0f\u00a0<strong>Promove a agricultura sustent\u00e1vel.<\/strong>Eficiente\u00a0<strong>enfardamento de palha<\/strong>\u00a0Permite a reciclagem de res\u00edduos agr\u00edcolas, reduzindo a queima em campo aberto e diminuindo a polui\u00e7\u00e3o do ar.<\/li>\n<li>?\u200d?\u00a0<strong>Reduz a depend\u00eancia da m\u00e3o de obra<\/strong>Automatiza uma tarefa tradicionalmente trabalhosa, aliviando a press\u00e3o sobre a escassez de m\u00e3o de obra rural.<\/li>\n<li>?\u00a0<strong>Apoia a agricultura circular<\/strong>A palha enfardada se transforma em valiosa cama para animais, mat\u00e9ria-prima para biocombust\u00edveis ou fertilizante org\u00e2nico, fechando o ciclo de recursos.<\/li>\n<\/ul>\n<p><img loading=\"lazy\" decoding=\"async\" class=\"aligncenter wp-image-282 size-large\" src=\"https:\/\/agricultural-baler.com\/wp-content\/uploads\/2025\/11\/0-agricultural-baler-banner3-1024x317.webp\" alt=\"banner de enfardadeira agr\u00edcola\" width=\"1024\" height=\"317\" srcset=\"https:\/\/agricultural-baler.com\/wp-content\/uploads\/2025\/11\/0-agricultural-baler-banner3-980x303.webp 980w, https:\/\/agricultural-baler.com\/wp-content\/uploads\/2025\/11\/0-agricultural-baler-banner3-480x149.webp 480w\" sizes=\"auto, (min-width: 0px) and (max-width: 480px) 480px, (min-width: 481px) and (max-width: 980px) 980px, (min-width: 981px) 1024px, 100vw\" \/><\/p>\n<h2>?\u00a0<strong>Hist\u00f3rias reais, resultados reais: os agricultores confiam na enfardadeira redonda S9000 Classic.<\/strong><\/h2>\n<hr \/>\n<h4>1.\u00a0<strong>Estados Unidos \u2013 Produtor de feno do Meio-Oeste<\/strong><\/h4>\n<ul>\n<li><strong>Cliente<\/strong>Daniel Miller, propriet\u00e1rio da Miller Hay Farms<\/li>\n<li><strong>Localiza\u00e7\u00e3o<\/strong>Nebraska, EUA<\/li>\n<li><strong>Data da compra<\/strong>Abril de 2024<\/li>\n<li><strong>Unidades adquiridas<\/strong>: 3 unidades<\/li>\n<li><strong>Aplicativo<\/strong>Enfardamento de feno de alfafa e gram\u00edneas para alimenta\u00e7\u00e3o de gado leiteiro<\/li>\n<li><strong>Depoimento<\/strong>:<br \/>\n<blockquote><p>\u201cPrecis\u00e1vamos de uma enfardadeira de feno confi\u00e1vel, com pre\u00e7o inferior a $30K, que acompanhasse o ritmo do nosso trator de 90 HP. A S9000 Classic atendeu \u00e0s nossas expectativas: mais de 100 fardos por dia, sem nenhum travamento durante nossa colheita chuvosa de primavera. A rede de amarra\u00e7\u00e3o \u00e9 bem firme e o recolhedor lidou com o feno acamado melhor do que nossa antiga John Deere. Pelo pre\u00e7o, \u00e9 imbat\u00edvel.\u201d<\/p><\/blockquote>\n<\/li>\n<\/ul>\n<hr \/>\n<h4>2.\u00a0<strong>Ucr\u00e2nia \u2013 Cooperativa de Gr\u00e3os e Pecu\u00e1ria<\/strong><\/h4>\n<ul>\n<li><strong>Cliente<\/strong>: AgroSoyuz Tovarystvo (Cooperativa AgroSoyuz)<\/li>\n<li><strong>Localiza\u00e7\u00e3o<\/strong>Regi\u00e3o de Poltava, Ucr\u00e2nia<\/li>\n<li><strong>Data da compra<\/strong>Julho de 2024<\/li>\n<li><strong>Unidades adquiridas<\/strong>: 5 unidades<\/li>\n<li><strong>Aplicativo<\/strong>Enfardamento de palha de trigo para cama de gado e exporta\u00e7\u00e3o.<\/li>\n<li><strong>Depoimento<\/strong>:<br \/>\n<blockquote><p>\u201cDepois que as san\u00e7\u00f5es limitaram as pe\u00e7as de reposi\u00e7\u00e3o para m\u00e1quinas europeias, mudamos para esta enfardadeira chinesa de fardos redondos. Ela funciona 12 horas por dia com tratores de 85 HP. A transmiss\u00e3o por corrente dupla evita o deslizamento da correia \u2014 um grande problema com nossos modelos antigos. J\u00e1 encomendamos uma terceira unidade.\u201d<\/p><\/blockquote>\n<p><img loading=\"lazy\" decoding=\"async\" class=\"alignnone size-medium wp-image-222\" src=\"https:\/\/agricultural-baler.com\/wp-content\/uploads\/2025\/11\/0-9YG-2.24D-baler-3-300x200.webp\" alt=\"enfardadeira 9YG-2.24D\" width=\"300\" height=\"200\" \/><\/li>\n<\/ul>\n<hr \/>\n<h4>3.\u00a0<strong>Mong\u00f3lia \u2013 Fazenda Pastoral da Estepe<\/strong><\/h4>\n<ul>\n<li><strong>Cliente<\/strong>Batbayar Enkhbold, Gerente da Gobi Agro LLC<\/li>\n<li><strong>Localiza\u00e7\u00e3o<\/strong>: Prov\u00edncia de \u00d6v\u00f6rkhangai, Mong\u00f3lia<\/li>\n<li><strong>Data da compra<\/strong>Setembro de 2024<\/li>\n<li><strong>Unidades adquiridas<\/strong>: 1 unidade<\/li>\n<li><strong>Aplicativo<\/strong>Enfardamento de feno em prados naturais para alimenta\u00e7\u00e3o do gado no inverno.<\/li>\n<li><strong>Depoimento<\/strong>:<br \/>\n<blockquote><p>\u201cNossos pastos s\u00e3o rochosos e irregulares, mas esta enfardadeira agr\u00edcola lida bem com isso. A altura em rela\u00e7\u00e3o ao solo \u00e9 ajust\u00e1vel e o eixo de torque de seguran\u00e7a nos salvou duas vezes quando atingimos pedras escondidas. A entrega da China levou apenas 22 dias \u2014 mais r\u00e1pido do que os revendedores locais!\u201d<\/p><\/blockquote>\n<\/li>\n<\/ul>\n<hr \/>\n<h4>4.\u00a0<strong>Argentina \u2013 Contratante de Res\u00edduos de Soja<\/strong><\/h4>\n<ul>\n<li><strong>Cliente<\/strong>: CampoLimpio Servi\u00e7os Agr\u00edcolas<\/li>\n<li><strong>Localiza\u00e7\u00e3o<\/strong>C\u00f3rdoba, Argentina<\/li>\n<li><strong>Data da compra<\/strong>Fevereiro de 2025<\/li>\n<li><strong>Unidades adquiridas<\/strong>: 3 unidades<\/li>\n<li><strong>Aplicativo<\/strong>Enfardamento de talos de soja e milho para usinas de biomassa<\/li>\n<li><strong>Depoimento<\/strong>:<br \/>\n<blockquote><p>\u201cTestamos cinco enfardadeiras para res\u00edduos com alto teor de umidade. Somente a S9000 Classic n\u00e3o entupiu. Seu sistema de recolhimento com dentes de mola e rolo anti-enrolamento funciona como m\u00e1gica. Retorno do investimento em 6 meses \u2014 agora estamos substituindo toda a nossa frota.\u201d<\/p><\/blockquote>\n<\/li>\n<\/ul>\n<hr \/>\n<h4>5.\u00a0<strong>Vietn\u00e3 \u2013 Iniciativa de Reciclagem da Palha de Arroz<\/strong><\/h4>\n<ul>\n<li><strong>Cliente<\/strong>: Mekong Green Energy Co., Ltd<\/li>\n<li><strong>Localiza\u00e7\u00e3o<\/strong>Prov\u00edncia de An Giang, Vietn\u00e3<\/li>\n<li><strong>Data da compra<\/strong>Novembro de 2024<\/li>\n<li><strong>Unidades adquiridas<\/strong>: 8 unidades (para o programa de cooperativa agr\u00edcola)<\/li>\n<li><strong>Aplicativo<\/strong>Coleta de palha de arroz para abastecer f\u00e1bricas de pellets.<\/li>\n<li><strong>Depoimento<\/strong>:<br \/>\n<blockquote>\n<p data-spm-anchor-id=\"5176.28103460.0.i754.bc984fa5rlZb1k\">\u201cO governo proibiu a queima de palha nos campos, ent\u00e3o precis\u00e1vamos de enfardadeiras de palha acess\u00edveis e com urg\u00eancia. Esta enfardadeira de fardos redondos funciona com tratores de 75 HP, comuns por aqui. Opera\u00e7\u00e3o simples \u2014 os agricultores a dominaram em uma \u00fanica demonstra\u00e7\u00e3o. A manuten\u00e7\u00e3o \u00e9 f\u00e1cil e as pe\u00e7as chegam de Guangzhou em 3 dias.\u201d<\/p>\n<\/blockquote>\n<p data-spm-anchor-id=\"5176.28103460.0.i754.bc984fa5rlZb1k\">\n<\/li>\n<\/ul>\n<h2><strong>Perguntas frequentes<\/strong><\/h2>\n<p><em><strong>P: Para quais culturas esta enfardadeira \u00e9 adequada?<\/strong><\/em><\/p>\n<p>A: A 9YG-2.24D S9000 Classic \u00e9 adequada para uma variedade de culturas, incluindo feno (alfafa, trevo), palha (trigo, arroz) e materiais de biomassa como talos de sorgo.<\/p>\n<p><em><strong>P: Qual a pot\u00eancia do trator necess\u00e1ria?<\/strong><\/em><\/p>\n<p>A: Esta enfardadeira de fardos redondos opera de forma eficiente com tratores que variam de 55 a 100 kW (75 a 135 HP).<\/p>\n<p><em><strong>P: Qual \u00e9 a produtividade em condi\u00e7\u00f5es de palha \u00famida?<\/strong><\/em><\/p>\n<p>A: Em condi\u00e7\u00f5es de umidade, a produ\u00e7\u00e3o pode variar, mas normalmente fica entre 40 e 60 fardos por hora devido \u00e0 menor velocidade de processamento.<\/p>\n<p><em><strong>P: Quais s\u00e3o as melhorias em compara\u00e7\u00e3o com o modelo S8000 anterior?<\/strong><\/em><\/p>\n<p>A: Comparado ao S8000, o S9000 Classic apresenta maior durabilidade da transmiss\u00e3o, sistemas hidr\u00e1ulicos aprimorados e torque de transmiss\u00e3o aumentado para melhor desempenho em terrenos desafiadores.<\/p>\n<p>&nbsp;<\/p>","protected":false},"excerpt":{"rendered":"<p>Esta enfardadeira agr\u00edcola de fardos redondos \u00e9 um equipamento confi\u00e1vel, de arrasto, projetado para enfardar feno, palha e biomassa. Com uma largura de recolhimento de 2,24 m e densidade controlada por sensor, produz fardos uniformes de 1,3 m envoltos em rede, a uma taxa de 40 a 100 fardos por hora.<\/p>","protected":false},"featured_media":288,"template":"","meta":{"_et_pb_use_builder":"","_et_pb_old_content":"","_et_gb_content_width":""},"product_brand":[],"product_cat":[23],"product_tag":[18,19,27],"class_list":{"0":"post-287","1":"product","2":"type-product","3":"status-publish","4":"has-post-thumbnail","6":"product_cat-round-baler","7":"product_tag-agricultural-round-baler","8":"product_tag-round-baler","9":"product_tag-s9000-round-baler","11":"first","12":"instock","13":"shipping-taxable","14":"product-type-simple"},"_links":{"self":[{"href":"https:\/\/agricultural-baler.com\/pt\/wp-json\/wp\/v2\/product\/287","targetHints":{"allow":["GET"]}}],"collection":[{"href":"https:\/\/agricultural-baler.com\/pt\/wp-json\/wp\/v2\/product"}],"about":[{"href":"https:\/\/agricultural-baler.com\/pt\/wp-json\/wp\/v2\/types\/product"}],"wp:featuredmedia":[{"embeddable":true,"href":"https:\/\/agricultural-baler.com\/pt\/wp-json\/wp\/v2\/media\/288"}],"wp:attachment":[{"href":"https:\/\/agricultural-baler.com\/pt\/wp-json\/wp\/v2\/media?parent=287"}],"wp:term":[{"taxonomy":"product_brand","embeddable":true,"href":"https:\/\/agricultural-baler.com\/pt\/wp-json\/wp\/v2\/product_brand?post=287"},{"taxonomy":"product_cat","embeddable":true,"href":"https:\/\/agricultural-baler.com\/pt\/wp-json\/wp\/v2\/product_cat?post=287"},{"taxonomy":"product_tag","embeddable":true,"href":"https:\/\/agricultural-baler.com\/pt\/wp-json\/wp\/v2\/product_tag?post=287"}],"curies":[{"name":"wp","href":"https:\/\/api.w.org\/{rel}","templated":true}]}}