{"id":218,"date":"2025-11-18T08:42:09","date_gmt":"2025-11-18T08:42:09","guid":{"rendered":"https:\/\/agricultural-baler.com\/?post_type=product&#038;p=218"},"modified":"2025-11-20T03:34:47","modified_gmt":"2025-11-20T03:34:47","slug":"agricultural-round-baler-9yg-2-24d-s9000-beyond-version","status":"publish","type":"product","link":"https:\/\/agricultural-baler.com\/pt\/produto\/enfardadeira-agricola-redonda-9yg-2-24d-s9000-versao-alem\/","title":{"rendered":"Enfardadeira agr\u00edcola de fardos redondos \u2013 9YG-2.24D S9000 Beyond Version"},"content":{"rendered":"<h2><strong>Destaques do produto<\/strong><\/h2>\n<ol>\n<li><strong>Acoplamento r\u00e1pido<\/strong>Ao conectar a enfardadeira ao trator, a barra de tra\u00e7\u00e3o horizontal pode girar livremente para cima e para baixo, permitindo que o pino de engate do trator se encaixe suavemente no ponto de acoplamento.<\/li>\n<li><strong>Raio de giro reduzido<\/strong>A caixa de engrenagens dupla permite a rota\u00e7\u00e3o de 90 graus para a esquerda e para a direita, melhorando significativamente a manobrabilidade durante as curvas no campo e as mudan\u00e7as de dire\u00e7\u00e3o ao rebocar a enfardadeira. N\u00e3o \u00e9 necess\u00e1rio desligar a transmiss\u00e3o durante as curvas, tornando a opera\u00e7\u00e3o mais conveniente e reduzindo a fadiga do operador. Al\u00e9m disso, a transmiss\u00e3o de pot\u00eancia atrav\u00e9s da caixa de engrenagens aumenta a efici\u00eancia geral.<\/li>\n<li><strong>Alta estabilidade e durabilidade<\/strong>A caixa de engrenagens dupla \u00e9 rigidamente conectada \u00e0 estrutura da barra de tra\u00e7\u00e3o, proporcionando excelente estabilidade estrutural. Esse projeto evita danos \u00e0 barra de tra\u00e7\u00e3o ou ao eixo de transmiss\u00e3o causados \u200b\u200bpor tens\u00e3o de tor\u00e7\u00e3o ao operar em terrenos irregulares.<\/li>\n<\/ol>\n<h3><strong data-spm-anchor-id=\"5176.28103460.0.i562.bc984fa5rlZb1k\">Especifica\u00e7\u00f5es t\u00e9cnicas<\/strong><\/h3>\n<div style=\"overflow-x: auto;\">\n<table style=\"max-width: 100%; overflow-x: auto;\" border=\"1\">\n<thead>\n<tr>\n<th>N\u00e3o.<\/th>\n<th>Item<\/th>\n<th>Unidade<\/th>\n<th>Especifica\u00e7\u00e3o<\/th>\n<\/tr>\n<\/thead>\n<tbody>\n<tr>\n<td>1<\/td>\n<td>Nome do modelo<\/td>\n<td>\/<\/td>\n<td>Enfardadeira redonda 9YG-2.24D (S9000 Beyond)<\/td>\n<\/tr>\n<tr>\n<td>2<\/td>\n<td>Tipo de engate<\/td>\n<td>\/<\/td>\n<td>Barra de tra\u00e7\u00e3o para trator (tipo de arrasto)<\/td>\n<\/tr>\n<tr>\n<td>3<\/td>\n<td>Largura de capta\u00e7\u00e3o<\/td>\n<td>mm<\/td>\n<td>2240<\/td>\n<\/tr>\n<tr>\n<td>4<\/td>\n<td>Tipo de estrutura de capta\u00e7\u00e3o<\/td>\n<td>\/<\/td>\n<td>Tipo de dente de mola<\/td>\n<\/tr>\n<tr>\n<td>5<\/td>\n<td>Tipo de mecanismo de alimenta\u00e7\u00e3o<\/td>\n<td>\/<\/td>\n<td>Tipo pente + rolo<\/td>\n<\/tr>\n<tr>\n<td>6<\/td>\n<td>Mecanismo de enfardamento com c\u00e2mara de compress\u00e3o<\/td>\n<td>\/<\/td>\n<td>Tipo de rolo<\/td>\n<\/tr>\n<tr>\n<td>7<\/td>\n<td>Largura da c\u00e2mara de compress\u00e3o<\/td>\n<td>mm<\/td>\n<td>1400<\/td>\n<\/tr>\n<tr>\n<td>8<\/td>\n<td>Di\u00e2metro da c\u00e2mara de compress\u00e3o<\/td>\n<td>mm<\/td>\n<td>\u03a61200<\/td>\n<\/tr>\n<tr>\n<td>9<\/td>\n<td>N\u00famero de componentes de compacta\u00e7\u00e3o<\/td>\n<td>pe\u00e7as<\/td>\n<td>18 (Rolos)<\/td>\n<\/tr>\n<tr>\n<td>10<\/td>\n<td>Di\u00e2metro do rolo compactador<\/td>\n<td>mm<\/td>\n<td>\u03a6222<\/td>\n<\/tr>\n<tr>\n<td>11<\/td>\n<td>M\u00e9todo de enfardamento<\/td>\n<td>\/<\/td>\n<td>Envolt\u00f3rio de rede<\/td>\n<\/tr>\n<tr>\n<td>12<\/td>\n<td>Pot\u00eancia necess\u00e1ria<\/td>\n<td>kW<\/td>\n<td>55\u2013100<\/td>\n<\/tr>\n<tr>\n<td>13<\/td>\n<td>Peso da m\u00e1quina<\/td>\n<td>kg<\/td>\n<td>4570<\/td>\n<\/tr>\n<tr>\n<td>14<\/td>\n<td>Velocidade do eixo da tomada de for\u00e7a<\/td>\n<td>r\/min<\/td>\n<td>720<\/td>\n<\/tr>\n<tr>\n<td>15<\/td>\n<td>Dimens\u00f5es totais (C\u00d7L\u00d7A)<\/td>\n<td>mm<\/td>\n<td>4600 \u00d7 3010 \u00d7 2370 (em opera\u00e7\u00e3o)<\/td>\n<\/tr>\n<tr>\n<td>16<\/td>\n<td>Controle da densidade dos fardos<\/td>\n<td>\/<\/td>\n<td>Controlado por sensor<\/td>\n<\/tr>\n<tr>\n<td>17<\/td>\n<td>Dimens\u00f5es do fardo (di\u00e2metro \u00d7 largura)<\/td>\n<td>mm<\/td>\n<td>\u03a61300 \u00d7 1400<\/td>\n<\/tr>\n<tr>\n<td>18<\/td>\n<td>Densidade do fardo<\/td>\n<td>kg\/m\u00b3<\/td>\n<td>100\u2013200<\/td>\n<\/tr>\n<tr>\n<td>19<\/td>\n<td>Taxa de produ\u00e7\u00e3o<\/td>\n<td>fardos\/hora<\/td>\n<td>40\u2013100<\/td>\n<\/tr>\n<tr>\n<td>20<\/td>\n<td>Dist\u00e2ncia entre eixos<\/td>\n<td>mm<\/td>\n<td>2600<\/td>\n<\/tr>\n<tr>\n<td>21<\/td>\n<td>Velocidade de opera\u00e7\u00e3o<\/td>\n<td>km\/h<\/td>\n<td>5\u201335<\/td>\n<\/tr>\n<tr>\n<td>22<\/td>\n<td>Dimens\u00f5es da rede de prote\u00e7\u00e3o (Comprimento \u00d7 Largura)<\/td>\n<td>\/<\/td>\n<td>2000 \u00d7 1,4 m por fardo<\/td>\n<\/tr>\n<\/tbody>\n<\/table>\n<\/div>\n<h2><strong>Principais inova\u00e7\u00f5es<\/strong><\/h2>\n<p><img loading=\"lazy\" decoding=\"async\" class=\"aligncenter wp-image-220 size-full\" src=\"https:\/\/agricultural-baler.com\/wp-content\/uploads\/2025\/11\/0-9YG-2.24D-baler-2.webp\" alt=\"enfardadeira 9YG-2.24D \" width=\"853\" height=\"718\" srcset=\"https:\/\/agricultural-baler.com\/wp-content\/uploads\/2025\/11\/0-9YG-2.24D-baler-2.webp 853w, https:\/\/agricultural-baler.com\/wp-content\/uploads\/2025\/11\/0-9YG-2.24D-baler-2-480x404.webp 480w\" sizes=\"auto, (min-width: 0px) and (max-width: 480px) 480px, (min-width: 481px) 853px, 100vw\" \/><\/p>\n<h3>Sistema de Controle Inteligente S9000<\/h3>\n<ul>\n<li>Interface homem-m\u00e1quina com tela sens\u00edvel ao toque: Proporciona uma experi\u00eancia operacional intuitiva, exibindo o status de opera\u00e7\u00e3o em tempo real, a contagem de feixes e os c\u00f3digos de falha, garantindo transpar\u00eancia operacional e facilidade de manuten\u00e7\u00e3o.<\/li>\n<li>Fun\u00e7\u00e3o de predefini\u00e7\u00e3o de densidade e mem\u00f3ria autom\u00e1tica: Suporta tr\u00eas op\u00e7\u00f5es de predefini\u00e7\u00e3o de densidade (macia\/m\u00e9dia\/firme) para atender \u00e0s necessidades de diferentes culturas. O sistema possui uma fun\u00e7\u00e3o de mem\u00f3ria autom\u00e1tica que memoriza as prefer\u00eancias do usu\u00e1rio, simplificando o processo de opera\u00e7\u00e3o.<\/li>\n<\/ul>\n<h3>Sistema de coleta aprimorado<\/h3>\n<ul>\n<li>Dentes refor\u00e7ados + rolo antiemaranhamento: Utiliza dentes especialmente projetados e um rolo antiemaranhamento para lidar eficazmente com os desafios de culturas \u00famidas e de alto rendimento, melhorando a efici\u00eancia do trabalho.<\/li>\n<li>Altura de eleva\u00e7\u00e3o da picape ajust\u00e1vel: Ajusta a altura da picape de acordo com as diferentes condi\u00e7\u00f5es do terreno para se adaptar a diversos ambientes de trabalho, garantindo uma opera\u00e7\u00e3o cont\u00ednua e est\u00e1vel.<\/li>\n<\/ul>\n<h3>Al\u00e9m do refor\u00e7o da transmiss\u00e3o de vers\u00e3o<\/h3>\n<ul>\n<li>Caixa de engrenagens dupla aprimorada: emprega um design de rota\u00e7\u00e3o de 90\u00b0 e alcan\u00e7a lubrifica\u00e7\u00e3o totalmente selada, melhorando a efici\u00eancia mec\u00e2nica e a durabilidade.<\/li>\n<li>Junta Universal Refor\u00e7ada + Parafuso de Cisalhamento com Prote\u00e7\u00e3o contra Sobrecarga: Equipada com uma junta universal mais robusta e parafusos de cisalhamento com prote\u00e7\u00e3o contra sobrecarga para evitar danos mec\u00e2nicos, aumentando a confiabilidade e a seguran\u00e7a do sistema.<\/li>\n<\/ul>\n<h3>Design de manuten\u00e7\u00e3o r\u00e1pida<\/h3>\n<ul>\n<li>Atador modular: O design modular permite a substitui\u00e7\u00e3o da l\u00e2mina em at\u00e9 5 minutos, reduzindo significativamente o tempo de inatividade.<\/li>\n<li>Disposi\u00e7\u00e3o centralizada das pe\u00e7as de desgaste: As pe\u00e7as de desgaste s\u00e3o localizadas centralmente para facilitar o acesso, otimizando o processo de manuten\u00e7\u00e3o, aumentando a efici\u00eancia da manuten\u00e7\u00e3o em at\u00e9 40% e reduzindo o tempo e os custos de manuten\u00e7\u00e3o.<\/li>\n<\/ul>\n<h2><strong>Aplica\u00e7\u00f5es: Onde a enfardadeira de fardos redondos 9YG-2.24D S9000 Beyond oferece desempenho excepcional.<\/strong><\/h2>\n<p><img loading=\"lazy\" decoding=\"async\" class=\"aligncenter wp-image-94 size-full\" src=\"https:\/\/agricultural-baler.com\/wp-content\/uploads\/2025\/11\/0-baler-application.webp\" alt=\"aplica\u00e7\u00e3o de enfardadeira\" width=\"807\" height=\"759\" srcset=\"https:\/\/agricultural-baler.com\/wp-content\/uploads\/2025\/11\/0-baler-application.webp 807w, https:\/\/agricultural-baler.com\/wp-content\/uploads\/2025\/11\/0-baler-application-480x451.webp 480w\" sizes=\"auto, (min-width: 0px) and (max-width: 480px) 480px, (min-width: 481px) 807px, 100vw\" \/><\/p>\n<ol data-spm-anchor-id=\"5176.28103460.0.i575.bc984fa5rlZb1k\">\n<li><strong>Fazendas de gado leiteiro e de corte \u2013 Enfardamento de feno de alta qualidade<\/strong><br \/>\nIdeal para <strong>opera\u00e7\u00f5es de enfardadeira redonda<\/strong> Em grandes opera\u00e7\u00f5es de produ\u00e7\u00e3o de leite e carne bovina, esta m\u00e1quina processa com efici\u00eancia alfafa, trevo e grama, transformando-os em forragem de alta densidade e resistente \u00e0s intemp\u00e9ries. <strong>fardos de feno<\/strong>\u2014garantindo uma qualidade consistente da ra\u00e7\u00e3o durante todo o ano.<\/li>\n<li>\n<p data-spm-anchor-id=\"5176.28103460.0.i574.bc984fa5rlZb1k\"><strong>Reciclagem de res\u00edduos de culturas de gr\u00e3os \u2013 enfardamento da palha ap\u00f3s a colheita<\/strong><br \/>\nAp\u00f3s a colheita de trigo, arroz ou milho, o <strong>Enfardadeira redonda S9000 Beyond<\/strong> Recolhe e compacta rapidamente a palha restante em palha uniforme. <strong>fardos agr\u00edcolas<\/strong>, transformando res\u00edduos em biomassa valiosa para cama de animais, biocombust\u00edvel ou melhoramento do solo.<\/p>\n<\/li>\n<li><strong>Gest\u00e3o de Culturas Especiais \u2013 Enfardamento de Biomassa Desafiadora<\/strong><br \/>\nDesde as pontas da cana-de-a\u00e7\u00facar e os talos da colza at\u00e9 o junco e o miscanthus, isto <strong>enfardadeira de servi\u00e7o pesado<\/strong> Lida com facilidade com res\u00edduos de colheita dif\u00edceis, \u00famidos ou emaranhados, tornando-se uma das melhores op\u00e7\u00f5es para <strong>enfardamento de biomassa<\/strong> em aplica\u00e7\u00f5es energ\u00e9ticas e industriais.<\/li>\n<li><strong>Grandes empresas prestadoras de servi\u00e7os de forragem \u2013 Opera\u00e7\u00f5es de campo de alta efici\u00eancia<\/strong><br \/>\nProjetado para empreiteiros que administram milhares de hectares, o <strong>9YG-2.24D <a href=\"https:\/\/agricultural-baler.com\/pt\/\">enfardadeira redonda<\/a><\/strong> Oferece velocidade incompar\u00e1vel (at\u00e9 100 fardos\/hora) e confiabilidade durante uso intensivo. <strong>\u00e9pocas de enfardamento<\/strong>, minimizando o tempo de inatividade e maximizando o retorno sobre o investimento.<\/li>\n<li><strong>Agricultura Ecol\u00f3gica e Programas de Cr\u00e9dito de Carbono<\/strong><br \/>\nAo permitir efici\u00eancia <strong>coleta de fardos de palha<\/strong> em vez de queimar o campo, isto <strong>enfardadeira redonda inteligente<\/strong> Apoia pr\u00e1ticas de agricultura sustent\u00e1vel e ajuda os agricultores a se qualificarem para incentivos ambientais e programas de cr\u00e9dito de carbono.<\/li>\n<li><strong>Produtores de feno voltados para a exporta\u00e7\u00e3o \u2013 atendendo aos padr\u00f5es internacionais<\/strong><br \/>\nCom precis\u00e3o <strong>controle de densidade de fardos<\/strong> Com consist\u00eancia na embalagem em rede, a m\u00e1quina produz produtos de qualidade para exporta\u00e7\u00e3o. <strong>fardos de feno redondos<\/strong> que atendam a rigorosos requisitos de qualidade em mercados como o Jap\u00e3o, a Coreia do Sul e o Oriente M\u00e9dio.<\/li>\n<\/ol>\n<p>&nbsp;<\/p>\n<h2 data-spm-anchor-id=\"5176.28103460.0.i580.bc984fa5rlZb1k\"><strong>Certifica\u00e7\u00f5es e Conformidade<\/strong><\/h2>\n<ul>\n<li><strong>Sistema de Gest\u00e3o da Qualidade ISO 9001<\/strong><br \/>\nCertificado pela consist\u00eancia na qualidade do produto, controle de processos e melhoria cont\u00ednua no projeto e na fabrica\u00e7\u00e3o.<\/li>\n<li><strong>Certifica\u00e7\u00e3o CE (Configura\u00e7\u00e3o Opcional)<\/strong><br \/>\nDispon\u00edvel mediante solicita\u00e7\u00e3o para modelos destinados ao Espa\u00e7o Econ\u00f4mico Europeu, garantindo a conformidade com os requisitos de seguran\u00e7a da Diretiva de M\u00e1quinas da UE 2006\/42\/CE.<\/li>\n<li><strong>Certificado Nacional de Avalia\u00e7\u00e3o para Promo\u00e7\u00e3o de M\u00e1quinas Agr\u00edcolas<\/strong><br \/>\nOficialmente aprovada pelo Minist\u00e9rio da Agricultura e Assuntos Rurais da China, a enfardadeira se qualifica para inclus\u00e3o em programas de subs\u00eddios nacionais e provinciais.<\/li>\n<li>\n<p data-spm-anchor-id=\"5176.28103460.0.i581.bc984fa5rlZb1k\"><strong>Conformidade com as normas de seguran\u00e7a nacionais e internacionais<\/strong><br \/>\nProjetado e testado para atender aos padr\u00f5es chineses GB, bem como \u00e0s principais regulamenta\u00e7\u00f5es do mercado de exporta\u00e7\u00e3o (incluindo EAC da R\u00fassia, MNS da Mong\u00f3lia e diretrizes gerais de seguran\u00e7a ISO\/EN para m\u00e1quinas agr\u00edcolas).<\/p>\n<\/li>\n<\/ul>\n<p><img loading=\"lazy\" decoding=\"async\" class=\"aligncenter wp-image-73 size-full\" src=\"https:\/\/agricultural-baler.com\/wp-content\/uploads\/2025\/11\/0-certificates-1.webp\" alt=\"certificados\" width=\"1587\" height=\"607\" srcset=\"https:\/\/agricultural-baler.com\/wp-content\/uploads\/2025\/11\/0-certificates-1.webp 1587w, https:\/\/agricultural-baler.com\/wp-content\/uploads\/2025\/11\/0-certificates-1-1280x490.webp 1280w, https:\/\/agricultural-baler.com\/wp-content\/uploads\/2025\/11\/0-certificates-1-980x375.webp 980w, https:\/\/agricultural-baler.com\/wp-content\/uploads\/2025\/11\/0-certificates-1-480x184.webp 480w\" sizes=\"auto, (min-width: 0px) and (max-width: 480px) 480px, (min-width: 481px) and (max-width: 980px) 980px, (min-width: 981px) and (max-width: 1280px) 1280px, (min-width: 1281px) 1587px, 100vw\" \/><\/p>\n<p>&nbsp;<\/p>\n<h3 data-spm-anchor-id=\"5176.28103460.0.i588.bc984fa5rlZb1k\">\u00a0<strong>Suporte p\u00f3s-venda \u2013 desenvolvido para confiabilidade global<\/strong><\/h3>\n<ul>\n<li>\n<p data-spm-anchor-id=\"5176.28103460.0.i587.bc984fa5rlZb1k\"><strong>Entrega global de pe\u00e7as de reposi\u00e7\u00e3o em 48 horas.<\/strong><br \/>\nPe\u00e7as de desgaste cr\u00edticas (correias, l\u00e2minas, rolamentos, rolos de enrolamento de rede, etc.) s\u00e3o estocadas em armaz\u00e9ns regionais na \u00c1sia, Europa e Am\u00e9ricas, garantindo a entrega em at\u00e9 48 horas ap\u00f3s a confirma\u00e7\u00e3o do pedido.<\/p>\n<\/li>\n<li><strong>Suporte t\u00e9cnico remoto multil\u00edngue<\/strong><br \/>\nNossos engenheiros especializados oferecem assist\u00eancia em tempo real por telefone, e-mail ou videochamada ao vivo em ingl\u00eas, russo, espanhol, portugu\u00eas e mongol, ajudando voc\u00ea a resolver problemas rapidamente, mesmo em campo.<\/li>\n<li><strong>Recursos de treinamento abrangentes<\/strong><br \/>\nAcesso sob demanda <strong>v\u00eddeos tutoriais de opera\u00e7\u00e3o<\/strong>, guias interativos de resolu\u00e7\u00e3o de problemas e arquivos para download <strong>manuais de usu\u00e1rio digitais<\/strong> a qualquer momento atrav\u00e9s do nosso portal do cliente ou aplicativo m\u00f3vel.<\/li>\n<li><strong>Garantia estendida opcional (1 a 3 anos)<\/strong><br \/>\nEscolha planos de cobertura estendida flex\u00edveis para proteger seu investimento al\u00e9m do per\u00edodo de garantia padr\u00e3o, cobrindo os principais componentes sem taxas ocultas.<\/li>\n<\/ul>\n<h2><strong data-spm-anchor-id=\"5176.28103460.0.i592.bc984fa5rlZb1k\">\u00a0Agricultores do mundo todo confiam na enfardadeira redonda S9000 Beyond.<\/strong><\/h2>\n<h4 data-spm-anchor-id=\"5176.28103460.0.i594.bc984fa5rlZb1k\">1.\u00a0<strong>Estados Unidos \u2013 Produtor de feno do Meio-Oeste<\/strong><\/h4>\n<ul data-spm-anchor-id=\"5176.28103460.0.i593.bc984fa5rlZb1k\">\n<li><strong>Cliente<\/strong>James R. Thompson, propriet\u00e1rio da Thompson Family Farms<\/li>\n<li><strong>Localiza\u00e7\u00e3o<\/strong>Iowa, EUA<\/li>\n<li><strong>Data da compra<\/strong>Maio de 2024<\/li>\n<li><strong>Unidades adquiridas<\/strong>: 2 unidades<\/li>\n<li><strong>Aplicativo<\/strong>Enfardamento de alfafa e capim-tim\u00f3teo para alimenta\u00e7\u00e3o de gado leiteiro e exporta\u00e7\u00e3o.<\/li>\n<li><strong>Depoimento<\/strong>:<br \/>\n<blockquote><p>\u201cTestamos tr\u00eas enfardadeiras chinesas ao longo dos anos \u2014 esta \u00e9 a primeira que resistiu a mais de 1.200 fardos na nossa primeira temporada sem apresentar qualquer avaria. O envolvimento da rede \u00e9 consistente e o ecr\u00e3 t\u00e1til facilita o controlo da densidade. Pelo pre\u00e7o, supera m\u00e1quinas que custam o dobro.\u201d<\/p><\/blockquote>\n<p><img loading=\"lazy\" decoding=\"async\" class=\"aligncenter wp-image-215 size-full\" src=\"https:\/\/agricultural-baler.com\/wp-content\/uploads\/2025\/11\/0-application-baler-1.webp\" alt=\"enfardadeira de aplica\u00e7\u00e3o\" width=\"600\" height=\"400\" srcset=\"https:\/\/agricultural-baler.com\/wp-content\/uploads\/2025\/11\/0-application-baler-1.webp 600w, https:\/\/agricultural-baler.com\/wp-content\/uploads\/2025\/11\/0-application-baler-1-480x320.webp 480w\" sizes=\"auto, (min-width: 0px) and (max-width: 480px) 480px, (min-width: 481px) 600px, 100vw\" \/><\/li>\n<\/ul>\n<hr \/>\n<h4>2.\u00a0<strong>Brasil \u2013 Contratante de grande escala para res\u00edduos de soja e milho<\/strong><\/h4>\n<ul>\n<li><strong>Cliente<\/strong>: AgroM\u00e1q Servi\u00e7os Agr\u00edcolas Ltda.<\/li>\n<li><strong>Localiza\u00e7\u00e3o<\/strong>Mato Grosso, Brasil<\/li>\n<li><strong>Data da compra<\/strong>Mar\u00e7o de 2024<\/li>\n<li><strong>Unidades adquiridas<\/strong>: 5 unidades<\/li>\n<li><strong>Aplicativo<\/strong>Enfardamento de talos de milho e palha de soja para usinas de biomassa<\/li>\n<li><strong>Depoimento<\/strong>:<br \/>\n<blockquote><p>\u201cNossas antigas enfardadeiras europeias entupiam constantemente em condi\u00e7\u00f5es de alta umidade. O sistema anti-enrolamento e os rolos refor\u00e7ados da S9000 mudaram tudo. Agora operamos 14 horas por dia durante a colheita com tempo de inatividade m\u00ednimo. Retorno do investimento em menos de 8 meses.\u201d<\/p><\/blockquote>\n<\/li>\n<\/ul>\n<hr \/>\n<h4>3.\u00a0<strong>R\u00fassia \u2013 Cooperativa de Latic\u00ednios da Sib\u00e9ria<\/strong><\/h4>\n<ul>\n<li><strong>Cliente<\/strong>: OOO 'AgroSib Korm' (Cooperativa Siberiana de Alimentos para Animais)<\/li>\n<li><strong>Localiza\u00e7\u00e3o<\/strong>Regi\u00e3o de Novosibirsk, R\u00fassia<\/li>\n<li><strong>Data da compra<\/strong>Junho de 2024<\/li>\n<li><strong>Unidades adquiridas<\/strong>: 3 unidades<\/li>\n<li><strong>Aplicativo<\/strong>Enfardamento de feno de prado para alimenta\u00e7\u00e3o de gado no inverno<\/li>\n<li><strong>Depoimento<\/strong>:<br \/>\n<blockquote><p>\u201cMesmo com partidas matinais a -5\u00b0C, a caixa de engrenagens e o sistema de tomada de for\u00e7a funcionam perfeitamente. O recurso de giro de 90\u00b0 \u00e9 um diferencial em nossos pequenos campos. Recomendamos o produto para duas fazendas vizinhas, e elas j\u00e1 fizeram seus pedidos.\u201d<\/p><\/blockquote>\n<h2><strong><img loading=\"lazy\" decoding=\"async\" class=\"aligncenter wp-image-222 size-full\" src=\"https:\/\/agricultural-baler.com\/wp-content\/uploads\/2025\/11\/0-9YG-2.24D-baler-3.webp\" alt=\"enfardadeira 9YG-2.24D \" width=\"600\" height=\"400\" srcset=\"https:\/\/agricultural-baler.com\/wp-content\/uploads\/2025\/11\/0-9YG-2.24D-baler-3.webp 600w, https:\/\/agricultural-baler.com\/wp-content\/uploads\/2025\/11\/0-9YG-2.24D-baler-3-480x320.webp 480w\" sizes=\"auto, (min-width: 0px) and (max-width: 480px) 480px, (min-width: 481px) 600px, 100vw\" \/><\/strong><\/h2>\n<\/li>\n<\/ul>\n<hr \/>\n<h4>4.\u00a0<strong>Austr\u00e1lia \u2013 Fazenda de Cultivo Misto e Cria\u00e7\u00e3o de Gado<\/strong><\/h4>\n<ul>\n<li><strong>Cliente<\/strong>Sarah e Mark Jenkins, \u201cFazenda Wheatridge\u201d<\/li>\n<li><strong>Localiza\u00e7\u00e3o<\/strong>Nova Gales do Sul, Austr\u00e1lia<\/li>\n<li><strong>Data da compra<\/strong>Outubro de 2024<\/li>\n<li><strong>Unidades adquiridas<\/strong>: 1 unidade<\/li>\n<li><strong>Aplicativo<\/strong>Enfardamento de palha de trigo para cama de ovelhas e exporta\u00e7\u00e3o para o Jap\u00e3o.<\/li>\n<li><strong>Depoimento<\/strong>:<br \/>\n<blockquote><p>\u201cAp\u00f3s a demonstra\u00e7\u00e3o com o nosso revendedor local, est\u00e1vamos c\u00e9ticos, mas o controle da densidade dos fardos \u00e9 perfeito. Os compradores japoneses adoraram o formato uniforme e o envolvimento firme da rede. Al\u00e9m disso, as pe\u00e7as de reposi\u00e7\u00e3o chegaram do centro de distribui\u00e7\u00e3o em Singapura em apenas 2 dias quando precisamos de uma faca de substitui\u00e7\u00e3o.\u201d<\/p><\/blockquote>\n<p>&nbsp;<\/li>\n<\/ul>","protected":false},"excerpt":{"rendered":"<p>A vers\u00e3o 9YG-2.24D S9000 Beyond \u00e9 uma enfardadeira agr\u00edcola de fardos redondos, projetada para fazendas em todo o mundo, capaz de manusear feno, palha e biomassa em diversas condi\u00e7\u00f5es, desde os campos \u00famidos do Brasil at\u00e9 os pastos frios da Sib\u00e9ria.<\/p>","protected":false},"featured_media":219,"template":"","meta":{"_et_pb_use_builder":"","_et_pb_old_content":"","_et_gb_content_width":""},"product_brand":[],"product_cat":[23],"product_tag":[20,18,19,27],"class_list":{"0":"post-218","1":"product","2":"type-product","3":"status-publish","4":"has-post-thumbnail","6":"product_cat-round-baler","7":"product_tag-agricultural-baler","8":"product_tag-agricultural-round-baler","9":"product_tag-round-baler","10":"product_tag-s9000-round-baler","12":"first","13":"instock","14":"shipping-taxable","15":"product-type-simple"},"_links":{"self":[{"href":"https:\/\/agricultural-baler.com\/pt\/wp-json\/wp\/v2\/product\/218","targetHints":{"allow":["GET"]}}],"collection":[{"href":"https:\/\/agricultural-baler.com\/pt\/wp-json\/wp\/v2\/product"}],"about":[{"href":"https:\/\/agricultural-baler.com\/pt\/wp-json\/wp\/v2\/types\/product"}],"wp:featuredmedia":[{"embeddable":true,"href":"https:\/\/agricultural-baler.com\/pt\/wp-json\/wp\/v2\/media\/219"}],"wp:attachment":[{"href":"https:\/\/agricultural-baler.com\/pt\/wp-json\/wp\/v2\/media?parent=218"}],"wp:term":[{"taxonomy":"product_brand","embeddable":true,"href":"https:\/\/agricultural-baler.com\/pt\/wp-json\/wp\/v2\/product_brand?post=218"},{"taxonomy":"product_cat","embeddable":true,"href":"https:\/\/agricultural-baler.com\/pt\/wp-json\/wp\/v2\/product_cat?post=218"},{"taxonomy":"product_tag","embeddable":true,"href":"https:\/\/agricultural-baler.com\/pt\/wp-json\/wp\/v2\/product_tag?post=218"}],"curies":[{"name":"wp","href":"https:\/\/api.w.org\/{rel}","templated":true}]}}