{"id":331,"date":"2025-11-20T05:52:54","date_gmt":"2025-11-20T05:52:54","guid":{"rendered":"https:\/\/agricultural-baler.com\/?post_type=product&#038;p=331"},"modified":"2025-11-20T08:03:26","modified_gmt":"2025-11-20T08:03:26","slug":"agricultural-round-baler-9yg-1-25-with-spring-loaded-pickup","status":"publish","type":"product","link":"https:\/\/agricultural-baler.com\/pl\/produkt\/prasa-rolnicza-zwijajaca-9yg-1-25-z-podbieraczem-sprezynowym\/","title":{"rendered":"Prasa rolnicza zwijaj\u0105ca \u2013 9YG-1.25 z podbieraczem spr\u0119\u017cynowym"},"content":{"rendered":"<h2 class=\"product-section-title\" style=\"background: #083762; color: white; padding: 15px 20px; border-radius: 5px; margin: 20px 0;\">Przegl\u0105d produktu<\/h2>\n<p>Ten <strong>Prasa okr\u0105g\u0142a 9YG-1.25 z podbieraczem spr\u0119\u017cynowym<\/strong> to kompaktowe, wysokowydajne rozwi\u0105zanie dla ma\u0142ych i \u015brednich gospodarstw zbieraj\u0105cych suche siano, lucern\u0119 i kiszonk\u0119 z traw. Zaprojektowany z my\u015bl\u0105 o delikatnym karmieniu i minimalnej utracie li\u015bci, podbieracz spr\u0119\u017cynowy zapewnia czyste, jednolite bele \u2013 idealne do paszy dla zwierz\u0105t gospodarskich lub na rynki eksportowe. Dzi\u0119ki automatycznemu owijaniu siatk\u0105, czujnikom kontroli g\u0119sto\u015bci i niskiemu zapotrzebowaniu na moc (\u226575 kW) zapewnia wydajno\u015b\u0107 do <strong>100 bel\/godzin\u0119<\/strong> na polach o szeroko\u015bci zaledwie 2 metr\u00f3w. Idealny do zarz\u0105dzania pastwiskami, gospodarstw mlecznych i upraw mieszanych, gdzie precyzja i niezawodno\u015b\u0107 s\u0105 najwa\u017cniejsze.<\/p>\n<p><img loading=\"lazy\" decoding=\"async\" class=\"aligncenter wp-image-336\" src=\"https:\/\/agricultural-baler.com\/wp-content\/uploads\/2025\/11\/0-9YG-1.25-baler-1a1.webp\" alt=\"Prasa rolnicza okr\u0105g\u0142a 9YG-1.25\" width=\"493\" height=\"368\" srcset=\"https:\/\/agricultural-baler.com\/wp-content\/uploads\/2025\/11\/0-9YG-1.25-baler-1a1.webp 493w, https:\/\/agricultural-baler.com\/wp-content\/uploads\/2025\/11\/0-9YG-1.25-baler-1a1-480x359.webp 480w\" sizes=\"auto, (min-width: 0px) and (max-width: 480px) 480px, (min-width: 481px) 493px, 100vw\" \/><\/p>\n<h2 class=\"product-section-title\" style=\"background: #083762; color: white; padding: 15px 20px; border-radius: 5px; margin: 20px 0;\">Kluczowe cechy i innowacje<\/h2>\n<ul>\n<li>\u2705\u00a0<strong>Odbiornik spr\u0119\u017cynowy<\/strong>:Delikatny, ale skuteczny \u2013 idealny do delikatnych pasz, takich jak lucerna i \u017cycica<\/li>\n<li data-spm-anchor-id=\"5176.28103460.0.i926.bc984fa5rlZb1k\">\u2705\u00a0<strong>Automatyczny system owijania siatk\u0105<\/strong>:Szybkie i bezpieczne formowanie bel o wymiarach netto 2000\u00d71,25 m na bel\u0119<\/li>\n<li>\u2705\u00a0<strong data-spm-anchor-id=\"5176.28103460.0.i925.bc984fa5rlZb1k\">G\u0119sto\u015b\u0107 kontrolowana czujnikiem<\/strong>:Reguluje zag\u0119szczanie w czasie rzeczywistym, zapewniaj\u0105c sta\u0142\u0105 jako\u015b\u0107 bel<\/li>\n<li>\u2705\u00a0<strong>Kompaktowa i zwinna konstrukcja<\/strong>: Ma\u0142a szeroko\u015b\u0107 (\u22642,85 m) i ma\u0142y promie\u0144 skr\u0119tu na polach pag\u00f3rkowatych lub fragmentarycznych<\/li>\n<li>\u2705\u00a0<strong>Niskie zapotrzebowanie na energi\u0119<\/strong>:Kompatybilny z ci\u0105gnikami marki\u00a0<strong>75 kW (\u2248100 KM)<\/strong><\/li>\n<li>\u2705\u00a0<strong>Wysoka wydajno\u015b\u0107 produkcji<\/strong>: A\u017c do\u00a0<strong>100 bel\/godzin\u0119<\/strong>\u00a0przy g\u0119sto\u015bciach\u00a0<strong>100\u2013200 kg\/m\u00b3<\/strong><\/li>\n<\/ul>\n<h2 class=\"product-section-title\" style=\"background: #083762; color: white; padding: 15px 20px; border-radius: 5px; margin: 20px 0;\">Dane techniczne<\/h2>\n<div style=\"overflow-x: auto;\">\n<table style=\"max-width: 100%; overflow-x: auto;\" border=\"1\">\n<thead>\n<tr>\n<th data-spm-anchor-id=\"5176.28103460.0.i929.bc984fa5rlZb1k\">NIE.<\/th>\n<th>Przedmiot<\/th>\n<th>Jednostka<\/th>\n<th>Specyfikacja<\/th>\n<\/tr>\n<\/thead>\n<tbody>\n<tr>\n<td>1<\/td>\n<td>Nazwa modelu<\/td>\n<td>\/<\/td>\n<td>Prasa okr\u0105g\u0142a 9YG-1.25<\/td>\n<\/tr>\n<tr>\n<td>2<\/td>\n<td>Typ zaczepu<\/td>\n<td>\/<\/td>\n<td>Typ Pull<\/td>\n<\/tr>\n<tr>\n<td>3<\/td>\n<td>Szeroko\u015b\u0107 odbioru<\/td>\n<td>mm<\/td>\n<td>2240<\/td>\n<\/tr>\n<tr>\n<td>4<\/td>\n<td>Struktura odbioru<\/td>\n<td>\/<\/td>\n<td>Spr\u0119\u017cynowe z\u0119by (sta\u0142e)<\/td>\n<\/tr>\n<tr>\n<td>5<\/td>\n<td>Mechanizm podawania<\/td>\n<td>\/<\/td>\n<td>\u015alimak + Walec grzebieniowy + B\u0119ben<\/td>\n<\/tr>\n<tr>\n<td>6<\/td>\n<td>Typ komory spr\u0119\u017cania<\/td>\n<td>\/<\/td>\n<td>Typ rolki<\/td>\n<\/tr>\n<tr>\n<td>7<\/td>\n<td>Szeroko\u015b\u0107 komory spr\u0119\u017cania<\/td>\n<td>mm<\/td>\n<td>1250<\/td>\n<\/tr>\n<tr>\n<td>8<\/td>\n<td>\u015arednica komory spr\u0119\u017cania<\/td>\n<td>mm<\/td>\n<td>\u03a61200<\/td>\n<\/tr>\n<tr>\n<td>9<\/td>\n<td>Liczba element\u00f3w zag\u0119szczaj\u0105cych<\/td>\n<td>szt.<\/td>\n<td>18<\/td>\n<\/tr>\n<tr>\n<td>10<\/td>\n<td>\u015arednica walca zag\u0119szczaj\u0105cego<\/td>\n<td>mm<\/td>\n<td>\u03a6222<\/td>\n<\/tr>\n<tr>\n<td>11<\/td>\n<td>Metoda belowania<\/td>\n<td>\/<\/td>\n<td>Automatyczna siatka do owijania<\/td>\n<\/tr>\n<tr>\n<td>12<\/td>\n<td>Wymagana moc<\/td>\n<td>kW<\/td>\n<td>\u226575 (\u2248100 HP)<\/td>\n<\/tr>\n<tr>\n<td>13<\/td>\n<td>Waga maszyny<\/td>\n<td>kg<\/td>\n<td>4060<\/td>\n<\/tr>\n<tr>\n<td>14<\/td>\n<td>Pr\u0119dko\u015b\u0107 wa\u0142u odbioru mocy<\/td>\n<td>obr.\/min<\/td>\n<td>720<\/td>\n<\/tr>\n<tr>\n<td>15<\/td>\n<td>Wymiary ca\u0142kowite (d\u0142. \u00d7 szer. \u00d7 wys.)<\/td>\n<td>mm<\/td>\n<td>4400 \u00d7 2850 \u00d7 2400 (w trakcie dzia\u0142ania)<\/td>\n<\/tr>\n<tr>\n<td>16<\/td>\n<td>Kontrola g\u0119sto\u015bci beli<\/td>\n<td>\/<\/td>\n<td>Sterowane czujnikiem<\/td>\n<\/tr>\n<tr>\n<td>17<\/td>\n<td>Rozmiar beli (\u015brednica \u00d7 szeroko\u015b\u0107)<\/td>\n<td>mm<\/td>\n<td>1300 \u00d7 1250<\/td>\n<\/tr>\n<tr>\n<td>18<\/td>\n<td>G\u0119sto\u015b\u0107 beli<\/td>\n<td>kg\/m\u00b3<\/td>\n<td>100\u2013200<\/td>\n<\/tr>\n<tr>\n<td>19<\/td>\n<td>Tempo produkcji<\/td>\n<td>bele\/godzin\u0119<\/td>\n<td>40\u2013100<\/td>\n<\/tr>\n<tr>\n<td>20<\/td>\n<td>Rozstaw osi<\/td>\n<td>mm<\/td>\n<td>2450<\/td>\n<\/tr>\n<tr>\n<td>21<\/td>\n<td>Pr\u0119dko\u015b\u0107 robocza<\/td>\n<td>km\/h<\/td>\n<td>5\u201335<\/td>\n<\/tr>\n<tr>\n<td>22<\/td>\n<td>Rozmiar siatki owijaj\u0105cej<\/td>\n<td>M<\/td>\n<td>2000 \u00d7 1,25 m na bel\u0119<\/td>\n<\/tr>\n<\/tbody>\n<\/table>\n<p>&nbsp;<\/p>\n<\/div>\n<h2 class=\"product-section-title\" style=\"background: #083762; color: white; padding: 15px 20px; border-radius: 5px; margin: 20px 0;\">? Zastosowania i korzy\u015bci: Precyzyjne belowanie paszy premium<\/h2>\n<p data-spm-anchor-id=\"5176.28103460.0.i937.bc984fa5rlZb1k\">W przeciwie\u0144stwie do pras o du\u017cej wytrzyma\u0142o\u015bci przeznaczonych do resztek po\u017cniwnych lub mokrej s\u0142omy, <strong>9YG-1.25 z przetwornikiem spr\u0119\u017cynowym<\/strong> jest zaprojektowany specjalnie dla <strong>produkcja pasz o wysokiej warto\u015bci<\/strong>\u2014gdzie najwa\u017cniejsze s\u0105 retencja li\u015bci, jednolito\u015b\u0107 bel i jako\u015b\u0107 paszy.<\/p>\n<p data-spm-anchor-id=\"5176.28103460.0.i937.bc984fa5rlZb1k\"><img loading=\"lazy\" decoding=\"async\" class=\"aligncenter wp-image-337 size-full\" src=\"https:\/\/agricultural-baler.com\/wp-content\/uploads\/2025\/11\/0-9YG-1.25-baler-for-dry-hay.webp\" alt=\"Prasa 9YG-1.25 do siana suchego\" width=\"899\" height=\"489\" srcset=\"https:\/\/agricultural-baler.com\/wp-content\/uploads\/2025\/11\/0-9YG-1.25-baler-for-dry-hay.webp 899w, https:\/\/agricultural-baler.com\/wp-content\/uploads\/2025\/11\/0-9YG-1.25-baler-for-dry-hay-480x261.webp 480w\" sizes=\"auto, (min-width: 0px) and (max-width: 480px) 480px, (min-width: 481px) 899px, 100vw\" \/><\/p>\n<h4>\u2705\u00a0<strong>Idealny do delikatnych, suchych upraw<\/strong><\/h4>\n<ul>\n<li><strong>Lucerna<\/strong>,\u00a0<strong>koniczyna<\/strong>,\u00a0<strong>\u017cycica<\/strong>, I\u00a0<strong>siano o niskiej wilgotno\u015bci<\/strong>\u00a0skorzystaj z delikatnego i elastycznego dzia\u0142ania spr\u0119\u017cynowego mechanizmu podnosz\u0105cego, kt\u00f3ry podnosi materia\u0142 bez jego zgniatania lub rozrywania, oszcz\u0119dzaj\u0105c do\u00a0<strong>15% wi\u0119cej li\u015bci<\/strong>\u00a0w por\u00f3wnaniu do system\u00f3w sztywnych lub z pazurami m\u0142oteczkowymi.<\/li>\n<li>Idealny dla\u00a0<strong>gospodarstwa mleczne<\/strong>,\u00a0<strong>producenci siana eksportowego<\/strong>, I\u00a0<strong>ekologiczne pastwiska<\/strong>\u00a0gdzie warto\u015b\u0107 od\u017cywcza ma bezpo\u015bredni wp\u0142yw na rentowno\u015b\u0107.<\/li>\n<\/ul>\n<h4>\u2705\u00a0<strong>Zaprojektowane dla operacji skoncentrowanych na jako\u015bci<\/strong><\/h4>\n<ul>\n<li><strong>Automatyczne owijanie siatk\u0105<\/strong>\u00a0zapewnia zwarte, odporne na warunki atmosferyczne bele, kt\u00f3re zachowuj\u0105 kszta\u0142t podczas transportu i przechowywania, co ma kluczowe znaczenie dla spe\u0142nienia norm eksportowych lub d\u0142ugoterminowego zapotrzebowania na kiszonk\u0119.<\/li>\n<li><strong>G\u0119sto\u015b\u0107 sterowana czujnikiem<\/strong>\u00a0zapobiega nadmiernemu \u015bciskaniu, chroni\u0105c delikatne \u0142odygi i utrzymuj\u0105c optymaln\u0105 porowato\u015b\u0107 dla prawid\u0142owego utwardzania.<\/li>\n<\/ul>\n<h4>\u2705\u00a0<strong>Zwinny w trudnym terenie<\/strong><\/h4>\n<ul>\n<li>Dzi\u0119ki kompaktowej szeroko\u015bci roboczej (<strong>\u22642,85 m<\/strong>) i niskim naciskiem na pod\u0142o\u017ce, nawiguje\u00a0<strong>strome zbocza<\/strong>,\u00a0<strong>pola tarasowe<\/strong>, I\u00a0<strong>alejki sadownicze<\/strong>\u00a0w miejscach, w kt\u00f3rych wi\u0119ksze europejskie prasy po prostu nie mog\u0105 pracowa\u0107 \u2014 bez po\u015bwi\u0119cania rozmiaru beli (\u03a61300\u00d71250 mm).<\/li>\n<\/ul>\n<h4>?\u00a0<strong>Wp\u0142yw ekonomiczny<\/strong><\/h4>\n<ul>\n<li>Zmniejsza prac\u0119 o\u00a0<strong>30%+<\/strong>\u00a0w por\u00f3wnaniu z r\u0119cznym grabieniem i wi\u0105zaniem<\/li>\n<li>Zwi\u0119ksza u\u017cyteczn\u0105 wydajno\u015b\u0107 paszy poprzez\u00a0<strong>wi\u0119ksze zatrzymywanie li\u015bci<\/strong><\/li>\n<li>Ni\u017csze wska\u017aniki odrzuce\u0144 na rynkach siana premium dzi\u0119ki sta\u0142ej jako\u015bci bel<\/li>\n<\/ul>\n<h2 class=\"product-section-title\" style=\"background: #083762; color: white; padding: 15px 20px; border-radius: 5px; margin: 20px 0;\">Jak wybra\u0107 odpowiedni\u0105 pras\u0119 roluj\u0105c\u0105 do swojego gospodarstwa<\/h2>\n<p data-spm-anchor-id=\"5176.28103460.0.i946.bc984fa5rlZb1k\">Nie wszystkie prasy zwijaj\u0105ce s\u0105 takie same \u2014 Tw\u00f3j wyb\u00f3r powinien by\u0107 dopasowany <strong>co pakujesz<\/strong>, <strong>gdzie to belowasz<\/strong>, I <strong>co planujesz zrobi\u0107 z belami<\/strong>.<\/p>\n<p>\u2705 <strong>Wybierz 9YG-1.25 z przetwornikiem spr\u0119\u017cynowym, je\u015bli:<\/strong><\/p>\n<ul>\n<li>G\u0142\u00f3wnie prasujesz\u00a0<strong>sucha, li\u015bciasta pasza<\/strong>\u00a0tak jak\u00a0<strong data-spm-anchor-id=\"5176.28103460.0.i942.bc984fa5rlZb1k\">lucerna, koniczyna, \u017cycica lub suszone siano<\/strong><\/li>\n<li><strong>Jako\u015b\u0107 paszy ma znaczenie<\/strong>\u2014potrzebna jest minimalna utrata li\u015bci i wysoka warto\u015b\u0107 od\u017cywcza (np. w przypadku kr\u00f3w mlecznych lub siana eksportowego)<\/li>\n<li>Twoje pola s\u0105\u00a0<strong>ma\u0142e, pag\u00f3rkowate lub rozdrobnione<\/strong>, z w\u0105skimi \u015bcie\u017ckami dost\u0119pu (&lt;3 m)<\/li>\n<li>U\u017cywasz\u00a0<strong>Ci\u0105gnik o mocy 100\u2013130 KM<\/strong>\u00a0i priorytetowo traktowa\u0107 p\u0142ynn\u0105 prac\u0119 przy niskich wibracjach<\/li>\n<\/ul>\n<p>? <strong>Rozwa\u017c inny model, je\u015bli:<\/strong><\/p>\n<ul>\n<li>Regularnie prasujesz\u00a0<strong>mokra s\u0142oma ry\u017cowa, stoj\u0105ce \u0142odygi kukurydzy lub wyleg\u0142e resztki pszenicy<\/strong>\u00a0\u2192 sp\u00f3jrz na nasze\u00a0<a href=\"https:\/\/agricultural-baler.com\/pl\/produkt\/prasa-rolnicza-zwijajaca-9yg-1-25-z-wymiennymi-podbieraczami-sprezynowymi-lub-mlotkowymi\/\"><strong data-spm-anchor-id=\"5176.28103460.0.i941.bc984fa5rlZb1k\">prasa z wymiennym m\u0142otkiem i pazurem<\/strong><\/a><\/li>\n<li>Potrzebujesz bardzo du\u017cej wydajno\u015bci (&gt;100 bel na godzin\u0119) na du\u017cych, p\u0142askich polach \u2192 poznaj nasz\u0105 ofert\u0119\u00a0<a href=\"https:\/\/agricultural-baler.com\/pl\/produkt\/prasa-zwijajaca-rolnicza-9yg-2-24d-s9000-beyond-version\/\"><strong>Prasa 9YG-2.24D o du\u017cej wytrzyma\u0142o\u015bci<\/strong><\/a><\/li>\n<\/ul>\n<p>? <strong>Wskaz\u00f3wka dla profesjonalist\u00f3w<\/strong>:Je\u015bli Twoja operacja obejmuje oba <strong>siano premium na wiosn\u0119<\/strong> I <strong>resztki po\u017cniwne jesieni\u0105<\/strong>, rozwa\u017c zam\u00f3wienie <strong>oba systemy odbioru<\/strong>\u2014s\u0105 zaprojektowane tak, aby mo\u017cna je by\u0142o szybko wymieni\u0107 bez u\u017cycia narz\u0119dzi.<\/p>\n<h2 class=\"product-section-title\" style=\"background: #083762; color: white; padding: 15px 20px; border-radius: 5px; margin: 20px 0;\">? Prawdziwi Rolnicy, Prawdziwe Wyniki<\/h2>\n<h3 data-spm-anchor-id=\"5176.28103460.0.i952.bc984fa5rlZb1k\"><\/h3>\n<h4>??\u00a0<strong data-spm-anchor-id=\"5176.28103460.0.i951.bc984fa5rlZb1k\">Stany Zjednoczone \u2013 Produkcja paszy mlecznej premium<\/strong><\/h4>\n<p><strong>Klient<\/strong>:James R. Thompson<br \/>\n<strong>Gospodarstwo<\/strong>: Green Meadow Dairy<br \/>\n<strong>Lokalizacja<\/strong>:Wisconsin, USA<br \/>\n<strong>Przypadek u\u017cycia<\/strong>:Prasowanie wysokiej jako\u015bci lucerny dla kr\u00f3w mlecznych<\/p>\n<blockquote><p>\u201eNasze stado sianokiszonki z lucerny bogatej w li\u015bcie \u015bwietnie si\u0119 sprawdza \u2013 i ta prasa to zapewnia. <strong>spr\u0119\u017cynowy podbieracz konserwuje li\u015bcie lepiej ni\u017c jakakolwiek inna maszyna, kt\u00f3r\u0105 testowali\u015bmy<\/strong>. Dzia\u0142a p\u0142ynnie przez ca\u0142y dzie\u0144 i stale belowamy <strong>Ponad 80 jednolitych, owini\u0119tych siatk\u0105 naboi<\/strong> w szczycie sezonu. Jako\u015b\u0107 paszy nigdy nie by\u0142a wy\u017csza.\u201d<\/p>\n<p>&nbsp;<\/p><\/blockquote>\n<h4>??\u00a0<strong>Wietnam \u2013 Wykorzystanie s\u0142omy przez drobnych rolnik\u00f3w<\/strong><\/h4>\n<p data-spm-anchor-id=\"5176.28103460.0.i953.bc984fa5rlZb1k\"><strong>Klient<\/strong>: Nguyen Thi Lan<br \/>\n<strong>Organizacja<\/strong>: Sp\u00f3\u0142dzielnia Rolnicza Delty Mekongu<br \/>\n<strong>Lokalizacja<\/strong>:Prowincja An Giang, Wietnam<br \/>\n<strong>Przypadek u\u017cycia<\/strong>:Zbieranie suchej s\u0142omy ry\u017cowej na pasz\u0119 dla byd\u0142a<\/p>\n<blockquote><p>\u201eWcze\u015bniej wi\u0105zali\u015bmy s\u0142om\u0119 r\u0119cznie \u2013 powolna, wyczerpuj\u0105ca praca. Teraz, dzi\u0119ki <strong>9YG-1,25<\/strong>Prasujemy czyste, zwarte rolki w kilka minut. Nawet na naszych w\u0105skich polach, maszyna z \u0142atwo\u015bci\u0105 porusza si\u0119 za ci\u0105gnikiem o mocy 100 KM. <strong>Nasze byd\u0142o otrzymuje lepsz\u0105 pasz\u0119, a koszty pracy spad\u0142y o po\u0142ow\u0119.<\/strong>\u201d<\/p>\n<p><img loading=\"lazy\" decoding=\"async\" class=\"aligncenter wp-image-192 size-full\" src=\"https:\/\/agricultural-baler.com\/wp-content\/uploads\/2025\/11\/0-baler-Factory-Visit1.webp\" alt=\"Wizyta w fabryce pras\" width=\"600\" height=\"400\" srcset=\"https:\/\/agricultural-baler.com\/wp-content\/uploads\/2025\/11\/0-baler-Factory-Visit1.webp 600w, https:\/\/agricultural-baler.com\/wp-content\/uploads\/2025\/11\/0-baler-Factory-Visit1-480x320.webp 480w\" sizes=\"auto, (min-width: 0px) and (max-width: 480px) 480px, (min-width: 481px) 600px, 100vw\" \/><\/p><\/blockquote>\n<h2 class=\"product-section-title\" style=\"background: #083762; color: white; padding: 15px 20px; border-radius: 5px; margin: 20px 0;\">Nasze prasy kontra typowe prasy europejskie\/ameryka\u0144skie<\/h2>\n<p data-spm-anchor-id=\"5176.28103460.0.i956.bc984fa5rlZb1k\">Podczas gdy globalne marki, takie jak <strong>John Deere<\/strong>, <strong>Nowa Holandia<\/strong>, I <strong>KUHN<\/strong> oferuj\u0105 niezawodne prasy o du\u017cej wytrzyma\u0142o\u015bci, cz\u0119sto s\u0105 <strong>przeprojektowane i przewarto\u015bciowane dla ma\u0142ych i \u015brednich przedsi\u0119biorstw<\/strong>Oto jak <strong>9YG-1.25 z przetwornikiem spr\u0119\u017cynowym<\/strong> zapewnia inteligentniejsz\u0105 warto\u015b\u0107:<\/p>\n<div style=\"overflow-x: auto;\">\n<table style=\"max-width: 100%; overflow-x: auto;\" border=\"1\">\n<thead>\n<tr>\n<th>Funkcja<\/th>\n<th><strong>9YG-1.25 (Nasz model)<\/strong><\/th>\n<th><strong data-spm-anchor-id=\"5176.28103460.0.i960.bc984fa5rlZb1k\">Typowe prasy europejskie\/ameryka\u0144skie<\/strong><\/th>\n<\/tr>\n<\/thead>\n<tbody>\n<tr>\n<td><strong>Przypadek u\u017cycia docelowego<\/strong><\/td>\n<td>Wysokiej jako\u015bci sucha pasza (lucerna, siano) na ma\u0142ych lub pag\u00f3rkowatych farmach<\/td>\n<td>Resztki zbo\u017ca na du\u017c\u0105 skal\u0119 lub siano z p\u0142askiego pola<\/td>\n<\/tr>\n<tr>\n<td data-spm-anchor-id=\"5176.28103460.0.i961.bc984fa5rlZb1k\"><strong>Projekt pickupa<\/strong><\/td>\n<td>Zoptymalizowany z\u0105b spr\u0119\u017cynowy dla\u00a0<strong>minimalna utrata li\u015bci<\/strong>\u00a0(&lt;5%)<\/td>\n<td>Zbieracze og\u00f3lnego przeznaczenia; mog\u0105 rozdrabnia\u0107 delikatn\u0105 pasz\u0119<\/td>\n<\/tr>\n<tr>\n<td><strong>Szeroko\u015b\u0107 maszyny<\/strong><\/td>\n<td><strong>\u22642,85 m<\/strong>\u00a0\u2013 pasuje do w\u0105skich dr\u00f3g polnych, sad\u00f3w, taras\u00f3w<\/td>\n<td>Cz\u0119sto\u00a0<strong>\u22653,2 m<\/strong>\u00a0\u2013 zmagania na rozdrobnionych lub g\u00f3rzystych dzia\u0142kach<\/td>\n<\/tr>\n<tr>\n<td><strong>Wymagania dotycz\u0105ce ci\u0105gnika<\/strong><\/td>\n<td>Dzia\u0142a wydajnie z\u00a0<strong>100\u2013130 KM<\/strong><\/td>\n<td>Zwykle wymaga\u00a0<strong>140+ KM<\/strong>\u00a0dla pe\u0142nej wydajno\u015bci<\/td>\n<\/tr>\n<tr>\n<td><strong>Cena<\/strong><\/td>\n<td><strong>30\u201340% ni\u017cszy<\/strong>\u00a0ni\u017c por\u00f3wnywalne importowane modele<\/td>\n<td>Wysoki koszt pocz\u0105tkowy + drogie cz\u0119\u015bci zamienne<\/td>\n<\/tr>\n<tr>\n<td data-spm-anchor-id=\"5176.28103460.0.i955.bc984fa5rlZb1k\"><strong>Skupienie si\u0119 na jako\u015bci bel<\/strong><\/td>\n<td>G\u0119sto\u015b\u0107 sterowana czujnikiem + owini\u0119cie siatk\u0105 =\u00a0<strong>jednolite, gotowe do eksportu bele<\/strong><\/td>\n<td>W wielu modelach bazowych priorytetem jest szybko\u015b\u0107, a nie od\u017cywianie paszy<\/td>\n<\/tr>\n<tr>\n<td><strong>Serwis i cz\u0119\u015bci<\/strong><\/td>\n<td>Lokalne wsparcie w ponad 30 krajach; modu\u0142owa konstrukcja u\u0142atwiaj\u0105ca naprawy<\/td>\n<td>D\u0142ugie terminy realizacji cz\u0119\u015bci w Azji\/Afryce\/Ameryce \u0141aci\u0144skiej<\/td>\n<\/tr>\n<\/tbody>\n<\/table>\n<\/div>\n<h2 class=\"product-section-title\" style=\"background: #083762; color: white; padding: 15px 20px; border-radius: 5px; margin: 20px 0;\">\u2753 Cz\u0119sto zadawane pytania dotycz\u0105ce zakupu i instalacji<\/h2>\n<p>&nbsp;<\/p>\n<p><strong>P: Jak transportowana jest prasa? Czy trzeba j\u0105 demontowa\u0107?<\/strong><\/p>\n<p>A: Model 9YG-1.25 ma jednocz\u0119\u015bciow\u0105 konstrukcj\u0119 i jest wst\u0119pnie zmontowany w fabryce. Standardowy transport morski\/l\u0105dowy nie wymaga demonta\u017cu; wystarczy przymocowa\u0107 go do palety lub ramy. Po przybyciu do portu roz\u0142adunek mo\u017cna przeprowadzi\u0107 za pomoc\u0105 w\u00f3zka wid\u0142owego lub zawiesia, a pojazd mo\u017cna ustawi\u0107 na miejscu w ci\u0105gu 30 minut.<\/p>\n<p><strong>P: Czy musz\u0119 samodzielnie z\u0142o\u017cy\u0107 maszyn\u0119 po jej otrzymaniu?<\/strong><\/p>\n<p>A: Nie jest wymagany skomplikowany monta\u017c. Dostarczamy produkt w pe\u0142ni zmontowany i gotowy do odbioru. Wystarczy:<\/p>\n<ol>\n<li>Connect the tractor&#8217;s three-point suspension to the PTO shaft<\/li>\n<li>Dodaj olej przek\u0142adniowy (przed pierwszym u\u017cyciem)<\/li>\n<li>Zamontuj rolk\u0119 drutu do belowania. Ca\u0142y proces zajmuje oko\u0142o 15\u201320 minut i obejmuje ilustrowan\u0105 instrukcj\u0119 obs\u0142ugi oraz film instrukta\u017cowy.<\/li>\n<\/ol>\n<p><strong>P: Czy oferujecie doradztwo w zakresie instalacji lub us\u0142ugi uruchomienia na miejscu?<\/strong><\/p>\n<p>A: Tak! Oferujemy:<\/p>\n<ul>\n<li>Bezp\u0142atne zdalne porady wideo (WeChat\/WhatsApp\/Zoom)<\/li>\n<li>Lokalni dostawcy us\u0142ug w Azji Po\u0142udniowo-Wschodniej, Europie Wschodniej, Ameryce Po\u0142udniowej itd. z opcjonaln\u0105, p\u0142atn\u0105 instalacj\u0105 na miejscu (obowi\u0105zuj\u0105 dodatkowe op\u0142aty)<\/li>\n<li>W przesy\u0142ce znajduj\u0105 si\u0119 wszystkie filmy instrukta\u017cowe i instrukcje w wersji elektronicznej.<\/li>\n<\/ul>\n<p><strong>P: Jakie kontrole nale\u017cy wykona\u0107 przed pierwszym u\u017cyciem?<\/strong><\/p>\n<p>A: Zalecamy sprawdzenie nast\u0119puj\u0105cych trzech element\u00f3w:<\/p>\n<ul>\n<li>Czy spr\u0119\u017cyna odbiorcza jest lu\u017ana?<\/li>\n<li>Naci\u0105g sprz\u0119g\u0142a hydraulicznego (je\u015bli jest na wyposa\u017ceniu)<\/li>\n<li>Czy uchwyt szpuli drutu jest bezpieczny?<\/li>\n<li>See the &#8220;First Day Start-up Checklist&#8221; (PDF included) for a detailed list.<\/li>\n<\/ul>\n<p><strong>P: Czy mo\u017cna go pod\u0142\u0105czy\u0107 bezpo\u015brednio do mojego ci\u0105gnika? Czy wymaga to modyfikacji?<\/strong><\/p>\n<p>A: The 9YG-1.25 uses a standard Category II three-point suspension interface and 540\/720 rpm PTO, compatible with over 95% of 80\u2013130 HP tractors worldwide (such as John Deere 5E, Kubota M8, Fendt 300, etc.). No modification is required; it&#8217;s ready to use immediately.<\/p>\n<p><strong>P: Jak d\u0142ugi jest okres gwarancji? Jakie cz\u0119\u015bci s\u0105 obj\u0119te gwarancj\u0105?<\/strong><\/p>\n<p>A: Ca\u0142a maszyna obj\u0119ta jest 12-miesi\u0119czn\u0105 ograniczon\u0105 gwarancj\u0105, natomiast g\u0142\u00f3wne komponenty (przek\u0142adnia, wrzeciono i uk\u0142ad nap\u0119dowy podbieracza) obj\u0119te s\u0105 24-miesi\u0119czn\u0105 rozszerzon\u0105 gwarancj\u0105. Cz\u0119\u015bci eksploatacyjne (z\u0119by spr\u0119\u017cyn, paski i spr\u0119\u017cyny mechanizmu nawijaj\u0105cego siatk\u0119) nie s\u0105 obj\u0119te gwarancj\u0105, ale s\u0105 niedrogie i \u0142atwe do wymiany.<\/p>","protected":false},"excerpt":{"rendered":"<p>Ta rolnicza prasa zwijaj\u0105ca 9YG-1.25, wyposa\u017cona w podbieracz spr\u0119\u017cynowy, posiada certyfikat CE i nadaje si\u0119 do zbioru siana, lucerny i kiszonki. Zosta\u0142a zaprojektowana specjalnie do pracy na pag\u00f3rkowatym terenie i w gospodarstwach tarasowych, gdzie jako\u015b\u0107 paszy jest priorytetem.<\/p>","protected":false},"featured_media":335,"template":"","meta":{"_et_pb_use_builder":"","_et_pb_old_content":"","_et_gb_content_width":""},"product_brand":[],"product_cat":[23],"product_tag":[28,18,19],"class_list":{"0":"post-331","1":"product","2":"type-product","3":"status-publish","4":"has-post-thumbnail","6":"product_cat-round-baler","7":"product_tag-9yg-1-25-round-baler","8":"product_tag-agricultural-round-baler","9":"product_tag-round-baler","11":"first","12":"instock","13":"shipping-taxable","14":"product-type-simple"},"_links":{"self":[{"href":"https:\/\/agricultural-baler.com\/pl\/wp-json\/wp\/v2\/product\/331","targetHints":{"allow":["GET"]}}],"collection":[{"href":"https:\/\/agricultural-baler.com\/pl\/wp-json\/wp\/v2\/product"}],"about":[{"href":"https:\/\/agricultural-baler.com\/pl\/wp-json\/wp\/v2\/types\/product"}],"wp:featuredmedia":[{"embeddable":true,"href":"https:\/\/agricultural-baler.com\/pl\/wp-json\/wp\/v2\/media\/335"}],"wp:attachment":[{"href":"https:\/\/agricultural-baler.com\/pl\/wp-json\/wp\/v2\/media?parent=331"}],"wp:term":[{"taxonomy":"product_brand","embeddable":true,"href":"https:\/\/agricultural-baler.com\/pl\/wp-json\/wp\/v2\/product_brand?post=331"},{"taxonomy":"product_cat","embeddable":true,"href":"https:\/\/agricultural-baler.com\/pl\/wp-json\/wp\/v2\/product_cat?post=331"},{"taxonomy":"product_tag","embeddable":true,"href":"https:\/\/agricultural-baler.com\/pl\/wp-json\/wp\/v2\/product_tag?post=331"}],"curies":[{"name":"wp","href":"https:\/\/api.w.org\/{rel}","templated":true}]}}