{"id":314,"date":"2025-11-20T01:29:04","date_gmt":"2025-11-20T01:29:04","guid":{"rendered":"https:\/\/agricultural-baler.com\/?post_type=product&#038;p=314"},"modified":"2025-11-20T03:34:46","modified_gmt":"2025-11-20T03:34:46","slug":"agricultural-round-baler-9yg-2-24d-s9000","status":"publish","type":"product","link":"https:\/\/agricultural-baler.com\/pl\/produkt\/prasa-zwijajaca-rolnicza-9yg-2-24d-s9000\/","title":{"rendered":"Prasa rolnicza zwijaj\u0105ca \u2013 9YG-2.24D S9000"},"content":{"rendered":"<h2 class=\"product-section-title\" style=\"background: #083762; color: white; padding: 15px 20px; border-radius: 5px; margin: 20px 0;\">? Przegl\u0105d produktu<\/h2>\n<p>Ten <strong>Prasa zwijaj\u0105ca 9YG-2.24D S9000<\/strong> jest solidnym, wydajnym <a href=\"https:\/\/agricultural-baler.com\/pl\/\">prasa rolnicza<\/a> Maszyna zaprojektowana do wymagaj\u0105cych warunk\u00f3w terenowych. Z <strong>Szeroko\u015b\u0107 odbioru 2240 mm<\/strong> I <strong>g\u0119sto\u015b\u0107 beli sterowana czujnikiem<\/strong>, wytwarza jednolite, g\u0119ste bele (\u03a61300\u00d71400mm, 100\u2013200 kg\/m\u00b3), idealne do wykorzystania w siano, s\u0142om\u0119 i biomas\u0119.<\/p>\n<p>Zaprojektowany dla <strong>Ci\u0105gniki o mocy 55\u2013100 kW<\/strong>, ta prasa ci\u0105gniona sprawdza si\u0119 na ma\u0142ych i nier\u00f3wnych polach dzi\u0119ki <strong>regulowany dyszel z k\u0105tem obrotu bocznego 100\u00b0 i przechy\u0142em bocznym 30\u00b0<\/strong>, zapewniaj\u0105c optymaln\u0105 przyczepno\u015b\u0107 i r\u00f3wnowag\u0119. <strong>dwustronny nap\u0119d \u0142a\u0144cuchowy 20A o du\u017cej wytrzyma\u0142o\u015bci<\/strong> zwi\u0119ksza si\u0142\u0119 kompresji, dostarczaj\u0105c bele o \u015brednicy do <strong>1000 funt\u00f3w<\/strong>, podczas gdy <strong>przetwornik spr\u0119\u017cynowy<\/strong> skutecznie radzi sobie z mokrymi lub wyleg\u0142ymi uprawami.<\/p>\n<p>Idealna dla du\u017cych gospodarstw, sp\u00f3\u0142dzielni i profesjonalnych us\u0142ug belowania, maszyna S9000 \u0142\u0105czy w sobie sprawdzon\u0105 niezawodno\u015b\u0107 z inteligentn\u0105 in\u017cynieri\u0105, zapewniaj\u0105c <strong>40\u2013100 bel\/godzin\u0119<\/strong> przy minimalnym przestoju i lepszej wydajno\u015bci w warunkach rzeczywistych.<\/p>\n<p><img loading=\"lazy\" decoding=\"async\" class=\"aligncenter wp-image-222 size-full\" src=\"https:\/\/agricultural-baler.com\/wp-content\/uploads\/2025\/11\/0-9YG-2.24D-baler-3.webp\" alt=\"Prasa 9YG-2.24D\" width=\"600\" height=\"400\" srcset=\"https:\/\/agricultural-baler.com\/wp-content\/uploads\/2025\/11\/0-9YG-2.24D-baler-3.webp 600w, https:\/\/agricultural-baler.com\/wp-content\/uploads\/2025\/11\/0-9YG-2.24D-baler-3-480x320.webp 480w\" sizes=\"auto, (min-width: 0px) and (max-width: 480px) 480px, (min-width: 481px) 600px, 100vw\" \/><\/p>\n<h2 class=\"product-section-title\" style=\"background: #083762; color: white; padding: 15px 20px; border-radius: 5px; margin: 20px 0;\">Specyfikacje<\/h2>\n<div style=\"overflow-x: auto;\">\n<table style=\"max-width: 100%; overflow-x: auto;\" border=\"1\">\n<thead>\n<tr>\n<th data-spm-anchor-id=\"5176.28103460.0.i815.bc984fa5rlZb1k\">NIE.<\/th>\n<th>Przedmiot<\/th>\n<th>Jednostka<\/th>\n<th>Specyfikacja<\/th>\n<\/tr>\n<\/thead>\n<tbody>\n<tr>\n<td>1<\/td>\n<td>Nazwa modelu<\/td>\n<td>\/<\/td>\n<td>Prasa okr\u0105g\u0142a 9YG-2.24D (S9000)<\/td>\n<\/tr>\n<tr>\n<td>2<\/td>\n<td>Typ zaczepu<\/td>\n<td>\/<\/td>\n<td>Typ Pull<\/td>\n<\/tr>\n<tr>\n<td>3<\/td>\n<td>Szeroko\u015b\u0107 odbioru<\/td>\n<td>mm<\/td>\n<td>2240<\/td>\n<\/tr>\n<tr>\n<td>4<\/td>\n<td>Typ konstrukcji pickupa<\/td>\n<td>\/<\/td>\n<td>Typ z\u0119ba spr\u0119\u017cynowego<\/td>\n<\/tr>\n<tr>\n<td>5<\/td>\n<td>Typ mechanizmu podaj\u0105cego<\/td>\n<td>\/<\/td>\n<td>Wa\u0142ek grzebieniowy + typ wa\u0142ka<\/td>\n<\/tr>\n<tr>\n<td>6<\/td>\n<td>Mechanizm belowania komory kompresyjnej<\/td>\n<td>\/<\/td>\n<td>Typ rolki<\/td>\n<\/tr>\n<tr>\n<td>7<\/td>\n<td>Szeroko\u015b\u0107 komory spr\u0119\u017cania<\/td>\n<td>mm<\/td>\n<td>1400<\/td>\n<\/tr>\n<tr>\n<td>8<\/td>\n<td>\u015arednica komory spr\u0119\u017cania<\/td>\n<td>mm<\/td>\n<td>\u03a61200<\/td>\n<\/tr>\n<tr>\n<td>9<\/td>\n<td data-spm-anchor-id=\"5176.28103460.0.i814.bc984fa5rlZb1k\">Liczba element\u00f3w zag\u0119szczaj\u0105cych<\/td>\n<td>szt.<\/td>\n<td>18 (Rolki)<\/td>\n<\/tr>\n<tr>\n<td>10<\/td>\n<td>\u015arednica walca zag\u0119szczaj\u0105cego<\/td>\n<td>mm<\/td>\n<td>\u03a6222<\/td>\n<\/tr>\n<tr>\n<td>11<\/td>\n<td>Metoda belowania<\/td>\n<td>\/<\/td>\n<td>Siatka do owijania<\/td>\n<\/tr>\n<tr>\n<td>12<\/td>\n<td>Wymagana moc<\/td>\n<td>kW<\/td>\n<td>55\u2013100<\/td>\n<\/tr>\n<tr>\n<td>13<\/td>\n<td>Waga maszyny<\/td>\n<td>kg<\/td>\n<td>4262<\/td>\n<\/tr>\n<tr>\n<td>14<\/td>\n<td>Pr\u0119dko\u015b\u0107 wa\u0142u odbioru mocy<\/td>\n<td>obr.\/min<\/td>\n<td>720<\/td>\n<\/tr>\n<tr>\n<td>15<\/td>\n<td>Wymiary ca\u0142kowite (d\u0142. \u00d7 szer. \u00d7 wys.)<\/td>\n<td>mm<\/td>\n<td>4240 \u00d7 3010 \u00d7 2450 (w trakcie dzia\u0142ania)<\/td>\n<\/tr>\n<tr>\n<td>16<\/td>\n<td>Kontrola g\u0119sto\u015bci beli<\/td>\n<td>\/<\/td>\n<td>Sterowane czujnikiem<\/td>\n<\/tr>\n<tr>\n<td>17<\/td>\n<td>Rozmiar beli (\u015brednica \u00d7 szeroko\u015b\u0107)<\/td>\n<td>mm<\/td>\n<td>\u03a61300 \u00d7 1400<\/td>\n<\/tr>\n<tr>\n<td>18<\/td>\n<td>G\u0119sto\u015b\u0107 beli<\/td>\n<td>kg\/m\u00b3<\/td>\n<td>100\u2013200<\/td>\n<\/tr>\n<tr>\n<td>19<\/td>\n<td>Tempo produkcji<\/td>\n<td>bele\/godzin\u0119<\/td>\n<td>40\u2013100<\/td>\n<\/tr>\n<tr>\n<td>20<\/td>\n<td>Rozstaw osi<\/td>\n<td>mm<\/td>\n<td>2600<\/td>\n<\/tr>\n<tr>\n<td>21<\/td>\n<td>Pr\u0119dko\u015b\u0107 robocza<\/td>\n<td>km\/h<\/td>\n<td>5\u201335<\/td>\n<\/tr>\n<tr>\n<td>22<\/td>\n<td>Rozmiar siatki owijaj\u0105cej<\/td>\n<td>M<\/td>\n<td>2000 \u00d7 1,4 m na bel\u0119<\/td>\n<\/tr>\n<\/tbody>\n<\/table>\n<\/div>\n<h3 data-spm-anchor-id=\"5176.28103460.0.i855.bc984fa5rlZb1k\"><img loading=\"lazy\" decoding=\"async\" class=\"wp-image-319 size-full aligncenter\" src=\"https:\/\/agricultural-baler.com\/wp-content\/uploads\/2025\/11\/0-9YG-2.24D-baler-2-2.webp\" alt=\"Prasa 9YG-2.24D 2\" width=\"996\" height=\"742\" srcset=\"https:\/\/agricultural-baler.com\/wp-content\/uploads\/2025\/11\/0-9YG-2.24D-baler-2-2.webp 996w, https:\/\/agricultural-baler.com\/wp-content\/uploads\/2025\/11\/0-9YG-2.24D-baler-2-2-980x730.webp 980w, https:\/\/agricultural-baler.com\/wp-content\/uploads\/2025\/11\/0-9YG-2.24D-baler-2-2-480x358.webp 480w\" sizes=\"auto, (min-width: 0px) and (max-width: 480px) 480px, (min-width: 481px) and (max-width: 980px) 980px, (min-width: 981px) 996px, 100vw\" \/><\/h3>\n<h2 class=\"product-section-title\" style=\"background: #083762; color: white; padding: 15px 20px; border-radius: 5px; margin: 20px 0;\">\u2699\ufe0fG\u0142\u00f3wne cechy i innowacje<\/h2>\n<h4>\u2705\u00a0<strong>Zaawansowany uk\u0142ad nap\u0119dowy i dyszla<\/strong><\/h4>\n<p>Z udzia\u0142em <strong>samodzielnie opracowany wa\u0142 nap\u0119dowy z podw\u00f3jnym przegubem uniwersalnym (podw\u00f3jnym przegubem krzy\u017cowym)<\/strong> i zintegrowane <strong>wa\u0142 ograniczaj\u0105cy moment obrotowy bezpiecze\u0144stwa<\/strong>S9000 zapewnia p\u0142ynne przenoszenie mocy nawet podczas ostrych zakr\u0119t\u00f3w na ma\u0142ych lub nier\u00f3wnych polach. Taka konstrukcja skutecznie zapobiega blokowaniu si\u0119 uk\u0142adu nap\u0119dowego i chroni krytyczne podzespo\u0142y przed przeci\u0105\u017ceniem skr\u0119tnym, maksymalizuj\u0105c czas sprawno\u015bci i trwa\u0142o\u015b\u0107.<\/p>\n<h4>\u2705\u00a0<strong>Ulepszony uk\u0142ad hydrauliczny zapewniaj\u0105cy p\u0142ynniejsz\u0105 prac\u0119<\/strong><\/h4>\n<p>Wyposa\u017cony w wysokie ci\u015bnienie <strong>Z\u0142\u0105czki hydrauliczne typu H z kielichem (z zagryzieniem)<\/strong>System umo\u017cliwia szybsze cykle otwierania i zamykania komory belowania. Dedykowany <strong>cylinder buforowy w komorze tylnej<\/strong> poch\u0142ania uderzenia podczas zamykania, znacznie redukuj\u0105c wibracje i minimalizuj\u0105c zu\u017cycie cz\u0119\u015bci konstrukcyjnych.<\/p>\n<h4>\u2705\u00a0<strong>Zwi\u0119kszona stabilno\u015b\u0107 i wydajno\u015b\u0107 belowania<\/strong><\/h4>\n<p>Ten <strong>skrzynia bieg\u00f3w o du\u017cej wytrzyma\u0142o\u015bci<\/strong> zapewnia wy\u017cszy moment obrotowy przek\u0142adni, podczas gdy <strong>nap\u0119d \u0142a\u0144cuchowy dwustronny<\/strong> zapewnia r\u00f3wnomierny rozk\u0142ad si\u0142y w komorze kompresji. Efekt? Wyj\u0105tkowo p\u0142ynne formowanie bel, r\u00f3wnomierna g\u0119sto\u015b\u0107 i niezawodna wydajno\u015b\u0107 \u2013 nawet przy du\u017cym obci\u0105\u017ceniu upraw\u0105 lub podczas d\u0142ugotrwa\u0142ej codziennej pracy.<\/p>\n<h4>\u2705\u00a0<strong>Inteligentne sterowanie (tylko wersja S9000 Beyond)<\/strong><\/h4>\n<p>Ten <strong>Poza wariantem<\/strong> dodaje inteligentne funkcje, w tym:<\/p>\n<ul>\n<li>W czasie rzeczywistym\u00a0<strong>kontrola g\u0119sto\u015bci beli oparta na czujnikach<\/strong><\/li>\n<li><strong>Rejestrowanie danych roboczych<\/strong>\u00a0(liczba bel, godziny pracy, itp.)<\/li>\n<li><strong>Alerty samodiagnostyczne<\/strong>\u00a0do proaktywnej konserwacji<br \/>\nTe inteligentne funkcje zapewniaj\u0105 operatorom wi\u0119ksz\u0105 kontrol\u0119, wydajno\u015b\u0107 i mo\u017cliwo\u015b\u0107 predykcyjnego planowania us\u0142ug.<\/li>\n<\/ul>\n<h2 class=\"product-section-title\" style=\"background: #083762; color: white; padding: 15px 20px; border-radius: 5px; margin: 20px 0;\">?Zastosowania i korzy\u015bci<\/h2>\n<h4><strong>Idealny do r\u00f3\u017cnych upraw i warunk\u00f3w<\/strong><\/h4>\n<p>Ten <strong>Prasa zwijaj\u0105ca 9YG-2.24D S9000<\/strong> sprawdza si\u0119 w szerokim zakresie materia\u0142\u00f3w i teren\u00f3w:<\/p>\n<ul>\n<li><strong>Uprawy<\/strong>:Lucerna, siano trawiaste, s\u0142oma pszenna\/ry\u017cowa, \u0142odygi kukurydzy i ro\u015bliny energetyczne (np. miskantus, sorgo)<\/li>\n<li><strong>\u015arodowiska<\/strong>:P\u0142askie r\u00f3wniny, pag\u00f3rkowate tereny, ma\u0142e lub rozdrobnione pola oraz warunki o du\u017cej wilgotno\u015bci lub wysokiej wydajno\u015bci<\/li>\n<\/ul>\n<p>Jego solidny, spr\u0119\u017cynowy system zbierania i zapobiegaj\u0105cy zatykaniu si\u0119 system podawania z \u0142atwo\u015bci\u0105 radz\u0105 sobie z mokrymi, zablokowanymi lub g\u0119stymi resztkami, dzi\u0119ki czemu jest to prawdziwy sprz\u0119t na ka\u017cd\u0105 por\u0119 roku. <strong>prasa rolnicza<\/strong>.<\/p>\n<h4><strong>Namacalne korzy\u015bci ekonomiczne<\/strong><\/h4>\n<ul data-spm-anchor-id=\"5176.28103460.0.i826.bc984fa5rlZb1k\">\n<li>\u23f1\ufe0f\u00a0<strong>Zmniejsza koszty pracy o 30%+<\/strong>\u00a0poprzez pe\u0142n\u0105 automatyzacj\u0119 operacji belowania<\/li>\n<li>?\u00a0<strong>Zwi\u0119ksza wska\u017anik odzysku s\u0142omy<\/strong>, przekszta\u0142caj\u0105c odpady w warto\u015bciow\u0105 pasz\u0119, \u015bci\u00f3\u0142k\u0119 lub biomas\u0119<\/li>\n<li>?\u00a0<strong>Bele o du\u017cej g\u0119sto\u015bci i jednorodno\u015bci<\/strong>\u00a0ni\u017csze koszty transportu i magazynowania przy jednoczesnym zachowaniu lepszych cen rynkowych<\/li>\n<\/ul>\n<h4><strong>Silny wp\u0142yw spo\u0142eczny i \u015brodowiskowy<\/strong><\/h4>\n<ul>\n<li>\u267b\ufe0f\u00a0<strong>Wspiera rolnictwo o obiegu zamkni\u0119tym<\/strong>\u00a0umo\u017cliwiaj\u0105c efektywne ponowne wykorzystanie resztek po\u017cniwnych<\/li>\n<li>?\u00a0<strong>Pomaga w przestrzeganiu zakaz\u00f3w palenia na otwartym terenie<\/strong>\u00a0w regionach takich jak Azja Po\u0142udniowo-Wschodnia i Europa Wschodnia<\/li>\n<li>\u26a1\u00a0<strong>Zasila \u0142a\u0144cuch energetyczny biomasy<\/strong>\u2014bele staj\u0105 si\u0119 paliwem dla elektrowni lub zak\u0142ad\u00f3w biogazowych<\/li>\n<\/ul>\n<p>Niezale\u017cnie od tego, czy jeste\u015b du\u017cym gospodarstwem mleczarskim potrzebuj\u0105cym najwy\u017cszej jako\u015bci <strong>bele siana<\/strong>, wykonawca oferuj\u0105cy <strong>us\u0142ugi belowania s\u0142omy<\/strong>lub projekt zielonej energii pozyskuj\u0105cy surowce, model S9000 zapewnia wydajno\u015b\u0107, kt\u00f3ra przyniesie korzy\u015bci Twojej firmie \u2014 i planecie.<\/p>\n<p><img loading=\"lazy\" decoding=\"async\" class=\"aligncenter wp-image-94 size-full\" src=\"https:\/\/agricultural-baler.com\/wp-content\/uploads\/2025\/11\/0-baler-application.webp\" alt=\"zastosowanie prasy\" width=\"807\" height=\"759\" srcset=\"https:\/\/agricultural-baler.com\/wp-content\/uploads\/2025\/11\/0-baler-application.webp 807w, https:\/\/agricultural-baler.com\/wp-content\/uploads\/2025\/11\/0-baler-application-480x451.webp 480w\" sizes=\"auto, (min-width: 0px) and (max-width: 480px) 480px, (min-width: 481px) 807px, 100vw\" \/><\/p>\n<h2 class=\"product-section-title\" style=\"background: #083762; color: white; padding: 15px 20px; border-radius: 5px; margin: 20px 0;\">? Prawdziwi Rolnicy, Prawdziwe Wyniki<\/h2>\n<h4>1.\u00a0<strong>Stany Zjednoczone \u2013 operacja zbioru siana o wysokiej wilgotno\u015bci<\/strong><\/h4>\n<ul>\n<li><strong>Klient<\/strong>:James R. Thompson<\/li>\n<li><strong>Gospodarstwo<\/strong>:Thompson Family Hay Co.<\/li>\n<li><strong>Lokalizacja<\/strong>:Nebraska, USA<\/li>\n<li><strong>Data zakupu<\/strong>: maj 2024<\/li>\n<li><strong>Aplikacja<\/strong>:Bazowanie lucerny i mieszanej trawy w porze deszczowej wiosn\u0105<\/li>\n<li><strong>Cytat<\/strong>:<br \/>\n<blockquote><p>\u201eU\u017cywali\u015bmy S9000 Classic przez 18 dni bez przerwy w mokrych warunkach \u2013 bez zaci\u0119\u0107, bez awarii. Dotrzyma\u0142a kroku naszemu ci\u0105gnikowi o mocy 100 KM i za ka\u017cdym razem formowa\u0142a zwarte, gotowe do sprzeda\u017cy bele. Zero przestoj\u00f3w w szczycie zbior\u00f3w \u2013 to rzadko\u015b\u0107\u201d.<\/p><\/blockquote>\n<\/li>\n<\/ul>\n<hr \/>\n<h4>2.\u00a0<strong>Ukraina \u2013 Dostawca s\u0142omy na du\u017c\u0105 skal\u0119<\/strong><\/h4>\n<ul>\n<li><strong>Klient<\/strong>:Oleksandr Kovalenko<\/li>\n<li><strong>Organizacja<\/strong>:Sp\u00f3\u0142dzielnia AgroHarvest<\/li>\n<li><strong>Lokalizacja<\/strong>:Obw\u00f3d charkowski, Ukraina<\/li>\n<li><strong>Data zakupu<\/strong>:sierpie\u0144 2024<\/li>\n<li><strong>Aplikacja<\/strong>:Prasowanie s\u0142omy pszennej na eksport i \u015bci\u00f3\u0142k\u0119 dla byd\u0142a<\/li>\n<li><strong>Cytat<\/strong>:<br \/>\n<blockquote><p>\u201ePo problemach z \u0142a\u0144cuchem dostaw w niemieckich prasach przeszli\u015bmy na S9000. Taka sama wydajno\u015b\u0107, <strong>40% ni\u017cszy koszt<\/strong>, a cz\u0119\u015bci zamienne dotar\u0142y z Chin w ci\u0105gu 5 dni. Od tego czasu wymienili\u015bmy na ten model dwie kolejne stare maszyny.<\/p><\/blockquote>\n<p><img loading=\"lazy\" decoding=\"async\" class=\"aligncenter wp-image-321 size-full\" src=\"https:\/\/agricultural-baler.com\/wp-content\/uploads\/2025\/11\/0-agricultural-round-baler-for-Ukraine.webp\" alt=\"prasa zwijaj\u0105ca rolnicza dla Ukrainy\" width=\"1024\" height=\"690\" srcset=\"https:\/\/agricultural-baler.com\/wp-content\/uploads\/2025\/11\/0-agricultural-round-baler-for-Ukraine.webp 1024w, https:\/\/agricultural-baler.com\/wp-content\/uploads\/2025\/11\/0-agricultural-round-baler-for-Ukraine-980x660.webp 980w, https:\/\/agricultural-baler.com\/wp-content\/uploads\/2025\/11\/0-agricultural-round-baler-for-Ukraine-480x323.webp 480w\" sizes=\"auto, (min-width: 0px) and (max-width: 480px) 480px, (min-width: 481px) and (max-width: 980px) 980px, (min-width: 981px) 1024px, 100vw\" \/><\/li>\n<\/ul>\n<hr \/>\n<h4>3.\u00a0<strong>Wietnam \u2013 program recyklingu s\u0142omy wspierany przez rz\u0105d<\/strong><\/h4>\n<ul>\n<li><strong>Klient<\/strong>: Nguyen Van Minh<\/li>\n<li><strong>Organizacja<\/strong>:Mekong Green Solutions<\/li>\n<li><strong>Lokalizacja<\/strong>:Prowincja An Giang, Wietnam<\/li>\n<li><strong>Data zakupu<\/strong>: Listopad 2024<\/li>\n<li><strong>Aplikacja<\/strong>:Zbi\u00f3rka s\u0142omy ry\u017cowej w celu wsparcia krajowej polityki antypaleniskowej<\/li>\n<li><strong>Cytat<\/strong>:<br \/>\n<blockquote><p>\u201eSamorz\u0105d zakaza\u0142 wypalania p\u00f3l, wi\u0119c potrzebowali\u015bmy szybko niedrogich i niezawodnych pras. S9000 doskonale wsp\u00f3\u0142pracuje z popularnymi tu traktorami o mocy 75 KM. Rolnicy j\u0105 uwielbiaj\u0105, a jako\u015b\u0107 powietrza si\u0119 poprawia\u201d.<\/p><\/blockquote>\n<p><img loading=\"lazy\" decoding=\"async\" class=\"aligncenter wp-image-320 size-full\" src=\"https:\/\/agricultural-baler.com\/wp-content\/uploads\/2025\/11\/0-agricultural-round-baler-for-Vietnam.webp\" alt=\"prasa rolnicza zwijaj\u0105ca dla Wietnamu\" width=\"1024\" height=\"690\" srcset=\"https:\/\/agricultural-baler.com\/wp-content\/uploads\/2025\/11\/0-agricultural-round-baler-for-Vietnam.webp 1024w, https:\/\/agricultural-baler.com\/wp-content\/uploads\/2025\/11\/0-agricultural-round-baler-for-Vietnam-980x660.webp 980w, https:\/\/agricultural-baler.com\/wp-content\/uploads\/2025\/11\/0-agricultural-round-baler-for-Vietnam-480x323.webp 480w\" sizes=\"auto, (min-width: 0px) and (max-width: 480px) 480px, (min-width: 481px) and (max-width: 980px) 980px, (min-width: 981px) 1024px, 100vw\" \/><\/p>\n<p>&nbsp;<\/li>\n<\/ul>\n<h2 class=\"product-section-title\" style=\"background: #083762; color: white; padding: 15px 20px; border-radius: 5px; margin: 20px 0;\">Jak wybra\u0107 odpowiedni\u0105 pras\u0119 zwijaj\u0105c\u0105 do swojego gospodarstwa?<\/h2>\n<p data-spm-anchor-id=\"5176.28103460.0.i846.bc984fa5rlZb1k\">Wyb\u00f3r idealnego <strong>prasa rolnicza zwijaj\u0105ca<\/strong> Zale\u017cy to od ci\u0105gnika, rodzaju upraw, warunk\u00f3w polowych i cel\u00f3w operacyjnych. Oto kr\u00f3tki przewodnik, kt\u00f3ry pomo\u017ce Ci podj\u0105\u0107 decyzj\u0119:<\/p>\n<h4>\u2705\u00a0<strong>Moc ci\u0105gnika \u2264 80 KM (\u2264 60 kW)?<\/strong><\/h4>\n<p>\u2192 Wybierz <strong>S9000 Klasyczny<\/strong><br \/>\nZoptymalizowany pod k\u0105tem ci\u0105gnik\u00f3w \u015bredniej klasy, ten model charakteryzuje si\u0119 sprawdzon\u0105 niezawodno\u015bci\u0105 i doskona\u0142ym stosunkiem jako\u015bci do ceny \u2014 idealny dla gospodarstw, w kt\u00f3rych trwa\u0142o\u015b\u0107 jest wa\u017cniejsza od zaawansowanej elektroniki.<\/p>\n<h4>\u2705\u00a0<strong>Potrzebujesz inteligentnego monitorowania i precyzyjnej kontroli g\u0119sto\u015bci?<\/strong><\/h4>\n<p>\u2192 Id\u017a po <strong>S9000 Beyond<\/strong><br \/>\nWyposa\u017cona w czujniki w czasie rzeczywistym, cyfrowe \u015bledzenie liczby bel i automatyczn\u0105 regulacj\u0119 g\u0119sto\u015bci wersja Beyond jest idealna dla wykonawc\u00f3w i du\u017cych przedsi\u0119biorstw, kt\u00f3rym zale\u017cy na wydajno\u015bci opartej na danych.<\/p>\n<h4>\u2705\u00a0<strong>Pracujesz z mokr\u0105 s\u0142om\u0105 ry\u017cow\u0105 lub resztkami po\u017cniwnymi o wysokiej wydajno\u015bci?<\/strong><\/h4>\n<p>\u2192 Ustal priorytety <strong>funkcje zapobiegaj\u0105ce zatykaniu<\/strong><br \/>\nOba modele posiadaj\u0105 wzmocnione <strong>przetworniki spr\u0119\u017cynowe<\/strong> I <strong>wa\u0142ek grzebieniowy + podajniki b\u0119bnowe<\/strong>ale upewnij si\u0119, \u017ce Twoja prasa jest wyposa\u017cona w opcjonalne <strong>rolki zapobiegaj\u0105ce owijaniu<\/strong> i wytrzyma\u0142e \u0142a\u0144cuchy zapewniaj\u0105ce maksymaln\u0105 przepustowo\u015b\u0107 w lepkich i g\u0119stych warunkach.<\/p>\n<h4>?\u00a0<strong>Inne kluczowe czynniki, kt\u00f3re nale\u017cy wzi\u0105\u0107 pod uwag\u0119:<\/strong><\/h4>\n<ul>\n<li><strong>Rozmiar pola<\/strong>:Ma\u0142e i nieregularne dzia\u0142ki doceni\u0105 model S9000 z kompaktowym promieniem skr\u0119tu i regulowanym dyszlem (do 30\u00b0 nachylenia bocznego).<\/li>\n<li><strong>Wykorzystanie bel<\/strong>:Do produkcji paszy dla zwierz\u0105t gospodarskich lub na eksport bele o du\u017cej g\u0119sto\u015bci (100\u2013200 kg\/m\u00b3) wytwarzane przez maszyn\u0119 S9000 pozwalaj\u0105 na obni\u017cenie koszt\u00f3w transportu i popraw\u0119 atrakcyjno\u015bci handlowej.<\/li>\n<li><strong>Wsparcie posprzeda\u017cowe<\/strong>: Sprawd\u017a dost\u0119pno\u015b\u0107 cz\u0119\u015bci w swojej okolicy \u2014 nasza globalna sie\u0107 obejmuje ponad 30 kraj\u00f3w, a w wi\u0119kszo\u015bci region\u00f3w dostawa trwa kr\u00f3cej ni\u017c 7 dni.<\/li>\n<\/ul>\n<blockquote><p>? <strong>Wskaz\u00f3wka dla profesjonalist\u00f3w<\/strong>:Je\u015bli nie masz pewno\u015bci, popro\u015b o demonstracj\u0119 w terenie! Zobacz uchwyt prasy <em>tw\u00f3j<\/em> przyci\u0105\u0107 <em>tw\u00f3j<\/em> warunki s\u0105 najlepszym sposobem potwierdzenia dopasowania.<\/p><\/blockquote>\n<h2 class=\"product-section-title\" style=\"background: #083762; color: white; padding: 15px 20px; border-radius: 5px; margin: 20px 0;\">\u2753Cz\u0119sto zadawane pytania<\/h2>\n<h4><strong>P: Czy maszyna S9000 nadaje si\u0119 do mokrej s\u0142omy ry\u017cowej?<\/strong><\/h4>\n<p><strong>A:<\/strong> Tak. Model S9000 zosta\u0142 zaprojektowany specjalnie do trudnych warunk\u00f3w, takich jak mokra lub wyleguj\u0105ca si\u0119 s\u0142oma ry\u017cowa. Posiada <strong>wzmocniony przetwornik spr\u0119\u017cynowy<\/strong>, <strong>wa\u0142ek grzebieniowy + system podawania b\u0119bnowego<\/strong>i opcjonalnie <strong>rolki zapobiegaj\u0105ce owijaniu<\/strong> aby zapobiec zatykaniu. Testy terenowe wykazuj\u0105 niezawodn\u0105 wydajno\u015b\u0107 nawet przy poziomie wilgotno\u015bci do 25%.<\/p>\n<h4><strong>P: Czy mo\u017cna go stosowa\u0107 z ci\u0105gnikiem o mocy 80 KM?<\/strong><\/h4>\n<p><strong>A:<\/strong> Zdecydowanie. Model S9000 jest przeznaczony do ci\u0105gnik\u00f3w <strong>55\u2013100 kW (75\u2013135 KM)<\/strong> zasi\u0119g. Ci\u0105gnik o mocy 80 KM (\u224860 kW) mie\u015bci si\u0119 w zalecanym zakresie mocy, zapewniaj\u0105c p\u0142ynn\u0105 prac\u0119, wydajne formowanie bel i brak obci\u0105\u017cenia uk\u0142adu WOM.<\/p>\n<h4><strong>P: Jakie s\u0105 najwa\u017cniejsze ulepszenia w por\u00f3wnaniu do modelu S8000?<\/strong><\/h4>\n<p><strong>A:<\/strong> W modelu S9000 wprowadzono kilka istotnych udoskonale\u0144:<\/p>\n<ul>\n<li><strong>Ulepszony uk\u0142ad nap\u0119dowy<\/strong>: Podw\u00f3jny przegub uniwersalny + wa\u0142ek bezpiecze\u0144stwa zapewniaj\u0105cy lepsz\u0105 stabilno\u015b\u0107 skr\u0119tu<\/li>\n<li><strong>Silniejsza kompresja<\/strong>:Dwustronne \u0142a\u0144cuchy o du\u017cej wytrzyma\u0142o\u015bci 20A zwi\u0119kszaj\u0105 g\u0119sto\u015b\u0107 bel o ~15%<\/li>\n<li><strong>Inteligentniejsza hydraulika<\/strong>:Z\u0142\u0105czki typu H + cylinder buforowy dla szybszego i p\u0142ynniejszego cyklu komory<\/li>\n<li><strong>Opcjonalne inteligentne sterowanie<\/strong>\u00a0(wersja Beyond): regulacja g\u0119sto\u015bci oparta na czujnikach i diagnostyka b\u0142\u0119d\u00f3w<\/li>\n<\/ul>\n<h4><strong>P: Czy oferujecie certyfikat CE?<\/strong><\/h4>\n<p><strong>A:<\/strong> Tak. Seria S9000 jest zgodna z dyrektywami maszynowymi UE i mo\u017ce by\u0107 dostarczana z <strong>Certyfikacja CE<\/strong> Na \u017cyczenie. Obs\u0142ugujemy r\u00f3wnie\u017c EAC (Eurazjatyckie), ISO 9001 i inne regionalne standardy zgodno\u015bci, aby zapewni\u0107 sprawn\u0105 odpraw\u0119 celn\u0105.<\/p>","protected":false},"excerpt":{"rendered":"<p>Prasa zwijaj\u0105ca 9YG-2.24D S9000 produkuje 40-100 bel o wysokiej g\u0119sto\u015bci i jednorodno\u015bci (\u03a61300\u00d71400 mm) na godzin\u0119, idealnych do siana, pszenicy\/s\u0142omy i biomasy. Kompatybilna z ci\u0105gnikami o mocy 75-135 KM, jej inteligentny dyszel umo\u017cliwia pochylenie o 30\u00b0 i obr\u00f3t o 100\u00b0, dzi\u0119ki czemu idealnie nadaje si\u0119 do ma\u0142ych lub pag\u00f3rkowatych dzia\u0142ek.<\/p>","protected":false},"featured_media":318,"template":"","meta":{"_et_pb_use_builder":"off","_et_pb_old_content":"","_et_gb_content_width":""},"product_brand":[],"product_cat":[23],"product_tag":[18,19,27],"class_list":{"0":"post-314","1":"product","2":"type-product","3":"status-publish","4":"has-post-thumbnail","6":"product_cat-round-baler","7":"product_tag-agricultural-round-baler","8":"product_tag-round-baler","9":"product_tag-s9000-round-baler","11":"first","12":"instock","13":"shipping-taxable","14":"product-type-simple"},"_links":{"self":[{"href":"https:\/\/agricultural-baler.com\/pl\/wp-json\/wp\/v2\/product\/314","targetHints":{"allow":["GET"]}}],"collection":[{"href":"https:\/\/agricultural-baler.com\/pl\/wp-json\/wp\/v2\/product"}],"about":[{"href":"https:\/\/agricultural-baler.com\/pl\/wp-json\/wp\/v2\/types\/product"}],"wp:featuredmedia":[{"embeddable":true,"href":"https:\/\/agricultural-baler.com\/pl\/wp-json\/wp\/v2\/media\/318"}],"wp:attachment":[{"href":"https:\/\/agricultural-baler.com\/pl\/wp-json\/wp\/v2\/media?parent=314"}],"wp:term":[{"taxonomy":"product_brand","embeddable":true,"href":"https:\/\/agricultural-baler.com\/pl\/wp-json\/wp\/v2\/product_brand?post=314"},{"taxonomy":"product_cat","embeddable":true,"href":"https:\/\/agricultural-baler.com\/pl\/wp-json\/wp\/v2\/product_cat?post=314"},{"taxonomy":"product_tag","embeddable":true,"href":"https:\/\/agricultural-baler.com\/pl\/wp-json\/wp\/v2\/product_tag?post=314"}],"curies":[{"name":"wp","href":"https:\/\/api.w.org\/{rel}","templated":true}]}}