{"id":287,"date":"2025-11-19T07:02:11","date_gmt":"2025-11-19T07:02:11","guid":{"rendered":"https:\/\/agricultural-baler.com\/?post_type=product&#038;p=287"},"modified":"2025-11-20T03:34:46","modified_gmt":"2025-11-20T03:34:46","slug":"agricultural-round-baler-9yg-2-24d-s9000-classic","status":"publish","type":"product","link":"https:\/\/agricultural-baler.com\/pl\/produkt\/prasa-zwijajaca-rolnicza-9yg-2-24d-s9000-classic\/","title":{"rendered":"Prasa rolnicza zwijaj\u0105ca \u2013 9YG-2.24D S9000 Classic"},"content":{"rendered":"<h2><strong data-spm-anchor-id=\"5176.28103460.0.i741.bc984fa5rlZb1k\">Przegl\u0105d produktu: Prasa zwijaj\u0105ca 9YG-2.24D S9000 Classic<\/strong><\/h2>\n<p>Ten <strong>9YG-2.24D S9000 Klasyczny<\/strong> to wysokowydajna, ci\u0105gniona prasa rolnicza zwijaj\u0105ca, zaprojektowana z my\u015bl\u0105 o niezawodno\u015bci i wydajno\u015bci w wymagaj\u0105cych warunkach polowych. Dzi\u0119ki szeroko\u015bci podbieracza 2,24 metra, sterowanej czujnikami g\u0119sto\u015bci beli i wytrzyma\u0142ej, rolkowej komorze prasuj\u0105cej, zapewnia ona r\u00f3wnomierne, g\u0119ste bele owini\u0119te siatk\u0105, idealne do siana, s\u0142omy i biomasy.<\/p>\n<p>Zaprojektowany dla <strong>du\u017ce gospodarstwa rolne, sp\u00f3\u0142dzielnie rolnicze i profesjonalne us\u0142ugi zbior\u00f3w na zam\u00f3wienie<\/strong>Model S9000 Classic \u0142\u0105czy w sobie sprawdzon\u0105 wytrzyma\u0142o\u015b\u0107 mechaniczn\u0105 z inteligentnymi funkcjami operacyjnymi, dzi\u0119ki czemu jest op\u0142acalnym rozwi\u0105zaniem dla region\u00f3w, w kt\u00f3rych priorytetem jest wydajno\u015b\u0107, \u0142atwo\u015b\u0107 konserwacji i d\u0142ugoterminowa warto\u015b\u0107.<\/p>\n<p>Model ten, opracowany na podstawie wieloletnich test\u00f3w terenowych, stanowi sprawdzony fundament naszej serii pras zwijaj\u0105cych, gwarantuj\u0105c sp\u00f3jne rezultaty sezon po sezonie.<\/p>\n<p>&nbsp;<\/p>\n<h2><strong>Parametry produktu<\/strong><\/h2>\n<div style=\"overflow-x: auto;\">\n<table style=\"max-width: 100%; overflow-x: auto;\" border=\"1\">\n<thead>\n<tr>\n<th style=\"width: 26.5625px;\">NIE.<\/th>\n<th style=\"width: 244.562px;\">Przedmiot<\/th>\n<th style=\"width: 65.3906px;\">Jednostka<\/th>\n<th style=\"width: 259.484px;\">Specyfikacja<\/th>\n<\/tr>\n<\/thead>\n<tbody>\n<tr>\n<td style=\"width: 26.5625px;\">1<\/td>\n<td style=\"width: 244.562px;\">Nazwa modelu<\/td>\n<td style=\"width: 65.3906px;\">\/<\/td>\n<td style=\"width: 259.484px;\">Prasa zwijaj\u0105ca 9YG-2.24D (S9000 Classic)<\/td>\n<\/tr>\n<tr>\n<td style=\"width: 26.5625px;\">2<\/td>\n<td style=\"width: 244.562px;\">Typ zaczepu<\/td>\n<td style=\"width: 65.3906px;\">\/<\/td>\n<td style=\"width: 259.484px;\">Typ Pull<\/td>\n<\/tr>\n<tr>\n<td style=\"width: 26.5625px;\">3<\/td>\n<td style=\"width: 244.562px;\">Szeroko\u015b\u0107 odbioru<\/td>\n<td style=\"width: 65.3906px;\">mm<\/td>\n<td style=\"width: 259.484px;\">2240<\/td>\n<\/tr>\n<tr>\n<td style=\"width: 26.5625px;\">4<\/td>\n<td style=\"width: 244.562px;\">Typ konstrukcji pickupa<\/td>\n<td style=\"width: 65.3906px;\">\/<\/td>\n<td style=\"width: 259.484px;\">Typ z\u0119ba spr\u0119\u017cynowego<\/td>\n<\/tr>\n<tr>\n<td style=\"width: 26.5625px;\">5<\/td>\n<td style=\"width: 244.562px;\">Typ mechanizmu podaj\u0105cego<\/td>\n<td style=\"width: 65.3906px;\">\/<\/td>\n<td style=\"width: 259.484px;\">Wa\u0142ek grzebieniowy + typ wa\u0142ka<\/td>\n<\/tr>\n<tr>\n<td style=\"width: 26.5625px;\">6<\/td>\n<td style=\"width: 244.562px;\">Mechanizm belowania komory kompresyjnej<\/td>\n<td style=\"width: 65.3906px;\">\/<\/td>\n<td style=\"width: 259.484px;\">Typ rolki<\/td>\n<\/tr>\n<tr>\n<td style=\"width: 26.5625px;\">7<\/td>\n<td style=\"width: 244.562px;\">Szeroko\u015b\u0107 komory spr\u0119\u017cania<\/td>\n<td style=\"width: 65.3906px;\">mm<\/td>\n<td style=\"width: 259.484px;\">1400<\/td>\n<\/tr>\n<tr>\n<td style=\"width: 26.5625px;\">8<\/td>\n<td style=\"width: 244.562px;\">\u015arednica komory spr\u0119\u017cania<\/td>\n<td style=\"width: 65.3906px;\">mm<\/td>\n<td style=\"width: 259.484px;\">\u03a61200<\/td>\n<\/tr>\n<tr>\n<td style=\"width: 26.5625px;\">9<\/td>\n<td style=\"width: 244.562px;\">Liczba element\u00f3w zag\u0119szczaj\u0105cych<\/td>\n<td style=\"width: 65.3906px;\">szt.<\/td>\n<td style=\"width: 259.484px;\">18 (Rolki)<\/td>\n<\/tr>\n<tr>\n<td style=\"width: 26.5625px;\">10<\/td>\n<td style=\"width: 244.562px;\">\u015arednica walca zag\u0119szczaj\u0105cego<\/td>\n<td style=\"width: 65.3906px;\">mm<\/td>\n<td style=\"width: 259.484px;\">\u03a6222<\/td>\n<\/tr>\n<tr>\n<td style=\"width: 26.5625px;\">11<\/td>\n<td style=\"width: 244.562px;\">Metoda belowania<\/td>\n<td style=\"width: 65.3906px;\">\/<\/td>\n<td style=\"width: 259.484px;\">Siatka do owijania<\/td>\n<\/tr>\n<tr>\n<td style=\"width: 26.5625px;\">12<\/td>\n<td style=\"width: 244.562px;\">Wymagana moc<\/td>\n<td style=\"width: 65.3906px;\">kW<\/td>\n<td style=\"width: 259.484px;\">55\u2013100<\/td>\n<\/tr>\n<tr>\n<td style=\"width: 26.5625px;\">13<\/td>\n<td style=\"width: 244.562px;\">Waga maszyny<\/td>\n<td style=\"width: 65.3906px;\">kg<\/td>\n<td style=\"width: 259.484px;\">4312<\/td>\n<\/tr>\n<tr>\n<td style=\"width: 26.5625px;\">14<\/td>\n<td style=\"width: 244.562px;\">Pr\u0119dko\u015b\u0107 wa\u0142u odbioru mocy<\/td>\n<td style=\"width: 65.3906px;\">obr.\/min<\/td>\n<td style=\"width: 259.484px;\">720<\/td>\n<\/tr>\n<tr>\n<td style=\"width: 26.5625px;\">15<\/td>\n<td style=\"width: 244.562px;\">Wymiary ca\u0142kowite (d\u0142. \u00d7 szer. \u00d7 wys.)<\/td>\n<td style=\"width: 65.3906px;\">mm<\/td>\n<td style=\"width: 259.484px;\">4470 \u00d7 3010 \u00d7 2370 (w trakcie dzia\u0142ania)<\/td>\n<\/tr>\n<tr>\n<td style=\"width: 26.5625px;\">16<\/td>\n<td style=\"width: 244.562px;\">Kontrola g\u0119sto\u015bci beli<\/td>\n<td style=\"width: 65.3906px;\">\/<\/td>\n<td style=\"width: 259.484px;\">Sterowane czujnikiem<\/td>\n<\/tr>\n<tr>\n<td style=\"width: 26.5625px;\">17<\/td>\n<td style=\"width: 244.562px;\">Rozmiar beli (\u015brednica \u00d7 szeroko\u015b\u0107)<\/td>\n<td style=\"width: 65.3906px;\">mm<\/td>\n<td style=\"width: 259.484px;\">\u03a61300 \u00d7 1400<\/td>\n<\/tr>\n<tr>\n<td style=\"width: 26.5625px;\">18<\/td>\n<td style=\"width: 244.562px;\">G\u0119sto\u015b\u0107 beli<\/td>\n<td style=\"width: 65.3906px;\">kg\/m\u00b3<\/td>\n<td style=\"width: 259.484px;\">100\u2013200<\/td>\n<\/tr>\n<tr>\n<td style=\"width: 26.5625px;\">19<\/td>\n<td style=\"width: 244.562px;\">Tempo produkcji<\/td>\n<td style=\"width: 65.3906px;\">bele\/godzin\u0119<\/td>\n<td style=\"width: 259.484px;\">40\u2013100<\/td>\n<\/tr>\n<tr>\n<td style=\"width: 26.5625px;\">20<\/td>\n<td style=\"width: 244.562px;\">Rozstaw osi<\/td>\n<td style=\"width: 65.3906px;\">mm<\/td>\n<td style=\"width: 259.484px;\">2600<\/td>\n<\/tr>\n<tr>\n<td style=\"width: 26.5625px;\">21<\/td>\n<td style=\"width: 244.562px;\">Pr\u0119dko\u015b\u0107 robocza<\/td>\n<td style=\"width: 65.3906px;\">km\/h<\/td>\n<td style=\"width: 259.484px;\">5\u201335<\/td>\n<\/tr>\n<tr>\n<td style=\"width: 26.5625px;\">22<\/td>\n<td style=\"width: 244.562px;\">Rozmiar siatki (d\u0142ugo\u015b\u0107 \u00d7 szeroko\u015b\u0107)<\/td>\n<td style=\"width: 65.3906px;\">\/<\/td>\n<td style=\"width: 259.484px;\">2000 \u00d7 1,4 m na bel\u0119<\/td>\n<\/tr>\n<\/tbody>\n<\/table>\n<\/div>\n<p><img loading=\"lazy\" decoding=\"async\" class=\"aligncenter wp-image-290 size-full\" src=\"https:\/\/agricultural-baler.com\/wp-content\/uploads\/2025\/11\/0-9YG-2.24D-baler-classic-2.webp\" alt=\"Prasa 9YG-2.24D klasyczna 2\" width=\"945\" height=\"714\" srcset=\"https:\/\/agricultural-baler.com\/wp-content\/uploads\/2025\/11\/0-9YG-2.24D-baler-classic-2.webp 945w, https:\/\/agricultural-baler.com\/wp-content\/uploads\/2025\/11\/0-9YG-2.24D-baler-classic-2-480x363.webp 480w\" sizes=\"auto, (min-width: 0px) and (max-width: 480px) 480px, (min-width: 481px) 945px, 100vw\" \/><\/p>\n<h2><strong data-spm-anchor-id=\"5176.28103460.0.i745.bc984fa5rlZb1k\">Kluczowe innowacje i rozwi\u0105zania techniczne<\/strong><strong data-spm-anchor-id=\"5176.28103460.0.i745.bc984fa5rlZb1k\"> Zalety<\/strong><\/h2>\n<h3>1.\u00a0<strong>Zaawansowany uk\u0142ad nap\u0119dowy i dyszla<\/strong><\/h3>\n<p>Prasa posiada: <strong>samodzielnie opracowany wa\u0142 nap\u0119dowy z podw\u00f3jnym przegubem uniwersalnym (podw\u00f3jnym przegubem krzy\u017cowym)<\/strong>, w po\u0142\u0105czeniu ze zintegrowanym <strong>wa\u0142 ograniczaj\u0105cy moment obrotowy bezpiecze\u0144stwa<\/strong>Ta konstrukcja znacznie zmniejsza obci\u0105\u017cenie podzespo\u0142\u00f3w przek\u0142adni podczas ostrych zakr\u0119t\u00f3w \u2013 co jest szczeg\u00f3lnie istotne na ma\u0142ych lub nier\u00f3wnych polach. Zapobiegaj\u0105c blokowaniu si\u0119 uk\u0142adu nap\u0119dowego i przeci\u0105\u017ceniom skr\u0119tnym, wyd\u0142u\u017ca \u017cywotno\u015b\u0107 maszyny i zapewnia p\u0142ynn\u0105 prac\u0119 w trudnym terenie.<\/p>\n<h3>2.\u00a0<strong>Ulepszony uk\u0142ad hydrauliczny zapewniaj\u0105cy szybsz\u0105 i p\u0142ynniejsz\u0105 prac\u0119<\/strong><\/h3>\n<p>Wyposa\u017cony w <strong>Z\u0142\u0105czki hydrauliczne typu H z kielichem (z zagryzieniem)<\/strong>system wytrzymuje wy\u017csze ci\u015bnienia robocze, umo\u017cliwiaj\u0105c <strong>szybsze cykle otwierania i zamykania komory belowania<\/strong>. Dedykowany <strong>cylinder buforowy<\/strong> jest montowany w tylnej komorze w celu poch\u0142aniania uderze\u0144 podczas zamykania, co skutecznie minimalizuje zu\u017cycie element\u00f3w konstrukcyjnych wywo\u0142ane wibracjami i wyd\u0142u\u017ca \u017cywotno\u015b\u0107.<\/p>\n<h3>3.\u00a0<strong>Wytrzyma\u0142a skrzynia bieg\u00f3w i nap\u0119d z podw\u00f3jn\u0105 komor\u0105 z\u0119bat\u0105<\/strong><\/h3>\n<p>Wzmocniony <strong>skrzynia bieg\u00f3w o du\u017cej wytrzyma\u0142o\u015bci<\/strong> zapewnia zwi\u0119kszony moment obrotowy przek\u0142adni, gwarantuj\u0105c sp\u00f3jn\u0105 dostaw\u0119 mocy nawet przy du\u017cym obci\u0105\u017ceniu upraw. W po\u0142\u0105czeniu z <strong>nap\u0119d \u0142a\u0144cuchowy dwustronny<\/strong> w przypadku komory spr\u0119\u017cania taka konfiguracja zapewnia zr\u00f3wnowa\u017cony rozk\u0142ad si\u0142, co skutkuje <strong>p\u0142ynniejsze formowanie bel, mniejsze obci\u0105\u017cenie mechaniczne i wy\u017csza wydajno\u015b\u0107 operacyjna<\/strong>\u2014nawet podczas d\u0142ugotrwa\u0142ego, codziennego u\u017cytkowania.<\/p>\n<p><img loading=\"lazy\" decoding=\"async\" class=\"aligncenter wp-image-291 size-full\" src=\"https:\/\/agricultural-baler.com\/wp-content\/uploads\/2025\/11\/0-baler-working.webp\" alt=\"prasa pracuj\u0105ca\" width=\"737\" height=\"712\" srcset=\"https:\/\/agricultural-baler.com\/wp-content\/uploads\/2025\/11\/0-baler-working.webp 737w, https:\/\/agricultural-baler.com\/wp-content\/uploads\/2025\/11\/0-baler-working-480x464.webp 480w\" sizes=\"auto, (min-width: 0px) and (max-width: 480px) 480px, (min-width: 481px) 737px, 100vw\" \/><\/p>\n<h2 data-spm-anchor-id=\"5176.28103460.0.i750.bc984fa5rlZb1k\"><strong>Zastosowania i korzy\u015bci<\/strong><\/h2>\n<h3><strong>Idealne warunki pracy<\/strong><\/h3>\n<p>Ten <strong>9YG-2.24D S9000 Klasyczny<\/strong> jest wszechstronny <a href=\"https:\/\/agricultural-baler.com\/pl\/\"><strong>prasa rolnicza<\/strong><\/a> Zaprojektowany z my\u015bl\u0105 o zr\u00f3\u017cnicowanych warunkach rolniczych \u2013 od wielkoobszarowych region\u00f3w uprawy zb\u00f3\u017c po pastwiska przeznaczone do hodowli zwierz\u0105t. Wyr\u00f3\u017cnia si\u0119:<\/p>\n<ul>\n<li><strong>Suche lub p\u00f3\u0142suche pola siana<\/strong>\u00a0(lucerna, koniczyna, trawa) jako niezawodny\u00a0<strong>prasa do siana<\/strong><\/li>\n<li><strong>Zbi\u00f3r s\u0142omy po zbiorach<\/strong>\u00a0po zbiorach pszenicy, ry\u017cu lub kukurydzy \u2014 idealne dla\u00a0<strong>belowanie s\u0142omy<\/strong>\u00a0operacje<\/li>\n<li><strong>Odzysk biomasy<\/strong>\u00a0z resztek po\u017cniwnych, takich jak trzcina, \u0142odygi sorgo lub rzepak<\/li>\n<li><strong>Dzia\u0142ki ma\u0142e i \u015brednie<\/strong>\u00a0z cz\u0119stymi zakr\u0119tami, dzi\u0119ki zoptymalizowanemu uk\u0142adowi nap\u0119dowemu i kompaktowemu promieniowi skr\u0119tu<\/li>\n<\/ul>\n<p>Niezale\u017cnie od tego, czy na p\u0142askich r\u00f3wninach, czy na \u0142agodnie pag\u00f3rkowatym terenie, <strong>prasa okr\u0105g\u0142a<\/strong> zapewnia sp\u00f3jn\u0105 wydajno\u015b\u0107 w rzeczywistych warunkach terenowych.<\/p>\n<h3><strong>Korzy\u015bci ekonomiczne<\/strong><\/h3>\n<ul>\n<li>\u23f1\ufe0f\u00a0<strong>Zwi\u0119ksza produktywno\u015b\u0107<\/strong>:O pr\u0119dko\u015bci roboczej 5\u201335 km\/h i mocy\u00a0<strong>40\u2013100 bel\/godzin\u0119<\/strong>, ten\u00a0<strong>prasa okr\u0105g\u0142a<\/strong>\u00a0znacznie skraca czas pracy w terenie w por\u00f3wnaniu do sprz\u0119tu r\u0119cznego lub przestarza\u0142ego.<\/li>\n<li>?\u00a0<strong>Obni\u017ca koszty operacyjne<\/strong>:Solidna konstrukcja minimalizuje awarie; \u0142atwa konserwacja pozwala obni\u017cy\u0107 koszty robocizny i cz\u0119\u015bci zamiennych nawet o 30%.<\/li>\n<li>?\u00a0<strong>Poprawia jako\u015b\u0107 beli<\/strong>: Jednolity, o du\u017cej g\u0119sto\u015bci\u00a0<strong>bele siana<\/strong>\u00a0(100\u2013200 kg\/m\u00b3) pozwalaj\u0105 uzyska\u0107 lepsze ceny na rynkach pasz i ograniczaj\u0105 straty w transporcie i magazynowaniu.<\/li>\n<li>?\u00a0<strong>Kompatybilny ze \u015brednimi ci\u0105gnikami<\/strong>\u00a0(55\u2013100 kW), dzi\u0119ki czemu jest on dost\u0119pny dla gospodarstw dbaj\u0105cych o koszty, bez po\u015bwi\u0119cania wydajno\u015bci.<\/li>\n<\/ul>\n<h3><strong>Korzy\u015bci spo\u0142eczne i \u015brodowiskowe<\/strong><\/h3>\n<ul>\n<li>\u267b\ufe0f\u00a0<strong>Promuje zr\u00f3wnowa\u017cone rolnictwo<\/strong>: Wydajny\u00a0<strong>belowanie s\u0142omy<\/strong>\u00a0umo\u017cliwia recykling resztek po\u017cniwnych, co ogranicza spalanie na otwartych polach i obni\u017ca zanieczyszczenie powietrza.<\/li>\n<li>?\u200d?\u00a0<strong>Zmniejsza zale\u017cno\u015b\u0107 od si\u0142y roboczej<\/strong>:Automatyzuje zadanie, kt\u00f3re tradycyjnie wymaga\u0142o du\u017cego nak\u0142adu pracy, zmniejszaj\u0105c presj\u0119 na niedobory si\u0142y roboczej na obszarach wiejskich.<\/li>\n<li>?\u00a0<strong>Wspiera rolnictwo o obiegu zamkni\u0119tym<\/strong>:S\u0142oma w belach staje si\u0119 cenn\u0105 \u015bci\u00f3\u0142k\u0105, surowcem do produkcji biopaliw lub nawozem organicznym, zamykaj\u0105c tym samym obieg zasob\u00f3w.<\/li>\n<\/ul>\n<p><img loading=\"lazy\" decoding=\"async\" class=\"aligncenter wp-image-282 size-large\" src=\"https:\/\/agricultural-baler.com\/wp-content\/uploads\/2025\/11\/0-agricultural-baler-banner3-1024x317.webp\" alt=\"baner na pras\u0119 rolnicz\u0105\" width=\"1024\" height=\"317\" srcset=\"https:\/\/agricultural-baler.com\/wp-content\/uploads\/2025\/11\/0-agricultural-baler-banner3-980x303.webp 980w, https:\/\/agricultural-baler.com\/wp-content\/uploads\/2025\/11\/0-agricultural-baler-banner3-480x149.webp 480w\" sizes=\"auto, (min-width: 0px) and (max-width: 480px) 480px, (min-width: 481px) and (max-width: 980px) 980px, (min-width: 981px) 1024px, 100vw\" \/><\/p>\n<h2>?\u00a0<strong>Prawdziwe historie, prawdziwe rezultaty: Rolnicy ufaj\u0105 prasie zwijaj\u0105cej S9000 Classic<\/strong><\/h2>\n<hr \/>\n<h4>1.\u00a0<strong>Stany Zjednoczone \u2013 producent siana na \u015arodkowym Zachodzie<\/strong><\/h4>\n<ul>\n<li><strong>Klient<\/strong>:Daniel Miller, w\u0142a\u015bciciel Miller Hay Farms<\/li>\n<li><strong>Lokalizacja<\/strong>:Nebraska, USA<\/li>\n<li><strong>Data zakupu<\/strong>: Kwiecie\u0144 2024<\/li>\n<li><strong>Zakupione jednostki<\/strong>: 3 jednostki<\/li>\n<li><strong>Aplikacja<\/strong>:Prasowanie siana z lucerny i trawy na pasz\u0119 dla byd\u0142a mlecznego<\/li>\n<li><strong>Za\u015bwiadczenie<\/strong>:<br \/>\n<blockquote><p>\u201ePotrzebowali\u015bmy niezawodnej prasy do siana poni\u017cej $30K, kt\u00f3ra dotrzyma\u0142aby kroku naszemu ci\u0105gnikowi o mocy 90 KM. Model S9000 Classic spe\u0142ni\u0142 nasze oczekiwania \u2014 ponad 100 bel dziennie bez \u017cadnych zaci\u0119\u0107 podczas deszczowych wiosennych zbior\u00f3w. Siatka jest szczelna, a podbieracz radzi sobie z zalegaj\u0105cym sianem lepiej ni\u017c nasz stary John Deere. W tej cenie jest bezkonkurencyjna\u201d.<\/p><\/blockquote>\n<\/li>\n<\/ul>\n<hr \/>\n<h4>2.\u00a0<strong>Ukraina \u2013 Sp\u00f3\u0142dzielnia Zbo\u017cowo-Hodowlana<\/strong><\/h4>\n<ul>\n<li><strong>Klient<\/strong>: AgroSoyuz Tovarystvo (sp\u00f3\u0142dzielnia AgroSojuz)<\/li>\n<li><strong>Lokalizacja<\/strong>:Obw\u00f3d po\u0142tawski, Ukraina<\/li>\n<li><strong>Data zakupu<\/strong>Lipiec 2024<\/li>\n<li><strong>Zakupione jednostki<\/strong>: 5 jednostek<\/li>\n<li><strong>Aplikacja<\/strong>:Prasowanie s\u0142omy pszennej na \u015bci\u00f3\u0142k\u0119 dla byd\u0142a i eksport<\/li>\n<li><strong>Za\u015bwiadczenie<\/strong>:<br \/>\n<blockquote><p>\u201ePo wprowadzeniu sankcji ograniczaj\u0105cych dost\u0119pno\u015b\u0107 cz\u0119\u015bci zamiennych do maszyn europejskich, przeszli\u015bmy na t\u0119 chi\u0144sk\u0105 pras\u0119 zwijaj\u0105c\u0105. Pracuje ona 12 godzin dziennie z ci\u0105gnikami o mocy 85 KM. Dwustronny nap\u0119d \u0142a\u0144cuchowy zapobiega po\u015blizgowi pasa \u2013 powa\u017cnemu problemowi w naszych starszych modelach. Zam\u00f3wili\u015bmy ju\u017c trzeci\u0105 maszyn\u0119.\u201d<\/p><\/blockquote>\n<p><img loading=\"lazy\" decoding=\"async\" class=\"alignnone size-medium wp-image-222\" src=\"https:\/\/agricultural-baler.com\/wp-content\/uploads\/2025\/11\/0-9YG-2.24D-baler-3-300x200.webp\" alt=\"Prasa 9YG-2.24D\" width=\"300\" height=\"200\" \/><\/li>\n<\/ul>\n<hr \/>\n<h4>3.\u00a0<strong>Mongolia \u2013 Gospodarstwo pasterskie na stepie<\/strong><\/h4>\n<ul>\n<li><strong>Klient<\/strong>: Batbayar Enkhbold, mened\u017cer Gobi Agro LLC<\/li>\n<li><strong>Lokalizacja<\/strong>: Prowincja \u00d6v\u00f6rkhangai, Mongolia<\/li>\n<li><strong>Data zakupu<\/strong>:Wrzesie\u0144 2024<\/li>\n<li><strong>Zakupione jednostki<\/strong>: 1 jednostka<\/li>\n<li><strong>Aplikacja<\/strong>:Naturalne belowanie siana \u0142\u0105kowego na pasz\u0119 dla zwierz\u0105t gospodarskich na zim\u0119<\/li>\n<li><strong>Za\u015bwiadczenie<\/strong>:<br \/>\n<blockquote><p>\u201eNasze pastwiska s\u0105 kamieniste i nier\u00f3wne, ale ta prasa rolnicza radzi sobie z nimi doskonale. Prze\u015bwit jest regulowany, a wa\u0142ek bezpiecze\u0144stwa dwukrotnie nas uratowa\u0142, gdy natkn\u0119li\u015bmy si\u0119 na ukryte kamienie. Dostawa z Chin zaj\u0119\u0142a tylko 22 dni \u2013 szybciej ni\u017c lokalni dealerzy!\u201d<\/p><\/blockquote>\n<\/li>\n<\/ul>\n<hr \/>\n<h4>4.\u00a0<strong>Argentyna \u2013 Wykonawca resztek soi<\/strong><\/h4>\n<ul>\n<li><strong>Klient<\/strong>: CampoLimpio Servicios Agr\u00edcolas<\/li>\n<li><strong>Lokalizacja<\/strong>: C\u00f3rdoba, Argentyna<\/li>\n<li><strong>Data zakupu<\/strong>:Luty 2025<\/li>\n<li><strong>Zakupione jednostki<\/strong>: 3 jednostki<\/li>\n<li><strong>Aplikacja<\/strong>:Prasowanie \u0142odyg soi i kukurydzy do elektrowni na biomas\u0119<\/li>\n<li><strong>Za\u015bwiadczenie<\/strong>:<br \/>\n<blockquote><p>\u201ePrzetestowali\u015bmy pi\u0119\u0107 pras pod k\u0105tem resztek o wysokiej wilgotno\u015bci. Tylko S9000 Classic nie zapycha\u0142a si\u0119. Po\u0142\u0105czenie spr\u0119\u017cynowego podbieracza i wa\u0142ka zapobiegaj\u0105cego owijaniu dzia\u0142a jak za dotkni\u0119ciem czarodziejskiej r\u00f3\u017cd\u017cki. Zwrot z inwestycji w ci\u0105gu 6 miesi\u0119cy \u2013 teraz wymieniamy ca\u0142\u0105 nasz\u0105 flot\u0119\u201d.<\/p><\/blockquote>\n<\/li>\n<\/ul>\n<hr \/>\n<h4>5.\u00a0<strong>Wietnam \u2013 Inicjatywa na rzecz recyklingu s\u0142omy ry\u017cowej<\/strong><\/h4>\n<ul>\n<li><strong>Klient<\/strong>:Mekong Green Energy Co., Ltd<\/li>\n<li><strong>Lokalizacja<\/strong>:Prowincja An Giang, Wietnam<\/li>\n<li><strong>Data zakupu<\/strong>: Listopad 2024<\/li>\n<li><strong>Zakupione jednostki<\/strong>:8 jednostek (na program sp\u00f3\u0142dzielczo\u015bci rolniczej)<\/li>\n<li><strong>Aplikacja<\/strong>:Zbi\u00f3rka s\u0142omy ry\u017cowej w celu zaopatrzenia fabryk peletu<\/li>\n<li><strong>Za\u015bwiadczenie<\/strong>:<br \/>\n<blockquote>\n<p data-spm-anchor-id=\"5176.28103460.0.i754.bc984fa5rlZb1k\">\u201eRz\u0105d zakaza\u0142 wypalania p\u00f3l, wi\u0119c potrzebowali\u015bmy szybko niedrogich pras do s\u0142omy. Ta prasa zwijaj\u0105ca wsp\u00f3\u0142pracuje z popularnymi tu traktorami o mocy 75 KM. Prosta obs\u0142uga \u2014 rolnicy opanowali j\u0105 ju\u017c po jednej demonstracji. Konserwacja jest \u0142atwa, a cz\u0119\u015bci docieraj\u0105 z Kantonu w ci\u0105gu 3 dni.\u201d<\/p>\n<\/blockquote>\n<p data-spm-anchor-id=\"5176.28103460.0.i754.bc984fa5rlZb1k\">\n<\/li>\n<\/ul>\n<h2><strong>Cz\u0119sto zadawane pytania<\/strong><\/h2>\n<p><em><strong>P: Do zbioru jakich upraw nadaje si\u0119 ta prasa?<\/strong><\/em><\/p>\n<p>A: Model 9YG-2.24D S9000 Classic nadaje si\u0119 do zbioru r\u00f3\u017cnych upraw, w tym siana (lucerna, koniczyna), s\u0142omy (pszenica, ry\u017c) oraz materia\u0142\u00f3w biomasowych, takich jak \u0142odygi sorgo.<\/p>\n<p><em><strong>P: Jaka moc ci\u0105gnika jest wymagana?<\/strong><\/em><\/p>\n<p>A: Ta prasa zwijaj\u0105ca dzia\u0142a wydajnie z ci\u0105gnikami o mocy od 55 do 100 kW (od 75 do 135 KM).<\/p>\n<p><em><strong>P: Jaka jest wydajno\u015b\u0107 w warunkach mokrej s\u0142omy?<\/strong><\/em><\/p>\n<p>A: W warunkach du\u017cej wilgotno\u015bci wydajno\u015b\u0107 mo\u017ce si\u0119 zmienia\u0107, ale zwykle wynosi od 40 do 60 bel na godzin\u0119 ze wzgl\u0119du na wolniejsz\u0105 pr\u0119dko\u015b\u0107 przetwarzania.<\/p>\n<p><em><strong>P: Jakie ulepszenia wprowadzono w por\u00f3wnaniu ze starszym modelem S8000?<\/strong><\/em><\/p>\n<p>A: W por\u00f3wnaniu do modelu S8000, model S9000 Classic charakteryzuje si\u0119 zwi\u0119kszon\u0105 trwa\u0142o\u015bci\u0105 uk\u0142adu nap\u0119dowego, udoskonalonymi systemami hydraulicznymi i wi\u0119kszym momentem obrotowym przek\u0142adni, co zapewnia lepsz\u0105 wydajno\u015b\u0107 w trudnym terenie.<\/p>\n<p>&nbsp;<\/p>","protected":false},"excerpt":{"rendered":"<p>Ta rolnicza prasa zwijaj\u0105ca to niezawodna, ci\u0105gniona prasa rolnicza przeznaczona do belowania siana, s\u0142omy i biomasy. Dzi\u0119ki szeroko\u015bci podbieracza 2,24 m i sterowanemu czujnikiem zgniotowi, produkuje ona r\u00f3wnomierne bele o szeroko\u015bci 1,3 m, owini\u0119te siatk\u0105, z pr\u0119dko\u015bci\u0105 40\u2013100 bel na godzin\u0119.<\/p>","protected":false},"featured_media":288,"template":"","meta":{"_et_pb_use_builder":"","_et_pb_old_content":"","_et_gb_content_width":""},"product_brand":[],"product_cat":[23],"product_tag":[18,19,27],"class_list":{"0":"post-287","1":"product","2":"type-product","3":"status-publish","4":"has-post-thumbnail","6":"product_cat-round-baler","7":"product_tag-agricultural-round-baler","8":"product_tag-round-baler","9":"product_tag-s9000-round-baler","11":"first","12":"instock","13":"shipping-taxable","14":"product-type-simple"},"_links":{"self":[{"href":"https:\/\/agricultural-baler.com\/pl\/wp-json\/wp\/v2\/product\/287","targetHints":{"allow":["GET"]}}],"collection":[{"href":"https:\/\/agricultural-baler.com\/pl\/wp-json\/wp\/v2\/product"}],"about":[{"href":"https:\/\/agricultural-baler.com\/pl\/wp-json\/wp\/v2\/types\/product"}],"wp:featuredmedia":[{"embeddable":true,"href":"https:\/\/agricultural-baler.com\/pl\/wp-json\/wp\/v2\/media\/288"}],"wp:attachment":[{"href":"https:\/\/agricultural-baler.com\/pl\/wp-json\/wp\/v2\/media?parent=287"}],"wp:term":[{"taxonomy":"product_brand","embeddable":true,"href":"https:\/\/agricultural-baler.com\/pl\/wp-json\/wp\/v2\/product_brand?post=287"},{"taxonomy":"product_cat","embeddable":true,"href":"https:\/\/agricultural-baler.com\/pl\/wp-json\/wp\/v2\/product_cat?post=287"},{"taxonomy":"product_tag","embeddable":true,"href":"https:\/\/agricultural-baler.com\/pl\/wp-json\/wp\/v2\/product_tag?post=287"}],"curies":[{"name":"wp","href":"https:\/\/api.w.org\/{rel}","templated":true}]}}