{"id":218,"date":"2025-11-18T08:42:09","date_gmt":"2025-11-18T08:42:09","guid":{"rendered":"https:\/\/agricultural-baler.com\/?post_type=product&#038;p=218"},"modified":"2025-11-20T03:34:47","modified_gmt":"2025-11-20T03:34:47","slug":"agricultural-round-baler-9yg-2-24d-s9000-beyond-version","status":"publish","type":"product","link":"https:\/\/agricultural-baler.com\/pl\/produkt\/prasa-zwijajaca-rolnicza-9yg-2-24d-s9000-beyond-version\/","title":{"rendered":"Prasa rolnicza zwijaj\u0105ca \u2013 9YG-2.24D S9000 Beyond Version"},"content":{"rendered":"<h2><strong>Najwa\u017cniejsze cechy produktu<\/strong><\/h2>\n<ol>\n<li><strong>Szybkoz\u0142\u0105cze<\/strong>:Podczas pod\u0142\u0105czania prasy do ci\u0105gnika, poziomy zaczep mo\u017ce obraca\u0107 si\u0119 elastycznie w g\u00f3r\u0119 i w d\u00f3\u0142, umo\u017cliwiaj\u0105c p\u0142ynne zaz\u0119bienie si\u0119 sworznia zaczepowego ci\u0105gnika z punktem sprz\u0119gu.<\/li>\n<li><strong>Zmniejszony promie\u0144 skr\u0119tu<\/strong>Podw\u00f3jna przek\u0142adnia umo\u017cliwia obr\u00f3t o 90 stopni w lewo i w prawo, co znacznie poprawia zwrotno\u015b\u0107 podczas zawracania w polu i zmiany kierunku podczas holowania prasy. Nie ma potrzeby wy\u0142\u0105czania nap\u0119du podczas zawracania, co zwi\u0119ksza wygod\u0119 obs\u0142ugi i zmniejsza zm\u0119czenie operatora. Dodatkowo, przeniesienie nap\u0119du przez przek\u0142adni\u0119 zwi\u0119ksza og\u00f3ln\u0105 wydajno\u015b\u0107.<\/li>\n<li><strong>Wysoka stabilno\u015b\u0107 i trwa\u0142o\u015b\u0107<\/strong>:Podw\u00f3jna skrzynia bieg\u00f3w jest sztywno po\u0142\u0105czona z ram\u0105 dyszla, zapewniaj\u0105c doskona\u0142\u0105 stabilno\u015b\u0107 konstrukcyjn\u0105. Taka konstrukcja zapobiega uszkodzeniom dyszla lub wa\u0142u nap\u0119dowego spowodowanym napr\u0119\u017ceniami skr\u0119tnymi podczas jazdy po nier\u00f3wnym terenie.<\/li>\n<\/ol>\n<h3><strong data-spm-anchor-id=\"5176.28103460.0.i562.bc984fa5rlZb1k\">Dane techniczne<\/strong><\/h3>\n<div style=\"overflow-x: auto;\">\n<table style=\"max-width: 100%; overflow-x: auto;\" border=\"1\">\n<thead>\n<tr>\n<th>NIE.<\/th>\n<th>Przedmiot<\/th>\n<th>Jednostka<\/th>\n<th>Specyfikacja<\/th>\n<\/tr>\n<\/thead>\n<tbody>\n<tr>\n<td>1<\/td>\n<td>Nazwa modelu<\/td>\n<td>\/<\/td>\n<td>Prasa okr\u0105g\u0142a 9YG-2.24D (S9000 Beyond)<\/td>\n<\/tr>\n<tr>\n<td>2<\/td>\n<td>Typ zaczepu<\/td>\n<td>\/<\/td>\n<td>Dyszel ci\u0105gnika (typ ci\u0105gniony)<\/td>\n<\/tr>\n<tr>\n<td>3<\/td>\n<td>Szeroko\u015b\u0107 odbioru<\/td>\n<td>mm<\/td>\n<td>2240<\/td>\n<\/tr>\n<tr>\n<td>4<\/td>\n<td>Typ konstrukcji pickupa<\/td>\n<td>\/<\/td>\n<td>Typ z\u0119ba spr\u0119\u017cynowego<\/td>\n<\/tr>\n<tr>\n<td>5<\/td>\n<td>Typ mechanizmu podaj\u0105cego<\/td>\n<td>\/<\/td>\n<td>Typ grzebienia + wa\u0142ka<\/td>\n<\/tr>\n<tr>\n<td>6<\/td>\n<td>Mechanizm belowania komory kompresyjnej<\/td>\n<td>\/<\/td>\n<td>Typ rolki<\/td>\n<\/tr>\n<tr>\n<td>7<\/td>\n<td>Szeroko\u015b\u0107 komory spr\u0119\u017cania<\/td>\n<td>mm<\/td>\n<td>1400<\/td>\n<\/tr>\n<tr>\n<td>8<\/td>\n<td>\u015arednica komory spr\u0119\u017cania<\/td>\n<td>mm<\/td>\n<td>\u03a61200<\/td>\n<\/tr>\n<tr>\n<td>9<\/td>\n<td>Liczba element\u00f3w zag\u0119szczaj\u0105cych<\/td>\n<td>szt.<\/td>\n<td>18 (Rolki)<\/td>\n<\/tr>\n<tr>\n<td>10<\/td>\n<td>\u015arednica walca zag\u0119szczaj\u0105cego<\/td>\n<td>mm<\/td>\n<td>\u03a6222<\/td>\n<\/tr>\n<tr>\n<td>11<\/td>\n<td>Metoda belowania<\/td>\n<td>\/<\/td>\n<td>Siatka do owijania<\/td>\n<\/tr>\n<tr>\n<td>12<\/td>\n<td>Wymagana moc<\/td>\n<td>kW<\/td>\n<td>55\u2013100<\/td>\n<\/tr>\n<tr>\n<td>13<\/td>\n<td>Waga maszyny<\/td>\n<td>kg<\/td>\n<td>4570<\/td>\n<\/tr>\n<tr>\n<td>14<\/td>\n<td>Pr\u0119dko\u015b\u0107 wa\u0142u odbioru mocy<\/td>\n<td>obr.\/min<\/td>\n<td>720<\/td>\n<\/tr>\n<tr>\n<td>15<\/td>\n<td>Wymiary ca\u0142kowite (d\u0142. \u00d7 szer. \u00d7 wys.)<\/td>\n<td>mm<\/td>\n<td>4600 \u00d7 3010 \u00d7 2370 (w trakcie dzia\u0142ania)<\/td>\n<\/tr>\n<tr>\n<td>16<\/td>\n<td>Kontrola g\u0119sto\u015bci beli<\/td>\n<td>\/<\/td>\n<td>Sterowane czujnikiem<\/td>\n<\/tr>\n<tr>\n<td>17<\/td>\n<td>Rozmiar beli (\u015brednica \u00d7 szeroko\u015b\u0107)<\/td>\n<td>mm<\/td>\n<td>\u03a61300 \u00d7 1400<\/td>\n<\/tr>\n<tr>\n<td>18<\/td>\n<td>G\u0119sto\u015b\u0107 beli<\/td>\n<td>kg\/m\u00b3<\/td>\n<td>100\u2013200<\/td>\n<\/tr>\n<tr>\n<td>19<\/td>\n<td>Tempo produkcji<\/td>\n<td>bele\/godzin\u0119<\/td>\n<td>40\u2013100<\/td>\n<\/tr>\n<tr>\n<td>20<\/td>\n<td>Rozstaw osi<\/td>\n<td>mm<\/td>\n<td>2600<\/td>\n<\/tr>\n<tr>\n<td>21<\/td>\n<td>Pr\u0119dko\u015b\u0107 robocza<\/td>\n<td>km\/h<\/td>\n<td>5\u201335<\/td>\n<\/tr>\n<tr>\n<td>22<\/td>\n<td>Rozmiar siatki (d\u0142ugo\u015b\u0107 \u00d7 szeroko\u015b\u0107)<\/td>\n<td>\/<\/td>\n<td>2000 \u00d7 1,4 m na bel\u0119<\/td>\n<\/tr>\n<\/tbody>\n<\/table>\n<\/div>\n<h2><strong>Kluczowe innowacje<\/strong><\/h2>\n<p><img loading=\"lazy\" decoding=\"async\" class=\"aligncenter wp-image-220 size-full\" src=\"https:\/\/agricultural-baler.com\/wp-content\/uploads\/2025\/11\/0-9YG-2.24D-baler-2.webp\" alt=\"Prasa 9YG-2.24D \" width=\"853\" height=\"718\" srcset=\"https:\/\/agricultural-baler.com\/wp-content\/uploads\/2025\/11\/0-9YG-2.24D-baler-2.webp 853w, https:\/\/agricultural-baler.com\/wp-content\/uploads\/2025\/11\/0-9YG-2.24D-baler-2-480x404.webp 480w\" sizes=\"auto, (min-width: 0px) and (max-width: 480px) 480px, (min-width: 481px) 853px, 100vw\" \/><\/p>\n<h3>Inteligentny system sterowania S9000<\/h3>\n<ul>\n<li>Interfejs cz\u0142owiek-maszyna z ekranem dotykowym: zapewnia intuicyjn\u0105 obs\u0142ug\u0119, wy\u015bwietlaj\u0105c stan pracy w czasie rzeczywistym, liczb\u0119 pakiet\u00f3w i kody b\u0142\u0119d\u00f3w, gwarantuj\u0105c przejrzysto\u015b\u0107 obs\u0142ugi i \u0142atwo\u015b\u0107 konserwacji.<\/li>\n<li>Funkcja automatycznego zapami\u0119tywania i ustawienia g\u0119sto\u015bci: Obs\u0142uguje trzy ustawienia g\u0119sto\u015bci (mi\u0119kka\/\u015brednia\/twarda), aby sprosta\u0107 potrzebom r\u00f3\u017cnych upraw. System posiada funkcj\u0119 automatycznego zapami\u0119tywania, kt\u00f3ra zapami\u0119tuje preferencje u\u017cytkownika, upraszczaj\u0105c obs\u0142ug\u0119.<\/li>\n<\/ul>\n<h3>Ulepszony system odbioru<\/h3>\n<ul>\n<li>Wzmocnione z\u0119by + wa\u0142ek zapobiegaj\u0105cy pl\u0105taniu: specjalnie zaprojektowane z\u0119by i wa\u0142ek zapobiegaj\u0105cy pl\u0105taniu skutecznie radz\u0105 sobie z wyzwaniami zwi\u0105zanymi z wilgotnymi i wysokoplennymi uprawami, zwi\u0119kszaj\u0105c wydajno\u015b\u0107 pracy.<\/li>\n<li>Regulowany prze\u015bwit podwozia: umo\u017cliwia regulacj\u0119 wysoko\u015bci podwozia w zale\u017cno\u015bci od warunk\u00f3w terenowych, dostosowuj\u0105c go do r\u00f3\u017cnych \u015brodowisk pracy, zapewniaj\u0105c ci\u0105g\u0142\u0105 i stabiln\u0105 prac\u0119.<\/li>\n<\/ul>\n<h3>Poza wersj\u0105 Wzmocnienie transmisji<\/h3>\n<ul>\n<li>Udoskonalona podw\u00f3jna skrzynia bieg\u00f3w: wykorzystuje konstrukcj\u0119 obrotow\u0105 o 90\u00b0 i zapewnia ca\u0142kowicie szczelne smarowanie, co poprawia wydajno\u015b\u0107 mechaniczn\u0105 i trwa\u0142o\u015b\u0107.<\/li>\n<li>Wytrzyma\u0142y przegub uniwersalny + \u015bruba \u015bcinaj\u0105ca zabezpieczona przed przeci\u0105\u017ceniem: Wyposa\u017cony w bardziej wytrzyma\u0142y przegub uniwersalny i \u015bruby \u015bcinaj\u0105ce zabezpieczone przed przeci\u0105\u017ceniem, zapobiega uszkodzeniom mechanicznym, zwi\u0119kszaj\u0105c niezawodno\u015b\u0107 i bezpiecze\u0144stwo systemu.<\/li>\n<\/ul>\n<h3>Szybka konserwacja<\/h3>\n<ul>\n<li>Modu\u0142owa maszyna do wi\u0105zania: Modu\u0142owa konstrukcja pozwala na wymian\u0119 ostrza w ci\u0105gu 5 minut, co znacznie skraca przestoje.<\/li>\n<li>Centralne rozmieszczenie cz\u0119\u015bci eksploatacyjnych: Cz\u0119\u015bci eksploatacyjne s\u0105 rozmieszczone centralnie, co zapewnia \u0142atwy dost\u0119p, optymalizuj\u0105c proces konserwacji, zwi\u0119kszaj\u0105c efektywno\u015b\u0107 konserwacji nawet o 40% oraz redukuj\u0105c czas i koszty konserwacji.<\/li>\n<\/ul>\n<h2><strong>Zastosowania: Gdzie prasa zwijaj\u0105ca 9YG-2.24D S9000 Beyond zapewnia wyj\u0105tkow\u0105 wydajno\u015b\u0107<\/strong><\/h2>\n<p><img loading=\"lazy\" decoding=\"async\" class=\"aligncenter wp-image-94 size-full\" src=\"https:\/\/agricultural-baler.com\/wp-content\/uploads\/2025\/11\/0-baler-application.webp\" alt=\"zastosowanie prasy\" width=\"807\" height=\"759\" srcset=\"https:\/\/agricultural-baler.com\/wp-content\/uploads\/2025\/11\/0-baler-application.webp 807w, https:\/\/agricultural-baler.com\/wp-content\/uploads\/2025\/11\/0-baler-application-480x451.webp 480w\" sizes=\"auto, (min-width: 0px) and (max-width: 480px) 480px, (min-width: 481px) 807px, 100vw\" \/><\/p>\n<ol data-spm-anchor-id=\"5176.28103460.0.i575.bc984fa5rlZb1k\">\n<li><strong>Gospodarstwa byd\u0142a mlecznego i mi\u0119snego \u2013 belowanie siana premium<\/strong><br \/>\nIdealny dla <strong>operacje prasy okr\u0105g\u0142ej<\/strong> w du\u017cych zak\u0142adach zajmuj\u0105cych si\u0119 produkcj\u0105 mleka i wo\u0142owiny maszyna ta skutecznie przetwarza lucern\u0119, koniczyn\u0119 i traw\u0119 na materia\u0142 o du\u017cej g\u0119sto\u015bci i odporno\u015bci na warunki atmosferyczne <strong>bele siana<\/strong>\u2014zapewniaj\u0105c sta\u0142\u0105 jako\u015b\u0107 paszy przez ca\u0142y rok.<\/li>\n<li>\n<p data-spm-anchor-id=\"5176.28103460.0.i574.bc984fa5rlZb1k\"><strong>Recykling resztek po\u017cniwnych \u2013 belowanie s\u0142omy po zbiorach<\/strong><br \/>\nPo zbiorach pszenicy, ry\u017cu lub kukurydzy <strong>Prasa zwijaj\u0105ca S9000 Beyond<\/strong> szybko zbiera i zag\u0119szcza resztki s\u0142omy w jednolity materia\u0142 <strong>bele rolnicze<\/strong>, przekszta\u0142caj\u0105c odpady w warto\u015bciow\u0105 biomas\u0119, nadaj\u0105c\u0105 si\u0119 na \u015bci\u00f3\u0142k\u0119, biopaliwo lub poprawiaj\u0105c\u0105 jako\u015b\u0107 gleby.<\/p>\n<\/li>\n<li><strong>Zarz\u0105dzanie uprawami specjalistycznymi \u2013 belowanie wymagaj\u0105cej biomasy<\/strong><br \/>\nOd wierzcho\u0142k\u00f3w trzciny cukrowej i \u0142odyg rzepaku oleistego po trzcin\u0119 i miskant, to <strong>prasa o du\u017cej wytrzyma\u0142o\u015bci<\/strong> z \u0142atwo\u015bci\u0105 radzi sobie z twardymi, wilgotnymi lub spl\u0105tanymi resztkami po\u017cniwnymi, co czyni go doskona\u0142ym wyborem <strong>belowanie biomasy<\/strong> w zastosowaniach energetycznych i przemys\u0142owych.<\/li>\n<li><strong>Firmy zajmuj\u0105ce si\u0119 upraw\u0105 pasz na du\u017c\u0105 skal\u0119 \u2013 wysokowydajne operacje polowe<\/strong><br \/>\nZaprojektowany dla wykonawc\u00f3w zarz\u0105dzaj\u0105cych tysi\u0105cami akr\u00f3w, <strong>9YG-2.24D <a href=\"https:\/\/agricultural-baler.com\/pl\/\">prasa okr\u0105g\u0142a<\/a><\/strong> zapewnia niezr\u00f3wnan\u0105 pr\u0119dko\u015b\u0107 (do 100 bel na godzin\u0119) i niezawodno\u015b\u0107 podczas intensywnej pracy <strong>sezony belowania<\/strong>minimalizuj\u0105c przestoje i maksymalizuj\u0105c zwrot z inwestycji.<\/li>\n<li><strong>Ekologiczne rolnictwo i programy kredyt\u00f3w w\u0119glowych<\/strong><br \/>\nUmo\u017cliwiaj\u0105c efektywne <strong>zbi\u00f3rka bel s\u0142omy<\/strong> zamiast palenia p\u00f3l, to <strong>inteligentna prasa zwijaj\u0105ca<\/strong> wspiera zr\u00f3wnowa\u017cone praktyki rolnicze i pomaga rolnikom kwalifikowa\u0107 si\u0119 do ulg \u015brodowiskowych i program\u00f3w kredyt\u00f3w w\u0119glowych.<\/li>\n<li><strong>Producenci siana zorientowani na eksport \u2013 spe\u0142niaj\u0105cy mi\u0119dzynarodowe standardy<\/strong><br \/>\nZ precyzj\u0105 <strong>kontrola g\u0119sto\u015bci beli<\/strong> i konsystencji siatki, maszyna produkuje foli\u0119 o jako\u015bci eksportowej <strong>okr\u0105g\u0142e bele siana<\/strong> kt\u00f3re spe\u0142niaj\u0105 surowe wymagania jako\u015bciowe na rynkach takich jak Japonia, Korea Po\u0142udniowa i Bliski Wsch\u00f3d.<\/li>\n<\/ol>\n<p>&nbsp;<\/p>\n<h2 data-spm-anchor-id=\"5176.28103460.0.i580.bc984fa5rlZb1k\"><strong>Certyfikaty i zgodno\u015b\u0107<\/strong><\/h2>\n<ul>\n<li><strong>System Zarz\u0105dzania Jako\u015bci\u0105 ISO 9001<\/strong><br \/>\nCertyfikat potwierdzaj\u0105cy sta\u0142\u0105 jako\u015b\u0107 produktu, kontrol\u0119 procesu oraz ci\u0105g\u0142e doskonalenie w zakresie projektowania i produkcji.<\/li>\n<li><strong>Certyfikacja CE (konfiguracja opcjonalna)<\/strong><br \/>\nDost\u0119pne na \u017cyczenie dla modeli przeznaczonych na rynek Europejskiego Obszaru Gospodarczego, zapewniaj\u0105ce zgodno\u015b\u0107 z wymogami bezpiecze\u0144stwa okre\u015blonymi w dyrektywie maszynowej UE 2006\/42\/WE.<\/li>\n<li><strong>Krajowy Certyfikat Oceny Promocji Maszyn Rolniczych<\/strong><br \/>\nPrasa uzyska\u0142a oficjaln\u0105 akceptacj\u0119 chi\u0144skiego Ministerstwa Rolnictwa i Spraw Wsi, co kwalifikuje j\u0105 do w\u0142\u0105czenia do krajowych i wojew\u00f3dzkich program\u00f3w dotacji.<\/li>\n<li>\n<p data-spm-anchor-id=\"5176.28103460.0.i581.bc984fa5rlZb1k\"><strong>Zgodno\u015b\u0107 z krajowymi i mi\u0119dzynarodowymi normami bezpiecze\u0144stwa<\/strong><br \/>\nZaprojektowane i przetestowane tak, aby spe\u0142nia\u0142y chi\u0144skie normy GB, a tak\u017ce najwa\u017cniejsze przepisy rynk\u00f3w eksportowych (w tym EAC Rosji, MNS Mongolii i og\u00f3lne wytyczne bezpiecze\u0144stwa ISO\/EN dla maszyn rolniczych).<\/p>\n<\/li>\n<\/ul>\n<p><img loading=\"lazy\" decoding=\"async\" class=\"aligncenter wp-image-73 size-full\" src=\"https:\/\/agricultural-baler.com\/wp-content\/uploads\/2025\/11\/0-certificates-1.webp\" alt=\"certyfikaty\" width=\"1587\" height=\"607\" srcset=\"https:\/\/agricultural-baler.com\/wp-content\/uploads\/2025\/11\/0-certificates-1.webp 1587w, https:\/\/agricultural-baler.com\/wp-content\/uploads\/2025\/11\/0-certificates-1-1280x490.webp 1280w, https:\/\/agricultural-baler.com\/wp-content\/uploads\/2025\/11\/0-certificates-1-980x375.webp 980w, https:\/\/agricultural-baler.com\/wp-content\/uploads\/2025\/11\/0-certificates-1-480x184.webp 480w\" sizes=\"auto, (min-width: 0px) and (max-width: 480px) 480px, (min-width: 481px) and (max-width: 980px) 980px, (min-width: 981px) and (max-width: 1280px) 1280px, (min-width: 1281px) 1587px, 100vw\" \/><\/p>\n<p>&nbsp;<\/p>\n<h3 data-spm-anchor-id=\"5176.28103460.0.i588.bc984fa5rlZb1k\">\u00a0<strong>Wsparcie posprzeda\u017cowe \u2013 stworzone z my\u015bl\u0105 o globalnej niezawodno\u015bci<\/strong><\/h3>\n<ul>\n<li>\n<p data-spm-anchor-id=\"5176.28103460.0.i587.bc984fa5rlZb1k\"><strong>Globalna dostawa cz\u0119\u015bci zamiennych w ci\u0105gu 48 godzin<\/strong><br \/>\nKrytyczne cz\u0119\u015bci eksploatacyjne (paski, no\u017ce, \u0142o\u017cyska, rolki siatki owijaj\u0105cej itp.) s\u0105 sk\u0142adowane w regionalnych magazynach w Azji, Europie i obu Amerykach, co gwarantuje dostaw\u0119 w ci\u0105gu 48 godzin od potwierdzenia zam\u00f3wienia.<\/p>\n<\/li>\n<li><strong>Wieloj\u0119zyczne zdalne wsparcie techniczne<\/strong><br \/>\nNasi do\u015bwiadczeni in\u017cynierowie oferuj\u0105 pomoc w czasie rzeczywistym przez telefon, poczt\u0119 elektroniczn\u0105 lub za po\u015brednictwem po\u0142\u0105cze\u0144 wideo w j\u0119zyku angielskim, rosyjskim, hiszpa\u0144skim, portugalskim i mongolskim, pomagaj\u0105c Ci szybko rozwi\u0105zywa\u0107 problemy, nawet w terenie.<\/li>\n<li><strong>Kompleksowe zasoby szkoleniowe<\/strong><br \/>\nDost\u0119p na \u017c\u0105danie <strong>filmy instrukta\u017cowe dotycz\u0105ce obs\u0142ugi<\/strong>, interaktywne przewodniki rozwi\u0105zywania problem\u00f3w i pliki do pobrania <strong>cyfrowe instrukcje obs\u0142ugi<\/strong> w dowolnym momencie za po\u015brednictwem naszego portalu klienta lub aplikacji mobilnej.<\/li>\n<li><strong>Opcjonalna rozszerzona gwarancja (1\u20133 lata)<\/strong><br \/>\nWybierz elastyczne plany rozszerzonej ochrony, aby chroni\u0107 swoj\u0105 inwestycj\u0119 d\u0142u\u017cej ni\u017c wynosi standardowy okres gwarancji \u2014 obejmuj\u0105c g\u0142\u00f3wne podzespo\u0142y bez ukrytych op\u0142at.<\/li>\n<\/ul>\n<h2><strong data-spm-anchor-id=\"5176.28103460.0.i592.bc984fa5rlZb1k\">\u00a0Rolnicy na ca\u0142ym \u015bwiecie ufaj\u0105 prasie okr\u0105g\u0142ej S9000 Beyond<\/strong><\/h2>\n<h4 data-spm-anchor-id=\"5176.28103460.0.i594.bc984fa5rlZb1k\">1.\u00a0<strong>Stany Zjednoczone \u2013 producent siana na \u015arodkowym Zachodzie<\/strong><\/h4>\n<ul data-spm-anchor-id=\"5176.28103460.0.i593.bc984fa5rlZb1k\">\n<li><strong>Klient<\/strong>: James R. Thompson, w\u0142a\u015bciciel Thompson Family Farms<\/li>\n<li><strong>Lokalizacja<\/strong>:Iowa, USA<\/li>\n<li><strong>Data zakupu<\/strong>: maj 2024<\/li>\n<li><strong>Zakupione jednostki<\/strong>: 2 jednostki<\/li>\n<li><strong>Aplikacja<\/strong>: Belowanie lucerny i tymotki na pasz\u0119 dla byd\u0142a mlecznego i eksport<\/li>\n<li><strong>Za\u015bwiadczenie<\/strong>:<br \/>\n<blockquote><p>\u201ePrzez lata testowali\u015bmy trzy chi\u0144skie prasy \u2013 ta jest pierwsz\u0105, kt\u00f3ra w pierwszym sezonie wytrzyma\u0142a ponad 1200 bel bez ani jednej awarii. Siatka jest stabilna, a ekran dotykowy u\u0142atwia kontrol\u0119 g\u0119sto\u015bci. W tej cenie przewy\u017csza maszyny dwukrotnie dro\u017csze\u201d.<\/p><\/blockquote>\n<p><img loading=\"lazy\" decoding=\"async\" class=\"aligncenter wp-image-215 size-full\" src=\"https:\/\/agricultural-baler.com\/wp-content\/uploads\/2025\/11\/0-application-baler-1.webp\" alt=\"prasa aplikacyjna\" width=\"600\" height=\"400\" srcset=\"https:\/\/agricultural-baler.com\/wp-content\/uploads\/2025\/11\/0-application-baler-1.webp 600w, https:\/\/agricultural-baler.com\/wp-content\/uploads\/2025\/11\/0-application-baler-1-480x320.webp 480w\" sizes=\"auto, (min-width: 0px) and (max-width: 480px) 480px, (min-width: 481px) 600px, 100vw\" \/><\/li>\n<\/ul>\n<hr \/>\n<h4>2.\u00a0<strong>Brazylia \u2013 Dostawca resztek soi i kukurydzy na du\u017c\u0105 skal\u0119<\/strong><\/h4>\n<ul>\n<li><strong>Klient<\/strong>: AgroM\u00e1q Servi\u00e7os Agr\u00edcolas Ltda.<\/li>\n<li><strong>Lokalizacja<\/strong>: Mato Grosso, Brazylia<\/li>\n<li><strong>Data zakupu<\/strong>: marzec 2024<\/li>\n<li><strong>Zakupione jednostki<\/strong>: 5 jednostek<\/li>\n<li><strong>Aplikacja<\/strong>:Prasowanie \u0142odyg kukurydzy i s\u0142omy sojowej do elektrowni na biomas\u0119<\/li>\n<li><strong>Za\u015bwiadczenie<\/strong>:<br \/>\n<blockquote><p>\u201eNasze stare europejskie prasy zapycha\u0142y si\u0119 w wilgotnych warunkach. System podbierania zapobiegaj\u0105cy owijaniu si\u0119 i wzmocnione rolki w modelu S9000 zmieni\u0142y wszystko. Teraz pracujemy 14 godzin dziennie podczas zbior\u00f3w, minimalizuj\u0105c przestoje. Zwrot z inwestycji w nieca\u0142e 8 miesi\u0119cy.\u201d<\/p><\/blockquote>\n<\/li>\n<\/ul>\n<hr \/>\n<h4>3.\u00a0<strong>Rosja \u2013 Syberyjska Sp\u00f3\u0142dzielnia Mleczarska<\/strong><\/h4>\n<ul>\n<li><strong>Klient<\/strong>: OOO 'AgroSib Korm' (Siberian Feed Cooperative)<\/li>\n<li><strong>Lokalizacja<\/strong>:Obw\u00f3d Nowosybirski, Rosja<\/li>\n<li><strong>Data zakupu<\/strong>: Czerwiec 2024<\/li>\n<li><strong>Zakupione jednostki<\/strong>: 3 jednostki<\/li>\n<li><strong>Aplikacja<\/strong>: Prasowanie siana \u0142\u0105kowego na pasz\u0119 dla byd\u0142a na zim\u0119<\/li>\n<li><strong>Za\u015bwiadczenie<\/strong>:<br \/>\n<blockquote><p>\u201eNawet przy porankach z temperatur\u0105 -5\u00b0C skrzynia bieg\u00f3w i uk\u0142ad WOM dzia\u0142aj\u0105 bez zarzutu. Funkcja obrotu o 90\u00b0 to prawdziwy prze\u0142om na naszych ma\u0142ych polach. Polecili\u015bmy j\u0105 dw\u00f3m s\u0105siednim gospodarstwom, kt\u00f3re ju\u017c z\u0142o\u017cy\u0142y zam\u00f3wienia\u201d.<\/p><\/blockquote>\n<h2><strong><img loading=\"lazy\" decoding=\"async\" class=\"aligncenter wp-image-222 size-full\" src=\"https:\/\/agricultural-baler.com\/wp-content\/uploads\/2025\/11\/0-9YG-2.24D-baler-3.webp\" alt=\"Prasa 9YG-2.24D \" width=\"600\" height=\"400\" srcset=\"https:\/\/agricultural-baler.com\/wp-content\/uploads\/2025\/11\/0-9YG-2.24D-baler-3.webp 600w, https:\/\/agricultural-baler.com\/wp-content\/uploads\/2025\/11\/0-9YG-2.24D-baler-3-480x320.webp 480w\" sizes=\"auto, (min-width: 0px) and (max-width: 480px) 480px, (min-width: 481px) 600px, 100vw\" \/><\/strong><\/h2>\n<\/li>\n<\/ul>\n<hr \/>\n<h4>4.\u00a0<strong>Australia \u2013 Gospodarstwo mieszane z upraw\u0105 i hodowl\u0105 zwierz\u0105t<\/strong><\/h4>\n<ul>\n<li><strong>Klient<\/strong>: Sarah i Mark Jenkins, \u201eWheatridge Farm\u201d<\/li>\n<li><strong>Lokalizacja<\/strong>:Nowa Po\u0142udniowa Walia, Australia<\/li>\n<li><strong>Data zakupu<\/strong>:pa\u017adziernik 2024<\/li>\n<li><strong>Zakupione jednostki<\/strong>: 1 jednostka<\/li>\n<li><strong>Aplikacja<\/strong>:Prasowanie s\u0142omy pszennej na \u015bci\u00f3\u0142k\u0119 dla owiec i eksport do Japonii<\/li>\n<li><strong>Za\u015bwiadczenie<\/strong>:<br \/>\n<blockquote><p>\u201ePo prezentacji u lokalnego dealera byli\u015bmy sceptyczni, ale kontrola g\u0119sto\u015bci beli jest bez zarzutu. Japo\u0144scy klienci byli zachwyceni jednolitym kszta\u0142tem i ciasnym owini\u0119ciem siatk\u0105. Co wi\u0119cej, cz\u0119\u015bci zamienne dotar\u0142y z ich centrum dystrybucyjnego w Singapurze w zaledwie 2 dni, kiedy potrzebowali\u015bmy no\u017ca zamiennego\u201d.<\/p><\/blockquote>\n<p>&nbsp;<\/li>\n<\/ul>","protected":false},"excerpt":{"rendered":"<p>Model 9YG-2.24D S9000 Beyond to rolnicza prasa zwijaj\u0105ca przeznaczona dla gospodarstw na ca\u0142ym \u015bwiecie, kt\u00f3ra mo\u017ce przetwarza\u0107 siano, s\u0142om\u0119 i biomas\u0119 w r\u00f3\u017cnych warunkach, od wilgotnych p\u00f3l Brazylii po zimne pastwiska Syberii.<\/p>","protected":false},"featured_media":219,"template":"","meta":{"_et_pb_use_builder":"","_et_pb_old_content":"","_et_gb_content_width":""},"product_brand":[],"product_cat":[23],"product_tag":[20,18,19,27],"class_list":{"0":"post-218","1":"product","2":"type-product","3":"status-publish","4":"has-post-thumbnail","6":"product_cat-round-baler","7":"product_tag-agricultural-baler","8":"product_tag-agricultural-round-baler","9":"product_tag-round-baler","10":"product_tag-s9000-round-baler","12":"first","13":"instock","14":"shipping-taxable","15":"product-type-simple"},"_links":{"self":[{"href":"https:\/\/agricultural-baler.com\/pl\/wp-json\/wp\/v2\/product\/218","targetHints":{"allow":["GET"]}}],"collection":[{"href":"https:\/\/agricultural-baler.com\/pl\/wp-json\/wp\/v2\/product"}],"about":[{"href":"https:\/\/agricultural-baler.com\/pl\/wp-json\/wp\/v2\/types\/product"}],"wp:featuredmedia":[{"embeddable":true,"href":"https:\/\/agricultural-baler.com\/pl\/wp-json\/wp\/v2\/media\/219"}],"wp:attachment":[{"href":"https:\/\/agricultural-baler.com\/pl\/wp-json\/wp\/v2\/media?parent=218"}],"wp:term":[{"taxonomy":"product_brand","embeddable":true,"href":"https:\/\/agricultural-baler.com\/pl\/wp-json\/wp\/v2\/product_brand?post=218"},{"taxonomy":"product_cat","embeddable":true,"href":"https:\/\/agricultural-baler.com\/pl\/wp-json\/wp\/v2\/product_cat?post=218"},{"taxonomy":"product_tag","embeddable":true,"href":"https:\/\/agricultural-baler.com\/pl\/wp-json\/wp\/v2\/product_tag?post=218"}],"curies":[{"name":"wp","href":"https:\/\/api.w.org\/{rel}","templated":true}]}}