{"id":287,"date":"2025-11-19T07:02:11","date_gmt":"2025-11-19T07:02:11","guid":{"rendered":"https:\/\/agricultural-baler.com\/?post_type=product&#038;p=287"},"modified":"2025-11-20T03:34:46","modified_gmt":"2025-11-20T03:34:46","slug":"agricultural-round-baler-9yg-2-24d-s9000-classic","status":"publish","type":"product","link":"https:\/\/agricultural-baler.com\/nl\/product\/landbouw-ronde-balenpers-9yg-2-24d-s9000-classic\/","title":{"rendered":"Landbouw ronde balenpers \u2013 9YG-2.24D S9000 Classic"},"content":{"rendered":"<h2><strong data-spm-anchor-id=\"5176.28103460.0.i741.bc984fa5rlZb1k\">Productoverzicht: 9YG-2.24D S9000 Klassieke ronde balenpers<\/strong><\/h2>\n<p>De <strong>9YG-2.24D S9000 Classic<\/strong> Dit is een zeer effici\u00ebnte, getrokken ronde balenpers voor de landbouw, ontworpen voor betrouwbaarheid en prestaties onder veeleisende veldomstandigheden. Met een opneembreedte van 2,24 meter, sensor-gestuurde baaldichtheid en een robuuste, op rollen gebaseerde compressiekamer levert hij uniforme, compacte, met netten omwikkelde balen, ideaal voor hooi, stro en biomassa.<\/p>\n<p>Ontworpen voor <strong>grootschalige landbouwbedrijven, landbouwco\u00f6peraties en professionele oogstdiensten<\/strong>De S9000 Classic combineert bewezen mechanische duurzaamheid met slimme bedieningsfuncties, waardoor het een kosteneffectief werkpaard is voor regio's waar productiviteit, onderhoudsgemak en waarde op lange termijn prioriteit hebben.<\/p>\n<p>Dit model is gebouwd op jarenlange praktijkervaring en vormt de betrouwbare basis van onze rondebalenpersserie, die seizoen na seizoen consistente resultaten levert.<\/p>\n<p>&nbsp;<\/p>\n<h2><strong>Productparameters<\/strong><\/h2>\n<div style=\"overflow-x: auto;\">\n<table style=\"max-width: 100%; overflow-x: auto;\" border=\"1\">\n<thead>\n<tr>\n<th style=\"width: 26.5625px;\">Nee.<\/th>\n<th style=\"width: 244.562px;\">Item<\/th>\n<th style=\"width: 65.3906px;\">Eenheid<\/th>\n<th style=\"width: 259.484px;\">Specificatie<\/th>\n<\/tr>\n<\/thead>\n<tbody>\n<tr>\n<td style=\"width: 26.5625px;\">1<\/td>\n<td style=\"width: 244.562px;\">Modelnaam<\/td>\n<td style=\"width: 65.3906px;\">\/<\/td>\n<td style=\"width: 259.484px;\">9YG-2.24D Rondebalenpers (S9000 Classic)<\/td>\n<\/tr>\n<tr>\n<td style=\"width: 26.5625px;\">2<\/td>\n<td style=\"width: 244.562px;\">Trekhaaktype<\/td>\n<td style=\"width: 65.3906px;\">\/<\/td>\n<td style=\"width: 259.484px;\">Trektype<\/td>\n<\/tr>\n<tr>\n<td style=\"width: 26.5625px;\">3<\/td>\n<td style=\"width: 244.562px;\">Ophaalbreedte<\/td>\n<td style=\"width: 65.3906px;\">mm<\/td>\n<td style=\"width: 259.484px;\">2240<\/td>\n<\/tr>\n<tr>\n<td style=\"width: 26.5625px;\">4<\/td>\n<td style=\"width: 244.562px;\">Ophaalstructuurtype<\/td>\n<td style=\"width: 65.3906px;\">\/<\/td>\n<td style=\"width: 259.484px;\">Veertandtype<\/td>\n<\/tr>\n<tr>\n<td style=\"width: 26.5625px;\">5<\/td>\n<td style=\"width: 244.562px;\">Type voedingsmechanisme<\/td>\n<td style=\"width: 65.3906px;\">\/<\/td>\n<td style=\"width: 259.484px;\">Kamrol + roltype<\/td>\n<\/tr>\n<tr>\n<td style=\"width: 26.5625px;\">6<\/td>\n<td style=\"width: 244.562px;\">Perskamerbalenmechanisme<\/td>\n<td style=\"width: 65.3906px;\">\/<\/td>\n<td style=\"width: 259.484px;\">Roltype<\/td>\n<\/tr>\n<tr>\n<td style=\"width: 26.5625px;\">7<\/td>\n<td style=\"width: 244.562px;\">Compressiekamerbreedte<\/td>\n<td style=\"width: 65.3906px;\">mm<\/td>\n<td style=\"width: 259.484px;\">1400<\/td>\n<\/tr>\n<tr>\n<td style=\"width: 26.5625px;\">8<\/td>\n<td style=\"width: 244.562px;\">Compressiekamerdiameter<\/td>\n<td style=\"width: 65.3906px;\">mm<\/td>\n<td style=\"width: 259.484px;\">\u03a61200<\/td>\n<\/tr>\n<tr>\n<td style=\"width: 26.5625px;\">9<\/td>\n<td style=\"width: 244.562px;\">Aantal verdichtingscomponenten<\/td>\n<td style=\"width: 65.3906px;\">stuks<\/td>\n<td style=\"width: 259.484px;\">18 (Rollers)<\/td>\n<\/tr>\n<tr>\n<td style=\"width: 26.5625px;\">10<\/td>\n<td style=\"width: 244.562px;\">Diameter verdichtingsrol<\/td>\n<td style=\"width: 65.3906px;\">mm<\/td>\n<td style=\"width: 259.484px;\">\u03a6222<\/td>\n<\/tr>\n<tr>\n<td style=\"width: 26.5625px;\">11<\/td>\n<td style=\"width: 244.562px;\">Balenmethode<\/td>\n<td style=\"width: 65.3906px;\">\/<\/td>\n<td style=\"width: 259.484px;\">Netwikkeling<\/td>\n<\/tr>\n<tr>\n<td style=\"width: 26.5625px;\">12<\/td>\n<td style=\"width: 244.562px;\">Benodigd vermogen<\/td>\n<td style=\"width: 65.3906px;\">kW<\/td>\n<td style=\"width: 259.484px;\">55\u2013100<\/td>\n<\/tr>\n<tr>\n<td style=\"width: 26.5625px;\">13<\/td>\n<td style=\"width: 244.562px;\">Machinegewicht<\/td>\n<td style=\"width: 65.3906px;\">kg<\/td>\n<td style=\"width: 259.484px;\">4312<\/td>\n<\/tr>\n<tr>\n<td style=\"width: 26.5625px;\">14<\/td>\n<td style=\"width: 244.562px;\">Aftakassnelheid<\/td>\n<td style=\"width: 65.3906px;\">toerental<\/td>\n<td style=\"width: 259.484px;\">720<\/td>\n<\/tr>\n<tr>\n<td style=\"width: 26.5625px;\">15<\/td>\n<td style=\"width: 244.562px;\">Totale afmetingen (L\u00d7B\u00d7H)<\/td>\n<td style=\"width: 65.3906px;\">mm<\/td>\n<td style=\"width: 259.484px;\">4470 \u00d7 3010 \u00d7 2370 (in bedrijf)<\/td>\n<\/tr>\n<tr>\n<td style=\"width: 26.5625px;\">16<\/td>\n<td style=\"width: 244.562px;\">Bale Density Control<\/td>\n<td style=\"width: 65.3906px;\">\/<\/td>\n<td style=\"width: 259.484px;\">Sensorgestuurd<\/td>\n<\/tr>\n<tr>\n<td style=\"width: 26.5625px;\">17<\/td>\n<td style=\"width: 244.562px;\">Baalgrootte (diameter \u00d7 breedte)<\/td>\n<td style=\"width: 65.3906px;\">mm<\/td>\n<td style=\"width: 259.484px;\">\u03a61300 \u00d7 1400<\/td>\n<\/tr>\n<tr>\n<td style=\"width: 26.5625px;\">18<\/td>\n<td style=\"width: 244.562px;\">Baledichtheid<\/td>\n<td style=\"width: 65.3906px;\">kg\/m\u00b3<\/td>\n<td style=\"width: 259.484px;\">100\u2013200<\/td>\n<\/tr>\n<tr>\n<td style=\"width: 26.5625px;\">19<\/td>\n<td style=\"width: 244.562px;\">Productiesnelheid<\/td>\n<td style=\"width: 65.3906px;\">balen\/uur<\/td>\n<td style=\"width: 259.484px;\">40\u2013100<\/td>\n<\/tr>\n<tr>\n<td style=\"width: 26.5625px;\">20<\/td>\n<td style=\"width: 244.562px;\">Wielbasis<\/td>\n<td style=\"width: 65.3906px;\">mm<\/td>\n<td style=\"width: 259.484px;\">2600<\/td>\n<\/tr>\n<tr>\n<td style=\"width: 26.5625px;\">21<\/td>\n<td style=\"width: 244.562px;\">Bedrijfssnelheid<\/td>\n<td style=\"width: 65.3906px;\">km\/u<\/td>\n<td style=\"width: 259.484px;\">5\u201335<\/td>\n<\/tr>\n<tr>\n<td style=\"width: 26.5625px;\">22<\/td>\n<td style=\"width: 244.562px;\">Netomtrekmaat (lengte \u00d7 breedte)<\/td>\n<td style=\"width: 65.3906px;\">\/<\/td>\n<td style=\"width: 259.484px;\">2000 \u00d7 1,4 m per baal<\/td>\n<\/tr>\n<\/tbody>\n<\/table>\n<\/div>\n<p><img loading=\"lazy\" decoding=\"async\" class=\"aligncenter wp-image-290 size-full\" src=\"https:\/\/agricultural-baler.com\/wp-content\/uploads\/2025\/11\/0-9YG-2.24D-baler-classic-2.webp\" alt=\"9YG-2.24D balenpers klassiek 2\" width=\"945\" height=\"714\" srcset=\"https:\/\/agricultural-baler.com\/wp-content\/uploads\/2025\/11\/0-9YG-2.24D-baler-classic-2.webp 945w, https:\/\/agricultural-baler.com\/wp-content\/uploads\/2025\/11\/0-9YG-2.24D-baler-classic-2-480x363.webp 480w\" sizes=\"auto, (min-width: 0px) and (max-width: 480px) 480px, (min-width: 481px) 945px, 100vw\" \/><\/p>\n<h2><strong data-spm-anchor-id=\"5176.28103460.0.i745.bc984fa5rlZb1k\">Belangrijkste innovaties en technische aspecten<\/strong><strong data-spm-anchor-id=\"5176.28103460.0.i745.bc984fa5rlZb1k\"> Voordelen<\/strong><\/h2>\n<h3>1.\u00a0<strong>Geavanceerd dissel- en aandrijfsysteem<\/strong><\/h3>\n<p>De balenpers is voorzien van een <strong>zelfontwikkelde dubbele kruiskoppeling aandrijfas<\/strong>, in combinatie met een ge\u00efntegreerde <strong>veiligheidskoppelbegrenzende as<\/strong>Dit ontwerp vermindert de belasting op de transmissiecomponenten aanzienlijk tijdens scherpe bochten, wat vooral belangrijk is voor kleine of onregelmatige velden. Door het voorkomen van blokkering van de aandrijflijn en torsieoverbelasting, verlengt het de levensduur van de machine en zorgt het voor een soepele werking op uitdagend terrein.<\/p>\n<h3>2.\u00a0<strong>Verbeterd hydraulisch systeem voor snellere en soepelere werking<\/strong><\/h3>\n<p>Uitgerust met <strong>H-type flare (bijttype) hydraulische koppelingen<\/strong>Het systeem is bestand tegen hogere werkdrukken, waardoor <strong>snellere openings- en sluitingscycli van de balenkamer<\/strong>Een toegewijde <strong>buffercilinder<\/strong> is in de achterste kamer ge\u00efnstalleerd om de impact tijdens het sluiten op te vangen, waardoor trillingsgerelateerde slijtage aan structurele componenten effectief wordt geminimaliseerd en de levensduur wordt verlengd.<\/p>\n<h3>3.\u00a0<strong>Robuuste versnellingsbak en dubbele tandwielkast aandrijving<\/strong><\/h3>\n<p>De versterkte <strong>zware versnellingsbak<\/strong> Dit zorgt voor een verhoogd koppel in de transmissie, waardoor een constante vermogensafgifte gegarandeerd is, zelfs bij hoge gewasbelastingen. In combinatie met een <strong>dubbelzijdige tandwielkettingaandrijving<\/strong> Voor de compressiekamer zorgt deze configuratie voor een evenwichtige krachtverdeling, met als resultaat: <strong>soepelere balenvorming, minder mechanische belasting en een hogere operationele effici\u00ebntie.<\/strong>\u2014zelfs bij langdurig dagelijks gebruik.<\/p>\n<p><img loading=\"lazy\" decoding=\"async\" class=\"aligncenter wp-image-291 size-full\" src=\"https:\/\/agricultural-baler.com\/wp-content\/uploads\/2025\/11\/0-baler-working.webp\" alt=\"balenpers werkt\" width=\"737\" height=\"712\" srcset=\"https:\/\/agricultural-baler.com\/wp-content\/uploads\/2025\/11\/0-baler-working.webp 737w, https:\/\/agricultural-baler.com\/wp-content\/uploads\/2025\/11\/0-baler-working-480x464.webp 480w\" sizes=\"auto, (min-width: 0px) and (max-width: 480px) 480px, (min-width: 481px) 737px, 100vw\" \/><\/p>\n<h2 data-spm-anchor-id=\"5176.28103460.0.i750.bc984fa5rlZb1k\"><strong>Toepassingen en voordelen<\/strong><\/h2>\n<h3><strong>Ideale bedrijfsomstandigheden<\/strong><\/h3>\n<p>De <strong>9YG-2.24D S9000 Classic<\/strong> is veelzijdig <a href=\"https:\/\/agricultural-baler.com\/nl\/\"><strong>landbouwbalenpers<\/strong><\/a> Ontwikkeld voor uiteenlopende landbouwomgevingen, van grootschalige graanproductiegebieden tot weilanden gericht op vee. Het blinkt uit in:<\/p>\n<ul>\n<li><strong>Droge of halfdroge hooilanden<\/strong>\u00a0(luzerne, klaver, gras) als een betrouwbare\u00a0<strong>hooibalenpers<\/strong><\/li>\n<li><strong>Stroverzameling na de oogst<\/strong>\u00a0na de tarwe-, rijst- of ma\u00efsoogst \u2013 ideaal voor\u00a0<strong>strobalen<\/strong>\u00a0operaties<\/li>\n<li><strong>Biomassa terugwinning<\/strong>\u00a0van gewasresten zoals riet, sorghumstengels of koolzaad<\/li>\n<li><strong>Kleine tot middelgrote percelen<\/strong>\u00a0met frequente bochten, dankzij de geoptimaliseerde aandrijflijn en de compacte draaicirkel.<\/li>\n<\/ul>\n<p>Of het nu op vlakke vlaktes of licht glooiend terrein is, dit <strong>ronde balenpers<\/strong> Levert consistente prestaties onder realistische veldomstandigheden.<\/p>\n<h3><strong>Economische voordelen<\/strong><\/h3>\n<ul>\n<li>\u23f1\ufe0f\u00a0<strong>Verhoogt de productiviteit<\/strong>Met een werksnelheid van 5\u201335 km\/u en een output van\u00a0<strong>40\u2013100 balen\/uur<\/strong>, de\u00a0<strong>ronde balenpers<\/strong>\u00a0Vermindert de benodigde tijd in het veld aanzienlijk in vergelijking met handmatige of verouderde apparatuur.<\/li>\n<li>?\u00a0<strong>Verlaagt de operationele kosten<\/strong>Het robuuste ontwerp minimaliseert storingen; eenvoudig onderhoud verlaagt de arbeids- en onderdelenkosten met wel 30%.<\/li>\n<li>?\u00a0<strong>Verbetert de kwaliteit van de balen<\/strong>Uniforme, hoge dichtheid\u00a0<strong>hooibalen<\/strong>\u00a0(100\u2013200 kg\/m\u00b3) leveren betere prijzen op in de veevoedermarkten en verminderen transport-\/opslagverliezen.<\/li>\n<li>?\u00a0<strong>Geschikt voor tractoren uit het middensegment.<\/strong>\u00a0(55\u2013100 kW), waardoor het toegankelijk is voor kostenbewuste boeren zonder in te leveren op effici\u00ebntie.<\/li>\n<\/ul>\n<h3><strong>Sociale en milieuvoordelen<\/strong><\/h3>\n<ul>\n<li>\u267b\ufe0f\u00a0<strong>Bevordert duurzame landbouw<\/strong>: Effici\u00ebnt\u00a0<strong>strobalen<\/strong>\u00a0Maakt het mogelijk om gewasresten te recyclen, waardoor het verbranden van open velden wordt verminderd en de luchtvervuiling afneemt.<\/li>\n<li>???\u00a0<strong>Vermindert de afhankelijkheid van arbeidskrachten<\/strong>: Automatiseert een van oudsher arbeidsintensieve taak, waardoor de druk op het tekort aan arbeidskrachten op het platteland wordt verlicht.<\/li>\n<li>?\u00a0<strong>Ondersteunt circulaire landbouw<\/strong>Geperst stro wordt waardevol strooisel, grondstof voor biobrandstof of organische meststof, waarmee de grondstoffenkringloop wordt gesloten.<\/li>\n<\/ul>\n<p><img loading=\"lazy\" decoding=\"async\" class=\"aligncenter wp-image-282 size-large\" src=\"https:\/\/agricultural-baler.com\/wp-content\/uploads\/2025\/11\/0-agricultural-baler-banner3-1024x317.webp\" alt=\"landbouwbalenpers banner\" width=\"1024\" height=\"317\" srcset=\"https:\/\/agricultural-baler.com\/wp-content\/uploads\/2025\/11\/0-agricultural-baler-banner3-980x303.webp 980w, https:\/\/agricultural-baler.com\/wp-content\/uploads\/2025\/11\/0-agricultural-baler-banner3-480x149.webp 480w\" sizes=\"auto, (min-width: 0px) and (max-width: 480px) 480px, (min-width: 481px) and (max-width: 980px) 980px, (min-width: 981px) 1024px, 100vw\" \/><\/p>\n<h2>?\u00a0<strong>Echte verhalen, echte resultaten: boeren vertrouwen op de S9000 Classic ronde balenpers.<\/strong><\/h2>\n<hr \/>\n<h4>1.\u00a0<strong>Verenigde Staten \u2013 Hooiproducent in het Midwesten<\/strong><\/h4>\n<ul>\n<li><strong>Klant<\/strong>Daniel Miller, eigenaar van Miller Hay Farms<\/li>\n<li><strong>Locatie<\/strong>Nebraska, Verenigde Staten<\/li>\n<li><strong>Aankoopdatum<\/strong>: april 2024<\/li>\n<li><strong>Aangekochte eenheden<\/strong>: 3 eenheden<\/li>\n<li><strong>Sollicitatie<\/strong>Het persen van luzerne- en grashooi tot balen voor melkveevoer.<\/li>\n<li><strong>Getuigenis<\/strong>:<br \/>\n<blockquote><p>\u201cWe hadden een betrouwbare hooibalenpers nodig onder de $30K die onze 90 pk tractor aankon. De S9000 Classic voldeed aan alle verwachtingen: meer dan 100 balen per dag zonder verstoppingen tijdens onze natte voorjaarsoogst. Het net is strak gewikkeld en de pick-up verwerkt vastgelopen hooi beter dan onze oude John Deere. Voor die prijs is hij onverslaanbaar.\u201d<\/p><\/blockquote>\n<\/li>\n<\/ul>\n<hr \/>\n<h4>2.\u00a0<strong>Oekra\u00efne \u2013 Graan- en veeco\u00f6peratie<\/strong><\/h4>\n<ul>\n<li><strong>Klant<\/strong>: AgroSojoez Tovarystvo (AgroSojoez-co\u00f6peratie)<\/li>\n<li><strong>Locatie<\/strong>: Regio Poltava, Oekra\u00efne<\/li>\n<li><strong>Aankoopdatum<\/strong>Juli 2024<\/li>\n<li><strong>Aangekochte eenheden<\/strong>: 5 eenheden<\/li>\n<li><strong>Sollicitatie<\/strong>: Het persen van tarwestro tot balen voor veestrooisel en export<\/li>\n<li><strong>Getuigenis<\/strong>:<br \/>\n<blockquote><p>\u201cNadat sancties de beschikbaarheid van reserveonderdelen voor Europese machines beperkten, zijn we overgestapt op deze Chinese ronde balenpers. Hij draait 12 uur per dag op tractoren van 85 pk. De dubbelzijdige kettingaandrijving voorkomt slippen van de riem \u2013 een groot probleem bij onze oude modellen. We hebben al een derde exemplaar besteld.\u201d<\/p><\/blockquote>\n<p><img loading=\"lazy\" decoding=\"async\" class=\"alignnone size-medium wp-image-222\" src=\"https:\/\/agricultural-baler.com\/wp-content\/uploads\/2025\/11\/0-9YG-2.24D-baler-3-300x200.webp\" alt=\"9YG-2.24D balenpers\" width=\"300\" height=\"200\" \/><\/li>\n<\/ul>\n<hr \/>\n<h4>3.\u00a0<strong>Mongoli\u00eb \u2013 Steppeboerderij<\/strong><\/h4>\n<ul>\n<li><strong>Klant<\/strong>Batbayar Enkhbold, manager van Gobi Agro LLC<\/li>\n<li><strong>Locatie<\/strong>: provincie \u00d6v\u00f6rkhangai, Mongoli\u00eb<\/li>\n<li><strong>Aankoopdatum<\/strong>September 2024<\/li>\n<li><strong>Aangekochte eenheden<\/strong>: 1 eenheid<\/li>\n<li><strong>Sollicitatie<\/strong>Natuurlijk hooi van de weide persen voor wintervoer voor vee.<\/li>\n<li><strong>Getuigenis<\/strong>:<br \/>\n<blockquote><p>\u201cOnze weilanden zijn rotsachtig en oneffen, maar deze landbouwbalenpers kan er prima mee overweg. De bodemvrijheid is verstelbaar en de veiligheidsas heeft ons twee keer gered toen we op verborgen stenen reden. De levering vanuit China duurde slechts 22 dagen \u2013 sneller dan bij lokale leveranciers!\u201d<\/p><\/blockquote>\n<\/li>\n<\/ul>\n<hr \/>\n<h4>4.\u00a0<strong>Argentini\u00eb \u2013 Aannemer voor sojaresten<\/strong><\/h4>\n<ul>\n<li><strong>Klant<\/strong>: CampoLimpio Servicios Agr\u00edcolas<\/li>\n<li><strong>Locatie<\/strong>C\u00f3rdoba, Argentini\u00eb<\/li>\n<li><strong>Aankoopdatum<\/strong>Februari 2025<\/li>\n<li><strong>Aangekochte eenheden<\/strong>: 3 eenheden<\/li>\n<li><strong>Sollicitatie<\/strong>Het persen van soja- en ma\u00efsstengels tot balen voor biomassacentrales.<\/li>\n<li><strong>Getuigenis<\/strong>:<br \/>\n<blockquote><p>\u201cWe hebben vijf balenpersen getest voor het verwerken van gewasresten met een hoog vochtgehalte. Alleen de S9000 Classic raakte niet verstopt. De combinatie van de veertanden-pickup en de anti-wikkelrol werkt als een wonder. Terugverdientijd in 6 maanden \u2013 nu vervangen we ons hele machinepark.\u201d<\/p><\/blockquote>\n<\/li>\n<\/ul>\n<hr \/>\n<h4>5.\u00a0<strong>Vietnam \u2013 Initiatief voor het recyclen van rijststro<\/strong><\/h4>\n<ul>\n<li><strong>Klant<\/strong>: Mekong Green Energy Co., Ltd<\/li>\n<li><strong>Locatie<\/strong>Provincie An Giang, Vietnam<\/li>\n<li><strong>Aankoopdatum<\/strong>November 2024<\/li>\n<li><strong>Aangekochte eenheden<\/strong>: 8 eenheden (voor het co\u00f6peratieve programma voor boeren)<\/li>\n<li><strong>Sollicitatie<\/strong>Rijststro wordt ingezameld om pelletfabrieken te bevoorraden.<\/li>\n<li><strong>Getuigenis<\/strong>:<br \/>\n<blockquote>\n<p data-spm-anchor-id=\"5176.28103460.0.i754.bc984fa5rlZb1k\">\u201cDe overheid verbood het verbranden van akkers, dus we hadden snel betaalbare strobalenpersen nodig. Deze ronde balenpers werkt op tractoren van 75 pk, die hier veel voorkomen. Eenvoudige bediening \u2013 boeren hadden het na \u00e9\u00e9n demonstratie al onder de knie. Onderhoud is makkelijk en onderdelen worden binnen 3 dagen vanuit Guangzhou geleverd.\u201d<\/p>\n<\/blockquote>\n<p data-spm-anchor-id=\"5176.28103460.0.i754.bc984fa5rlZb1k\">\n<\/li>\n<\/ul>\n<h2><strong>Veelgestelde vragen<\/strong><\/h2>\n<p><em><strong>V: Voor welke gewassen is deze balenpers geschikt?<\/strong><\/em><\/p>\n<p>A: De 9YG-2.24D S9000 Classic is geschikt voor diverse gewassen, waaronder hooi (luzerne, klaver), stro (tarwe, rijst) en biomassa zoals sorghumstengels.<\/p>\n<p><em><strong>V: Welk tractorvermogen is nodig?<\/strong><\/em><\/p>\n<p>A: Deze ronde balenpers werkt effici\u00ebnt met tractoren van 55 tot 100 kW (75 tot 135 pk).<\/p>\n<p><em><strong>V: Wat is de opbrengst bij nat stro?<\/strong><\/em><\/p>\n<p>A: Onder natte omstandigheden kan de output vari\u00ebren, maar ligt deze doorgaans tussen de 40 en 60 balen per uur vanwege de lagere verwerkingssnelheden.<\/p>\n<p><em><strong>V: Wat zijn de verbeteringen ten opzichte van het oudere S8000-model?<\/strong><\/em><\/p>\n<p>A: In vergelijking met de S8000 beschikt de S9000 Classic over een verbeterde duurzaamheid van de aandrijflijn, verbeterde hydraulische systemen en een verhoogd koppel van de transmissie voor betere prestaties op uitdagend terrein.<\/p>\n<p>&nbsp;<\/p>","protected":false},"excerpt":{"rendered":"<p>Deze landbouwbalenpers is een betrouwbare, getrokken balenpers, speciaal ontworpen voor het persen van hooi, stro en biomassa. Met een opneembreedte van 2,24 meter en sensor-gestuurde dichtheid produceert hij uniforme, met netten omwikkelde balen van 1,3 meter doorsnee met een snelheid van 40 tot 100 balen per uur.<\/p>","protected":false},"featured_media":288,"template":"","meta":{"_et_pb_use_builder":"","_et_pb_old_content":"","_et_gb_content_width":""},"product_brand":[],"product_cat":[23],"product_tag":[18,19,27],"class_list":{"0":"post-287","1":"product","2":"type-product","3":"status-publish","4":"has-post-thumbnail","6":"product_cat-round-baler","7":"product_tag-agricultural-round-baler","8":"product_tag-round-baler","9":"product_tag-s9000-round-baler","11":"first","12":"instock","13":"shipping-taxable","14":"product-type-simple"},"_links":{"self":[{"href":"https:\/\/agricultural-baler.com\/nl\/wp-json\/wp\/v2\/product\/287","targetHints":{"allow":["GET"]}}],"collection":[{"href":"https:\/\/agricultural-baler.com\/nl\/wp-json\/wp\/v2\/product"}],"about":[{"href":"https:\/\/agricultural-baler.com\/nl\/wp-json\/wp\/v2\/types\/product"}],"wp:featuredmedia":[{"embeddable":true,"href":"https:\/\/agricultural-baler.com\/nl\/wp-json\/wp\/v2\/media\/288"}],"wp:attachment":[{"href":"https:\/\/agricultural-baler.com\/nl\/wp-json\/wp\/v2\/media?parent=287"}],"wp:term":[{"taxonomy":"product_brand","embeddable":true,"href":"https:\/\/agricultural-baler.com\/nl\/wp-json\/wp\/v2\/product_brand?post=287"},{"taxonomy":"product_cat","embeddable":true,"href":"https:\/\/agricultural-baler.com\/nl\/wp-json\/wp\/v2\/product_cat?post=287"},{"taxonomy":"product_tag","embeddable":true,"href":"https:\/\/agricultural-baler.com\/nl\/wp-json\/wp\/v2\/product_tag?post=287"}],"curies":[{"name":"wp","href":"https:\/\/api.w.org\/{rel}","templated":true}]}}