{"id":218,"date":"2025-11-18T08:42:09","date_gmt":"2025-11-18T08:42:09","guid":{"rendered":"https:\/\/agricultural-baler.com\/?post_type=product&#038;p=218"},"modified":"2025-11-20T03:34:47","modified_gmt":"2025-11-20T03:34:47","slug":"agricultural-round-baler-9yg-2-24d-s9000-beyond-version","status":"publish","type":"product","link":"https:\/\/agricultural-baler.com\/nl\/product\/landbouwbalenpers-9yg-2-24d-s9000-beyond-versie\/","title":{"rendered":"Landbouwrondebalenpers \u2013 9YG-2.24D S9000 Beyond-versie"},"content":{"rendered":"<h2><strong>Producthoogtepunten<\/strong><\/h2>\n<ol>\n<li><strong>Snelkoppeling<\/strong>Bij het aankoppelen van de balenpers aan de tractor kan de horizontale dissel flexibel op en neer draaien, waardoor de trekhaakpen van de tractor soepel in het koppelingspunt grijpt.<\/li>\n<li><strong>Verkleinde draaicirkel<\/strong>De dubbele versnellingsbak maakt een rotatie van 90 graden naar links en rechts mogelijk, wat de manoeuvreerbaarheid bij het draaien op het veld en het veranderen van richting tijdens het trekken van de balenpers aanzienlijk verbetert. Het is niet nodig om de aandrijving uit te schakelen tijdens het draaien, wat de bediening gemakkelijker maakt en de vermoeidheid van de bestuurder vermindert. Bovendien verbetert de krachtoverbrenging via de versnellingsbak de algehele effici\u00ebntie.<\/li>\n<li><strong>Hoge stabiliteit en duurzaamheid<\/strong>De dubbele versnellingsbak is stevig verbonden met het disselframe, wat zorgt voor uitstekende structurele stabiliteit. Dit ontwerp voorkomt schade aan de dissel of aandrijfas door torsiekrachten bij gebruik op oneffen terrein.<\/li>\n<\/ol>\n<h3><strong data-spm-anchor-id=\"5176.28103460.0.i562.bc984fa5rlZb1k\">Technische specificaties<\/strong><\/h3>\n<div style=\"overflow-x: auto;\">\n<table style=\"max-width: 100%; overflow-x: auto;\" border=\"1\">\n<thead>\n<tr>\n<th>Nee.<\/th>\n<th>Item<\/th>\n<th>Eenheid<\/th>\n<th>Specificatie<\/th>\n<\/tr>\n<\/thead>\n<tbody>\n<tr>\n<td>1<\/td>\n<td>Modelnaam<\/td>\n<td>\/<\/td>\n<td>9YG-2.24D ronde balenpers (S9000 en verder)<\/td>\n<\/tr>\n<tr>\n<td>2<\/td>\n<td>Trekhaaktype<\/td>\n<td>\/<\/td>\n<td>Trekhaak van een tractor (trektype)<\/td>\n<\/tr>\n<tr>\n<td>3<\/td>\n<td>Ophaalbreedte<\/td>\n<td>mm<\/td>\n<td>2240<\/td>\n<\/tr>\n<tr>\n<td>4<\/td>\n<td>Ophaalstructuurtype<\/td>\n<td>\/<\/td>\n<td>Veertandtype<\/td>\n<\/tr>\n<tr>\n<td>5<\/td>\n<td>Type voedingsmechanisme<\/td>\n<td>\/<\/td>\n<td>Kam + roltype<\/td>\n<\/tr>\n<tr>\n<td>6<\/td>\n<td>Perskamerbalenmechanisme<\/td>\n<td>\/<\/td>\n<td>Roltype<\/td>\n<\/tr>\n<tr>\n<td>7<\/td>\n<td>Compressiekamerbreedte<\/td>\n<td>mm<\/td>\n<td>1400<\/td>\n<\/tr>\n<tr>\n<td>8<\/td>\n<td>Compressiekamerdiameter<\/td>\n<td>mm<\/td>\n<td>\u03a61200<\/td>\n<\/tr>\n<tr>\n<td>9<\/td>\n<td>Aantal verdichtingscomponenten<\/td>\n<td>stuks<\/td>\n<td>18 (Rollers)<\/td>\n<\/tr>\n<tr>\n<td>10<\/td>\n<td>Diameter verdichtingsrol<\/td>\n<td>mm<\/td>\n<td>\u03a6222<\/td>\n<\/tr>\n<tr>\n<td>11<\/td>\n<td>Balenmethode<\/td>\n<td>\/<\/td>\n<td>Netwikkeling<\/td>\n<\/tr>\n<tr>\n<td>12<\/td>\n<td>Benodigd vermogen<\/td>\n<td>kW<\/td>\n<td>55\u2013100<\/td>\n<\/tr>\n<tr>\n<td>13<\/td>\n<td>Machinegewicht<\/td>\n<td>kg<\/td>\n<td>4570<\/td>\n<\/tr>\n<tr>\n<td>14<\/td>\n<td>Aftakassnelheid<\/td>\n<td>toerental<\/td>\n<td>720<\/td>\n<\/tr>\n<tr>\n<td>15<\/td>\n<td>Totale afmetingen (L\u00d7B\u00d7H)<\/td>\n<td>mm<\/td>\n<td>4600 \u00d7 3010 \u00d7 2370 (in bedrijf)<\/td>\n<\/tr>\n<tr>\n<td>16<\/td>\n<td>Bale Density Control<\/td>\n<td>\/<\/td>\n<td>Sensorgestuurd<\/td>\n<\/tr>\n<tr>\n<td>17<\/td>\n<td>Baalgrootte (diameter \u00d7 breedte)<\/td>\n<td>mm<\/td>\n<td>\u03a61300 \u00d7 1400<\/td>\n<\/tr>\n<tr>\n<td>18<\/td>\n<td>Baledichtheid<\/td>\n<td>kg\/m\u00b3<\/td>\n<td>100\u2013200<\/td>\n<\/tr>\n<tr>\n<td>19<\/td>\n<td>Productiesnelheid<\/td>\n<td>balen\/uur<\/td>\n<td>40\u2013100<\/td>\n<\/tr>\n<tr>\n<td>20<\/td>\n<td>Wielbasis<\/td>\n<td>mm<\/td>\n<td>2600<\/td>\n<\/tr>\n<tr>\n<td>21<\/td>\n<td>Bedrijfssnelheid<\/td>\n<td>km\/u<\/td>\n<td>5\u201335<\/td>\n<\/tr>\n<tr>\n<td>22<\/td>\n<td>Netomtrekmaat (lengte \u00d7 breedte)<\/td>\n<td>\/<\/td>\n<td>2000 \u00d7 1,4 m per baal<\/td>\n<\/tr>\n<\/tbody>\n<\/table>\n<\/div>\n<h2><strong>Belangrijke innovaties<\/strong><\/h2>\n<p><img loading=\"lazy\" decoding=\"async\" class=\"aligncenter wp-image-220 size-full\" src=\"https:\/\/agricultural-baler.com\/wp-content\/uploads\/2025\/11\/0-9YG-2.24D-baler-2.webp\" alt=\"9YG-2.24D balenpers \" width=\"853\" height=\"718\" srcset=\"https:\/\/agricultural-baler.com\/wp-content\/uploads\/2025\/11\/0-9YG-2.24D-baler-2.webp 853w, https:\/\/agricultural-baler.com\/wp-content\/uploads\/2025\/11\/0-9YG-2.24D-baler-2-480x404.webp 480w\" sizes=\"auto, (min-width: 0px) and (max-width: 480px) 480px, (min-width: 481px) 853px, 100vw\" \/><\/p>\n<h3>S9000 Intelligent Control System<\/h3>\n<ul>\n<li>Touchscreen-interface voor mens-machinecommunicatie: Biedt een intu\u00eftieve bedieningservaring met weergave van de realtime operationele status, het aantal bundels en foutcodes, wat zorgt voor operationele transparantie en eenvoudig onderhoud.<\/li>\n<li>Dichtheidsvoorinstelling en automatische geheugenfunctie: Ondersteunt drie dichtheidsvoorinstellingen (Zacht\/Medium\/Stevig) om aan de behoeften van verschillende gewassen te voldoen. Het systeem heeft een automatische geheugenfunctie die gebruikersvoorkeuren onthoudt, waardoor de bediening wordt vereenvoudigd.<\/li>\n<\/ul>\n<h3>Verbeterd pick-upsysteem<\/h3>\n<ul>\n<li>Versterkte tanden + anti-klitrol: Maakt gebruik van speciaal ontworpen tanden en een anti-klitrol om de uitdagingen van natte en hoogproductieve gewassen effectief aan te pakken en de werkeffici\u00ebntie te verbeteren.<\/li>\n<li>Verstelbare bodemvrijheid van de pick-up: Past de hoogte van de pick-up aan verschillende terreinomstandigheden aan, zodat deze geschikt is voor uiteenlopende werkomgevingen en een continue en stabiele werking garandeert.<\/li>\n<\/ul>\n<h3>Versterking van de transmissie voorbij versie<\/h3>\n<ul>\n<li>Verbeterde dubbele versnellingsbak: Maakt gebruik van een ontwerp met een rotatie van 90\u00b0 en zorgt voor volledig afgedichte smering, wat de mechanische effici\u00ebntie en duurzaamheid verbetert.<\/li>\n<li>Zware kruiskoppeling + overbelastingsbeveiligde breekbout: Uitgerust met een robuustere kruiskoppeling en overbelastingsbeveiligde breekbouten om mechanische schade te voorkomen, waardoor de betrouwbaarheid en veiligheid van het systeem worden verbeterd.<\/li>\n<\/ul>\n<h3>Snel onderhoud ontwerp<\/h3>\n<ul>\n<li>Modulaire knoper: Dankzij het modulaire ontwerp kan het mes binnen 5 minuten worden vervangen, waardoor de stilstandtijd aanzienlijk wordt verkort.<\/li>\n<li>Gecentraliseerde plaatsing van slijtageonderdelen: Slijtageonderdelen zijn centraal geplaatst voor gemakkelijke toegang, waardoor het onderhoudsproces wordt geoptimaliseerd, de onderhoudseffici\u00ebntie met maximaal 40% toeneemt en de onderhoudstijd en -kosten worden verlaagd.<\/li>\n<\/ul>\n<h2><strong>Toepassingen: Waar de 9YG-2.24D S9000 Beyond rondebalenpers uitzonderlijke prestaties levert<\/strong><\/h2>\n<p><img loading=\"lazy\" decoding=\"async\" class=\"aligncenter wp-image-94 size-full\" src=\"https:\/\/agricultural-baler.com\/wp-content\/uploads\/2025\/11\/0-baler-application.webp\" alt=\"toepassing van de balenpers\" width=\"807\" height=\"759\" srcset=\"https:\/\/agricultural-baler.com\/wp-content\/uploads\/2025\/11\/0-baler-application.webp 807w, https:\/\/agricultural-baler.com\/wp-content\/uploads\/2025\/11\/0-baler-application-480x451.webp 480w\" sizes=\"auto, (min-width: 0px) and (max-width: 480px) 480px, (min-width: 481px) 807px, 100vw\" \/><\/p>\n<ol data-spm-anchor-id=\"5176.28103460.0.i575.bc984fa5rlZb1k\">\n<li><strong>Melk- en vleesveebedrijven \u2013 Hoogwaardig hooi persen<\/strong><br \/>\nIdeaal voor <strong>ronde balenperswerkzaamheden<\/strong> In grootschalige melk- en vleesveebedrijven verwerkt deze machine op effici\u00ebnte wijze alfalfa, klaver en gras tot een compacte, weerbestendige massa. <strong>hooibalen<\/strong>\u2014waardoor het hele jaar door een constante voerkwaliteit wordt gegarandeerd.<\/li>\n<li>\n<p data-spm-anchor-id=\"5176.28103460.0.i574.bc984fa5rlZb1k\"><strong>Recycling van graanresten \u2013 Strobalen na de oogst<\/strong><br \/>\nNa de oogst van tarwe, rijst of ma\u00efs, de <strong>S9000 Beyond ronde balenpers<\/strong> Verzamelt en perst snel overgebleven stro samen tot een uniform geheel. <strong>landbouwbalen<\/strong>waarbij afval wordt omgezet in waardevolle biomassa voor strooisel, biobrandstof of bodemverbetering.<\/p>\n<\/li>\n<li><strong>Beheer van specialistische gewassen \u2013 Het persen van uitdagende biomassa<\/strong><br \/>\nVan suikerriettoppen en koolzaadstengels tot riet en miscanthus, dit <strong>zware balenpers<\/strong> Verwerkt taaie, vochtige of verwarde gewasresten met gemak, waardoor het een topkeuze is voor <strong>biomassa balen<\/strong> in energie- en industri\u00eble toepassingen.<\/li>\n<li><strong>Grootschalige voedergewassenleveranciers \u2013 Zeer effici\u00ebnte veldwerkzaamheden<\/strong><br \/>\nOntworpen voor aannemers die duizenden hectares beheren, de <strong>9YG-2.24D <a href=\"https:\/\/agricultural-baler.com\/nl\/\">ronde balenpers<\/a><\/strong> Biedt onge\u00ebvenaarde snelheid (tot 100 balen\/uur) en betrouwbaarheid tijdens intensieve processen. <strong>balenseizoenen<\/strong>waardoor de downtime tot een minimum wordt beperkt en het rendement op de investering (ROI) wordt gemaximaliseerd.<\/li>\n<li><strong>Milieuvriendelijke landbouw en CO2-kredietprogramma's<\/strong><br \/>\nDoor effici\u00ebnte <strong>strobalenverzameling<\/strong> in plaats van het afbranden van velden, dit <strong>slimme ronde balenpers<\/strong> Het ondersteunt duurzame landbouwpraktijken en helpt boeren in aanmerking te komen voor milieusubsidies en CO2-kredietregelingen.<\/li>\n<li><strong>Exportgerichte hooiproducenten \u2013 Voldoen aan internationale normen<\/strong><br \/>\nMet precieze <strong>controle van de baaldichtheid<\/strong> en de consistentie van de netverpakking zorgen ervoor dat de machine exportkwaliteit produceert. <strong>ronde hooibalen<\/strong> die voldoen aan strenge kwaliteitseisen in markten zoals Japan, Zuid-Korea en het Midden-Oosten.<\/li>\n<\/ol>\n<p>&nbsp;<\/p>\n<h2 data-spm-anchor-id=\"5176.28103460.0.i580.bc984fa5rlZb1k\"><strong>Certificeringen en naleving<\/strong><\/h2>\n<ul>\n<li><strong>ISO 9001 kwaliteitsmanagementsysteem<\/strong><br \/>\nGecertificeerd voor consistente productkwaliteit, procesbeheersing en continue verbetering in ontwerp en productie.<\/li>\n<li><strong>CE-certificering (optionele configuratie)<\/strong><br \/>\nOp aanvraag beschikbaar voor modellen bestemd voor de Europese Economische Ruimte, waarmee wordt gegarandeerd dat ze voldoen aan de veiligheidseisen van de EU-machinerichtlijn 2006\/42\/EC.<\/li>\n<li><strong>Nationaal certificaat voor de bevordering van landbouwmachines<\/strong><br \/>\nOfficieel goedgekeurd door het Chinese Ministerie van Landbouw en Plattelandszaken, waardoor de balenpers in aanmerking komt voor nationale en provinciale subsidieprogramma's.<\/li>\n<li>\n<p data-spm-anchor-id=\"5176.28103460.0.i581.bc984fa5rlZb1k\"><strong>Naleving van nationale en internationale veiligheidsnormen<\/strong><br \/>\nOntworpen en getest om te voldoen aan de Chinese GB-normen en de belangrijkste exportmarktvoorschriften (waaronder de EAC van Rusland, de MNS van Mongoli\u00eb en de algemene ISO\/EN-veiligheidsrichtlijnen voor landbouwmachines).<\/p>\n<\/li>\n<\/ul>\n<p><img loading=\"lazy\" decoding=\"async\" class=\"aligncenter wp-image-73 size-full\" src=\"https:\/\/agricultural-baler.com\/wp-content\/uploads\/2025\/11\/0-certificates-1.webp\" alt=\"certificaten\" width=\"1587\" height=\"607\" srcset=\"https:\/\/agricultural-baler.com\/wp-content\/uploads\/2025\/11\/0-certificates-1.webp 1587w, https:\/\/agricultural-baler.com\/wp-content\/uploads\/2025\/11\/0-certificates-1-1280x490.webp 1280w, https:\/\/agricultural-baler.com\/wp-content\/uploads\/2025\/11\/0-certificates-1-980x375.webp 980w, https:\/\/agricultural-baler.com\/wp-content\/uploads\/2025\/11\/0-certificates-1-480x184.webp 480w\" sizes=\"auto, (min-width: 0px) and (max-width: 480px) 480px, (min-width: 481px) and (max-width: 980px) 980px, (min-width: 981px) and (max-width: 1280px) 1280px, (min-width: 1281px) 1587px, 100vw\" \/><\/p>\n<p>&nbsp;<\/p>\n<h3 data-spm-anchor-id=\"5176.28103460.0.i588.bc984fa5rlZb1k\">\u00a0<strong>Klantenservice \u2013 Gebouwd voor wereldwijde betrouwbaarheid<\/strong><\/h3>\n<ul>\n<li>\n<p data-spm-anchor-id=\"5176.28103460.0.i587.bc984fa5rlZb1k\"><strong>Wereldwijde levering van reserveonderdelen binnen 48 uur.<\/strong><br \/>\nKritische slijtageonderdelen (riemen, messen, lagers, netwikkelrollen, enz.) worden opgeslagen in regionale magazijnen in Azi\u00eb, Europa en Noord- en Zuid-Amerika, waardoor levering binnen 48 uur na orderbevestiging gegarandeerd is.<\/p>\n<\/li>\n<li><strong>Meertalige technische ondersteuning op afstand<\/strong><br \/>\nOnze deskundige technici bieden realtime ondersteuning via telefoon, e-mail of live videogesprek in het Engels, Russisch, Spaans, Portugees en Mongools, zodat u problemen snel kunt oplossen, zelfs ter plaatse.<\/li>\n<li><strong>Uitgebreide trainingsmiddelen<\/strong><br \/>\nToegang op aanvraag <strong>Bedieningsinstructievideo's<\/strong>, interactieve handleidingen voor probleemoplossing en downloadbare <strong>digitale gebruikershandleidingen<\/strong> Altijd mogelijk via ons klantportaal of onze mobiele app.<\/li>\n<li><strong>Optionele verlengde garantie (1-3 jaar)<\/strong><br \/>\nKies flexibele, uitgebreide garantieplannen om uw investering te beschermen na afloop van de standaardgarantieperiode. Deze plannen dekken belangrijke onderdelen zonder verborgen kosten.<\/li>\n<\/ul>\n<h2><strong data-spm-anchor-id=\"5176.28103460.0.i592.bc984fa5rlZb1k\">\u00a0Wereldwijd vertrouwen boeren op de S9000 Beyond rondebalenpers.<\/strong><\/h2>\n<h4 data-spm-anchor-id=\"5176.28103460.0.i594.bc984fa5rlZb1k\">1.\u00a0<strong>Verenigde Staten \u2013 Hooiproducent in het Midwesten<\/strong><\/h4>\n<ul data-spm-anchor-id=\"5176.28103460.0.i593.bc984fa5rlZb1k\">\n<li><strong>Klant<\/strong>James R. Thompson, eigenaar van Thompson Family Farms<\/li>\n<li><strong>Locatie<\/strong>Iowa, Verenigde Staten<\/li>\n<li><strong>Aankoopdatum<\/strong>: mei 2024<\/li>\n<li><strong>Aangekochte eenheden<\/strong>: 2 eenheden<\/li>\n<li><strong>Sollicitatie<\/strong>: Het persen van luzerne en timotheegras tot balen voor veevoer en export<\/li>\n<li><strong>Getuigenis<\/strong>:<br \/>\n<blockquote><p>\u201cWe hebben in de loop der jaren drie Chinese balenpersen getest \u2013 dit is de eerste die het in ons eerste seizoen heeft volgehouden met meer dan 1200 balen zonder ook maar \u00e9\u00e9n storing. De netwikkeling is consistent en dankzij het touchscreen is de dichtheidsregeling moeiteloos. Voor deze prijs presteert hij beter dan machines die twee keer zo duur zijn.\u201d<\/p><\/blockquote>\n<p><img loading=\"lazy\" decoding=\"async\" class=\"aligncenter wp-image-215 size-full\" src=\"https:\/\/agricultural-baler.com\/wp-content\/uploads\/2025\/11\/0-application-baler-1.webp\" alt=\"toepassingsbalenpers\" width=\"600\" height=\"400\" srcset=\"https:\/\/agricultural-baler.com\/wp-content\/uploads\/2025\/11\/0-application-baler-1.webp 600w, https:\/\/agricultural-baler.com\/wp-content\/uploads\/2025\/11\/0-application-baler-1-480x320.webp 480w\" sizes=\"auto, (min-width: 0px) and (max-width: 480px) 480px, (min-width: 481px) 600px, 100vw\" \/><\/li>\n<\/ul>\n<hr \/>\n<h4>2.\u00a0<strong>Brazili\u00eb \u2013 Grootschalige aannemer voor soja- en ma\u00efsresten<\/strong><\/h4>\n<ul>\n<li><strong>Klant<\/strong>: AgroM\u00e1q Servi\u00e7os Agr\u00edcolas Ltda.<\/li>\n<li><strong>Locatie<\/strong>Mato Grosso, Brazili\u00eb<\/li>\n<li><strong>Aankoopdatum<\/strong>Maart 2024<\/li>\n<li><strong>Aangekochte eenheden<\/strong>: 5 eenheden<\/li>\n<li><strong>Sollicitatie<\/strong>Het persen van ma\u00efsstengels en sojastro tot balen voor biomassacentrales.<\/li>\n<li><strong>Getuigenis<\/strong>:<br \/>\n<blockquote><p>\u201cOnze oude Europese balenpersen raakten steeds verstopt in vochtige omstandigheden. De anti-wikkelingsfunctie en de versterkte rollen van de S9000 hebben alles veranderd. We werken nu 14 uur per dag tijdens de oogst met minimale stilstand. Terugverdientijd in minder dan 8 maanden.\u201d<\/p><\/blockquote>\n<\/li>\n<\/ul>\n<hr \/>\n<h4>3.\u00a0<strong>Rusland \u2013 Siberische zuivelco\u00f6peratie<\/strong><\/h4>\n<ul>\n<li><strong>Klant<\/strong>: OOO 'AgroSib Korm' (Siberische Voederco\u00f6peratie)<\/li>\n<li><strong>Locatie<\/strong>: Regio Novosibirsk, Rusland<\/li>\n<li><strong>Aankoopdatum<\/strong>Juni 2024<\/li>\n<li><strong>Aangekochte eenheden<\/strong>: 3 eenheden<\/li>\n<li><strong>Sollicitatie<\/strong>Hooibalen persen voor wintervoer van vee.<\/li>\n<li><strong>Getuigenis<\/strong>:<br \/>\n<blockquote><p>\u201cZelfs bij een starttemperatuur van -5\u00b0C werken de versnellingsbak en de aftakas feilloos. De mogelijkheid om 90\u00b0 te draaien is een echte uitkomst op onze kleine velden. We hebben het aan twee naburige boerderijen aanbevolen en zij hebben al een bestelling geplaatst.\u201d<\/p><\/blockquote>\n<h2><strong><img loading=\"lazy\" decoding=\"async\" class=\"aligncenter wp-image-222 size-full\" src=\"https:\/\/agricultural-baler.com\/wp-content\/uploads\/2025\/11\/0-9YG-2.24D-baler-3.webp\" alt=\"9YG-2.24D balenpers \" width=\"600\" height=\"400\" srcset=\"https:\/\/agricultural-baler.com\/wp-content\/uploads\/2025\/11\/0-9YG-2.24D-baler-3.webp 600w, https:\/\/agricultural-baler.com\/wp-content\/uploads\/2025\/11\/0-9YG-2.24D-baler-3-480x320.webp 480w\" sizes=\"auto, (min-width: 0px) and (max-width: 480px) 480px, (min-width: 481px) 600px, 100vw\" \/><\/strong><\/h2>\n<\/li>\n<\/ul>\n<hr \/>\n<h4>4.\u00a0<strong>Australi\u00eb \u2013 Gemengde akkerbouw- en veeteeltbedrijf<\/strong><\/h4>\n<ul>\n<li><strong>Klant<\/strong>Sarah &amp; Mark Jenkins, \u201cWheatridge Farm\u201d<\/li>\n<li><strong>Locatie<\/strong>Nieuw-Zuid-Wales, Australi\u00eb<\/li>\n<li><strong>Aankoopdatum<\/strong>Oktober 2024<\/li>\n<li><strong>Aangekochte eenheden<\/strong>: 1 eenheid<\/li>\n<li><strong>Sollicitatie<\/strong>Tarwestro wordt geperst tot balen voor strooisel in schapen en ge\u00ebxporteerd naar Japan.<\/li>\n<li><strong>Getuigenis<\/strong>:<br \/>\n<blockquote><p>\u201cNa de demonstratie bij onze lokale dealer waren we sceptisch, maar de controle over de balendichtheid is perfect. Japanse kopers waren enthousiast over de uniforme vorm en de strakke netwikkeling. Bovendien werden de reserveonderdelen vanuit hun distributiecentrum in Singapore binnen twee dagen geleverd toen we een vervangend mes nodig hadden.\u201d<\/p><\/blockquote>\n<p>&nbsp;<\/li>\n<\/ul>","protected":false},"excerpt":{"rendered":"<p>De 9YG-2.24D S9000 Beyond-versie is een agrarische ronde balenpers, ontworpen voor boerderijen wereldwijd, die geschikt is voor het verwerken van hooi, stro en biomassa onder uiteenlopende omstandigheden, van de vochtige velden van Brazili\u00eb tot de koude weiden van Siberi\u00eb.<\/p>","protected":false},"featured_media":219,"template":"","meta":{"_et_pb_use_builder":"","_et_pb_old_content":"","_et_gb_content_width":""},"product_brand":[],"product_cat":[23],"product_tag":[20,18,19,27],"class_list":{"0":"post-218","1":"product","2":"type-product","3":"status-publish","4":"has-post-thumbnail","6":"product_cat-round-baler","7":"product_tag-agricultural-baler","8":"product_tag-agricultural-round-baler","9":"product_tag-round-baler","10":"product_tag-s9000-round-baler","12":"first","13":"instock","14":"shipping-taxable","15":"product-type-simple"},"_links":{"self":[{"href":"https:\/\/agricultural-baler.com\/nl\/wp-json\/wp\/v2\/product\/218","targetHints":{"allow":["GET"]}}],"collection":[{"href":"https:\/\/agricultural-baler.com\/nl\/wp-json\/wp\/v2\/product"}],"about":[{"href":"https:\/\/agricultural-baler.com\/nl\/wp-json\/wp\/v2\/types\/product"}],"wp:featuredmedia":[{"embeddable":true,"href":"https:\/\/agricultural-baler.com\/nl\/wp-json\/wp\/v2\/media\/219"}],"wp:attachment":[{"href":"https:\/\/agricultural-baler.com\/nl\/wp-json\/wp\/v2\/media?parent=218"}],"wp:term":[{"taxonomy":"product_brand","embeddable":true,"href":"https:\/\/agricultural-baler.com\/nl\/wp-json\/wp\/v2\/product_brand?post=218"},{"taxonomy":"product_cat","embeddable":true,"href":"https:\/\/agricultural-baler.com\/nl\/wp-json\/wp\/v2\/product_cat?post=218"},{"taxonomy":"product_tag","embeddable":true,"href":"https:\/\/agricultural-baler.com\/nl\/wp-json\/wp\/v2\/product_tag?post=218"}],"curies":[{"name":"wp","href":"https:\/\/api.w.org\/{rel}","templated":true}]}}