{"id":287,"date":"2025-11-19T07:02:11","date_gmt":"2025-11-19T07:02:11","guid":{"rendered":"https:\/\/agricultural-baler.com\/?post_type=product&#038;p=287"},"modified":"2025-11-20T03:34:46","modified_gmt":"2025-11-20T03:34:46","slug":"agricultural-round-baler-9yg-2-24d-s9000-classic","status":"publish","type":"product","link":"https:\/\/agricultural-baler.com\/nb\/produkt\/landbruksrundballepresse-9yg-2-24d-s9000-classic\/","title":{"rendered":"Rundballepresse for landbruk \u2013 9YG-2.24D S9000 Classic"},"content":{"rendered":"<h2><strong data-spm-anchor-id=\"5176.28103460.0.i741.bc984fa5rlZb1k\">Produktoversikt: 9YG-2.24D S9000 klassisk rundballepresse<\/strong><\/h2>\n<p>De <strong>9YG-2.24D S9000 Classic<\/strong> er en h\u00f8yeffektiv, trekkbar rundballepresse for landbruket, konstruert for p\u00e5litelighet og ytelse under krevende \u00e5kerforhold. Med en pickupbredde p\u00e5 2,24 meter, sensorstyrt balletetthet og et robust valsebasert kompresjonskammer, leverer den ensartede nettpakkede baller med h\u00f8y tetthet, ideelle for h\u00f8y-, halm- og biomasseapplikasjoner.<\/p>\n<p>Utviklet for <strong>storskala g\u00e5rder, landbrukskooperativer og profesjonelle skreddersydde h\u00f8stingstjenester<\/strong>S9000 Classic balanserer dokumentert mekanisk holdbarhet med smarte driftsfunksjoner \u2013 noe som gj\u00f8r den til en kostnadseffektiv arbeidshest for regioner som prioriterer produktivitet, enkelt vedlikehold og langsiktig verdi.<\/p>\n<p>Denne modellen er bygget p\u00e5 \u00e5revis med felttestet design, og fungerer som det p\u00e5litelige fundamentet for v\u00e5r rundballepresseserie \u2013 og leverer konsistente resultater sesong etter sesong.<\/p>\n<p>&nbsp;<\/p>\n<h2><strong>Produktparametere<\/strong><\/h2>\n<div style=\"overflow-x: auto;\">\n<table style=\"max-width: 100%; overflow-x: auto;\" border=\"1\">\n<thead>\n<tr>\n<th style=\"width: 26.5625px;\">Ingen.<\/th>\n<th style=\"width: 244.562px;\">Punkt<\/th>\n<th style=\"width: 65.3906px;\">Enhet<\/th>\n<th style=\"width: 259.484px;\">Spesifikasjon<\/th>\n<\/tr>\n<\/thead>\n<tbody>\n<tr>\n<td style=\"width: 26.5625px;\">1<\/td>\n<td style=\"width: 244.562px;\">Modellnavn<\/td>\n<td style=\"width: 65.3906px;\">\/<\/td>\n<td style=\"width: 259.484px;\">9YG-2.24D rundballepresse (S9000 Classic)<\/td>\n<\/tr>\n<tr>\n<td style=\"width: 26.5625px;\">2<\/td>\n<td style=\"width: 244.562px;\">Tilhengerfestetype<\/td>\n<td style=\"width: 65.3906px;\">\/<\/td>\n<td style=\"width: 259.484px;\">Trekktype<\/td>\n<\/tr>\n<tr>\n<td style=\"width: 26.5625px;\">3<\/td>\n<td style=\"width: 244.562px;\">Pickupbredde<\/td>\n<td style=\"width: 65.3906px;\">mm<\/td>\n<td style=\"width: 259.484px;\">2240<\/td>\n<\/tr>\n<tr>\n<td style=\"width: 26.5625px;\">4<\/td>\n<td style=\"width: 244.562px;\">Pickup-strukturtype<\/td>\n<td style=\"width: 65.3906px;\">\/<\/td>\n<td style=\"width: 259.484px;\">Fj\u00e6rtanntype<\/td>\n<\/tr>\n<tr>\n<td style=\"width: 26.5625px;\">5<\/td>\n<td style=\"width: 244.562px;\">Type matingsmekanisme<\/td>\n<td style=\"width: 65.3906px;\">\/<\/td>\n<td style=\"width: 259.484px;\">Kamrulle + Rulletype<\/td>\n<\/tr>\n<tr>\n<td style=\"width: 26.5625px;\">6<\/td>\n<td style=\"width: 244.562px;\">Kompresjonskammerets ballemekanisme<\/td>\n<td style=\"width: 65.3906px;\">\/<\/td>\n<td style=\"width: 259.484px;\">Rulletype<\/td>\n<\/tr>\n<tr>\n<td style=\"width: 26.5625px;\">7<\/td>\n<td style=\"width: 244.562px;\">Kompresjonskammerbredde<\/td>\n<td style=\"width: 65.3906px;\">mm<\/td>\n<td style=\"width: 259.484px;\">1400<\/td>\n<\/tr>\n<tr>\n<td style=\"width: 26.5625px;\">8<\/td>\n<td style=\"width: 244.562px;\">Diameter p\u00e5 kompresjonskammeret<\/td>\n<td style=\"width: 65.3906px;\">mm<\/td>\n<td style=\"width: 259.484px;\">\u03a61200<\/td>\n<\/tr>\n<tr>\n<td style=\"width: 26.5625px;\">9<\/td>\n<td style=\"width: 244.562px;\">Antall komprimeringskomponenter<\/td>\n<td style=\"width: 65.3906px;\">stk<\/td>\n<td style=\"width: 259.484px;\">18 (valser)<\/td>\n<\/tr>\n<tr>\n<td style=\"width: 26.5625px;\">10<\/td>\n<td style=\"width: 244.562px;\">Diameter p\u00e5 komprimeringsvalsen<\/td>\n<td style=\"width: 65.3906px;\">mm<\/td>\n<td style=\"width: 259.484px;\">\u03a6222<\/td>\n<\/tr>\n<tr>\n<td style=\"width: 26.5625px;\">11<\/td>\n<td style=\"width: 244.562px;\">Ballemetode<\/td>\n<td style=\"width: 65.3906px;\">\/<\/td>\n<td style=\"width: 259.484px;\">Nettinnpakning<\/td>\n<\/tr>\n<tr>\n<td style=\"width: 26.5625px;\">12<\/td>\n<td style=\"width: 244.562px;\">N\u00f8dvendig str\u00f8m<\/td>\n<td style=\"width: 65.3906px;\">kW<\/td>\n<td style=\"width: 259.484px;\">55\u2013100<\/td>\n<\/tr>\n<tr>\n<td style=\"width: 26.5625px;\">13<\/td>\n<td style=\"width: 244.562px;\">Maskinvekt<\/td>\n<td style=\"width: 65.3906px;\">kg<\/td>\n<td style=\"width: 259.484px;\">4312<\/td>\n<\/tr>\n<tr>\n<td style=\"width: 26.5625px;\">14<\/td>\n<td style=\"width: 244.562px;\">Kraftuttakshastighet<\/td>\n<td style=\"width: 65.3906px;\">o\/min<\/td>\n<td style=\"width: 259.484px;\">720<\/td>\n<\/tr>\n<tr>\n<td style=\"width: 26.5625px;\">15<\/td>\n<td style=\"width: 244.562px;\">Totale m\u00e5l (L\u00d7B\u00d7H)<\/td>\n<td style=\"width: 65.3906px;\">mm<\/td>\n<td style=\"width: 259.484px;\">4470 \u00d7 3010 \u00d7 2370 (i drift)<\/td>\n<\/tr>\n<tr>\n<td style=\"width: 26.5625px;\">16<\/td>\n<td style=\"width: 244.562px;\">Kontroll av balletetthet<\/td>\n<td style=\"width: 65.3906px;\">\/<\/td>\n<td style=\"width: 259.484px;\">Sensorstyrt<\/td>\n<\/tr>\n<tr>\n<td style=\"width: 26.5625px;\">17<\/td>\n<td style=\"width: 244.562px;\">Ballest\u00f8rrelse (diameter \u00d7 bredde)<\/td>\n<td style=\"width: 65.3906px;\">mm<\/td>\n<td style=\"width: 259.484px;\">\u03a61300 \u00d7 1400<\/td>\n<\/tr>\n<tr>\n<td style=\"width: 26.5625px;\">18<\/td>\n<td style=\"width: 244.562px;\">Balletetthet<\/td>\n<td style=\"width: 65.3906px;\">kg\/m\u00b3<\/td>\n<td style=\"width: 259.484px;\">100\u2013200<\/td>\n<\/tr>\n<tr>\n<td style=\"width: 26.5625px;\">19<\/td>\n<td style=\"width: 244.562px;\">Produksjonsrate<\/td>\n<td style=\"width: 65.3906px;\">baller\/time<\/td>\n<td style=\"width: 259.484px;\">40\u2013100<\/td>\n<\/tr>\n<tr>\n<td style=\"width: 26.5625px;\">20<\/td>\n<td style=\"width: 244.562px;\">Akselavstand<\/td>\n<td style=\"width: 65.3906px;\">mm<\/td>\n<td style=\"width: 259.484px;\">2600<\/td>\n<\/tr>\n<tr>\n<td style=\"width: 26.5625px;\">21<\/td>\n<td style=\"width: 244.562px;\">Driftshastighet<\/td>\n<td style=\"width: 65.3906px;\">km\/t<\/td>\n<td style=\"width: 259.484px;\">5\u201335<\/td>\n<\/tr>\n<tr>\n<td style=\"width: 26.5625px;\">22<\/td>\n<td style=\"width: 244.562px;\">Nettinnpakningsst\u00f8rrelse (lengde \u00d7 bredde)<\/td>\n<td style=\"width: 65.3906px;\">\/<\/td>\n<td style=\"width: 259.484px;\">2000 \u00d7 1,4 m per balle<\/td>\n<\/tr>\n<\/tbody>\n<\/table>\n<\/div>\n<p><img loading=\"lazy\" decoding=\"async\" class=\"aligncenter wp-image-290 size-full\" src=\"https:\/\/agricultural-baler.com\/wp-content\/uploads\/2025\/11\/0-9YG-2.24D-baler-classic-2.webp\" alt=\"9YG-2.24D ballepresse klassisk 2\" width=\"945\" height=\"714\" srcset=\"https:\/\/agricultural-baler.com\/wp-content\/uploads\/2025\/11\/0-9YG-2.24D-baler-classic-2.webp 945w, https:\/\/agricultural-baler.com\/wp-content\/uploads\/2025\/11\/0-9YG-2.24D-baler-classic-2-480x363.webp 480w\" sizes=\"auto, (min-width: 0px) and (max-width: 480px) 480px, (min-width: 481px) 945px, 100vw\" \/><\/p>\n<h2><strong data-spm-anchor-id=\"5176.28103460.0.i745.bc984fa5rlZb1k\">Viktige innovasjoner og tekniske<\/strong><strong data-spm-anchor-id=\"5176.28103460.0.i745.bc984fa5rlZb1k\"> Fordeler<\/strong><\/h2>\n<h3>1.\u00a0<strong>Avansert trekkstang- og drivlinjesystem<\/strong><\/h3>\n<p>Ballepressen har en <strong>egenutviklet dobbel universalledd (dobbelt kryssledd) drivaksel<\/strong>, sammen med en integrert <strong>sikkerhetsmomentbegrensende aksel<\/strong>Denne konstruksjonen reduserer belastningen p\u00e5 transmisjonskomponenter betydelig under skarpe svinger \u2013 spesielt viktig for sm\u00e5 eller ujevne jorder. Ved \u00e5 forhindre fastkj\u00f8ring av drivlinjen og torsjonsoverbelastning, forbedrer den maskinens levetid og sikrer jevn drift i utfordrende terreng.<\/p>\n<h3>2.\u00a0<strong>Oppgradert hydraulisk system for raskere og jevnere drift<\/strong><\/h3>\n<p>Utstyrt med <strong>H-type koniske (bite-type) hydrauliske beslag<\/strong>, systemet t\u00e5ler h\u00f8yere arbeidstrykk, noe som muliggj\u00f8r <strong>raskere \u00e5pnings- og lukkingsykluser for ballekammeret<\/strong>En dedikert <strong>buffersylinder<\/strong> er installert i det bakre kammeret for \u00e5 absorbere st\u00f8t under lukking, noe som effektivt minimerer vibrasjonsindusert slitasje p\u00e5 strukturelle komponenter og forlenger levetiden.<\/p>\n<h3>3.\u00a0<strong>Kraftig girkasse og dobbelt tannhjulskammerdrift<\/strong><\/h3>\n<p>Den forsterkede <strong>kraftig girkasse<\/strong> leverer \u00f8kt transmisjonsmoment, noe som sikrer jevn kraftlevering selv under h\u00f8ye avlingsbelastninger. Kombinert med en <strong>dobbeltsidig tannhjulkjededrift<\/strong> For kompresjonskammeret gir denne konfigurasjonen balansert kraftfordeling, noe som resulterer i <strong>jevnere balleforming, redusert mekanisk belastning og h\u00f8yere driftseffektivitet<\/strong>\u2013 selv ved langvarig daglig bruk.<\/p>\n<p><img loading=\"lazy\" decoding=\"async\" class=\"aligncenter wp-image-291 size-full\" src=\"https:\/\/agricultural-baler.com\/wp-content\/uploads\/2025\/11\/0-baler-working.webp\" alt=\"ballepresse arbeider\" width=\"737\" height=\"712\" srcset=\"https:\/\/agricultural-baler.com\/wp-content\/uploads\/2025\/11\/0-baler-working.webp 737w, https:\/\/agricultural-baler.com\/wp-content\/uploads\/2025\/11\/0-baler-working-480x464.webp 480w\" sizes=\"auto, (min-width: 0px) and (max-width: 480px) 480px, (min-width: 481px) 737px, 100vw\" \/><\/p>\n<h2 data-spm-anchor-id=\"5176.28103460.0.i750.bc984fa5rlZb1k\"><strong>Bruksomr\u00e5der og fordeler<\/strong><\/h2>\n<h3><strong>Ideelle driftsforhold<\/strong><\/h3>\n<p>De <strong>9YG-2.24D S9000 Classic<\/strong> er en allsidig <a href=\"https:\/\/agricultural-baler.com\/nb\/\"><strong>landbruksballepresse<\/strong><\/a> konstruert for ulike jordbruksmilj\u00f8er \u2013 fra storskala kornproduserende regioner til beiteomr\u00e5der med fokus p\u00e5 husdyrhold. Den utmerker seg i:<\/p>\n<ul>\n<li><strong>T\u00f8rre eller halvt\u00f8rre h\u00f8y\u00e5kre<\/strong>\u00a0(alfalfa, kl\u00f8ver, gress) som en p\u00e5litelig\u00a0<strong>h\u00f8yballepresse<\/strong><\/li>\n<li><strong>Innsamling av halm etter innh\u00f8sting<\/strong>\u00a0etter hvete-, ris- eller maish\u00f8sting \u2013 ideelt for\u00a0<strong>halmballing<\/strong>\u00a0operasjoner<\/li>\n<li><strong>Biomassegjenvinning<\/strong>\u00a0av avlingsrester som siv, sorghummelstilker eller raps<\/li>\n<li><strong>Sm\u00e5 til mellomstore tomter<\/strong>\u00a0med hyppige svinger, takket v\u00e6re optimalisert drivlinje og kompakt svingradius<\/li>\n<\/ul>\n<p>Enten p\u00e5 flate sletter eller lett kupert terreng, dette <strong>rundballepresse<\/strong> leverer jevn ytelse under reelle feltforhold.<\/p>\n<h3><strong>\u00d8konomiske fordeler<\/strong><\/h3>\n<ul>\n<li>\u23f1\ufe0f\u00a0<strong>\u00d8ker produktiviteten<\/strong>Med en arbeidshastighet p\u00e5 5\u201335 km\/t og en effekt p\u00e5\u00a0<strong>40\u2013100 baller\/time<\/strong>, den\u00a0<strong>rundballepresse<\/strong>\u00a0reduserer felttiden betydelig sammenlignet med manuelt eller utdatert utstyr.<\/li>\n<li>?\u00a0<strong>Senker driftskostnadene<\/strong>Robust design minimerer havarier; enkelt vedlikehold reduserer arbeids- og reservedelsutgifter med opptil 30%.<\/li>\n<li>?\u00a0<strong>Forbedrer ballekvaliteten<\/strong>: Ensartet, h\u00f8y tetthet\u00a0<strong>h\u00f8yballer<\/strong>\u00a0(100\u2013200 kg\/m\u00b3) gir bedre priser i f\u00f4rmarkedene og reduserer transport-\/lagringstap.<\/li>\n<li>?\u00a0<strong>Kompatibel med traktorer i mellomklassen<\/strong>\u00a0(55\u2013100 kW), noe som gj\u00f8r den tilgjengelig for kostnadsbevisste g\u00e5rder uten at det g\u00e5r p\u00e5 bekostning av effektiviteten.<\/li>\n<\/ul>\n<h3><strong>Sosiale og milj\u00f8messige fordeler<\/strong><\/h3>\n<ul>\n<li>\u267b\ufe0f\u00a0<strong>Fremmer b\u00e6rekraftig landbruk<\/strong>Effektiv\u00a0<strong>halmballing<\/strong>\u00a0muliggj\u00f8r resirkulering av avlingsrester \u2013 reduserer brenning p\u00e5 \u00e5pen jord og senker luftforurensning.<\/li>\n<li>??\u200d?\u00a0<strong>Reduserer arbeidsavhengighet<\/strong>Automatiserer en tradisjonelt arbeidsintensiv oppgave, og letter presset p\u00e5 mangelen p\u00e5 arbeidskraft p\u00e5 landsbygda.<\/li>\n<li>?\u00a0<strong>St\u00f8tter sirkul\u00e6rt landbruk<\/strong>Halmballer blir verdifullt str\u00f8materiale, biodrivstoffr\u00e5stoff eller organisk gj\u00f8dsel \u2013 og lukker ressurssl\u00f8yfen.<\/li>\n<\/ul>\n<p><img loading=\"lazy\" decoding=\"async\" class=\"aligncenter wp-image-282 size-large\" src=\"https:\/\/agricultural-baler.com\/wp-content\/uploads\/2025\/11\/0-agricultural-baler-banner3-1024x317.webp\" alt=\"landbruksballepresse banner\" width=\"1024\" height=\"317\" srcset=\"https:\/\/agricultural-baler.com\/wp-content\/uploads\/2025\/11\/0-agricultural-baler-banner3-980x303.webp 980w, https:\/\/agricultural-baler.com\/wp-content\/uploads\/2025\/11\/0-agricultural-baler-banner3-480x149.webp 480w\" sizes=\"auto, (min-width: 0px) and (max-width: 480px) 480px, (min-width: 481px) and (max-width: 980px) 980px, (min-width: 981px) 1024px, 100vw\" \/><\/p>\n<h2>?\u00a0<strong>Ekte historier, ekte resultater: B\u00f8nder stoler p\u00e5 S9000 Classic rundballepresse<\/strong><\/h2>\n<hr \/>\n<h4>1.\u00a0<strong>USA \u2013 H\u00f8yprodusent i Midtvesten<\/strong><\/h4>\n<ul>\n<li><strong>Kunde<\/strong>Daniel Miller, eier av Miller Hay Farms<\/li>\n<li><strong>Sted<\/strong>Nebraska, USA<\/li>\n<li><strong>Kj\u00f8psdato<\/strong>april 2024<\/li>\n<li><strong>Kj\u00f8pte enheter<\/strong>3 enheter<\/li>\n<li><strong>S\u00f8knad<\/strong>Pressing av alfalfa og gressh\u00f8y til melkef\u00f4r<\/li>\n<li><strong>Anbefaling<\/strong>:<br \/>\n<blockquote><p>\u00abVi trengte en p\u00e5litelig h\u00f8yballepresse under $30K som kunne holde tritt med v\u00e5r 90 hk traktor. S9000 Classic leverte \u2013 over 100 baller\/dag uten blokkeringer under v\u00e5r v\u00e5te v\u00e5rh\u00f8st. Nettingen er tett, og pickup-h\u00e5ndtakene fanget h\u00f8yet bedre enn v\u00e5r gamle John Deere. For prisen er den usl\u00e5elig.\u00bb<\/p><\/blockquote>\n<\/li>\n<\/ul>\n<hr \/>\n<h4>2.\u00a0<strong>Ukraina \u2013 Korn- og husdyrkooperativ<\/strong><\/h4>\n<ul>\n<li><strong>Kunde<\/strong>: AgroSoyuz Tovarystvo (AgroSoyuz Cooperative)<\/li>\n<li><strong>Sted<\/strong>Poltava-regionen, Ukraina<\/li>\n<li><strong>Kj\u00f8psdato<\/strong>Juli 2024<\/li>\n<li><strong>Kj\u00f8pte enheter<\/strong>5 enheter<\/li>\n<li><strong>S\u00f8knad<\/strong>Pressing av hvetehalm til kvegstr\u00f8 og eksport<\/li>\n<li><strong>Anbefaling<\/strong>:<br \/>\n<blockquote><p>\u00abEtter at sanksjoner begrenset reservedeler til europeiske maskiner, byttet vi til denne kinesiske rundballepressen. Den kj\u00f8rer 12 timer i d\u00f8gnet p\u00e5 traktorer p\u00e5 85 hk. Den dobbeltsidige kjededriften forhindrer at beltet slurrer \u2013 et stort problem med v\u00e5re gamle modeller. Vi har allerede bestilt en tredje enhet.\u00bb<\/p><\/blockquote>\n<p><img loading=\"lazy\" decoding=\"async\" class=\"alignnone size-medium wp-image-222\" src=\"https:\/\/agricultural-baler.com\/wp-content\/uploads\/2025\/11\/0-9YG-2.24D-baler-3-300x200.webp\" alt=\"9YG-2.24D ballepresse\" width=\"300\" height=\"200\" \/><\/li>\n<\/ul>\n<hr \/>\n<h4>3.\u00a0<strong>Mongolia \u2013 Steppe-hyrdeg\u00e5rd<\/strong><\/h4>\n<ul>\n<li><strong>Kunde<\/strong>Batbayar Enkhbold, leder i Gobi Agro LLC<\/li>\n<li><strong>Sted<\/strong>: \u00d6v\u00f6rkhangai-provinsen, Mongolia<\/li>\n<li><strong>Kj\u00f8psdato<\/strong>september 2024<\/li>\n<li><strong>Kj\u00f8pte enheter<\/strong>1 enhet<\/li>\n<li><strong>S\u00f8knad<\/strong>Naturlig engh\u00f8ypressing for vinterf\u00f4r til husdyr<\/li>\n<li><strong>Anbefaling<\/strong>:<br \/>\n<blockquote><p>\u00abBeitemarkene v\u00e5re er steinete og ujevne, men denne landbrukspressen h\u00e5ndterer det bra. Bakkeklaringen er justerbar, og sikkerhetsmomentakselen reddet oss to ganger da vi traff skjulte steiner. Levering fra Kina tok bare 22 dager \u2013 raskere enn lokale forhandlere!\u00bb<\/p><\/blockquote>\n<\/li>\n<\/ul>\n<hr \/>\n<h4>4.\u00a0<strong>Argentina \u2013 Entrepren\u00f8r for soyab\u00f8nnerester<\/strong><\/h4>\n<ul>\n<li><strong>Kunde<\/strong>: CampoLimpio Servicios Agr\u00edcolas<\/li>\n<li><strong>Sted<\/strong>C\u00f3rdoba, Argentina<\/li>\n<li><strong>Kj\u00f8psdato<\/strong>februar 2025<\/li>\n<li><strong>Kj\u00f8pte enheter<\/strong>3 enheter<\/li>\n<li><strong>S\u00f8knad<\/strong>Pressing av soyab\u00f8nner og maisstengler for biomassekraftverk<\/li>\n<li><strong>Anbefaling<\/strong>:<br \/>\n<blockquote><p>\u00abVi testet fem ballepresser for fuktighetsholdige rester. Bare S9000 Classic tettet seg ikke. Kombinasjonen av fj\u00e6rtann-pickup og anti-wrap-valse fungerer som magi. Avkastning p\u00e5 investeringen p\u00e5 6 m\u00e5neder \u2013 n\u00e5 bytter vi ut hele maskinparken v\u00e5r.\u00bb<\/p><\/blockquote>\n<\/li>\n<\/ul>\n<hr \/>\n<h4>5.\u00a0<strong>Vietnam \u2013 Initiativ for resirkulering av risstr\u00e5<\/strong><\/h4>\n<ul>\n<li><strong>Kunde<\/strong>Mekong Green Energy Co., Ltd.<\/li>\n<li><strong>Sted<\/strong>An Giang-provinsen, Vietnam<\/li>\n<li><strong>Kj\u00f8psdato<\/strong>november 2024<\/li>\n<li><strong>Kj\u00f8pte enheter<\/strong>8 enheter (for bondekooperativprogrammet)<\/li>\n<li><strong>S\u00f8knad<\/strong>Innsamling av risstr\u00e5 for \u00e5 forsyne pelletsfabrikker<\/li>\n<li><strong>Anbefaling<\/strong>:<br \/>\n<blockquote>\n<p data-spm-anchor-id=\"5176.28103460.0.i754.bc984fa5rlZb1k\">\u00abMyndighetene forb\u00f8d brenning p\u00e5 jordet, s\u00e5 vi trengte rimelige halmpresser raskt. Denne rundballepressen kj\u00f8rer p\u00e5 75 hk traktorer som er vanlige her. Enkel betjening \u2013 b\u00f8ndene mestret den i \u00e9n demonstrasjon. Vedlikeholdet er enkelt, og deler kommer fra Guangzhou p\u00e5 3 dager.\u00bb<\/p>\n<\/blockquote>\n<p data-spm-anchor-id=\"5176.28103460.0.i754.bc984fa5rlZb1k\">\n<\/li>\n<\/ul>\n<h2><strong>Vanlige sp\u00f8rsm\u00e5l<\/strong><\/h2>\n<p><em><strong>Q: Hvilke avlinger er denne ballepressen egnet for?<\/strong><\/em><\/p>\n<p>A: 9YG-2.24D S9000 Classic er egnet for en rekke avlinger, inkludert h\u00f8y (alfalfa, kl\u00f8ver), halm (hvete, ris) og biomassematerialer som sorghumstilker.<\/p>\n<p><em><strong>Q: Hvilken traktorkraft kreves?<\/strong><\/em><\/p>\n<p>A: Denne rundballepressen fungerer effektivt med traktorer fra 55 til 100 kW (75 til 135 hk).<\/p>\n<p><em><strong>Sp\u00f8rsm\u00e5l: Hva er avlingen under v\u00e5te halmforhold?<\/strong><\/em><\/p>\n<p>A: Under v\u00e5te forhold kan produksjonen variere, men ligger vanligvis mellom 40 og 60 baller i timen p\u00e5 grunn av lavere prosesseringshastigheter.<\/p>\n<p><em><strong>Sp\u00f8rsm\u00e5l: Hvilke oppgraderinger er det sammenlignet med den eldre S8000-modellen?<\/strong><\/em><\/p>\n<p>A: Sammenlignet med S8000 har S9000 Classic forbedret drivlinjeholdbarhet, forbedrede hydrauliske systemer og \u00f8kt girmoment for bedre ytelse i utfordrende terreng.<\/p>\n<p>&nbsp;<\/p>","protected":false},"excerpt":{"rendered":"<p>Denne rundballepressen for landbruk er en p\u00e5litelig, trukket rundballepresse for landbruk, bygget for pressing av h\u00f8y, halm og biomasse. Med en pickupbredde p\u00e5 2,24 m og sensorstyrt tetthet produserer den ensartede nettpakkede baller p\u00e5 1,3 m med 40\u2013100 baller\/time.<\/p>","protected":false},"featured_media":288,"template":"","meta":{"_et_pb_use_builder":"","_et_pb_old_content":"","_et_gb_content_width":""},"product_brand":[],"product_cat":[23],"product_tag":[18,19,27],"class_list":{"0":"post-287","1":"product","2":"type-product","3":"status-publish","4":"has-post-thumbnail","6":"product_cat-round-baler","7":"product_tag-agricultural-round-baler","8":"product_tag-round-baler","9":"product_tag-s9000-round-baler","11":"first","12":"instock","13":"shipping-taxable","14":"product-type-simple"},"_links":{"self":[{"href":"https:\/\/agricultural-baler.com\/nb\/wp-json\/wp\/v2\/product\/287","targetHints":{"allow":["GET"]}}],"collection":[{"href":"https:\/\/agricultural-baler.com\/nb\/wp-json\/wp\/v2\/product"}],"about":[{"href":"https:\/\/agricultural-baler.com\/nb\/wp-json\/wp\/v2\/types\/product"}],"wp:featuredmedia":[{"embeddable":true,"href":"https:\/\/agricultural-baler.com\/nb\/wp-json\/wp\/v2\/media\/288"}],"wp:attachment":[{"href":"https:\/\/agricultural-baler.com\/nb\/wp-json\/wp\/v2\/media?parent=287"}],"wp:term":[{"taxonomy":"product_brand","embeddable":true,"href":"https:\/\/agricultural-baler.com\/nb\/wp-json\/wp\/v2\/product_brand?post=287"},{"taxonomy":"product_cat","embeddable":true,"href":"https:\/\/agricultural-baler.com\/nb\/wp-json\/wp\/v2\/product_cat?post=287"},{"taxonomy":"product_tag","embeddable":true,"href":"https:\/\/agricultural-baler.com\/nb\/wp-json\/wp\/v2\/product_tag?post=287"}],"curies":[{"name":"wp","href":"https:\/\/api.w.org\/{rel}","templated":true}]}}