{"id":218,"date":"2025-11-18T08:42:09","date_gmt":"2025-11-18T08:42:09","guid":{"rendered":"https:\/\/agricultural-baler.com\/?post_type=product&#038;p=218"},"modified":"2025-11-20T03:34:47","modified_gmt":"2025-11-20T03:34:47","slug":"agricultural-round-baler-9yg-2-24d-s9000-beyond-version","status":"publish","type":"product","link":"https:\/\/agricultural-baler.com\/nb\/produkt\/landbruksrundballepresse-9yg-2-24d-s9000-beyond-versjon\/","title":{"rendered":"Rundballepresse for landbruk \u2013 9YG-2.24D S9000 Beyond-versjon"},"content":{"rendered":"<h2><strong>Produkth\u00f8ydepunkter<\/strong><\/h2>\n<ol>\n<li><strong>Hurtigkobling<\/strong>N\u00e5r ballepressen kobles til traktoren, kan den horisontale trekkstangen rotere fleksibelt opp og ned, slik at traktorens tilhengerfeste griper jevnt inn i koblingspunktet.<\/li>\n<li><strong>Redusert svingradius<\/strong>Den doble girkassen tillater rotasjon p\u00e5 90 grader til venstre og h\u00f8yre, noe som forbedrer man\u00f8vrerbarheten betydelig under svinger og retningsendringer n\u00e5r ballepressen taues. Kraften trenger ikke \u00e5 kobles fra under svinger, noe som gj\u00f8r betjeningen mer praktisk og reduserer f\u00f8rertretthet. I tillegg forbedrer kraftoverf\u00f8ringen gjennom girkassen den generelle effektiviteten.<\/li>\n<li><strong>H\u00f8y stabilitet og holdbarhet<\/strong>Dobbeltgirkassen er stivt koblet til trekkstangrammen, noe som gir utmerket strukturell stabilitet. Denne konstruksjonen forhindrer skade p\u00e5 trekkstangen eller drivakselen for\u00e5rsaket av torsjonsspenninger ved kj\u00f8ring i ujevnt terreng.<\/li>\n<\/ol>\n<h3><strong data-spm-anchor-id=\"5176.28103460.0.i562.bc984fa5rlZb1k\">Tekniske spesifikasjoner<\/strong><\/h3>\n<div style=\"overflow-x: auto;\">\n<table style=\"max-width: 100%; overflow-x: auto;\" border=\"1\">\n<thead>\n<tr>\n<th>Ingen.<\/th>\n<th>Punkt<\/th>\n<th>Enhet<\/th>\n<th>Spesifikasjon<\/th>\n<\/tr>\n<\/thead>\n<tbody>\n<tr>\n<td>1<\/td>\n<td>Modellnavn<\/td>\n<td>\/<\/td>\n<td>9YG-2.24D rundballepresse (S9000 Beyond)<\/td>\n<\/tr>\n<tr>\n<td>2<\/td>\n<td>Tilhengerfestetype<\/td>\n<td>\/<\/td>\n<td>Traktorens trekkstang (trekkstang)<\/td>\n<\/tr>\n<tr>\n<td>3<\/td>\n<td>Pickupbredde<\/td>\n<td>mm<\/td>\n<td>2240<\/td>\n<\/tr>\n<tr>\n<td>4<\/td>\n<td>Pickup-strukturtype<\/td>\n<td>\/<\/td>\n<td>Fj\u00e6rtanntype<\/td>\n<\/tr>\n<tr>\n<td>5<\/td>\n<td>Type matingsmekanisme<\/td>\n<td>\/<\/td>\n<td>Kam + Rulletype<\/td>\n<\/tr>\n<tr>\n<td>6<\/td>\n<td>Kompresjonskammerets ballemekanisme<\/td>\n<td>\/<\/td>\n<td>Rulletype<\/td>\n<\/tr>\n<tr>\n<td>7<\/td>\n<td>Kompresjonskammerbredde<\/td>\n<td>mm<\/td>\n<td>1400<\/td>\n<\/tr>\n<tr>\n<td>8<\/td>\n<td>Diameter p\u00e5 kompresjonskammeret<\/td>\n<td>mm<\/td>\n<td>\u03a61200<\/td>\n<\/tr>\n<tr>\n<td>9<\/td>\n<td>Antall komprimeringskomponenter<\/td>\n<td>stk<\/td>\n<td>18 (valser)<\/td>\n<\/tr>\n<tr>\n<td>10<\/td>\n<td>Diameter p\u00e5 komprimeringsvalsen<\/td>\n<td>mm<\/td>\n<td>\u03a6222<\/td>\n<\/tr>\n<tr>\n<td>11<\/td>\n<td>Ballemetode<\/td>\n<td>\/<\/td>\n<td>Nettinnpakning<\/td>\n<\/tr>\n<tr>\n<td>12<\/td>\n<td>N\u00f8dvendig str\u00f8m<\/td>\n<td>kW<\/td>\n<td>55\u2013100<\/td>\n<\/tr>\n<tr>\n<td>13<\/td>\n<td>Maskinvekt<\/td>\n<td>kg<\/td>\n<td>4570<\/td>\n<\/tr>\n<tr>\n<td>14<\/td>\n<td>Kraftuttakshastighet<\/td>\n<td>o\/min<\/td>\n<td>720<\/td>\n<\/tr>\n<tr>\n<td>15<\/td>\n<td>Totale m\u00e5l (L\u00d7B\u00d7H)<\/td>\n<td>mm<\/td>\n<td>4600 \u00d7 3010 \u00d7 2370 (i drift)<\/td>\n<\/tr>\n<tr>\n<td>16<\/td>\n<td>Kontroll av balletetthet<\/td>\n<td>\/<\/td>\n<td>Sensorstyrt<\/td>\n<\/tr>\n<tr>\n<td>17<\/td>\n<td>Ballest\u00f8rrelse (diameter \u00d7 bredde)<\/td>\n<td>mm<\/td>\n<td>\u03a61300 \u00d7 1400<\/td>\n<\/tr>\n<tr>\n<td>18<\/td>\n<td>Balletetthet<\/td>\n<td>kg\/m\u00b3<\/td>\n<td>100\u2013200<\/td>\n<\/tr>\n<tr>\n<td>19<\/td>\n<td>Produksjonsrate<\/td>\n<td>baller\/time<\/td>\n<td>40\u2013100<\/td>\n<\/tr>\n<tr>\n<td>20<\/td>\n<td>Akselavstand<\/td>\n<td>mm<\/td>\n<td>2600<\/td>\n<\/tr>\n<tr>\n<td>21<\/td>\n<td>Driftshastighet<\/td>\n<td>km\/t<\/td>\n<td>5\u201335<\/td>\n<\/tr>\n<tr>\n<td>22<\/td>\n<td>Nettinnpakningsst\u00f8rrelse (lengde \u00d7 bredde)<\/td>\n<td>\/<\/td>\n<td>2000 \u00d7 1,4 m per balle<\/td>\n<\/tr>\n<\/tbody>\n<\/table>\n<\/div>\n<h2><strong>Viktige innovasjoner<\/strong><\/h2>\n<p><img loading=\"lazy\" decoding=\"async\" class=\"aligncenter wp-image-220 size-full\" src=\"https:\/\/agricultural-baler.com\/wp-content\/uploads\/2025\/11\/0-9YG-2.24D-baler-2.webp\" alt=\"9YG-2.24D ballepresse \" width=\"853\" height=\"718\" srcset=\"https:\/\/agricultural-baler.com\/wp-content\/uploads\/2025\/11\/0-9YG-2.24D-baler-2.webp 853w, https:\/\/agricultural-baler.com\/wp-content\/uploads\/2025\/11\/0-9YG-2.24D-baler-2-480x404.webp 480w\" sizes=\"auto, (min-width: 0px) and (max-width: 480px) 480px, (min-width: 481px) 853px, 100vw\" \/><\/p>\n<h3>S9000 intelligent kontrollsystem<\/h3>\n<ul>\n<li>Ber\u00f8ringsskjerm menneske-maskin-grensesnitt: Gir en intuitiv driftsopplevelse som viser driftsstatus, antall bunter og feilkoder i sanntid, noe som sikrer driftsgjennomsiktighet og enkelt vedlikehold.<\/li>\n<li>Forh\u00e5ndsinnstilt tetthet og automatisk minnefunksjon: St\u00f8tter tre forh\u00e5ndsinnstilte tetthetsalternativer (myk\/medium\/fast) for \u00e5 m\u00f8te behovene til ulike avlinger. Systemet har en automatisk minnefunksjon som husker brukerpreferanser, noe som forenkler driftsprosessen.<\/li>\n<\/ul>\n<h3>Forbedret hentesystem<\/h3>\n<ul>\n<li>Forsterkede tenner + Anti-tangle-valse: Bruker spesialdesignede tenner og en anti-tangle-valse for effektivt \u00e5 h\u00e5ndtere utfordringene med v\u00e5te og h\u00f8yavkastende avlinger, noe som forbedrer arbeidseffektiviteten.<\/li>\n<li>Justerbar bakkeklaring for pickup: Justerer pickuph\u00f8yden i henhold til ulike terrengforhold for \u00e5 tilpasse seg varierende arbeidsmilj\u00f8er, noe som sikrer kontinuerlig og stabil drift.<\/li>\n<\/ul>\n<h3>Beyond Version Transmission Reinforcement<\/h3>\n<ul>\n<li>Oppgradert dobbel girkasse: Bruker en 90\u00b0 rotasjonsdesign og oppn\u00e5r fullstendig forseglet sm\u00f8ring, noe som forbedrer mekanisk effektivitet og holdbarhet.<\/li>\n<li>Kraftig universalledd + overbelastningsbeskyttet skj\u00e6rbolt: Utstyrt med et mer robust universalledd og overbelastningsbeskyttede skj\u00e6rbolter for \u00e5 forhindre mekanisk skade, noe som forbedrer systemets p\u00e5litelighet og sikkerhet.<\/li>\n<\/ul>\n<h3>Rask vedlikeholdsdesign<\/h3>\n<ul>\n<li>Modul\u00e6r knytemaskin: Den modul\u00e6re designen muliggj\u00f8r bladbytte innen 5 minutter, noe som reduserer nedetiden betydelig.<\/li>\n<li>Sentralisert plassering av slitedeler: Slitedeler er sentralt plassert for enkel tilgang, noe som optimaliserer vedlikeholdsprosessen, \u00f8ker vedlikeholdseffektiviteten med opptil 40% og reduserer vedlikeholdstid og -kostnader.<\/li>\n<\/ul>\n<h2><strong>Bruksomr\u00e5der: Der 9YG-2.24D S9000 Beyond rundballepresse leverer eksepsjonell ytelse<\/strong><\/h2>\n<p><img loading=\"lazy\" decoding=\"async\" class=\"aligncenter wp-image-94 size-full\" src=\"https:\/\/agricultural-baler.com\/wp-content\/uploads\/2025\/11\/0-baler-application.webp\" alt=\"ballepresseapplikasjon\" width=\"807\" height=\"759\" srcset=\"https:\/\/agricultural-baler.com\/wp-content\/uploads\/2025\/11\/0-baler-application.webp 807w, https:\/\/agricultural-baler.com\/wp-content\/uploads\/2025\/11\/0-baler-application-480x451.webp 480w\" sizes=\"auto, (min-width: 0px) and (max-width: 480px) 480px, (min-width: 481px) 807px, 100vw\" \/><\/p>\n<ol data-spm-anchor-id=\"5176.28103460.0.i575.bc984fa5rlZb1k\">\n<li><strong>Melke- og kj\u00f8ttfeg\u00e5rder \u2013 Premium h\u00f8yballing<\/strong><br \/>\nIdeell for <strong>rundballepresseoperasjoner<\/strong> I storskala meieri- og storfekj\u00f8ttproduksjon bearbeider denne maskinen effektivt alfalfa, kl\u00f8ver og gress til h\u00f8ydensitets, v\u00e6rbestandig materiale. <strong>h\u00f8yballer<\/strong>\u2013 sikrer jevn f\u00f4rkvalitet \u00e5ret rundt.<\/li>\n<li>\n<p data-spm-anchor-id=\"5176.28103460.0.i574.bc984fa5rlZb1k\"><strong>Resirkulering av kornavlingsrester \u2013 halmpressing etter innh\u00f8sting<\/strong><br \/>\nEtter innh\u00f8stingen av hvete, ris eller mais, <strong>S9000 Beyond rundballepresse<\/strong> samler raskt opp og komprimerer rester av halm til en jevn masse <strong>landbruksballer<\/strong>, og omdanner avfall til verdifull biomasse for str\u00f8, biodrivstoff eller jordforbedring.<\/p>\n<\/li>\n<li><strong>Spesialavlingsh\u00e5ndtering \u2013 Balling av krevende biomasse<\/strong><br \/>\nFra sukkerr\u00f8rtopper og rapsstilker til siv og miscanthus, dette <strong>kraftig ballepresse<\/strong> h\u00e5ndterer vanskelige, fuktige eller sammenfiltrede avlingsrester med letthet \u2013 noe som gj\u00f8r den til et toppvalg for <strong>biomasseballing<\/strong> innen energi og industrielle applikasjoner.<\/li>\n<li><strong>Storskala f\u00f4rentrepren\u00f8rer \u2013 H\u00f8yeffektive feltoperasjoner<\/strong><br \/>\nUtviklet for entrepren\u00f8rer som forvalter tusenvis av m\u00e5l, <strong>9YG-2.24D <a href=\"https:\/\/agricultural-baler.com\/nb\/\">rundballepresse<\/a><\/strong> leverer uovertruffen hastighet (opptil 100 baller\/time) og p\u00e5litelighet under intensive <strong>ballesesongene<\/strong>, minimerer nedetid og maksimerer avkastningen p\u00e5 investeringen.<\/li>\n<li><strong>Milj\u00f8vennlig landbruk og karbonkredittprogrammer<\/strong><br \/>\nVed \u00e5 muliggj\u00f8re effektiv <strong>samling av halmballer<\/strong> i stedet for \u00e5 brenne \u00e5keren, dette <strong>smart rundballepresse<\/strong> st\u00f8tter b\u00e6rekraftig landbrukspraksis og hjelper b\u00f8nder med \u00e5 kvalifisere seg for milj\u00f8insentiver og karbonkredittordninger.<\/li>\n<li><strong>Eksportorienterte h\u00f8yprodusenter \u2013 oppfyller internasjonale standarder<\/strong><br \/>\nMed presis <strong>kontroll av balletetthet<\/strong> og nettinnpakningskonsistens, produserer maskinen eksportkvalitet <strong>runde h\u00f8yballer<\/strong> som oppfyller strenge kvalitetskrav i markeder som Japan, S\u00f8r-Korea og Midt\u00f8sten.<\/li>\n<\/ol>\n<p>&nbsp;<\/p>\n<h2 data-spm-anchor-id=\"5176.28103460.0.i580.bc984fa5rlZb1k\"><strong>Sertifiseringer og samsvar<\/strong><\/h2>\n<ul>\n<li><strong>ISO 9001 kvalitetsstyringssystem<\/strong><br \/>\nSertifisert for konsistent produktkvalitet, prosesskontroll og kontinuerlig forbedring innen design og produksjon.<\/li>\n<li><strong>CE-sertifisering (valgfri konfigurasjon)<\/strong><br \/>\nTilgjengelig p\u00e5 foresp\u00f8rsel for modeller beregnet for E\u00d8S-omr\u00e5det, noe som sikrer samsvar med sikkerhetskravene i EUs maskindirektiv 2006\/42\/EF.<\/li>\n<li><strong>Nasjonalt vurderingssertifikat for landbruksmaskiner<\/strong><br \/>\nOffisielt godkjent av Kinas landbruks- og landbruksdepartement, noe som kvalifiserer ballepressen for inkludering i nasjonale og provinsielle subsidieprogrammer.<\/li>\n<li>\n<p data-spm-anchor-id=\"5176.28103460.0.i581.bc984fa5rlZb1k\"><strong>Samsvar med nasjonale og internasjonale sikkerhetsstandarder<\/strong><br \/>\nUtviklet og testet for \u00e5 oppfylle kinesiske GB-standarder samt viktige eksportmarkedsforskrifter (inkludert Russlands EAC, Mongolias MNS og generelle ISO\/EN-sikkerhetsretningslinjer for landbruksmaskiner).<\/p>\n<\/li>\n<\/ul>\n<p><img loading=\"lazy\" decoding=\"async\" class=\"aligncenter wp-image-73 size-full\" src=\"https:\/\/agricultural-baler.com\/wp-content\/uploads\/2025\/11\/0-certificates-1.webp\" alt=\"sertifikater\" width=\"1587\" height=\"607\" srcset=\"https:\/\/agricultural-baler.com\/wp-content\/uploads\/2025\/11\/0-certificates-1.webp 1587w, https:\/\/agricultural-baler.com\/wp-content\/uploads\/2025\/11\/0-certificates-1-1280x490.webp 1280w, https:\/\/agricultural-baler.com\/wp-content\/uploads\/2025\/11\/0-certificates-1-980x375.webp 980w, https:\/\/agricultural-baler.com\/wp-content\/uploads\/2025\/11\/0-certificates-1-480x184.webp 480w\" sizes=\"auto, (min-width: 0px) and (max-width: 480px) 480px, (min-width: 481px) and (max-width: 980px) 980px, (min-width: 981px) and (max-width: 1280px) 1280px, (min-width: 1281px) 1587px, 100vw\" \/><\/p>\n<p>&nbsp;<\/p>\n<h3 data-spm-anchor-id=\"5176.28103460.0.i588.bc984fa5rlZb1k\">\u00a0<strong>Ettersalgsst\u00f8tte \u2013 bygget for global p\u00e5litelighet<\/strong><\/h3>\n<ul>\n<li>\n<p data-spm-anchor-id=\"5176.28103460.0.i587.bc984fa5rlZb1k\"><strong>Global levering av reservedeler p\u00e5 48 timer<\/strong><br \/>\nKritiske slitedeler (belter, kniver, lagre, nettruller osv.) er lagret p\u00e5 regionale lagre i Asia, Europa og Amerika \u2013 noe som sikrer levering innen 48 timer etter ordrebekreftelse.<\/p>\n<\/li>\n<li><strong>Flerspr\u00e5klig ekstern teknisk st\u00f8tte<\/strong><br \/>\nV\u00e5re ekspertingeni\u00f8rer tilbyr assistanse i sanntid via telefon, e-post eller direkte videosamtale p\u00e5 engelsk, russisk, spansk, portugisisk og mongolsk \u2013 og hjelper deg med \u00e5 l\u00f8se problemer raskt, selv ute i felten.<\/li>\n<li><strong>Omfattende oppl\u00e6ringsressurser<\/strong><br \/>\nTilgang p\u00e5 foresp\u00f8rsel <strong>videoer med driftsoppl\u00e6ring<\/strong>, interaktive feils\u00f8kingsguider og nedlastbare <strong>digitale brukermanualer<\/strong> n\u00e5r som helst via kundeportalen eller mobilappen v\u00e5r.<\/li>\n<li><strong>Valgfri utvidet garanti (1\u20133 \u00e5r)<\/strong><br \/>\nVelg fleksible utvidede dekningsplaner for \u00e5 beskytte investeringen din utover standard garantiperiode \u2013 og dekker hovedkomponenter uten skjulte avgifter.<\/li>\n<\/ul>\n<h2><strong data-spm-anchor-id=\"5176.28103460.0.i592.bc984fa5rlZb1k\">\u00a0Globale b\u00f8nder stoler p\u00e5 S9000 Beyond rundballepresse<\/strong><\/h2>\n<h4 data-spm-anchor-id=\"5176.28103460.0.i594.bc984fa5rlZb1k\">1.\u00a0<strong>USA \u2013 H\u00f8yprodusent i Midtvesten<\/strong><\/h4>\n<ul data-spm-anchor-id=\"5176.28103460.0.i593.bc984fa5rlZb1k\">\n<li><strong>Kunde<\/strong>James R. Thompson, eier av Thompson Family Farms<\/li>\n<li><strong>Sted<\/strong>Iowa, USA<\/li>\n<li><strong>Kj\u00f8psdato<\/strong>Mai 2024<\/li>\n<li><strong>Kj\u00f8pte enheter<\/strong>2 enheter<\/li>\n<li><strong>S\u00f8knad<\/strong>Pressing av alfalfa- og timoteigras for melkef\u00f4r og eksport<\/li>\n<li><strong>Anbefaling<\/strong>:<br \/>\n<blockquote><p>\u00abVi har testet tre kinesiske ballepresser gjennom \u00e5rene \u2013 dette er den f\u00f8rste som har holdt stand gjennom over 1200 baller i v\u00e5r f\u00f8rste sesong uten et eneste havari. Nettinnpakningen er jevn, og ber\u00f8ringsskjermen gj\u00f8r tetthetskontrollen uanstrengt. For prisen overg\u00e5r den maskiner som er dobbelt s\u00e5 dyre.\u00bb<\/p><\/blockquote>\n<p><img loading=\"lazy\" decoding=\"async\" class=\"aligncenter wp-image-215 size-full\" src=\"https:\/\/agricultural-baler.com\/wp-content\/uploads\/2025\/11\/0-application-baler-1.webp\" alt=\"p\u00e5f\u00f8ringsballepresse\" width=\"600\" height=\"400\" srcset=\"https:\/\/agricultural-baler.com\/wp-content\/uploads\/2025\/11\/0-application-baler-1.webp 600w, https:\/\/agricultural-baler.com\/wp-content\/uploads\/2025\/11\/0-application-baler-1-480x320.webp 480w\" sizes=\"auto, (min-width: 0px) and (max-width: 480px) 480px, (min-width: 481px) 600px, 100vw\" \/><\/li>\n<\/ul>\n<hr \/>\n<h4>2.\u00a0<strong>Brasil \u2013 Storskala entrepren\u00f8r for soyab\u00f8nne- og maisrester<\/strong><\/h4>\n<ul>\n<li><strong>Kunde<\/strong>: AgroM\u00e1q Servi\u00e7os Agr\u00edcolas Ltda.<\/li>\n<li><strong>Sted<\/strong>Mato Grosso, Brasil<\/li>\n<li><strong>Kj\u00f8psdato<\/strong>mars 2024<\/li>\n<li><strong>Kj\u00f8pte enheter<\/strong>5 enheter<\/li>\n<li><strong>S\u00f8knad<\/strong>Pressing av maisstengler og soyab\u00f8nnehalm for biomassekraftverk<\/li>\n<li><strong>Anbefaling<\/strong>:<br \/>\n<blockquote><p>\u00abV\u00e5re gamle europeiske ballepresser tettet seg stadig i fuktige forhold. S9000s anti-wrap pickup og forsterkede valser forandret alt. Vi kj\u00f8rer n\u00e5 14 timer\/dag under innh\u00f8stingen med minimal nedetid. Avkastning p\u00e5 investeringen p\u00e5 under 8 m\u00e5neder.\u00bb<\/p><\/blockquote>\n<\/li>\n<\/ul>\n<hr \/>\n<h4>3.\u00a0<strong>Russland \u2013 Sibirsk meierikooperativ<\/strong><\/h4>\n<ul>\n<li><strong>Kunde<\/strong>OOO 'AgroSib Korm' (Sibirsk f\u00f4rkooperativ)<\/li>\n<li><strong>Sted<\/strong>Novosibirsk-regionen, Russland<\/li>\n<li><strong>Kj\u00f8psdato<\/strong>juni 2024<\/li>\n<li><strong>Kj\u00f8pte enheter<\/strong>3 enheter<\/li>\n<li><strong>S\u00f8knad<\/strong>Engh\u00f8ypressing for vinterf\u00f4r til storfe<\/li>\n<li><strong>Anbefaling<\/strong>:<br \/>\n<blockquote><p>\u00abSelv ved -5 \u00b0C om morgenen fungerer girkassen og kraftuttakssystemet feilfritt. 90\u00b0-svingfunksjonen er banebrytende p\u00e5 v\u00e5re sm\u00e5 jorder. Vi har anbefalt den til to nabog\u00e5rder \u2013 og de har allerede lagt inn bestillinger.\u00bb<\/p><\/blockquote>\n<h2><strong><img loading=\"lazy\" decoding=\"async\" class=\"aligncenter wp-image-222 size-full\" src=\"https:\/\/agricultural-baler.com\/wp-content\/uploads\/2025\/11\/0-9YG-2.24D-baler-3.webp\" alt=\"9YG-2.24D ballepresse \" width=\"600\" height=\"400\" srcset=\"https:\/\/agricultural-baler.com\/wp-content\/uploads\/2025\/11\/0-9YG-2.24D-baler-3.webp 600w, https:\/\/agricultural-baler.com\/wp-content\/uploads\/2025\/11\/0-9YG-2.24D-baler-3-480x320.webp 480w\" sizes=\"auto, (min-width: 0px) and (max-width: 480px) 480px, (min-width: 481px) 600px, 100vw\" \/><\/strong><\/h2>\n<\/li>\n<\/ul>\n<hr \/>\n<h4>4.\u00a0<strong>Australia \u2013 Blandet avling og husdyrbruk<\/strong><\/h4>\n<ul>\n<li><strong>Kunde<\/strong>Sarah og Mark Jenkins, \u00abWheatridge Farm\u00bb<\/li>\n<li><strong>Sted<\/strong>New South Wales, Australia<\/li>\n<li><strong>Kj\u00f8psdato<\/strong>oktober 2024<\/li>\n<li><strong>Kj\u00f8pte enheter<\/strong>1 enhet<\/li>\n<li><strong>S\u00f8knad<\/strong>Pressing av hvetestr\u00e5 til saueunderlag og eksport til Japan<\/li>\n<li><strong>Anbefaling<\/strong>:<br \/>\n<blockquote><p>\u00abEtter demonstrasjonen hos den lokale forhandleren v\u00e5r var vi skeptiske \u2013 men balletetthetskontrollen er perfekt. Japanske kj\u00f8pere elsket den ensartede formen og det tette nettinnpakningen. I tillegg kom reservedelene fra knutepunktet deres i Singapore p\u00e5 bare to dager da vi trengte en erstatningskniv.\u00bb<\/p><\/blockquote>\n<p>&nbsp;<\/li>\n<\/ul>","protected":false},"excerpt":{"rendered":"<p>9YG-2.24D S9000 Beyond-versjonen er en rundballepresse for landbruket designet for g\u00e5rder over hele verden, og som er i stand til \u00e5 h\u00e5ndtere h\u00f8y, halm og biomasse under en rekke forhold, fra de fuktige \u00e5krene i Brasil til de kalde beitemarkene i Sibir.<\/p>","protected":false},"featured_media":219,"template":"","meta":{"_et_pb_use_builder":"","_et_pb_old_content":"","_et_gb_content_width":""},"product_brand":[],"product_cat":[23],"product_tag":[20,18,19,27],"class_list":{"0":"post-218","1":"product","2":"type-product","3":"status-publish","4":"has-post-thumbnail","6":"product_cat-round-baler","7":"product_tag-agricultural-baler","8":"product_tag-agricultural-round-baler","9":"product_tag-round-baler","10":"product_tag-s9000-round-baler","12":"first","13":"instock","14":"shipping-taxable","15":"product-type-simple"},"_links":{"self":[{"href":"https:\/\/agricultural-baler.com\/nb\/wp-json\/wp\/v2\/product\/218","targetHints":{"allow":["GET"]}}],"collection":[{"href":"https:\/\/agricultural-baler.com\/nb\/wp-json\/wp\/v2\/product"}],"about":[{"href":"https:\/\/agricultural-baler.com\/nb\/wp-json\/wp\/v2\/types\/product"}],"wp:featuredmedia":[{"embeddable":true,"href":"https:\/\/agricultural-baler.com\/nb\/wp-json\/wp\/v2\/media\/219"}],"wp:attachment":[{"href":"https:\/\/agricultural-baler.com\/nb\/wp-json\/wp\/v2\/media?parent=218"}],"wp:term":[{"taxonomy":"product_brand","embeddable":true,"href":"https:\/\/agricultural-baler.com\/nb\/wp-json\/wp\/v2\/product_brand?post=218"},{"taxonomy":"product_cat","embeddable":true,"href":"https:\/\/agricultural-baler.com\/nb\/wp-json\/wp\/v2\/product_cat?post=218"},{"taxonomy":"product_tag","embeddable":true,"href":"https:\/\/agricultural-baler.com\/nb\/wp-json\/wp\/v2\/product_tag?post=218"}],"curies":[{"name":"wp","href":"https:\/\/api.w.org\/{rel}","templated":true}]}}