{"id":331,"date":"2025-11-20T05:52:54","date_gmt":"2025-11-20T05:52:54","guid":{"rendered":"https:\/\/agricultural-baler.com\/?post_type=product&#038;p=331"},"modified":"2025-11-20T08:03:26","modified_gmt":"2025-11-20T08:03:26","slug":"agricultural-round-baler-9yg-1-25-with-spring-loaded-pickup","status":"publish","type":"product","link":"https:\/\/agricultural-baler.com\/it\/prodotto\/rotopressa-agricola-9yg-1-25-con-pick-up-a-molla\/","title":{"rendered":"Pressa per balle rotonde agricola \u2013 9YG-1.25 con raccoglitore a molla"},"content":{"rendered":"<h2 class=\"product-section-title\" style=\"background: #083762; color: white; padding: 15px 20px; border-radius: 5px; margin: 20px 0;\">Panoramica del prodotto<\/h2>\n<p>IL <strong>Pressa per balle rotonde 9YG-1.25 con raccoglitore a molla<\/strong> \u00e8 una soluzione compatta e ad alta efficienza per le aziende agricole di piccole e medie dimensioni che raccolgono fieno secco, erba medica e insilato d'erba. Progettato per un'alimentazione delicata e una perdita minima di foglie, il suo raccoglitore a denti elastici garantisce balle pulite e uniformi, ideali per l'alimentazione del bestiame o per i mercati di esportazione. Con legatura automatica della rete, densit\u00e0 controllata da sensori e bassi requisiti di potenza (\u226575 kW), fornisce fino a <strong>100 balle\/ora<\/strong> in campi stretti fino a 2 metri. Perfetto per la gestione dei pascoli, gli allevamenti di bovini da latte e le attivit\u00e0 di colture miste, dove precisione e affidabilit\u00e0 sono fondamentali.<\/p>\n<p><img loading=\"lazy\" decoding=\"async\" class=\"aligncenter wp-image-336\" src=\"https:\/\/agricultural-baler.com\/wp-content\/uploads\/2025\/11\/0-9YG-1.25-baler-1a1.webp\" alt=\"Pressa agricola rotonda 9YG-1.25\" width=\"493\" height=\"368\" srcset=\"https:\/\/agricultural-baler.com\/wp-content\/uploads\/2025\/11\/0-9YG-1.25-baler-1a1.webp 493w, https:\/\/agricultural-baler.com\/wp-content\/uploads\/2025\/11\/0-9YG-1.25-baler-1a1-480x359.webp 480w\" sizes=\"auto, (min-width: 0px) and (max-width: 480px) 480px, (min-width: 481px) 493px, 100vw\" \/><\/p>\n<h2 class=\"product-section-title\" style=\"background: #083762; color: white; padding: 15px 20px; border-radius: 5px; margin: 20px 0;\">Caratteristiche principali e innovazioni<\/h2>\n<ul>\n<li>\u2705\u00a0<strong>Pickup a molla<\/strong>: Delicato ma efficace, ideale per foraggi delicati come erba medica e loietto<\/li>\n<li data-spm-anchor-id=\"5176.28103460.0.i926.bc984fa5rlZb1k\">\u2705\u00a0<strong>Sistema automatico di avvolgimento della rete<\/strong>: Formazione rapida e sicura delle balle con una rete di 2000\u00d71,25 m per balla<\/li>\n<li>\u2705\u00a0<strong data-spm-anchor-id=\"5176.28103460.0.i925.bc984fa5rlZb1k\">Densit\u00e0 controllata dal sensore<\/strong>: Regola la compattazione in tempo reale per una qualit\u00e0 costante delle balle<\/li>\n<li>\u2705\u00a0<strong>Design compatto e agile<\/strong>: Larghezza ridotta (\u22642,85 m) e raggio di sterzata ridotto per campi collinari o frammentati<\/li>\n<li>\u2705\u00a0<strong>Basso fabbisogno energetico<\/strong>: Compatibile con trattori da\u00a0<strong>75 kW (\u2248100 CV)<\/strong><\/li>\n<li>\u2705\u00a0<strong>Alto tasso di produzione<\/strong>: Fino a\u00a0<strong>100 balle\/ora<\/strong>\u00a0a densit\u00e0 di\u00a0<strong>100\u2013200 kg\/m\u00b3<\/strong><\/li>\n<\/ul>\n<h2 class=\"product-section-title\" style=\"background: #083762; color: white; padding: 15px 20px; border-radius: 5px; margin: 20px 0;\">Specifiche tecniche<\/h2>\n<div style=\"overflow-x: auto;\">\n<table style=\"max-width: 100%; overflow-x: auto;\" border=\"1\">\n<thead>\n<tr>\n<th data-spm-anchor-id=\"5176.28103460.0.i929.bc984fa5rlZb1k\">NO.<\/th>\n<th>Articolo<\/th>\n<th>Unit\u00e0<\/th>\n<th>Specifica<\/th>\n<\/tr>\n<\/thead>\n<tbody>\n<tr>\n<td>1<\/td>\n<td>Nome del modello<\/td>\n<td>\/<\/td>\n<td>Pressa per balle rotonde 9YG-1.25<\/td>\n<\/tr>\n<tr>\n<td>2<\/td>\n<td>Tipo di attacco<\/td>\n<td>\/<\/td>\n<td>Tipo di trazione<\/td>\n<\/tr>\n<tr>\n<td>3<\/td>\n<td>Larghezza di ripresa<\/td>\n<td>mm<\/td>\n<td>2240<\/td>\n<\/tr>\n<tr>\n<td>4<\/td>\n<td>Struttura di ritiro<\/td>\n<td>\/<\/td>\n<td>Dente a molla (fisso)<\/td>\n<\/tr>\n<tr>\n<td>5<\/td>\n<td>Meccanismo di alimentazione<\/td>\n<td>\/<\/td>\n<td>Coclea + rullo a pettine + tamburo<\/td>\n<\/tr>\n<tr>\n<td>6<\/td>\n<td>Tipo di camera di compressione<\/td>\n<td>\/<\/td>\n<td>Tipo di rullo<\/td>\n<\/tr>\n<tr>\n<td>7<\/td>\n<td>Larghezza della camera di compressione<\/td>\n<td>mm<\/td>\n<td>1250<\/td>\n<\/tr>\n<tr>\n<td>8<\/td>\n<td>Diametro della camera di compressione<\/td>\n<td>mm<\/td>\n<td>\u03a61200<\/td>\n<\/tr>\n<tr>\n<td>9<\/td>\n<td>Numero di componenti di compattazione<\/td>\n<td>pezzi<\/td>\n<td>18<\/td>\n<\/tr>\n<tr>\n<td>10<\/td>\n<td>Diametro del rullo compattatore<\/td>\n<td>mm<\/td>\n<td>\u03a6222<\/td>\n<\/tr>\n<tr>\n<td>11<\/td>\n<td>Metodo di imballaggio<\/td>\n<td>\/<\/td>\n<td>Avvolgimento automatico della rete<\/td>\n<\/tr>\n<tr>\n<td>12<\/td>\n<td>Potenza richiesta<\/td>\n<td>kW<\/td>\n<td>\u226575 (\u2248100 CV)<\/td>\n<\/tr>\n<tr>\n<td>13<\/td>\n<td>Peso della macchina<\/td>\n<td>kg<\/td>\n<td>4060<\/td>\n<\/tr>\n<tr>\n<td>14<\/td>\n<td>Velocit\u00e0 dell'albero cardanico<\/td>\n<td>giri\/min<\/td>\n<td>720<\/td>\n<\/tr>\n<tr>\n<td>15<\/td>\n<td>Dimensioni complessive (L\u00d7P\u00d7A)<\/td>\n<td>mm<\/td>\n<td>4400 \u00d7 2850 \u00d7 2400 (in funzione)<\/td>\n<\/tr>\n<tr>\n<td>16<\/td>\n<td>Controllo della densit\u00e0 delle balle<\/td>\n<td>\/<\/td>\n<td>Controllato da sensore<\/td>\n<\/tr>\n<tr>\n<td>17<\/td>\n<td>Dimensioni della balla (diametro \u00d7 larghezza)<\/td>\n<td>mm<\/td>\n<td>1300 \u00d7 1250<\/td>\n<\/tr>\n<tr>\n<td>18<\/td>\n<td>Densit\u00e0 della balla<\/td>\n<td>kg\/m\u00b3<\/td>\n<td>100\u2013200<\/td>\n<\/tr>\n<tr>\n<td>19<\/td>\n<td>Tasso di produzione<\/td>\n<td>balle\/ora<\/td>\n<td>40\u2013100<\/td>\n<\/tr>\n<tr>\n<td>20<\/td>\n<td>Passo<\/td>\n<td>mm<\/td>\n<td>2450<\/td>\n<\/tr>\n<tr>\n<td>21<\/td>\n<td>Velocit\u00e0 operativa<\/td>\n<td>chilometri all'ora<\/td>\n<td>5\u201335<\/td>\n<\/tr>\n<tr>\n<td>22<\/td>\n<td>Dimensioni della rete<\/td>\n<td>M<\/td>\n<td>2000 \u00d7 1,25 m per balla<\/td>\n<\/tr>\n<\/tbody>\n<\/table>\n<p>&nbsp;<\/p>\n<\/div>\n<h2 class=\"product-section-title\" style=\"background: #083762; color: white; padding: 15px 20px; border-radius: 5px; margin: 20px 0;\">? Applicazioni e vantaggi: pressatura di precisione per foraggio di prima qualit\u00e0<\/h2>\n<p data-spm-anchor-id=\"5176.28103460.0.i937.bc984fa5rlZb1k\">A differenza delle presse per carichi pesanti costruite per residui di raccolto o paglia bagnata, <strong>9YG-1.25 con pickup a molla<\/strong> \u00e8 progettato specificamente per <strong>produzione di foraggio di alto valore<\/strong>\u2014dove la ritenzione delle foglie, l'uniformit\u00e0 della balla e la qualit\u00e0 del mangime sono le cose pi\u00f9 importanti.<\/p>\n<p data-spm-anchor-id=\"5176.28103460.0.i937.bc984fa5rlZb1k\"><img loading=\"lazy\" decoding=\"async\" class=\"aligncenter wp-image-337 size-full\" src=\"https:\/\/agricultural-baler.com\/wp-content\/uploads\/2025\/11\/0-9YG-1.25-baler-for-dry-hay.webp\" alt=\"Pressa 9YG-1.25 per fieno secco\" width=\"899\" height=\"489\" srcset=\"https:\/\/agricultural-baler.com\/wp-content\/uploads\/2025\/11\/0-9YG-1.25-baler-for-dry-hay.webp 899w, https:\/\/agricultural-baler.com\/wp-content\/uploads\/2025\/11\/0-9YG-1.25-baler-for-dry-hay-480x261.webp 480w\" sizes=\"auto, (min-width: 0px) and (max-width: 480px) 480px, (min-width: 481px) 899px, 100vw\" \/><\/p>\n<h4>\u2705\u00a0<strong>Ideale per colture delicate e secche<\/strong><\/h4>\n<ul>\n<li><strong>Erba medica<\/strong>,\u00a0<strong>trifoglio<\/strong>,\u00a0<strong>loietto<\/strong>, E\u00a0<strong>fieno a bassa umidit\u00e0<\/strong>\u00a0beneficiare dell'azione delicata e flessibile del pick-up a denti elastici, che solleva il materiale senza schiacciarlo o strapparlo, preservandolo fino al\u00a0<strong>15% altre foglie<\/strong>\u00a0rispetto ai sistemi rigidi o a martello-artiglio.<\/li>\n<li>Perfetto per\u00a0<strong>aziende lattiero-casearie<\/strong>,\u00a0<strong>produttori di fieno da esportazione<\/strong>, E\u00a0<strong>operazioni di pascolo biologico<\/strong>\u00a0dove il valore nutrizionale ha un impatto diretto sulla redditivit\u00e0.<\/li>\n<\/ul>\n<h4>\u2705\u00a0<strong>Progettato per operazioni incentrate sulla qualit\u00e0<\/strong><\/h4>\n<ul>\n<li><strong>Avvolgimento automatico della rete<\/strong>\u00a0garantisce balle compatte e resistenti alle intemperie che mantengono la forma durante il trasporto e lo stoccaggio, un aspetto fondamentale per soddisfare gli standard di esportazione o le esigenze di insilato a lungo termine.<\/li>\n<li><strong>Densit\u00e0 controllata dal sensore<\/strong>\u00a0previene la sovracompressione, proteggendo gli steli fragili e mantenendo una porosit\u00e0 ottimale per una corretta stagionatura.<\/li>\n<\/ul>\n<h4>\u2705\u00a0<strong>Agile in terreni difficili<\/strong><\/h4>\n<ul>\n<li>Con una larghezza di lavoro compatta (<strong>\u22642,85 metri<\/strong>) e bassa pressione al suolo, naviga\u00a0<strong>pendii ripidi<\/strong>,\u00a0<strong>campi terrazzati<\/strong>, E\u00a0<strong>vicoli del frutteto<\/strong>\u00a0dove le presse europee pi\u00f9 grandi semplicemente non riescono a operare, senza sacrificare le dimensioni delle balle (\u03a61300\u00d71250mm).<\/li>\n<\/ul>\n<h4>?\u00a0<strong>Impatto economico<\/strong><\/h4>\n<ul>\n<li>Riduce il lavoro di\u00a0<strong>30%+<\/strong>\u00a0vs. rastrellatura e legatura manuale<\/li>\n<li>Aumenta la resa del foraggio utilizzabile attraverso\u00a0<strong>maggiore ritenzione delle foglie<\/strong><\/li>\n<li>Riduce i tassi di rifiuto nei mercati del fieno premium grazie alla qualit\u00e0 costante delle balle<\/li>\n<\/ul>\n<h2 class=\"product-section-title\" style=\"background: #083762; color: white; padding: 15px 20px; border-radius: 5px; margin: 20px 0;\">? Come scegliere la rotopressa giusta per la tua azienda agricola<\/h2>\n<p data-spm-anchor-id=\"5176.28103460.0.i946.bc984fa5rlZb1k\">Non tutte le rotopresse sono uguali: la tua scelta dovrebbe essere coerente <strong>cosa stai imballando<\/strong>, <strong>dove lo stai imballando<\/strong>, E <strong>cosa pensi di fare con le balle<\/strong>.<\/p>\n<p>\u2705 <strong>Scegli il modello 9YG-1.25 con pickup a molla se:<\/strong><\/p>\n<ul>\n<li>Tu principalmente balli\u00a0<strong>foraggio secco e frondoso<\/strong>\u00a0Piace\u00a0<strong data-spm-anchor-id=\"5176.28103460.0.i942.bc984fa5rlZb1k\">erba medica, trifoglio, loietto o fieno stagionato<\/strong><\/li>\n<li><strong>La qualit\u00e0 del mangime \u00e8 importante<\/strong>\u2014\u00e8 necessaria una perdita minima di foglie e un elevato valore nutrizionale (ad esempio, per mucche da latte o fieno da esportazione)<\/li>\n<li>I tuoi campi sono\u00a0<strong>piccolo, collinare o frammentato<\/strong>, con stretti percorsi di accesso (&lt;3 m)<\/li>\n<li>Tu usi un\u00a0<strong>Trattore da 100\u2013130 CV<\/strong>\u00a0e dare priorit\u00e0 al funzionamento fluido e con basse vibrazioni<\/li>\n<\/ul>\n<p>? <strong>Prendi in considerazione un modello diverso se:<\/strong><\/p>\n<ul>\n<li>Tu regolarmente balli\u00a0<strong>paglia di riso bagnata, steli di mais in piedi o residui di grano depositati<\/strong>\u00a0\u2192 guarda il nostro\u00a0<a href=\"https:\/\/agricultural-baler.com\/it\/prodotto\/rotopressa-agricola-9yg-1-25-con-raccoglitori-a-molla-o-a-martello-intercambiabili\/\"><strong data-spm-anchor-id=\"5176.28103460.0.i941.bc984fa5rlZb1k\">pressa per balle con martello e artiglio intercambiabili<\/strong><\/a><\/li>\n<li>Hai bisogno di una capacit\u00e0 ultra elevata (&gt;100 balle\/ora) su grandi campi pianeggianti \u2192 esplora il nostro\u00a0<a href=\"https:\/\/agricultural-baler.com\/it\/prodotto\/rotopressa-agricola-9yg-2-24d-s9000-beyond-version\/\"><strong>Pressa per balle serie pesante 9YG-2.24D<\/strong><\/a><\/li>\n<\/ul>\n<p>? <strong>Suggerimento professionale<\/strong>: Se la tua operazione include entrambi <strong>fieno di prima qualit\u00e0 in primavera<\/strong> E <strong>residui colturali in autunno<\/strong>, considera l'ordine <strong>entrambi i sistemi di pick-up<\/strong>\u2014sono progettati per una sostituzione rapida e senza attrezzi.<\/p>\n<h2 class=\"product-section-title\" style=\"background: #083762; color: white; padding: 15px 20px; border-radius: 5px; margin: 20px 0;\">? Veri agricoltori, veri risultati<\/h2>\n<h3 data-spm-anchor-id=\"5176.28103460.0.i952.bc984fa5rlZb1k\"><\/h3>\n<h4>??\u00a0<strong data-spm-anchor-id=\"5176.28103460.0.i951.bc984fa5rlZb1k\">Stati Uniti \u2013 Produzione di foraggio caseario di alta qualit\u00e0<\/strong><\/h4>\n<p><strong>Cliente<\/strong>: James R. Thompson<br \/>\n<strong>Azienda agricola<\/strong>: Caseificio Green Meadow<br \/>\n<strong>Posizione<\/strong>: Wisconsin, Stati Uniti<br \/>\n<strong>Caso d'uso<\/strong>: Imballaggio di erba medica di alta qualit\u00e0 per mucche in lattazione<\/p>\n<blockquote><p>\"La nostra mandria prospera grazie all'erba medica ricca di foglie e questa imballatrice \u00e8 all'altezza. <strong>il raccoglitore a molla conserva le foglie meglio di qualsiasi macchina che abbiamo testato<\/strong>Funziona senza problemi tutto il giorno e noi balliamo costantemente <strong>Oltre 80 proiettili uniformi avvolti in rete<\/strong> durante l'alta stagione. La qualit\u00e0 del mangime non \u00e8 mai stata cos\u00ec alta.\"<\/p>\n<p>&nbsp;<\/p><\/blockquote>\n<h4>??\u00a0<strong>Vietnam \u2013 Utilizzo della paglia da parte dei piccoli agricoltori<\/strong><\/h4>\n<p data-spm-anchor-id=\"5176.28103460.0.i953.bc984fa5rlZb1k\"><strong>Cliente<\/strong>: Nguyen Thi Lan<br \/>\n<strong>Organizzazione<\/strong>: Cooperativa agricola del Delta del Mekong<br \/>\n<strong>Posizione<\/strong>: Provincia di An Giang, Vietnam<br \/>\n<strong>Caso d'uso<\/strong>: Raccolta di paglia di riso secca per l'alimentazione del bestiame<\/p>\n<blockquote><p>\u201cPrima, legavamo la paglia a mano: un lavoro lento e massacrante. Ora, con la <strong>9YG-1,25<\/strong>, prepariamo rotoli puliti e compatti in pochi minuti. Anche nelle nostre risaie strette, si muove facilmente con un trattore da 100 CV. <strong>Il nostro bestiame riceve un foraggio migliore e i nostri costi di manodopera si sono dimezzati.<\/strong>\u201d<\/p>\n<p><img loading=\"lazy\" decoding=\"async\" class=\"aligncenter wp-image-192 size-full\" src=\"https:\/\/agricultural-baler.com\/wp-content\/uploads\/2025\/11\/0-baler-Factory-Visit1.webp\" alt=\"visita alla fabbrica della pressa\" width=\"600\" height=\"400\" srcset=\"https:\/\/agricultural-baler.com\/wp-content\/uploads\/2025\/11\/0-baler-Factory-Visit1.webp 600w, https:\/\/agricultural-baler.com\/wp-content\/uploads\/2025\/11\/0-baler-Factory-Visit1-480x320.webp 480w\" sizes=\"auto, (min-width: 0px) and (max-width: 480px) 480px, (min-width: 481px) 600px, 100vw\" \/><\/p><\/blockquote>\n<h2 class=\"product-section-title\" style=\"background: #083762; color: white; padding: 15px 20px; border-radius: 5px; margin: 20px 0;\">Le nostre presse VS. Le tipiche presse europee\/statunitensi<\/h2>\n<p data-spm-anchor-id=\"5176.28103460.0.i956.bc984fa5rlZb1k\">Mentre marchi globali come <strong>John Deere<\/strong>, <strong>Nuova Olanda<\/strong>, E <strong>KUHN<\/strong> offrono presse affidabili per carichi pesanti, spesso sono <strong>sovradimensionato e troppo costoso per le piccole e medie imprese<\/strong>Ecco come il <strong>9YG-1.25 con pickup a molla<\/strong> offre un valore pi\u00f9 intelligente:<\/p>\n<div style=\"overflow-x: auto;\">\n<table style=\"max-width: 100%; overflow-x: auto;\" border=\"1\">\n<thead>\n<tr>\n<th>Caratteristica<\/th>\n<th><strong>9YG-1.25 (il nostro modello)<\/strong><\/th>\n<th><strong data-spm-anchor-id=\"5176.28103460.0.i960.bc984fa5rlZb1k\">Tipiche imballatrici europee\/statunitensi<\/strong><\/th>\n<\/tr>\n<\/thead>\n<tbody>\n<tr>\n<td><strong>Caso d'uso target<\/strong><\/td>\n<td>Foraggio secco di alta qualit\u00e0 (erba medica, fieno) in aziende agricole piccole o collinari<\/td>\n<td>Residui di cereali su larga scala o fieno di pianura<\/td>\n<\/tr>\n<tr>\n<td data-spm-anchor-id=\"5176.28103460.0.i961.bc984fa5rlZb1k\"><strong>Progettazione del pickup<\/strong><\/td>\n<td>Dente a molla ottimizzato per\u00a0<strong>perdita minima di foglie<\/strong>\u00a0(&lt;5%)<\/td>\n<td>Pickup multiuso; possono schiacciare foraggio delicato<\/td>\n<\/tr>\n<tr>\n<td><strong>Larghezza della macchina<\/strong><\/td>\n<td><strong>\u22642,85 metri<\/strong>\u00a0\u2013 adatto a strade strette, frutteti, terrazze<\/td>\n<td>Spesso\u00a0<strong>\u22653,2 metri<\/strong>\u00a0\u2013 lotte in trame frammentate o montuose<\/td>\n<\/tr>\n<tr>\n<td><strong>Requisiti del trattore<\/strong><\/td>\n<td>Funziona in modo efficiente con\u00a0<strong>100\u2013130 CV<\/strong><\/td>\n<td>In genere richiede\u00a0<strong>140+ CV<\/strong>\u00a0per prestazioni complete<\/td>\n<\/tr>\n<tr>\n<td><strong>Prezzo<\/strong><\/td>\n<td><strong>30\u201340% inferiore<\/strong>\u00a0rispetto ai modelli importati comparabili<\/td>\n<td>Elevato costo iniziale + pezzi di ricambio costosi<\/td>\n<\/tr>\n<tr>\n<td data-spm-anchor-id=\"5176.28103460.0.i955.bc984fa5rlZb1k\"><strong>Focus sulla qualit\u00e0 delle balle<\/strong><\/td>\n<td>Densit\u00e0 controllata dal sensore + avvolgimento della rete =\u00a0<strong>balle uniformi, pronte per l'esportazione<\/strong><\/td>\n<td>In molti modelli base, la velocit\u00e0 \u00e8 prioritaria rispetto alla nutrizione degli alimenti<\/td>\n<\/tr>\n<tr>\n<td><strong>Assistenza e ricambi<\/strong><\/td>\n<td>Supporto locale in oltre 30 paesi; design modulare per una facile riparazione<\/td>\n<td>Tempi di consegna lunghi per i pezzi in Asia\/Africa\/America Latina<\/td>\n<\/tr>\n<\/tbody>\n<\/table>\n<\/div>\n<h2 class=\"product-section-title\" style=\"background: #083762; color: white; padding: 15px 20px; border-radius: 5px; margin: 20px 0;\">\u2753 Domande frequenti su acquisto e installazione<\/h2>\n<p>&nbsp;<\/p>\n<p><strong>D: Come viene trasportata la pressa? Deve essere smontata?<\/strong><\/p>\n<p>R: Il 9YG-1.25 \u00e8 realizzato in un unico pezzo ed \u00e8 preassemblato in fabbrica. Il trasporto standard via mare\/terra non richiede alcun smontaggio: \u00e8 sufficiente fissarlo a un pallet o a un telaio. All'arrivo al porto, lo scarico pu\u00f2 essere effettuato utilizzando un carrello elevatore o un'imbracatura di sollevamento e pu\u00f2 essere posizionato in loco entro 30 minuti.<\/p>\n<p><strong>D: Devo montare personalmente la macchina dopo averla ricevuta?<\/strong><\/p>\n<p>R: Non \u00e8 richiesto alcun assemblaggio complicato. Forniamo la consegna pre-installata e completamente assemblata. Devi solo:<\/p>\n<ol>\n<li>Connect the tractor&#8217;s three-point suspension to the PTO shaft<\/li>\n<li>Aggiungere l'olio per ingranaggi (prima del primo utilizzo)<\/li>\n<li>Installare il rullo di filo di imballaggio. L'intero processo richiede circa 15-20 minuti e include un manuale illustrato e istruzioni video.<\/li>\n<\/ol>\n<p><strong>D: Fornite assistenza per l'installazione o servizi di messa in servizio in loco?<\/strong><\/p>\n<p>A: S\u00ec! Offriamo:<\/p>\n<ul>\n<li>Guida video a distanza gratuita (WeChat\/WhatsApp\/Zoom)<\/li>\n<li>Fornitori di servizi locali nel Sud-est asiatico, Europa orientale, Sud America, ecc., con configurazione opzionale a pagamento in loco (si applicano costi aggiuntivi)<\/li>\n<li>Tutti i video operativi e i manuali elettronici sono inclusi nella spedizione.<\/li>\n<\/ul>\n<p><strong>D: Quali controlli devono essere eseguiti prima del primo utilizzo?<\/strong><\/p>\n<p>A: Consigliamo di controllare i seguenti tre elementi:<\/p>\n<ul>\n<li>La molla del pickup \u00e8 allentata?<\/li>\n<li>Tensione della frizione idraulica (se in dotazione)<\/li>\n<li>Il supporto del rullo portafilo \u00e8 fissato saldamente?<\/li>\n<li>See the &#8220;First Day Start-up Checklist&#8221; (PDF included) for a detailed list.<\/li>\n<\/ul>\n<p><strong>D: Pu\u00f2 essere collegato direttamente al mio trattore? Richiede modifiche?<\/strong><\/p>\n<p>A: The 9YG-1.25 uses a standard Category II three-point suspension interface and 540\/720 rpm PTO, compatible with over 95% of 80\u2013130 HP tractors worldwide (such as John Deere 5E, Kubota M8, Fendt 300, etc.). No modification is required; it&#8217;s ready to use immediately.<\/p>\n<p><strong>D: Quanto dura la garanzia? Quali parti sono incluse?<\/strong><\/p>\n<p>R: L'intera macchina \u00e8 coperta da una garanzia limitata di 12 mesi, mentre i componenti principali (riduttore, mandrino e sistema di azionamento del pickup) hanno una garanzia estesa di 24 mesi. Le parti soggette a usura (denti a molla, cinghie e molle del meccanismo di avvolgimento della maglia) non sono coperte da garanzia, ma sono economiche e facili da sostituire.<\/p>","protected":false},"excerpt":{"rendered":"<p>Questa rotopressa agricola 9YG-1.25, dotata di un pick-up a molla, \u00e8 certificata CE e adatta per fieno, erba medica e insilato. \u00c8 specificamente progettata per terreni collinari e aziende agricole terrazzate, dove la qualit\u00e0 del foraggio \u00e8 fondamentale.<\/p>","protected":false},"featured_media":335,"template":"","meta":{"_et_pb_use_builder":"","_et_pb_old_content":"","_et_gb_content_width":""},"product_brand":[],"product_cat":[23],"product_tag":[28,18,19],"class_list":{"0":"post-331","1":"product","2":"type-product","3":"status-publish","4":"has-post-thumbnail","6":"product_cat-round-baler","7":"product_tag-9yg-1-25-round-baler","8":"product_tag-agricultural-round-baler","9":"product_tag-round-baler","11":"first","12":"instock","13":"shipping-taxable","14":"product-type-simple"},"_links":{"self":[{"href":"https:\/\/agricultural-baler.com\/it\/wp-json\/wp\/v2\/product\/331","targetHints":{"allow":["GET"]}}],"collection":[{"href":"https:\/\/agricultural-baler.com\/it\/wp-json\/wp\/v2\/product"}],"about":[{"href":"https:\/\/agricultural-baler.com\/it\/wp-json\/wp\/v2\/types\/product"}],"wp:featuredmedia":[{"embeddable":true,"href":"https:\/\/agricultural-baler.com\/it\/wp-json\/wp\/v2\/media\/335"}],"wp:attachment":[{"href":"https:\/\/agricultural-baler.com\/it\/wp-json\/wp\/v2\/media?parent=331"}],"wp:term":[{"taxonomy":"product_brand","embeddable":true,"href":"https:\/\/agricultural-baler.com\/it\/wp-json\/wp\/v2\/product_brand?post=331"},{"taxonomy":"product_cat","embeddable":true,"href":"https:\/\/agricultural-baler.com\/it\/wp-json\/wp\/v2\/product_cat?post=331"},{"taxonomy":"product_tag","embeddable":true,"href":"https:\/\/agricultural-baler.com\/it\/wp-json\/wp\/v2\/product_tag?post=331"}],"curies":[{"name":"wp","href":"https:\/\/api.w.org\/{rel}","templated":true}]}}