{"id":218,"date":"2025-11-18T08:42:09","date_gmt":"2025-11-18T08:42:09","guid":{"rendered":"https:\/\/agricultural-baler.com\/?post_type=product&#038;p=218"},"modified":"2025-11-20T03:34:47","modified_gmt":"2025-11-20T03:34:47","slug":"agricultural-round-baler-9yg-2-24d-s9000-beyond-version","status":"publish","type":"product","link":"https:\/\/agricultural-baler.com\/id\/produk\/mesin-pengepak-jerami-bundar-pertanian-9yg-2-24d-s9000-versi-lebih-baru\/","title":{"rendered":"Mesin Pengepak Bal Bundar Pertanian \u2013 9YG-2.24D S9000 Versi Lebih Canggih"},"content":{"rendered":"<h2><strong>Fitur Unggulan Produk<\/strong><\/h2>\n<ol>\n<li><strong>Kopling Cepat<\/strong>Saat menghubungkan mesin pengepak jerami ke traktor, batang penarik horizontal dapat berputar secara fleksibel ke atas dan ke bawah, memungkinkan pin pengait traktor terhubung dengan lancar ke titik penghubung.<\/li>\n<li><strong>Radius Belok yang Dikurangi<\/strong>: Gearbox ganda memungkinkan rotasi 90 derajat ke kiri dan kanan, secara signifikan meningkatkan kemampuan manuver selama belokan di lapangan dan perubahan arah saat menarik mesin pengepak jerami. Daya tidak perlu dimatikan selama belokan, membuat pengoperasian lebih nyaman dan mengurangi kelelahan operator. Selain itu, transmisi daya melalui gearbox meningkatkan efisiensi keseluruhan.<\/li>\n<li><strong>Stabilitas &amp; Ketahanan Tinggi<\/strong>: Kotak roda gigi ganda terhubung secara kaku ke rangka batang penarik, memberikan stabilitas struktural yang sangat baik. Desain ini mencegah kerusakan pada batang penarik atau poros penggerak yang disebabkan oleh tegangan puntir saat beroperasi di medan yang tidak rata.<\/li>\n<\/ol>\n<h3><strong data-spm-anchor-id=\"5176.28103460.0.i562.bc984fa5rlZb1k\">Spesifikasi Teknis<\/strong><\/h3>\n<div style=\"overflow-x: auto;\">\n<table style=\"max-width: 100%; overflow-x: auto;\" border=\"1\">\n<thead>\n<tr>\n<th>TIDAK.<\/th>\n<th>Barang<\/th>\n<th>Satuan<\/th>\n<th>Spesifikasi<\/th>\n<\/tr>\n<\/thead>\n<tbody>\n<tr>\n<td>1<\/td>\n<td>Nama Model<\/td>\n<td>\/<\/td>\n<td>Mesin Pengepak Jerami Bundar 9YG-2.24D (S9000 Beyond)<\/td>\n<\/tr>\n<tr>\n<td>2<\/td>\n<td>Jenis Pengait<\/td>\n<td>\/<\/td>\n<td>Batang Penarik Traktor (Tipe Tarik)<\/td>\n<\/tr>\n<tr>\n<td>3<\/td>\n<td>Lebar Pengambilan<\/td>\n<td>mm<\/td>\n<td>2240<\/td>\n<\/tr>\n<tr>\n<td>4<\/td>\n<td>Jenis Struktur Pickup<\/td>\n<td>\/<\/td>\n<td>Jenis Gigi Pegas<\/td>\n<\/tr>\n<tr>\n<td>5<\/td>\n<td>Jenis Mekanisme Pemberian Makan<\/td>\n<td>\/<\/td>\n<td>Tipe Sisir + Rol<\/td>\n<\/tr>\n<tr>\n<td>6<\/td>\n<td>Mekanisme Pengepresan Ruang Kompresi<\/td>\n<td>\/<\/td>\n<td>Jenis Rol<\/td>\n<\/tr>\n<tr>\n<td>7<\/td>\n<td>Lebar Ruang Kompresi<\/td>\n<td>mm<\/td>\n<td>1400<\/td>\n<\/tr>\n<tr>\n<td>8<\/td>\n<td>Diameter Ruang Kompresi<\/td>\n<td>mm<\/td>\n<td>\u03a61200<\/td>\n<\/tr>\n<tr>\n<td>9<\/td>\n<td>Jumlah Komponen Pemadatan<\/td>\n<td>buah-buahan<\/td>\n<td>18 (Roller)<\/td>\n<\/tr>\n<tr>\n<td>10<\/td>\n<td>Diameter Rol Pemadatan<\/td>\n<td>mm<\/td>\n<td>\u03a6222<\/td>\n<\/tr>\n<tr>\n<td>11<\/td>\n<td>Metode Pengepakan<\/td>\n<td>\/<\/td>\n<td>Pembungkus Jaring<\/td>\n<\/tr>\n<tr>\n<td>12<\/td>\n<td>Daya yang Dibutuhkan<\/td>\n<td>kW<\/td>\n<td>55\u2013100<\/td>\n<\/tr>\n<tr>\n<td>13<\/td>\n<td>Berat Mesin<\/td>\n<td>kg<\/td>\n<td>4570<\/td>\n<\/tr>\n<tr>\n<td>14<\/td>\n<td>Kecepatan Poros PTO<\/td>\n<td>r\/min<\/td>\n<td>720<\/td>\n<\/tr>\n<tr>\n<td>15<\/td>\n<td>Dimensi Keseluruhan (P\u00d7L\u00d7T)<\/td>\n<td>mm<\/td>\n<td>4600 \u00d7 3010 \u00d7 2370 (dalam pengoperasian)<\/td>\n<\/tr>\n<tr>\n<td>16<\/td>\n<td>Pengendalian Kepadatan Bal<\/td>\n<td>\/<\/td>\n<td>Dikendalikan oleh Sensor<\/td>\n<\/tr>\n<tr>\n<td>17<\/td>\n<td>Ukuran Bal (Diameter \u00d7 Lebar)<\/td>\n<td>mm<\/td>\n<td>\u03a61300 \u00d7 1400<\/td>\n<\/tr>\n<tr>\n<td>18<\/td>\n<td>Kepadatan Bal<\/td>\n<td>kg\/m\u00b3<\/td>\n<td>100\u2013200<\/td>\n<\/tr>\n<tr>\n<td>19<\/td>\n<td>Tingkat Produksi<\/td>\n<td>bal\/jam<\/td>\n<td>40\u2013100<\/td>\n<\/tr>\n<tr>\n<td>20<\/td>\n<td>Jarak roda<\/td>\n<td>mm<\/td>\n<td>2600<\/td>\n<\/tr>\n<tr>\n<td>21<\/td>\n<td>Kecepatan Operasi<\/td>\n<td>km\/jam<\/td>\n<td>5\u201335<\/td>\n<\/tr>\n<tr>\n<td>22<\/td>\n<td>Ukuran Kain Pembungkus Jaring (Panjang \u00d7 Lebar)<\/td>\n<td>\/<\/td>\n<td>2000 \u00d7 1,4 m per bal<\/td>\n<\/tr>\n<\/tbody>\n<\/table>\n<\/div>\n<h2><strong>Inovasi Utama<\/strong><\/h2>\n<p><img loading=\"lazy\" decoding=\"async\" class=\"aligncenter wp-image-220 size-full\" src=\"https:\/\/agricultural-baler.com\/wp-content\/uploads\/2025\/11\/0-9YG-2.24D-baler-2.webp\" alt=\"Mesin pengepak jerami 9YG-2.24D \" width=\"853\" height=\"718\" srcset=\"https:\/\/agricultural-baler.com\/wp-content\/uploads\/2025\/11\/0-9YG-2.24D-baler-2.webp 853w, https:\/\/agricultural-baler.com\/wp-content\/uploads\/2025\/11\/0-9YG-2.24D-baler-2-480x404.webp 480w\" sizes=\"auto, (min-width: 0px) and (max-width: 480px) 480px, (min-width: 481px) 853px, 100vw\" \/><\/p>\n<h3>Sistem Kontrol Cerdas S9000<\/h3>\n<ul>\n<li>Antarmuka Manusia-Mesin Layar Sentuh: Memberikan pengalaman pengoperasian yang intuitif, menampilkan status pengoperasian secara real-time, jumlah bundel, dan kode kesalahan, memastikan transparansi operasional dan kemudahan perawatan.<\/li>\n<li>Pengaturan Kepadatan Awal dan Fungsi Memori Otomatis: Mendukung tiga pilihan pengaturan kepadatan awal (Lembut\/Sedang\/Keras) untuk memenuhi kebutuhan berbagai tanaman. Sistem ini memiliki fungsi memori otomatis yang mengingat preferensi pengguna, sehingga menyederhanakan proses pengoperasian.<\/li>\n<\/ul>\n<h3>Sistem Pengambilan yang Ditingkatkan<\/h3>\n<ul>\n<li>Gigi yang Diperkuat + Rol Anti-Kusut: Menggunakan gigi yang dirancang khusus dan rol anti-kusut untuk secara efektif mengatasi tantangan tanaman basah dan berproduksi tinggi, sehingga meningkatkan efisiensi kerja.<\/li>\n<li>Pengaturan Jarak Bebas Tanah Pickup: Menyesuaikan ketinggian pickup sesuai dengan kondisi medan yang berbeda untuk beradaptasi dengan berbagai lingkungan kerja, memastikan pengoperasian yang berkelanjutan dan stabil.<\/li>\n<\/ul>\n<h3>Penguatan Transmisi Versi Lebih Jauh<\/h3>\n<ul>\n<li>Gearbox Ganda yang Ditingkatkan: Meng\u91c7\u7528 desain rotasi 90\u00b0 dan mencapai pelumasan tertutup sepenuhnya, meningkatkan efisiensi mekanis dan daya tahan.<\/li>\n<li>Sambungan Universal Tugas Berat + Baut Geser Pelindung Beban Berlebih: Dilengkapi dengan sambungan universal yang lebih kokoh dan baut geser pelindung beban berlebih untuk mencegah kerusakan mekanis, sehingga meningkatkan keandalan dan keamanan sistem.<\/li>\n<\/ul>\n<h3>Desain Perawatan Cepat<\/h3>\n<ul>\n<li>Alat Pengikat Simpul Modular: Desain modular memungkinkan penggantian mata pisau dalam waktu 5 menit, sehingga secara signifikan mengurangi waktu henti.<\/li>\n<li>Tata Letak Komponen Aus yang Terpusat: Komponen aus ditempatkan secara terpusat untuk memudahkan akses, mengoptimalkan proses perawatan, meningkatkan efisiensi perawatan hingga 40%, serta mengurangi waktu dan biaya perawatan.<\/li>\n<\/ul>\n<h2><strong>Aplikasi: Di \u200b\u200bmana Baler Bundar 9YG-2.24D S9000 Beyond Memberikan Kinerja Luar Biasa<\/strong><\/h2>\n<p><img loading=\"lazy\" decoding=\"async\" class=\"aligncenter wp-image-94 size-full\" src=\"https:\/\/agricultural-baler.com\/wp-content\/uploads\/2025\/11\/0-baler-application.webp\" alt=\"aplikasi mesin pengepak\" width=\"807\" height=\"759\" srcset=\"https:\/\/agricultural-baler.com\/wp-content\/uploads\/2025\/11\/0-baler-application.webp 807w, https:\/\/agricultural-baler.com\/wp-content\/uploads\/2025\/11\/0-baler-application-480x451.webp 480w\" sizes=\"auto, (min-width: 0px) and (max-width: 480px) 480px, (min-width: 481px) 807px, 100vw\" \/><\/p>\n<ol data-spm-anchor-id=\"5176.28103460.0.i575.bc984fa5rlZb1k\">\n<li><strong>Peternakan Sapi Perah &amp; Sapi Potong \u2013 Pengemasan Jerami Premium<\/strong><br \/>\nIdeal untuk <strong>operasi mesin pengepak bundar<\/strong> Dalam operasi peternakan sapi perah dan sapi potong skala besar, mesin ini secara efisien memproses alfalfa, semanggi, dan rumput menjadi pakan ternak dengan kepadatan tinggi dan tahan cuaca. <strong>tumpukan jerami<\/strong>\u2014memastikan kualitas pakan yang konsisten sepanjang tahun.<\/li>\n<li>\n<p data-spm-anchor-id=\"5176.28103460.0.i574.bc984fa5rlZb1k\"><strong>Daur Ulang Sisa Tanaman Padi \u2013 Pengemasan Jerami Setelah Panen<\/strong><br \/>\nSetelah panen gandum, beras, atau jagung, <strong>Mesin pengepak jerami bundar S9000 Beyond<\/strong> dengan cepat mengumpulkan dan memadatkan sisa jerami menjadi bentuk yang seragam. <strong>bal pertanian<\/strong>, mengubah limbah menjadi biomassa berharga untuk alas tidur, bahan bakar hayati, atau perbaikan tanah.<\/p>\n<\/li>\n<li><strong>Pengelolaan Tanaman Khusus \u2013 Memproses Biomassa yang Menantang dengan Bal<\/strong><br \/>\nDari pucuk tebu dan batang tanaman rapeseed hingga alang-alang dan miscanthus, ini <strong>mesin pengepak tugas berat<\/strong> Mampu menangani sisa-sisa tanaman yang keras, lembap, atau kusut dengan mudah\u2014menjadikannya pilihan utama untuk <strong>pengemasan biomassa<\/strong> dalam aplikasi energi dan industri.<\/li>\n<li><strong>Kontraktor Pakan Ternak Skala Besar \u2013 Operasi Lapangan Berefisiensi Tinggi<\/strong><br \/>\nDirancang untuk kontraktor yang mengelola ribuan hektar lahan, <strong>9YG-2.24D <a href=\"https:\/\/agricultural-baler.com\/id\/\">mesin pengepak jerami bundar<\/a><\/strong> menghadirkan kecepatan (hingga 100 bal\/jam) dan keandalan yang tak tertandingi selama penggunaan intensif. <strong>musim pengemasan jerami<\/strong>, meminimalkan waktu henti dan memaksimalkan ROI.<\/li>\n<li><strong>Pertanian Ramah Lingkungan &amp; Program Kredit Karbon<\/strong><br \/>\nDengan memungkinkan efisiensi <strong>koleksi bal jerami<\/strong> alih-alih membakar lahan, ini <strong>mesin pengepak jerami bundar pintar<\/strong> mendukung praktik pertanian berkelanjutan dan membantu petani memenuhi syarat untuk mendapatkan insentif lingkungan dan skema kredit karbon.<\/li>\n<li><strong>Produsen Jerami Berorientasi Ekspor \u2013 Memenuhi Standar Internasional<\/strong><br \/>\nDengan tepat <strong>kontrol kepadatan bal<\/strong> dan konsistensi pembungkus jaring, mesin ini menghasilkan produk berkualitas ekspor. <strong>bal jerami bundar<\/strong> yang memenuhi persyaratan kualitas ketat di pasar seperti Jepang, Korea Selatan, dan Timur Tengah.<\/li>\n<\/ol>\n<p>&nbsp;<\/p>\n<h2 data-spm-anchor-id=\"5176.28103460.0.i580.bc984fa5rlZb1k\"><strong>Sertifikasi &amp; Kepatuhan<\/strong><\/h2>\n<ul>\n<li><strong>Sistem Manajemen Mutu ISO 9001<\/strong><br \/>\nTersertifikasi untuk kualitas produk yang konsisten, pengendalian proses, dan peningkatan berkelanjutan dalam desain dan manufaktur.<\/li>\n<li><strong>Sertifikasi CE (Konfigurasi Opsional)<\/strong><br \/>\nTersedia berdasarkan permintaan untuk model yang ditujukan untuk Wilayah Ekonomi Eropa, memastikan kepatuhan terhadap persyaratan keselamatan Arahan Mesin Uni Eropa 2006\/42\/EC.<\/li>\n<li><strong>Sertifikat Penilaian Promosi Mesin Pertanian Nasional<\/strong><br \/>\nDisetujui secara resmi oleh Kementerian Pertanian dan Urusan Pedesaan Tiongkok, sehingga mesin pengepak jerami ini memenuhi syarat untuk dimasukkan dalam program subsidi nasional dan provinsi.<\/li>\n<li>\n<p data-spm-anchor-id=\"5176.28103460.0.i581.bc984fa5rlZb1k\"><strong>Kepatuhan terhadap Standar Keselamatan Domestik dan Internasional<\/strong><br \/>\nDirancang dan diuji untuk memenuhi standar GB Tiongkok serta peraturan pasar ekspor utama (termasuk EAC Rusia, MNS Mongolia, dan pedoman keselamatan ISO\/EN umum untuk mesin pertanian).<\/p>\n<\/li>\n<\/ul>\n<p><img loading=\"lazy\" decoding=\"async\" class=\"aligncenter wp-image-73 size-full\" src=\"https:\/\/agricultural-baler.com\/wp-content\/uploads\/2025\/11\/0-certificates-1.webp\" alt=\"sertifikat\" width=\"1587\" height=\"607\" srcset=\"https:\/\/agricultural-baler.com\/wp-content\/uploads\/2025\/11\/0-certificates-1.webp 1587w, https:\/\/agricultural-baler.com\/wp-content\/uploads\/2025\/11\/0-certificates-1-1280x490.webp 1280w, https:\/\/agricultural-baler.com\/wp-content\/uploads\/2025\/11\/0-certificates-1-980x375.webp 980w, https:\/\/agricultural-baler.com\/wp-content\/uploads\/2025\/11\/0-certificates-1-480x184.webp 480w\" sizes=\"auto, (min-width: 0px) and (max-width: 480px) 480px, (min-width: 481px) and (max-width: 980px) 980px, (min-width: 981px) and (max-width: 1280px) 1280px, (min-width: 1281px) 1587px, 100vw\" \/><\/p>\n<p>&nbsp;<\/p>\n<h3 data-spm-anchor-id=\"5176.28103460.0.i588.bc984fa5rlZb1k\">\u00a0<strong>Dukungan Purna Jual \u2013 Dirancang untuk Keandalan Global<\/strong><\/h3>\n<ul>\n<li>\n<p data-spm-anchor-id=\"5176.28103460.0.i587.bc984fa5rlZb1k\"><strong>Pengiriman Suku Cadang Global dalam 48 Jam<\/strong><br \/>\nKomponen penting yang aus (sabuk, pisau, bantalan, rol pembungkus jaring, dll.) disimpan di gudang regional di seluruh Asia, Eropa, dan Amerika\u2014memastikan pengiriman dalam waktu 48 jam setelah konfirmasi pesanan.<\/p>\n<\/li>\n<li><strong>Dukungan Teknis Jarak Jauh Multibahasa<\/strong><br \/>\nPara insinyur ahli kami menyediakan bantuan secara langsung melalui telepon, email, atau panggilan video langsung dalam bahasa Inggris, Rusia, Spanyol, Portugis, dan Mongolia\u2014membantu Anda menyelesaikan masalah dengan cepat, bahkan di lapangan.<\/li>\n<li><strong>Sumber Daya Pelatihan Komprehensif<\/strong><br \/>\nAkses sesuai permintaan <strong>video tutorial pengoperasian<\/strong>, panduan pemecahan masalah interaktif, dan yang dapat diunduh <strong>manual pengguna digital<\/strong> kapan saja melalui portal pelanggan atau aplikasi seluler kami.<\/li>\n<li><strong>Garansi Tambahan Opsional (1\u20133 Tahun)<\/strong><br \/>\nPilih paket perlindungan tambahan yang fleksibel untuk melindungi investasi Anda di luar masa garansi standar\u2014meliputi komponen utama tanpa biaya tersembunyi.<\/li>\n<\/ul>\n<h2><strong data-spm-anchor-id=\"5176.28103460.0.i592.bc984fa5rlZb1k\">\u00a0Petani di Seluruh Dunia Mempercayai Mesin Pengepak Bal Bundar S9000 Beyond<\/strong><\/h2>\n<h4 data-spm-anchor-id=\"5176.28103460.0.i594.bc984fa5rlZb1k\">1.\u00a0<strong>Amerika Serikat \u2013 Produsen Jerami Wilayah Midwest<\/strong><\/h4>\n<ul data-spm-anchor-id=\"5176.28103460.0.i593.bc984fa5rlZb1k\">\n<li><strong>Pelanggan<\/strong>James R. Thompson, Pemilik Thompson Family Farms<\/li>\n<li><strong>Lokasi<\/strong>Iowa, AS<\/li>\n<li><strong>Tanggal Pembelian<\/strong>Tanggal: Mei 2024<\/li>\n<li><strong>Unit yang Dibeli<\/strong>: 2 unit<\/li>\n<li><strong>Aplikasi<\/strong>Pengemasan alfalfa dan rumput timothy untuk pakan ternak sapi perah dan ekspor.<\/li>\n<li><strong>Testimoni<\/strong>:<br \/>\n<blockquote><p>\u201cKami telah menguji tiga mesin pengepak jerami buatan Tiongkok selama bertahun-tahun\u2014ini adalah yang pertama yang mampu bertahan hingga lebih dari 1.200 bal jerami di musim pertama kami tanpa satu pun kerusakan. Jaring pembungkusnya konsisten, dan layar sentuhnya memudahkan pengaturan kepadatan. Dengan harga segitu, performanya lebih baik daripada mesin yang harganya dua kali lipat.\u201d<\/p><\/blockquote>\n<p><img loading=\"lazy\" decoding=\"async\" class=\"aligncenter wp-image-215 size-full\" src=\"https:\/\/agricultural-baler.com\/wp-content\/uploads\/2025\/11\/0-application-baler-1.webp\" alt=\"aplikasi baler\" width=\"600\" height=\"400\" srcset=\"https:\/\/agricultural-baler.com\/wp-content\/uploads\/2025\/11\/0-application-baler-1.webp 600w, https:\/\/agricultural-baler.com\/wp-content\/uploads\/2025\/11\/0-application-baler-1-480x320.webp 480w\" sizes=\"auto, (min-width: 0px) and (max-width: 480px) 480px, (min-width: 481px) 600px, 100vw\" \/><\/li>\n<\/ul>\n<hr \/>\n<h4>2.\u00a0<strong>Brasil \u2013 Kontraktor Skala Besar untuk Residu Kedelai &amp; Jagung<\/strong><\/h4>\n<ul>\n<li><strong>Pelanggan<\/strong>: AgroM\u00e1q Servi\u00e7os Agr\u00edcolas Ltda.<\/li>\n<li><strong>Lokasi<\/strong>Mato Grosso, Brasil<\/li>\n<li><strong>Tanggal Pembelian<\/strong>Maret 2024<\/li>\n<li><strong>Unit yang Dibeli<\/strong>: 5 unit<\/li>\n<li><strong>Aplikasi<\/strong>: Pengemasan batang jagung dan jerami kedelai untuk pembangkit listrik biomassa<\/li>\n<li><strong>Testimoni<\/strong>:<br \/>\n<blockquote><p>\u201cMesin pengepak jerami Eropa lama kami sering tersumbat dalam kondisi lembap. Sistem pengumpul anti-lilitan dan rol yang diperkuat pada S9000 mengubah segalanya. Sekarang kami beroperasi 14 jam\/hari selama panen dengan waktu henti minimal. Pengembalian investasi (ROI) kurang dari 8 bulan.\u201d<\/p><\/blockquote>\n<\/li>\n<\/ul>\n<hr \/>\n<h4>3.\u00a0<strong>Rusia \u2013 Koperasi Susu Siberia<\/strong><\/h4>\n<ul>\n<li><strong>Pelanggan<\/strong>: OOO 'AgroSib Korm' (Koperasi Pakan Ternak Siberia)<\/li>\n<li><strong>Lokasi<\/strong>Wilayah Novosibirsk, Rusia<\/li>\n<li><strong>Tanggal Pembelian<\/strong>Tanggal: Juni 2024<\/li>\n<li><strong>Unit yang Dibeli<\/strong>: 3 unit<\/li>\n<li><strong>Aplikasi<\/strong>: Pengemasan jerami padang rumput untuk pakan ternak musim dingin<\/li>\n<li><strong>Testimoni<\/strong>:<br \/>\n<blockquote><p>\u201cBahkan saat suhu -5\u00b0C di pagi hari, sistem transmisi dan PTO bekerja dengan sempurna. Fitur putar 90\u00b0 sangat membantu di lahan pertanian kami yang kecil. Kami telah merekomendasikannya kepada dua pertanian tetangga\u2014dan mereka sudah memesan.\u201d<\/p><\/blockquote>\n<h2><strong><img loading=\"lazy\" decoding=\"async\" class=\"aligncenter wp-image-222 size-full\" src=\"https:\/\/agricultural-baler.com\/wp-content\/uploads\/2025\/11\/0-9YG-2.24D-baler-3.webp\" alt=\"Mesin pengepak jerami 9YG-2.24D \" width=\"600\" height=\"400\" srcset=\"https:\/\/agricultural-baler.com\/wp-content\/uploads\/2025\/11\/0-9YG-2.24D-baler-3.webp 600w, https:\/\/agricultural-baler.com\/wp-content\/uploads\/2025\/11\/0-9YG-2.24D-baler-3-480x320.webp 480w\" sizes=\"auto, (min-width: 0px) and (max-width: 480px) 480px, (min-width: 481px) 600px, 100vw\" \/><\/strong><\/h2>\n<\/li>\n<\/ul>\n<hr \/>\n<h4>4.\u00a0<strong>Australia \u2013 Pertanian Campuran Tanaman dan Peternakan<\/strong><\/h4>\n<ul>\n<li><strong>Pelanggan<\/strong>Sarah &amp; Mark Jenkins, \u201cPeternakan Wheatridge\u201d<\/li>\n<li><strong>Lokasi<\/strong>New South Wales, Australia<\/li>\n<li><strong>Tanggal Pembelian<\/strong>Oktober 2024<\/li>\n<li><strong>Unit yang Dibeli<\/strong>: 1 unit<\/li>\n<li><strong>Aplikasi<\/strong>: Pengemasan jerami gandum untuk alas tidur domba dan ekspor ke Jepang<\/li>\n<li><strong>Testimoni<\/strong>:<br \/>\n<blockquote><p>\u201cSetelah demonstrasi dari dealer lokal kami, kami skeptis\u2014tetapi kontrol kepadatan balnya sangat tepat. Pembeli Jepang menyukai bentuk yang seragam dan pembungkus jaring yang rapat. Selain itu, suku cadang tiba dari pusat distribusi mereka di Singapura hanya dalam 2 hari ketika kami membutuhkan pisau pengganti.\u201d<\/p><\/blockquote>\n<p>&nbsp;<\/li>\n<\/ul>","protected":false},"excerpt":{"rendered":"<p>Versi 9YG-2.24D S9000 Beyond adalah mesin pengepak jerami bundar untuk pertanian yang dirancang untuk pertanian di seluruh dunia, mampu menangani jerami, rumput kering, dan biomassa dalam berbagai kondisi, dari ladang lembap di Brasil hingga padang rumput dingin di Siberia.<\/p>","protected":false},"featured_media":219,"template":"","meta":{"_et_pb_use_builder":"","_et_pb_old_content":"","_et_gb_content_width":""},"product_brand":[],"product_cat":[23],"product_tag":[20,18,19,27],"class_list":{"0":"post-218","1":"product","2":"type-product","3":"status-publish","4":"has-post-thumbnail","6":"product_cat-round-baler","7":"product_tag-agricultural-baler","8":"product_tag-agricultural-round-baler","9":"product_tag-round-baler","10":"product_tag-s9000-round-baler","12":"first","13":"instock","14":"shipping-taxable","15":"product-type-simple"},"_links":{"self":[{"href":"https:\/\/agricultural-baler.com\/id\/wp-json\/wp\/v2\/product\/218","targetHints":{"allow":["GET"]}}],"collection":[{"href":"https:\/\/agricultural-baler.com\/id\/wp-json\/wp\/v2\/product"}],"about":[{"href":"https:\/\/agricultural-baler.com\/id\/wp-json\/wp\/v2\/types\/product"}],"wp:featuredmedia":[{"embeddable":true,"href":"https:\/\/agricultural-baler.com\/id\/wp-json\/wp\/v2\/media\/219"}],"wp:attachment":[{"href":"https:\/\/agricultural-baler.com\/id\/wp-json\/wp\/v2\/media?parent=218"}],"wp:term":[{"taxonomy":"product_brand","embeddable":true,"href":"https:\/\/agricultural-baler.com\/id\/wp-json\/wp\/v2\/product_brand?post=218"},{"taxonomy":"product_cat","embeddable":true,"href":"https:\/\/agricultural-baler.com\/id\/wp-json\/wp\/v2\/product_cat?post=218"},{"taxonomy":"product_tag","embeddable":true,"href":"https:\/\/agricultural-baler.com\/id\/wp-json\/wp\/v2\/product_tag?post=218"}],"curies":[{"name":"wp","href":"https:\/\/api.w.org\/{rel}","templated":true}]}}