{"id":287,"date":"2025-11-19T07:02:11","date_gmt":"2025-11-19T07:02:11","guid":{"rendered":"https:\/\/agricultural-baler.com\/?post_type=product&#038;p=287"},"modified":"2025-11-20T03:34:46","modified_gmt":"2025-11-20T03:34:46","slug":"agricultural-round-baler-9yg-2-24d-s9000-classic","status":"publish","type":"product","link":"https:\/\/agricultural-baler.com\/fr\/produit\/presse-a-balles-rondes-agricoles-9yg-2-24d-s9000-classique\/","title":{"rendered":"Presse \u00e0 balles rondes agricoles \u2013 9YG-2.24D S9000 Classique"},"content":{"rendered":"<h2><strong data-spm-anchor-id=\"5176.28103460.0.i741.bc984fa5rlZb1k\">Pr\u00e9sentation du produit\u00a0: Presse \u00e0 balles rondes classique 9YG-2.24D S9000<\/strong><\/h2>\n<p>Le <strong>9YG-2.24D S9000 Classique<\/strong> Cette presse \u00e0 balles rondes agricoles \u00e0 traction haute performance est con\u00e7ue pour offrir fiabilit\u00e9 et robustesse m\u00eame dans des conditions de terrain difficiles. Dot\u00e9e d'une largeur de ramassage de 2,24 m\u00e8tres, d'un contr\u00f4le de la densit\u00e9 des balles par capteurs et d'une chambre de compression robuste \u00e0 rouleaux, elle produit des balles enrubann\u00e9es uniformes et haute densit\u00e9, id\u00e9ales pour le foin, la paille et la biomasse.<\/p>\n<p>Con\u00e7u pour <strong>grandes exploitations agricoles, coop\u00e9ratives agricoles et services professionnels de r\u00e9colte \u00e0 fa\u00e7on<\/strong>La S9000 Classic allie une durabilit\u00e9 m\u00e9canique \u00e9prouv\u00e9e \u00e0 des fonctionnalit\u00e9s op\u00e9rationnelles intelligentes, ce qui en fait un outil de travail rentable pour les r\u00e9gions qui privil\u00e9gient la productivit\u00e9, la facilit\u00e9 d'entretien et la valeur \u00e0 long terme.<\/p>\n<p>Fruit d'ann\u00e9es de conception \u00e9prouv\u00e9e sur le terrain, ce mod\u00e8le constitue la base fiable de notre gamme de presses \u00e0 balles rondes, offrant des r\u00e9sultats constants saison apr\u00e8s saison.<\/p>\n<p>&nbsp;<\/p>\n<h2><strong>Param\u00e8tres du produit<\/strong><\/h2>\n<div style=\"overflow-x: auto;\">\n<table style=\"max-width: 100%; overflow-x: auto;\" border=\"1\">\n<thead>\n<tr>\n<th style=\"width: 26.5625px;\">Non.<\/th>\n<th style=\"width: 244.562px;\">Article<\/th>\n<th style=\"width: 65.3906px;\">Unit\u00e9<\/th>\n<th style=\"width: 259.484px;\">Sp\u00e9cification<\/th>\n<\/tr>\n<\/thead>\n<tbody>\n<tr>\n<td style=\"width: 26.5625px;\">1<\/td>\n<td style=\"width: 244.562px;\">Nom du mod\u00e8le<\/td>\n<td style=\"width: 65.3906px;\">\/<\/td>\n<td style=\"width: 259.484px;\">Presse \u00e0 balles rondes 9YG-2.24D (S9000 Classic)<\/td>\n<\/tr>\n<tr>\n<td style=\"width: 26.5625px;\">2<\/td>\n<td style=\"width: 244.562px;\">Type d'attelage<\/td>\n<td style=\"width: 65.3906px;\">\/<\/td>\n<td style=\"width: 259.484px;\">Type \u00e0 tirer<\/td>\n<\/tr>\n<tr>\n<td style=\"width: 26.5625px;\">3<\/td>\n<td style=\"width: 244.562px;\">Largeur de ramassage<\/td>\n<td style=\"width: 65.3906px;\">mm<\/td>\n<td style=\"width: 259.484px;\">2240<\/td>\n<\/tr>\n<tr>\n<td style=\"width: 26.5625px;\">4<\/td>\n<td style=\"width: 244.562px;\">Type de structure de ramassage<\/td>\n<td style=\"width: 65.3906px;\">\/<\/td>\n<td style=\"width: 259.484px;\">Type de dent \u00e0 ressort<\/td>\n<\/tr>\n<tr>\n<td style=\"width: 26.5625px;\">5<\/td>\n<td style=\"width: 244.562px;\">Type de m\u00e9canisme d'alimentation<\/td>\n<td style=\"width: 65.3906px;\">\/<\/td>\n<td style=\"width: 259.484px;\">Peigne \u00e0 rouleau + type rouleau<\/td>\n<\/tr>\n<tr>\n<td style=\"width: 26.5625px;\">6<\/td>\n<td style=\"width: 244.562px;\">M\u00e9canisme de mise en balles de la chambre de compression<\/td>\n<td style=\"width: 65.3906px;\">\/<\/td>\n<td style=\"width: 259.484px;\">Type de rouleau<\/td>\n<\/tr>\n<tr>\n<td style=\"width: 26.5625px;\">7<\/td>\n<td style=\"width: 244.562px;\">Largeur de la chambre de compression<\/td>\n<td style=\"width: 65.3906px;\">mm<\/td>\n<td style=\"width: 259.484px;\">1400<\/td>\n<\/tr>\n<tr>\n<td style=\"width: 26.5625px;\">8<\/td>\n<td style=\"width: 244.562px;\">Diam\u00e8tre de la chambre de compression<\/td>\n<td style=\"width: 65.3906px;\">mm<\/td>\n<td style=\"width: 259.484px;\">\u03a61200<\/td>\n<\/tr>\n<tr>\n<td style=\"width: 26.5625px;\">9<\/td>\n<td style=\"width: 244.562px;\">Nombre de composants de compactage<\/td>\n<td style=\"width: 65.3906px;\">pi\u00e8ces<\/td>\n<td style=\"width: 259.484px;\">18 (Rollers)<\/td>\n<\/tr>\n<tr>\n<td style=\"width: 26.5625px;\">10<\/td>\n<td style=\"width: 244.562px;\">Diam\u00e8tre du rouleau de compactage<\/td>\n<td style=\"width: 65.3906px;\">mm<\/td>\n<td style=\"width: 259.484px;\">\u03a6222<\/td>\n<\/tr>\n<tr>\n<td style=\"width: 26.5625px;\">11<\/td>\n<td style=\"width: 244.562px;\">M\u00e9thode de mise en balles<\/td>\n<td style=\"width: 65.3906px;\">\/<\/td>\n<td style=\"width: 259.484px;\">Filet d'emballage<\/td>\n<\/tr>\n<tr>\n<td style=\"width: 26.5625px;\">12<\/td>\n<td style=\"width: 244.562px;\">Puissance requise<\/td>\n<td style=\"width: 65.3906px;\">kW<\/td>\n<td style=\"width: 259.484px;\">55\u2013100<\/td>\n<\/tr>\n<tr>\n<td style=\"width: 26.5625px;\">13<\/td>\n<td style=\"width: 244.562px;\">Poids de la machine<\/td>\n<td style=\"width: 65.3906px;\">kg<\/td>\n<td style=\"width: 259.484px;\">4312<\/td>\n<\/tr>\n<tr>\n<td style=\"width: 26.5625px;\">14<\/td>\n<td style=\"width: 244.562px;\">Vitesse de l'arbre de prise de force<\/td>\n<td style=\"width: 65.3906px;\">r\/min<\/td>\n<td style=\"width: 259.484px;\">720<\/td>\n<\/tr>\n<tr>\n<td style=\"width: 26.5625px;\">15<\/td>\n<td style=\"width: 244.562px;\">Dimensions hors tout (L\u00d7l\u00d7H)<\/td>\n<td style=\"width: 65.3906px;\">mm<\/td>\n<td style=\"width: 259.484px;\">4470 \u00d7 3010 \u00d7 2370 (en fonctionnement)<\/td>\n<\/tr>\n<tr>\n<td style=\"width: 26.5625px;\">16<\/td>\n<td style=\"width: 244.562px;\">Contr\u00f4le de la densit\u00e9 des balles<\/td>\n<td style=\"width: 65.3906px;\">\/<\/td>\n<td style=\"width: 259.484px;\">Contr\u00f4l\u00e9 par capteur<\/td>\n<\/tr>\n<tr>\n<td style=\"width: 26.5625px;\">17<\/td>\n<td style=\"width: 244.562px;\">Dimensions de la balle (Diam\u00e8tre \u00d7 Largeur)<\/td>\n<td style=\"width: 65.3906px;\">mm<\/td>\n<td style=\"width: 259.484px;\">\u03a61300 \u00d7 1400<\/td>\n<\/tr>\n<tr>\n<td style=\"width: 26.5625px;\">18<\/td>\n<td style=\"width: 244.562px;\">Densit\u00e9 des balles<\/td>\n<td style=\"width: 65.3906px;\">kg\/m\u00b3<\/td>\n<td style=\"width: 259.484px;\">100\u2013200<\/td>\n<\/tr>\n<tr>\n<td style=\"width: 26.5625px;\">19<\/td>\n<td style=\"width: 244.562px;\">Taux de production<\/td>\n<td style=\"width: 65.3906px;\">balles\/heure<\/td>\n<td style=\"width: 259.484px;\">40\u2013100<\/td>\n<\/tr>\n<tr>\n<td style=\"width: 26.5625px;\">20<\/td>\n<td style=\"width: 244.562px;\">Empattement<\/td>\n<td style=\"width: 65.3906px;\">mm<\/td>\n<td style=\"width: 259.484px;\">2600<\/td>\n<\/tr>\n<tr>\n<td style=\"width: 26.5625px;\">21<\/td>\n<td style=\"width: 244.562px;\">Vitesse de fonctionnement<\/td>\n<td style=\"width: 65.3906px;\">km\/h<\/td>\n<td style=\"width: 259.484px;\">5\u201335<\/td>\n<\/tr>\n<tr>\n<td style=\"width: 26.5625px;\">22<\/td>\n<td style=\"width: 244.562px;\">Dimensions du filet (Longueur \u00d7 Largeur)<\/td>\n<td style=\"width: 65.3906px;\">\/<\/td>\n<td style=\"width: 259.484px;\">2000 \u00d7 1,4 m par balle<\/td>\n<\/tr>\n<\/tbody>\n<\/table>\n<\/div>\n<p><img loading=\"lazy\" decoding=\"async\" class=\"aligncenter wp-image-290 size-full\" src=\"https:\/\/agricultural-baler.com\/wp-content\/uploads\/2025\/11\/0-9YG-2.24D-baler-classic-2.webp\" alt=\"Presse \u00e0 balles classique 9YG-2.24D 2\" width=\"945\" height=\"714\" srcset=\"https:\/\/agricultural-baler.com\/wp-content\/uploads\/2025\/11\/0-9YG-2.24D-baler-classic-2.webp 945w, https:\/\/agricultural-baler.com\/wp-content\/uploads\/2025\/11\/0-9YG-2.24D-baler-classic-2-480x363.webp 480w\" sizes=\"auto, (min-width: 0px) and (max-width: 480px) 480px, (min-width: 481px) 945px, 100vw\" \/><\/p>\n<h2><strong data-spm-anchor-id=\"5176.28103460.0.i745.bc984fa5rlZb1k\">Innovations cl\u00e9s et aspects techniques<\/strong><strong data-spm-anchor-id=\"5176.28103460.0.i745.bc984fa5rlZb1k\"> Avantages<\/strong><\/h2>\n<h3>1.\u00a0<strong>Syst\u00e8me avanc\u00e9 de barre de traction et de transmission<\/strong><\/h3>\n<p>La presse \u00e0 balles est \u00e9quip\u00e9e d'une <strong>arbre de transmission \u00e0 double joint universel (double joint en croix) de conception interne<\/strong>, associ\u00e9 \u00e0 un syst\u00e8me int\u00e9gr\u00e9 <strong>arbre de s\u00e9curit\u00e9 limitant le couple<\/strong>Cette conception r\u00e9duit consid\u00e9rablement les contraintes sur les composants de la transmission lors des virages serr\u00e9s, un point particuli\u00e8rement critique pour les terrains petits ou irr\u00e9guliers. En pr\u00e9venant le blocage de la transmission et les surcharges de torsion, elle prolonge la dur\u00e9e de vie de la machine et assure un fonctionnement fluide m\u00eame sur les terrains difficiles.<\/p>\n<h3>2.\u00a0<strong>Syst\u00e8me hydraulique am\u00e9lior\u00e9 pour un fonctionnement plus rapide et plus fluide<\/strong><\/h3>\n<p>\u00c9quip\u00e9 de <strong>Raccords hydrauliques \u00e0 \u00e9vasement de type H (\u00e0 morsure)<\/strong>Le syst\u00e8me r\u00e9siste \u00e0 des pressions de service plus \u00e9lev\u00e9es, ce qui permet <strong>cycles d'ouverture et de fermeture de la chambre \u00e0 balles plus rapides<\/strong>. Un d\u00e9di\u00e9 <strong>cylindre tampon<\/strong> Il est install\u00e9 dans la chambre arri\u00e8re pour absorber les chocs lors de la fermeture, minimisant ainsi l'usure induite par les vibrations sur les composants structurels et prolongeant leur dur\u00e9e de vie.<\/p>\n<h3>3.\u00a0<strong>Bo\u00eete de vitesses robuste et entra\u00eenement de chambre \u00e0 double pignon<\/strong><\/h3>\n<p>Le renforc\u00e9 <strong>bo\u00eete de vitesses robuste<\/strong> offre un couple de transmission accru, assurant une puissance constante m\u00eame sous des charges de r\u00e9colte \u00e9lev\u00e9es. Associ\u00e9 \u00e0 un <strong>transmission par cha\u00eene \u00e0 pignon double c\u00f4t\u00e9<\/strong> Pour la chambre de compression, cette configuration assure une r\u00e9partition \u00e9quilibr\u00e9e des forces, ce qui a pour r\u00e9sultat\u00a0: <strong>Formation de balles plus homog\u00e8ne, contraintes m\u00e9caniques r\u00e9duites et efficacit\u00e9 op\u00e9rationnelle accrue<\/strong>\u2014m\u00eame en cas d'utilisation quotidienne prolong\u00e9e.<\/p>\n<p><img loading=\"lazy\" decoding=\"async\" class=\"aligncenter wp-image-291 size-full\" src=\"https:\/\/agricultural-baler.com\/wp-content\/uploads\/2025\/11\/0-baler-working.webp\" alt=\"presse \u00e0 balles en fonctionnement\" width=\"737\" height=\"712\" srcset=\"https:\/\/agricultural-baler.com\/wp-content\/uploads\/2025\/11\/0-baler-working.webp 737w, https:\/\/agricultural-baler.com\/wp-content\/uploads\/2025\/11\/0-baler-working-480x464.webp 480w\" sizes=\"auto, (min-width: 0px) and (max-width: 480px) 480px, (min-width: 481px) 737px, 100vw\" \/><\/p>\n<h2 data-spm-anchor-id=\"5176.28103460.0.i750.bc984fa5rlZb1k\"><strong>Applications et avantages<\/strong><\/h2>\n<h3><strong>Conditions de fonctionnement id\u00e9ales<\/strong><\/h3>\n<p>Le <strong>9YG-2.24D S9000 Classique<\/strong> est polyvalent <a href=\"https:\/\/agricultural-baler.com\/fr\/\"><strong>presse \u00e0 balles agricole<\/strong><\/a> Con\u00e7u pour s'adapter \u00e0 divers environnements agricoles, des grandes r\u00e9gions c\u00e9r\u00e9ali\u00e8res aux p\u00e2turages d'\u00e9levage. Il excelle notamment dans\u00a0:<\/p>\n<ul>\n<li><strong>champs de foin secs ou semi-secs<\/strong>\u00a0(luzerne, tr\u00e8fle, herbe) comme une source fiable\u00a0<strong>presse \u00e0 balles de foin<\/strong><\/li>\n<li><strong>Collecte de la paille apr\u00e8s r\u00e9colte<\/strong>\u00a0apr\u00e8s la r\u00e9colte du bl\u00e9, du riz ou du ma\u00efs \u2014 id\u00e9al pour\u00a0<strong>mise en balles de paille<\/strong>\u00a0op\u00e9rations<\/li>\n<li><strong>R\u00e9cup\u00e9ration de biomasse<\/strong>\u00a0des r\u00e9sidus de r\u00e9colte comme les roseaux, les tiges de sorgho ou le colza<\/li>\n<li><strong>Parcelles de petite \u00e0 moyenne taille<\/strong>\u00a0avec des virages fr\u00e9quents, gr\u00e2ce \u00e0 sa transmission optimis\u00e9e et son rayon de braquage compact<\/li>\n<\/ul>\n<p>Que ce soit en plaine ou sur un terrain l\u00e9g\u00e8rement vallonn\u00e9, ce <strong>presse \u00e0 balles rondes<\/strong> offre des performances constantes dans des conditions r\u00e9elles d'utilisation sur le terrain.<\/p>\n<h3><strong>Avantages \u00e9conomiques<\/strong><\/h3>\n<ul>\n<li>\u23f1\ufe0f\u00a0<strong>Augmente la productivit\u00e9<\/strong>: Avec une vitesse de travail de 5 \u00e0 35 km\/h et une puissance de\u00a0<strong>40 \u00e0 100 balles\/heure<\/strong>, le\u00a0<strong>presse \u00e0 balles rondes<\/strong>\u00a0R\u00e9duit consid\u00e9rablement le temps pass\u00e9 sur le terrain par rapport aux m\u00e9thodes manuelles ou aux \u00e9quipements obsol\u00e8tes.<\/li>\n<li>?\u00a0<strong>R\u00e9duit les co\u00fbts op\u00e9rationnels<\/strong>: Une conception robuste minimise les pannes ; la facilit\u00e9 d'entretien r\u00e9duit les co\u00fbts de main-d'\u0153uvre et de pi\u00e8ces de rechange jusqu'\u00e0 30%.<\/li>\n<li>?\u00a0<strong>Am\u00e9liore la qualit\u00e9 des balles<\/strong>Uniforme, haute densit\u00e9\u00a0<strong>balles de foin<\/strong>\u00a0(100\u2013200 kg\/m\u00b3) permettent d\u2019obtenir de meilleurs prix sur les march\u00e9s de l\u2019alimentation animale et de r\u00e9duire les pertes li\u00e9es au transport et au stockage.<\/li>\n<li>?\u00a0<strong>Compatible avec les tracteurs de moyenne gamme<\/strong>\u00a0(55\u2013100 kW), ce qui le rend accessible aux exploitations agricoles soucieuses des co\u00fbts sans sacrifier l'efficacit\u00e9.<\/li>\n<\/ul>\n<h3><strong>Avantages sociaux et environnementaux<\/strong><\/h3>\n<ul>\n<li>\u267b\ufe0f\u00a0<strong>Favorise l'agriculture durable<\/strong>: Efficace\u00a0<strong>mise en balles de paille<\/strong>\u00a0permet le recyclage des r\u00e9sidus de r\u00e9colte, r\u00e9duisant ainsi le br\u00fblage \u00e0 ciel ouvert et la pollution atmosph\u00e9rique.<\/li>\n<li>?\u200d?\u00a0<strong>R\u00e9duit la d\u00e9pendance \u00e0 la main-d'\u0153uvre<\/strong>: Automatise une t\u00e2che traditionnellement exigeante en main-d'\u0153uvre, att\u00e9nuant ainsi la pression sur les p\u00e9nuries de main-d'\u0153uvre rurale.<\/li>\n<li>?\u00a0<strong>Soutient l'agriculture circulaire<\/strong>La paille en balles devient une liti\u00e8re pr\u00e9cieuse, une mati\u00e8re premi\u00e8re pour les biocarburants ou un engrais organique, bouclant ainsi le cycle des ressources.<\/li>\n<\/ul>\n<p><img loading=\"lazy\" decoding=\"async\" class=\"aligncenter wp-image-282 size-large\" src=\"https:\/\/agricultural-baler.com\/wp-content\/uploads\/2025\/11\/0-agricultural-baler-banner3-1024x317.webp\" alt=\"banni\u00e8re pour presse \u00e0 balles agricoles\" width=\"1024\" height=\"317\" srcset=\"https:\/\/agricultural-baler.com\/wp-content\/uploads\/2025\/11\/0-agricultural-baler-banner3-980x303.webp 980w, https:\/\/agricultural-baler.com\/wp-content\/uploads\/2025\/11\/0-agricultural-baler-banner3-480x149.webp 480w\" sizes=\"auto, (min-width: 0px) and (max-width: 480px) 480px, (min-width: 481px) and (max-width: 980px) 980px, (min-width: 981px) 1024px, 100vw\" \/><\/p>\n<h2>?\u00a0<strong>Des t\u00e9moignages concrets, des r\u00e9sultats tangibles\u00a0: les agriculteurs font confiance \u00e0 la presse \u00e0 balles rondes classique S9000<\/strong><\/h2>\n<hr \/>\n<h4>1.\u00a0<strong>\u00c9tats-Unis \u2013 Producteur de foin du Midwest<\/strong><\/h4>\n<ul>\n<li><strong>Client<\/strong>Daniel Miller, propri\u00e9taire de Miller Hay Farms<\/li>\n<li><strong>Emplacement<\/strong>Nebraska, \u00c9tats-Unis<\/li>\n<li><strong>Date d'achat<\/strong>Avril 2024<\/li>\n<li><strong>Unit\u00e9s achet\u00e9es<\/strong>: 3 unit\u00e9s<\/li>\n<li><strong>Application<\/strong>Pressage de foin de luzerne et d'herbe pour l'alimentation des vaches laiti\u00e8res<\/li>\n<li><strong>T\u00e9moignage<\/strong>:<br \/>\n<blockquote><p>\u00ab\u00a0Nous avions besoin d'une presse \u00e0 balles fiable \u00e0 moins de $30K capable de suivre la cadence de notre tracteur de 90\u00a0ch. La S9000 Classic a r\u00e9pondu \u00e0 toutes nos attentes\u00a0: plus de 100\u00a0balles par jour sans aucun bourrage, m\u00eame lors de notre r\u00e9colte printani\u00e8re humide. L'enrubannage est pr\u00e9cis et le pick-up g\u00e8re le foin tass\u00e9 mieux que notre ancienne John Deere. Pour ce prix, elle est imbattable.\u00a0\u00bb<\/p><\/blockquote>\n<\/li>\n<\/ul>\n<hr \/>\n<h4>2.\u00a0<strong>Ukraine \u2013 Coop\u00e9rative c\u00e9r\u00e9ali\u00e8re et d'\u00e9levage<\/strong><\/h4>\n<ul>\n<li><strong>Client<\/strong>: AgroSoyouz Tovarystvo (Coop\u00e9rative AgroSoyouz)<\/li>\n<li><strong>Emplacement<\/strong>R\u00e9gion de Poltava, Ukraine<\/li>\n<li><strong>Date d'achat<\/strong>: juillet 2024<\/li>\n<li><strong>Unit\u00e9s achet\u00e9es<\/strong>: 5 unit\u00e9s<\/li>\n<li><strong>Application<\/strong>: Mise en balles de paille de bl\u00e9 pour la liti\u00e8re bovine et l'exportation<\/li>\n<li><strong>T\u00e9moignage<\/strong>:<br \/>\n<blockquote><p>\u00ab\u00a0Suite aux sanctions qui ont limit\u00e9 l'acc\u00e8s aux pi\u00e8ces d\u00e9tach\u00e9es pour les machines europ\u00e9ennes, nous sommes pass\u00e9s \u00e0 cette presse \u00e0 balles rondes chinoise. Elle fonctionne 12 heures par jour avec des tracteurs de 85 CV. La transmission par cha\u00eene double emp\u00eache le patinage de la courroie, un probl\u00e8me majeur avec nos anciens mod\u00e8les. Nous en avons d\u00e9j\u00e0 command\u00e9 une troisi\u00e8me.\u00a0\u00bb<\/p><\/blockquote>\n<p><img loading=\"lazy\" decoding=\"async\" class=\"alignnone size-medium wp-image-222\" src=\"https:\/\/agricultural-baler.com\/wp-content\/uploads\/2025\/11\/0-9YG-2.24D-baler-3-300x200.webp\" alt=\"Presse \u00e0 balles 9YG-2.24D\" width=\"300\" height=\"200\" \/><\/li>\n<\/ul>\n<hr \/>\n<h4>3.\u00a0<strong>Mongolie \u2013 Ferme pastorale de la steppe<\/strong><\/h4>\n<ul>\n<li><strong>Client<\/strong>Batbayar Enkhbold, g\u00e9rant de Gobi Agro LLC<\/li>\n<li><strong>Emplacement<\/strong>: Province d'\u00d6v\u00f6rkhangai, Mongolie<\/li>\n<li><strong>Date d'achat<\/strong>: septembre 2024<\/li>\n<li><strong>Unit\u00e9s achet\u00e9es<\/strong>: 1 unit\u00e9<\/li>\n<li><strong>Application<\/strong>: Pressage de foin de prairie naturelle pour l'alimentation hivernale du b\u00e9tail<\/li>\n<li><strong>T\u00e9moignage<\/strong>:<br \/>\n<blockquote><p>\u00ab Nos p\u00e2turages sont rocailleux et accident\u00e9s, mais cette presse \u00e0 balles agricoles s'en sort tr\u00e8s bien. La garde au sol est r\u00e9glable et l'arbre de transmission de s\u00e9curit\u00e9 nous a sauv\u00e9s \u00e0 deux reprises en heurtant des pierres cach\u00e9es. La livraison depuis la Chine n'a pris que 22 jours, plus rapide que chez les concessionnaires locaux ! \u00bb<\/p><\/blockquote>\n<\/li>\n<\/ul>\n<hr \/>\n<h4>4.\u00a0<strong>Argentine \u2013 Entrepreneur en r\u00e9sidus de soja<\/strong><\/h4>\n<ul>\n<li><strong>Client<\/strong>: CampoLimpio Servicios Agr\u00edcolas<\/li>\n<li><strong>Emplacement<\/strong>C\u00f3rdoba, Argentine<\/li>\n<li><strong>Date d'achat<\/strong>: f\u00e9vrier 2025<\/li>\n<li><strong>Unit\u00e9s achet\u00e9es<\/strong>: 3 unit\u00e9s<\/li>\n<li><strong>Application<\/strong>: Mise en balles des tiges de soja et de ma\u00efs pour les centrales \u00e0 biomasse<\/li>\n<li><strong>T\u00e9moignage<\/strong>:<br \/>\n<blockquote><p>\u00ab Nous avons test\u00e9 cinq presses \u00e0 balles pour les r\u00e9sidus \u00e0 forte teneur en humidit\u00e9. Seule la S9000 Classic n'a pas bouch\u00e9. Son syst\u00e8me de ramassage \u00e0 dents \u00e0 ressort et son rouleau anti-enroulement sont tout simplement magiques. Retour sur investissement en 6 mois\u00a0: nous renouvelons maintenant toute notre flotte. \u00bb<\/p><\/blockquote>\n<\/li>\n<\/ul>\n<hr \/>\n<h4>5.\u00a0<strong>Vietnam \u2013 Initiative de recyclage de la paille de riz<\/strong><\/h4>\n<ul>\n<li><strong>Client<\/strong>: Mekong Green Energy Co., Ltd<\/li>\n<li><strong>Emplacement<\/strong>Province d'An Giang, Vietnam<\/li>\n<li><strong>Date d'achat<\/strong>: novembre 2024<\/li>\n<li><strong>Unit\u00e9s achet\u00e9es<\/strong>: 8 unit\u00e9s (pour le programme de coop\u00e9rative agricole)<\/li>\n<li><strong>Application<\/strong>Collecte de paille de riz pour approvisionner les usines de granul\u00e9s<\/li>\n<li><strong>T\u00e9moignage<\/strong>:<br \/>\n<blockquote>\n<p data-spm-anchor-id=\"5176.28103460.0.i754.bc984fa5rlZb1k\">\u00ab Le gouvernement ayant interdit le br\u00fblage des champs, nous avions besoin rapidement de presses \u00e0 paille abordables. Cette presse \u00e0 balles rondes fonctionne avec des tracteurs de 75 CV, courants dans la r\u00e9gion. Son utilisation est simple\u00a0: les agriculteurs l\u2019ont ma\u00eetris\u00e9e d\u00e8s la premi\u00e8re d\u00e9monstration. L\u2019entretien est facile et les pi\u00e8ces d\u00e9tach\u00e9es arrivent de Guangzhou en 3 jours. \u00bb<\/p>\n<\/blockquote>\n<p data-spm-anchor-id=\"5176.28103460.0.i754.bc984fa5rlZb1k\">\n<\/li>\n<\/ul>\n<h2><strong>FAQ<\/strong><\/h2>\n<p><em><strong>Q : Pour quelles cultures cette presse \u00e0 balles est-elle adapt\u00e9e ?<\/strong><\/em><\/p>\n<p>A: Le 9YG-2.24D S9000 Classic convient \u00e0 une vari\u00e9t\u00e9 de cultures, y compris le foin (luzerne, tr\u00e8fle), la paille (bl\u00e9, riz) et les mati\u00e8res de biomasse comme les tiges de sorgho.<\/p>\n<p><em><strong>Q : Quelle puissance de tracteur est requise ?<\/strong><\/em><\/p>\n<p>A: Cette presse \u00e0 balles rondes fonctionne efficacement avec des tracteurs allant de 55 \u00e0 100 kW (75 \u00e0 135 CV).<\/p>\n<p><em><strong>Q : Quel est le rendement en conditions de paille humide ?<\/strong><\/em><\/p>\n<p>A: Dans des conditions humides, le rendement peut varier, mais il se situe g\u00e9n\u00e9ralement entre 40 et 60 balles par heure en raison de vitesses de traitement plus lentes.<\/p>\n<p><em><strong>Q : Quelles sont les am\u00e9liorations par rapport \u00e0 l'ancien mod\u00e8le S8000 ?<\/strong><\/em><\/p>\n<p>A: Compar\u00e9 au S8000, le S9000 Classic offre une durabilit\u00e9 accrue de la transmission, des syst\u00e8mes hydrauliques am\u00e9lior\u00e9s et un couple de transmission accru pour de meilleures performances sur les terrains difficiles.<\/p>\n<p>&nbsp;<\/p>","protected":false},"excerpt":{"rendered":"<p>Cette presse \u00e0 balles rondes agricole est un mod\u00e8le fiable, \u00e0 traction, con\u00e7u pour le pressage du foin, de la paille et de la biomasse. Dot\u00e9e d'une largeur de ramassage de 2,24 m et d'une densit\u00e9 contr\u00f4l\u00e9e par capteurs, elle produit des balles uniformes de 1,3 m de large, enrubann\u00e9es par un filet, \u00e0 une cadence de 40 \u00e0 100 balles par heure.<\/p>","protected":false},"featured_media":288,"template":"","meta":{"_et_pb_use_builder":"","_et_pb_old_content":"","_et_gb_content_width":""},"product_brand":[],"product_cat":[23],"product_tag":[18,19,27],"class_list":{"0":"post-287","1":"product","2":"type-product","3":"status-publish","4":"has-post-thumbnail","6":"product_cat-round-baler","7":"product_tag-agricultural-round-baler","8":"product_tag-round-baler","9":"product_tag-s9000-round-baler","11":"first","12":"instock","13":"shipping-taxable","14":"product-type-simple"},"_links":{"self":[{"href":"https:\/\/agricultural-baler.com\/fr\/wp-json\/wp\/v2\/product\/287","targetHints":{"allow":["GET"]}}],"collection":[{"href":"https:\/\/agricultural-baler.com\/fr\/wp-json\/wp\/v2\/product"}],"about":[{"href":"https:\/\/agricultural-baler.com\/fr\/wp-json\/wp\/v2\/types\/product"}],"wp:featuredmedia":[{"embeddable":true,"href":"https:\/\/agricultural-baler.com\/fr\/wp-json\/wp\/v2\/media\/288"}],"wp:attachment":[{"href":"https:\/\/agricultural-baler.com\/fr\/wp-json\/wp\/v2\/media?parent=287"}],"wp:term":[{"taxonomy":"product_brand","embeddable":true,"href":"https:\/\/agricultural-baler.com\/fr\/wp-json\/wp\/v2\/product_brand?post=287"},{"taxonomy":"product_cat","embeddable":true,"href":"https:\/\/agricultural-baler.com\/fr\/wp-json\/wp\/v2\/product_cat?post=287"},{"taxonomy":"product_tag","embeddable":true,"href":"https:\/\/agricultural-baler.com\/fr\/wp-json\/wp\/v2\/product_tag?post=287"}],"curies":[{"name":"wp","href":"https:\/\/api.w.org\/{rel}","templated":true}]}}