{"id":218,"date":"2025-11-18T08:42:09","date_gmt":"2025-11-18T08:42:09","guid":{"rendered":"https:\/\/agricultural-baler.com\/?post_type=product&#038;p=218"},"modified":"2025-11-20T03:34:47","modified_gmt":"2025-11-20T03:34:47","slug":"agricultural-round-baler-9yg-2-24d-s9000-beyond-version","status":"publish","type":"product","link":"https:\/\/agricultural-baler.com\/fr\/produit\/presse-a-balles-rondes-agricoles-9yg-2-24d-s9000-version-beyond\/","title":{"rendered":"Presse \u00e0 balles rondes agricoles \u2013 9YG-2.24D S9000 Version Beyond"},"content":{"rendered":"<h2><strong>Points forts du produit<\/strong><\/h2>\n<ol>\n<li><strong>Raccord rapide<\/strong>Lors du raccordement de la presse \u00e0 balles au tracteur, la barre de traction horizontale peut pivoter de haut en bas de mani\u00e8re flexible, permettant \u00e0 la goupille d'attelage du tracteur de s'engager en douceur avec le point de couplage.<\/li>\n<li><strong>Rayon de braquage r\u00e9duit<\/strong>La bo\u00eete de vitesses \u00e0 double rapport permet une rotation de 90 degr\u00e9s \u00e0 gauche et \u00e0 droite, am\u00e9liorant consid\u00e9rablement la maniabilit\u00e9 lors des virages et des changements de direction pendant le remorquage de la presse. Il n'est pas n\u00e9cessaire de couper le moteur pendant les virages, ce qui rend l'utilisation plus pratique et r\u00e9duit la fatigue de l'op\u00e9rateur. De plus, la transmission de la puissance par la bo\u00eete de vitesses optimise le rendement global.<\/li>\n<li><strong>Haute stabilit\u00e9 et durabilit\u00e9<\/strong>La bo\u00eete de vitesses \u00e0 double rapport est fix\u00e9e rigidement au ch\u00e2ssis du timon, ce qui lui conf\u00e8re une excellente stabilit\u00e9 structurelle. Cette conception pr\u00e9vient les dommages caus\u00e9s au timon ou \u00e0 l'arbre de transmission par les contraintes de torsion lors de l'utilisation sur terrain accident\u00e9.<\/li>\n<\/ol>\n<h3><strong data-spm-anchor-id=\"5176.28103460.0.i562.bc984fa5rlZb1k\">Sp\u00e9cifications techniques<\/strong><\/h3>\n<div style=\"overflow-x: auto;\">\n<table style=\"max-width: 100%; overflow-x: auto;\" border=\"1\">\n<thead>\n<tr>\n<th>Non.<\/th>\n<th>Article<\/th>\n<th>Unit\u00e9<\/th>\n<th>Sp\u00e9cification<\/th>\n<\/tr>\n<\/thead>\n<tbody>\n<tr>\n<td>1<\/td>\n<td>Nom du mod\u00e8le<\/td>\n<td>\/<\/td>\n<td>Presse \u00e0 balles rondes 9YG-2.24D (S9000 Beyond)<\/td>\n<\/tr>\n<tr>\n<td>2<\/td>\n<td>Type d'attelage<\/td>\n<td>\/<\/td>\n<td>Barre de traction pour tracteur (type traction)<\/td>\n<\/tr>\n<tr>\n<td>3<\/td>\n<td>Largeur de ramassage<\/td>\n<td>mm<\/td>\n<td>2240<\/td>\n<\/tr>\n<tr>\n<td>4<\/td>\n<td>Type de structure de ramassage<\/td>\n<td>\/<\/td>\n<td>Type de dent \u00e0 ressort<\/td>\n<\/tr>\n<tr>\n<td>5<\/td>\n<td>Type de m\u00e9canisme d'alimentation<\/td>\n<td>\/<\/td>\n<td>Type peigne + rouleau<\/td>\n<\/tr>\n<tr>\n<td>6<\/td>\n<td>M\u00e9canisme de mise en balles de la chambre de compression<\/td>\n<td>\/<\/td>\n<td>Type de rouleau<\/td>\n<\/tr>\n<tr>\n<td>7<\/td>\n<td>Largeur de la chambre de compression<\/td>\n<td>mm<\/td>\n<td>1400<\/td>\n<\/tr>\n<tr>\n<td>8<\/td>\n<td>Diam\u00e8tre de la chambre de compression<\/td>\n<td>mm<\/td>\n<td>\u03a61200<\/td>\n<\/tr>\n<tr>\n<td>9<\/td>\n<td>Nombre de composants de compactage<\/td>\n<td>pi\u00e8ces<\/td>\n<td>18 (Rollers)<\/td>\n<\/tr>\n<tr>\n<td>10<\/td>\n<td>Diam\u00e8tre du rouleau de compactage<\/td>\n<td>mm<\/td>\n<td>\u03a6222<\/td>\n<\/tr>\n<tr>\n<td>11<\/td>\n<td>M\u00e9thode de mise en balles<\/td>\n<td>\/<\/td>\n<td>Filet d'emballage<\/td>\n<\/tr>\n<tr>\n<td>12<\/td>\n<td>Puissance requise<\/td>\n<td>kW<\/td>\n<td>55\u2013100<\/td>\n<\/tr>\n<tr>\n<td>13<\/td>\n<td>Poids de la machine<\/td>\n<td>kg<\/td>\n<td>4570<\/td>\n<\/tr>\n<tr>\n<td>14<\/td>\n<td>Vitesse de l'arbre de prise de force<\/td>\n<td>r\/min<\/td>\n<td>720<\/td>\n<\/tr>\n<tr>\n<td>15<\/td>\n<td>Dimensions hors tout (L\u00d7l\u00d7H)<\/td>\n<td>mm<\/td>\n<td>4600 \u00d7 3010 \u00d7 2370 (en fonctionnement)<\/td>\n<\/tr>\n<tr>\n<td>16<\/td>\n<td>Contr\u00f4le de la densit\u00e9 des balles<\/td>\n<td>\/<\/td>\n<td>Contr\u00f4l\u00e9 par capteur<\/td>\n<\/tr>\n<tr>\n<td>17<\/td>\n<td>Dimensions de la balle (Diam\u00e8tre \u00d7 Largeur)<\/td>\n<td>mm<\/td>\n<td>\u03a61300 \u00d7 1400<\/td>\n<\/tr>\n<tr>\n<td>18<\/td>\n<td>Densit\u00e9 des balles<\/td>\n<td>kg\/m\u00b3<\/td>\n<td>100\u2013200<\/td>\n<\/tr>\n<tr>\n<td>19<\/td>\n<td>Taux de production<\/td>\n<td>balles\/heure<\/td>\n<td>40\u2013100<\/td>\n<\/tr>\n<tr>\n<td>20<\/td>\n<td>Empattement<\/td>\n<td>mm<\/td>\n<td>2600<\/td>\n<\/tr>\n<tr>\n<td>21<\/td>\n<td>Vitesse de fonctionnement<\/td>\n<td>km\/h<\/td>\n<td>5\u201335<\/td>\n<\/tr>\n<tr>\n<td>22<\/td>\n<td>Dimensions du filet (Longueur \u00d7 Largeur)<\/td>\n<td>\/<\/td>\n<td>2000 \u00d7 1,4 m par balle<\/td>\n<\/tr>\n<\/tbody>\n<\/table>\n<\/div>\n<h2><strong>Innovations cl\u00e9s<\/strong><\/h2>\n<p><img loading=\"lazy\" decoding=\"async\" class=\"aligncenter wp-image-220 size-full\" src=\"https:\/\/agricultural-baler.com\/wp-content\/uploads\/2025\/11\/0-9YG-2.24D-baler-2.webp\" alt=\"Presse \u00e0 balles 9YG-2.24D \" width=\"853\" height=\"718\" srcset=\"https:\/\/agricultural-baler.com\/wp-content\/uploads\/2025\/11\/0-9YG-2.24D-baler-2.webp 853w, https:\/\/agricultural-baler.com\/wp-content\/uploads\/2025\/11\/0-9YG-2.24D-baler-2-480x404.webp 480w\" sizes=\"auto, (min-width: 0px) and (max-width: 480px) 480px, (min-width: 481px) 853px, 100vw\" \/><\/p>\n<h3>Syst\u00e8me de contr\u00f4le intelligent S9000<\/h3>\n<ul>\n<li>Interface homme-machine tactile\u00a0: offre une exp\u00e9rience d\u2019utilisation intuitive, affichant l\u2019\u00e9tat de fonctionnement en temps r\u00e9el, le nombre de lots et les codes d\u2019erreur, garantissant une transparence op\u00e9rationnelle et une facilit\u00e9 de maintenance.<\/li>\n<li>Pr\u00e9r\u00e9glage de la densit\u00e9 et fonction de m\u00e9morisation automatique\u00a0: Trois options de densit\u00e9 pr\u00e9r\u00e9gl\u00e9es (souple\/moyenne\/ferme) sont disponibles pour s\u2019adapter aux besoins des diff\u00e9rentes cultures. Le syst\u00e8me m\u00e9morise automatiquement les pr\u00e9f\u00e9rences de l\u2019utilisateur, simplifiant ainsi son utilisation.<\/li>\n<\/ul>\n<h3>Syst\u00e8me de ramassage am\u00e9lior\u00e9<\/h3>\n<ul>\n<li>Dents renforc\u00e9es + rouleau anti-enchev\u00eatrement\u00a0: Utilise des dents sp\u00e9cialement con\u00e7ues et un rouleau anti-enchev\u00eatrement pour relever efficacement les d\u00e9fis pos\u00e9s par les cultures humides et \u00e0 haut rendement, am\u00e9liorant ainsi l\u2019efficacit\u00e9 du travail.<\/li>\n<li>Garde au sol r\u00e9glable du pick-up\u00a0: Permet d\u2019ajuster la hauteur du pick-up en fonction des diff\u00e9rentes conditions de terrain afin de s\u2019adapter aux environnements de travail vari\u00e9s, assurant ainsi un fonctionnement continu et stable.<\/li>\n<\/ul>\n<h3>Au-del\u00e0 du renforcement de la transmission de la version<\/h3>\n<ul>\n<li>Bo\u00eete de vitesses double am\u00e9lior\u00e9e\u00a0: Utilise une conception \u00e0 rotation \u00e0 90\u00b0 et assure une lubrification enti\u00e8rement \u00e9tanche, am\u00e9liorant ainsi l\u2019efficacit\u00e9 m\u00e9canique et la durabilit\u00e9.<\/li>\n<li>Joint universel renforc\u00e9 + boulon de cisaillement prot\u00e9g\u00e9 contre les surcharges\u00a0: \u00c9quip\u00e9 d\u2019un joint universel plus robuste et de boulons de cisaillement prot\u00e9g\u00e9s contre les surcharges pour pr\u00e9venir les dommages m\u00e9caniques, am\u00e9liorant ainsi la fiabilit\u00e9 et la s\u00e9curit\u00e9 du syst\u00e8me.<\/li>\n<\/ul>\n<h3>Conception \u00e0 maintenance rapide<\/h3>\n<ul>\n<li>Noueuse modulaire : Sa conception modulaire permet le remplacement de la lame en 5 minutes, r\u00e9duisant consid\u00e9rablement les temps d'arr\u00eat.<\/li>\n<li>Disposition centralis\u00e9e des pi\u00e8ces d'usure : les pi\u00e8ces d'usure sont situ\u00e9es au centre pour un acc\u00e8s facile, optimisant le processus de maintenance, augmentant l'efficacit\u00e9 de la maintenance jusqu'\u00e0 40% et r\u00e9duisant le temps et les co\u00fbts de maintenance.<\/li>\n<\/ul>\n<h2><strong>Applications : Domaines d'application o\u00f9 la presse \u00e0 balles rondes 9YG-2.24D S9000 Beyond offre des performances exceptionnelles<\/strong><\/h2>\n<p><img loading=\"lazy\" decoding=\"async\" class=\"aligncenter wp-image-94 size-full\" src=\"https:\/\/agricultural-baler.com\/wp-content\/uploads\/2025\/11\/0-baler-application.webp\" alt=\"application de presse \u00e0 balles\" width=\"807\" height=\"759\" srcset=\"https:\/\/agricultural-baler.com\/wp-content\/uploads\/2025\/11\/0-baler-application.webp 807w, https:\/\/agricultural-baler.com\/wp-content\/uploads\/2025\/11\/0-baler-application-480x451.webp 480w\" sizes=\"auto, (min-width: 0px) and (max-width: 480px) 480px, (min-width: 481px) 807px, 100vw\" \/><\/p>\n<ol data-spm-anchor-id=\"5176.28103460.0.i575.bc984fa5rlZb1k\">\n<li><strong>Exploitations laiti\u00e8res et d'\u00e9levage bovin \u2013 Pressage de foin de qualit\u00e9 sup\u00e9rieure<\/strong><br \/>\nId\u00e9al pour <strong>op\u00e9rations de presse \u00e0 balles rondes<\/strong> Dans les exploitations laiti\u00e8res et bovines \u00e0 grande \u00e9chelle, cette machine transforme efficacement la luzerne, le tr\u00e8fle et l'herbe en un fourrage dense et r\u00e9sistant aux intemp\u00e9ries. <strong>balles de foin<\/strong>\u2014garantissant une qualit\u00e9 d\u2019alimentation constante tout au long de l\u2019ann\u00e9e.<\/li>\n<li>\n<p data-spm-anchor-id=\"5176.28103460.0.i574.bc984fa5rlZb1k\"><strong>Recyclage des r\u00e9sidus de r\u00e9colte c\u00e9r\u00e9ali\u00e8re \u2013 Mise en balles de paille apr\u00e8s la r\u00e9colte<\/strong><br \/>\nApr\u00e8s la r\u00e9colte du bl\u00e9, du riz ou du ma\u00efs, <strong>Presse \u00e0 balles rondes S9000 Beyond<\/strong> collecte et compacte rapidement les restes de paille en une forme uniforme <strong>balles agricoles<\/strong>, transformant les d\u00e9chets en biomasse pr\u00e9cieuse pour la liti\u00e8re, les biocarburants ou l'amendement des sols.<\/p>\n<\/li>\n<li><strong>Gestion des cultures sp\u00e9cialis\u00e9es \u2013 Mise en balles de biomasse complexe<\/strong><br \/>\nDes sommit\u00e9s de canne \u00e0 sucre et des tiges de colza aux roseaux et au miscanthus, ceci <strong>presse \u00e0 balles robuste<\/strong> Il traite facilement les r\u00e9sidus de r\u00e9coltes difficiles, humides ou enchev\u00eatr\u00e9s, ce qui en fait un choix de premier ordre pour <strong>mise en balles de biomasse<\/strong> dans les applications \u00e9nerg\u00e9tiques et industrielles.<\/li>\n<li><strong>Entrepreneurs en fourrage \u00e0 grande \u00e9chelle \u2013 Op\u00e9rations sur le terrain \u00e0 haute efficacit\u00e9<\/strong><br \/>\nCon\u00e7u pour les entrepreneurs g\u00e9rant des milliers d'hectares, le <strong>9YG-2,24D <a href=\"https:\/\/agricultural-baler.com\/fr\/\">presse \u00e0 balles rondes<\/a><\/strong> offre une vitesse in\u00e9gal\u00e9e (jusqu'\u00e0 100 balles\/heure) et une fiabilit\u00e9 \u00e0 toute \u00e9preuve lors d'une utilisation intensive. <strong>saisons de pressage<\/strong>, en minimisant les temps d'arr\u00eat et en maximisant le retour sur investissement.<\/li>\n<li><strong>Agriculture \u00e9cologique et programmes de cr\u00e9dits carbone<\/strong><br \/>\nEn permettant une efficacit\u00e9 <strong>collecte de bottes de paille<\/strong> au lieu de br\u00fbler les champs, ceci <strong>presse \u00e0 balles rondes intelligente<\/strong> Elle soutient les pratiques agricoles durables et aide les agriculteurs \u00e0 b\u00e9n\u00e9ficier d'incitations environnementales et de programmes de cr\u00e9dits carbone.<\/li>\n<li><strong>Producteurs de foin tourn\u00e9s vers l'exportation \u2013 Respect des normes internationales<\/strong><br \/>\nAvec pr\u00e9cision <strong>contr\u00f4le de la densit\u00e9 des balles<\/strong> et gr\u00e2ce \u00e0 l'homog\u00e9n\u00e9it\u00e9 de l'emballage, la machine produit des produits de qualit\u00e9 export. <strong>balles de foin rondes<\/strong> qui r\u00e9pondent aux exigences de qualit\u00e9 strictes de march\u00e9s comme le Japon, la Cor\u00e9e du Sud et le Moyen-Orient.<\/li>\n<\/ol>\n<p>&nbsp;<\/p>\n<h2 data-spm-anchor-id=\"5176.28103460.0.i580.bc984fa5rlZb1k\"><strong>Certifications et conformit\u00e9<\/strong><\/h2>\n<ul>\n<li><strong>Syst\u00e8me de gestion de la qualit\u00e9 ISO 9001<\/strong><br \/>\nCertifi\u00e9 pour la constance de la qualit\u00e9 des produits, le contr\u00f4le des processus et l'am\u00e9lioration continue de la conception et de la fabrication.<\/li>\n<li><strong>Certification CE (configuration optionnelle)<\/strong><br \/>\nDisponible sur demande pour les mod\u00e8les destin\u00e9s \u00e0 l'Espace \u00e9conomique europ\u00e9en, garantissant la conformit\u00e9 aux exigences de s\u00e9curit\u00e9 de la directive europ\u00e9enne 2006\/42\/CE relative aux machines.<\/li>\n<li><strong>Certificat d'\u00e9valuation pour la promotion des machines agricoles nationales<\/strong><br \/>\nOfficiellement approuv\u00e9e par le minist\u00e8re chinois de l'Agriculture et des Affaires rurales, cette presse \u00e0 balles est \u00e9ligible aux programmes de subventions nationaux et provinciaux.<\/li>\n<li>\n<p data-spm-anchor-id=\"5176.28103460.0.i581.bc984fa5rlZb1k\"><strong>Conformit\u00e9 aux normes de s\u00e9curit\u00e9 nationales et internationales<\/strong><br \/>\nCon\u00e7u et test\u00e9 pour r\u00e9pondre aux normes chinoises GB ainsi qu'aux principales r\u00e9glementations des march\u00e9s d'exportation (notamment les normes russes EAC, mongoles MNS et les directives g\u00e9n\u00e9rales de s\u00e9curit\u00e9 ISO\/EN pour les machines agricoles).<\/p>\n<\/li>\n<\/ul>\n<p><img loading=\"lazy\" decoding=\"async\" class=\"aligncenter wp-image-73 size-full\" src=\"https:\/\/agricultural-baler.com\/wp-content\/uploads\/2025\/11\/0-certificates-1.webp\" alt=\"certificats\" width=\"1587\" height=\"607\" srcset=\"https:\/\/agricultural-baler.com\/wp-content\/uploads\/2025\/11\/0-certificates-1.webp 1587w, https:\/\/agricultural-baler.com\/wp-content\/uploads\/2025\/11\/0-certificates-1-1280x490.webp 1280w, https:\/\/agricultural-baler.com\/wp-content\/uploads\/2025\/11\/0-certificates-1-980x375.webp 980w, https:\/\/agricultural-baler.com\/wp-content\/uploads\/2025\/11\/0-certificates-1-480x184.webp 480w\" sizes=\"auto, (min-width: 0px) and (max-width: 480px) 480px, (min-width: 481px) and (max-width: 980px) 980px, (min-width: 981px) and (max-width: 1280px) 1280px, (min-width: 1281px) 1587px, 100vw\" \/><\/p>\n<p>&nbsp;<\/p>\n<h3 data-spm-anchor-id=\"5176.28103460.0.i588.bc984fa5rlZb1k\">\u00a0<strong>Assistance apr\u00e8s-vente \u2013 Con\u00e7ue pour une fiabilit\u00e9 mondiale<\/strong><\/h3>\n<ul>\n<li>\n<p data-spm-anchor-id=\"5176.28103460.0.i587.bc984fa5rlZb1k\"><strong>Livraison mondiale de pi\u00e8ces d\u00e9tach\u00e9es en 48 heures<\/strong><br \/>\nLes pi\u00e8ces d'usure critiques (courroies, lames, roulements, rouleaux d'enroulement de filet, etc.) sont stock\u00e9es dans des entrep\u00f4ts r\u00e9gionaux en Asie, en Europe et en Am\u00e9rique, garantissant une livraison dans les 48 heures suivant la confirmation de la commande.<\/p>\n<\/li>\n<li><strong>Assistance technique \u00e0 distance multilingue<\/strong><br \/>\nNos ing\u00e9nieurs experts vous offrent une assistance en temps r\u00e9el par t\u00e9l\u00e9phone, courriel ou appel vid\u00e9o en direct en anglais, russe, espagnol, portugais et mongol, vous aidant ainsi \u00e0 r\u00e9soudre rapidement vos probl\u00e8mes, m\u00eame sur le terrain.<\/li>\n<li><strong>Ressources de formation compl\u00e8tes<\/strong><br \/>\nAcc\u00e8s \u00e0 la demande <strong>Vid\u00e9os tutoriels d'utilisation<\/strong>, des guides de d\u00e9pannage interactifs et t\u00e9l\u00e9chargeables <strong>manuels d'utilisation num\u00e9riques<\/strong> \u00e0 tout moment via notre portail client ou notre application mobile.<\/li>\n<li><strong>Garantie prolong\u00e9e optionnelle (1 \u00e0 3 ans)<\/strong><br \/>\nChoisissez des plans de couverture \u00e9tendue flexibles pour prot\u00e9ger votre investissement au-del\u00e0 de la p\u00e9riode de garantie standard \u2013 couvrant les principaux composants sans frais cach\u00e9s.<\/li>\n<\/ul>\n<h2><strong data-spm-anchor-id=\"5176.28103460.0.i592.bc984fa5rlZb1k\">\u00a0Les agriculteurs du monde entier font confiance \u00e0 la presse \u00e0 balles rondes S9000 Beyond<\/strong><\/h2>\n<h4 data-spm-anchor-id=\"5176.28103460.0.i594.bc984fa5rlZb1k\">1.\u00a0<strong>\u00c9tats-Unis \u2013 Producteur de foin du Midwest<\/strong><\/h4>\n<ul data-spm-anchor-id=\"5176.28103460.0.i593.bc984fa5rlZb1k\">\n<li><strong>Client<\/strong>James R. Thompson, propri\u00e9taire de Thompson Family Farms<\/li>\n<li><strong>Emplacement<\/strong>Iowa, \u00c9tats-Unis<\/li>\n<li><strong>Date d'achat<\/strong>: mai 2024<\/li>\n<li><strong>Unit\u00e9s achet\u00e9es<\/strong>: 2 unit\u00e9s<\/li>\n<li><strong>Application<\/strong>Pressage de la luzerne et de la fl\u00e9ole des pr\u00e9s pour l'alimentation animale et l'exportation<\/li>\n<li><strong>T\u00e9moignage<\/strong>:<br \/>\n<blockquote><p>\u00ab\u00a0Au fil des ans, nous avons test\u00e9 trois presses chinoises\u00a0; celle-ci est la premi\u00e8re \u00e0 avoir tenu le coup pendant plus de 1\u00a0200 balles lors de notre premi\u00e8re saison sans la moindre panne. L\u2019enrubannage est r\u00e9gulier et l\u2019\u00e9cran tactile facilite grandement le contr\u00f4le de la densit\u00e9. Pour son prix, elle surpasse des machines deux fois plus ch\u00e8res.\u00a0\u00bb<\/p><\/blockquote>\n<p><img loading=\"lazy\" decoding=\"async\" class=\"aligncenter wp-image-215 size-full\" src=\"https:\/\/agricultural-baler.com\/wp-content\/uploads\/2025\/11\/0-application-baler-1.webp\" alt=\"presse \u00e0 balles d&#039;application\" width=\"600\" height=\"400\" srcset=\"https:\/\/agricultural-baler.com\/wp-content\/uploads\/2025\/11\/0-application-baler-1.webp 600w, https:\/\/agricultural-baler.com\/wp-content\/uploads\/2025\/11\/0-application-baler-1-480x320.webp 480w\" sizes=\"auto, (min-width: 0px) and (max-width: 480px) 480px, (min-width: 481px) 600px, 100vw\" \/><\/li>\n<\/ul>\n<hr \/>\n<h4>2.\u00a0<strong>Br\u00e9sil \u2013 Entrepreneur \u00e0 grande \u00e9chelle sp\u00e9cialis\u00e9 dans les r\u00e9sidus de soja et de ma\u00efs<\/strong><\/h4>\n<ul>\n<li><strong>Client<\/strong>: AgroM\u00e1q Servi\u00e7os Agr\u00edcolas Ltda.<\/li>\n<li><strong>Emplacement<\/strong>Mato Grosso, Br\u00e9sil<\/li>\n<li><strong>Date d'achat<\/strong>Mars 2024<\/li>\n<li><strong>Unit\u00e9s achet\u00e9es<\/strong>: 5 unit\u00e9s<\/li>\n<li><strong>Application<\/strong>: Mise en balles des tiges de ma\u00efs et de la paille de soja pour les centrales \u00e0 biomasse<\/li>\n<li><strong>T\u00e9moignage<\/strong>:<br \/>\n<blockquote><p>\u00ab Nos anciennes presses europ\u00e9ennes s'encrassaient constamment par temps humide. Le syst\u00e8me anti-enroulement et les rouleaux renforc\u00e9s de la S9000 ont tout chang\u00e9. Nous pouvons d\u00e9sormais travailler 14 heures par jour pendant la r\u00e9colte avec un temps d'arr\u00eat minimal. Retour sur investissement en moins de 8 mois. \u00bb<\/p><\/blockquote>\n<\/li>\n<\/ul>\n<hr \/>\n<h4>3.\u00a0<strong>Russie \u2013 Coop\u00e9rative laiti\u00e8re sib\u00e9rienne<\/strong><\/h4>\n<ul>\n<li><strong>Client<\/strong>: OOO 'AgroSib Korm' (Coop\u00e9rative sib\u00e9rienne d'aliments pour animaux)<\/li>\n<li><strong>Emplacement<\/strong>R\u00e9gion de Novossibirsk, Russie<\/li>\n<li><strong>Date d'achat<\/strong>Juin 2024<\/li>\n<li><strong>Unit\u00e9s achet\u00e9es<\/strong>: 3 unit\u00e9s<\/li>\n<li><strong>Application<\/strong>Pressage du foin de prairie pour l'alimentation hivernale du b\u00e9tail<\/li>\n<li><strong>T\u00e9moignage<\/strong>:<br \/>\n<blockquote><p>\u00ab M\u00eame par -5 \u00b0C au d\u00e9marrage le matin, la bo\u00eete de vitesses et la prise de force fonctionnent parfaitement. La fonction de braquage \u00e0 90\u00b0 change tout sur nos petites parcelles. Nous l'avons recommand\u00e9e \u00e0 deux exploitations voisines, et elles ont d\u00e9j\u00e0 pass\u00e9 commande. \u00bb<\/p><\/blockquote>\n<h2><strong><img loading=\"lazy\" decoding=\"async\" class=\"aligncenter wp-image-222 size-full\" src=\"https:\/\/agricultural-baler.com\/wp-content\/uploads\/2025\/11\/0-9YG-2.24D-baler-3.webp\" alt=\"Presse \u00e0 balles 9YG-2.24D \" width=\"600\" height=\"400\" srcset=\"https:\/\/agricultural-baler.com\/wp-content\/uploads\/2025\/11\/0-9YG-2.24D-baler-3.webp 600w, https:\/\/agricultural-baler.com\/wp-content\/uploads\/2025\/11\/0-9YG-2.24D-baler-3-480x320.webp 480w\" sizes=\"auto, (min-width: 0px) and (max-width: 480px) 480px, (min-width: 481px) 600px, 100vw\" \/><\/strong><\/h2>\n<\/li>\n<\/ul>\n<hr \/>\n<h4>4.\u00a0<strong>Australie \u2013 Ferme mixte d'\u00e9levage et de cultures mixtes<\/strong><\/h4>\n<ul>\n<li><strong>Client<\/strong>Sarah et Mark Jenkins, \u00ab Wheatridge Farm \u00bb<\/li>\n<li><strong>Emplacement<\/strong>Nouvelle-Galles du Sud, Australie<\/li>\n<li><strong>Date d'achat<\/strong>: octobre 2024<\/li>\n<li><strong>Unit\u00e9s achet\u00e9es<\/strong>: 1 unit\u00e9<\/li>\n<li><strong>Application<\/strong>: Mise en balles de paille de bl\u00e9 pour la liti\u00e8re des moutons et exportation vers le Japon<\/li>\n<li><strong>T\u00e9moignage<\/strong>:<br \/>\n<blockquote><p>\u00ab Apr\u00e8s la d\u00e9monstration chez notre revendeur local, nous \u00e9tions sceptiques, mais le contr\u00f4le de la densit\u00e9 des balles est impeccable. Les acheteurs japonais ont ador\u00e9 la forme uniforme et l'emballage serr\u00e9 du filet. De plus, les pi\u00e8ces d\u00e9tach\u00e9es sont arriv\u00e9es de leur plateforme de Singapour en seulement deux jours lorsque nous avons eu besoin d'une lame de rechange. \u00bb<\/p><\/blockquote>\n<p>&nbsp;<\/li>\n<\/ul>","protected":false},"excerpt":{"rendered":"<p>La version 9YG-2.24D S9000 Beyond est une presse \u00e0 balles rondes agricole con\u00e7ue pour les exploitations agricoles du monde entier, capable de traiter le foin, la paille et la biomasse dans diverses conditions, des champs humides du Br\u00e9sil aux p\u00e2turages froids de Sib\u00e9rie.<\/p>","protected":false},"featured_media":219,"template":"","meta":{"_et_pb_use_builder":"","_et_pb_old_content":"","_et_gb_content_width":""},"product_brand":[],"product_cat":[23],"product_tag":[20,18,19,27],"class_list":{"0":"post-218","1":"product","2":"type-product","3":"status-publish","4":"has-post-thumbnail","6":"product_cat-round-baler","7":"product_tag-agricultural-baler","8":"product_tag-agricultural-round-baler","9":"product_tag-round-baler","10":"product_tag-s9000-round-baler","12":"first","13":"instock","14":"shipping-taxable","15":"product-type-simple"},"_links":{"self":[{"href":"https:\/\/agricultural-baler.com\/fr\/wp-json\/wp\/v2\/product\/218","targetHints":{"allow":["GET"]}}],"collection":[{"href":"https:\/\/agricultural-baler.com\/fr\/wp-json\/wp\/v2\/product"}],"about":[{"href":"https:\/\/agricultural-baler.com\/fr\/wp-json\/wp\/v2\/types\/product"}],"wp:featuredmedia":[{"embeddable":true,"href":"https:\/\/agricultural-baler.com\/fr\/wp-json\/wp\/v2\/media\/219"}],"wp:attachment":[{"href":"https:\/\/agricultural-baler.com\/fr\/wp-json\/wp\/v2\/media?parent=218"}],"wp:term":[{"taxonomy":"product_brand","embeddable":true,"href":"https:\/\/agricultural-baler.com\/fr\/wp-json\/wp\/v2\/product_brand?post=218"},{"taxonomy":"product_cat","embeddable":true,"href":"https:\/\/agricultural-baler.com\/fr\/wp-json\/wp\/v2\/product_cat?post=218"},{"taxonomy":"product_tag","embeddable":true,"href":"https:\/\/agricultural-baler.com\/fr\/wp-json\/wp\/v2\/product_tag?post=218"}],"curies":[{"name":"wp","href":"https:\/\/api.w.org\/{rel}","templated":true}]}}