{"id":331,"date":"2025-11-20T05:52:54","date_gmt":"2025-11-20T05:52:54","guid":{"rendered":"https:\/\/agricultural-baler.com\/?post_type=product&#038;p=331"},"modified":"2025-11-20T08:03:26","modified_gmt":"2025-11-20T08:03:26","slug":"agricultural-round-baler-9yg-1-25-with-spring-loaded-pickup","status":"publish","type":"product","link":"https:\/\/agricultural-baler.com\/es\/producto\/empacadora-agricola-redonda-9yg-1-25-con-recogedor-accionado-por-resorte\/","title":{"rendered":"Empacadora de pacas redondas agr\u00edcolas 9YG-1.25 con recogedor accionado por resorte"},"content":{"rendered":"<h2 class=\"product-section-title\" style=\"background: #083762; color: white; padding: 15px 20px; border-radius: 5px; margin: 20px 0;\">Descripci\u00f3n general del producto<\/h2>\n<p>El <strong>Empacadora redonda 9YG-1.25 con recogedor accionado por resorte<\/strong> Es una soluci\u00f3n compacta y de alta eficiencia para explotaciones peque\u00f1as y medianas que cosechan heno seco, alfalfa y ensilado de hierba. Dise\u00f1ado para una alimentaci\u00f3n suave y una m\u00ednima p\u00e9rdida de hojas, su recogedor de dientes el\u00e1sticos garantiza pacas limpias y uniformes, ideal para la alimentaci\u00f3n del ganado o para los mercados de exportaci\u00f3n. Con envoltura autom\u00e1tica con malla, densidad controlada por sensores y bajo consumo de energ\u00eda (\u226575 kW), ofrece hasta <strong>100 pacas\/hora<\/strong> En campos de hasta 2 metros de ancho. Ideal para la gesti\u00f3n de pasturas, granjas lecheras y operaciones de cultivos mixtos donde la precisi\u00f3n y la fiabilidad son fundamentales.<\/p>\n<p><img loading=\"lazy\" decoding=\"async\" class=\"aligncenter wp-image-336\" src=\"https:\/\/agricultural-baler.com\/wp-content\/uploads\/2025\/11\/0-9YG-1.25-baler-1a1.webp\" alt=\"Empacadora agr\u00edcola redonda 9YG-1.25\" width=\"493\" height=\"368\" srcset=\"https:\/\/agricultural-baler.com\/wp-content\/uploads\/2025\/11\/0-9YG-1.25-baler-1a1.webp 493w, https:\/\/agricultural-baler.com\/wp-content\/uploads\/2025\/11\/0-9YG-1.25-baler-1a1-480x359.webp 480w\" sizes=\"auto, (min-width: 0px) and (max-width: 480px) 480px, (min-width: 481px) 493px, 100vw\" \/><\/p>\n<h2 class=\"product-section-title\" style=\"background: #083762; color: white; padding: 15px 20px; border-radius: 5px; margin: 20px 0;\">Caracter\u00edsticas principales e innovaciones<\/h2>\n<ul>\n<li>\u2705\u00a0<strong>Pastilla con resorte<\/strong>: Suave pero eficaz, ideal para forrajes delicados como la alfalfa y el raigr\u00e1s.<\/li>\n<li data-spm-anchor-id=\"5176.28103460.0.i926.bc984fa5rlZb1k\">\u2705\u00a0<strong>Sistema autom\u00e1tico de envoltura con red<\/strong>: Formaci\u00f3n de pacas r\u00e1pida y segura con una red de 2000 \u00d7 1,25 m por paca<\/li>\n<li>\u2705\u00a0<strong data-spm-anchor-id=\"5176.28103460.0.i925.bc984fa5rlZb1k\">Densidad controlada por sensor<\/strong>:Ajusta la compactaci\u00f3n en tiempo real para lograr una calidad de paca uniforme<\/li>\n<li>\u2705\u00a0<strong>Dise\u00f1o compacto y \u00e1gil<\/strong>: Ancho estrecho (\u22642,85 m) y radio de giro reducido para campos accidentados o fragmentados<\/li>\n<li>\u2705\u00a0<strong>Requerimiento de bajo consumo de energ\u00eda<\/strong>: Compatible con tractores de\u00a0<strong>75 kW (\u2248100 CV)<\/strong><\/li>\n<li>\u2705\u00a0<strong>Alta tasa de producci\u00f3n<\/strong>:Hasta\u00a0<strong>100 pacas\/hora<\/strong>\u00a0en densidades de\u00a0<strong>100\u2013200 kg\/m\u00b3<\/strong><\/li>\n<\/ul>\n<h2 class=\"product-section-title\" style=\"background: #083762; color: white; padding: 15px 20px; border-radius: 5px; margin: 20px 0;\">Especificaciones t\u00e9cnicas<\/h2>\n<div style=\"overflow-x: auto;\">\n<table style=\"max-width: 100%; overflow-x: auto;\" border=\"1\">\n<thead>\n<tr>\n<th data-spm-anchor-id=\"5176.28103460.0.i929.bc984fa5rlZb1k\">No.<\/th>\n<th>Art\u00edculo<\/th>\n<th>Unidad<\/th>\n<th>Especificaci\u00f3n<\/th>\n<\/tr>\n<\/thead>\n<tbody>\n<tr>\n<td>1<\/td>\n<td>Nombre del modelo<\/td>\n<td>\/<\/td>\n<td>Empacadora redonda 9YG-1.25<\/td>\n<\/tr>\n<tr>\n<td>2<\/td>\n<td>Tipo de enganche<\/td>\n<td>\/<\/td>\n<td>Tipo de tracci\u00f3n<\/td>\n<\/tr>\n<tr>\n<td>3<\/td>\n<td>Ancho de recogida<\/td>\n<td>mm<\/td>\n<td>2240<\/td>\n<\/tr>\n<tr>\n<td>4<\/td>\n<td>Estructura de recogida<\/td>\n<td>\/<\/td>\n<td>Diente de resorte (fijo)<\/td>\n<\/tr>\n<tr>\n<td>5<\/td>\n<td>Mecanismo de alimentaci\u00f3n<\/td>\n<td>\/<\/td>\n<td>Barrena + Peine Rodillo + Tambor<\/td>\n<\/tr>\n<tr>\n<td>6<\/td>\n<td>Tipo de c\u00e1mara de compresi\u00f3n<\/td>\n<td>\/<\/td>\n<td>Tipo de rodillo<\/td>\n<\/tr>\n<tr>\n<td>7<\/td>\n<td>Ancho de la c\u00e1mara de compresi\u00f3n<\/td>\n<td>mm<\/td>\n<td>1250<\/td>\n<\/tr>\n<tr>\n<td>8<\/td>\n<td>Di\u00e1metro de la c\u00e1mara de compresi\u00f3n<\/td>\n<td>mm<\/td>\n<td>\u03a61200<\/td>\n<\/tr>\n<tr>\n<td>9<\/td>\n<td>N\u00famero de componentes de compactaci\u00f3n<\/td>\n<td>piezas<\/td>\n<td>18<\/td>\n<\/tr>\n<tr>\n<td>10<\/td>\n<td>Di\u00e1metro del rodillo de compactaci\u00f3n<\/td>\n<td>mm<\/td>\n<td>\u03a6222<\/td>\n<\/tr>\n<tr>\n<td>11<\/td>\n<td>M\u00e9todo de empacado<\/td>\n<td>\/<\/td>\n<td>Envoltura de red autom\u00e1tica<\/td>\n<\/tr>\n<tr>\n<td>12<\/td>\n<td>Potencia requerida<\/td>\n<td>kW<\/td>\n<td>\u226575 (\u2248100 CV)<\/td>\n<\/tr>\n<tr>\n<td>13<\/td>\n<td>Peso de la m\u00e1quina<\/td>\n<td>kilogramo<\/td>\n<td>4060<\/td>\n<\/tr>\n<tr>\n<td>14<\/td>\n<td>Velocidad del eje de la toma de fuerza<\/td>\n<td>r\/min<\/td>\n<td>720<\/td>\n<\/tr>\n<tr>\n<td>15<\/td>\n<td>Dimensiones generales (L\u00d7An\u00d7Al)<\/td>\n<td>mm<\/td>\n<td>4400 \u00d7 2850 \u00d7 2400 (en funcionamiento)<\/td>\n<\/tr>\n<tr>\n<td>16<\/td>\n<td>Control de densidad de pacas<\/td>\n<td>\/<\/td>\n<td>Controlado por sensores<\/td>\n<\/tr>\n<tr>\n<td>17<\/td>\n<td>Tama\u00f1o de la paca (di\u00e1metro \u00d7 ancho)<\/td>\n<td>mm<\/td>\n<td>1300 \u00d7 1250<\/td>\n<\/tr>\n<tr>\n<td>18<\/td>\n<td>Densidad de pacas<\/td>\n<td>kg\/m\u00b3<\/td>\n<td>100\u2013200<\/td>\n<\/tr>\n<tr>\n<td>19<\/td>\n<td>Tasa de producci\u00f3n<\/td>\n<td>pacas\/hora<\/td>\n<td>40\u2013100<\/td>\n<\/tr>\n<tr>\n<td>20<\/td>\n<td>Distancia entre ejes<\/td>\n<td>mm<\/td>\n<td>2450<\/td>\n<\/tr>\n<tr>\n<td>21<\/td>\n<td>Velocidad de operaci\u00f3n<\/td>\n<td>kil\u00f3metros por hora<\/td>\n<td>5\u201335<\/td>\n<\/tr>\n<tr>\n<td>22<\/td>\n<td>Tama\u00f1o de la envoltura de red<\/td>\n<td>metro<\/td>\n<td>2000 \u00d7 1,25 m por paca<\/td>\n<\/tr>\n<\/tbody>\n<\/table>\n<p>&nbsp;<\/p>\n<\/div>\n<h2 class=\"product-section-title\" style=\"background: #083762; color: white; padding: 15px 20px; border-radius: 5px; margin: 20px 0;\">Aplicaciones y beneficios: Empacado de precisi\u00f3n para forraje premium<\/h2>\n<p data-spm-anchor-id=\"5176.28103460.0.i937.bc984fa5rlZb1k\">A diferencia de las empacadoras de servicio pesado dise\u00f1adas para residuos de cultivos o paja h\u00fameda, la <strong>9YG-1.25 con pastilla accionada por resorte<\/strong> est\u00e1 dise\u00f1ado espec\u00edficamente para <strong>producci\u00f3n de forrajes de alto valor<\/strong>\u2014donde la retenci\u00f3n de hojas, la uniformidad del fardo y la calidad del alimento son lo m\u00e1s importante.<\/p>\n<p data-spm-anchor-id=\"5176.28103460.0.i937.bc984fa5rlZb1k\"><img loading=\"lazy\" decoding=\"async\" class=\"aligncenter wp-image-337 size-full\" src=\"https:\/\/agricultural-baler.com\/wp-content\/uploads\/2025\/11\/0-9YG-1.25-baler-for-dry-hay.webp\" alt=\"Empacadora 9YG-1.25 para heno seco\" width=\"899\" height=\"489\" srcset=\"https:\/\/agricultural-baler.com\/wp-content\/uploads\/2025\/11\/0-9YG-1.25-baler-for-dry-hay.webp 899w, https:\/\/agricultural-baler.com\/wp-content\/uploads\/2025\/11\/0-9YG-1.25-baler-for-dry-hay-480x261.webp 480w\" sizes=\"auto, (min-width: 0px) and (max-width: 480px) 480px, (min-width: 481px) 899px, 100vw\" \/><\/p>\n<h4>\u2705\u00a0<strong>Ideal para cultivos delicados y secos<\/strong><\/h4>\n<ul>\n<li><strong>Alfalfa<\/strong>,\u00a0<strong>tr\u00e9bol<\/strong>,\u00a0<strong>raigr\u00e1s<\/strong>, y\u00a0<strong>heno con baja humedad<\/strong>\u00a0Benef\u00edciese de la acci\u00f3n suave y flexible del recogedor de dientes de resorte, que levanta el material sin aplastarlo ni rasgarlo, conservando hasta\u00a0<strong>15% m\u00e1s hojas<\/strong>\u00a0en comparaci\u00f3n con los sistemas r\u00edgidos o de garra-martillo.<\/li>\n<li>Perfecto para\u00a0<strong>granjas lecheras<\/strong>,\u00a0<strong>productores de heno exportadores<\/strong>, y\u00a0<strong>operaciones de pastoreo org\u00e1nico<\/strong>\u00a0donde el valor nutricional impacta directamente la rentabilidad.<\/li>\n<\/ul>\n<h4>\u2705\u00a0<strong>Dise\u00f1ado para operaciones centradas en la calidad<\/strong><\/h4>\n<ul>\n<li><strong>Envoltura de red autom\u00e1tica<\/strong>\u00a0garantiza pacas compactas y resistentes a la intemperie que mantienen la forma durante el transporte y el almacenamiento, lo cual es fundamental para cumplir con los est\u00e1ndares de exportaci\u00f3n o las necesidades de ensilaje a largo plazo.<\/li>\n<li><strong>Densidad controlada por sensor<\/strong>\u00a0evita la sobrecompresi\u00f3n, protegiendo los tallos fr\u00e1giles y manteniendo una porosidad \u00f3ptima para un curado adecuado.<\/li>\n<\/ul>\n<h4>\u2705\u00a0<strong>\u00c1gil en terrenos desafiantes<\/strong><\/h4>\n<ul>\n<li>Con un ancho de trabajo compacto (<strong>\u22642,85 m<\/strong>) y baja presi\u00f3n sobre el suelo, navega\u00a0<strong>pendientes pronunciadas<\/strong>,\u00a0<strong>campos en terrazas<\/strong>, y\u00a0<strong>callejones de huertos<\/strong>\u00a0donde las empacadoras europeas m\u00e1s grandes simplemente no pueden operar, sin sacrificar el tama\u00f1o de la paca (\u03a61300\u00d71250 mm).<\/li>\n<\/ul>\n<h4>?\u00a0<strong>Impacto econ\u00f3mico<\/strong><\/h4>\n<ul>\n<li>Reduce la mano de obra en\u00a0<strong>30%+<\/strong>\u00a0vs. rastrillaje y atado manual<\/li>\n<li>Aumenta el rendimiento del forraje utilizable a trav\u00e9s de\u00a0<strong>mayor retenci\u00f3n de hojas<\/strong><\/li>\n<li>Reduce las tasas de rechazo en los mercados de heno premium debido a la calidad constante de los fardos.<\/li>\n<\/ul>\n<h2 class=\"product-section-title\" style=\"background: #083762; color: white; padding: 15px 20px; border-radius: 5px; margin: 20px 0;\">\u00bfC\u00f3mo elegir la empacadora circular adecuada para su explotaci\u00f3n agr\u00edcola?<\/h2>\n<p data-spm-anchor-id=\"5176.28103460.0.i946.bc984fa5rlZb1k\">No todas las empacadoras redondas son iguales: su elecci\u00f3n debe coincidir <strong>lo que est\u00e1s empacando<\/strong>, <strong>donde lo estas empacando<\/strong>, y <strong>\u00bfQu\u00e9 planeas hacer con los fardos?<\/strong>.<\/p>\n<p>\u2705 <strong>Elija el 9YG-1.25 con pastilla con resorte si:<\/strong><\/p>\n<ul>\n<li>Principalmente empaca\u00a0<strong>forraje seco y frondoso<\/strong>\u00a0como\u00a0<strong data-spm-anchor-id=\"5176.28103460.0.i942.bc984fa5rlZb1k\">alfalfa, tr\u00e9bol, raigr\u00e1s o heno curado<\/strong><\/li>\n<li><strong>La calidad del alimento es importante<\/strong>\u2014necesita una p\u00e9rdida m\u00ednima de hojas y un alto valor nutricional (por ejemplo, para vacas lecheras o heno de exportaci\u00f3n)<\/li>\n<li>Tus campos son\u00a0<strong>peque\u00f1o, monta\u00f1oso o fragmentado<\/strong>, con caminos de acceso estrechos (&lt;3 m)<\/li>\n<li>Usas un\u00a0<strong>Tractor de 100 a 130 HP<\/strong>\u00a0y priorizar un funcionamiento suave y con bajas vibraciones<\/li>\n<\/ul>\n<p>? <strong>Considere un modelo diferente si:<\/strong><\/p>\n<ul>\n<li>Usted empaca regularmente\u00a0<strong>paja de arroz h\u00fameda, tallos de ma\u00edz en pie o residuos de trigo alojados<\/strong>\u00a0\u2192 mira nuestro\u00a0<a href=\"https:\/\/agricultural-baler.com\/es\/producto\/empacadora-agricola-redonda-9yg-1-25-con-recogedores-de-garras-de-resorte-o-martillo-intercambiables\/\"><strong data-spm-anchor-id=\"5176.28103460.0.i941.bc984fa5rlZb1k\">Empacadora con versi\u00f3n de martillo y garra intercambiables<\/strong><\/a><\/li>\n<li>Necesita una capacidad ultraalta (&gt;100 pacas\/hora) en campos grandes y planos \u2192 explore nuestra\u00a0<a href=\"https:\/\/agricultural-baler.com\/es\/producto\/empacadora-agricola-redonda-9yg-2-24d-s9000-version-beyond\/\"><strong>Empacadora de serie para trabajos pesados \u200b\u200b9YG-2.24D<\/strong><\/a><\/li>\n<\/ul>\n<p>? <strong>Consejo profesional<\/strong>:Si su operaci\u00f3n incluye ambos <strong>heno premium en primavera<\/strong> y <strong>residuos de cultivos en oto\u00f1o<\/strong>, considere ordenar <strong>ambos sistemas de recogida<\/strong>\u2014Est\u00e1n dise\u00f1ados para un intercambio r\u00e1pido y sin herramientas.<\/p>\n<h2 class=\"product-section-title\" style=\"background: #083762; color: white; padding: 15px 20px; border-radius: 5px; margin: 20px 0;\">Agricultores de verdad, resultados de verdad<\/h2>\n<h3 data-spm-anchor-id=\"5176.28103460.0.i952.bc984fa5rlZb1k\"><\/h3>\n<h4>??\u00a0<strong data-spm-anchor-id=\"5176.28103460.0.i951.bc984fa5rlZb1k\">Estados Unidos \u2013 Producci\u00f3n de forraje lechero premium<\/strong><\/h4>\n<p><strong>Cliente<\/strong>:James R. Thompson<br \/>\n<strong>Granja<\/strong>: Lecher\u00eda Green Meadow<br \/>\n<strong>Ubicaci\u00f3n<\/strong>:Wisconsin, Estados Unidos<br \/>\n<strong>Caso de uso<\/strong>:Empacado de alfalfa de alta calidad para vacas lactantes<\/p>\n<blockquote><p>\u201cNuestro reba\u00f1o prospera con alfalfa rica en hojas, y esta empacadora cumple con lo prometido. <strong>La recolecci\u00f3n con resorte conserva las hojas mejor que cualquier otra m\u00e1quina que hayamos probado<\/strong>Funciona sin problemas todo el d\u00eda y empacamos constantemente. <strong>M\u00e1s de 80 balas uniformes envueltas en red<\/strong> Durante la temporada alta, la calidad del alimento nunca ha sido mejor.<\/p>\n<p>&nbsp;<\/p><\/blockquote>\n<h4>??\u00a0<strong>Vietnam \u2013 Utilizaci\u00f3n de la paja por parte de peque\u00f1os productores<\/strong><\/h4>\n<p data-spm-anchor-id=\"5176.28103460.0.i953.bc984fa5rlZb1k\"><strong>Cliente<\/strong>: Nguyen Thi Lan<br \/>\n<strong>Organizaci\u00f3n<\/strong>Cooperativa Agr\u00edcola del Delta del Mekong<br \/>\n<strong>Ubicaci\u00f3n<\/strong>: Provincia de An Giang, Vietnam<br \/>\n<strong>Caso de uso<\/strong>:Recolecci\u00f3n de paja de arroz seca para alimentar al ganado.<\/p>\n<blockquote><p>\u201cAntes, hac\u00edamos fardos de paja a mano: un trabajo lento y agotador. Ahora, con la <strong>9YG-1.25<\/strong>Empacamos rollos limpios y compactos en minutos. Incluso en nuestros arrozales estrechos, se mueve f\u00e1cilmente detr\u00e1s de un tractor de 100 HP. <strong>Nuestro ganado recibe mejor alimento y nuestros costos laborales se redujeron a la mitad.<\/strong>\"<\/p>\n<p><img loading=\"lazy\" decoding=\"async\" class=\"aligncenter wp-image-192 size-full\" src=\"https:\/\/agricultural-baler.com\/wp-content\/uploads\/2025\/11\/0-baler-Factory-Visit1.webp\" alt=\"Visita a la f\u00e1brica de empacadoras\" width=\"600\" height=\"400\" srcset=\"https:\/\/agricultural-baler.com\/wp-content\/uploads\/2025\/11\/0-baler-Factory-Visit1.webp 600w, https:\/\/agricultural-baler.com\/wp-content\/uploads\/2025\/11\/0-baler-Factory-Visit1-480x320.webp 480w\" sizes=\"auto, (min-width: 0px) and (max-width: 480px) 480px, (min-width: 481px) 600px, 100vw\" \/><\/p><\/blockquote>\n<h2 class=\"product-section-title\" style=\"background: #083762; color: white; padding: 15px 20px; border-radius: 5px; margin: 20px 0;\">Nuestras empacadoras vs. las t\u00edpicas empacadoras europeas\/estadounidenses<\/h2>\n<p data-spm-anchor-id=\"5176.28103460.0.i956.bc984fa5rlZb1k\">Mientras que las marcas globales como <strong>John Deere<\/strong>, <strong>Nueva Holanda<\/strong>, y <strong>KUHN<\/strong> Ofrecemos empacadoras fiables para trabajos pesados, a menudo son <strong>Sobredise\u00f1ado y demasiado caro para operaciones peque\u00f1as y medianas<\/strong>As\u00ed es como funciona <strong>9YG-1.25 con pastilla accionada por resorte<\/strong> Ofrece un valor m\u00e1s inteligente:<\/p>\n<div style=\"overflow-x: auto;\">\n<table style=\"max-width: 100%; overflow-x: auto;\" border=\"1\">\n<thead>\n<tr>\n<th>Caracter\u00edstica<\/th>\n<th><strong>9YG-1.25 (Nuestro modelo)<\/strong><\/th>\n<th><strong data-spm-anchor-id=\"5176.28103460.0.i960.bc984fa5rlZb1k\">Empacadoras t\u00edpicas europeas y estadounidenses<\/strong><\/th>\n<\/tr>\n<\/thead>\n<tbody>\n<tr>\n<td><strong>Caso de uso objetivo<\/strong><\/td>\n<td>Forraje seco de primera calidad (alfalfa, heno) en granjas peque\u00f1as o monta\u00f1osas<\/td>\n<td>Residuos de grano a gran escala o heno de campo plano<\/td>\n<\/tr>\n<tr>\n<td data-spm-anchor-id=\"5176.28103460.0.i961.bc984fa5rlZb1k\"><strong>Dise\u00f1o de camioneta<\/strong><\/td>\n<td>Diente de resorte optimizado para\u00a0<strong>p\u00e9rdida m\u00ednima de hojas<\/strong>\u00a0(&lt;5%)<\/td>\n<td>Pastillas de uso general; pueden triturar forraje delicado<\/td>\n<\/tr>\n<tr>\n<td><strong>Ancho de la m\u00e1quina<\/strong><\/td>\n<td><strong>\u22642,85 m<\/strong>\u00a0\u2013 se adapta a caminos de campo estrechos, huertos y terrazas<\/td>\n<td>A menudo\u00a0<strong>\u22653,2 m<\/strong>\u00a0\u2013 luchas en parcelas fragmentadas o monta\u00f1osas<\/td>\n<\/tr>\n<tr>\n<td><strong>Requisito de tractor<\/strong><\/td>\n<td>Trabaja eficientemente con\u00a0<strong>100\u2013130 CV<\/strong><\/td>\n<td>Generalmente requiere\u00a0<strong>M\u00e1s de 140 caballos de fuerza<\/strong>\u00a0para un rendimiento completo<\/td>\n<\/tr>\n<tr>\n<td><strong>Precio<\/strong><\/td>\n<td><strong>30\u201340% inferior<\/strong>\u00a0que los modelos importados comparables<\/td>\n<td>Alto costo inicial + repuestos costosos<\/td>\n<\/tr>\n<tr>\n<td data-spm-anchor-id=\"5176.28103460.0.i955.bc984fa5rlZb1k\"><strong>Enfoque en la calidad de las pacas<\/strong><\/td>\n<td>Densidad controlada por sensor + envoltura de red =\u00a0<strong>pacas uniformes listas para exportar<\/strong><\/td>\n<td>Prioriza la velocidad sobre la nutrici\u00f3n del alimento en muchos modelos base<\/td>\n<\/tr>\n<tr>\n<td><strong>Servicio y repuestos<\/strong><\/td>\n<td>Soporte local en m\u00e1s de 30 pa\u00edses; dise\u00f1o modular para una f\u00e1cil reparaci\u00f3n<\/td>\n<td>Largos plazos de entrega para piezas en Asia, \u00c1frica y Am\u00e9rica Latina<\/td>\n<\/tr>\n<\/tbody>\n<\/table>\n<\/div>\n<h2 class=\"product-section-title\" style=\"background: #083762; color: white; padding: 15px 20px; border-radius: 5px; margin: 20px 0;\">\u2753 Preguntas frecuentes sobre compras e instalaci\u00f3n<\/h2>\n<p>&nbsp;<\/p>\n<p><strong>P: \u00bfC\u00f3mo se transporta la empacadora? \u00bfEs necesario desmontarla?<\/strong><\/p>\n<p>R: El 9YG-1.25 presenta un dise\u00f1o de una sola pieza y viene preensamblado de f\u00e1brica. El transporte mar\u00edtimo\/terrestre est\u00e1ndar no requiere desmontaje; simplemente se fija a un pal\u00e9 o bastidor. Al llegar al puerto, se puede descargar con una carretilla elevadora o una eslinga de elevaci\u00f3n, y se puede colocar en el sitio en 30 minutos.<\/p>\n<p><strong>P: \u00bfDebo ensamblar la m\u00e1quina yo mismo despu\u00e9s de recibirla?<\/strong><\/p>\n<p>R: No requiere un montaje complicado. Ofrecemos entrega pre-comisionada y completamente ensamblada. Solo necesita:<\/p>\n<ol>\n<li>Connect the tractor&#8217;s three-point suspension to the PTO shaft<\/li>\n<li>Agregue aceite para engranajes (antes del primer uso)<\/li>\n<li>Instale el rollo de alambre de enfardar. El proceso completo dura aproximadamente entre 15 y 20 minutos e incluye un manual ilustrado y un video con instrucciones.<\/li>\n<\/ol>\n<p><strong>P: \u00bfOfrecen orientaci\u00f3n sobre instalaci\u00f3n o servicios de puesta en marcha en el sitio?<\/strong><\/p>\n<p>A: \u00a1S\u00ed! Ofrecemos:<\/p>\n<ul>\n<li>Orientaci\u00f3n remota por video gratuita (WeChat\/WhatsApp\/Zoom)<\/li>\n<li>Proveedores de servicios locales en el sudeste asi\u00e1tico, Europa del Este, Sudam\u00e9rica, etc., con configuraci\u00f3n paga opcional en el sitio (se aplican cargos adicionales)<\/li>\n<li>Todos los videos de funcionamiento y manuales electr\u00f3nicos est\u00e1n incluidos con el env\u00edo.<\/li>\n<\/ul>\n<p><strong>P: \u00bfQu\u00e9 comprobaciones se deben realizar antes del primer uso?<\/strong><\/p>\n<p>R: Recomendamos comprobar los siguientes tres elementos:<\/p>\n<ul>\n<li>\u00bfEl resorte de recogida est\u00e1 flojo?<\/li>\n<li>Tensi\u00f3n del embrague hidr\u00e1ulico (si est\u00e1 equipado)<\/li>\n<li>\u00bfEst\u00e1 seguro el soporte del carrete de alambre?<\/li>\n<li>See the &#8220;First Day Start-up Checklist&#8221; (PDF included) for a detailed list.<\/li>\n<\/ul>\n<p><strong>P: \u00bfSe puede conectar directamente a mi tractor? \u00bfRequiere modificaciones?<\/strong><\/p>\n<p>A: The 9YG-1.25 uses a standard Category II three-point suspension interface and 540\/720 rpm PTO, compatible with over 95% of 80\u2013130 HP tractors worldwide (such as John Deere 5E, Kubota M8, Fendt 300, etc.). No modification is required; it&#8217;s ready to use immediately.<\/p>\n<p><strong>P: \u00bfCu\u00e1l es la duraci\u00f3n de la garant\u00eda? \u00bfQu\u00e9 piezas incluye?<\/strong><\/p>\n<p>R: La m\u00e1quina completa cuenta con una garant\u00eda limitada de 12 meses, mientras que los componentes principales (caja de engranajes, husillo y sistema de transmisi\u00f3n del pick-up) tienen una garant\u00eda extendida de 24 meses. Las piezas de desgaste (dientes de resorte, correas y resortes del mecanismo de bobinado de malla) no est\u00e1n cubiertas por la garant\u00eda, pero son econ\u00f3micas y f\u00e1ciles de reemplazar.<\/p>","protected":false},"excerpt":{"rendered":"<p>Esta rotoempacadora agr\u00edcola 9YG-1.25, equipada con un recogedor con resorte, cuenta con certificaci\u00f3n CE y es apta para heno, alfalfa y ensilado. Est\u00e1 dise\u00f1ada espec\u00edficamente para terrenos monta\u00f1osos y granjas con terrazas donde la calidad del alimento es fundamental.<\/p>","protected":false},"featured_media":335,"template":"","meta":{"_et_pb_use_builder":"","_et_pb_old_content":"","_et_gb_content_width":""},"product_brand":[],"product_cat":[23],"product_tag":[28,18,19],"class_list":{"0":"post-331","1":"product","2":"type-product","3":"status-publish","4":"has-post-thumbnail","6":"product_cat-round-baler","7":"product_tag-9yg-1-25-round-baler","8":"product_tag-agricultural-round-baler","9":"product_tag-round-baler","11":"first","12":"instock","13":"shipping-taxable","14":"product-type-simple"},"_links":{"self":[{"href":"https:\/\/agricultural-baler.com\/es\/wp-json\/wp\/v2\/product\/331","targetHints":{"allow":["GET"]}}],"collection":[{"href":"https:\/\/agricultural-baler.com\/es\/wp-json\/wp\/v2\/product"}],"about":[{"href":"https:\/\/agricultural-baler.com\/es\/wp-json\/wp\/v2\/types\/product"}],"wp:featuredmedia":[{"embeddable":true,"href":"https:\/\/agricultural-baler.com\/es\/wp-json\/wp\/v2\/media\/335"}],"wp:attachment":[{"href":"https:\/\/agricultural-baler.com\/es\/wp-json\/wp\/v2\/media?parent=331"}],"wp:term":[{"taxonomy":"product_brand","embeddable":true,"href":"https:\/\/agricultural-baler.com\/es\/wp-json\/wp\/v2\/product_brand?post=331"},{"taxonomy":"product_cat","embeddable":true,"href":"https:\/\/agricultural-baler.com\/es\/wp-json\/wp\/v2\/product_cat?post=331"},{"taxonomy":"product_tag","embeddable":true,"href":"https:\/\/agricultural-baler.com\/es\/wp-json\/wp\/v2\/product_tag?post=331"}],"curies":[{"name":"wp","href":"https:\/\/api.w.org\/{rel}","templated":true}]}}