{"id":287,"date":"2025-11-19T07:02:11","date_gmt":"2025-11-19T07:02:11","guid":{"rendered":"https:\/\/agricultural-baler.com\/?post_type=product&#038;p=287"},"modified":"2025-11-20T03:34:46","modified_gmt":"2025-11-20T03:34:46","slug":"agricultural-round-baler-9yg-2-24d-s9000-classic","status":"publish","type":"product","link":"https:\/\/agricultural-baler.com\/es\/producto\/empacadora-agricola-redonda-9yg-2-24d-s9000-classic\/","title":{"rendered":"Empacadora de pacas redondas agr\u00edcolas \u2013 9YG-2.24D S9000 Classic"},"content":{"rendered":"<h2><strong data-spm-anchor-id=\"5176.28103460.0.i741.bc984fa5rlZb1k\">Descripci\u00f3n del producto: Empacadora de pacas redondas cl\u00e1sica 9YG-2.24D S9000<\/strong><\/h2>\n<p>El <strong>9YG-2.24D S9000 Cl\u00e1sico<\/strong> Es una empacadora rotativa agr\u00edcola de arrastre de alta eficiencia, dise\u00f1ada para ofrecer fiabilidad y rendimiento en condiciones de campo exigentes. Con un ancho de recogida de 2,24 metros, densidad de pacas controlada por sensor y una robusta c\u00e1mara de compresi\u00f3n con rodillos, produce pacas uniformes y de alta densidad envueltas en malla, ideales para aplicaciones de heno, paja y biomasa.<\/p>\n<p>Dise\u00f1ado para <strong>Granjas a gran escala, cooperativas agr\u00edcolas y servicios profesionales de cosecha personalizada<\/strong>El S9000 Classic equilibra una durabilidad mec\u00e1nica comprobada con funciones operativas inteligentes, lo que lo convierte en un caballo de batalla rentable para regiones que priorizan la productividad, la facilidad de mantenimiento y el valor a largo plazo.<\/p>\n<p>Construido sobre a\u00f1os de dise\u00f1o probado en campo, este modelo sirve como la base confiable de nuestra serie de empacadoras redondas, brindando resultados consistentes temporada tras temporada.<\/p>\n<p>&nbsp;<\/p>\n<h2><strong>Par\u00e1metros del producto<\/strong><\/h2>\n<div style=\"overflow-x: auto;\">\n<table style=\"max-width: 100%; overflow-x: auto;\" border=\"1\">\n<thead>\n<tr>\n<th style=\"width: 26.5625px;\">No.<\/th>\n<th style=\"width: 244.562px;\">Art\u00edculo<\/th>\n<th style=\"width: 65.3906px;\">Unidad<\/th>\n<th style=\"width: 259.484px;\">Especificaci\u00f3n<\/th>\n<\/tr>\n<\/thead>\n<tbody>\n<tr>\n<td style=\"width: 26.5625px;\">1<\/td>\n<td style=\"width: 244.562px;\">Nombre del modelo<\/td>\n<td style=\"width: 65.3906px;\">\/<\/td>\n<td style=\"width: 259.484px;\">Empacadora redonda 9YG-2.24D (S9000 Classic)<\/td>\n<\/tr>\n<tr>\n<td style=\"width: 26.5625px;\">2<\/td>\n<td style=\"width: 244.562px;\">Tipo de enganche<\/td>\n<td style=\"width: 65.3906px;\">\/<\/td>\n<td style=\"width: 259.484px;\">Tipo de tracci\u00f3n<\/td>\n<\/tr>\n<tr>\n<td style=\"width: 26.5625px;\">3<\/td>\n<td style=\"width: 244.562px;\">Ancho de recogida<\/td>\n<td style=\"width: 65.3906px;\">mm<\/td>\n<td style=\"width: 259.484px;\">2240<\/td>\n<\/tr>\n<tr>\n<td style=\"width: 26.5625px;\">4<\/td>\n<td style=\"width: 244.562px;\">Tipo de estructura de recogida<\/td>\n<td style=\"width: 65.3906px;\">\/<\/td>\n<td style=\"width: 259.484px;\">Tipo de diente de resorte<\/td>\n<\/tr>\n<tr>\n<td style=\"width: 26.5625px;\">5<\/td>\n<td style=\"width: 244.562px;\">Tipo de mecanismo de alimentaci\u00f3n<\/td>\n<td style=\"width: 65.3906px;\">\/<\/td>\n<td style=\"width: 259.484px;\">Rodillo de peine + Tipo de rodillo<\/td>\n<\/tr>\n<tr>\n<td style=\"width: 26.5625px;\">6<\/td>\n<td style=\"width: 244.562px;\">Mecanismo de empacado de la c\u00e1mara de compresi\u00f3n<\/td>\n<td style=\"width: 65.3906px;\">\/<\/td>\n<td style=\"width: 259.484px;\">Tipo de rodillo<\/td>\n<\/tr>\n<tr>\n<td style=\"width: 26.5625px;\">7<\/td>\n<td style=\"width: 244.562px;\">Ancho de la c\u00e1mara de compresi\u00f3n<\/td>\n<td style=\"width: 65.3906px;\">mm<\/td>\n<td style=\"width: 259.484px;\">1400<\/td>\n<\/tr>\n<tr>\n<td style=\"width: 26.5625px;\">8<\/td>\n<td style=\"width: 244.562px;\">Di\u00e1metro de la c\u00e1mara de compresi\u00f3n<\/td>\n<td style=\"width: 65.3906px;\">mm<\/td>\n<td style=\"width: 259.484px;\">\u03a61200<\/td>\n<\/tr>\n<tr>\n<td style=\"width: 26.5625px;\">9<\/td>\n<td style=\"width: 244.562px;\">N\u00famero de componentes de compactaci\u00f3n<\/td>\n<td style=\"width: 65.3906px;\">piezas<\/td>\n<td style=\"width: 259.484px;\">18 (Rodillos)<\/td>\n<\/tr>\n<tr>\n<td style=\"width: 26.5625px;\">10<\/td>\n<td style=\"width: 244.562px;\">Di\u00e1metro del rodillo de compactaci\u00f3n<\/td>\n<td style=\"width: 65.3906px;\">mm<\/td>\n<td style=\"width: 259.484px;\">\u03a6222<\/td>\n<\/tr>\n<tr>\n<td style=\"width: 26.5625px;\">11<\/td>\n<td style=\"width: 244.562px;\">M\u00e9todo de empacado<\/td>\n<td style=\"width: 65.3906px;\">\/<\/td>\n<td style=\"width: 259.484px;\">Envoltura de red<\/td>\n<\/tr>\n<tr>\n<td style=\"width: 26.5625px;\">12<\/td>\n<td style=\"width: 244.562px;\">Potencia requerida<\/td>\n<td style=\"width: 65.3906px;\">kW<\/td>\n<td style=\"width: 259.484px;\">55\u2013100<\/td>\n<\/tr>\n<tr>\n<td style=\"width: 26.5625px;\">13<\/td>\n<td style=\"width: 244.562px;\">Peso de la m\u00e1quina<\/td>\n<td style=\"width: 65.3906px;\">kilogramo<\/td>\n<td style=\"width: 259.484px;\">4312<\/td>\n<\/tr>\n<tr>\n<td style=\"width: 26.5625px;\">14<\/td>\n<td style=\"width: 244.562px;\">Velocidad del eje de la toma de fuerza<\/td>\n<td style=\"width: 65.3906px;\">r\/min<\/td>\n<td style=\"width: 259.484px;\">720<\/td>\n<\/tr>\n<tr>\n<td style=\"width: 26.5625px;\">15<\/td>\n<td style=\"width: 244.562px;\">Dimensiones generales (L\u00d7An\u00d7Al)<\/td>\n<td style=\"width: 65.3906px;\">mm<\/td>\n<td style=\"width: 259.484px;\">4470 \u00d7 3010 \u00d7 2370 (en funcionamiento)<\/td>\n<\/tr>\n<tr>\n<td style=\"width: 26.5625px;\">16<\/td>\n<td style=\"width: 244.562px;\">Control de densidad de pacas<\/td>\n<td style=\"width: 65.3906px;\">\/<\/td>\n<td style=\"width: 259.484px;\">Controlado por sensores<\/td>\n<\/tr>\n<tr>\n<td style=\"width: 26.5625px;\">17<\/td>\n<td style=\"width: 244.562px;\">Tama\u00f1o de la paca (di\u00e1metro \u00d7 ancho)<\/td>\n<td style=\"width: 65.3906px;\">mm<\/td>\n<td style=\"width: 259.484px;\">\u03a61300 \u00d7 1400<\/td>\n<\/tr>\n<tr>\n<td style=\"width: 26.5625px;\">18<\/td>\n<td style=\"width: 244.562px;\">Densidad de pacas<\/td>\n<td style=\"width: 65.3906px;\">kg\/m\u00b3<\/td>\n<td style=\"width: 259.484px;\">100\u2013200<\/td>\n<\/tr>\n<tr>\n<td style=\"width: 26.5625px;\">19<\/td>\n<td style=\"width: 244.562px;\">Tasa de producci\u00f3n<\/td>\n<td style=\"width: 65.3906px;\">pacas\/hora<\/td>\n<td style=\"width: 259.484px;\">40\u2013100<\/td>\n<\/tr>\n<tr>\n<td style=\"width: 26.5625px;\">20<\/td>\n<td style=\"width: 244.562px;\">Distancia entre ejes<\/td>\n<td style=\"width: 65.3906px;\">mm<\/td>\n<td style=\"width: 259.484px;\">2600<\/td>\n<\/tr>\n<tr>\n<td style=\"width: 26.5625px;\">21<\/td>\n<td style=\"width: 244.562px;\">Velocidad de operaci\u00f3n<\/td>\n<td style=\"width: 65.3906px;\">kil\u00f3metros por hora<\/td>\n<td style=\"width: 259.484px;\">5\u201335<\/td>\n<\/tr>\n<tr>\n<td style=\"width: 26.5625px;\">22<\/td>\n<td style=\"width: 244.562px;\">Tama\u00f1o de la envoltura de red (largo \u00d7 ancho)<\/td>\n<td style=\"width: 65.3906px;\">\/<\/td>\n<td style=\"width: 259.484px;\">2000 \u00d7 1,4 m por paca<\/td>\n<\/tr>\n<\/tbody>\n<\/table>\n<\/div>\n<p><img loading=\"lazy\" decoding=\"async\" class=\"aligncenter wp-image-290 size-full\" src=\"https:\/\/agricultural-baler.com\/wp-content\/uploads\/2025\/11\/0-9YG-2.24D-baler-classic-2.webp\" alt=\"Empacadora cl\u00e1sica 2 9YG-2.24D\" width=\"945\" height=\"714\" srcset=\"https:\/\/agricultural-baler.com\/wp-content\/uploads\/2025\/11\/0-9YG-2.24D-baler-classic-2.webp 945w, https:\/\/agricultural-baler.com\/wp-content\/uploads\/2025\/11\/0-9YG-2.24D-baler-classic-2-480x363.webp 480w\" sizes=\"auto, (min-width: 0px) and (max-width: 480px) 480px, (min-width: 481px) 945px, 100vw\" \/><\/p>\n<h2><strong data-spm-anchor-id=\"5176.28103460.0.i745.bc984fa5rlZb1k\">Innovaciones clave y t\u00e9cnicas<\/strong><strong data-spm-anchor-id=\"5176.28103460.0.i745.bc984fa5rlZb1k\"> Ventajas<\/strong><\/h2>\n<h3>1.\u00a0<strong>Sistema avanzado de barra de tiro y l\u00ednea de transmisi\u00f3n<\/strong><\/h3>\n<p>La empacadora cuenta con una <strong>Eje de transmisi\u00f3n de doble junta universal (doble junta cruzada) de desarrollo propio<\/strong>, emparejado con un sistema integrado <strong>eje limitador de par de seguridad<\/strong>Este dise\u00f1o reduce significativamente la tensi\u00f3n en los componentes de la transmisi\u00f3n durante las curvas cerradas, algo especialmente cr\u00edtico en terrenos peque\u00f1os o irregulares. Al evitar el atasco de la transmisi\u00f3n y la sobrecarga torsional, prolonga la vida \u00fatil de la m\u00e1quina y garantiza un funcionamiento suave en terrenos dif\u00edciles.<\/p>\n<h3>2.\u00a0<strong>Sistema hidr\u00e1ulico mejorado para un funcionamiento m\u00e1s r\u00e1pido y suave<\/strong><\/h3>\n<p>Equipado con <strong>Accesorios hidr\u00e1ulicos abocardados tipo H (tipo mordida)<\/strong>, el sistema soporta presiones de trabajo m\u00e1s elevadas, lo que permite <strong>Ciclos m\u00e1s r\u00e1pidos de apertura y cierre de la c\u00e1mara de pacas<\/strong>. Un dedicado <strong>cilindro amortiguador<\/strong> Se instala en la c\u00e1mara trasera para absorber el impacto durante el cierre, minimizando eficazmente el desgaste inducido por vibraci\u00f3n en los componentes estructurales y extendiendo la vida \u00fatil.<\/p>\n<h3>3.\u00a0<strong>Caja de cambios de alta resistencia y transmisi\u00f3n por c\u00e1mara de doble rueda dentada<\/strong><\/h3>\n<p>El reforzado <strong>caja de cambios de servicio pesado<\/strong> Proporciona un mayor par de transmisi\u00f3n, lo que garantiza una entrega de potencia constante incluso con cargas elevadas de cultivo. Junto con un <strong>transmisi\u00f3n por cadena con pi\u00f1\u00f3n de doble lado<\/strong> Para la c\u00e1mara de compresi\u00f3n, esta configuraci\u00f3n proporciona una distribuci\u00f3n equilibrada de la fuerza, lo que da como resultado <strong>Formaci\u00f3n m\u00e1s suave de pacas, menor tensi\u00f3n mec\u00e1nica y mayor eficiencia operativa<\/strong>\u2014incluso durante un uso diario prolongado.<\/p>\n<p><img loading=\"lazy\" decoding=\"async\" class=\"aligncenter wp-image-291 size-full\" src=\"https:\/\/agricultural-baler.com\/wp-content\/uploads\/2025\/11\/0-baler-working.webp\" alt=\"empacadora trabajando\" width=\"737\" height=\"712\" srcset=\"https:\/\/agricultural-baler.com\/wp-content\/uploads\/2025\/11\/0-baler-working.webp 737w, https:\/\/agricultural-baler.com\/wp-content\/uploads\/2025\/11\/0-baler-working-480x464.webp 480w\" sizes=\"auto, (min-width: 0px) and (max-width: 480px) 480px, (min-width: 481px) 737px, 100vw\" \/><\/p>\n<h2 data-spm-anchor-id=\"5176.28103460.0.i750.bc984fa5rlZb1k\"><strong>Aplicaciones y beneficios<\/strong><\/h2>\n<h3><strong>Condiciones ideales de funcionamiento<\/strong><\/h3>\n<p>El <strong>9YG-2.24D S9000 Cl\u00e1sico<\/strong> es un vers\u00e1til <a href=\"https:\/\/agricultural-baler.com\/es\/\"><strong>empacadora agr\u00edcola<\/strong><\/a> Dise\u00f1ado para diversos entornos agr\u00edcolas, desde grandes regiones productoras de grano hasta pastizales dedicados a la ganader\u00eda. Destaca en:<\/p>\n<ul>\n<li><strong>Campos de heno secos o semisecos<\/strong>\u00a0(alfalfa, tr\u00e9bol, hierba) como un alimento confiable\u00a0<strong>empacadora de heno<\/strong><\/li>\n<li><strong>Recolecci\u00f3n de paja poscosecha<\/strong>\u00a0despu\u00e9s de la cosecha de trigo, arroz o ma\u00edz, ideal para\u00a0<strong>empacado de paja<\/strong>\u00a0operaciones<\/li>\n<li><strong>Recuperaci\u00f3n de biomasa<\/strong>\u00a0de residuos de cultivos como ca\u00f1a, tallos de sorgo o colza<\/li>\n<li><strong>Parcelas de tama\u00f1o peque\u00f1o a mediano<\/strong>\u00a0con giros frecuentes, gracias a su transmisi\u00f3n optimizada y su radio de giro compacto<\/li>\n<\/ul>\n<p>Ya sea en llanuras planas o en terrenos suavemente ondulados, este <strong>empacadora redonda<\/strong> Ofrece un rendimiento constante en condiciones de campo reales.<\/p>\n<h3><strong>Beneficios econ\u00f3micos<\/strong><\/h3>\n<ul>\n<li>\u23f1\ufe0f\u00a0<strong>Aumenta la productividad<\/strong>:Con una velocidad de trabajo de 5\u201335 km\/h y una potencia de\u00a0<strong>40\u2013100 pacas\/hora<\/strong>, el\u00a0<strong>empacadora redonda<\/strong>\u00a0Reduce significativamente el tiempo de campo en comparaci\u00f3n con equipos manuales u obsoletos.<\/li>\n<li>?\u00a0<strong>Reduce los costos operativos<\/strong>:El dise\u00f1o robusto minimiza las aver\u00edas; el f\u00e1cil mantenimiento reduce los gastos de mano de obra y repuestos hasta en 30%.<\/li>\n<li>?\u00a0<strong>Mejora la calidad de la paca<\/strong>: Uniforme, alta densidad\u00a0<strong>fardos de heno<\/strong>\u00a0(100\u2013200 kg\/m\u00b3) alcanzan mejores precios en los mercados de piensos y reducen las p\u00e9rdidas de transporte y almacenamiento.<\/li>\n<li>?\u00a0<strong>Compatible con tractores de gama media<\/strong>\u00a0(55\u2013100 kW), lo que lo hace accesible para granjas conscientes de los costos sin sacrificar la eficiencia.<\/li>\n<\/ul>\n<h3><strong>Beneficios sociales y ambientales<\/strong><\/h3>\n<ul>\n<li>\u267b\ufe0f\u00a0<strong>Promueve la agricultura sostenible<\/strong>: Eficiente\u00a0<strong>empacado de paja<\/strong>\u00a0Permite el reciclaje de residuos de cultivos, lo que reduce la quema a cielo abierto y disminuye la contaminaci\u00f3n del aire.<\/li>\n<li>?\u200d?\u00a0<strong>Reduce la dependencia laboral<\/strong>:Automatiza una tarea que tradicionalmente requiere mucha mano de obra, aliviando la presi\u00f3n sobre la escasez de mano de obra rural.<\/li>\n<li>?\u00a0<strong>Apoya la agricultura circular<\/strong>La paja en fardos se convierte en una valiosa cama, materia prima para biocombustibles o fertilizante org\u00e1nico, cerrando as\u00ed el ciclo de los recursos.<\/li>\n<\/ul>\n<p><img loading=\"lazy\" decoding=\"async\" class=\"aligncenter wp-image-282 size-large\" src=\"https:\/\/agricultural-baler.com\/wp-content\/uploads\/2025\/11\/0-agricultural-baler-banner3-1024x317.webp\" alt=\"pancarta de empacadora agr\u00edcola\" width=\"1024\" height=\"317\" srcset=\"https:\/\/agricultural-baler.com\/wp-content\/uploads\/2025\/11\/0-agricultural-baler-banner3-980x303.webp 980w, https:\/\/agricultural-baler.com\/wp-content\/uploads\/2025\/11\/0-agricultural-baler-banner3-480x149.webp 480w\" sizes=\"auto, (min-width: 0px) and (max-width: 480px) 480px, (min-width: 481px) and (max-width: 980px) 980px, (min-width: 981px) 1024px, 100vw\" \/><\/p>\n<h2>?\u00a0<strong>Historias reales, resultados reales: Los agricultores conf\u00edan en la empacadora redonda S9000 Classic<\/strong><\/h2>\n<hr \/>\n<h4>1.\u00a0<strong>Estados Unidos \u2013 Productor de heno del Medio Oeste<\/strong><\/h4>\n<ul>\n<li><strong>Cliente<\/strong>:Daniel Miller, propietario de Miller Hay Farms<\/li>\n<li><strong>Ubicaci\u00f3n<\/strong>:Nebraska, Estados Unidos<\/li>\n<li><strong>Fecha de compra<\/strong>:Abril de 2024<\/li>\n<li><strong>Unidades compradas<\/strong>: 3 unidades<\/li>\n<li><strong>Solicitud<\/strong>:Empacado de heno de alfalfa y pasto para alimentaci\u00f3n de ganado lechero<\/li>\n<li><strong>Testimonial<\/strong>:<br \/>\n<blockquote><p>Necesit\u00e1bamos una empacadora de heno fiable de menos de $30K que pudiera seguir el ritmo de nuestro tractor de 90 HP. La S9000 Classic cumpli\u00f3 con creces: m\u00e1s de 100 pacas al d\u00eda sin ning\u00fan atasco durante nuestra h\u00fameda cosecha de primavera. La malla es firme y el recogedor maneja el heno encamado mejor que nuestro viejo John Deere. Por su precio, es imbatible.<\/p><\/blockquote>\n<\/li>\n<\/ul>\n<hr \/>\n<h4>2.\u00a0<strong>Ucrania \u2013 Cooperativa de cereales y ganado<\/strong><\/h4>\n<ul>\n<li><strong>Cliente<\/strong>: AgroSoyuz Tovarystvo (Cooperativa AgroSoyuz)<\/li>\n<li><strong>Ubicaci\u00f3n<\/strong>Regi\u00f3n de Poltava, Ucrania<\/li>\n<li><strong>Fecha de compra<\/strong>: Julio de 2024<\/li>\n<li><strong>Unidades compradas<\/strong>: 5 unidades<\/li>\n<li><strong>Solicitud<\/strong>:Empacado de paja de trigo para cama de ganado y exportaci\u00f3n<\/li>\n<li><strong>Testimonial<\/strong>:<br \/>\n<blockquote><p>Tras la limitaci\u00f3n de repuestos para las m\u00e1quinas europeas debido a las sanciones, cambiamos a esta empacadora redonda china. Funciona 12 horas al d\u00eda con tractores de 85 HP. La transmisi\u00f3n por cadena de doble cara evita el deslizamiento de la correa, un gran problema con nuestros modelos antiguos. Ya hemos pedido una tercera unidad.<\/p><\/blockquote>\n<p><img loading=\"lazy\" decoding=\"async\" class=\"alignnone size-medium wp-image-222\" src=\"https:\/\/agricultural-baler.com\/wp-content\/uploads\/2025\/11\/0-9YG-2.24D-baler-3-300x200.webp\" alt=\"Empacadora 9YG-2.24D\" width=\"300\" height=\"200\" \/><\/li>\n<\/ul>\n<hr \/>\n<h4>3.\u00a0<strong>Mongolia \u2013 Granja de pastoreo esteparia<\/strong><\/h4>\n<ul>\n<li><strong>Cliente<\/strong>: Batbayar Enkhbold, gerente de Gobi Agro LLC<\/li>\n<li><strong>Ubicaci\u00f3n<\/strong>: Provincia de \u00d6v\u00f6rkhangai, Mongolia<\/li>\n<li><strong>Fecha de compra<\/strong>:Septiembre de 2024<\/li>\n<li><strong>Unidades compradas<\/strong>: 1 unidad<\/li>\n<li><strong>Solicitud<\/strong>:Empacado de heno de pradera natural para la alimentaci\u00f3n del ganado en invierno<\/li>\n<li><strong>Testimonial<\/strong>:<br \/>\n<blockquote><p>Nuestros pastos son rocosos e irregulares, pero esta empacadora agr\u00edcola se maneja bien. La distancia al suelo es ajustable y el eje de torsi\u00f3n de seguridad nos salv\u00f3 dos veces al chocar con piedras ocultas. La entrega desde China tard\u00f3 solo 22 d\u00edas, \u00a1m\u00e1s r\u00e1pido que con los distribuidores locales!<\/p><\/blockquote>\n<\/li>\n<\/ul>\n<hr \/>\n<h4>4.\u00a0<strong>Argentina \u2013 Contratista de residuos de soja<\/strong><\/h4>\n<ul>\n<li><strong>Cliente<\/strong>: CampoLimpio Servicios Agr\u00edcolas<\/li>\n<li><strong>Ubicaci\u00f3n<\/strong>:C\u00f3rdoba, Argentina<\/li>\n<li><strong>Fecha de compra<\/strong>:Febrero de 2025<\/li>\n<li><strong>Unidades compradas<\/strong>: 3 unidades<\/li>\n<li><strong>Solicitud<\/strong>Empacado de tallos de soja y ma\u00edz para plantas de energ\u00eda de biomasa<\/li>\n<li><strong>Testimonial<\/strong>:<br \/>\n<blockquote><p>Probamos cinco empacadoras para detectar residuos con alto contenido de humedad. Solo la S9000 Classic no se obstruy\u00f3. Su combinaci\u00f3n de recogedor de dientes el\u00e1sticos y rodillo antienrollamiento funciona de maravilla. Retorno de la inversi\u00f3n en 6 meses; ahora estamos reemplazando toda nuestra flota.<\/p><\/blockquote>\n<\/li>\n<\/ul>\n<hr \/>\n<h4>5.\u00a0<strong>Vietnam \u2013 Iniciativa de reciclaje de paja de arroz<\/strong><\/h4>\n<ul>\n<li><strong>Cliente<\/strong>: Mekong Green Energy Co., Ltd<\/li>\n<li><strong>Ubicaci\u00f3n<\/strong>: Provincia de An Giang, Vietnam<\/li>\n<li><strong>Fecha de compra<\/strong>: Noviembre de 2024<\/li>\n<li><strong>Unidades compradas<\/strong>:8 unidades (para el programa de cooperativas de agricultores)<\/li>\n<li><strong>Solicitud<\/strong>:Recolecci\u00f3n de paja de arroz para abastecer a las f\u00e1bricas de pellets<\/li>\n<li><strong>Testimonial<\/strong>:<br \/>\n<blockquote>\n<p data-spm-anchor-id=\"5176.28103460.0.i754.bc984fa5rlZb1k\">El gobierno prohibi\u00f3 la quema de campos, as\u00ed que necesit\u00e1bamos empacadoras de paja asequibles con urgencia. Esta empacadora redonda funciona con tractores de 75 HP, comunes aqu\u00ed. Su funcionamiento es sencillo: los agricultores la dominaron en una sola demostraci\u00f3n. El mantenimiento es sencillo y las piezas llegan desde Guangzhou en 3 d\u00edas.<\/p>\n<\/blockquote>\n<p data-spm-anchor-id=\"5176.28103460.0.i754.bc984fa5rlZb1k\">\n<\/li>\n<\/ul>\n<h2><strong>Preguntas frecuentes<\/strong><\/h2>\n<p><em><strong>P: \u00bfPara qu\u00e9 cultivos es adecuada esta empacadora?<\/strong><\/em><\/p>\n<p>R: El 9YG-2.24D S9000 Classic es adecuado para una variedad de cultivos, incluidos heno (alfalfa, tr\u00e9bol), paja (trigo, arroz) y materiales de biomasa como tallos de sorgo.<\/p>\n<p><em><strong>P: \u00bfQu\u00e9 potencia de tractor se requiere?<\/strong><\/em><\/p>\n<p>R: Esta empacadora redonda funciona eficientemente con tractores que van desde 55 a 100 kW (75 a 135 HP).<\/p>\n<p><em><strong>P: \u00bfCu\u00e1l es el rendimiento en condiciones de paja h\u00fameda?<\/strong><\/em><\/p>\n<p>R: En condiciones h\u00famedas, la producci\u00f3n puede variar, pero normalmente oscila entre 40 y 60 pacas por hora debido a las velocidades de procesamiento m\u00e1s lentas.<\/p>\n<p><em><strong>P: \u00bfCu\u00e1les son las actualizaciones en comparaci\u00f3n con el modelo S8000 anterior?<\/strong><\/em><\/p>\n<p>R: En comparaci\u00f3n con el S8000, el S9000 Classic presenta una mayor durabilidad de la transmisi\u00f3n, sistemas hidr\u00e1ulicos mejorados y un mayor torque de transmisi\u00f3n para un mejor rendimiento en terrenos dif\u00edciles.<\/p>\n<p>&nbsp;<\/p>","protected":false},"excerpt":{"rendered":"<p>Esta rotoempacadora agr\u00edcola es una empacadora agr\u00edcola de arrastre fiable, dise\u00f1ada para empacar heno, paja y biomasa. Con un ancho de recogida de 2,24 m y una densidad controlada por sensor, produce pacas uniformes de 1,3 m envueltas en malla a un ritmo de 40 a 100 pacas\/hora.<\/p>","protected":false},"featured_media":288,"template":"","meta":{"_et_pb_use_builder":"","_et_pb_old_content":"","_et_gb_content_width":""},"product_brand":[],"product_cat":[23],"product_tag":[18,19,27],"class_list":{"0":"post-287","1":"product","2":"type-product","3":"status-publish","4":"has-post-thumbnail","6":"product_cat-round-baler","7":"product_tag-agricultural-round-baler","8":"product_tag-round-baler","9":"product_tag-s9000-round-baler","11":"first","12":"instock","13":"shipping-taxable","14":"product-type-simple"},"_links":{"self":[{"href":"https:\/\/agricultural-baler.com\/es\/wp-json\/wp\/v2\/product\/287","targetHints":{"allow":["GET"]}}],"collection":[{"href":"https:\/\/agricultural-baler.com\/es\/wp-json\/wp\/v2\/product"}],"about":[{"href":"https:\/\/agricultural-baler.com\/es\/wp-json\/wp\/v2\/types\/product"}],"wp:featuredmedia":[{"embeddable":true,"href":"https:\/\/agricultural-baler.com\/es\/wp-json\/wp\/v2\/media\/288"}],"wp:attachment":[{"href":"https:\/\/agricultural-baler.com\/es\/wp-json\/wp\/v2\/media?parent=287"}],"wp:term":[{"taxonomy":"product_brand","embeddable":true,"href":"https:\/\/agricultural-baler.com\/es\/wp-json\/wp\/v2\/product_brand?post=287"},{"taxonomy":"product_cat","embeddable":true,"href":"https:\/\/agricultural-baler.com\/es\/wp-json\/wp\/v2\/product_cat?post=287"},{"taxonomy":"product_tag","embeddable":true,"href":"https:\/\/agricultural-baler.com\/es\/wp-json\/wp\/v2\/product_tag?post=287"}],"curies":[{"name":"wp","href":"https:\/\/api.w.org\/{rel}","templated":true}]}}