{"id":331,"date":"2025-11-20T05:52:54","date_gmt":"2025-11-20T05:52:54","guid":{"rendered":"https:\/\/agricultural-baler.com\/?post_type=product&#038;p=331"},"modified":"2025-11-20T08:03:26","modified_gmt":"2025-11-20T08:03:26","slug":"agricultural-round-baler-9yg-1-25-with-spring-loaded-pickup","status":"publish","type":"product","link":"https:\/\/agricultural-baler.com\/de\/produkt\/landwirtschaftliche-rundballenpresse-9yg-1-25-mit-federbelasteter-pickup\/","title":{"rendered":"Landwirtschaftliche Rundballenpresse \u2013 9YG-1.25 mit federbelasteter Pickup"},"content":{"rendered":"<h2 class=\"product-section-title\" style=\"background: #083762; color: white; padding: 15px 20px; border-radius: 5px; margin: 20px 0;\">Produkt\u00fcbersicht<\/h2>\n<p>Der <strong>9YG-1.25 Rundballenpresse mit federbelasteter Aufnahme<\/strong> ist eine kompakte, hocheffiziente L\u00f6sung f\u00fcr kleine bis mittlere landwirtschaftliche Betriebe, die Trockenheu, Luzerne und Grassilage ernten. Entwickelt f\u00fcr schonendes Zuf\u00fchren und minimalen Blattverlust, sorgt die Federzahnaufnahme f\u00fcr saubere, gleichm\u00e4\u00dfige Ballen \u2013 ideal f\u00fcr Tierfutter oder den Exportmarkt. Mit automatischer Netzwicklung, sensorgesteuerter Dichte und geringem Stromverbrauch (\u2265 75 kW) liefert sie bis zu <strong>100 Ballen\/Stunde<\/strong> Auf Feldern mit einer Breite von nur 2 Metern. Ideal f\u00fcr Weidemanagement, Milchviehbetriebe und Mischkulturen, wo Pr\u00e4zision und Zuverl\u00e4ssigkeit besonders wichtig sind.<\/p>\n<p><img loading=\"lazy\" decoding=\"async\" class=\"aligncenter wp-image-336\" src=\"https:\/\/agricultural-baler.com\/wp-content\/uploads\/2025\/11\/0-9YG-1.25-baler-1a1.webp\" alt=\"9YG-1.25 Ballenpresse f\u00fcr landwirtschaftliche Rundballen\" width=\"493\" height=\"368\" srcset=\"https:\/\/agricultural-baler.com\/wp-content\/uploads\/2025\/11\/0-9YG-1.25-baler-1a1.webp 493w, https:\/\/agricultural-baler.com\/wp-content\/uploads\/2025\/11\/0-9YG-1.25-baler-1a1-480x359.webp 480w\" sizes=\"auto, (min-width: 0px) and (max-width: 480px) 480px, (min-width: 481px) 493px, 100vw\" \/><\/p>\n<h2 class=\"product-section-title\" style=\"background: #083762; color: white; padding: 15px 20px; border-radius: 5px; margin: 20px 0;\">Hauptmerkmale und Innovationen<\/h2>\n<ul>\n<li>\u2705\u00a0<strong>Federbelasteter Pickup<\/strong>Schonend und dennoch effektiv \u2013 ideal f\u00fcr empfindliches Futter wie Luzerne und Weidelgras<\/li>\n<li data-spm-anchor-id=\"5176.28103460.0.i926.bc984fa5rlZb1k\">\u2705\u00a0<strong>Automatisches Netzwickelsystem<\/strong>Schnelle und sichere Ballenbildung mit 2000 \u00d7 1,25 m Nettogewicht pro Ballen<\/li>\n<li>\u2705\u00a0<strong data-spm-anchor-id=\"5176.28103460.0.i925.bc984fa5rlZb1k\">Sensorgesteuerte Dichte<\/strong>: Passt die Verdichtung in Echtzeit an, um eine gleichbleibende Ballenqualit\u00e4t zu gew\u00e4hrleisten.<\/li>\n<li>\u2705\u00a0<strong>Kompaktes und agiles Design<\/strong>Geringe Breite (\u2264 2,85 m) und enger Wendekreis f\u00fcr h\u00fcgeliges oder zersplittertes Gel\u00e4nde<\/li>\n<li>\u2705\u00a0<strong>Geringer Energiebedarf<\/strong>Kompatibel mit Traktoren von\u00a0<strong>75 kW (\u2248100 PS)<\/strong><\/li>\n<li>\u2705\u00a0<strong>Hohe Produktionsrate<\/strong>Bis zu\u00a0<strong>100 Ballen\/Stunde<\/strong>\u00a0bei Dichten von\u00a0<strong>100\u2013200 kg\/m\u00b3<\/strong><\/li>\n<\/ul>\n<h2 class=\"product-section-title\" style=\"background: #083762; color: white; padding: 15px 20px; border-radius: 5px; margin: 20px 0;\">Technische Spezifikationen<\/h2>\n<div style=\"overflow-x: auto;\">\n<table style=\"max-width: 100%; overflow-x: auto;\" border=\"1\">\n<thead>\n<tr>\n<th data-spm-anchor-id=\"5176.28103460.0.i929.bc984fa5rlZb1k\">NEIN.<\/th>\n<th>Artikel<\/th>\n<th>Einheit<\/th>\n<th>Spezifikation<\/th>\n<\/tr>\n<\/thead>\n<tbody>\n<tr>\n<td>1<\/td>\n<td>Modellname<\/td>\n<td>\/<\/td>\n<td>9YG-1.25 Rundballenpresse<\/td>\n<\/tr>\n<tr>\n<td>2<\/td>\n<td>Anh\u00e4ngertyp<\/td>\n<td>\/<\/td>\n<td>Zugtyp<\/td>\n<\/tr>\n<tr>\n<td>3<\/td>\n<td>Pickup-Breite<\/td>\n<td>mm<\/td>\n<td>2240<\/td>\n<\/tr>\n<tr>\n<td>4<\/td>\n<td>Pickup-Struktur<\/td>\n<td>\/<\/td>\n<td>Federzahn (fest)<\/td>\n<\/tr>\n<tr>\n<td>5<\/td>\n<td>F\u00fctterungsmechanismus<\/td>\n<td>\/<\/td>\n<td>F\u00f6rderschnecke + Kammwalze + Trommel<\/td>\n<\/tr>\n<tr>\n<td>6<\/td>\n<td>Kompressionskammer-Typ<\/td>\n<td>\/<\/td>\n<td>Walzentyp<\/td>\n<\/tr>\n<tr>\n<td>7<\/td>\n<td>Kompressionskammerbreite<\/td>\n<td>mm<\/td>\n<td>1250<\/td>\n<\/tr>\n<tr>\n<td>8<\/td>\n<td>Kompressionskammerdurchmesser<\/td>\n<td>mm<\/td>\n<td>\u03a61200<\/td>\n<\/tr>\n<tr>\n<td>9<\/td>\n<td>Anzahl der Verdichtungskomponenten<\/td>\n<td>St\u00fcck<\/td>\n<td>18<\/td>\n<\/tr>\n<tr>\n<td>10<\/td>\n<td>Verdichtungswalzendurchmesser<\/td>\n<td>mm<\/td>\n<td>\u03a6222<\/td>\n<\/tr>\n<tr>\n<td>11<\/td>\n<td>Ballenpressverfahren<\/td>\n<td>\/<\/td>\n<td>Automatisches Netzwickelsystem<\/td>\n<\/tr>\n<tr>\n<td>12<\/td>\n<td>Erforderliche Leistung<\/td>\n<td>kW<\/td>\n<td>\u226575 (\u2248100 PS)<\/td>\n<\/tr>\n<tr>\n<td>13<\/td>\n<td>Maschinengewicht<\/td>\n<td>kg<\/td>\n<td>4060<\/td>\n<\/tr>\n<tr>\n<td>14<\/td>\n<td>Zapfwellendrehzahl<\/td>\n<td>r\/min<\/td>\n<td>720<\/td>\n<\/tr>\n<tr>\n<td>15<\/td>\n<td>Gesamtabmessungen (L\u00d7B\u00d7H)<\/td>\n<td>mm<\/td>\n<td>4400 \u00d7 2850 \u00d7 2400 (im Betrieb)<\/td>\n<\/tr>\n<tr>\n<td>16<\/td>\n<td>Ballendichtekontrolle<\/td>\n<td>\/<\/td>\n<td>Sensorgesteuert<\/td>\n<\/tr>\n<tr>\n<td>17<\/td>\n<td>Ballengr\u00f6\u00dfe (Durchmesser \u00d7 Breite)<\/td>\n<td>mm<\/td>\n<td>1300 \u00d7 1250<\/td>\n<\/tr>\n<tr>\n<td>18<\/td>\n<td>Ballendichte<\/td>\n<td>kg\/m\u00b3<\/td>\n<td>100\u2013200<\/td>\n<\/tr>\n<tr>\n<td>19<\/td>\n<td>Produktionsrate<\/td>\n<td>Ballen\/Stunde<\/td>\n<td>40\u2013100<\/td>\n<\/tr>\n<tr>\n<td>20<\/td>\n<td>Radstand<\/td>\n<td>mm<\/td>\n<td>2450<\/td>\n<\/tr>\n<tr>\n<td>21<\/td>\n<td>Betriebsgeschwindigkeit<\/td>\n<td>km\/h<\/td>\n<td>5\u201335<\/td>\n<\/tr>\n<tr>\n<td>22<\/td>\n<td>Netzwickelgr\u00f6\u00dfe<\/td>\n<td>M<\/td>\n<td>2000 \u00d7 1,25 m pro Ballen<\/td>\n<\/tr>\n<\/tbody>\n<\/table>\n<p>&nbsp;<\/p>\n<\/div>\n<h2 class=\"product-section-title\" style=\"background: #083762; color: white; padding: 15px 20px; border-radius: 5px; margin: 20px 0;\">Anwendungsbereiche &amp; Vorteile: Pr\u00e4zisionsballenpressen f\u00fcr Premiumfutter<\/h2>\n<p data-spm-anchor-id=\"5176.28103460.0.i937.bc984fa5rlZb1k\">Im Gegensatz zu Hochleistungsballenpressen, die f\u00fcr Erntereste oder nasses Stroh konzipiert sind, <strong>9YG-1.25 mit federbelastetem Tonabnehmer<\/strong> wurde speziell entwickelt f\u00fcr <strong>hochwertige Futterproduktion<\/strong>\u2014wo es vor allem auf Blatterhalt, Ballengleichm\u00e4\u00dfigkeit und Futterqualit\u00e4t ankommt.<\/p>\n<p data-spm-anchor-id=\"5176.28103460.0.i937.bc984fa5rlZb1k\"><img loading=\"lazy\" decoding=\"async\" class=\"aligncenter wp-image-337 size-full\" src=\"https:\/\/agricultural-baler.com\/wp-content\/uploads\/2025\/11\/0-9YG-1.25-baler-for-dry-hay.webp\" alt=\"9YG-1.25 Ballenpresse f\u00fcr trockenes Heu\" width=\"899\" height=\"489\" srcset=\"https:\/\/agricultural-baler.com\/wp-content\/uploads\/2025\/11\/0-9YG-1.25-baler-for-dry-hay.webp 899w, https:\/\/agricultural-baler.com\/wp-content\/uploads\/2025\/11\/0-9YG-1.25-baler-for-dry-hay-480x261.webp 480w\" sizes=\"auto, (min-width: 0px) and (max-width: 480px) 480px, (min-width: 481px) 899px, 100vw\" \/><\/p>\n<h4>\u2705\u00a0<strong>Ideal f\u00fcr empfindliche, trockene Ernteprodukte<\/strong><\/h4>\n<ul>\n<li><strong>Alfalfa<\/strong>,\u00a0<strong>Klee<\/strong>,\u00a0<strong>Weidelgras<\/strong>, Und\u00a0<strong>Heu mit niedrigem Feuchtigkeitsgehalt<\/strong>\u00a0profitieren Sie von der schonenden, flexiblen Wirkung des Federzahn-Pickups, der das Material aufnimmt, ohne es zu zerdr\u00fccken oder zu zerrei\u00dfen \u2013 und so bis zu\u00a0<strong>15% mehr Bl\u00e4tter<\/strong>\u00a0im Vergleich zu starren Systemen oder Hammerklauensystemen.<\/li>\n<li>Perfekt f\u00fcr\u00a0<strong>Milchviehbetriebe<\/strong>,\u00a0<strong>Heu-Exportproduzenten<\/strong>, Und\u00a0<strong>\u00f6kologische Weidewirtschaft<\/strong>\u00a0wo der N\u00e4hrwert sich direkt auf die Rentabilit\u00e4t auswirkt.<\/li>\n<\/ul>\n<h4>\u2705\u00a0<strong>Konzipiert f\u00fcr qualit\u00e4tsorientierte Abl\u00e4ufe<\/strong><\/h4>\n<ul>\n<li><strong>Automatische Netzwicklung<\/strong>\u00a0Gew\u00e4hrleistet dichte, witterungsbest\u00e4ndige Ballen, die ihre Form w\u00e4hrend Transport und Lagerung beibehalten \u2013 entscheidend f\u00fcr die Einhaltung von Exportstandards oder langfristigen Silagebedarf.<\/li>\n<li><strong>Sensorgesteuerte Dichte<\/strong>\u00a0Verhindert \u00dcberkompression, sch\u00fctzt empfindliche St\u00e4ngel und erh\u00e4lt die optimale Porosit\u00e4t f\u00fcr eine ordnungsgem\u00e4\u00dfe Aush\u00e4rtung.<\/li>\n<\/ul>\n<h4>\u2705\u00a0<strong>Agil in anspruchsvollem Gel\u00e4nde<\/strong><\/h4>\n<ul>\n<li>Mit einer kompakten Arbeitsbreite (<strong>\u22642,85 m<\/strong>und niedrigem Bodendruck navigiert es\u00a0<strong>steile H\u00e4nge<\/strong>,\u00a0<strong>Terrassenfelder<\/strong>, Und\u00a0<strong>Obstgartenalleen<\/strong>\u00a0wo gr\u00f6\u00dfere europ\u00e4ische Ballenpressen einfach nicht funktionieren k\u00f6nnen \u2013 ohne Abstriche bei der Ballengr\u00f6\u00dfe (\u03a61300\u00d71250mm) zu machen.<\/li>\n<\/ul>\n<h4>?\u00a0<strong>Wirtschaftliche Auswirkungen<\/strong><\/h4>\n<ul>\n<li>Reduziert den Arbeitsaufwand um\u00a0<strong>30%+<\/strong>\u00a0im Vergleich zum manuellen Rechen und Binden<\/li>\n<li>Erh\u00f6ht den nutzbaren Futterertrag durch\u00a0<strong>h\u00f6here Blattbindung<\/strong><\/li>\n<li>Verringert die Ausschussquoten auf Premium-Heum\u00e4rkten dank gleichbleibender Ballenqualit\u00e4t<\/li>\n<\/ul>\n<h2 class=\"product-section-title\" style=\"background: #083762; color: white; padding: 15px 20px; border-radius: 5px; margin: 20px 0;\">Wie Sie die richtige Rundballenpresse f\u00fcr Ihren Betrieb ausw\u00e4hlen<\/h2>\n<p data-spm-anchor-id=\"5176.28103460.0.i946.bc984fa5rlZb1k\">Nicht alle Rundballenpressen sind gleich \u2013 Ihre Wahl sollte passen <strong>was du einwirfst<\/strong>, <strong>wo du es presst<\/strong>, Und <strong>Was Sie mit den Ballen vorhaben<\/strong>.<\/p>\n<p>\u2705 <strong>W\u00e4hlen Sie den 9YG-1.25 mit federbelastetem Tonabnehmer, wenn:<\/strong><\/p>\n<ul>\n<li>Sie ballen haupts\u00e4chlich\u00a0<strong>trockenes, blattreiches Futter<\/strong>\u00a0wie\u00a0<strong data-spm-anchor-id=\"5176.28103460.0.i942.bc984fa5rlZb1k\">Luzerne, Klee, Weidelgras oder getrocknetes Heu<\/strong><\/li>\n<li><strong>Die Futterqualit\u00e4t ist entscheidend<\/strong>\u2014Sie ben\u00f6tigen minimalen Blattverlust und einen hohen N\u00e4hrwert (z. B. f\u00fcr Milchk\u00fche oder Exportheu).<\/li>\n<li>Ihre Felder sind\u00a0<strong>klein, h\u00fcgelig oder zersplittert<\/strong>, mit schmalen Zugangswegen (&lt;3 m)<\/li>\n<li>Sie verwenden ein\u00a0<strong>Traktor mit 100\u2013130 PS<\/strong>\u00a0und legen Wert auf einen reibungslosen, vibrationsarmen Betrieb.<\/li>\n<\/ul>\n<p>? <strong>Ziehen Sie ein anderes Modell in Betracht, wenn:<\/strong><\/p>\n<ul>\n<li>Sie ballen regelm\u00e4\u00dfig\u00a0<strong>Feuchtes Reisstroh, stehende Maisst\u00e4ngel oder gelagerte Weizenreste<\/strong>\u00a0\u2192 Schau dir unsere an\u00a0<a href=\"https:\/\/agricultural-baler.com\/de\/produkt\/landwirtschaftliche-rundballenpresse-9yg-1-25-mit-austauschbaren-feder-oder-hammerklauen-aufnahmen\/\"><strong data-spm-anchor-id=\"5176.28103460.0.i941.bc984fa5rlZb1k\">austauschbare Ballenpresse mit Hammerklaue<\/strong><\/a><\/li>\n<li>Sie ben\u00f6tigen eine extrem hohe Kapazit\u00e4t (&gt;100 Ballen\/Stunde) auf gro\u00dfen, ebenen Feldern \u2192 entdecken Sie unsere\u00a0<a href=\"https:\/\/agricultural-baler.com\/de\/produkt\/landwirtschaftliche-rundballenpresse-9yg-2-24d-s9000-beyond-version\/\"><strong>9YG-2.24D Hochleistungsballenpresse<\/strong><\/a><\/li>\n<\/ul>\n<p>? <strong>Profi-Tipp<\/strong>: Wenn Ihre Operation beides umfasst <strong>Premium-Heu im Fr\u00fchjahr<\/strong> Und <strong>Erntereste im Herbst<\/strong>, erw\u00e4gen Sie eine Bestellung <strong>beide Tonabnehmersysteme<\/strong>\u2014Sie sind f\u00fcr einen schnellen, werkzeuglosen Austausch konzipiert.<\/p>\n<h2 class=\"product-section-title\" style=\"background: #083762; color: white; padding: 15px 20px; border-radius: 5px; margin: 20px 0;\">Echte Landwirte, echte Ergebnisse<\/h2>\n<h3 data-spm-anchor-id=\"5176.28103460.0.i952.bc984fa5rlZb1k\"><\/h3>\n<h4>??\u00a0<strong data-spm-anchor-id=\"5176.28103460.0.i951.bc984fa5rlZb1k\">Vereinigte Staaten \u2013 Premium-Milchviehfutterproduktion<\/strong><\/h4>\n<p><strong>Kunde<\/strong>James R. Thompson<br \/>\n<strong>Bauernhof<\/strong>: Green Meadow Dairy<br \/>\n<strong>Standort<\/strong>Wisconsin, USA<br \/>\n<strong>Anwendungsfall<\/strong>Hochwertige Luzerne f\u00fcr laktierende K\u00fche pressen<\/p>\n<blockquote><p>\u201eUnsere Herde gedeiht pr\u00e4chtig mit blattreicher Luzerne \u2013 und diese Ballenpresse liefert ab.\u201c <strong>Die federbelastete Aufnahme schont die Bl\u00e4tter besser als jede andere Maschine, die wir getestet haben.<\/strong>Es l\u00e4uft den ganzen Tag reibungslos, und wir pressen konstant Ballen. <strong>Mehr als 80 einheitliche, netzverpackte Patronen<\/strong> \u201eW\u00e4hrend der Hochsaison. Die Futterqualit\u00e4t war noch nie so hoch.\u201c<\/p>\n<p>&nbsp;<\/p><\/blockquote>\n<h4>??\u00a0<strong>Vietnam \u2013 Strohverwertung durch Kleinbauern<\/strong><\/h4>\n<p data-spm-anchor-id=\"5176.28103460.0.i953.bc984fa5rlZb1k\"><strong>Kunde<\/strong>Nguyen Thi Lan<br \/>\n<strong>Organisation<\/strong>Landwirtschaftliche Genossenschaft im Mekong-Delta<br \/>\n<strong>Standort<\/strong>Provinz An Giang, Vietnam<br \/>\n<strong>Anwendungsfall<\/strong>Sammeln von trockenem Reisstroh als Viehfutter<\/p>\n<blockquote><p>\u201eFr\u00fcher b\u00fcndelten wir Stroh von Hand \u2013 eine langsame, knochenbrechende Arbeit. Jetzt, mit der <strong>9YG-1,25<\/strong>Wir pressen saubere, kompakte Ballen in wenigen Minuten. Selbst auf unseren schmalen Reisfeldern l\u00e4sst sich die Presse problemlos von einem 100-PS-Traktor man\u00f6vrieren. <strong>Unser Vieh bekommt besseres Futter, und unsere Arbeitskosten haben sich halbiert.<\/strong>\u201e<\/p>\n<p><img loading=\"lazy\" decoding=\"async\" class=\"aligncenter wp-image-192 size-full\" src=\"https:\/\/agricultural-baler.com\/wp-content\/uploads\/2025\/11\/0-baler-Factory-Visit1.webp\" alt=\"Besuch der Ballenpressenfabrik\" width=\"600\" height=\"400\" srcset=\"https:\/\/agricultural-baler.com\/wp-content\/uploads\/2025\/11\/0-baler-Factory-Visit1.webp 600w, https:\/\/agricultural-baler.com\/wp-content\/uploads\/2025\/11\/0-baler-Factory-Visit1-480x320.webp 480w\" sizes=\"auto, (min-width: 0px) and (max-width: 480px) 480px, (min-width: 481px) 600px, 100vw\" \/><\/p><\/blockquote>\n<h2 class=\"product-section-title\" style=\"background: #083762; color: white; padding: 15px 20px; border-radius: 5px; margin: 20px 0;\">Unsere Ballenpressen im Vergleich zu typischen europ\u00e4ischen\/US-amerikanischen Ballenpressen<\/h2>\n<p data-spm-anchor-id=\"5176.28103460.0.i956.bc984fa5rlZb1k\">W\u00e4hrend globale Marken wie <strong>John Deere<\/strong>, <strong>New Holland<\/strong>, Und <strong>KUHN<\/strong> Sie bieten zuverl\u00e4ssige Hochleistungsballenpressen an und sind oft <strong>f\u00fcr kleine bis mittelst\u00e4ndische Betriebe \u00fcberdimensioniert \u2013 und \u00fcberteuert.<\/strong>So funktioniert es <strong>9YG-1.25 mit federbelastetem Tonabnehmer<\/strong> bietet einen intelligenteren Mehrwert:<\/p>\n<div style=\"overflow-x: auto;\">\n<table style=\"max-width: 100%; overflow-x: auto;\" border=\"1\">\n<thead>\n<tr>\n<th>Besonderheit<\/th>\n<th><strong>9YG-1.25 (Unser Modell)<\/strong><\/th>\n<th><strong data-spm-anchor-id=\"5176.28103460.0.i960.bc984fa5rlZb1k\">Typische europ\u00e4ische\/US-amerikanische Ballenpressen<\/strong><\/th>\n<\/tr>\n<\/thead>\n<tbody>\n<tr>\n<td><strong>Zielanwendungsfall<\/strong><\/td>\n<td>Hochwertiges Trockenfutter (Luzerne, Heu) f\u00fcr kleine oder h\u00fcgelige Betriebe<\/td>\n<td>Gro\u00dffl\u00e4chige Getreidereste oder Heu auf flachen Feldern<\/td>\n<\/tr>\n<tr>\n<td data-spm-anchor-id=\"5176.28103460.0.i961.bc984fa5rlZb1k\"><strong>Pickup-Design<\/strong><\/td>\n<td>Optimierter Federzahn f\u00fcr\u00a0<strong>minimaler Blattverlust<\/strong>\u00a0(&lt;5%)<\/td>\n<td>Universal-Pickups; k\u00f6nnen empfindliches Futter besch\u00e4digen<\/td>\n<\/tr>\n<tr>\n<td><strong>Maschinenbreite<\/strong><\/td>\n<td><strong>\u22642,85 m<\/strong>\u00a0\u2013 passt auf schmale Feldwege, Obstg\u00e4rten, Terrassen<\/td>\n<td>Oft\u00a0<strong>\u22653,2 m<\/strong>\u00a0\u2013 K\u00e4mpfe in zersplitterten oder gebirgigen Gebieten<\/td>\n<\/tr>\n<tr>\n<td><strong>Traktoranforderung<\/strong><\/td>\n<td>Funktioniert effizient mit\u00a0<strong>100\u2013130 PS<\/strong><\/td>\n<td>Erfordert typischerweise\u00a0<strong>\u00dcber 140 PS<\/strong>\u00a0f\u00fcr volle Leistung<\/td>\n<\/tr>\n<tr>\n<td><strong>Preis<\/strong><\/td>\n<td><strong>30\u201340% niedriger<\/strong>\u00a0als vergleichbare importierte Modelle<\/td>\n<td>Hohe Anschaffungskosten + teure Ersatzteile<\/td>\n<\/tr>\n<tr>\n<td data-spm-anchor-id=\"5176.28103460.0.i955.bc984fa5rlZb1k\"><strong>Fokus auf Ballenqualit\u00e4t<\/strong><\/td>\n<td>Sensorgesteuerte Dichte + Netzumwicklung =\u00a0<strong>einheitliche, exportfertige Ballen<\/strong><\/td>\n<td>Bei vielen Basismodellen wird der Geschwindigkeit Vorrang vor der Futtern\u00e4hrstoffversorgung einger\u00e4umt.<\/td>\n<\/tr>\n<tr>\n<td><strong>Service &amp; Ersatzteile<\/strong><\/td>\n<td>Lokaler Support in \u00fcber 30 L\u00e4ndern; modulares Design f\u00fcr einfache Reparatur<\/td>\n<td>Lange Lieferzeiten f\u00fcr Teile in Asien\/Afrika\/Lateinamerika<\/td>\n<\/tr>\n<\/tbody>\n<\/table>\n<\/div>\n<h2 class=\"product-section-title\" style=\"background: #083762; color: white; padding: 15px 20px; border-radius: 5px; margin: 20px 0;\">\u2753 H\u00e4ufig gestellte Fragen zu Kauf und Installation<\/h2>\n<p>&nbsp;<\/p>\n<p><strong>F: Wie wird die Ballenpresse transportiert? Muss sie demontiert werden?<\/strong><\/p>\n<p>A: Das Modell 9YG-1.25 ist einteilig und wird werkseitig vormontiert geliefert. F\u00fcr den Standardtransport per See- oder Landweg ist keine Demontage erforderlich; es wird einfach auf einer Palette oder einem Rahmen befestigt. Nach Ankunft im Hafen kann das Entladen mit einem Gabelstapler oder Hebeband erfolgen, und die Aufstellung vor Ort dauert maximal 30 Minuten.<\/p>\n<p><strong>F: Muss ich die Maschine nach Erhalt selbst zusammenbauen?<\/strong><\/p>\n<p>A: Es ist keine komplizierte Montage erforderlich. Wir liefern das Ger\u00e4t vorkonfiguriert und komplett montiert. Sie m\u00fcssen lediglich:<\/p>\n<ol>\n<li>Connect the tractor&#8217;s three-point suspension to the PTO shaft<\/li>\n<li>Getriebe\u00f6l hinzuf\u00fcgen (vor dem ersten Gebrauch)<\/li>\n<li>Bringen Sie die Drahtbinderolle an. Der gesamte Vorgang dauert etwa 15\u201320 Minuten und beinhaltet eine bebilderte Anleitung sowie Videoanweisungen.<\/li>\n<\/ol>\n<p><strong>F: Bieten Sie Installationsanleitungen oder Inbetriebnahmedienstleistungen vor Ort an?<\/strong><\/p>\n<p>A: Ja! Wir bieten Folgendes an:<\/p>\n<ul>\n<li>Kostenlose Video-Fernberatung (WeChat\/WhatsApp\/Zoom)<\/li>\n<li>Lokale Dienstleister in S\u00fcdostasien, Osteuropa, S\u00fcdamerika usw., mit optionaler, kostenpflichtiger Einrichtung vor Ort (zus\u00e4tzliche Geb\u00fchren fallen an).<\/li>\n<li>Alle Bedienungsvideos und elektronischen Handb\u00fccher sind im Lieferumfang enthalten.<\/li>\n<\/ul>\n<p><strong>F: Welche Pr\u00fcfungen sollten vor der ersten Benutzung durchgef\u00fchrt werden?<\/strong><\/p>\n<p>A: Wir empfehlen Ihnen, die folgenden drei Punkte zu \u00fcberpr\u00fcfen:<\/p>\n<ul>\n<li>Ist die Feder des Tonabnehmers locker?<\/li>\n<li>Hydraulische Kupplungsspannung (falls vorhanden)<\/li>\n<li>Ist die Kabeltrommelhalterung sicher befestigt?<\/li>\n<li>See the &#8220;First Day Start-up Checklist&#8221; (PDF included) for a detailed list.<\/li>\n<\/ul>\n<p><strong>F: Kann es direkt an meinen Traktor angeschlossen werden? Sind Modifikationen erforderlich?<\/strong><\/p>\n<p>A: The 9YG-1.25 uses a standard Category II three-point suspension interface and 540\/720 rpm PTO, compatible with over 95% of 80\u2013130 HP tractors worldwide (such as John Deere 5E, Kubota M8, Fendt 300, etc.). No modification is required; it&#8217;s ready to use immediately.<\/p>\n<p><strong>F: Wie lange ist die Garantiezeit? Welche Teile sind im Garantieumfang enthalten?<\/strong><\/p>\n<p>A: Die gesamte Maschine hat eine eingeschr\u00e4nkte Garantie von 12 Monaten, w\u00e4hrend f\u00fcr die Kernkomponenten (Getriebe, Spindel und Pickup-Antriebssystem) eine erweiterte Garantie von 24 Monaten gilt. Verschlei\u00dfteile (Federz\u00e4hne, Riemen und Federn des Wickelmechanismus) sind nicht von der Garantie abgedeckt, lassen sich aber kosteng\u00fcnstig und einfach austauschen.<\/p>","protected":false},"excerpt":{"rendered":"<p>Diese landwirtschaftliche Rundballenpresse 9YG-1.25 mit federbelasteter Pickup ist CE-zertifiziert und eignet sich f\u00fcr Heu, Luzerne und Silage. Sie wurde speziell f\u00fcr h\u00fcgeliges Gel\u00e4nde und terrassierte Betriebe entwickelt, wo h\u00f6chste Futterqualit\u00e4t gefragt ist.<\/p>","protected":false},"featured_media":335,"template":"","meta":{"_et_pb_use_builder":"","_et_pb_old_content":"","_et_gb_content_width":""},"product_brand":[],"product_cat":[23],"product_tag":[28,18,19],"class_list":{"0":"post-331","1":"product","2":"type-product","3":"status-publish","4":"has-post-thumbnail","6":"product_cat-round-baler","7":"product_tag-9yg-1-25-round-baler","8":"product_tag-agricultural-round-baler","9":"product_tag-round-baler","11":"first","12":"instock","13":"shipping-taxable","14":"product-type-simple"},"_links":{"self":[{"href":"https:\/\/agricultural-baler.com\/de\/wp-json\/wp\/v2\/product\/331","targetHints":{"allow":["GET"]}}],"collection":[{"href":"https:\/\/agricultural-baler.com\/de\/wp-json\/wp\/v2\/product"}],"about":[{"href":"https:\/\/agricultural-baler.com\/de\/wp-json\/wp\/v2\/types\/product"}],"wp:featuredmedia":[{"embeddable":true,"href":"https:\/\/agricultural-baler.com\/de\/wp-json\/wp\/v2\/media\/335"}],"wp:attachment":[{"href":"https:\/\/agricultural-baler.com\/de\/wp-json\/wp\/v2\/media?parent=331"}],"wp:term":[{"taxonomy":"product_brand","embeddable":true,"href":"https:\/\/agricultural-baler.com\/de\/wp-json\/wp\/v2\/product_brand?post=331"},{"taxonomy":"product_cat","embeddable":true,"href":"https:\/\/agricultural-baler.com\/de\/wp-json\/wp\/v2\/product_cat?post=331"},{"taxonomy":"product_tag","embeddable":true,"href":"https:\/\/agricultural-baler.com\/de\/wp-json\/wp\/v2\/product_tag?post=331"}],"curies":[{"name":"wp","href":"https:\/\/api.w.org\/{rel}","templated":true}]}}