{"id":287,"date":"2025-11-19T07:02:11","date_gmt":"2025-11-19T07:02:11","guid":{"rendered":"https:\/\/agricultural-baler.com\/?post_type=product&#038;p=287"},"modified":"2025-11-20T03:34:46","modified_gmt":"2025-11-20T03:34:46","slug":"agricultural-round-baler-9yg-2-24d-s9000-classic","status":"publish","type":"product","link":"https:\/\/agricultural-baler.com\/de\/produkt\/landwirtschaftliche-rundballenpresse-9yg-2-24d-s9000-classic\/","title":{"rendered":"Landwirtschaftliche Rundballenpresse \u2013 9YG-2.24D S9000 Classic"},"content":{"rendered":"<h2><strong data-spm-anchor-id=\"5176.28103460.0.i741.bc984fa5rlZb1k\">Produkt\u00fcbersicht: 9YG-2.24D S9000 Classic Rundballenpresse<\/strong><\/h2>\n<p>Der <strong>9YG-2.24D S9000 Classic<\/strong> Diese hocheffiziente, gezogene Rundballenpresse f\u00fcr die Landwirtschaft wurde f\u00fcr Zuverl\u00e4ssigkeit und Leistung unter anspruchsvollen Feldbedingungen entwickelt. Mit einer Aufnahmebreite von 2,24 Metern, sensorgesteuerter Ballendichte und einer robusten, walzenbasierten Presskammer produziert sie gleichm\u00e4\u00dfige, hochdichte, netzumwickelte Ballen, die sich ideal f\u00fcr Heu, Stroh und Biomasse eignen.<\/p>\n<p>Entwickelt f\u00fcr <strong>Gro\u00dfbetriebe, landwirtschaftliche Genossenschaften und professionelle Lohnernte-Dienstleistungen<\/strong>Die S9000 Classic vereint bew\u00e4hrte mechanische Langlebigkeit mit intelligenten Betriebsfunktionen \u2013 und ist damit ein kosteneffizientes Arbeitstier f\u00fcr Regionen, die Wert auf Produktivit\u00e4t, einfache Wartung und langfristigen Nutzen legen.<\/p>\n<p>Dieses Modell basiert auf jahrelanger Praxiserfahrung und dient als verl\u00e4ssliche Grundlage unserer Rundballenpressen-Serie \u2013 es liefert Saison f\u00fcr Saison konstante Ergebnisse.<\/p>\n<p>&nbsp;<\/p>\n<h2><strong>Produktparameter<\/strong><\/h2>\n<div style=\"overflow-x: auto;\">\n<table style=\"max-width: 100%; overflow-x: auto;\" border=\"1\">\n<thead>\n<tr>\n<th style=\"width: 26.5625px;\">NEIN.<\/th>\n<th style=\"width: 244.562px;\">Artikel<\/th>\n<th style=\"width: 65.3906px;\">Einheit<\/th>\n<th style=\"width: 259.484px;\">Spezifikation<\/th>\n<\/tr>\n<\/thead>\n<tbody>\n<tr>\n<td style=\"width: 26.5625px;\">1<\/td>\n<td style=\"width: 244.562px;\">Modellname<\/td>\n<td style=\"width: 65.3906px;\">\/<\/td>\n<td style=\"width: 259.484px;\">9YG-2.24D Rundballenpresse (S9000 Classic)<\/td>\n<\/tr>\n<tr>\n<td style=\"width: 26.5625px;\">2<\/td>\n<td style=\"width: 244.562px;\">Anh\u00e4ngertyp<\/td>\n<td style=\"width: 65.3906px;\">\/<\/td>\n<td style=\"width: 259.484px;\">Zugtyp<\/td>\n<\/tr>\n<tr>\n<td style=\"width: 26.5625px;\">3<\/td>\n<td style=\"width: 244.562px;\">Pickup-Breite<\/td>\n<td style=\"width: 65.3906px;\">mm<\/td>\n<td style=\"width: 259.484px;\">2240<\/td>\n<\/tr>\n<tr>\n<td style=\"width: 26.5625px;\">4<\/td>\n<td style=\"width: 244.562px;\">Pickup-Strukturtyp<\/td>\n<td style=\"width: 65.3906px;\">\/<\/td>\n<td style=\"width: 259.484px;\">Federzahntyp<\/td>\n<\/tr>\n<tr>\n<td style=\"width: 26.5625px;\">5<\/td>\n<td style=\"width: 244.562px;\">F\u00fctterungsmechanismus-Typ<\/td>\n<td style=\"width: 65.3906px;\">\/<\/td>\n<td style=\"width: 259.484px;\">Kammwalze + Walzentyp<\/td>\n<\/tr>\n<tr>\n<td style=\"width: 26.5625px;\">6<\/td>\n<td style=\"width: 244.562px;\">Presskammer-Ballenmechanismus<\/td>\n<td style=\"width: 65.3906px;\">\/<\/td>\n<td style=\"width: 259.484px;\">Walzentyp<\/td>\n<\/tr>\n<tr>\n<td style=\"width: 26.5625px;\">7<\/td>\n<td style=\"width: 244.562px;\">Kompressionskammerbreite<\/td>\n<td style=\"width: 65.3906px;\">mm<\/td>\n<td style=\"width: 259.484px;\">1400<\/td>\n<\/tr>\n<tr>\n<td style=\"width: 26.5625px;\">8<\/td>\n<td style=\"width: 244.562px;\">Kompressionskammerdurchmesser<\/td>\n<td style=\"width: 65.3906px;\">mm<\/td>\n<td style=\"width: 259.484px;\">\u03a61200<\/td>\n<\/tr>\n<tr>\n<td style=\"width: 26.5625px;\">9<\/td>\n<td style=\"width: 244.562px;\">Anzahl der Verdichtungskomponenten<\/td>\n<td style=\"width: 65.3906px;\">St\u00fcck<\/td>\n<td style=\"width: 259.484px;\">18 (Rollen)<\/td>\n<\/tr>\n<tr>\n<td style=\"width: 26.5625px;\">10<\/td>\n<td style=\"width: 244.562px;\">Verdichtungswalzendurchmesser<\/td>\n<td style=\"width: 65.3906px;\">mm<\/td>\n<td style=\"width: 259.484px;\">\u03a6222<\/td>\n<\/tr>\n<tr>\n<td style=\"width: 26.5625px;\">11<\/td>\n<td style=\"width: 244.562px;\">Ballenpressverfahren<\/td>\n<td style=\"width: 65.3906px;\">\/<\/td>\n<td style=\"width: 259.484px;\">Netzwickel<\/td>\n<\/tr>\n<tr>\n<td style=\"width: 26.5625px;\">12<\/td>\n<td style=\"width: 244.562px;\">Erforderliche Leistung<\/td>\n<td style=\"width: 65.3906px;\">kW<\/td>\n<td style=\"width: 259.484px;\">55\u2013100<\/td>\n<\/tr>\n<tr>\n<td style=\"width: 26.5625px;\">13<\/td>\n<td style=\"width: 244.562px;\">Maschinengewicht<\/td>\n<td style=\"width: 65.3906px;\">kg<\/td>\n<td style=\"width: 259.484px;\">4312<\/td>\n<\/tr>\n<tr>\n<td style=\"width: 26.5625px;\">14<\/td>\n<td style=\"width: 244.562px;\">Zapfwellendrehzahl<\/td>\n<td style=\"width: 65.3906px;\">r\/min<\/td>\n<td style=\"width: 259.484px;\">720<\/td>\n<\/tr>\n<tr>\n<td style=\"width: 26.5625px;\">15<\/td>\n<td style=\"width: 244.562px;\">Gesamtabmessungen (L\u00d7B\u00d7H)<\/td>\n<td style=\"width: 65.3906px;\">mm<\/td>\n<td style=\"width: 259.484px;\">4470 \u00d7 3010 \u00d7 2370 (im Betrieb)<\/td>\n<\/tr>\n<tr>\n<td style=\"width: 26.5625px;\">16<\/td>\n<td style=\"width: 244.562px;\">Ballendichtekontrolle<\/td>\n<td style=\"width: 65.3906px;\">\/<\/td>\n<td style=\"width: 259.484px;\">Sensorgesteuert<\/td>\n<\/tr>\n<tr>\n<td style=\"width: 26.5625px;\">17<\/td>\n<td style=\"width: 244.562px;\">Ballengr\u00f6\u00dfe (Durchmesser \u00d7 Breite)<\/td>\n<td style=\"width: 65.3906px;\">mm<\/td>\n<td style=\"width: 259.484px;\">\u03a61300 \u00d7 1400<\/td>\n<\/tr>\n<tr>\n<td style=\"width: 26.5625px;\">18<\/td>\n<td style=\"width: 244.562px;\">Ballendichte<\/td>\n<td style=\"width: 65.3906px;\">kg\/m\u00b3<\/td>\n<td style=\"width: 259.484px;\">100\u2013200<\/td>\n<\/tr>\n<tr>\n<td style=\"width: 26.5625px;\">19<\/td>\n<td style=\"width: 244.562px;\">Produktionsrate<\/td>\n<td style=\"width: 65.3906px;\">Ballen\/Stunde<\/td>\n<td style=\"width: 259.484px;\">40\u2013100<\/td>\n<\/tr>\n<tr>\n<td style=\"width: 26.5625px;\">20<\/td>\n<td style=\"width: 244.562px;\">Radstand<\/td>\n<td style=\"width: 65.3906px;\">mm<\/td>\n<td style=\"width: 259.484px;\">2600<\/td>\n<\/tr>\n<tr>\n<td style=\"width: 26.5625px;\">21<\/td>\n<td style=\"width: 244.562px;\">Betriebsgeschwindigkeit<\/td>\n<td style=\"width: 65.3906px;\">km\/h<\/td>\n<td style=\"width: 259.484px;\">5\u201335<\/td>\n<\/tr>\n<tr>\n<td style=\"width: 26.5625px;\">22<\/td>\n<td style=\"width: 244.562px;\">Netzgr\u00f6\u00dfe (L\u00e4nge \u00d7 Breite)<\/td>\n<td style=\"width: 65.3906px;\">\/<\/td>\n<td style=\"width: 259.484px;\">2000 \u00d7 1,4 m pro Ballen<\/td>\n<\/tr>\n<\/tbody>\n<\/table>\n<\/div>\n<p><img loading=\"lazy\" decoding=\"async\" class=\"aligncenter wp-image-290 size-full\" src=\"https:\/\/agricultural-baler.com\/wp-content\/uploads\/2025\/11\/0-9YG-2.24D-baler-classic-2.webp\" alt=\"9YG-2.24D Ballenpresse Classic 2\" width=\"945\" height=\"714\" srcset=\"https:\/\/agricultural-baler.com\/wp-content\/uploads\/2025\/11\/0-9YG-2.24D-baler-classic-2.webp 945w, https:\/\/agricultural-baler.com\/wp-content\/uploads\/2025\/11\/0-9YG-2.24D-baler-classic-2-480x363.webp 480w\" sizes=\"auto, (min-width: 0px) and (max-width: 480px) 480px, (min-width: 481px) 945px, 100vw\" \/><\/p>\n<h2><strong data-spm-anchor-id=\"5176.28103460.0.i745.bc984fa5rlZb1k\">Wichtigste Innovationen &amp; Technologie<\/strong><strong data-spm-anchor-id=\"5176.28103460.0.i745.bc984fa5rlZb1k\"> Vorteile<\/strong><\/h2>\n<h3>1.\u00a0<strong>Fortschrittliches Zugstangen- und Antriebssystem<\/strong><\/h3>\n<p>Die Ballenpresse verf\u00fcgt \u00fcber eine <strong>selbstentwickelte doppelte Universalgelenk-Antriebswelle (Doppelkreuzgelenk).<\/strong>, gepaart mit einem integrierten <strong>Sicherheitsdrehmomentbegrenzungswelle<\/strong>Diese Konstruktion reduziert die Belastung der Getriebekomponenten bei engen Kurven deutlich \u2013 besonders wichtig auf kleinen oder unebenen Feldern. Durch die Vermeidung von Antriebsstrangblockaden und Torsions\u00fcberlastung wird die Lebensdauer der Maschine verl\u00e4ngert und ein reibungsloser Betrieb in anspruchsvollem Gel\u00e4nde gew\u00e4hrleistet.<\/p>\n<h3>2.\u00a0<strong>Verbessertes Hydrauliksystem f\u00fcr schnelleren und reibungsloseren Betrieb<\/strong><\/h3>\n<p>Ausgestattet mit <strong>H-f\u00f6rmige B\u00f6rdelverschraubungen (Bissverschraubungen)<\/strong>Das System h\u00e4lt h\u00f6heren Betriebsdr\u00fccken stand und erm\u00f6glicht <strong>schnellere \u00d6ffnungs- und Schlie\u00dfzyklen der Ballenkammer<\/strong>Ein engagierter <strong>Pufferzylinder<\/strong> ist in der hinteren Kammer installiert, um St\u00f6\u00dfe beim Schlie\u00dfen abzufedern, wodurch vibrationsbedingter Verschlei\u00df an den Strukturbauteilen effektiv minimiert und die Lebensdauer verl\u00e4ngert wird.<\/p>\n<h3>3.\u00a0<strong>Hochleistungsgetriebe und Doppelkettenrad-Kammerantrieb<\/strong><\/h3>\n<p>Die verst\u00e4rkte <strong>Hochleistungsgetriebe<\/strong> liefert ein erh\u00f6htes Drehmoment im Getriebe und gew\u00e4hrleistet so eine gleichm\u00e4\u00dfige Kraft\u00fcbertragung auch bei hoher Erntebelastung. In Verbindung mit einem <strong>Doppelseitiger Kettenantrieb<\/strong> F\u00fcr die Kompressionskammer sorgt diese Konfiguration f\u00fcr eine ausgewogene Kraftverteilung, was Folgendes zur Folge hat: <strong>gleichm\u00e4\u00dfigere Ballenbildung, geringere mechanische Belastung und h\u00f6here Betriebseffizienz<\/strong>\u2014selbst bei l\u00e4ngerem t\u00e4glichem Gebrauch.<\/p>\n<p><img loading=\"lazy\" decoding=\"async\" class=\"aligncenter wp-image-291 size-full\" src=\"https:\/\/agricultural-baler.com\/wp-content\/uploads\/2025\/11\/0-baler-working.webp\" alt=\"Ballenpresse in Betrieb\" width=\"737\" height=\"712\" srcset=\"https:\/\/agricultural-baler.com\/wp-content\/uploads\/2025\/11\/0-baler-working.webp 737w, https:\/\/agricultural-baler.com\/wp-content\/uploads\/2025\/11\/0-baler-working-480x464.webp 480w\" sizes=\"auto, (min-width: 0px) and (max-width: 480px) 480px, (min-width: 481px) 737px, 100vw\" \/><\/p>\n<h2 data-spm-anchor-id=\"5176.28103460.0.i750.bc984fa5rlZb1k\"><strong>Anwendungsbereiche und Vorteile<\/strong><\/h2>\n<h3><strong>Ideale Betriebsbedingungen<\/strong><\/h3>\n<p>Der <strong>9YG-2.24D S9000 Classic<\/strong> ist vielseitig <a href=\"https:\/\/agricultural-baler.com\/de\/\"><strong>Landwirtschaftliche Ballenpresse<\/strong><\/a> Entwickelt f\u00fcr unterschiedlichste landwirtschaftliche Umgebungen \u2013 von gro\u00dffl\u00e4chigen Getreideanbaugebieten bis hin zu Weidefl\u00e4chen mit Schwerpunkt auf Viehhaltung. Es zeichnet sich aus durch:<\/p>\n<ul>\n<li><strong>Trockene oder halbtrockene Heuwiesen<\/strong>\u00a0(Luzerne, Klee, Gras) als zuverl\u00e4ssige\u00a0<strong>Heuballenpresse<\/strong><\/li>\n<li><strong>Strohsammlung nach der Ernte<\/strong>\u00a0nach der Weizen-, Reis- oder Maisernte \u2013 ideal f\u00fcr\u00a0<strong>Strohballenpressen<\/strong>\u00a0Operationen<\/li>\n<li><strong>Biomassegewinnung<\/strong>\u00a0von Ernter\u00fcckst\u00e4nden wie Schilf, Sorghumst\u00e4ngeln oder Raps<\/li>\n<li><strong>Kleine bis mittelgro\u00dfe Grundst\u00fccke<\/strong>\u00a0mit h\u00e4ufigen Kurven, dank seines optimierten Antriebsstrangs und des kompakten Wendekreises<\/li>\n<\/ul>\n<p>Ob in flachen Ebenen oder sanft h\u00fcgeligem Gel\u00e4nde, dieses <strong>Rundballenpresse<\/strong> liefert unter realen Feldbedingungen eine gleichbleibende Leistung.<\/p>\n<h3><strong>Wirtschaftliche Vorteile<\/strong><\/h3>\n<ul>\n<li>\u23f1\ufe0f\u00a0<strong>Steigert die Produktivit\u00e4t<\/strong>Mit einer Arbeitsgeschwindigkeit von 5\u201335 km\/h und einer Leistung von\u00a0<strong>40\u2013100 Ballen\/Stunde<\/strong>, Die\u00a0<strong>Rundballenpresse<\/strong>\u00a0Verringert die Feldzeit im Vergleich zu manueller oder veralteter Ausr\u00fcstung erheblich.<\/li>\n<li>?\u00a0<strong>Senkt die Betriebskosten<\/strong>: Robustes Design minimiert Ausf\u00e4lle; einfache Wartung reduziert Arbeits- und Ersatzteilkosten um bis zu 30%.<\/li>\n<li>?\u00a0<strong>Verbessert die Ballenqualit\u00e4t<\/strong>Gleichm\u00e4\u00dfig, hohe Dichte\u00a0<strong>Heuballen<\/strong>\u00a0(100\u2013200 kg\/m\u00b3) erzielen bessere Preise auf den Futtermittelm\u00e4rkten und reduzieren Transport-\/Lagerverluste.<\/li>\n<li>?\u00a0<strong>Kompatibel mit Traktoren der Mittelklasse<\/strong>\u00a0(55\u2013100 kW), wodurch es auch f\u00fcr kostenbewusste landwirtschaftliche Betriebe erschwinglich ist, ohne dass die Effizienz darunter leidet.<\/li>\n<\/ul>\n<h3><strong>Soziale und \u00f6kologische Vorteile<\/strong><\/h3>\n<ul>\n<li>\u267b\ufe0f\u00a0<strong>F\u00f6rdert nachhaltige Landwirtschaft<\/strong>Effizient\u00a0<strong>Strohballenpressen<\/strong>\u00a0erm\u00f6glicht das Recycling von Ernter\u00fcckst\u00e4nden \u2013 wodurch das Abbrennen von Feldfr\u00fcchten reduziert und die Luftverschmutzung gesenkt wird.<\/li>\n<li>?\u200d?\u00a0<strong>Verringert die Arbeitsabh\u00e4ngigkeit<\/strong>: Automatisiert eine traditionell arbeitsintensive Aufgabe und lindert so den Druck auf den Arbeitskr\u00e4ftemangel im l\u00e4ndlichen Raum.<\/li>\n<li>?\u00a0<strong>Unterst\u00fctzt die Kreislaufwirtschaft<\/strong>: Zu Ballen gepresstes Stroh wird zu wertvollem Einstreumaterial, Rohstoff f\u00fcr Biokraftstoffe oder organischem D\u00fcnger \u2013 der Ressourcenkreislauf wird geschlossen.<\/li>\n<\/ul>\n<p><img loading=\"lazy\" decoding=\"async\" class=\"aligncenter wp-image-282 size-large\" src=\"https:\/\/agricultural-baler.com\/wp-content\/uploads\/2025\/11\/0-agricultural-baler-banner3-1024x317.webp\" alt=\"Banner f\u00fcr landwirtschaftliche Ballenpressen\" width=\"1024\" height=\"317\" srcset=\"https:\/\/agricultural-baler.com\/wp-content\/uploads\/2025\/11\/0-agricultural-baler-banner3-980x303.webp 980w, https:\/\/agricultural-baler.com\/wp-content\/uploads\/2025\/11\/0-agricultural-baler-banner3-480x149.webp 480w\" sizes=\"auto, (min-width: 0px) and (max-width: 480px) 480px, (min-width: 481px) and (max-width: 980px) 980px, (min-width: 981px) 1024px, 100vw\" \/><\/p>\n<h2>?\u00a0<strong>Echte Geschichten, echte Ergebnisse: Landwirte vertrauen der Rundballenpresse S9000 Classic.<\/strong><\/h2>\n<hr \/>\n<h4>1.\u00a0<strong>Vereinigte Staaten \u2013 Heuproduzent im Mittleren Westen<\/strong><\/h4>\n<ul>\n<li><strong>Kunde<\/strong>Daniel Miller, Inhaber der Miller Hay Farms<\/li>\n<li><strong>Standort<\/strong>Nebraska, USA<\/li>\n<li><strong>Kaufdatum<\/strong>April 2024<\/li>\n<li><strong>Gekaufte Einheiten<\/strong>: 3 Einheiten<\/li>\n<li><strong>Anwendung<\/strong>Heuballenpressung aus Luzerne und Gras f\u00fcr Milchviehfutter<\/li>\n<li><strong>Zeugnis<\/strong>:<br \/>\n<blockquote><p>\u201eWir brauchten eine zuverl\u00e4ssige Heuballenpresse unter $30K, die mit unserem 90-PS-Traktor mithalten konnte. Die S9000 Classic hat unsere Erwartungen erf\u00fcllt \u2013 \u00fcber 100 Ballen pro Tag ohne jegliche St\u00f6rungen w\u00e4hrend unserer nassen Fr\u00fchjahrsernte. Das Netz wickelt fest, und die Pickup bew\u00e4ltigt festsitzendes Heu besser als unser alter John Deere. F\u00fcr den Preis ist sie unschlagbar.\u201c<\/p><\/blockquote>\n<\/li>\n<\/ul>\n<hr \/>\n<h4>2.\u00a0<strong>Ukraine \u2013 Getreide- und Viehgenossenschaft<\/strong><\/h4>\n<ul>\n<li><strong>Kunde<\/strong>: AgroSojus Tovarystvo (AgroSojus-Genossenschaft)<\/li>\n<li><strong>Standort<\/strong>Region Poltawa, Ukraine<\/li>\n<li><strong>Kaufdatum<\/strong>: Juli 2024<\/li>\n<li><strong>Gekaufte Einheiten<\/strong>5 Einheiten<\/li>\n<li><strong>Anwendung<\/strong>: Pressung von Weizenstrohballen f\u00fcr die Rindereinstreu und den Export<\/li>\n<li><strong>Zeugnis<\/strong>:<br \/>\n<blockquote><p>\u201eNachdem Sanktionen die Ersatzteilversorgung f\u00fcr europ\u00e4ische Maschinen erschwerten, sind wir auf diese chinesische Rundballenpresse umgestiegen. Sie l\u00e4uft 12 Stunden am Tag mit 85-PS-Traktoren. Der beidseitige Kettenantrieb verhindert das Durchrutschen des Riemens \u2013 ein gro\u00dfes Problem bei unseren alten Modellen. Wir haben bereits ein drittes Ger\u00e4t bestellt.\u201c<\/p><\/blockquote>\n<p><img loading=\"lazy\" decoding=\"async\" class=\"alignnone size-medium wp-image-222\" src=\"https:\/\/agricultural-baler.com\/wp-content\/uploads\/2025\/11\/0-9YG-2.24D-baler-3-300x200.webp\" alt=\"9YG-2.24D Ballenpresse\" width=\"300\" height=\"200\" \/><\/li>\n<\/ul>\n<hr \/>\n<h4>3.\u00a0<strong>Mongolei \u2013 Steppen-Pastoralbetrieb<\/strong><\/h4>\n<ul>\n<li><strong>Kunde<\/strong>Batbayar Enkhbold, Gesch\u00e4ftsf\u00fchrer von Gobi Agro LLC<\/li>\n<li><strong>Standort<\/strong>: Provinz \u00d6v\u00f6rkhangai, Mongolei<\/li>\n<li><strong>Kaufdatum<\/strong>September 2024<\/li>\n<li><strong>Gekaufte Einheiten<\/strong>: 1 Einheit<\/li>\n<li><strong>Anwendung<\/strong>Heuballenpressung von Naturwiesenheu f\u00fcr die Winterf\u00fctterung von Nutztieren<\/li>\n<li><strong>Zeugnis<\/strong>:<br \/>\n<blockquote><p>\u201eUnsere Weiden sind steinig und uneben, aber diese Ballenpresse kommt damit gut zurecht. Die Bodenfreiheit ist einstellbar, und die Sicherheitsdrehmomentwelle hat uns zweimal gerettet, als wir auf versteckte Steine \u200b\u200bgesto\u00dfen sind. Die Lieferung aus China dauerte nur 22 Tage \u2013 schneller als bei H\u00e4ndlern vor Ort!\u201c<\/p><\/blockquote>\n<\/li>\n<\/ul>\n<hr \/>\n<h4>4.\u00a0<strong>Argentinien \u2013 Auftragnehmer f\u00fcr Sojabohnenr\u00fcckst\u00e4nde<\/strong><\/h4>\n<ul>\n<li><strong>Kunde<\/strong>: CampoLimpio Servicios Agr\u00edcolas<\/li>\n<li><strong>Standort<\/strong>C\u00f3rdoba, Argentinien<\/li>\n<li><strong>Kaufdatum<\/strong>: Februar 2025<\/li>\n<li><strong>Gekaufte Einheiten<\/strong>3 Einheiten<\/li>\n<li><strong>Anwendung<\/strong>Ballenpressung von Sojabohnen- und Maisstroh f\u00fcr Biomassekraftwerke<\/li>\n<li><strong>Zeugnis<\/strong>:<br \/>\n<blockquote><p>\u201eWir haben f\u00fcnf Ballenpressen auf ihre Eignung f\u00fcr feuchte R\u00fcckst\u00e4nde getestet. Nur die S9000 Classic verstopfte nicht. Ihre Kombination aus Federzahnaufnahme und Anti-Wicklungswalze funktioniert hervorragend. Amortisation nach 6 Monaten \u2013 jetzt ersetzen wir unsere gesamte Flotte.\u201c<\/p><\/blockquote>\n<\/li>\n<\/ul>\n<hr \/>\n<h4>5.\u00a0<strong>Vietnam \u2013 Initiative zum Recycling von Reisstroh<\/strong><\/h4>\n<ul>\n<li><strong>Kunde<\/strong>Mekong Green Energy Co., Ltd.<\/li>\n<li><strong>Standort<\/strong>Provinz An Giang, Vietnam<\/li>\n<li><strong>Kaufdatum<\/strong>: November 2024<\/li>\n<li><strong>Gekaufte Einheiten<\/strong>: 8 Einheiten (f\u00fcr das landwirtschaftliche Genossenschaftsprogramm)<\/li>\n<li><strong>Anwendung<\/strong>: Sammlung von Reisstroh zur Versorgung von Pelletfabriken<\/li>\n<li><strong>Zeugnis<\/strong>:<br \/>\n<blockquote>\n<p data-spm-anchor-id=\"5176.28103460.0.i754.bc984fa5rlZb1k\">\u201eDie Regierung hatte das Abbrennen von Feldern verboten, daher brauchten wir dringend erschwingliche Strohballenpressen. Diese Rundballenpresse l\u00e4uft auf den hier \u00fcblichen 75-PS-Traktoren. Einfache Bedienung \u2013 die Landwirte beherrschten sie nach nur einer Vorf\u00fchrung. Die Wartung ist unkompliziert, und Ersatzteile werden innerhalb von drei Tagen aus Guangzhou geliefert.\u201c<\/p>\n<\/blockquote>\n<p data-spm-anchor-id=\"5176.28103460.0.i754.bc984fa5rlZb1k\">\n<\/li>\n<\/ul>\n<h2><strong>H\u00e4ufig gestellte Fragen<\/strong><\/h2>\n<p><em><strong>F: F\u00fcr welche Feldfr\u00fcchte eignet sich diese Ballenpresse?<\/strong><\/em><\/p>\n<p>A: Die 9YG-2.24D S9000 Classic eignet sich f\u00fcr eine Vielzahl von Feldfr\u00fcchten, darunter Heu (Luzerne, Klee), Stroh (Weizen, Reis) und Biomassematerialien wie Sorghumst\u00e4ngel.<\/p>\n<p><em><strong>F: Welche Traktorleistung wird ben\u00f6tigt?<\/strong><\/em><\/p>\n<p>A: Diese Rundballenpresse arbeitet effizient mit Traktoren im Leistungsbereich von 55 bis 100 kW (75 bis 135 PS).<\/p>\n<p><em><strong>F: Wie hoch ist der Ertrag bei nassem Stroh?<\/strong><\/em><\/p>\n<p>A: Bei N\u00e4sse kann die Leistung schwanken, liegt aber typischerweise zwischen 40 und 60 Ballen pro Stunde aufgrund langsamerer Verarbeitungsgeschwindigkeiten.<\/p>\n<p><em><strong>F: Welche Verbesserungen gibt es im Vergleich zum \u00e4lteren Modell S8000?<\/strong><\/em><\/p>\n<p>A: Im Vergleich zum S8000 zeichnet sich der S9000 Classic durch eine verbesserte Haltbarkeit des Antriebsstrangs, optimierte Hydrauliksysteme und ein erh\u00f6htes Drehmoment im Getriebe aus, was zu einer besseren Leistung in anspruchsvollem Gel\u00e4nde f\u00fchrt.<\/p>\n<p>&nbsp;<\/p>","protected":false},"excerpt":{"rendered":"<p>Diese landwirtschaftliche Rundballenpresse ist eine zuverl\u00e4ssige, gezogene Rundballenpresse, die speziell f\u00fcr Heu, Stroh und Biomasse entwickelt wurde. Mit einer Aufnahmebreite von 2,24 m und sensorgesteuerter Ballendichte produziert sie gleichm\u00e4\u00dfige, netzumwickelte Ballen mit einem Durchmesser von 1,3 m und einer Leistung von 40\u2013100 Ballen pro Stunde.<\/p>","protected":false},"featured_media":288,"template":"","meta":{"_et_pb_use_builder":"","_et_pb_old_content":"","_et_gb_content_width":""},"product_brand":[],"product_cat":[23],"product_tag":[18,19,27],"class_list":{"0":"post-287","1":"product","2":"type-product","3":"status-publish","4":"has-post-thumbnail","6":"product_cat-round-baler","7":"product_tag-agricultural-round-baler","8":"product_tag-round-baler","9":"product_tag-s9000-round-baler","11":"first","12":"instock","13":"shipping-taxable","14":"product-type-simple"},"_links":{"self":[{"href":"https:\/\/agricultural-baler.com\/de\/wp-json\/wp\/v2\/product\/287","targetHints":{"allow":["GET"]}}],"collection":[{"href":"https:\/\/agricultural-baler.com\/de\/wp-json\/wp\/v2\/product"}],"about":[{"href":"https:\/\/agricultural-baler.com\/de\/wp-json\/wp\/v2\/types\/product"}],"wp:featuredmedia":[{"embeddable":true,"href":"https:\/\/agricultural-baler.com\/de\/wp-json\/wp\/v2\/media\/288"}],"wp:attachment":[{"href":"https:\/\/agricultural-baler.com\/de\/wp-json\/wp\/v2\/media?parent=287"}],"wp:term":[{"taxonomy":"product_brand","embeddable":true,"href":"https:\/\/agricultural-baler.com\/de\/wp-json\/wp\/v2\/product_brand?post=287"},{"taxonomy":"product_cat","embeddable":true,"href":"https:\/\/agricultural-baler.com\/de\/wp-json\/wp\/v2\/product_cat?post=287"},{"taxonomy":"product_tag","embeddable":true,"href":"https:\/\/agricultural-baler.com\/de\/wp-json\/wp\/v2\/product_tag?post=287"}],"curies":[{"name":"wp","href":"https:\/\/api.w.org\/{rel}","templated":true}]}}