{"id":218,"date":"2025-11-18T08:42:09","date_gmt":"2025-11-18T08:42:09","guid":{"rendered":"https:\/\/agricultural-baler.com\/?post_type=product&#038;p=218"},"modified":"2025-11-20T03:34:47","modified_gmt":"2025-11-20T03:34:47","slug":"agricultural-round-baler-9yg-2-24d-s9000-beyond-version","status":"publish","type":"product","link":"https:\/\/agricultural-baler.com\/de\/produkt\/landwirtschaftliche-rundballenpresse-9yg-2-24d-s9000-beyond-version\/","title":{"rendered":"Landwirtschaftliche Rundballenpresse \u2013 9YG-2.24D S9000 Beyond Version"},"content":{"rendered":"<h2><strong>Produkt-Highlights<\/strong><\/h2>\n<ol>\n<li><strong>Schnellkupplung<\/strong>Beim Ankuppeln der Ballenpresse an den Traktor l\u00e4sst sich die horizontale Zugstange flexibel auf und ab drehen, sodass der Anh\u00e4ngebolzen des Traktors reibungslos in den Kupplungspunkt einrasten kann.<\/li>\n<li><strong>Reduzierter Wenderadius<\/strong>Das Doppelgetriebe erm\u00f6glicht eine Drehung um 90 Grad nach links und rechts und verbessert so die Man\u00f6vrierf\u00e4higkeit bei Feldwendungen und Richtungswechseln beim Ziehen der Ballenpresse deutlich. Die Kraft\u00fcbertragung muss w\u00e4hrend der Kurvenfahrt nicht unterbrochen werden, was die Bedienung komfortabler macht und die Erm\u00fcdung des Fahrers reduziert. Dar\u00fcber hinaus steigert die Kraft\u00fcbertragung \u00fcber das Getriebe die Gesamteffizienz.<\/li>\n<li><strong>Hohe Stabilit\u00e4t und Langlebigkeit<\/strong>Das Doppelgetriebe ist fest mit dem Zugstangenrahmen verbunden und bietet dadurch eine hervorragende strukturelle Stabilit\u00e4t. Diese Konstruktion verhindert Besch\u00e4digungen der Zugstange oder der Antriebswelle durch Torsionsbeanspruchung beim Betrieb auf unebenem Gel\u00e4nde.<\/li>\n<\/ol>\n<h3><strong data-spm-anchor-id=\"5176.28103460.0.i562.bc984fa5rlZb1k\">Technische Spezifikationen<\/strong><\/h3>\n<div style=\"overflow-x: auto;\">\n<table style=\"max-width: 100%; overflow-x: auto;\" border=\"1\">\n<thead>\n<tr>\n<th>NEIN.<\/th>\n<th>Artikel<\/th>\n<th>Einheit<\/th>\n<th>Spezifikation<\/th>\n<\/tr>\n<\/thead>\n<tbody>\n<tr>\n<td>1<\/td>\n<td>Modellname<\/td>\n<td>\/<\/td>\n<td>9YG-2.24D Rundballenpresse (S9000 Beyond)<\/td>\n<\/tr>\n<tr>\n<td>2<\/td>\n<td>Anh\u00e4ngertyp<\/td>\n<td>\/<\/td>\n<td>Traktor-Zugvorrichtung (Ziehvorrichtung)<\/td>\n<\/tr>\n<tr>\n<td>3<\/td>\n<td>Pickup-Breite<\/td>\n<td>mm<\/td>\n<td>2240<\/td>\n<\/tr>\n<tr>\n<td>4<\/td>\n<td>Pickup-Strukturtyp<\/td>\n<td>\/<\/td>\n<td>Federzahntyp<\/td>\n<\/tr>\n<tr>\n<td>5<\/td>\n<td>F\u00fctterungsmechanismus-Typ<\/td>\n<td>\/<\/td>\n<td>Kamm + Walzentyp<\/td>\n<\/tr>\n<tr>\n<td>6<\/td>\n<td>Presskammer-Ballenmechanismus<\/td>\n<td>\/<\/td>\n<td>Walzentyp<\/td>\n<\/tr>\n<tr>\n<td>7<\/td>\n<td>Kompressionskammerbreite<\/td>\n<td>mm<\/td>\n<td>1400<\/td>\n<\/tr>\n<tr>\n<td>8<\/td>\n<td>Kompressionskammerdurchmesser<\/td>\n<td>mm<\/td>\n<td>\u03a61200<\/td>\n<\/tr>\n<tr>\n<td>9<\/td>\n<td>Anzahl der Verdichtungskomponenten<\/td>\n<td>St\u00fcck<\/td>\n<td>18 (Rollen)<\/td>\n<\/tr>\n<tr>\n<td>10<\/td>\n<td>Verdichtungswalzendurchmesser<\/td>\n<td>mm<\/td>\n<td>\u03a6222<\/td>\n<\/tr>\n<tr>\n<td>11<\/td>\n<td>Ballenpressverfahren<\/td>\n<td>\/<\/td>\n<td>Netzwickel<\/td>\n<\/tr>\n<tr>\n<td>12<\/td>\n<td>Erforderliche Leistung<\/td>\n<td>kW<\/td>\n<td>55\u2013100<\/td>\n<\/tr>\n<tr>\n<td>13<\/td>\n<td>Maschinengewicht<\/td>\n<td>kg<\/td>\n<td>4570<\/td>\n<\/tr>\n<tr>\n<td>14<\/td>\n<td>Zapfwellendrehzahl<\/td>\n<td>r\/min<\/td>\n<td>720<\/td>\n<\/tr>\n<tr>\n<td>15<\/td>\n<td>Gesamtabmessungen (L\u00d7B\u00d7H)<\/td>\n<td>mm<\/td>\n<td>4600 \u00d7 3010 \u00d7 2370 (im Betrieb)<\/td>\n<\/tr>\n<tr>\n<td>16<\/td>\n<td>Ballendichtekontrolle<\/td>\n<td>\/<\/td>\n<td>Sensorgesteuert<\/td>\n<\/tr>\n<tr>\n<td>17<\/td>\n<td>Ballengr\u00f6\u00dfe (Durchmesser \u00d7 Breite)<\/td>\n<td>mm<\/td>\n<td>\u03a61300 \u00d7 1400<\/td>\n<\/tr>\n<tr>\n<td>18<\/td>\n<td>Ballendichte<\/td>\n<td>kg\/m\u00b3<\/td>\n<td>100\u2013200<\/td>\n<\/tr>\n<tr>\n<td>19<\/td>\n<td>Produktionsrate<\/td>\n<td>Ballen\/Stunde<\/td>\n<td>40\u2013100<\/td>\n<\/tr>\n<tr>\n<td>20<\/td>\n<td>Radstand<\/td>\n<td>mm<\/td>\n<td>2600<\/td>\n<\/tr>\n<tr>\n<td>21<\/td>\n<td>Betriebsgeschwindigkeit<\/td>\n<td>km\/h<\/td>\n<td>5\u201335<\/td>\n<\/tr>\n<tr>\n<td>22<\/td>\n<td>Netzgr\u00f6\u00dfe (L\u00e4nge \u00d7 Breite)<\/td>\n<td>\/<\/td>\n<td>2000 \u00d7 1,4 m pro Ballen<\/td>\n<\/tr>\n<\/tbody>\n<\/table>\n<\/div>\n<h2><strong>Wichtigste Innovationen<\/strong><\/h2>\n<p><img loading=\"lazy\" decoding=\"async\" class=\"aligncenter wp-image-220 size-full\" src=\"https:\/\/agricultural-baler.com\/wp-content\/uploads\/2025\/11\/0-9YG-2.24D-baler-2.webp\" alt=\"9YG-2.24D Ballenpresse \" width=\"853\" height=\"718\" srcset=\"https:\/\/agricultural-baler.com\/wp-content\/uploads\/2025\/11\/0-9YG-2.24D-baler-2.webp 853w, https:\/\/agricultural-baler.com\/wp-content\/uploads\/2025\/11\/0-9YG-2.24D-baler-2-480x404.webp 480w\" sizes=\"auto, (min-width: 0px) and (max-width: 480px) 480px, (min-width: 481px) 853px, 100vw\" \/><\/p>\n<h3>Intelligentes Steuerungssystem S9000<\/h3>\n<ul>\n<li>Touchscreen-Benutzeroberfl\u00e4che: Bietet ein intuitives Bedienerlebnis durch die Anzeige des Betriebsstatus in Echtzeit, der B\u00fcndelanzahl und von Fehlercodes und gew\u00e4hrleistet so operative Transparenz und einfache Wartung.<\/li>\n<li>Voreingestellte Dichte und automatische Speicherfunktion: Unterst\u00fctzt drei voreingestellte Dichteoptionen (weich\/mittel\/fest) f\u00fcr unterschiedliche Pflanzenarten. Das System verf\u00fcgt \u00fcber eine automatische Speicherfunktion, die die Benutzereinstellungen speichert und so die Bedienung vereinfacht.<\/li>\n<\/ul>\n<h3>Verbessertes Tonabnehmersystem<\/h3>\n<ul>\n<li>Verst\u00e4rkte Z\u00e4hne + Anti-Verwicklungswalze: Nutzt speziell entwickelte Z\u00e4hne und eine Anti-Verwicklungswalze, um die Herausforderungen bei nassen und ertragreichen Kulturen effektiv zu bew\u00e4ltigen und die Arbeitseffizienz zu verbessern.<\/li>\n<li>Einstellbare Bodenfreiheit der Ladefl\u00e4che: Passt die H\u00f6he der Ladefl\u00e4che an unterschiedliche Gel\u00e4ndebedingungen an, um sich an wechselnde Arbeitsumgebungen anzupassen und einen kontinuierlichen und stabilen Betrieb zu gew\u00e4hrleisten.<\/li>\n<\/ul>\n<h3>Verst\u00e4rkung der Versions\u00fcbertragung<\/h3>\n<ul>\n<li>Verbessertes Doppelgetriebe: Nutzt eine 90\u00b0-Drehung und erreicht eine vollst\u00e4ndig abgedichtete Schmierung, was die mechanische Effizienz und Haltbarkeit verbessert.<\/li>\n<li>Hochleistungs-Universalgelenk + \u00fcberlastgesch\u00fctzter Scherbolzen: Ausgestattet mit einem robusteren Universalgelenk und \u00fcberlastgesch\u00fctzten Scherbolzen zur Vermeidung mechanischer Besch\u00e4digungen, wodurch die Zuverl\u00e4ssigkeit und Sicherheit des Systems erh\u00f6ht werden.<\/li>\n<\/ul>\n<h3>Schnelles Wartungsdesign<\/h3>\n<ul>\n<li>Modularer Knoter: Dank der modularen Bauweise kann das Messer innerhalb von 5 Minuten ausgetauscht werden, wodurch die Ausfallzeiten deutlich reduziert werden.<\/li>\n<li>Zentrale Anordnung der Verschlei\u00dfteile: Die Verschlei\u00dfteile sind zentral angeordnet, um einen einfachen Zugriff zu erm\u00f6glichen. Dies optimiert den Wartungsprozess, erh\u00f6ht die Wartungseffizienz um bis zu 401 TP3T und reduziert Wartungszeit und -kosten.<\/li>\n<\/ul>\n<h2><strong>Anwendungsbereiche: Wo die Rundballenpresse 9YG-2.24D S9000 Beyond au\u00dfergew\u00f6hnliche Leistung erbringt<\/strong><\/h2>\n<p><img loading=\"lazy\" decoding=\"async\" class=\"aligncenter wp-image-94 size-full\" src=\"https:\/\/agricultural-baler.com\/wp-content\/uploads\/2025\/11\/0-baler-application.webp\" alt=\"Ballenpressenanwendung\" width=\"807\" height=\"759\" srcset=\"https:\/\/agricultural-baler.com\/wp-content\/uploads\/2025\/11\/0-baler-application.webp 807w, https:\/\/agricultural-baler.com\/wp-content\/uploads\/2025\/11\/0-baler-application-480x451.webp 480w\" sizes=\"auto, (min-width: 0px) and (max-width: 480px) 480px, (min-width: 481px) 807px, 100vw\" \/><\/p>\n<ol data-spm-anchor-id=\"5176.28103460.0.i575.bc984fa5rlZb1k\">\n<li><strong>Milchvieh- und Rinderzuchtbetriebe \u2013 Premium-Heuballenpressung<\/strong><br \/>\nIdeal f\u00fcr <strong>Rundballenpressenbetrieb<\/strong> In gro\u00dffl\u00e4chigen Milch- und Rindfleischbetrieben verarbeitet diese Maschine Luzerne, Klee und Gras effizient zu hochdichtem, witterungsbest\u00e4ndigem Futter. <strong>Heuballen<\/strong>\u2014um eine gleichbleibende Futterqualit\u00e4t das ganze Jahr \u00fcber zu gew\u00e4hrleisten.<\/li>\n<li>\n<p data-spm-anchor-id=\"5176.28103460.0.i574.bc984fa5rlZb1k\"><strong>Verwertung von Getreideernter\u00fcckst\u00e4nden \u2013 Strohballenpressung nach der Ernte<\/strong><br \/>\nNach der Weizen-, Reis- oder Maisernte, <strong>S9000 Beyond Rundballenpresse<\/strong> Sammelt und verdichtet schnell Strohreste zu gleichm\u00e4\u00dfigem Material <strong>landwirtschaftliche Ballen<\/strong>, wodurch Abf\u00e4lle in wertvolle Biomasse f\u00fcr Einstreu, Biokraftstoffe oder Bodenverbesserungsmittel umgewandelt werden.<\/p>\n<\/li>\n<li><strong>Management von Sonderkulturen \u2013 Ballenpressen von anspruchsvoller Biomasse<\/strong><br \/>\nVon Zuckerrohrspitzen und Rapsst\u00e4ngeln bis hin zu Schilf und Miscanthus, dies <strong>Hochleistungsballenpresse<\/strong> Bew\u00e4ltigt m\u00fchelos z\u00e4he, feuchte oder verfilzte Erntereste \u2013 und ist damit eine Top-Wahl f\u00fcr <strong>Biomasseballenpressung<\/strong> in Energie- und Industrieanwendungen.<\/li>\n<li><strong>Gro\u00dffl\u00e4chige Futterernteunternehmen \u2013 Hocheffiziente Feldoperationen<\/strong><br \/>\nKonzipiert f\u00fcr Bauunternehmer, die Tausende von Hektar Land bewirtschaften, <strong>9YG-2.24D <a href=\"https:\/\/agricultural-baler.com\/de\/\">Rundballenpresse<\/a><\/strong> bietet un\u00fcbertroffene Geschwindigkeit (bis zu 100 Ballen\/Stunde) und Zuverl\u00e4ssigkeit bei intensiver Beanspruchung <strong>Ballenpresssaisonen<\/strong>, wodurch Ausfallzeiten minimiert und der ROI maximiert werden.<\/li>\n<li><strong>Umweltfreundliche Landwirtschaft &amp; CO2-Zertifikatsprogramme<\/strong><br \/>\nDurch die Erm\u00f6glichung effizienter <strong>Strohballensammlung<\/strong> statt Feldbr\u00e4nden, dies <strong>intelligente Rundballenpresse<\/strong> unterst\u00fctzt nachhaltige landwirtschaftliche Praktiken und hilft Landwirten, sich f\u00fcr Umweltanreize und CO2-Zertifikate zu qualifizieren.<\/li>\n<li><strong>Exportorientierte Heuproduzenten \u2013 Erf\u00fcllung internationaler Standards<\/strong><br \/>\nMit pr\u00e4zise <strong>Ballendichtekontrolle<\/strong> und hinsichtlich der Netzverpackungskonsistenz produziert die Maschine Exportqualit\u00e4t <strong>Rundballen aus Heu<\/strong> die in M\u00e4rkten wie Japan, S\u00fcdkorea und dem Nahen Osten strenge Qualit\u00e4tsanforderungen erf\u00fcllen.<\/li>\n<\/ol>\n<p>&nbsp;<\/p>\n<h2 data-spm-anchor-id=\"5176.28103460.0.i580.bc984fa5rlZb1k\"><strong>Zertifizierungen &amp; Konformit\u00e4t<\/strong><\/h2>\n<ul>\n<li><strong>Qualit\u00e4tsmanagementsystem nach ISO 9001<\/strong><br \/>\nZertifiziert f\u00fcr gleichbleibende Produktqualit\u00e4t, Prozesskontrolle und kontinuierliche Verbesserung in Design und Fertigung.<\/li>\n<li><strong>CE-Zertifizierung (optionale Konfiguration)<\/strong><br \/>\nF\u00fcr Modelle, die f\u00fcr den Europ\u00e4ischen Wirtschaftsraum bestimmt sind, sind diese auf Anfrage erh\u00e4ltlich und gew\u00e4hrleisten die Einhaltung der Sicherheitsanforderungen der EU-Maschinenrichtlinie 2006\/42\/EG.<\/li>\n<li><strong>Nationales F\u00f6rderzertifikat f\u00fcr Landmaschinen<\/strong><br \/>\nOffiziell vom chinesischen Ministerium f\u00fcr Landwirtschaft und l\u00e4ndliche Angelegenheiten zugelassen, qualifiziert sich die Ballenpresse f\u00fcr die Aufnahme in nationale und provinzielle Subventionsprogramme.<\/li>\n<li>\n<p data-spm-anchor-id=\"5176.28103460.0.i581.bc984fa5rlZb1k\"><strong>Einhaltung nationaler und internationaler Sicherheitsstandards<\/strong><br \/>\nEntwickelt und getestet, um die chinesischen GB-Standards sowie wichtige Exportmarktbestimmungen (einschlie\u00dflich Russlands EAC, Mongolisches MNS und allgemeine ISO\/EN-Sicherheitsrichtlinien f\u00fcr Landmaschinen) zu erf\u00fcllen.<\/p>\n<\/li>\n<\/ul>\n<p><img loading=\"lazy\" decoding=\"async\" class=\"aligncenter wp-image-73 size-full\" src=\"https:\/\/agricultural-baler.com\/wp-content\/uploads\/2025\/11\/0-certificates-1.webp\" alt=\"Zertifikate\" width=\"1587\" height=\"607\" srcset=\"https:\/\/agricultural-baler.com\/wp-content\/uploads\/2025\/11\/0-certificates-1.webp 1587w, https:\/\/agricultural-baler.com\/wp-content\/uploads\/2025\/11\/0-certificates-1-1280x490.webp 1280w, https:\/\/agricultural-baler.com\/wp-content\/uploads\/2025\/11\/0-certificates-1-980x375.webp 980w, https:\/\/agricultural-baler.com\/wp-content\/uploads\/2025\/11\/0-certificates-1-480x184.webp 480w\" sizes=\"auto, (min-width: 0px) and (max-width: 480px) 480px, (min-width: 481px) and (max-width: 980px) 980px, (min-width: 981px) and (max-width: 1280px) 1280px, (min-width: 1281px) 1587px, 100vw\" \/><\/p>\n<p>&nbsp;<\/p>\n<h3 data-spm-anchor-id=\"5176.28103460.0.i588.bc984fa5rlZb1k\">\u00a0<strong>Kundendienst \u2013 Entwickelt f\u00fcr weltweite Zuverl\u00e4ssigkeit<\/strong><\/h3>\n<ul>\n<li>\n<p data-spm-anchor-id=\"5176.28103460.0.i587.bc984fa5rlZb1k\"><strong>Weltweite Ersatzteillieferung innerhalb von 48 Stunden<\/strong><br \/>\nKritische Verschlei\u00dfteile (Riemen, Messer, Lager, Netzwickelwalzen usw.) werden in regionalen Lagern in Asien, Europa und Amerika vorr\u00e4tig gehalten \u2013 so ist eine Lieferung innerhalb von 48 Stunden nach Auftragsbest\u00e4tigung gew\u00e4hrleistet.<\/p>\n<\/li>\n<li><strong>Mehrsprachiger technischer Fernsupport<\/strong><br \/>\nUnsere erfahrenen Ingenieure bieten Ihnen Unterst\u00fctzung in Echtzeit per Telefon, E-Mail oder Live-Videoanruf in Englisch, Russisch, Spanisch, Portugiesisch und Mongolisch \u2013 damit Sie Probleme schnell l\u00f6sen k\u00f6nnen, auch vor Ort.<\/li>\n<li><strong>Umfassende Schulungsressourcen<\/strong><br \/>\nZugriff auf Abruf <strong>Bedienungsanleitungsvideos<\/strong>, interaktive Anleitungen zur Fehlerbehebung und herunterladbare <strong>digitale Benutzerhandb\u00fccher<\/strong> jederzeit \u00fcber unser Kundenportal oder unsere mobile App.<\/li>\n<li><strong>Optionale Garantieverl\u00e4ngerung (1\u20133 Jahre)<\/strong><br \/>\nW\u00e4hlen Sie flexible, erweiterte Garantiepl\u00e4ne, um Ihre Investition \u00fcber die Standardgarantiezeit hinaus zu sch\u00fctzen \u2013 inklusive Abdeckung wichtiger Komponenten ohne versteckte Kosten.<\/li>\n<\/ul>\n<h2><strong data-spm-anchor-id=\"5176.28103460.0.i592.bc984fa5rlZb1k\">\u00a0Weltweit vertrauen Landwirte der Rundballenpresse S9000 Beyond.<\/strong><\/h2>\n<h4 data-spm-anchor-id=\"5176.28103460.0.i594.bc984fa5rlZb1k\">1.\u00a0<strong>Vereinigte Staaten \u2013 Heuproduzent im Mittleren Westen<\/strong><\/h4>\n<ul data-spm-anchor-id=\"5176.28103460.0.i593.bc984fa5rlZb1k\">\n<li><strong>Kunde<\/strong>James R. Thompson, Inhaber der Thompson Family Farms<\/li>\n<li><strong>Standort<\/strong>Iowa, USA<\/li>\n<li><strong>Kaufdatum<\/strong>: Mai 2024<\/li>\n<li><strong>Gekaufte Einheiten<\/strong>: 2 Einheiten<\/li>\n<li><strong>Anwendung<\/strong>Ballenpressung von Luzerne und Timotheegras f\u00fcr Milchviehfutter und Export<\/li>\n<li><strong>Zeugnis<\/strong>:<br \/>\n<blockquote><p>\u201eWir haben im Laufe der Jahre drei chinesische Ballenpressen getestet \u2013 diese hier ist die erste, die in unserer ersten Saison \u00fcber 1.200 Ballen ohne einen einzigen Ausfall problemlos bew\u00e4ltigt hat. Die Netzwicklung ist gleichm\u00e4\u00dfig, und der Touchscreen erm\u00f6glicht eine m\u00fchelose Dichtekontrolle. F\u00fcr den Preis \u00fcbertrifft sie Maschinen, die doppelt so viel kosten.\u201c<\/p><\/blockquote>\n<p><img loading=\"lazy\" decoding=\"async\" class=\"aligncenter wp-image-215 size-full\" src=\"https:\/\/agricultural-baler.com\/wp-content\/uploads\/2025\/11\/0-application-baler-1.webp\" alt=\"Anwendungsballenpresse\" width=\"600\" height=\"400\" srcset=\"https:\/\/agricultural-baler.com\/wp-content\/uploads\/2025\/11\/0-application-baler-1.webp 600w, https:\/\/agricultural-baler.com\/wp-content\/uploads\/2025\/11\/0-application-baler-1-480x320.webp 480w\" sizes=\"auto, (min-width: 0px) and (max-width: 480px) 480px, (min-width: 481px) 600px, 100vw\" \/><\/li>\n<\/ul>\n<hr \/>\n<h4>2.\u00a0<strong>Brasilien \u2013 Gro\u00dffl\u00e4chiger Auftragnehmer f\u00fcr Soja- und Maisreststoffe<\/strong><\/h4>\n<ul>\n<li><strong>Kunde<\/strong>: AgroM\u00e1q Servi\u00e7os Agr\u00edcolas Ltda.<\/li>\n<li><strong>Standort<\/strong>Mato Grosso, Brasilien<\/li>\n<li><strong>Kaufdatum<\/strong>: M\u00e4rz 2024<\/li>\n<li><strong>Gekaufte Einheiten<\/strong>5 Einheiten<\/li>\n<li><strong>Anwendung<\/strong>Pressen von Maisstroh und Sojabohnenstroh f\u00fcr Biomassekraftwerke<\/li>\n<li><strong>Zeugnis<\/strong>:<br \/>\n<blockquote><p>\u201eUnsere alten europ\u00e4ischen Ballenpressen verstopften bei hoher Luftfeuchtigkeit st\u00e4ndig. Die Anti-Wrap-Aufnahme und die verst\u00e4rkten Walzen der S9000 haben alles ver\u00e4ndert. Wir produzieren jetzt w\u00e4hrend der Ernte 14 Stunden am Tag mit minimalen Ausfallzeiten. Amortisation in unter 8 Monaten.\u201c<\/p><\/blockquote>\n<\/li>\n<\/ul>\n<hr \/>\n<h4>3.\u00a0<strong>Russland \u2013 Sibirische Milchgenossenschaft<\/strong><\/h4>\n<ul>\n<li><strong>Kunde<\/strong>: OOO 'AgroSib Korm' (Sibirische Futtermittelgenossenschaft)<\/li>\n<li><strong>Standort<\/strong>Region Nowosibirsk, Russland<\/li>\n<li><strong>Kaufdatum<\/strong>Juni 2024<\/li>\n<li><strong>Gekaufte Einheiten<\/strong>3 Einheiten<\/li>\n<li><strong>Anwendung<\/strong>Heuballenpressung f\u00fcr die Winterf\u00fctterung von Rindern<\/li>\n<li><strong>Zeugnis<\/strong>:<br \/>\n<blockquote><p>\u201eSelbst bei -5 \u00b0C am Morgen funktionieren Getriebe und Zapfwelle einwandfrei. Die 90\u00b0-Wendefunktion ist auf unseren kleinen Feldern ein echter Gewinn. Wir haben sie zwei benachbarten Betrieben empfohlen \u2013 und diese haben bereits bestellt.\u201c<\/p><\/blockquote>\n<h2><strong><img loading=\"lazy\" decoding=\"async\" class=\"aligncenter wp-image-222 size-full\" src=\"https:\/\/agricultural-baler.com\/wp-content\/uploads\/2025\/11\/0-9YG-2.24D-baler-3.webp\" alt=\"9YG-2.24D Ballenpresse \" width=\"600\" height=\"400\" srcset=\"https:\/\/agricultural-baler.com\/wp-content\/uploads\/2025\/11\/0-9YG-2.24D-baler-3.webp 600w, https:\/\/agricultural-baler.com\/wp-content\/uploads\/2025\/11\/0-9YG-2.24D-baler-3-480x320.webp 480w\" sizes=\"auto, (min-width: 0px) and (max-width: 480px) 480px, (min-width: 481px) 600px, 100vw\" \/><\/strong><\/h2>\n<\/li>\n<\/ul>\n<hr \/>\n<h4>4.\u00a0<strong>Australien \u2013 Gemischter Ackerbau- und Viehzuchtbetrieb<\/strong><\/h4>\n<ul>\n<li><strong>Kunde<\/strong>Sarah &amp; Mark Jenkins, \u201eWheatridge Farm\u201c<\/li>\n<li><strong>Standort<\/strong>New South Wales, Australien<\/li>\n<li><strong>Kaufdatum<\/strong>Oktober 2024<\/li>\n<li><strong>Gekaufte Einheiten<\/strong>: 1 Einheit<\/li>\n<li><strong>Anwendung<\/strong>: Pressung von Weizenstrohballen f\u00fcr Schafstreu und Export nach Japan<\/li>\n<li><strong>Zeugnis<\/strong>:<br \/>\n<blockquote><p>\u201eNach der Vorf\u00fchrung durch unseren lokalen H\u00e4ndler waren wir skeptisch \u2013 aber die Ballendichtekontrolle ist absolut pr\u00e4zise. Japanische K\u00e4ufer waren begeistert von der gleichm\u00e4\u00dfigen Form und der dichten Netzwicklung. Au\u00dferdem trafen die Ersatzteile aus dem Logistikzentrum in Singapur innerhalb von nur zwei Tagen ein, als wir ein Ersatzmesser ben\u00f6tigten.\u201c<\/p><\/blockquote>\n<p>&nbsp;<\/li>\n<\/ul>","protected":false},"excerpt":{"rendered":"<p>Die 9YG-2.24D S9000 Beyond ist eine landwirtschaftliche Rundballenpresse, die f\u00fcr landwirtschaftliche Betriebe weltweit konzipiert wurde und in der Lage ist, Heu, Stroh und Biomasse unter verschiedensten Bedingungen zu verarbeiten, von den feuchten Feldern Brasiliens bis zu den kalten Weiden Sibiriens.<\/p>","protected":false},"featured_media":219,"template":"","meta":{"_et_pb_use_builder":"","_et_pb_old_content":"","_et_gb_content_width":""},"product_brand":[],"product_cat":[23],"product_tag":[20,18,19,27],"class_list":{"0":"post-218","1":"product","2":"type-product","3":"status-publish","4":"has-post-thumbnail","6":"product_cat-round-baler","7":"product_tag-agricultural-baler","8":"product_tag-agricultural-round-baler","9":"product_tag-round-baler","10":"product_tag-s9000-round-baler","12":"first","13":"instock","14":"shipping-taxable","15":"product-type-simple"},"_links":{"self":[{"href":"https:\/\/agricultural-baler.com\/de\/wp-json\/wp\/v2\/product\/218","targetHints":{"allow":["GET"]}}],"collection":[{"href":"https:\/\/agricultural-baler.com\/de\/wp-json\/wp\/v2\/product"}],"about":[{"href":"https:\/\/agricultural-baler.com\/de\/wp-json\/wp\/v2\/types\/product"}],"wp:featuredmedia":[{"embeddable":true,"href":"https:\/\/agricultural-baler.com\/de\/wp-json\/wp\/v2\/media\/219"}],"wp:attachment":[{"href":"https:\/\/agricultural-baler.com\/de\/wp-json\/wp\/v2\/media?parent=218"}],"wp:term":[{"taxonomy":"product_brand","embeddable":true,"href":"https:\/\/agricultural-baler.com\/de\/wp-json\/wp\/v2\/product_brand?post=218"},{"taxonomy":"product_cat","embeddable":true,"href":"https:\/\/agricultural-baler.com\/de\/wp-json\/wp\/v2\/product_cat?post=218"},{"taxonomy":"product_tag","embeddable":true,"href":"https:\/\/agricultural-baler.com\/de\/wp-json\/wp\/v2\/product_tag?post=218"}],"curies":[{"name":"wp","href":"https:\/\/api.w.org\/{rel}","templated":true}]}}